{"id":40845,"date":"2021-09-02T18:24:39","date_gmt":"2021-09-02T16:24:39","guid":{"rendered":"https:\/\/svetslik.si\/senza-categoria\/farm-garden-with-crucifix\/"},"modified":"2026-03-22T22:01:15","modified_gmt":"2026-03-22T21:01:15","slug":"farm-garden-with-crucifix","status":"publish","type":"product","link":"https:\/\/svetslik.si\/it\/gustav-klimt\/farm-garden-with-crucifix\/","title":{"rendered":"Gustav Klimt &#8211; Farm Garden with Crucifix"},"content":{"rendered":"<div class=\"wpb-content-wrapper\">[vc_row][vc_column][vc_column_text css=&#8221;&#8221;]\n<p data-pm-slice=\"1 1 []\"><div class=\"yt-lazy-video ratio-square\" data-id=\"HQsAbKgLeZs\"><\/div>\n[\/vc_column][\/vc_row][vc_row css=&#8221;.vc_custom_1714248151655{margin-bottom: 10px !important;}&#8221;][vc_column]\t<div class=\"et-image-717 et-image     et_image_link\">\n\t\t<div class=\"et-image-inner \">\n\t\t\t\t\t\t\t<div class=\"et-image-thumb \">\n\t\t\t\t\t<img decoding=\"async\" width=\"1000\" height=\"1004\" src=\"https:\/\/svetslik.si\/wp-content\/uploads\/2021\/09\/Gustav-Klimt-Farm-Garden-with-crucifix-reprodukcija1.jpg\" class=\"attachment-full\" alt=\"Gustav Klimt - Farm Garden with Crucifix\" title=\"Gustav Klimt - Farm Garden with Crucifix\" srcset=\"https:\/\/svetslik.si\/wp-content\/uploads\/2021\/09\/Gustav-Klimt-Farm-Garden-with-crucifix-reprodukcija1.jpg 1000w, https:\/\/svetslik.si\/wp-content\/uploads\/2021\/09\/Gustav-Klimt-Farm-Garden-with-crucifix-reprodukcija1-600x602.jpg 600w, https:\/\/svetslik.si\/wp-content\/uploads\/2021\/09\/Gustav-Klimt-Farm-Garden-with-crucifix-reprodukcija1-100x100.jpg 100w, https:\/\/svetslik.si\/wp-content\/uploads\/2021\/09\/Gustav-Klimt-Farm-Garden-with-crucifix-reprodukcija1-300x300.jpg 300w, https:\/\/svetslik.si\/wp-content\/uploads\/2021\/09\/Gustav-Klimt-Farm-Garden-with-crucifix-reprodukcija1-150x150.jpg 150w, https:\/\/svetslik.si\/wp-content\/uploads\/2021\/09\/Gustav-Klimt-Farm-Garden-with-crucifix-reprodukcija1-768x771.jpg 768w, https:\/\/svetslik.si\/wp-content\/uploads\/2021\/09\/Gustav-Klimt-Farm-Garden-with-crucifix-reprodukcija1-900x904.jpg 900w\" sizes=\"(max-width: 1000px) 100vw, 1000px\" \/>\t\t\t\t<\/div>\n\t\t\t\t\t\t\t\t\t\t\t<\/div>\n\t<\/div>\n  [\/vc_column][\/vc_row][vc_row css=&#8221;.vc_custom_1714248151655{margin-bottom: 10px !important;}&#8221;][vc_column]\t<div class=\"et-image-375 et-image     et_image_link\">\n\t\t<div class=\"et-image-inner \">\n\t\t\t\t\t\t\t<div class=\"et-image-thumb \">\n\t\t\t\t\t<img decoding=\"async\" width=\"1000\" height=\"1314\" src=\"https:\/\/svetslik.si\/wp-content\/uploads\/2021\/09\/Gustav-Klimt-Farm-Garden-with-crucifix-reprodukcija.jpg\" class=\"attachment-full\" alt=\"Gustav Klimt - Farm Garden with Crucifix\" title=\"Gustav Klimt - Farm Garden with Crucifix\" srcset=\"https:\/\/svetslik.si\/wp-content\/uploads\/2021\/09\/Gustav-Klimt-Farm-Garden-with-crucifix-reprodukcija.jpg 1000w, https:\/\/svetslik.si\/wp-content\/uploads\/2021\/09\/Gustav-Klimt-Farm-Garden-with-crucifix-reprodukcija-600x788.jpg 600w, https:\/\/svetslik.si\/wp-content\/uploads\/2021\/09\/Gustav-Klimt-Farm-Garden-with-crucifix-reprodukcija-228x300.jpg 228w, https:\/\/svetslik.si\/wp-content\/uploads\/2021\/09\/Gustav-Klimt-Farm-Garden-with-crucifix-reprodukcija-779x1024.jpg 779w, https:\/\/svetslik.si\/wp-content\/uploads\/2021\/09\/Gustav-Klimt-Farm-Garden-with-crucifix-reprodukcija-768x1009.jpg 768w, https:\/\/svetslik.si\/wp-content\/uploads\/2021\/09\/Gustav-Klimt-Farm-Garden-with-crucifix-reprodukcija-114x150.jpg 114w, https:\/\/svetslik.si\/wp-content\/uploads\/2021\/09\/Gustav-Klimt-Farm-Garden-with-crucifix-reprodukcija-900x1183.jpg 900w\" sizes=\"(max-width: 1000px) 100vw, 1000px\" \/>\t\t\t\t<\/div>\n\t\t\t\t\t\t\t\t\t\t\t<\/div>\n\t<\/div>\n  [\/vc_column][\/vc_row][vc_row css=&#8221;.vc_custom_1714248151655{margin-bottom: 10px !important;}&#8221;][vc_column]\t<div class=\"et-image-940 et-image     et_image_link\">\n\t\t<div class=\"et-image-inner \">\n\t\t\t\t\t\t\t<div class=\"et-image-thumb \">\n\t\t\t\t\t<img decoding=\"async\" width=\"1000\" height=\"709\" src=\"https:\/\/svetslik.si\/wp-content\/uploads\/2021\/09\/Gustav-Klimt-Farm-Garden-with-crucifix-reprodukcija4.jpg\" class=\"attachment-full\" alt=\"Gustav Klimt - Farm Garden with Crucifix\" title=\"Gustav Klimt - Farm Garden with Crucifix\" srcset=\"https:\/\/svetslik.si\/wp-content\/uploads\/2021\/09\/Gustav-Klimt-Farm-Garden-with-crucifix-reprodukcija4.jpg 1000w, https:\/\/svetslik.si\/wp-content\/uploads\/2021\/09\/Gustav-Klimt-Farm-Garden-with-crucifix-reprodukcija4-600x425.jpg 600w, https:\/\/svetslik.si\/wp-content\/uploads\/2021\/09\/Gustav-Klimt-Farm-Garden-with-crucifix-reprodukcija4-300x213.jpg 300w, https:\/\/svetslik.si\/wp-content\/uploads\/2021\/09\/Gustav-Klimt-Farm-Garden-with-crucifix-reprodukcija4-768x545.jpg 768w, https:\/\/svetslik.si\/wp-content\/uploads\/2021\/09\/Gustav-Klimt-Farm-Garden-with-crucifix-reprodukcija4-150x106.jpg 150w, https:\/\/svetslik.si\/wp-content\/uploads\/2021\/09\/Gustav-Klimt-Farm-Garden-with-crucifix-reprodukcija4-900x638.jpg 900w\" sizes=\"(max-width: 1000px) 100vw, 1000px\" \/>\t\t\t\t<\/div>\n\t\t\t\t\t\t\t\t\t\t\t<\/div>\n\t<\/div>\n  [\/vc_column][\/vc_row][vc_row css=&#8221;.vc_custom_1714248151655{margin-bottom: 10px !important;}&#8221;][vc_column]\t<div class=\"et-image-488 et-image     et_image_link\">\n\t\t<div class=\"et-image-inner \">\n\t\t\t\t\t\t\t<div class=\"et-image-thumb \">\n\t\t\t\t\t<img decoding=\"async\" width=\"1000\" height=\"563\" src=\"https:\/\/svetslik.si\/wp-content\/uploads\/2021\/09\/Gustav-Klimt-Farm-Garden-with-crucifix-reprodukcija2.jpg\" class=\"attachment-full\" alt=\"Gustav Klimt - Farm Garden with Crucifix\" title=\"Gustav Klimt - Farm Garden with Crucifix\" srcset=\"https:\/\/svetslik.si\/wp-content\/uploads\/2021\/09\/Gustav-Klimt-Farm-Garden-with-crucifix-reprodukcija2.jpg 1000w, https:\/\/svetslik.si\/wp-content\/uploads\/2021\/09\/Gustav-Klimt-Farm-Garden-with-crucifix-reprodukcija2-600x338.jpg 600w, https:\/\/svetslik.si\/wp-content\/uploads\/2021\/09\/Gustav-Klimt-Farm-Garden-with-crucifix-reprodukcija2-300x169.jpg 300w, https:\/\/svetslik.si\/wp-content\/uploads\/2021\/09\/Gustav-Klimt-Farm-Garden-with-crucifix-reprodukcija2-768x432.jpg 768w, https:\/\/svetslik.si\/wp-content\/uploads\/2021\/09\/Gustav-Klimt-Farm-Garden-with-crucifix-reprodukcija2-150x84.jpg 150w, https:\/\/svetslik.si\/wp-content\/uploads\/2021\/09\/Gustav-Klimt-Farm-Garden-with-crucifix-reprodukcija2-900x507.jpg 900w\" sizes=\"(max-width: 1000px) 100vw, 1000px\" \/>\t\t\t\t<\/div>\n\t\t\t\t\t\t\t\t\t\t\t<\/div>\n\t<\/div>\n  [\/vc_column][\/vc_row][vc_row][vc_column][vc_column_text]\n<h1>Gustav Klimt &#8211; Giardino della fattoria con crocifisso<\/h1>\n<p>&nbsp;<\/p>\n<table border=\"0\" width=\"593\" cellspacing=\"0\" cellpadding=\"0\">\n<tbody>\n<tr>\n<td height=\"21\">Anno di creazione:<\/td>\n<td style=\"width: 439px;\">1911-1912<\/td>\n<\/tr>\n<tr>\n<td height=\"21\">Dimensione originale:<\/td>\n<td style=\"width: 439px;\">110 cm x 110 cm<\/td>\n<\/tr>\n<tr>\n<td height=\"21\">Stile colore:<\/td>\n<td style=\"width: 439px;\">Secessione<\/td>\n<\/tr>\n<tr>\n<td height=\"21\">Tecnica originale:<\/td>\n<td style=\"width: 439px;\">Olio su tela<\/td>\n<\/tr>\n<tr>\n<td height=\"21\">Situato:<\/td>\n<td style=\"width: 439px;\">Originale distrutto nel 1945<\/td>\n<\/tr>\n<\/tbody>\n<colgroup>\n<col \/>\n<col \/> <\/colgroup>\n<\/table>\n<p>La composizione dell&#8217;olio su tela <em>Farm Garden with Crucifix<\/em> \u00e8 semplice, le linee sono naturali. Tuttavia, l&#8217;immagine \u00e8 ricca di dettagli e trasmette un&#8217;atmosfera meravigliosa. Il vecchio edificio sfocato sullo sfondo dell&#8217;olio su tela e la crescita eccessiva della croce con fiori e vegetazione evoca la sensazione che Klimt si sia imbattuto in questo pezzo di propriet\u00e0, intatto per molti anni.[\/vc_column_text][\/vc_column][\/vc_row][vc_row][vc_column][vc_column_text]&#8221;Il giardino del contadino con un crocifisso&#8221;, dipinto nel 1910 dall&#8217;artista austriaco Gustav Klimt, \u00e8 considerato una delle opere pi\u00f9 provocatorie e controverse dell&#8217;artista. Il dipinto raffigura un giardino agricolo ricco di vegetazione lussureggiante e un grande crocifisso al centro della composizione. Il crocifisso \u00e8 il fulcro principale del dipinto ed \u00e8 raffigurato in una forma altamente stilizzata, semplificata e quasi astratta.<\/p>\n<p>Il dipinto \u00e8 un eccellente esempio dello stile Art Nouveau di Klimt, caratterizzato dall&#8217;uso di motivi elaborati, colori audaci e temi sensuali. Il crocifisso \u00e8 raffigurato in maniera altamente stilizzata, con arti allungati e lineamenti semplificati, conferendo all&#8217;immagine una qualit\u00e0 ultraterrena e onirica.<\/p>\n<p>Una delle caratteristiche pi\u00f9 sorprendenti di &#8220;Farm Garden with Crucifix&#8221; \u00e8 l&#8217;uso di colori audaci e motivi intricati. Il dipinto \u00e8 un tripudio di colori, con il crocifisso, lo sfondo e gli elementi decorativi costituiti da motivi vorticosi e intrecciati. L&#8217;uso del colore e del motivo crea un senso di movimento e fluidit\u00e0, che \u00e8 appropriato dato il tema della spiritualit\u00e0 e della natura del dipinto.<\/p>\n<p>Anche il simbolismo del dipinto \u00e8 ricco. Il crocifisso nella quadro \u00e8 un simbolo del cristianesimo e del sacrificio di Ges\u00f9 Cristo. La vegetazione lussureggiante e gli elementi decorativi nel dipinto potrebbero rappresentare una connessione tra natura e spiritualit\u00e0. Tuttavia, il dipinto ha ricevuto critiche per la sua rappresentazione della crocifissione, poich\u00e9 alcuni lo consideravano blasfemo e irrispettoso.<\/p>\n<p>Il dipinto non \u00e8 stato ben accolto dalla critica quando \u00e8 stato esposto per la prima volta e da allora \u00e8 diventato una delle opere pi\u00f9 controverse di Klimt. Attualmente \u00e8 conservato nel Leopold Museum di Vienna, in Austria.<\/p>\n<p>Tutto sommato, &#8220;Farmhouse Garden with Crucifix&#8221; \u00e8 un dipinto stimolante e controverso che mostra i motivi riccamente decorati, i colori audaci e il tema sensuale che sono i tratti distintivi dello stile art nouveau di Gustav Klimt. L&#8217;uso del colore e del motivo nel dipinto crea un senso di movimento e fluidit\u00e0, mentre il crocifisso simboleggia il cristianesimo e il sacrificio di Ges\u00f9 Cristo. La rappresentazione della crocifissione nel dipinto non \u00e8 stata ben accolta dalla critica e rimane una delle opere pi\u00f9 controverse di Klimt. Attualmente \u00e8 conservato nel Leopold Museum di Vienna, in Austria.[\/vc_column_text][\/vc_column][\/vc_row]\n<\/div>","protected":false},"excerpt":{"rendered":"<p>[vc_row][vc_column][vc_column_text css=&#8221;&#8221;] [\/vc_column][\/vc_row][vc_row css=&#8221;.vc_custom_1714248151655{margin-bottom: 10px !important;}&#8221;][vc_column][\/vc_column][\/vc_row][vc_row css=&#8221;.vc_custom_1714248151655{margin-bottom: 10px !important;}&#8221;][vc_column][\/vc_column][\/vc_row][vc_row css=&#8221;.vc_custom_1714248151655{margin-bottom: 10px !important;}&#8221;][vc_column][\/vc_column][\/vc_row][vc_row css=&#8221;.vc_custom_1714248151655{margin-bottom: 10px !important;}&#8221;][vc_column][\/vc_column][\/vc_row][vc_row][vc_column][vc_column_text] Gustav Klimt &#8211; Giardino della fattoria con crocifisso &nbsp; Anno di creazione: 1911-1912 Dimensione originale: 110 cm x 110 cm Stile colore: Secessione Tecnica originale: Olio su tela Situato: Originale distrutto nel 1945 La composizione [&hellip;]<\/p>\n","protected":false},"featured_media":94365,"template":"","meta":{"_acf_changed":false},"product_brand":[],"product_cat":[4182],"product_tag":[4220,4224,4246,4245,4253],"class_list":{"0":"post-40845","1":"product","2":"type-product","3":"status-publish","4":"has-post-thumbnail","6":"product_cat-gustav-klimt","7":"product_tag-gustav-klimt-it","8":"product_tag-klimt-it","9":"product_tag-riproduzione-it","10":"product_tag-riproduzione","11":"product_tag-un-pittore","12":"pa_dimenzija-100-x-100-cm-it","13":"pa_dimenzija-110-x-110-cm-it","14":"pa_dimenzija-120-x-120-cm-it","15":"pa_dimenzija-150-x-150-cm-it","16":"pa_dimenzija-60-x-60-cm-it","17":"pa_dimenzija-70-x-70-cm-it","18":"pa_dimenzija-80-x-80-cm-it","19":"pa_dimenzija-90-x-90-cm-it","20":"pa_oblika-quadrata","21":"pa_okvir-sensa-cornice","22":"pa_podokvir-no","23":"pa_podokvir-si","25":"first","26":"onbackorder","27":"purchasable","28":"product-type-variable","29":"has-default-attributes"},"acf":[],"yoast_head":"<!-- This site is optimized with the Yoast SEO Premium plugin v26.0 (Yoast SEO v27.2) - https:\/\/yoast.com\/product\/yoast-seo-premium-wordpress\/ -->\n<title>Gustav Klimt - Farm Garden with Crucifix - SVETSLIK.SI - Dipinti a mano al 100%<\/title>\n<meta name=\"description\" content=\"Gustav Klimt - Farm Garden with Crucifix - Riproduzioni di quadri d&#039;arte dipinte a mano al 100% su tela. Cornici per quadri, vendita e produzione di dimensioni su ordinazione.\" \/>\n<meta name=\"robots\" content=\"index, follow, max-snippet:-1, max-image-preview:large, max-video-preview:-1\" \/>\n<link rel=\"canonical\" href=\"https:\/\/svetslik.si\/it\/gustav-klimt\/farm-garden-with-crucifix\/\" \/>\n<meta property=\"og:locale\" content=\"it_IT\" \/>\n<meta property=\"og:type\" content=\"article\" \/>\n<meta property=\"og:title\" content=\"Gustav Klimt - Farm Garden with Crucifix\" \/>\n<meta property=\"og:description\" content=\"100% ro\u010dno naslikane slike na platnu, reprodukcije znanih slikarjev in umetni\u0161ke slike po naro\u010dilu.\" \/>\n<meta property=\"og:url\" content=\"https:\/\/svetslik.si\/it\/gustav-klimt\/farm-garden-with-crucifix\/\" \/>\n<meta property=\"og:site_name\" content=\"SVETSLIK.SI\" \/>\n<meta property=\"article:publisher\" content=\"https:\/\/www.facebook.com\/svetslik.si\" \/>\n<meta property=\"article:modified_time\" content=\"2026-03-22T21:01:15+00:00\" \/>\n<meta property=\"og:image\" content=\"https:\/\/svetslik.si\/wp-content\/uploads\/2021\/09\/Reprodukcija-slike-Gustav-Klimt-Farm-Garden-With-Crucifix.jpeg\" \/>\n\t<meta property=\"og:image:width\" content=\"1000\" \/>\n\t<meta property=\"og:image:height\" content=\"1000\" \/>\n\t<meta property=\"og:image:type\" content=\"image\/jpeg\" \/>\n<meta name=\"twitter:card\" content=\"summary_large_image\" \/>\n<meta name=\"twitter:site\" content=\"@svetslik\" \/>\n<meta name=\"twitter:label1\" content=\"Disponibilit\u00e0\" \/>\n\t<meta name=\"twitter:data1\" content=\"Su ordinazione\" \/>\n<script type=\"application\/ld+json\" class=\"yoast-schema-graph\">{\"@context\":\"https:\/\/schema.org\",\"@graph\":[{\"@type\":[\"WebPage\",\"ItemPage\"],\"@id\":\"https:\/\/svetslik.si\/it\/gustav-klimt\/farm-garden-with-crucifix\/\",\"url\":\"https:\/\/svetslik.si\/it\/gustav-klimt\/farm-garden-with-crucifix\/\",\"name\":\"Gustav Klimt - Farm Garden with Crucifix - SVETSLIK.SI - Dipinti a mano al 100%\",\"isPartOf\":{\"@id\":\"https:\/\/svetslik.si\/it\/#website\"},\"primaryImageOfPage\":{\"@id\":\"https:\/\/svetslik.si\/it\/gustav-klimt\/farm-garden-with-crucifix\/#primaryimage\"},\"image\":{\"@id\":\"https:\/\/svetslik.si\/it\/gustav-klimt\/farm-garden-with-crucifix\/#primaryimage\"},\"thumbnailUrl\":\"https:\/\/svetslik.si\/wp-content\/uploads\/2021\/09\/Reprodukcija-slike-Gustav-Klimt-Farm-Garden-With-Crucifix.jpeg\",\"datePublished\":\"2021-09-02T16:24:39+00:00\",\"dateModified\":\"2026-03-22T21:01:15+00:00\",\"description\":\"Gustav Klimt - Farm Garden with Crucifix - Riproduzioni di quadri d'arte dipinte a mano al 100% su tela. Cornici per quadri, vendita e produzione di dimensioni su ordinazione.\",\"breadcrumb\":{\"@id\":\"https:\/\/svetslik.si\/it\/gustav-klimt\/farm-garden-with-crucifix\/#breadcrumb\"},\"inLanguage\":\"it-IT\",\"potentialAction\":[{\"@type\":\"ReadAction\",\"target\":[\"https:\/\/svetslik.si\/it\/gustav-klimt\/farm-garden-with-crucifix\/\"]}]},{\"@type\":\"ImageObject\",\"inLanguage\":\"it-IT\",\"@id\":\"https:\/\/svetslik.si\/it\/gustav-klimt\/farm-garden-with-crucifix\/#primaryimage\",\"url\":\"https:\/\/svetslik.si\/wp-content\/uploads\/2021\/09\/Reprodukcija-slike-Gustav-Klimt-Farm-Garden-With-Crucifix.jpeg\",\"contentUrl\":\"https:\/\/svetslik.si\/wp-content\/uploads\/2021\/09\/Reprodukcija-slike-Gustav-Klimt-Farm-Garden-With-Crucifix.jpeg\",\"width\":1000,\"height\":1000,\"caption\":\"Reprodukcija slike Gustav Klimt - Farm Garden With Crucifix\"},{\"@type\":\"BreadcrumbList\",\"@id\":\"https:\/\/svetslik.si\/it\/gustav-klimt\/farm-garden-with-crucifix\/#breadcrumb\",\"itemListElement\":[{\"@type\":\"ListItem\",\"position\":1,\"name\":\"Fali m\u0171v\u00e9szet \u00e9s festm\u00e9nyek v\u00e1szonra\",\"item\":\"https:\/\/svetslik.si\/it\/\"},{\"@type\":\"ListItem\",\"position\":2,\"name\":\"Vendita di dipinti\",\"item\":\"https:\/\/svetslik.si\/prodaja-slik\/\"},{\"@type\":\"ListItem\",\"position\":3,\"name\":\"Gustav Klimt &#8211; Farm Garden with Crucifix\"}]},{\"@type\":\"WebSite\",\"@id\":\"https:\/\/svetslik.si\/it\/#website\",\"url\":\"https:\/\/svetslik.si\/it\/\",\"name\":\"SVETSLIK.SI\",\"description\":\"100% riproduzioni dipinte a mano di quadri di pittori famosi e dipinti su tela.\",\"publisher\":{\"@id\":\"https:\/\/svetslik.si\/it\/#organization\"},\"potentialAction\":[{\"@type\":\"SearchAction\",\"target\":{\"@type\":\"EntryPoint\",\"urlTemplate\":\"https:\/\/svetslik.si\/it\/?s={search_term_string}\"},\"query-input\":{\"@type\":\"PropertyValueSpecification\",\"valueRequired\":true,\"valueName\":\"search_term_string\"}}],\"inLanguage\":\"it-IT\"},{\"@type\":\"Organization\",\"@id\":\"https:\/\/svetslik.si\/it\/#organization\",\"name\":\"SvetSlik.si\",\"url\":\"https:\/\/svetslik.si\/it\/\",\"logo\":{\"@type\":\"ImageObject\",\"inLanguage\":\"it-IT\",\"@id\":\"https:\/\/svetslik.si\/it\/#\/schema\/logo\/image\/\",\"url\":\"https:\/\/svetslik.si\/wp-content\/uploads\/2020\/12\/logo-512.png\",\"contentUrl\":\"https:\/\/svetslik.si\/wp-content\/uploads\/2020\/12\/logo-512.png\",\"width\":512,\"height\":512,\"caption\":\"SvetSlik.si\"},\"image\":{\"@id\":\"https:\/\/svetslik.si\/it\/#\/schema\/logo\/image\/\"},\"sameAs\":[\"https:\/\/www.facebook.com\/svetslik.si\",\"https:\/\/x.com\/svetslik\",\"https:\/\/www.instagram.com\/svetslik.si\/\",\"https:\/\/www.linkedin.com\/company\/svetslik-si\"]}]}<\/script>\n<meta property=\"og:availability\" content=\"backorder\" \/>\n<meta property=\"product:availability\" content=\"available for order\" \/>\n<meta property=\"product:retailer_item_id\" content=\"563__\" \/>\n<meta property=\"product:condition\" content=\"new\" \/>\n<!-- \/ Yoast SEO Premium plugin. -->","yoast_head_json":{"title":"Gustav Klimt - Farm Garden with Crucifix - SVETSLIK.SI - Dipinti a mano al 100%","description":"Gustav Klimt - Farm Garden with Crucifix - Riproduzioni di quadri d'arte dipinte a mano al 100% su tela. Cornici per quadri, vendita e produzione di dimensioni su ordinazione.","robots":{"index":"index","follow":"follow","max-snippet":"max-snippet:-1","max-image-preview":"max-image-preview:large","max-video-preview":"max-video-preview:-1"},"canonical":"https:\/\/svetslik.si\/it\/gustav-klimt\/farm-garden-with-crucifix\/","og_locale":"it_IT","og_type":"article","og_title":"Gustav Klimt - Farm Garden with Crucifix","og_description":"100% ro\u010dno naslikane slike na platnu, reprodukcije znanih slikarjev in umetni\u0161ke slike po naro\u010dilu.","og_url":"https:\/\/svetslik.si\/it\/gustav-klimt\/farm-garden-with-crucifix\/","og_site_name":"SVETSLIK.SI","article_publisher":"https:\/\/www.facebook.com\/svetslik.si","article_modified_time":"2026-03-22T21:01:15+00:00","og_image":[{"width":1000,"height":1000,"url":"https:\/\/svetslik.si\/wp-content\/uploads\/2021\/09\/Reprodukcija-slike-Gustav-Klimt-Farm-Garden-With-Crucifix.jpeg","type":"image\/jpeg"}],"twitter_card":"summary_large_image","twitter_site":"@svetslik","twitter_misc":{"Disponibilit\u00e0":"Su ordinazione"},"schema":{"@context":"https:\/\/schema.org","@graph":[{"@type":["WebPage","ItemPage"],"@id":"https:\/\/svetslik.si\/it\/gustav-klimt\/farm-garden-with-crucifix\/","url":"https:\/\/svetslik.si\/it\/gustav-klimt\/farm-garden-with-crucifix\/","name":"Gustav Klimt - Farm Garden with Crucifix - SVETSLIK.SI - Dipinti a mano al 100%","isPartOf":{"@id":"https:\/\/svetslik.si\/it\/#website"},"primaryImageOfPage":{"@id":"https:\/\/svetslik.si\/it\/gustav-klimt\/farm-garden-with-crucifix\/#primaryimage"},"image":{"@id":"https:\/\/svetslik.si\/it\/gustav-klimt\/farm-garden-with-crucifix\/#primaryimage"},"thumbnailUrl":"https:\/\/svetslik.si\/wp-content\/uploads\/2021\/09\/Reprodukcija-slike-Gustav-Klimt-Farm-Garden-With-Crucifix.jpeg","datePublished":"2021-09-02T16:24:39+00:00","dateModified":"2026-03-22T21:01:15+00:00","description":"Gustav Klimt - Farm Garden with Crucifix - Riproduzioni di quadri d'arte dipinte a mano al 100% su tela. Cornici per quadri, vendita e produzione di dimensioni su ordinazione.","breadcrumb":{"@id":"https:\/\/svetslik.si\/it\/gustav-klimt\/farm-garden-with-crucifix\/#breadcrumb"},"inLanguage":"it-IT","potentialAction":[{"@type":"ReadAction","target":["https:\/\/svetslik.si\/it\/gustav-klimt\/farm-garden-with-crucifix\/"]}]},{"@type":"ImageObject","inLanguage":"it-IT","@id":"https:\/\/svetslik.si\/it\/gustav-klimt\/farm-garden-with-crucifix\/#primaryimage","url":"https:\/\/svetslik.si\/wp-content\/uploads\/2021\/09\/Reprodukcija-slike-Gustav-Klimt-Farm-Garden-With-Crucifix.jpeg","contentUrl":"https:\/\/svetslik.si\/wp-content\/uploads\/2021\/09\/Reprodukcija-slike-Gustav-Klimt-Farm-Garden-With-Crucifix.jpeg","width":1000,"height":1000,"caption":"Reprodukcija slike Gustav Klimt - Farm Garden With Crucifix"},{"@type":"BreadcrumbList","@id":"https:\/\/svetslik.si\/it\/gustav-klimt\/farm-garden-with-crucifix\/#breadcrumb","itemListElement":[{"@type":"ListItem","position":1,"name":"Fali m\u0171v\u00e9szet \u00e9s festm\u00e9nyek v\u00e1szonra","item":"https:\/\/svetslik.si\/it\/"},{"@type":"ListItem","position":2,"name":"Vendita di dipinti","item":"https:\/\/svetslik.si\/prodaja-slik\/"},{"@type":"ListItem","position":3,"name":"Gustav Klimt &#8211; Farm Garden with Crucifix"}]},{"@type":"WebSite","@id":"https:\/\/svetslik.si\/it\/#website","url":"https:\/\/svetslik.si\/it\/","name":"SVETSLIK.SI","description":"100% riproduzioni dipinte a mano di quadri di pittori famosi e dipinti su tela.","publisher":{"@id":"https:\/\/svetslik.si\/it\/#organization"},"potentialAction":[{"@type":"SearchAction","target":{"@type":"EntryPoint","urlTemplate":"https:\/\/svetslik.si\/it\/?s={search_term_string}"},"query-input":{"@type":"PropertyValueSpecification","valueRequired":true,"valueName":"search_term_string"}}],"inLanguage":"it-IT"},{"@type":"Organization","@id":"https:\/\/svetslik.si\/it\/#organization","name":"SvetSlik.si","url":"https:\/\/svetslik.si\/it\/","logo":{"@type":"ImageObject","inLanguage":"it-IT","@id":"https:\/\/svetslik.si\/it\/#\/schema\/logo\/image\/","url":"https:\/\/svetslik.si\/wp-content\/uploads\/2020\/12\/logo-512.png","contentUrl":"https:\/\/svetslik.si\/wp-content\/uploads\/2020\/12\/logo-512.png","width":512,"height":512,"caption":"SvetSlik.si"},"image":{"@id":"https:\/\/svetslik.si\/it\/#\/schema\/logo\/image\/"},"sameAs":["https:\/\/www.facebook.com\/svetslik.si","https:\/\/x.com\/svetslik","https:\/\/www.instagram.com\/svetslik.si\/","https:\/\/www.linkedin.com\/company\/svetslik-si"]}]},"og_availability":"backorder","product_availability":"available for order","product_retailer_item_id":"563__","product_condition":"new"},"jetpack_sharing_enabled":true,"_links":{"self":[{"href":"https:\/\/svetslik.si\/it\/wp-json\/wp\/v2\/product\/40845","targetHints":{"allow":["GET"]}}],"collection":[{"href":"https:\/\/svetslik.si\/it\/wp-json\/wp\/v2\/product"}],"about":[{"href":"https:\/\/svetslik.si\/it\/wp-json\/wp\/v2\/types\/product"}],"wp:featuredmedia":[{"embeddable":true,"href":"https:\/\/svetslik.si\/it\/wp-json\/wp\/v2\/media\/94365"}],"wp:attachment":[{"href":"https:\/\/svetslik.si\/it\/wp-json\/wp\/v2\/media?parent=40845"}],"wp:term":[{"taxonomy":"product_brand","embeddable":true,"href":"https:\/\/svetslik.si\/it\/wp-json\/wp\/v2\/product_brand?post=40845"},{"taxonomy":"product_cat","embeddable":true,"href":"https:\/\/svetslik.si\/it\/wp-json\/wp\/v2\/product_cat?post=40845"},{"taxonomy":"product_tag","embeddable":true,"href":"https:\/\/svetslik.si\/it\/wp-json\/wp\/v2\/product_tag?post=40845"}],"curies":[{"name":"wp","href":"https:\/\/api.w.org\/{rel}","templated":true}]}}