{"id":40863,"date":"2021-09-02T18:24:39","date_gmt":"2021-09-02T16:24:39","guid":{"rendered":"https:\/\/svetslik.si\/senza-categoria\/beethoven-frieze-i-detail\/"},"modified":"2026-03-22T22:01:15","modified_gmt":"2026-03-22T21:01:15","slug":"beethoven-frieze-i-detail","status":"publish","type":"product","link":"https:\/\/svetslik.si\/it\/gustav-klimt\/beethoven-frieze-i-detail\/","title":{"rendered":"Gustav Klimt &#8211; Beethoven Frieze I (detail)"},"content":{"rendered":"<div class=\"wpb-content-wrapper\">[vc_row][vc_column][vc_column_text]\n<h1>Gustav Klimt &#8211; Fregio di Beethoven I (dettaglio)<\/h1>\n<p>&nbsp;<\/p>\n<table border=\"0\" width=\"593\" cellpadding=\"0\">\n<tr>\n<td>Anno di creazione:<\/td>\n<td style=\"width: 439px\">1902<\/td>\n<\/tr>\n<tr>\n<td>Dimensione originale:<\/td>\n<td style=\"width: 439px\">636 cm x 220 cm<\/td>\n<\/tr>\n<tr>\n<td>Stile di pittura:<\/td>\n<td style=\"width: 439px\">Secessione<\/td>\n<\/tr>\n<tr>\n<td>Tecnica originale:<\/td>\n<td style=\"width: 439px\">Olio su tela<\/td>\n<\/tr>\n<tr>\n<td>Situato:<\/td>\n<td style=\"width: 439px\">Palazzo della Secessione, Vienna<\/td>\n<\/tr>\n<col \/> <\/colgroup>\n<p>Nel 1902 Klimt cre\u00f2 una delle sue opere pi\u00f9 famose, il <em>Fregio di Beethoven<\/em>, per una mostra del movimento Art Nouveau a Vienna. L&#8217;intera mostra era dedicata al compositore Ludwig van Beethoven e il gigantesco fregio di Klimt adornava la parete dell&#8217;atrio. Questa sinfonia ornamentale misurava 34 metri di larghezza e 2 metri di altezza. Klimt voleva mostrare e immortalare la Nona sinfonia di Beethoven secondo l&#8217;interpretazione di Wagner.<\/p>\n<p>&#8220;Fregio di Beethoven I (dettaglio)&#8221;, dipinto nel 1902 dall&#8217;artista austriaco Gustav Klimt, fa parte di un&#8217;opera d&#8217;arte pi\u00f9 ampia conosciuta come il Fregio di Beethoven. Il Fregio di Beethoven \u00e8 stato creato per la 14a Mostra dell&#8217;Art Nouveau di Vienna come omaggio al compositore Ludwig van Beethoven e alla sua Nona Sinfonia, basata sull'&#8221;Inno alla gioia&#8221; di Friedrich Schiller.<\/p>\n<p>Il dipinto \u00e8 un eccellente esempio dello stile Art Nouveau di Klimt, caratterizzato dall&#8217;uso di motivi elaborati, colori vivaci e soggetti sensuali. Le figure nel dipinto sono raffigurate in modo altamente stilizzato, con arti allungati e lineamenti del viso semplificati, che conferiscono al dipinto una qualit\u00e0 ultraterrena e onirica.<\/p>\n<p>Una delle caratteristiche pi\u00f9 sorprendenti del &#8220;Fregio di Beethoven I (dettaglio)&#8221; \u00e8 l&#8217;uso di colori vivaci e motivi intricati. Il dipinto \u00e8 un tripudio di colori, con le figure, lo sfondo e gli elementi decorativi costituiti da motivi vorticosi e intrecciati. L&#8217;uso del colore e del motivo crea un senso di movimento e fluidit\u00e0, appropriato per il tema del dipinto, della musica e della celebrazione.<\/p>\n<p>Anche il simbolismo del dipinto \u00e8 ricco. Le figure nella foto sono spesso viste come simboli di umanit\u00e0, unit\u00e0 e celebrazione della vita. Gli elementi ornamentali del dipinto potrebbero rappresentare la connessione tra musica e natura, nonch\u00e9 la connessione tra arte e vita. Lo sfondo dell&#8217;immagine \u00e8 inoltre pieno di simboli della natura, come i fiori, che hanno anche un profondo significato simbolico nell&#8217;immagine.<\/p>\n<p>Il fregio di Beethoven era considerato l&#8217;opera pi\u00f9 ambiziosa e importante di Klimt e considerato un capolavoro dell&#8217;Art Nouveau. Purtroppo il dipinto fu distrutto nel 1945 durante il bombardamento di Vienna, ma esistono ancora riproduzioni e fotografie del dipinto che ci permettono di apprezzare il capolavoro.<\/p>\n<p>In conclusione, il &#8220;Fregio di Beethoven I (dettaglio)&#8221; fa parte di un&#8217;opera d&#8217;arte pi\u00f9 ampia conosciuta come il Fregio di Beethoven, creata come tributo al compositore Ludwig van Beethoven e alla sua Nona Sinfonia. Il dipinto mostra motivi elaborati, colori vivaci e temi sensuali che sono i tratti distintivi dello stile art nouveau di Gustav Klimt. L&#8217;uso del colore e del motivo nel dipinto crea un senso di movimento e fluidit\u00e0, mentre le figure nel dipinto sono simboli di umanit\u00e0, unit\u00e0 e celebrazione della vita. Il fregio di Beethoven era considerato l&#8217;opera pi\u00f9 ambiziosa e importante di Klimt ed era considerato un capolavoro dell&#8217;Art Nouveau, anche se fu distrutto durante i bombardamenti di Vienna, riproduzioni e fotografie<\/p>\n<p>la pittura ci permette ancora di apprezzarne la bellezza e il significato. Il fregio di Beethoven \u00e8 un&#8217;opera importante del movimento secessionista viennese, ancora oggi ammirata e studiata da amanti ed esperti d&#8217;arte.<\/p>\n<p>Il fregio di Beethoven e in particolare il dettaglio del &#8220;Fregio di Beethoven I&#8221; non \u00e8 solo un omaggio al famoso compositore, ma anche una presentazione dell&#8217;idea di celebrare la vita, l&#8217;arte e la natura. Elementi ornamentali e simboli della natura nel dipinto rappresentano la connessione tra musica e natura, nonch\u00e9 la connessione tra arte e vita. L&#8217;uso del colore e del motivo nell&#8217;immagine crea un senso di movimento e fluidit\u00e0, appropriato per il tema dell&#8217;immagine, della musica e della celebrazione.<\/p>\n<p>Nel complesso, il &#8220;Fregio di Beethoven I (dettaglio)&#8221; \u00e8 un capolavoro che mostra i motivi riccamente decorati, i colori vivaci e il tema sensuale che sono i tratti distintivi dello stile art nouveau di Gustav Klimt. L&#8217;uso del colore e del motivo nel dipinto crea un senso di movimento e fluidit\u00e0, mentre le figure e i simboli rappresentano una celebrazione della vita, dell&#8217;arte e della natura. Sebbene il dipinto sia stato distrutto nel 1945 durante il bombardamento di Vienna, esistono ancora riproduzioni e fotografie del dipinto che ci permettono di apprezzare la bellezza e il significato di questo capolavoro.[\/vc_column_text][\/vc_column][\/vc_row]\n<\/div>","protected":false},"excerpt":{"rendered":"<p>[vc_row][vc_column][vc_column_text] Gustav Klimt &#8211; Fregio di Beethoven I (dettaglio) &nbsp; Anno di creazione: 1902 Dimensione originale: 636 cm x 220 cm Stile di pittura: Secessione Tecnica originale: Olio su tela Situato: Palazzo della Secessione, Vienna Nel 1902 Klimt cre\u00f2 una delle sue opere pi\u00f9 famose, il Fregio di Beethoven, per [&hellip;]<\/p>\n","protected":false},"featured_media":34942,"template":"","meta":{"_acf_changed":false},"product_brand":[],"product_cat":[4182],"product_tag":[4220,4224,4245,4246,4253],"class_list":{"0":"post-40863","1":"product","2":"type-product","3":"status-publish","4":"has-post-thumbnail","6":"product_cat-gustav-klimt","7":"product_tag-gustav-klimt-it","8":"product_tag-klimt-it","9":"product_tag-riproduzione","10":"product_tag-riproduzione-it","11":"product_tag-un-pittore","12":"pa_dimenzija-100-x-180-cm-it","13":"pa_dimenzija-30-x-55-cm-it","14":"pa_dimenzija-40-x-70-cm-it","15":"pa_dimenzija-50-x-90-cm-it","16":"pa_dimenzija-60-x-110-cm-it","17":"pa_dimenzija-70-x-130-cm-it","18":"pa_dimenzija-80-x-150-cm-it","19":"pa_dimenzija-90-x-165-cm-it","20":"pa_oblika-verticale","21":"pa_okvir-sensa-cornice","22":"pa_podokvir-no","23":"pa_podokvir-si","25":"first","26":"onbackorder","27":"purchasable","28":"product-type-variable","29":"has-default-attributes"},"acf":[],"yoast_head":"<!-- This site is optimized with the Yoast SEO Premium plugin v26.0 (Yoast SEO v27.2) - https:\/\/yoast.com\/product\/yoast-seo-premium-wordpress\/ -->\n<title>Gustav Klimt - Beethoven Frieze I (detail) - SVETSLIK.SI - Dipinti a mano al 100%<\/title>\n<meta name=\"description\" content=\"Gustav Klimt - Beethoven Frieze I (detail) - Riproduzioni di quadri d&#039;arte dipinte a mano al 100% su tela. Cornici per quadri, vendita e produzione di dimensioni su ordinazione.\" \/>\n<meta name=\"robots\" content=\"index, follow, max-snippet:-1, max-image-preview:large, max-video-preview:-1\" \/>\n<link rel=\"canonical\" href=\"https:\/\/svetslik.si\/it\/gustav-klimt\/beethoven-frieze-i-detail\/\" \/>\n<meta property=\"og:locale\" content=\"it_IT\" \/>\n<meta property=\"og:type\" content=\"article\" \/>\n<meta property=\"og:title\" content=\"Gustav Klimt - Beethoven Frieze I (detail)\" \/>\n<meta property=\"og:description\" content=\"100% ro\u010dno naslikane slike na platnu, reprodukcije znanih slikarjev in umetni\u0161ke slike po naro\u010dilu.\" \/>\n<meta property=\"og:url\" content=\"https:\/\/svetslik.si\/it\/gustav-klimt\/beethoven-frieze-i-detail\/\" \/>\n<meta property=\"og:site_name\" content=\"SVETSLIK.SI\" \/>\n<meta property=\"article:publisher\" content=\"https:\/\/www.facebook.com\/svetslik.si\" \/>\n<meta property=\"article:modified_time\" content=\"2026-03-22T21:01:15+00:00\" \/>\n<meta property=\"og:image\" content=\"https:\/\/svetslik.si\/wp-content\/uploads\/2021\/08\/image_Beethoven-Frieze-I-detail-Gustav-Klimt_680.jpg\" \/>\n\t<meta property=\"og:image:width\" content=\"377\" \/>\n\t<meta property=\"og:image:height\" content=\"680\" \/>\n\t<meta property=\"og:image:type\" content=\"image\/jpeg\" \/>\n<meta name=\"twitter:card\" content=\"summary_large_image\" \/>\n<meta name=\"twitter:site\" content=\"@svetslik\" \/>\n<meta name=\"twitter:label1\" content=\"Disponibilit\u00e0\" \/>\n\t<meta name=\"twitter:data1\" content=\"Su ordinazione\" \/>\n<script type=\"application\/ld+json\" class=\"yoast-schema-graph\">{\"@context\":\"https:\/\/schema.org\",\"@graph\":[{\"@type\":[\"WebPage\",\"ItemPage\"],\"@id\":\"https:\/\/svetslik.si\/it\/gustav-klimt\/beethoven-frieze-i-detail\/\",\"url\":\"https:\/\/svetslik.si\/it\/gustav-klimt\/beethoven-frieze-i-detail\/\",\"name\":\"Gustav Klimt - Beethoven Frieze I (detail) - SVETSLIK.SI - Dipinti a mano al 100%\",\"isPartOf\":{\"@id\":\"https:\/\/svetslik.si\/it\/#website\"},\"primaryImageOfPage\":{\"@id\":\"https:\/\/svetslik.si\/it\/gustav-klimt\/beethoven-frieze-i-detail\/#primaryimage\"},\"image\":{\"@id\":\"https:\/\/svetslik.si\/it\/gustav-klimt\/beethoven-frieze-i-detail\/#primaryimage\"},\"thumbnailUrl\":\"https:\/\/svetslik.si\/wp-content\/uploads\/2021\/08\/image_Beethoven-Frieze-I-detail-Gustav-Klimt_680.jpg\",\"datePublished\":\"2021-09-02T16:24:39+00:00\",\"dateModified\":\"2026-03-22T21:01:15+00:00\",\"description\":\"Gustav Klimt - Beethoven Frieze I (detail) - Riproduzioni di quadri d'arte dipinte a mano al 100% su tela. Cornici per quadri, vendita e produzione di dimensioni su ordinazione.\",\"breadcrumb\":{\"@id\":\"https:\/\/svetslik.si\/it\/gustav-klimt\/beethoven-frieze-i-detail\/#breadcrumb\"},\"inLanguage\":\"it-IT\",\"potentialAction\":[{\"@type\":\"ReadAction\",\"target\":[\"https:\/\/svetslik.si\/it\/gustav-klimt\/beethoven-frieze-i-detail\/\"]}]},{\"@type\":\"ImageObject\",\"inLanguage\":\"it-IT\",\"@id\":\"https:\/\/svetslik.si\/it\/gustav-klimt\/beethoven-frieze-i-detail\/#primaryimage\",\"url\":\"https:\/\/svetslik.si\/wp-content\/uploads\/2021\/08\/image_Beethoven-Frieze-I-detail-Gustav-Klimt_680.jpg\",\"contentUrl\":\"https:\/\/svetslik.si\/wp-content\/uploads\/2021\/08\/image_Beethoven-Frieze-I-detail-Gustav-Klimt_680.jpg\",\"width\":377,\"height\":680,\"caption\":\"Gustav Klimt - Fregio di Beethoven II (dettaglio) - Riproduzioni di dipinti, quadri murali dipinti a mano, olio su tela, dipinti ad olio, quadri d'arte, quadri moderni per pareti, quadri ambientali, quadri astratti, quadri decorativi\"},{\"@type\":\"BreadcrumbList\",\"@id\":\"https:\/\/svetslik.si\/it\/gustav-klimt\/beethoven-frieze-i-detail\/#breadcrumb\",\"itemListElement\":[{\"@type\":\"ListItem\",\"position\":1,\"name\":\"Fali m\u0171v\u00e9szet \u00e9s festm\u00e9nyek v\u00e1szonra\",\"item\":\"https:\/\/svetslik.si\/it\/\"},{\"@type\":\"ListItem\",\"position\":2,\"name\":\"Vendita di dipinti\",\"item\":\"https:\/\/svetslik.si\/prodaja-slik\/\"},{\"@type\":\"ListItem\",\"position\":3,\"name\":\"Gustav Klimt &#8211; Beethoven Frieze I (detail)\"}]},{\"@type\":\"WebSite\",\"@id\":\"https:\/\/svetslik.si\/it\/#website\",\"url\":\"https:\/\/svetslik.si\/it\/\",\"name\":\"SVETSLIK.SI\",\"description\":\"100% riproduzioni dipinte a mano di quadri di pittori famosi e dipinti su tela.\",\"publisher\":{\"@id\":\"https:\/\/svetslik.si\/it\/#organization\"},\"potentialAction\":[{\"@type\":\"SearchAction\",\"target\":{\"@type\":\"EntryPoint\",\"urlTemplate\":\"https:\/\/svetslik.si\/it\/?s={search_term_string}\"},\"query-input\":{\"@type\":\"PropertyValueSpecification\",\"valueRequired\":true,\"valueName\":\"search_term_string\"}}],\"inLanguage\":\"it-IT\"},{\"@type\":\"Organization\",\"@id\":\"https:\/\/svetslik.si\/it\/#organization\",\"name\":\"SvetSlik.si\",\"url\":\"https:\/\/svetslik.si\/it\/\",\"logo\":{\"@type\":\"ImageObject\",\"inLanguage\":\"it-IT\",\"@id\":\"https:\/\/svetslik.si\/it\/#\/schema\/logo\/image\/\",\"url\":\"https:\/\/svetslik.si\/wp-content\/uploads\/2020\/12\/logo-512.png\",\"contentUrl\":\"https:\/\/svetslik.si\/wp-content\/uploads\/2020\/12\/logo-512.png\",\"width\":512,\"height\":512,\"caption\":\"SvetSlik.si\"},\"image\":{\"@id\":\"https:\/\/svetslik.si\/it\/#\/schema\/logo\/image\/\"},\"sameAs\":[\"https:\/\/www.facebook.com\/svetslik.si\",\"https:\/\/x.com\/svetslik\",\"https:\/\/www.instagram.com\/svetslik.si\/\",\"https:\/\/www.linkedin.com\/company\/svetslik-si\"]}]}<\/script>\n<meta property=\"og:availability\" content=\"backorder\" \/>\n<meta property=\"product:availability\" content=\"available for order\" \/>\n<meta property=\"product:retailer_item_id\" content=\"565__\" \/>\n<meta property=\"product:condition\" content=\"new\" \/>\n<!-- \/ Yoast SEO Premium plugin. -->","yoast_head_json":{"title":"Gustav Klimt - Beethoven Frieze I (detail) - SVETSLIK.SI - Dipinti a mano al 100%","description":"Gustav Klimt - Beethoven Frieze I (detail) - Riproduzioni di quadri d'arte dipinte a mano al 100% su tela. Cornici per quadri, vendita e produzione di dimensioni su ordinazione.","robots":{"index":"index","follow":"follow","max-snippet":"max-snippet:-1","max-image-preview":"max-image-preview:large","max-video-preview":"max-video-preview:-1"},"canonical":"https:\/\/svetslik.si\/it\/gustav-klimt\/beethoven-frieze-i-detail\/","og_locale":"it_IT","og_type":"article","og_title":"Gustav Klimt - Beethoven Frieze I (detail)","og_description":"100% ro\u010dno naslikane slike na platnu, reprodukcije znanih slikarjev in umetni\u0161ke slike po naro\u010dilu.","og_url":"https:\/\/svetslik.si\/it\/gustav-klimt\/beethoven-frieze-i-detail\/","og_site_name":"SVETSLIK.SI","article_publisher":"https:\/\/www.facebook.com\/svetslik.si","article_modified_time":"2026-03-22T21:01:15+00:00","og_image":[{"width":377,"height":680,"url":"https:\/\/svetslik.si\/wp-content\/uploads\/2021\/08\/image_Beethoven-Frieze-I-detail-Gustav-Klimt_680.jpg","type":"image\/jpeg"}],"twitter_card":"summary_large_image","twitter_site":"@svetslik","twitter_misc":{"Disponibilit\u00e0":"Su ordinazione"},"schema":{"@context":"https:\/\/schema.org","@graph":[{"@type":["WebPage","ItemPage"],"@id":"https:\/\/svetslik.si\/it\/gustav-klimt\/beethoven-frieze-i-detail\/","url":"https:\/\/svetslik.si\/it\/gustav-klimt\/beethoven-frieze-i-detail\/","name":"Gustav Klimt - Beethoven Frieze I (detail) - SVETSLIK.SI - Dipinti a mano al 100%","isPartOf":{"@id":"https:\/\/svetslik.si\/it\/#website"},"primaryImageOfPage":{"@id":"https:\/\/svetslik.si\/it\/gustav-klimt\/beethoven-frieze-i-detail\/#primaryimage"},"image":{"@id":"https:\/\/svetslik.si\/it\/gustav-klimt\/beethoven-frieze-i-detail\/#primaryimage"},"thumbnailUrl":"https:\/\/svetslik.si\/wp-content\/uploads\/2021\/08\/image_Beethoven-Frieze-I-detail-Gustav-Klimt_680.jpg","datePublished":"2021-09-02T16:24:39+00:00","dateModified":"2026-03-22T21:01:15+00:00","description":"Gustav Klimt - Beethoven Frieze I (detail) - Riproduzioni di quadri d'arte dipinte a mano al 100% su tela. Cornici per quadri, vendita e produzione di dimensioni su ordinazione.","breadcrumb":{"@id":"https:\/\/svetslik.si\/it\/gustav-klimt\/beethoven-frieze-i-detail\/#breadcrumb"},"inLanguage":"it-IT","potentialAction":[{"@type":"ReadAction","target":["https:\/\/svetslik.si\/it\/gustav-klimt\/beethoven-frieze-i-detail\/"]}]},{"@type":"ImageObject","inLanguage":"it-IT","@id":"https:\/\/svetslik.si\/it\/gustav-klimt\/beethoven-frieze-i-detail\/#primaryimage","url":"https:\/\/svetslik.si\/wp-content\/uploads\/2021\/08\/image_Beethoven-Frieze-I-detail-Gustav-Klimt_680.jpg","contentUrl":"https:\/\/svetslik.si\/wp-content\/uploads\/2021\/08\/image_Beethoven-Frieze-I-detail-Gustav-Klimt_680.jpg","width":377,"height":680,"caption":"Gustav Klimt - Fregio di Beethoven II (dettaglio) - Riproduzioni di dipinti, quadri murali dipinti a mano, olio su tela, dipinti ad olio, quadri d'arte, quadri moderni per pareti, quadri ambientali, quadri astratti, quadri decorativi"},{"@type":"BreadcrumbList","@id":"https:\/\/svetslik.si\/it\/gustav-klimt\/beethoven-frieze-i-detail\/#breadcrumb","itemListElement":[{"@type":"ListItem","position":1,"name":"Fali m\u0171v\u00e9szet \u00e9s festm\u00e9nyek v\u00e1szonra","item":"https:\/\/svetslik.si\/it\/"},{"@type":"ListItem","position":2,"name":"Vendita di dipinti","item":"https:\/\/svetslik.si\/prodaja-slik\/"},{"@type":"ListItem","position":3,"name":"Gustav Klimt &#8211; Beethoven Frieze I (detail)"}]},{"@type":"WebSite","@id":"https:\/\/svetslik.si\/it\/#website","url":"https:\/\/svetslik.si\/it\/","name":"SVETSLIK.SI","description":"100% riproduzioni dipinte a mano di quadri di pittori famosi e dipinti su tela.","publisher":{"@id":"https:\/\/svetslik.si\/it\/#organization"},"potentialAction":[{"@type":"SearchAction","target":{"@type":"EntryPoint","urlTemplate":"https:\/\/svetslik.si\/it\/?s={search_term_string}"},"query-input":{"@type":"PropertyValueSpecification","valueRequired":true,"valueName":"search_term_string"}}],"inLanguage":"it-IT"},{"@type":"Organization","@id":"https:\/\/svetslik.si\/it\/#organization","name":"SvetSlik.si","url":"https:\/\/svetslik.si\/it\/","logo":{"@type":"ImageObject","inLanguage":"it-IT","@id":"https:\/\/svetslik.si\/it\/#\/schema\/logo\/image\/","url":"https:\/\/svetslik.si\/wp-content\/uploads\/2020\/12\/logo-512.png","contentUrl":"https:\/\/svetslik.si\/wp-content\/uploads\/2020\/12\/logo-512.png","width":512,"height":512,"caption":"SvetSlik.si"},"image":{"@id":"https:\/\/svetslik.si\/it\/#\/schema\/logo\/image\/"},"sameAs":["https:\/\/www.facebook.com\/svetslik.si","https:\/\/x.com\/svetslik","https:\/\/www.instagram.com\/svetslik.si\/","https:\/\/www.linkedin.com\/company\/svetslik-si"]}]},"og_availability":"backorder","product_availability":"available for order","product_retailer_item_id":"565__","product_condition":"new"},"jetpack_sharing_enabled":true,"_links":{"self":[{"href":"https:\/\/svetslik.si\/it\/wp-json\/wp\/v2\/product\/40863","targetHints":{"allow":["GET"]}}],"collection":[{"href":"https:\/\/svetslik.si\/it\/wp-json\/wp\/v2\/product"}],"about":[{"href":"https:\/\/svetslik.si\/it\/wp-json\/wp\/v2\/types\/product"}],"wp:featuredmedia":[{"embeddable":true,"href":"https:\/\/svetslik.si\/it\/wp-json\/wp\/v2\/media\/34942"}],"wp:attachment":[{"href":"https:\/\/svetslik.si\/it\/wp-json\/wp\/v2\/media?parent=40863"}],"wp:term":[{"taxonomy":"product_brand","embeddable":true,"href":"https:\/\/svetslik.si\/it\/wp-json\/wp\/v2\/product_brand?post=40863"},{"taxonomy":"product_cat","embeddable":true,"href":"https:\/\/svetslik.si\/it\/wp-json\/wp\/v2\/product_cat?post=40863"},{"taxonomy":"product_tag","embeddable":true,"href":"https:\/\/svetslik.si\/it\/wp-json\/wp\/v2\/product_tag?post=40863"}],"curies":[{"name":"wp","href":"https:\/\/api.w.org\/{rel}","templated":true}]}}