{"id":40872,"date":"2021-09-02T18:24:58","date_gmt":"2021-09-02T16:24:58","guid":{"rendered":"https:\/\/svetslik.si\/senza-categoria\/krik\/"},"modified":"2026-03-22T22:01:15","modified_gmt":"2026-03-22T21:01:15","slug":"krik","status":"publish","type":"product","link":"https:\/\/svetslik.si\/it\/edvard-munch\/krik\/","title":{"rendered":"Edvard Munch &#8211; The Scream &#8211; L&#8217;urlo"},"content":{"rendered":"<div class=\"wpb-content-wrapper\">[vc_row css=&#8221;.vc_custom_1722459049604{margin-bottom: 10px !important;}&#8221;][vc_column]\t<div class=\"et-image-848 et-image     et_image_link\">\n\t\t<div class=\"et-image-inner \">\n\t\t\t\t\t\t\t<div class=\"et-image-thumb \">\n\t\t\t\t\t<img decoding=\"async\" width=\"1000\" height=\"1251\" src=\"https:\/\/svetslik.si\/wp-content\/uploads\/2021\/09\/Edvard-Munch-\u2013-Krik-\u2013-The-Scream.jpg\" class=\"attachment-full\" alt=\"Edvard Munch - The Scream - L&#039;urlo\" title=\"Edvard Munch - The Scream - L&#039;urlo\" srcset=\"https:\/\/svetslik.si\/wp-content\/uploads\/2021\/09\/Edvard-Munch-\u2013-Krik-\u2013-The-Scream.jpg 1000w, https:\/\/svetslik.si\/wp-content\/uploads\/2021\/09\/Edvard-Munch-\u2013-Krik-\u2013-The-Scream-600x751.jpg 600w, https:\/\/svetslik.si\/wp-content\/uploads\/2021\/09\/Edvard-Munch-\u2013-Krik-\u2013-The-Scream-240x300.jpg 240w, https:\/\/svetslik.si\/wp-content\/uploads\/2021\/09\/Edvard-Munch-\u2013-Krik-\u2013-The-Scream-819x1024.jpg 819w, https:\/\/svetslik.si\/wp-content\/uploads\/2021\/09\/Edvard-Munch-\u2013-Krik-\u2013-The-Scream-768x961.jpg 768w, https:\/\/svetslik.si\/wp-content\/uploads\/2021\/09\/Edvard-Munch-\u2013-Krik-\u2013-The-Scream-120x150.jpg 120w, https:\/\/svetslik.si\/wp-content\/uploads\/2021\/09\/Edvard-Munch-\u2013-Krik-\u2013-The-Scream-900x1126.jpg 900w\" sizes=\"(max-width: 1000px) 100vw, 1000px\" \/>\t\t\t\t<\/div>\n\t\t\t\t\t\t\t\t\t\t\t<\/div>\n\t<\/div>\n  [\/vc_column][\/vc_row][vc_row css=&#8221;.vc_custom_1722459049604{margin-bottom: 10px !important;}&#8221;][vc_column]\t<div class=\"et-image-579 et-image     et_image_link\">\n\t\t<div class=\"et-image-inner \">\n\t\t\t\t\t\t\t<div class=\"et-image-thumb \">\n\t\t\t\t\t<img decoding=\"async\" width=\"1000\" height=\"1232\" src=\"https:\/\/svetslik.si\/wp-content\/uploads\/2021\/09\/Edvard-Munch-\u2013-Krik-\u2013-The-Scream2.jpg\" class=\"attachment-full\" alt=\"Edvard Munch - The Scream - L&#039;urlo\" title=\"Edvard Munch - The Scream - L&#039;urlo\" srcset=\"https:\/\/svetslik.si\/wp-content\/uploads\/2021\/09\/Edvard-Munch-\u2013-Krik-\u2013-The-Scream2.jpg 1000w, https:\/\/svetslik.si\/wp-content\/uploads\/2021\/09\/Edvard-Munch-\u2013-Krik-\u2013-The-Scream2-600x739.jpg 600w, https:\/\/svetslik.si\/wp-content\/uploads\/2021\/09\/Edvard-Munch-\u2013-Krik-\u2013-The-Scream2-244x300.jpg 244w, https:\/\/svetslik.si\/wp-content\/uploads\/2021\/09\/Edvard-Munch-\u2013-Krik-\u2013-The-Scream2-831x1024.jpg 831w, https:\/\/svetslik.si\/wp-content\/uploads\/2021\/09\/Edvard-Munch-\u2013-Krik-\u2013-The-Scream2-768x946.jpg 768w, https:\/\/svetslik.si\/wp-content\/uploads\/2021\/09\/Edvard-Munch-\u2013-Krik-\u2013-The-Scream2-122x150.jpg 122w, https:\/\/svetslik.si\/wp-content\/uploads\/2021\/09\/Edvard-Munch-\u2013-Krik-\u2013-The-Scream2-900x1109.jpg 900w\" sizes=\"(max-width: 1000px) 100vw, 1000px\" \/>\t\t\t\t<\/div>\n\t\t\t\t\t\t\t\t\t\t\t<\/div>\n\t<\/div>\n  [\/vc_column][\/vc_row][vc_row css=&#8221;.vc_custom_1722459049604{margin-bottom: 10px !important;}&#8221;][vc_column]\t<div class=\"et-image-421 et-image     et_image_link\">\n\t\t<div class=\"et-image-inner \">\n\t\t\t\t\t\t\t<div class=\"et-image-thumb \">\n\t\t\t\t\t<img decoding=\"async\" width=\"1000\" height=\"1440\" src=\"https:\/\/svetslik.si\/wp-content\/uploads\/2021\/09\/Edvard-Munch-\u2013-Krik-\u2013-The-Scream3.jpg\" class=\"attachment-full\" alt=\"Edvard Munch - The Scream - L&#039;urlo\" title=\"Edvard Munch - The Scream - L&#039;urlo\" srcset=\"https:\/\/svetslik.si\/wp-content\/uploads\/2021\/09\/Edvard-Munch-\u2013-Krik-\u2013-The-Scream3.jpg 1000w, https:\/\/svetslik.si\/wp-content\/uploads\/2021\/09\/Edvard-Munch-\u2013-Krik-\u2013-The-Scream3-600x864.jpg 600w, https:\/\/svetslik.si\/wp-content\/uploads\/2021\/09\/Edvard-Munch-\u2013-Krik-\u2013-The-Scream3-208x300.jpg 208w, https:\/\/svetslik.si\/wp-content\/uploads\/2021\/09\/Edvard-Munch-\u2013-Krik-\u2013-The-Scream3-711x1024.jpg 711w, https:\/\/svetslik.si\/wp-content\/uploads\/2021\/09\/Edvard-Munch-\u2013-Krik-\u2013-The-Scream3-768x1106.jpg 768w, https:\/\/svetslik.si\/wp-content\/uploads\/2021\/09\/Edvard-Munch-\u2013-Krik-\u2013-The-Scream3-104x150.jpg 104w, https:\/\/svetslik.si\/wp-content\/uploads\/2021\/09\/Edvard-Munch-\u2013-Krik-\u2013-The-Scream3-900x1296.jpg 900w\" sizes=\"(max-width: 1000px) 100vw, 1000px\" \/>\t\t\t\t<\/div>\n\t\t\t\t\t\t\t\t\t\t\t<\/div>\n\t<\/div>\n  [\/vc_column][\/vc_row][vc_row css=&#8221;.vc_custom_1722459049604{margin-bottom: 10px !important;}&#8221;][vc_column]\t<div class=\"et-image-474 et-image     et_image_link\">\n\t\t<div class=\"et-image-inner \">\n\t\t\t\t\t\t\t<div class=\"et-image-thumb \">\n\t\t\t\t\t<img decoding=\"async\" width=\"1000\" height=\"690\" src=\"https:\/\/svetslik.si\/wp-content\/uploads\/2021\/09\/Edvard-Munch-\u2013-Krik-\u2013-The-Scream-4.jpg\" class=\"attachment-full\" alt=\"Edvard Munch - The Scream - L&#039;urlo\" title=\"Edvard Munch - The Scream - L&#039;urlo\" srcset=\"https:\/\/svetslik.si\/wp-content\/uploads\/2021\/09\/Edvard-Munch-\u2013-Krik-\u2013-The-Scream-4.jpg 1000w, https:\/\/svetslik.si\/wp-content\/uploads\/2021\/09\/Edvard-Munch-\u2013-Krik-\u2013-The-Scream-4-600x414.jpg 600w, https:\/\/svetslik.si\/wp-content\/uploads\/2021\/09\/Edvard-Munch-\u2013-Krik-\u2013-The-Scream-4-300x207.jpg 300w, https:\/\/svetslik.si\/wp-content\/uploads\/2021\/09\/Edvard-Munch-\u2013-Krik-\u2013-The-Scream-4-768x530.jpg 768w, https:\/\/svetslik.si\/wp-content\/uploads\/2021\/09\/Edvard-Munch-\u2013-Krik-\u2013-The-Scream-4-150x104.jpg 150w, https:\/\/svetslik.si\/wp-content\/uploads\/2021\/09\/Edvard-Munch-\u2013-Krik-\u2013-The-Scream-4-900x621.jpg 900w\" sizes=\"(max-width: 1000px) 100vw, 1000px\" \/>\t\t\t\t<\/div>\n\t\t\t\t\t\t\t\t\t\t\t<\/div>\n\t<\/div>\n  [\/vc_column][\/vc_row][vc_row css=&#8221;.vc_custom_1722459049604{margin-bottom: 10px !important;}&#8221;][vc_column]\t<div class=\"et-image-889 et-image     et_image_link\">\n\t\t<div class=\"et-image-inner \">\n\t\t\t\t\t\t\t<div class=\"et-image-thumb \">\n\t\t\t\t\t<img decoding=\"async\" width=\"1000\" height=\"563\" src=\"https:\/\/svetslik.si\/wp-content\/uploads\/2021\/09\/Edvard-Munch-\u2013-Krik-\u2013-The-Scream-5.jpg\" class=\"attachment-full\" alt=\"Edvard Munch - The Scream - L&#039;urlo\" title=\"Edvard Munch - The Scream - L&#039;urlo\" srcset=\"https:\/\/svetslik.si\/wp-content\/uploads\/2021\/09\/Edvard-Munch-\u2013-Krik-\u2013-The-Scream-5.jpg 1000w, https:\/\/svetslik.si\/wp-content\/uploads\/2021\/09\/Edvard-Munch-\u2013-Krik-\u2013-The-Scream-5-600x338.jpg 600w, https:\/\/svetslik.si\/wp-content\/uploads\/2021\/09\/Edvard-Munch-\u2013-Krik-\u2013-The-Scream-5-300x169.jpg 300w, https:\/\/svetslik.si\/wp-content\/uploads\/2021\/09\/Edvard-Munch-\u2013-Krik-\u2013-The-Scream-5-768x432.jpg 768w, https:\/\/svetslik.si\/wp-content\/uploads\/2021\/09\/Edvard-Munch-\u2013-Krik-\u2013-The-Scream-5-150x84.jpg 150w, https:\/\/svetslik.si\/wp-content\/uploads\/2021\/09\/Edvard-Munch-\u2013-Krik-\u2013-The-Scream-5-900x507.jpg 900w\" sizes=\"(max-width: 1000px) 100vw, 1000px\" \/>\t\t\t\t<\/div>\n\t\t\t\t\t\t\t\t\t\t\t<\/div>\n\t<\/div>\n  [\/vc_column][\/vc_row][vc_row][vc_column][vc_column_text]\n<h1>Edvard Munch &#8211; L&#8217;urlo<\/h1>\n<p>&nbsp;<\/p>\n<table border=\"0\" width=\"673\" cellspacing=\"0\" cellpadding=\"0\">\n<tbody>\n<tr>\n<td height=\"21\">Anno di creazione:<\/td>\n<td style=\"width: 493px;\">1893<\/td>\n<\/tr>\n<tr>\n<td height=\"21\">Dimensione originale:<\/td>\n<td style=\"width: 493px;\">73,5 cm x 91 cm<\/td>\n<\/tr>\n<tr>\n<td height=\"21\">Stile colore:<\/td>\n<td style=\"width: 493px;\">Espressionismo<\/td>\n<\/tr>\n<tr>\n<td height=\"21\">Tecnica originale:<\/td>\n<td>Olio, tempera, pastello su cartoncino<\/td>\n<\/tr>\n<tr>\n<td height=\"21\">Situato:<\/td>\n<td>Galleria Nazionale, Oslo<\/td>\n<\/tr>\n<\/tbody>\n<colgroup>\n<col \/>\n<col \/> <\/colgroup>\n<\/table>\n<p>Edvard Munch: maestro dell&#8217;espressionismo e L&#8217;urlo<\/p>\n<p>Edvard Munch (1863-1944) \u00e8 stato un pittore norvegese considerato uno dei pionieri dell&#8217;espressionismo, un movimento artistico moderno caratterizzato dall&#8217;attenzione alle emozioni soggettive e al mondo interiore dell&#8217;artista. Il suo dipinto pi\u00f9 famoso L&#8217;urlo \u00e8 una delle icone dell&#8217;arte contemporanea ed \u00e8 diventato sinonimo dell&#8217;artista stesso.<\/p>\n<p>&#8220;The Scream&#8221;, noto anche come The Scream of Nature, \u00e8 stato dipinto nel 1893 e raffigura una figura con un volto angosciato che tiene la testa ed emette un urlo assetato di sangue. Sullo sfondo dell&#8217;immagine c&#8217;\u00e8 un cielo tempestoso e un fiordo, che aggiunge un senso di caos e angoscia. Si dice che il dipinto rappresenti i sentimenti di ansia, alienazione e disperazione esistenziale di Munch.<\/p>\n<p>Munch ha creato quattro versioni di The Scream, due a olio, una a pastello e una stampata. La prima versione fu dipinta a olio nel 1893 ed \u00e8 ora parte della collezione del Museo Nazionale di Oslo, in Norvegia. La seconda versione, dipinta nel 1895, \u00e8 considerata la pi\u00f9 iconica delle quattro e fa parte della collezione del Museo Munch di Oslo.<\/p>\n<p>L&#8217;urlo \u00e8 diventato una delle opere d&#8217;arte pi\u00f9 riconoscibili al mondo ed \u00e8 apparso in numerosi film, libri e programmi televisivi. \u00c8 stato anche oggetto di numerosi studi critici, in cui molti esperti hanno analizzato il soggetto del dipinto, che riguarda il disagio psicologico, la ricerca di un senso nella vita e l&#8217;esperienza umana.<\/p>\n<p>L&#8217;urlo di Munch ha avuto un&#8217;influenza significativa sugli artisti successivi, in particolare quelli che hanno lavorato nelle aree dell&#8217;espressionismo, del surrealismo e del neoespressionismo. Il dipinto continua a ispirare e deliziare il pubblico oggi, come potente promemoria della straordinaria capacit\u00e0 dell&#8217;artista di esprimere emozioni complesse attraverso le sue opere.<\/p>\n<p>Possiamo concludere che L&#8217;urlo di Edvard Munch \u00e8 un&#8217;opera fondamentale dell&#8217;arte contemporanea che ancora affascina e ispira il pubblico. Il suo tema senza tempo di angoscia esistenziale, ansia e ricerca di significato nella vita lo rende una delle opere d&#8217;arte pi\u00f9 riconoscibili e rispettate al mondo. Che tu sia un amante dell&#8217;arte, uno storico o semplicemente interessato a esplorare l&#8217;esperienza umana, The Scream \u00e8 un dipinto da non perdere.<\/p>\n<p>Parole chiave: Edvard Munch, L&#8217;urlo, espressionismo, arte moderna, volto angosciato, grido della natura, disperazione esistenziale, icona, Museo Munch, disagio psicologico, esperienza umana.<\/p>\n<\/div>","protected":false},"excerpt":{"rendered":"<p>[vc_row css=&#8221;.vc_custom_1722459049604{margin-bottom: 10px !important;}&#8221;][vc_column][\/vc_column][\/vc_row][vc_row css=&#8221;.vc_custom_1722459049604{margin-bottom: 10px !important;}&#8221;][vc_column][\/vc_column][\/vc_row][vc_row css=&#8221;.vc_custom_1722459049604{margin-bottom: 10px !important;}&#8221;][vc_column][\/vc_column][\/vc_row][vc_row css=&#8221;.vc_custom_1722459049604{margin-bottom: 10px !important;}&#8221;][vc_column][\/vc_column][\/vc_row][vc_row css=&#8221;.vc_custom_1722459049604{margin-bottom: 10px !important;}&#8221;][vc_column][\/vc_column][\/vc_row][vc_row][vc_column][vc_column_text] Edvard Munch &#8211; L&#8217;urlo &nbsp; Anno di creazione: 1893 Dimensione originale: 73,5 cm x 91 cm Stile colore: Espressionismo Tecnica originale: Olio, tempera, pastello su cartoncino Situato: Galleria Nazionale, Oslo Edvard Munch: maestro dell&#8217;espressionismo [&hellip;]<\/p>\n","protected":false},"featured_media":36386,"template":"","meta":{"_acf_changed":false},"product_brand":[],"product_cat":[4179],"product_tag":[4233,4245,4246,4253],"class_list":{"0":"post-40872","1":"product","2":"type-product","3":"status-publish","4":"has-post-thumbnail","6":"product_cat-edvard-munch","7":"product_tag-munch-it","8":"product_tag-riproduzione","9":"product_tag-riproduzione-it","10":"product_tag-un-pittore","11":"pa_dimenzija-110-x-140-cm-it","12":"pa_dimenzija-130-x-160-cm-it","13":"pa_dimenzija-150-x-190-cm-it","14":"pa_dimenzija-40-x-50-cm-it","15":"pa_dimenzija-50-x-60-cm-it","16":"pa_dimenzija-60-x-70-cm-it","17":"pa_dimenzija-74-x-91-cm-it","18":"pa_dimenzija-90-x-110-cm-it","19":"pa_oblika-verticale","20":"pa_okvir-sensa-cornice","21":"pa_podokvir-no","22":"pa_podokvir-si","24":"first","25":"onbackorder","26":"purchasable","27":"product-type-variable","28":"has-default-attributes"},"acf":[],"yoast_head":"<!-- This site is optimized with the Yoast SEO Premium plugin v26.0 (Yoast SEO v27.2) - https:\/\/yoast.com\/product\/yoast-seo-premium-wordpress\/ -->\n<title>Edvard Munch - The Scream - L&#039;urlo - SVETSLIK.SI - Dipinti a mano al 100%<\/title>\n<meta name=\"description\" content=\"Edvard Munch - The Scream - L&#039;urlo - Riproduzioni di quadri d&#039;arte dipinte a mano al 100% su tela. Cornici per quadri, vendita e produzione di dimensioni su ordinazione.\" \/>\n<meta name=\"robots\" content=\"index, follow, max-snippet:-1, max-image-preview:large, max-video-preview:-1\" \/>\n<link rel=\"canonical\" href=\"https:\/\/svetslik.si\/it\/edvard-munch\/krik\/\" \/>\n<meta property=\"og:locale\" content=\"it_IT\" \/>\n<meta property=\"og:type\" content=\"article\" \/>\n<meta property=\"og:title\" content=\"Edvard Munch - The Scream - L&#039;urlo\" \/>\n<meta property=\"og:description\" content=\"100% ro\u010dno naslikane slike na platnu, reprodukcije znanih slikarjev in umetni\u0161ke slike po naro\u010dilu.\" \/>\n<meta property=\"og:url\" content=\"https:\/\/svetslik.si\/it\/edvard-munch\/krik\/\" \/>\n<meta property=\"og:site_name\" content=\"SVETSLIK.SI\" \/>\n<meta property=\"article:publisher\" content=\"https:\/\/www.facebook.com\/svetslik.si\" \/>\n<meta property=\"article:modified_time\" content=\"2026-03-22T21:01:15+00:00\" \/>\n<meta property=\"og:image\" content=\"https:\/\/svetslik.si\/wp-content\/uploads\/2021\/09\/Edvard-Munch-Kirik-The-Scream.jpg\" \/>\n\t<meta property=\"og:image:width\" content=\"1000\" \/>\n\t<meta property=\"og:image:height\" content=\"1267\" \/>\n\t<meta property=\"og:image:type\" content=\"image\/jpeg\" \/>\n<meta name=\"twitter:card\" content=\"summary_large_image\" \/>\n<meta name=\"twitter:site\" content=\"@svetslik\" \/>\n<meta name=\"twitter:label1\" content=\"Disponibilit\u00e0\" \/>\n\t<meta name=\"twitter:data1\" content=\"Su ordinazione\" \/>\n<script type=\"application\/ld+json\" class=\"yoast-schema-graph\">{\"@context\":\"https:\/\/schema.org\",\"@graph\":[{\"@type\":[\"WebPage\",\"ItemPage\"],\"@id\":\"https:\/\/svetslik.si\/it\/edvard-munch\/krik\/\",\"url\":\"https:\/\/svetslik.si\/it\/edvard-munch\/krik\/\",\"name\":\"Edvard Munch - The Scream - L'urlo - SVETSLIK.SI - Dipinti a mano al 100%\",\"isPartOf\":{\"@id\":\"https:\/\/svetslik.si\/it\/#website\"},\"primaryImageOfPage\":{\"@id\":\"https:\/\/svetslik.si\/it\/edvard-munch\/krik\/#primaryimage\"},\"image\":{\"@id\":\"https:\/\/svetslik.si\/it\/edvard-munch\/krik\/#primaryimage\"},\"thumbnailUrl\":\"https:\/\/svetslik.si\/wp-content\/uploads\/2021\/09\/Edvard-Munch-Kirik-The-Scream.jpg\",\"datePublished\":\"2021-09-02T16:24:58+00:00\",\"dateModified\":\"2026-03-22T21:01:15+00:00\",\"description\":\"Edvard Munch - The Scream - L'urlo - Riproduzioni di quadri d'arte dipinte a mano al 100% su tela. Cornici per quadri, vendita e produzione di dimensioni su ordinazione.\",\"breadcrumb\":{\"@id\":\"https:\/\/svetslik.si\/it\/edvard-munch\/krik\/#breadcrumb\"},\"inLanguage\":\"it-IT\",\"potentialAction\":[{\"@type\":\"ReadAction\",\"target\":[\"https:\/\/svetslik.si\/it\/edvard-munch\/krik\/\"]}]},{\"@type\":\"ImageObject\",\"inLanguage\":\"it-IT\",\"@id\":\"https:\/\/svetslik.si\/it\/edvard-munch\/krik\/#primaryimage\",\"url\":\"https:\/\/svetslik.si\/wp-content\/uploads\/2021\/09\/Edvard-Munch-Kirik-The-Scream.jpg\",\"contentUrl\":\"https:\/\/svetslik.si\/wp-content\/uploads\/2021\/09\/Edvard-Munch-Kirik-The-Scream.jpg\",\"width\":1000,\"height\":1267,\"caption\":\"Edvard Munch - Il grido\"},{\"@type\":\"BreadcrumbList\",\"@id\":\"https:\/\/svetslik.si\/it\/edvard-munch\/krik\/#breadcrumb\",\"itemListElement\":[{\"@type\":\"ListItem\",\"position\":1,\"name\":\"Fali m\u0171v\u00e9szet \u00e9s festm\u00e9nyek v\u00e1szonra\",\"item\":\"https:\/\/svetslik.si\/it\/\"},{\"@type\":\"ListItem\",\"position\":2,\"name\":\"Vendita di dipinti\",\"item\":\"https:\/\/svetslik.si\/prodaja-slik\/\"},{\"@type\":\"ListItem\",\"position\":3,\"name\":\"Edvard Munch &#8211; The Scream &#8211; L&#8217;urlo\"}]},{\"@type\":\"WebSite\",\"@id\":\"https:\/\/svetslik.si\/it\/#website\",\"url\":\"https:\/\/svetslik.si\/it\/\",\"name\":\"SVETSLIK.SI\",\"description\":\"100% riproduzioni dipinte a mano di quadri di pittori famosi e dipinti su tela.\",\"publisher\":{\"@id\":\"https:\/\/svetslik.si\/it\/#organization\"},\"potentialAction\":[{\"@type\":\"SearchAction\",\"target\":{\"@type\":\"EntryPoint\",\"urlTemplate\":\"https:\/\/svetslik.si\/it\/?s={search_term_string}\"},\"query-input\":{\"@type\":\"PropertyValueSpecification\",\"valueRequired\":true,\"valueName\":\"search_term_string\"}}],\"inLanguage\":\"it-IT\"},{\"@type\":\"Organization\",\"@id\":\"https:\/\/svetslik.si\/it\/#organization\",\"name\":\"SvetSlik.si\",\"url\":\"https:\/\/svetslik.si\/it\/\",\"logo\":{\"@type\":\"ImageObject\",\"inLanguage\":\"it-IT\",\"@id\":\"https:\/\/svetslik.si\/it\/#\/schema\/logo\/image\/\",\"url\":\"https:\/\/svetslik.si\/wp-content\/uploads\/2020\/12\/logo-512.png\",\"contentUrl\":\"https:\/\/svetslik.si\/wp-content\/uploads\/2020\/12\/logo-512.png\",\"width\":512,\"height\":512,\"caption\":\"SvetSlik.si\"},\"image\":{\"@id\":\"https:\/\/svetslik.si\/it\/#\/schema\/logo\/image\/\"},\"sameAs\":[\"https:\/\/www.facebook.com\/svetslik.si\",\"https:\/\/x.com\/svetslik\",\"https:\/\/www.instagram.com\/svetslik.si\/\",\"https:\/\/www.linkedin.com\/company\/svetslik-si\"]}]}<\/script>\n<meta property=\"og:availability\" content=\"backorder\" \/>\n<meta property=\"product:availability\" content=\"available for order\" \/>\n<meta property=\"product:retailer_item_id\" content=\"566__\" \/>\n<meta property=\"product:condition\" content=\"new\" \/>\n<!-- \/ Yoast SEO Premium plugin. -->","yoast_head_json":{"title":"Edvard Munch - The Scream - L'urlo - SVETSLIK.SI - Dipinti a mano al 100%","description":"Edvard Munch - The Scream - L'urlo - Riproduzioni di quadri d'arte dipinte a mano al 100% su tela. Cornici per quadri, vendita e produzione di dimensioni su ordinazione.","robots":{"index":"index","follow":"follow","max-snippet":"max-snippet:-1","max-image-preview":"max-image-preview:large","max-video-preview":"max-video-preview:-1"},"canonical":"https:\/\/svetslik.si\/it\/edvard-munch\/krik\/","og_locale":"it_IT","og_type":"article","og_title":"Edvard Munch - The Scream - L'urlo","og_description":"100% ro\u010dno naslikane slike na platnu, reprodukcije znanih slikarjev in umetni\u0161ke slike po naro\u010dilu.","og_url":"https:\/\/svetslik.si\/it\/edvard-munch\/krik\/","og_site_name":"SVETSLIK.SI","article_publisher":"https:\/\/www.facebook.com\/svetslik.si","article_modified_time":"2026-03-22T21:01:15+00:00","og_image":[{"width":1000,"height":1267,"url":"https:\/\/svetslik.si\/wp-content\/uploads\/2021\/09\/Edvard-Munch-Kirik-The-Scream.jpg","type":"image\/jpeg"}],"twitter_card":"summary_large_image","twitter_site":"@svetslik","twitter_misc":{"Disponibilit\u00e0":"Su ordinazione"},"schema":{"@context":"https:\/\/schema.org","@graph":[{"@type":["WebPage","ItemPage"],"@id":"https:\/\/svetslik.si\/it\/edvard-munch\/krik\/","url":"https:\/\/svetslik.si\/it\/edvard-munch\/krik\/","name":"Edvard Munch - The Scream - L'urlo - SVETSLIK.SI - Dipinti a mano al 100%","isPartOf":{"@id":"https:\/\/svetslik.si\/it\/#website"},"primaryImageOfPage":{"@id":"https:\/\/svetslik.si\/it\/edvard-munch\/krik\/#primaryimage"},"image":{"@id":"https:\/\/svetslik.si\/it\/edvard-munch\/krik\/#primaryimage"},"thumbnailUrl":"https:\/\/svetslik.si\/wp-content\/uploads\/2021\/09\/Edvard-Munch-Kirik-The-Scream.jpg","datePublished":"2021-09-02T16:24:58+00:00","dateModified":"2026-03-22T21:01:15+00:00","description":"Edvard Munch - The Scream - L'urlo - Riproduzioni di quadri d'arte dipinte a mano al 100% su tela. Cornici per quadri, vendita e produzione di dimensioni su ordinazione.","breadcrumb":{"@id":"https:\/\/svetslik.si\/it\/edvard-munch\/krik\/#breadcrumb"},"inLanguage":"it-IT","potentialAction":[{"@type":"ReadAction","target":["https:\/\/svetslik.si\/it\/edvard-munch\/krik\/"]}]},{"@type":"ImageObject","inLanguage":"it-IT","@id":"https:\/\/svetslik.si\/it\/edvard-munch\/krik\/#primaryimage","url":"https:\/\/svetslik.si\/wp-content\/uploads\/2021\/09\/Edvard-Munch-Kirik-The-Scream.jpg","contentUrl":"https:\/\/svetslik.si\/wp-content\/uploads\/2021\/09\/Edvard-Munch-Kirik-The-Scream.jpg","width":1000,"height":1267,"caption":"Edvard Munch - Il grido"},{"@type":"BreadcrumbList","@id":"https:\/\/svetslik.si\/it\/edvard-munch\/krik\/#breadcrumb","itemListElement":[{"@type":"ListItem","position":1,"name":"Fali m\u0171v\u00e9szet \u00e9s festm\u00e9nyek v\u00e1szonra","item":"https:\/\/svetslik.si\/it\/"},{"@type":"ListItem","position":2,"name":"Vendita di dipinti","item":"https:\/\/svetslik.si\/prodaja-slik\/"},{"@type":"ListItem","position":3,"name":"Edvard Munch &#8211; The Scream &#8211; L&#8217;urlo"}]},{"@type":"WebSite","@id":"https:\/\/svetslik.si\/it\/#website","url":"https:\/\/svetslik.si\/it\/","name":"SVETSLIK.SI","description":"100% riproduzioni dipinte a mano di quadri di pittori famosi e dipinti su tela.","publisher":{"@id":"https:\/\/svetslik.si\/it\/#organization"},"potentialAction":[{"@type":"SearchAction","target":{"@type":"EntryPoint","urlTemplate":"https:\/\/svetslik.si\/it\/?s={search_term_string}"},"query-input":{"@type":"PropertyValueSpecification","valueRequired":true,"valueName":"search_term_string"}}],"inLanguage":"it-IT"},{"@type":"Organization","@id":"https:\/\/svetslik.si\/it\/#organization","name":"SvetSlik.si","url":"https:\/\/svetslik.si\/it\/","logo":{"@type":"ImageObject","inLanguage":"it-IT","@id":"https:\/\/svetslik.si\/it\/#\/schema\/logo\/image\/","url":"https:\/\/svetslik.si\/wp-content\/uploads\/2020\/12\/logo-512.png","contentUrl":"https:\/\/svetslik.si\/wp-content\/uploads\/2020\/12\/logo-512.png","width":512,"height":512,"caption":"SvetSlik.si"},"image":{"@id":"https:\/\/svetslik.si\/it\/#\/schema\/logo\/image\/"},"sameAs":["https:\/\/www.facebook.com\/svetslik.si","https:\/\/x.com\/svetslik","https:\/\/www.instagram.com\/svetslik.si\/","https:\/\/www.linkedin.com\/company\/svetslik-si"]}]},"og_availability":"backorder","product_availability":"available for order","product_retailer_item_id":"566__","product_condition":"new"},"jetpack_sharing_enabled":true,"_links":{"self":[{"href":"https:\/\/svetslik.si\/it\/wp-json\/wp\/v2\/product\/40872","targetHints":{"allow":["GET"]}}],"collection":[{"href":"https:\/\/svetslik.si\/it\/wp-json\/wp\/v2\/product"}],"about":[{"href":"https:\/\/svetslik.si\/it\/wp-json\/wp\/v2\/types\/product"}],"wp:featuredmedia":[{"embeddable":true,"href":"https:\/\/svetslik.si\/it\/wp-json\/wp\/v2\/media\/36386"}],"wp:attachment":[{"href":"https:\/\/svetslik.si\/it\/wp-json\/wp\/v2\/media?parent=40872"}],"wp:term":[{"taxonomy":"product_brand","embeddable":true,"href":"https:\/\/svetslik.si\/it\/wp-json\/wp\/v2\/product_brand?post=40872"},{"taxonomy":"product_cat","embeddable":true,"href":"https:\/\/svetslik.si\/it\/wp-json\/wp\/v2\/product_cat?post=40872"},{"taxonomy":"product_tag","embeddable":true,"href":"https:\/\/svetslik.si\/it\/wp-json\/wp\/v2\/product_tag?post=40872"}],"curies":[{"name":"wp","href":"https:\/\/api.w.org\/{rel}","templated":true}]}}