{"id":41076,"date":"2021-09-03T14:22:56","date_gmt":"2021-09-03T12:22:56","guid":{"rendered":"https:\/\/svetslik.si\/senza-categoria\/the-sower-i\/"},"modified":"2026-03-22T14:22:33","modified_gmt":"2026-03-22T13:22:33","slug":"the-sower-i","status":"publish","type":"product","link":"https:\/\/svetslik.si\/it\/vincent-van-gogh\/the-sower-i\/","title":{"rendered":"Vincent van Gogh &#8211; The Sower I"},"content":{"rendered":"<div class=\"wpb-content-wrapper\">[vc_row css=&#8221;.vc_custom_1691325841709{margin-bottom: 10px !important;}&#8221;][vc_column]\t<div class=\"et-image-298 et-image     et_image_link\">\n\t\t<div class=\"et-image-inner \">\n\t\t\t\t\t\t\t<div class=\"et-image-thumb \">\n\t\t\t\t\t<img decoding=\"async\" width=\"1000\" height=\"827\" src=\"https:\/\/svetslik.si\/wp-content\/uploads\/2021\/09\/vincent-van-gogh-The-sower-1-reprodukcija.jpg\" class=\"attachment-full\" alt=\"vincent van gogh The Sower 1 reprodukcija\" title=\"vincent-van-gogh-The-sower-1-reprodukcija\" srcset=\"https:\/\/svetslik.si\/wp-content\/uploads\/2021\/09\/vincent-van-gogh-The-sower-1-reprodukcija.jpg 1000w, https:\/\/svetslik.si\/wp-content\/uploads\/2021\/09\/vincent-van-gogh-The-sower-1-reprodukcija-600x496.jpg 600w, https:\/\/svetslik.si\/wp-content\/uploads\/2021\/09\/vincent-van-gogh-The-sower-1-reprodukcija-300x248.jpg 300w, https:\/\/svetslik.si\/wp-content\/uploads\/2021\/09\/vincent-van-gogh-The-sower-1-reprodukcija-768x635.jpg 768w, https:\/\/svetslik.si\/wp-content\/uploads\/2021\/09\/vincent-van-gogh-The-sower-1-reprodukcija-150x124.jpg 150w, https:\/\/svetslik.si\/wp-content\/uploads\/2021\/09\/vincent-van-gogh-The-sower-1-reprodukcija-900x744.jpg 900w\" sizes=\"(max-width: 1000px) 100vw, 1000px\" \/>\t\t\t\t<\/div>\n\t\t\t\t\t\t\t\t\t\t\t<\/div>\n\t<\/div>\n  [\/vc_column][\/vc_row][vc_row][vc_column][vc_column_text]\n<h1>Vincent Van Gogh &#8211; Il seminatore I<\/h1>\n<table border=\"0\" width=\"497\" cellspacing=\"0\" cellpadding=\"0\">\n<colgroup>\n<col style=\"width: 116pt;\" width=\"154\" \/>\n<col style=\"width: 257pt;\" width=\"343\" \/> <\/colgroup>\n<tbody>\n<tr>\n<td class=\"xl24\" width=\"154\" height=\"21\">Anno di creazione:<\/td>\n<td class=\"xl25\" width=\"343\">1888<\/td>\n<\/tr>\n<tr>\n<td class=\"xl24\" width=\"154\" height=\"21\">Dimensione originale:<\/td>\n<td class=\"xl24\" width=\"343\">80,3 cm x 64,2 cm<\/td>\n<\/tr>\n<tr>\n<td class=\"xl24\" width=\"154\" height=\"21\">Stile colore:<\/td>\n<td class=\"xl24\" width=\"343\">Post-impressionismo<\/td>\n<\/tr>\n<tr>\n<td class=\"xl24\" width=\"154\" height=\"21\">Tecnica originale:<\/td>\n<td class=\"xl25\" width=\"343\">Olio su tela<\/td>\n<\/tr>\n<tr>\n<td class=\"xl24\" width=\"154\" height=\"21\">Situato:<\/td>\n<td class=\"xl25\" width=\"343\">Museo Kr\u00f6ller-M\u00fcller, Otterlo, Paesi Bassi<\/td>\n<\/tr>\n<\/tbody>\n<\/table>\n<p>Van Gogh ha dipinto diverse versioni del seminatore sotto il tema del sole al tramonto.<\/p>\n<p>&#8220;Il seminatore I&#8221;, dipinto nel 1888 dall&#8217;artista olandese Vincent van Gogh, \u00e8 un dipinto potente e sorprendente che raffigura la passione dell&#8217;artista per la natura e la condizione umana. Il dipinto mostra un seminatore solitario, stagliato contro un vivido cielo arancione e giallo, che sparge semi in un campo arido. Il dipinto \u00e8 ampiamente riconosciuto per le sue pennellate audaci, l&#8217;emotivit\u00e0 e il forte simbolismo.<\/p>\n<p>La semina I \u00e8 un eccellente esempio dello stile post-impressionista di Van Gogh, caratterizzato da pennellate dense e visibili, colori vivaci e contrasti audaci. Le pennellate audaci e i colori vibranti nel dipinto creano un senso di movimento ed energia, mentre il cielo arancione e giallo crea un senso di drammaticit\u00e0 e tensione. Il seminatore, raffigurato in bianco e nero, si staglia dal cielo vibrante e crea un contrasto sorprendente.<\/p>\n<p>Una delle caratteristiche pi\u00f9 sorprendenti del dipinto &#8220;Seminatore I&#8221; \u00e8 l&#8217;uso del colore. L&#8217;uso di Van Gogh di colori audaci e contrastanti crea un senso di movimento ed energia nel dipinto, e il cielo arancione e giallo \u00e8 raffigurato in una moltitudine di colori arancioni e gialli, creando un senso di profondit\u00e0 e dimensione. Notevoli anche le pennellate, con tratti spessi e visibili che danno al dipinto un senso di movimento ed energia.<\/p>\n<p>Anche il simbolismo del dipinto \u00e8 ricco. Il seminatore \u00e8 spesso visto come un simbolo di speranza e del ciclo della vita mentre sparge semi in un campo arido, simboleggiando la possibilit\u00e0 di crescita e rinnovamento. Il cielo arancione e giallo pu\u00f2 essere inteso come un simbolo del passare del tempo e della caducit\u00e0 della vita. Si dice che il dipinto rappresenti lo stato emotivo di Van Gogh in quel momento. Si ritiene che il dipinto sia stato creato in un momento in cui Van Gogh era molto irrequieto ed emotivamente disturbato, e si dice che il dipinto sia un riflesso del suo tumulto interiore.<\/p>\n<p>Il dipinto Il seminatore I \u00e8 considerato una delle opere pi\u00f9 forti ed emozionanti di Van Gogh. Il dipinto \u00e8 conservato nel Museo Kr\u00f6ller-M\u00fcller di Otterl, nei Paesi Bassi. \u00c8 un&#8217;importante opera di post-impressionismo che \u00e8 ancora ammirata e studiata sia da dilettanti che da esperti.<\/p>\n<p>In breve, &#8220;The Sower I&#8221; \u00e8 un dipinto magistrale che mostra le pennellate audaci, l&#8217;emotivit\u00e0 e il forte simbolismo che caratterizzano lo stile post-impressionista di Vincent van Gogh. L&#8217;uso del colore e delle pennellate nel dipinto crea un senso di movimento ed energia, mentre il seminatore simboleggia la speranza e il ciclo della vita. Il dipinto \u00e8 considerato una delle opere pi\u00f9 potenti ed emozionanti di van Gogh. \u00c8 ospitato nel Museo Kr\u00f6ller-M\u00fcller di Otterl, nei Paesi Bassi, dove \u00e8 ancora ammirato e studiato da dilettanti ed esperti. Painter I \u00e8 un dipinto potente ed emozionante che parla della condizione umana e della bellezza della natura. Ancora oggi ispira e influenza gli artisti. Le sue immagini iconiche e la sua emotivit\u00e0 rendono il dipinto una delle opere pi\u00f9 riconoscibili e popolari del post-impressionismo, rendendolo un must per qualsiasi amante dell&#8217;arte o chiunque sia interessato all&#8217;opera di Vincent van Gogh. Il potente simbolismo e le straordinarie immagini rendono l&#8217;immagine un capolavoro duraturo che risuoner\u00e0 con gli spettatori per gli anni a venire.<\/p>\n<\/div>","protected":false},"excerpt":{"rendered":"<p>[vc_row css=&#8221;.vc_custom_1691325841709{margin-bottom: 10px !important;}&#8221;][vc_column][\/vc_column][\/vc_row][vc_row][vc_column][vc_column_text] Vincent Van Gogh &#8211; Il seminatore I Anno di creazione: 1888 Dimensione originale: 80,3 cm x 64,2 cm Stile colore: Post-impressionismo Tecnica originale: Olio su tela Situato: Museo Kr\u00f6ller-M\u00fcller, Otterlo, Paesi Bassi Van Gogh ha dipinto diverse versioni del seminatore sotto il tema del sole al [&hellip;]<\/p>\n","protected":false},"featured_media":35757,"template":"","meta":{"_acf_changed":false},"product_brand":[],"product_cat":[4189],"product_tag":[4246,4245,4253,4265],"class_list":{"0":"post-41076","1":"product","2":"type-product","3":"status-publish","4":"has-post-thumbnail","6":"product_cat-vincent-van-gogh","7":"product_tag-riproduzione-it","8":"product_tag-riproduzione","9":"product_tag-un-pittore","10":"product_tag-van-gogh-it","11":"pa_dimenzija-40-x-30-cm-it","12":"pa_oblika-orizzontale","13":"pa_okvir-sensa-cornice","14":"pa_podokvir-no","15":"pa_podokvir-si","17":"first","18":"onbackorder","19":"purchasable","20":"product-type-variable","21":"has-default-attributes"},"acf":[],"yoast_head":"<!-- This site is optimized with the Yoast SEO Premium plugin v26.0 (Yoast SEO v27.2) - https:\/\/yoast.com\/product\/yoast-seo-premium-wordpress\/ -->\n<title>Vincent van Gogh - The Sower I - SVETSLIK.SI - Dipinti a mano al 100%<\/title>\n<meta name=\"description\" content=\"Vincent van Gogh - The Sower I - Riproduzioni di quadri d&#039;arte dipinte a mano al 100% su tela. Cornici per quadri, vendita e produzione di dimensioni su ordinazione.\" \/>\n<meta name=\"robots\" content=\"index, follow, max-snippet:-1, max-image-preview:large, max-video-preview:-1\" \/>\n<link rel=\"canonical\" href=\"https:\/\/svetslik.si\/it\/vincent-van-gogh\/the-sower-i\/\" \/>\n<meta property=\"og:locale\" content=\"it_IT\" \/>\n<meta property=\"og:type\" content=\"article\" \/>\n<meta property=\"og:title\" content=\"Vincent van Gogh - The Sower I\" \/>\n<meta property=\"og:description\" content=\"100% ro\u010dno naslikane slike na platnu, reprodukcije znanih slikarjev in umetni\u0161ke slike po naro\u010dilu.\" \/>\n<meta property=\"og:url\" content=\"https:\/\/svetslik.si\/it\/vincent-van-gogh\/the-sower-i\/\" \/>\n<meta property=\"og:site_name\" content=\"SVETSLIK.SI\" \/>\n<meta property=\"article:publisher\" content=\"https:\/\/www.facebook.com\/svetslik.si\" \/>\n<meta property=\"article:modified_time\" content=\"2026-03-22T13:22:33+00:00\" \/>\n<meta property=\"og:image\" content=\"https:\/\/svetslik.si\/wp-content\/uploads\/2021\/08\/image_The-Sower-I-Van-Gogh_680.jpg\" \/>\n\t<meta property=\"og:image:width\" content=\"1800\" \/>\n\t<meta property=\"og:image:height\" content=\"1428\" \/>\n\t<meta property=\"og:image:type\" content=\"image\/jpeg\" \/>\n<meta name=\"twitter:card\" content=\"summary_large_image\" \/>\n<meta name=\"twitter:site\" content=\"@svetslik\" \/>\n<meta name=\"twitter:label1\" content=\"Disponibilit\u00e0\" \/>\n\t<meta name=\"twitter:data1\" content=\"Su ordinazione\" \/>\n<script type=\"application\/ld+json\" class=\"yoast-schema-graph\">{\"@context\":\"https:\/\/schema.org\",\"@graph\":[{\"@type\":[\"WebPage\",\"ItemPage\"],\"@id\":\"https:\/\/svetslik.si\/it\/vincent-van-gogh\/the-sower-i\/\",\"url\":\"https:\/\/svetslik.si\/it\/vincent-van-gogh\/the-sower-i\/\",\"name\":\"Vincent van Gogh - The Sower I - SVETSLIK.SI - Dipinti a mano al 100%\",\"isPartOf\":{\"@id\":\"https:\/\/svetslik.si\/it\/#website\"},\"primaryImageOfPage\":{\"@id\":\"https:\/\/svetslik.si\/it\/vincent-van-gogh\/the-sower-i\/#primaryimage\"},\"image\":{\"@id\":\"https:\/\/svetslik.si\/it\/vincent-van-gogh\/the-sower-i\/#primaryimage\"},\"thumbnailUrl\":\"https:\/\/svetslik.si\/wp-content\/uploads\/2021\/08\/image_The-Sower-I-Van-Gogh_680.jpg\",\"datePublished\":\"2021-09-03T12:22:56+00:00\",\"dateModified\":\"2026-03-22T13:22:33+00:00\",\"description\":\"Vincent van Gogh - The Sower I - Riproduzioni di quadri d'arte dipinte a mano al 100% su tela. Cornici per quadri, vendita e produzione di dimensioni su ordinazione.\",\"breadcrumb\":{\"@id\":\"https:\/\/svetslik.si\/it\/vincent-van-gogh\/the-sower-i\/#breadcrumb\"},\"inLanguage\":\"it-IT\",\"potentialAction\":[{\"@type\":\"ReadAction\",\"target\":[\"https:\/\/svetslik.si\/it\/vincent-van-gogh\/the-sower-i\/\"]}]},{\"@type\":\"ImageObject\",\"inLanguage\":\"it-IT\",\"@id\":\"https:\/\/svetslik.si\/it\/vincent-van-gogh\/the-sower-i\/#primaryimage\",\"url\":\"https:\/\/svetslik.si\/wp-content\/uploads\/2021\/08\/image_The-Sower-I-Van-Gogh_680.jpg\",\"contentUrl\":\"https:\/\/svetslik.si\/wp-content\/uploads\/2021\/08\/image_The-Sower-I-Van-Gogh_680.jpg\",\"width\":1800,\"height\":1428,\"caption\":\"Henri Rousseau La gitana addormentata Riproduzioni dipinte a mano di famosi pittori, quadri moderni, quadri artistici per la parete\"},{\"@type\":\"BreadcrumbList\",\"@id\":\"https:\/\/svetslik.si\/it\/vincent-van-gogh\/the-sower-i\/#breadcrumb\",\"itemListElement\":[{\"@type\":\"ListItem\",\"position\":1,\"name\":\"Fali m\u0171v\u00e9szet \u00e9s festm\u00e9nyek v\u00e1szonra\",\"item\":\"https:\/\/svetslik.si\/it\/\"},{\"@type\":\"ListItem\",\"position\":2,\"name\":\"Vendita di dipinti\",\"item\":\"https:\/\/svetslik.si\/prodaja-slik\/\"},{\"@type\":\"ListItem\",\"position\":3,\"name\":\"Vincent van Gogh &#8211; The Sower I\"}]},{\"@type\":\"WebSite\",\"@id\":\"https:\/\/svetslik.si\/it\/#website\",\"url\":\"https:\/\/svetslik.si\/it\/\",\"name\":\"SVETSLIK.SI\",\"description\":\"100% riproduzioni dipinte a mano di quadri di pittori famosi e dipinti su tela.\",\"publisher\":{\"@id\":\"https:\/\/svetslik.si\/it\/#organization\"},\"potentialAction\":[{\"@type\":\"SearchAction\",\"target\":{\"@type\":\"EntryPoint\",\"urlTemplate\":\"https:\/\/svetslik.si\/it\/?s={search_term_string}\"},\"query-input\":{\"@type\":\"PropertyValueSpecification\",\"valueRequired\":true,\"valueName\":\"search_term_string\"}}],\"inLanguage\":\"it-IT\"},{\"@type\":\"Organization\",\"@id\":\"https:\/\/svetslik.si\/it\/#organization\",\"name\":\"SvetSlik.si\",\"url\":\"https:\/\/svetslik.si\/it\/\",\"logo\":{\"@type\":\"ImageObject\",\"inLanguage\":\"it-IT\",\"@id\":\"https:\/\/svetslik.si\/it\/#\/schema\/logo\/image\/\",\"url\":\"https:\/\/svetslik.si\/wp-content\/uploads\/2020\/12\/logo-512.png\",\"contentUrl\":\"https:\/\/svetslik.si\/wp-content\/uploads\/2020\/12\/logo-512.png\",\"width\":512,\"height\":512,\"caption\":\"SvetSlik.si\"},\"image\":{\"@id\":\"https:\/\/svetslik.si\/it\/#\/schema\/logo\/image\/\"},\"sameAs\":[\"https:\/\/www.facebook.com\/svetslik.si\",\"https:\/\/x.com\/svetslik\",\"https:\/\/www.instagram.com\/svetslik.si\/\",\"https:\/\/www.linkedin.com\/company\/svetslik-si\"]}]}<\/script>\n<meta property=\"og:availability\" content=\"backorder\" \/>\n<meta property=\"product:availability\" content=\"available for order\" \/>\n<meta property=\"product:retailer_item_id\" content=\"409__\" \/>\n<meta property=\"product:condition\" content=\"new\" \/>\n<!-- \/ Yoast SEO Premium plugin. -->","yoast_head_json":{"title":"Vincent van Gogh - The Sower I - SVETSLIK.SI - Dipinti a mano al 100%","description":"Vincent van Gogh - The Sower I - Riproduzioni di quadri d'arte dipinte a mano al 100% su tela. Cornici per quadri, vendita e produzione di dimensioni su ordinazione.","robots":{"index":"index","follow":"follow","max-snippet":"max-snippet:-1","max-image-preview":"max-image-preview:large","max-video-preview":"max-video-preview:-1"},"canonical":"https:\/\/svetslik.si\/it\/vincent-van-gogh\/the-sower-i\/","og_locale":"it_IT","og_type":"article","og_title":"Vincent van Gogh - The Sower I","og_description":"100% ro\u010dno naslikane slike na platnu, reprodukcije znanih slikarjev in umetni\u0161ke slike po naro\u010dilu.","og_url":"https:\/\/svetslik.si\/it\/vincent-van-gogh\/the-sower-i\/","og_site_name":"SVETSLIK.SI","article_publisher":"https:\/\/www.facebook.com\/svetslik.si","article_modified_time":"2026-03-22T13:22:33+00:00","og_image":[{"width":1800,"height":1428,"url":"https:\/\/svetslik.si\/wp-content\/uploads\/2021\/08\/image_The-Sower-I-Van-Gogh_680.jpg","type":"image\/jpeg"}],"twitter_card":"summary_large_image","twitter_site":"@svetslik","twitter_misc":{"Disponibilit\u00e0":"Su ordinazione"},"schema":{"@context":"https:\/\/schema.org","@graph":[{"@type":["WebPage","ItemPage"],"@id":"https:\/\/svetslik.si\/it\/vincent-van-gogh\/the-sower-i\/","url":"https:\/\/svetslik.si\/it\/vincent-van-gogh\/the-sower-i\/","name":"Vincent van Gogh - The Sower I - SVETSLIK.SI - Dipinti a mano al 100%","isPartOf":{"@id":"https:\/\/svetslik.si\/it\/#website"},"primaryImageOfPage":{"@id":"https:\/\/svetslik.si\/it\/vincent-van-gogh\/the-sower-i\/#primaryimage"},"image":{"@id":"https:\/\/svetslik.si\/it\/vincent-van-gogh\/the-sower-i\/#primaryimage"},"thumbnailUrl":"https:\/\/svetslik.si\/wp-content\/uploads\/2021\/08\/image_The-Sower-I-Van-Gogh_680.jpg","datePublished":"2021-09-03T12:22:56+00:00","dateModified":"2026-03-22T13:22:33+00:00","description":"Vincent van Gogh - The Sower I - Riproduzioni di quadri d'arte dipinte a mano al 100% su tela. Cornici per quadri, vendita e produzione di dimensioni su ordinazione.","breadcrumb":{"@id":"https:\/\/svetslik.si\/it\/vincent-van-gogh\/the-sower-i\/#breadcrumb"},"inLanguage":"it-IT","potentialAction":[{"@type":"ReadAction","target":["https:\/\/svetslik.si\/it\/vincent-van-gogh\/the-sower-i\/"]}]},{"@type":"ImageObject","inLanguage":"it-IT","@id":"https:\/\/svetslik.si\/it\/vincent-van-gogh\/the-sower-i\/#primaryimage","url":"https:\/\/svetslik.si\/wp-content\/uploads\/2021\/08\/image_The-Sower-I-Van-Gogh_680.jpg","contentUrl":"https:\/\/svetslik.si\/wp-content\/uploads\/2021\/08\/image_The-Sower-I-Van-Gogh_680.jpg","width":1800,"height":1428,"caption":"Henri Rousseau La gitana addormentata Riproduzioni dipinte a mano di famosi pittori, quadri moderni, quadri artistici per la parete"},{"@type":"BreadcrumbList","@id":"https:\/\/svetslik.si\/it\/vincent-van-gogh\/the-sower-i\/#breadcrumb","itemListElement":[{"@type":"ListItem","position":1,"name":"Fali m\u0171v\u00e9szet \u00e9s festm\u00e9nyek v\u00e1szonra","item":"https:\/\/svetslik.si\/it\/"},{"@type":"ListItem","position":2,"name":"Vendita di dipinti","item":"https:\/\/svetslik.si\/prodaja-slik\/"},{"@type":"ListItem","position":3,"name":"Vincent van Gogh &#8211; The Sower I"}]},{"@type":"WebSite","@id":"https:\/\/svetslik.si\/it\/#website","url":"https:\/\/svetslik.si\/it\/","name":"SVETSLIK.SI","description":"100% riproduzioni dipinte a mano di quadri di pittori famosi e dipinti su tela.","publisher":{"@id":"https:\/\/svetslik.si\/it\/#organization"},"potentialAction":[{"@type":"SearchAction","target":{"@type":"EntryPoint","urlTemplate":"https:\/\/svetslik.si\/it\/?s={search_term_string}"},"query-input":{"@type":"PropertyValueSpecification","valueRequired":true,"valueName":"search_term_string"}}],"inLanguage":"it-IT"},{"@type":"Organization","@id":"https:\/\/svetslik.si\/it\/#organization","name":"SvetSlik.si","url":"https:\/\/svetslik.si\/it\/","logo":{"@type":"ImageObject","inLanguage":"it-IT","@id":"https:\/\/svetslik.si\/it\/#\/schema\/logo\/image\/","url":"https:\/\/svetslik.si\/wp-content\/uploads\/2020\/12\/logo-512.png","contentUrl":"https:\/\/svetslik.si\/wp-content\/uploads\/2020\/12\/logo-512.png","width":512,"height":512,"caption":"SvetSlik.si"},"image":{"@id":"https:\/\/svetslik.si\/it\/#\/schema\/logo\/image\/"},"sameAs":["https:\/\/www.facebook.com\/svetslik.si","https:\/\/x.com\/svetslik","https:\/\/www.instagram.com\/svetslik.si\/","https:\/\/www.linkedin.com\/company\/svetslik-si"]}]},"og_availability":"backorder","product_availability":"available for order","product_retailer_item_id":"409__","product_condition":"new"},"jetpack_sharing_enabled":true,"_links":{"self":[{"href":"https:\/\/svetslik.si\/it\/wp-json\/wp\/v2\/product\/41076","targetHints":{"allow":["GET"]}}],"collection":[{"href":"https:\/\/svetslik.si\/it\/wp-json\/wp\/v2\/product"}],"about":[{"href":"https:\/\/svetslik.si\/it\/wp-json\/wp\/v2\/types\/product"}],"wp:featuredmedia":[{"embeddable":true,"href":"https:\/\/svetslik.si\/it\/wp-json\/wp\/v2\/media\/35757"}],"wp:attachment":[{"href":"https:\/\/svetslik.si\/it\/wp-json\/wp\/v2\/media?parent=41076"}],"wp:term":[{"taxonomy":"product_brand","embeddable":true,"href":"https:\/\/svetslik.si\/it\/wp-json\/wp\/v2\/product_brand?post=41076"},{"taxonomy":"product_cat","embeddable":true,"href":"https:\/\/svetslik.si\/it\/wp-json\/wp\/v2\/product_cat?post=41076"},{"taxonomy":"product_tag","embeddable":true,"href":"https:\/\/svetslik.si\/it\/wp-json\/wp\/v2\/product_tag?post=41076"}],"curies":[{"name":"wp","href":"https:\/\/api.w.org\/{rel}","templated":true}]}}