{"id":41149,"date":"2021-09-20T15:12:19","date_gmt":"2021-09-20T13:12:19","guid":{"rendered":"https:\/\/svetslik.si\/senza-categoria\/adam-and-eve-2\/"},"modified":"2026-03-22T14:25:04","modified_gmt":"2026-03-22T13:25:04","slug":"adam-and-eve-2","status":"publish","type":"product","link":"https:\/\/svetslik.si\/it\/gustav-klimt\/adam-and-eve-2\/","title":{"rendered":"Gustav Klim &#8211; Adam and Eve"},"content":{"rendered":"<div class=\"wpb-content-wrapper\">[vc_row][\/vc_row][vc_column][vc_column_text]\n<h1>Gustav Klimt &#8211; Adamo ed Eva<\/h1>\n<p>&#8220;Adamo ed Eva&#8221;, dipinto dall&#8217;artista austriaco Gustav Klimt nel 1913-1914, \u00e8 considerato una delle opere pi\u00f9 controverse e stimolanti dell&#8217;artista. Il dipinto raffigura le figure bibliche di Adamo ed Eva nel Giardino dell&#8217;Eden, con Eva che offre ad Adamo una mela, evento che segna la caduta dell&#8217;umanit\u00e0 nella narrazione biblica.<\/p>\n<p>Il dipinto \u00e8 un eccellente esempio dello stile Art Nouveau di Klimt, caratterizzato dall&#8217;uso di motivi elaborati, colori audaci e temi sensuali. Adamo ed Eva sono raffigurati in modo altamente stilizzato, con arti allungati e tratti del viso semplificati, conferendo all&#8217;immagine una qualit\u00e0 ultraterrena e onirica.<\/p>\n<p>Una delle caratteristiche pi\u00f9 sorprendenti di &#8220;Adamo ed Eva&#8221; \u00e8 l&#8217;uso di colori audaci e motivi intricati. Il dipinto \u00e8 un tripudio di colori, con Adamo, Eva e lo sfondo tutti composti da motivi vorticosi e intrecciati. L&#8217;uso del colore e del motivo crea un senso di movimento e fluidit\u00e0, che \u00e8 appropriato dato il tema del dipinto del peccato originale e delle sue conseguenze.<\/p>\n<p>Anche il simbolismo del dipinto \u00e8 ricco. Adamo ed Eva sono spesso visti come simboli di innocenza, tentazione e caduta dell&#8217;umanit\u00e0. La mela che Eva offre ad Adamo potrebbe rappresentare la tentazione della conoscenza e il desiderio del frutto proibito. Lo sfondo del dipinto \u00e8 anche pieno di simboli della natura, come un serpente e un albero, che hanno anche un profondo significato simbolico nella storia biblica.<\/p>\n<p>La prima mostra non fu ben accolta dalla critica a causa della sua natura sensuale ed erotica, ritenuta inappropriata per la raffigurazione di figure bibliche. \u00c8 stato anche pesantemente criticato per aver raffigurato la nudit\u00e0 e aver deviato dall&#8217;arte religiosa tradizionale. Nonostante le polemiche, da allora il dipinto \u00e8 diventato una delle opere pi\u00f9 riconoscibili e celebrate di Klimt. Attualmente si trova alla Neue Galerie di New York.<\/p>\n<p>Tutto sommato, &#8220;Adamo ed Eva&#8221; \u00e8 un dipinto controverso e stimolante che mostra i motivi riccamente decorati, i colori audaci e il tema sensuale che sono i tratti distintivi dello stile art nouveau di Gustav Klimt. L&#8217;uso del colore e del motivo nel dipinto crea un senso di movimento e fluidit\u00e0, mentre Adamo ed Eva simboleggiano l&#8217;innocenza, la tentazione e la caduta dell&#8217;umanit\u00e0. Il dipinto non \u00e8 stato ben accolto dalla critica quando \u00e8 stato esposto per la prima volta a causa della sua natura sensuale ed erotica, ma da allora \u00e8 diventato una delle opere pi\u00f9 riconoscibili e celebrate di Klimt ed \u00e8 attualmente ospitato presso la Neue Galerie di New York.[\/vc_column_text][\/vc_column]\n<\/div>","protected":false},"excerpt":{"rendered":"<p>[vc_row][\/vc_row][vc_column][vc_column_text] Gustav Klimt &#8211; Adamo ed Eva &#8220;Adamo ed Eva&#8221;, dipinto dall&#8217;artista austriaco Gustav Klimt nel 1913-1914, \u00e8 considerato una delle opere pi\u00f9 controverse e stimolanti dell&#8217;artista. Il dipinto raffigura le figure bibliche di Adamo ed Eva nel Giardino dell&#8217;Eden, con Eva che offre ad Adamo una mela, evento che [&hellip;]<\/p>\n","protected":false},"featured_media":34869,"template":"","meta":{"_acf_changed":false},"product_brand":[],"product_cat":[4182],"product_tag":[4220,4224,4245,4246,4253],"class_list":{"0":"post-41149","1":"product","2":"type-product","3":"status-publish","4":"has-post-thumbnail","6":"product_cat-gustav-klimt","7":"product_tag-gustav-klimt-it","8":"product_tag-klimt-it","9":"product_tag-riproduzione","10":"product_tag-riproduzione-it","11":"product_tag-un-pittore","12":"pa_dimenzija-30-x-90-cm-it","13":"pa_dimenzija-40-x-110-cm-it","14":"pa_dimenzija-50-x-140-cm-it","15":"pa_dimenzija-60-x-173-cm-it","16":"pa_dimenzija-70-x-200-cm-it","17":"pa_dimenzija-75-x-210-cm-it","18":"pa_dimenzija-80-x-230-cm-it","19":"pa_dimenzija-90-x-260-cm-it","20":"pa_oblika-verticale","21":"pa_okvir-sensa-cornice","22":"pa_podokvir-no","23":"pa_podokvir-si","25":"first","26":"onbackorder","27":"purchasable","28":"product-type-variable","29":"has-default-attributes"},"acf":[],"yoast_head":"<!-- This site is optimized with the Yoast SEO Premium plugin v26.0 (Yoast SEO v27.2) - https:\/\/yoast.com\/product\/yoast-seo-premium-wordpress\/ -->\n<title>Gustav Klim - Adam and Eve - SVETSLIK.SI - Dipinti a mano al 100%<\/title>\n<meta name=\"description\" content=\"Gustav Klim - Adam and Eve - Riproduzioni di quadri d&#039;arte dipinte a mano al 100% su tela. Cornici per quadri, vendita e produzione di dimensioni su ordinazione.\" \/>\n<meta name=\"robots\" content=\"index, follow, max-snippet:-1, max-image-preview:large, max-video-preview:-1\" \/>\n<link rel=\"canonical\" href=\"https:\/\/svetslik.si\/it\/gustav-klimt\/adam-and-eve-2\/\" \/>\n<meta property=\"og:locale\" content=\"it_IT\" \/>\n<meta property=\"og:type\" content=\"article\" \/>\n<meta property=\"og:title\" content=\"Gustav Klim - Adam and Eve\" \/>\n<meta property=\"og:description\" content=\"100% ro\u010dno naslikane slike na platnu, reprodukcije znanih slikarjev in umetni\u0161ke slike po naro\u010dilu.\" \/>\n<meta property=\"og:url\" content=\"https:\/\/svetslik.si\/it\/gustav-klimt\/adam-and-eve-2\/\" \/>\n<meta property=\"og:site_name\" content=\"SVETSLIK.SI\" \/>\n<meta property=\"article:publisher\" content=\"https:\/\/www.facebook.com\/svetslik.si\" \/>\n<meta property=\"article:modified_time\" content=\"2026-03-22T13:25:04+00:00\" \/>\n<meta property=\"og:image\" content=\"https:\/\/svetslik.si\/wp-content\/uploads\/2021\/08\/image_Adam-and-Eve-Gustva-Klimt_680.jpg\" \/>\n\t<meta property=\"og:image:width\" content=\"671\" \/>\n\t<meta property=\"og:image:height\" content=\"2049\" \/>\n\t<meta property=\"og:image:type\" content=\"image\/jpeg\" \/>\n<meta name=\"twitter:card\" content=\"summary_large_image\" \/>\n<meta name=\"twitter:site\" content=\"@svetslik\" \/>\n<meta name=\"twitter:label1\" content=\"Disponibilit\u00e0\" \/>\n\t<meta name=\"twitter:data1\" content=\"Su ordinazione\" \/>\n<script type=\"application\/ld+json\" class=\"yoast-schema-graph\">{\"@context\":\"https:\/\/schema.org\",\"@graph\":[{\"@type\":[\"WebPage\",\"ItemPage\"],\"@id\":\"https:\/\/svetslik.si\/it\/gustav-klimt\/adam-and-eve-2\/\",\"url\":\"https:\/\/svetslik.si\/it\/gustav-klimt\/adam-and-eve-2\/\",\"name\":\"Gustav Klim - Adam and Eve - SVETSLIK.SI - Dipinti a mano al 100%\",\"isPartOf\":{\"@id\":\"https:\/\/svetslik.si\/it\/#website\"},\"primaryImageOfPage\":{\"@id\":\"https:\/\/svetslik.si\/it\/gustav-klimt\/adam-and-eve-2\/#primaryimage\"},\"image\":{\"@id\":\"https:\/\/svetslik.si\/it\/gustav-klimt\/adam-and-eve-2\/#primaryimage\"},\"thumbnailUrl\":\"https:\/\/svetslik.si\/wp-content\/uploads\/2021\/08\/image_Adam-and-Eve-Gustva-Klimt_680.jpg\",\"datePublished\":\"2021-09-20T13:12:19+00:00\",\"dateModified\":\"2026-03-22T13:25:04+00:00\",\"description\":\"Gustav Klim - Adam and Eve - Riproduzioni di quadri d'arte dipinte a mano al 100% su tela. Cornici per quadri, vendita e produzione di dimensioni su ordinazione.\",\"breadcrumb\":{\"@id\":\"https:\/\/svetslik.si\/it\/gustav-klimt\/adam-and-eve-2\/#breadcrumb\"},\"inLanguage\":\"it-IT\",\"potentialAction\":[{\"@type\":\"ReadAction\",\"target\":[\"https:\/\/svetslik.si\/it\/gustav-klimt\/adam-and-eve-2\/\"]}]},{\"@type\":\"ImageObject\",\"inLanguage\":\"it-IT\",\"@id\":\"https:\/\/svetslik.si\/it\/gustav-klimt\/adam-and-eve-2\/#primaryimage\",\"url\":\"https:\/\/svetslik.si\/wp-content\/uploads\/2021\/08\/image_Adam-and-Eve-Gustva-Klimt_680.jpg\",\"contentUrl\":\"https:\/\/svetslik.si\/wp-content\/uploads\/2021\/08\/image_Adam-and-Eve-Gustva-Klimt_680.jpg\",\"width\":671,\"height\":2049,\"caption\":\"Gustav Klimt - Adamo ed Eva - Quadri riproduzioni, dipinti murali dipinti a mano, olio su tela, quadri a olio, quadri artistici, quadri moderni per pareti, quadri ambientali, quadri astratti, quadri decorativi\"},{\"@type\":\"BreadcrumbList\",\"@id\":\"https:\/\/svetslik.si\/it\/gustav-klimt\/adam-and-eve-2\/#breadcrumb\",\"itemListElement\":[{\"@type\":\"ListItem\",\"position\":1,\"name\":\"Fali m\u0171v\u00e9szet \u00e9s festm\u00e9nyek v\u00e1szonra\",\"item\":\"https:\/\/svetslik.si\/it\/\"},{\"@type\":\"ListItem\",\"position\":2,\"name\":\"Vendita di dipinti\",\"item\":\"https:\/\/svetslik.si\/prodaja-slik\/\"},{\"@type\":\"ListItem\",\"position\":3,\"name\":\"Gustav Klim &#8211; Adam and Eve\"}]},{\"@type\":\"WebSite\",\"@id\":\"https:\/\/svetslik.si\/it\/#website\",\"url\":\"https:\/\/svetslik.si\/it\/\",\"name\":\"SVETSLIK.SI\",\"description\":\"100% riproduzioni dipinte a mano di quadri di pittori famosi e dipinti su tela.\",\"publisher\":{\"@id\":\"https:\/\/svetslik.si\/it\/#organization\"},\"potentialAction\":[{\"@type\":\"SearchAction\",\"target\":{\"@type\":\"EntryPoint\",\"urlTemplate\":\"https:\/\/svetslik.si\/it\/?s={search_term_string}\"},\"query-input\":{\"@type\":\"PropertyValueSpecification\",\"valueRequired\":true,\"valueName\":\"search_term_string\"}}],\"inLanguage\":\"it-IT\"},{\"@type\":\"Organization\",\"@id\":\"https:\/\/svetslik.si\/it\/#organization\",\"name\":\"SvetSlik.si\",\"url\":\"https:\/\/svetslik.si\/it\/\",\"logo\":{\"@type\":\"ImageObject\",\"inLanguage\":\"it-IT\",\"@id\":\"https:\/\/svetslik.si\/it\/#\/schema\/logo\/image\/\",\"url\":\"https:\/\/svetslik.si\/wp-content\/uploads\/2020\/12\/logo-512.png\",\"contentUrl\":\"https:\/\/svetslik.si\/wp-content\/uploads\/2020\/12\/logo-512.png\",\"width\":512,\"height\":512,\"caption\":\"SvetSlik.si\"},\"image\":{\"@id\":\"https:\/\/svetslik.si\/it\/#\/schema\/logo\/image\/\"},\"sameAs\":[\"https:\/\/www.facebook.com\/svetslik.si\",\"https:\/\/x.com\/svetslik\",\"https:\/\/www.instagram.com\/svetslik.si\/\",\"https:\/\/www.linkedin.com\/company\/svetslik-si\"]}]}<\/script>\n<meta property=\"og:availability\" content=\"backorder\" \/>\n<meta property=\"product:availability\" content=\"available for order\" \/>\n<meta property=\"product:retailer_item_id\" content=\"556__\" \/>\n<meta property=\"product:condition\" content=\"new\" \/>\n<!-- \/ Yoast SEO Premium plugin. -->","yoast_head_json":{"title":"Gustav Klim - Adam and Eve - SVETSLIK.SI - Dipinti a mano al 100%","description":"Gustav Klim - Adam and Eve - Riproduzioni di quadri d'arte dipinte a mano al 100% su tela. Cornici per quadri, vendita e produzione di dimensioni su ordinazione.","robots":{"index":"index","follow":"follow","max-snippet":"max-snippet:-1","max-image-preview":"max-image-preview:large","max-video-preview":"max-video-preview:-1"},"canonical":"https:\/\/svetslik.si\/it\/gustav-klimt\/adam-and-eve-2\/","og_locale":"it_IT","og_type":"article","og_title":"Gustav Klim - Adam and Eve","og_description":"100% ro\u010dno naslikane slike na platnu, reprodukcije znanih slikarjev in umetni\u0161ke slike po naro\u010dilu.","og_url":"https:\/\/svetslik.si\/it\/gustav-klimt\/adam-and-eve-2\/","og_site_name":"SVETSLIK.SI","article_publisher":"https:\/\/www.facebook.com\/svetslik.si","article_modified_time":"2026-03-22T13:25:04+00:00","og_image":[{"width":671,"height":2049,"url":"https:\/\/svetslik.si\/wp-content\/uploads\/2021\/08\/image_Adam-and-Eve-Gustva-Klimt_680.jpg","type":"image\/jpeg"}],"twitter_card":"summary_large_image","twitter_site":"@svetslik","twitter_misc":{"Disponibilit\u00e0":"Su ordinazione"},"schema":{"@context":"https:\/\/schema.org","@graph":[{"@type":["WebPage","ItemPage"],"@id":"https:\/\/svetslik.si\/it\/gustav-klimt\/adam-and-eve-2\/","url":"https:\/\/svetslik.si\/it\/gustav-klimt\/adam-and-eve-2\/","name":"Gustav Klim - Adam and Eve - SVETSLIK.SI - Dipinti a mano al 100%","isPartOf":{"@id":"https:\/\/svetslik.si\/it\/#website"},"primaryImageOfPage":{"@id":"https:\/\/svetslik.si\/it\/gustav-klimt\/adam-and-eve-2\/#primaryimage"},"image":{"@id":"https:\/\/svetslik.si\/it\/gustav-klimt\/adam-and-eve-2\/#primaryimage"},"thumbnailUrl":"https:\/\/svetslik.si\/wp-content\/uploads\/2021\/08\/image_Adam-and-Eve-Gustva-Klimt_680.jpg","datePublished":"2021-09-20T13:12:19+00:00","dateModified":"2026-03-22T13:25:04+00:00","description":"Gustav Klim - Adam and Eve - Riproduzioni di quadri d'arte dipinte a mano al 100% su tela. Cornici per quadri, vendita e produzione di dimensioni su ordinazione.","breadcrumb":{"@id":"https:\/\/svetslik.si\/it\/gustav-klimt\/adam-and-eve-2\/#breadcrumb"},"inLanguage":"it-IT","potentialAction":[{"@type":"ReadAction","target":["https:\/\/svetslik.si\/it\/gustav-klimt\/adam-and-eve-2\/"]}]},{"@type":"ImageObject","inLanguage":"it-IT","@id":"https:\/\/svetslik.si\/it\/gustav-klimt\/adam-and-eve-2\/#primaryimage","url":"https:\/\/svetslik.si\/wp-content\/uploads\/2021\/08\/image_Adam-and-Eve-Gustva-Klimt_680.jpg","contentUrl":"https:\/\/svetslik.si\/wp-content\/uploads\/2021\/08\/image_Adam-and-Eve-Gustva-Klimt_680.jpg","width":671,"height":2049,"caption":"Gustav Klimt - Adamo ed Eva - Quadri riproduzioni, dipinti murali dipinti a mano, olio su tela, quadri a olio, quadri artistici, quadri moderni per pareti, quadri ambientali, quadri astratti, quadri decorativi"},{"@type":"BreadcrumbList","@id":"https:\/\/svetslik.si\/it\/gustav-klimt\/adam-and-eve-2\/#breadcrumb","itemListElement":[{"@type":"ListItem","position":1,"name":"Fali m\u0171v\u00e9szet \u00e9s festm\u00e9nyek v\u00e1szonra","item":"https:\/\/svetslik.si\/it\/"},{"@type":"ListItem","position":2,"name":"Vendita di dipinti","item":"https:\/\/svetslik.si\/prodaja-slik\/"},{"@type":"ListItem","position":3,"name":"Gustav Klim &#8211; Adam and Eve"}]},{"@type":"WebSite","@id":"https:\/\/svetslik.si\/it\/#website","url":"https:\/\/svetslik.si\/it\/","name":"SVETSLIK.SI","description":"100% riproduzioni dipinte a mano di quadri di pittori famosi e dipinti su tela.","publisher":{"@id":"https:\/\/svetslik.si\/it\/#organization"},"potentialAction":[{"@type":"SearchAction","target":{"@type":"EntryPoint","urlTemplate":"https:\/\/svetslik.si\/it\/?s={search_term_string}"},"query-input":{"@type":"PropertyValueSpecification","valueRequired":true,"valueName":"search_term_string"}}],"inLanguage":"it-IT"},{"@type":"Organization","@id":"https:\/\/svetslik.si\/it\/#organization","name":"SvetSlik.si","url":"https:\/\/svetslik.si\/it\/","logo":{"@type":"ImageObject","inLanguage":"it-IT","@id":"https:\/\/svetslik.si\/it\/#\/schema\/logo\/image\/","url":"https:\/\/svetslik.si\/wp-content\/uploads\/2020\/12\/logo-512.png","contentUrl":"https:\/\/svetslik.si\/wp-content\/uploads\/2020\/12\/logo-512.png","width":512,"height":512,"caption":"SvetSlik.si"},"image":{"@id":"https:\/\/svetslik.si\/it\/#\/schema\/logo\/image\/"},"sameAs":["https:\/\/www.facebook.com\/svetslik.si","https:\/\/x.com\/svetslik","https:\/\/www.instagram.com\/svetslik.si\/","https:\/\/www.linkedin.com\/company\/svetslik-si"]}]},"og_availability":"backorder","product_availability":"available for order","product_retailer_item_id":"556__","product_condition":"new"},"jetpack_sharing_enabled":true,"_links":{"self":[{"href":"https:\/\/svetslik.si\/it\/wp-json\/wp\/v2\/product\/41149","targetHints":{"allow":["GET"]}}],"collection":[{"href":"https:\/\/svetslik.si\/it\/wp-json\/wp\/v2\/product"}],"about":[{"href":"https:\/\/svetslik.si\/it\/wp-json\/wp\/v2\/types\/product"}],"wp:featuredmedia":[{"embeddable":true,"href":"https:\/\/svetslik.si\/it\/wp-json\/wp\/v2\/media\/34869"}],"wp:attachment":[{"href":"https:\/\/svetslik.si\/it\/wp-json\/wp\/v2\/media?parent=41149"}],"wp:term":[{"taxonomy":"product_brand","embeddable":true,"href":"https:\/\/svetslik.si\/it\/wp-json\/wp\/v2\/product_brand?post=41149"},{"taxonomy":"product_cat","embeddable":true,"href":"https:\/\/svetslik.si\/it\/wp-json\/wp\/v2\/product_cat?post=41149"},{"taxonomy":"product_tag","embeddable":true,"href":"https:\/\/svetslik.si\/it\/wp-json\/wp\/v2\/product_tag?post=41149"}],"curies":[{"name":"wp","href":"https:\/\/api.w.org\/{rel}","templated":true}]}}