{"id":41176,"date":"2021-12-20T14:58:03","date_gmt":"2021-12-20T13:58:03","guid":{"rendered":"https:\/\/svetslik.si\/senza-categoria\/nu-couche\/"},"modified":"2026-03-22T14:25:04","modified_gmt":"2026-03-22T13:25:04","slug":"nu-couche","status":"publish","type":"product","link":"https:\/\/svetslik.si\/it\/amedeo-modigliani\/nu-couche\/","title":{"rendered":"Amedeo Modigliani &#8211; Nu Couche"},"content":{"rendered":"<div class=\"wpb-content-wrapper\">[vc_row][vc_column][vc_column_text]\n<h1>Amedeo Modigliani &#8211; Nu Couche<\/h1>\n<p>&nbsp;<\/p>\n<table border=\"0\" width=\"632\" cellspacing=\"0\" cellpadding=\"0\">\n<tbody>\n<tr>\n<td height=\"21\">Anno di creazione:<\/td>\n<td style=\"width: 452px;\">1917<\/td>\n<\/tr>\n<tr>\n<td height=\"21\">Dimensione originale:<\/td>\n<td style=\"width: 452px;\">116 cm x 73 cm<\/td>\n<\/tr>\n<tr>\n<td height=\"21\">Stile colore:<\/td>\n<td style=\"width: 452px;\">Espressionismo<\/td>\n<\/tr>\n<tr>\n<td height=\"21\">Tecnica originale:<\/td>\n<td>Olio su tela<\/td>\n<\/tr>\n<tr>\n<td height=\"21\">Situato:<\/td>\n<td style=\"width: 452px;\">Museo Guggenheim, New York<\/td>\n<\/tr>\n<\/tbody>\n<colgroup>\n<col \/>\n<col \/> <\/colgroup>\n<\/table>\n<p>Il dipinto appartiene a una serie di dipinti estremamente apprezzati con il motivo di donne nude, e in queste opere il pittore continua la tradizione di raffigurare Venere in un modo leggermente diverso &#8211; l&#8217;erotismo delle prime figure nei dipinti \u00e8 sempre coinvolto in un mitologico o contesto comico, mentre Modigliani non si occupa di questo &#8211; le sue donne sullo schermo sono direttamente franche e provocatorie. In questa serie, l&#8217;artista ha raffigurato modelli e mai amici o amanti: le figure giacciono su un copriletto scuro che accentua il tono della loro pelle; li vediamo da vicino e di solito dall&#8217;alto. I loro corpi stilizzati occupano quasi l&#8217;intera tela e le loro mani e i loro piedi sono spesso fuori dalla cornice del quadro. A volte le figure sono mostrate addormentate, ma spesso sono anche rivolte verso lo spettatore.<\/p>\n<p>&nbsp;<\/p>\n[\/vc_column_text][vc_row_inner css=&#8221;.vc_custom_1640009136732{margin-bottom: 30px !important;}&#8221;][vc_column_inner]\t<div class=\"et-image-341 et-image  full   et_image_link\">\n\t\t<div class=\"et-image-inner \">\n\t\t\t\t\t\t\t<a  class=\"mfp-image et-lightbox\" data-mfp-type=\"image\" data-mfp-src=\"https:\/\/svetslik.si\/wp-content\/uploads\/2021\/12\/Amadeo-Modigliani-Nu-Couche-reprodukcija-2-scaled.jpg\"  title=\"Amedeo Modigliani &#8211; Nu Couche &#8211; Quadro moderno &#8211; riproduzione a mano di un dipinto su tela\">\n\t\t\t\t\t\t\t<div class=\"et-image-thumb \">\n\t\t\t\t\t<img decoding=\"async\" width=\"2560\" height=\"1920\" src=\"https:\/\/svetslik.si\/wp-content\/uploads\/2021\/12\/Amadeo-Modigliani-Nu-Couche-reprodukcija-2-scaled.jpg\" class=\"attachment-full\" alt=\"\" title=\"Amedeo Modigliani - Nu Couche - Quadro moderno - riproduzione a mano di un dipinto su tela\" srcset=\"https:\/\/svetslik.si\/wp-content\/uploads\/2021\/12\/Amadeo-Modigliani-Nu-Couche-reprodukcija-2-scaled.jpg 2560w, https:\/\/svetslik.si\/wp-content\/uploads\/2021\/12\/Amadeo-Modigliani-Nu-Couche-reprodukcija-2-600x450.jpg 600w, https:\/\/svetslik.si\/wp-content\/uploads\/2021\/12\/Amadeo-Modigliani-Nu-Couche-reprodukcija-2-scaled-1200x900.jpg 1200w, https:\/\/svetslik.si\/wp-content\/uploads\/2021\/12\/Amadeo-Modigliani-Nu-Couche-reprodukcija-2-300x225.jpg 300w, https:\/\/svetslik.si\/wp-content\/uploads\/2021\/12\/Amadeo-Modigliani-Nu-Couche-reprodukcija-2-1024x768.jpg 1024w, https:\/\/svetslik.si\/wp-content\/uploads\/2021\/12\/Amadeo-Modigliani-Nu-Couche-reprodukcija-2-768x576.jpg 768w, https:\/\/svetslik.si\/wp-content\/uploads\/2021\/12\/Amadeo-Modigliani-Nu-Couche-reprodukcija-2-1536x1152.jpg 1536w, https:\/\/svetslik.si\/wp-content\/uploads\/2021\/12\/Amadeo-Modigliani-Nu-Couche-reprodukcija-2-2048x1536.jpg 2048w, https:\/\/svetslik.si\/wp-content\/uploads\/2021\/12\/Amadeo-Modigliani-Nu-Couche-reprodukcija-2-150x113.jpg 150w, https:\/\/svetslik.si\/wp-content\/uploads\/2021\/12\/Amadeo-Modigliani-Nu-Couche-reprodukcija-2-1320x990.jpg 1320w, https:\/\/svetslik.si\/wp-content\/uploads\/2021\/12\/Amadeo-Modigliani-Nu-Couche-reprodukcija-2-900x675.jpg 900w\" sizes=\"(max-width: 2560px) 100vw, 2560px\" \/>\t\t\t\t<\/div>\n\t\t\t\t\t\t\t<\/a>\n\t\t\t\t\t\t\t\t\t\t<div class=\"wp-caption-text\">Amedeo Modigliani - Nu Couche - ro\u010dno naslikana reprodukcija slike na platnu<\/div>\n\t\t\t\t\t\t\t\t<\/div>\n\t<\/div>\n  [\/vc_column_inner][\/vc_row_inner][vc_row_inner][vc_column_inner]\t<div class=\"et-image-260 et-image  full   et_image_link\">\n\t\t<div class=\"et-image-inner \">\n\t\t\t\t\t\t\t<a  class=\"mfp-image et-lightbox\" data-mfp-type=\"image\" data-mfp-src=\"https:\/\/svetslik.si\/wp-content\/uploads\/2021\/12\/Amedeo-Modigliani-Nu-Couche-slika-na-platnu.jpg\"  title=\"Amedeo Modigliani &#8211; Nu Couche &#8211; dipinto su tela &#8211; riproduzioni di quadri dipinti a mano &#8211; dipinti murali su tela\">\n\t\t\t\t\t\t\t<div class=\"et-image-thumb \">\n\t\t\t\t\t<img decoding=\"async\" width=\"2500\" height=\"1667\" src=\"https:\/\/svetslik.si\/wp-content\/uploads\/2021\/12\/Amedeo-Modigliani-Nu-Couche-slika-na-platnu.jpg\" class=\"attachment-full\" alt=\"Amedeo Modigliani - Nu Couche - dipinto su tela - riproduzioni di quadri dipinti a mano - dipinti murali su tela\" title=\"Amedeo Modigliani - Nu Couche - dipinto su tela - riproduzioni di quadri dipinti a mano - dipinti murali su tela\" srcset=\"https:\/\/svetslik.si\/wp-content\/uploads\/2021\/12\/Amedeo-Modigliani-Nu-Couche-slika-na-platnu.jpg 2500w, https:\/\/svetslik.si\/wp-content\/uploads\/2021\/12\/Amedeo-Modigliani-Nu-Couche-slika-na-platnu-600x400.jpg 600w, https:\/\/svetslik.si\/wp-content\/uploads\/2021\/12\/Amedeo-Modigliani-Nu-Couche-slika-na-platnu-1200x800.jpg 1200w, https:\/\/svetslik.si\/wp-content\/uploads\/2021\/12\/Amedeo-Modigliani-Nu-Couche-slika-na-platnu-300x200.jpg 300w, https:\/\/svetslik.si\/wp-content\/uploads\/2021\/12\/Amedeo-Modigliani-Nu-Couche-slika-na-platnu-1024x683.jpg 1024w, https:\/\/svetslik.si\/wp-content\/uploads\/2021\/12\/Amedeo-Modigliani-Nu-Couche-slika-na-platnu-768x512.jpg 768w, https:\/\/svetslik.si\/wp-content\/uploads\/2021\/12\/Amedeo-Modigliani-Nu-Couche-slika-na-platnu-1536x1024.jpg 1536w, https:\/\/svetslik.si\/wp-content\/uploads\/2021\/12\/Amedeo-Modigliani-Nu-Couche-slika-na-platnu-2048x1366.jpg 2048w, https:\/\/svetslik.si\/wp-content\/uploads\/2021\/12\/Amedeo-Modigliani-Nu-Couche-slika-na-platnu-150x100.jpg 150w, https:\/\/svetslik.si\/wp-content\/uploads\/2021\/12\/Amedeo-Modigliani-Nu-Couche-slika-na-platnu-1320x880.jpg 1320w, https:\/\/svetslik.si\/wp-content\/uploads\/2021\/12\/Amedeo-Modigliani-Nu-Couche-slika-na-platnu-900x600.jpg 900w\" sizes=\"(max-width: 2500px) 100vw, 2500px\" \/>\t\t\t\t<\/div>\n\t\t\t\t\t\t\t<\/a>\n\t\t\t\t\t\t\t\t\t\t\t<\/div>\n\t<\/div>\n  [\/vc_column_inner][\/vc_row_inner][\/vc_column][\/vc_row]\n<\/div>","protected":false},"excerpt":{"rendered":"<p>[vc_row][vc_column][vc_column_text] Amedeo Modigliani &#8211; Nu Couche &nbsp; Anno di creazione: 1917 Dimensione originale: 116 cm x 73 cm Stile colore: Espressionismo Tecnica originale: Olio su tela Situato: Museo Guggenheim, New York Il dipinto appartiene a una serie di dipinti estremamente apprezzati con il motivo di donne nude, e in queste [&hellip;]<\/p>\n","protected":false},"featured_media":94401,"template":"","meta":{"_acf_changed":false},"product_brand":[],"product_cat":[4175],"product_tag":[4231,4246,4245,4253],"class_list":{"0":"post-41176","1":"product","2":"type-product","3":"status-publish","4":"has-post-thumbnail","6":"product_cat-amedeo-modigliani","7":"product_tag-modigliani-it","8":"product_tag-riproduzione-it","9":"product_tag-riproduzione","10":"product_tag-un-pittore","11":"pa_dimenzija-100-x-65-cm","12":"pa_dimenzija-110-x-70-cm","13":"pa_dimenzija-116-x-73-cm","14":"pa_dimenzija-150-x-100-cm","15":"pa_dimenzija-180-x-110-cm","16":"pa_dimenzija-70-x-45-cm","17":"pa_dimenzija-80-x-50-cm","18":"pa_dimenzija-90-x-60-cm","19":"pa_oblika-orizzontale","20":"pa_okvir-sensa-cornice","21":"pa_podokvir-no","22":"pa_podokvir-si","24":"first","25":"onbackorder","26":"purchasable","27":"product-type-variable","28":"has-default-attributes"},"acf":[],"yoast_head":"<!-- This site is optimized with the Yoast SEO Premium plugin v26.0 (Yoast SEO v27.2) - https:\/\/yoast.com\/product\/yoast-seo-premium-wordpress\/ -->\n<title>Amedeo Modigliani - Nu Couche - SVETSLIK.SI - Dipinti a mano al 100%<\/title>\n<meta name=\"description\" content=\"Amedeo Modigliani - Nu Couche - Riproduzioni di quadri d&#039;arte dipinte a mano al 100% su tela. Cornici per quadri, vendita e produzione di dimensioni su ordinazione.\" \/>\n<meta name=\"robots\" content=\"index, follow, max-snippet:-1, max-image-preview:large, max-video-preview:-1\" \/>\n<link rel=\"canonical\" href=\"https:\/\/svetslik.si\/it\/amedeo-modigliani\/nu-couche\/\" \/>\n<meta property=\"og:locale\" content=\"it_IT\" \/>\n<meta property=\"og:type\" content=\"article\" \/>\n<meta property=\"og:title\" content=\"Amedeo Modigliani - Nu Couche\" \/>\n<meta property=\"og:description\" content=\"100% ro\u010dno naslikane slike na platnu, reprodukcije znanih slikarjev in umetni\u0161ke slike po naro\u010dilu.\" \/>\n<meta property=\"og:url\" content=\"https:\/\/svetslik.si\/it\/amedeo-modigliani\/nu-couche\/\" \/>\n<meta property=\"og:site_name\" content=\"SVETSLIK.SI\" \/>\n<meta property=\"article:publisher\" content=\"https:\/\/www.facebook.com\/svetslik.si\" \/>\n<meta property=\"article:modified_time\" content=\"2026-03-22T13:25:04+00:00\" \/>\n<meta property=\"og:image\" content=\"https:\/\/svetslik.si\/wp-content\/uploads\/2021\/12\/Amedeo-Modigliani-\u2013-Nu-Couche-scaled.jpg\" \/>\n\t<meta property=\"og:image:width\" content=\"2560\" \/>\n\t<meta property=\"og:image:height\" content=\"1549\" \/>\n\t<meta property=\"og:image:type\" content=\"image\/jpeg\" \/>\n<meta name=\"twitter:card\" content=\"summary_large_image\" \/>\n<meta name=\"twitter:site\" content=\"@svetslik\" \/>\n<meta name=\"twitter:label1\" content=\"Disponibilit\u00e0\" \/>\n\t<meta name=\"twitter:data1\" content=\"Su ordinazione\" \/>\n<script type=\"application\/ld+json\" class=\"yoast-schema-graph\">{\"@context\":\"https:\/\/schema.org\",\"@graph\":[{\"@type\":[\"WebPage\",\"ItemPage\"],\"@id\":\"https:\/\/svetslik.si\/it\/amedeo-modigliani\/nu-couche\/\",\"url\":\"https:\/\/svetslik.si\/it\/amedeo-modigliani\/nu-couche\/\",\"name\":\"Amedeo Modigliani - Nu Couche - SVETSLIK.SI - Dipinti a mano al 100%\",\"isPartOf\":{\"@id\":\"https:\/\/svetslik.si\/it\/#website\"},\"primaryImageOfPage\":{\"@id\":\"https:\/\/svetslik.si\/it\/amedeo-modigliani\/nu-couche\/#primaryimage\"},\"image\":{\"@id\":\"https:\/\/svetslik.si\/it\/amedeo-modigliani\/nu-couche\/#primaryimage\"},\"thumbnailUrl\":\"https:\/\/svetslik.si\/wp-content\/uploads\/2021\/12\/Amedeo-Modigliani-\u2013-Nu-Couche-scaled.jpg\",\"datePublished\":\"2021-12-20T13:58:03+00:00\",\"dateModified\":\"2026-03-22T13:25:04+00:00\",\"description\":\"Amedeo Modigliani - Nu Couche - Riproduzioni di quadri d'arte dipinte a mano al 100% su tela. Cornici per quadri, vendita e produzione di dimensioni su ordinazione.\",\"breadcrumb\":{\"@id\":\"https:\/\/svetslik.si\/it\/amedeo-modigliani\/nu-couche\/#breadcrumb\"},\"inLanguage\":\"it-IT\",\"potentialAction\":[{\"@type\":\"ReadAction\",\"target\":[\"https:\/\/svetslik.si\/it\/amedeo-modigliani\/nu-couche\/\"]}]},{\"@type\":\"ImageObject\",\"inLanguage\":\"it-IT\",\"@id\":\"https:\/\/svetslik.si\/it\/amedeo-modigliani\/nu-couche\/#primaryimage\",\"url\":\"https:\/\/svetslik.si\/wp-content\/uploads\/2021\/12\/Amedeo-Modigliani-\u2013-Nu-Couche-scaled.jpg\",\"contentUrl\":\"https:\/\/svetslik.si\/wp-content\/uploads\/2021\/12\/Amedeo-Modigliani-\u2013-Nu-Couche-scaled.jpg\",\"width\":2560,\"height\":1549,\"caption\":\"Amedeo Modigliani \u2013 Nu Couche\"},{\"@type\":\"BreadcrumbList\",\"@id\":\"https:\/\/svetslik.si\/it\/amedeo-modigliani\/nu-couche\/#breadcrumb\",\"itemListElement\":[{\"@type\":\"ListItem\",\"position\":1,\"name\":\"Fali m\u0171v\u00e9szet \u00e9s festm\u00e9nyek v\u00e1szonra\",\"item\":\"https:\/\/svetslik.si\/it\/\"},{\"@type\":\"ListItem\",\"position\":2,\"name\":\"Vendita di dipinti\",\"item\":\"https:\/\/svetslik.si\/prodaja-slik\/\"},{\"@type\":\"ListItem\",\"position\":3,\"name\":\"Amedeo Modigliani &#8211; Nu Couche\"}]},{\"@type\":\"WebSite\",\"@id\":\"https:\/\/svetslik.si\/it\/#website\",\"url\":\"https:\/\/svetslik.si\/it\/\",\"name\":\"SVETSLIK.SI\",\"description\":\"100% riproduzioni dipinte a mano di quadri di pittori famosi e dipinti su tela.\",\"publisher\":{\"@id\":\"https:\/\/svetslik.si\/it\/#organization\"},\"potentialAction\":[{\"@type\":\"SearchAction\",\"target\":{\"@type\":\"EntryPoint\",\"urlTemplate\":\"https:\/\/svetslik.si\/it\/?s={search_term_string}\"},\"query-input\":{\"@type\":\"PropertyValueSpecification\",\"valueRequired\":true,\"valueName\":\"search_term_string\"}}],\"inLanguage\":\"it-IT\"},{\"@type\":\"Organization\",\"@id\":\"https:\/\/svetslik.si\/it\/#organization\",\"name\":\"SvetSlik.si\",\"url\":\"https:\/\/svetslik.si\/it\/\",\"logo\":{\"@type\":\"ImageObject\",\"inLanguage\":\"it-IT\",\"@id\":\"https:\/\/svetslik.si\/it\/#\/schema\/logo\/image\/\",\"url\":\"https:\/\/svetslik.si\/wp-content\/uploads\/2020\/12\/logo-512.png\",\"contentUrl\":\"https:\/\/svetslik.si\/wp-content\/uploads\/2020\/12\/logo-512.png\",\"width\":512,\"height\":512,\"caption\":\"SvetSlik.si\"},\"image\":{\"@id\":\"https:\/\/svetslik.si\/it\/#\/schema\/logo\/image\/\"},\"sameAs\":[\"https:\/\/www.facebook.com\/svetslik.si\",\"https:\/\/x.com\/svetslik\",\"https:\/\/www.instagram.com\/svetslik.si\/\",\"https:\/\/www.linkedin.com\/company\/svetslik-si\"]}]}<\/script>\n<meta property=\"og:availability\" content=\"backorder\" \/>\n<meta property=\"product:availability\" content=\"available for order\" \/>\n<meta property=\"product:retailer_item_id\" content=\"385__-1\" \/>\n<meta property=\"product:condition\" content=\"new\" \/>\n<!-- \/ Yoast SEO Premium plugin. -->","yoast_head_json":{"title":"Amedeo Modigliani - Nu Couche - SVETSLIK.SI - Dipinti a mano al 100%","description":"Amedeo Modigliani - Nu Couche - Riproduzioni di quadri d'arte dipinte a mano al 100% su tela. Cornici per quadri, vendita e produzione di dimensioni su ordinazione.","robots":{"index":"index","follow":"follow","max-snippet":"max-snippet:-1","max-image-preview":"max-image-preview:large","max-video-preview":"max-video-preview:-1"},"canonical":"https:\/\/svetslik.si\/it\/amedeo-modigliani\/nu-couche\/","og_locale":"it_IT","og_type":"article","og_title":"Amedeo Modigliani - Nu Couche","og_description":"100% ro\u010dno naslikane slike na platnu, reprodukcije znanih slikarjev in umetni\u0161ke slike po naro\u010dilu.","og_url":"https:\/\/svetslik.si\/it\/amedeo-modigliani\/nu-couche\/","og_site_name":"SVETSLIK.SI","article_publisher":"https:\/\/www.facebook.com\/svetslik.si","article_modified_time":"2026-03-22T13:25:04+00:00","og_image":[{"width":2560,"height":1549,"url":"https:\/\/svetslik.si\/wp-content\/uploads\/2021\/12\/Amedeo-Modigliani-\u2013-Nu-Couche-scaled.jpg","type":"image\/jpeg"}],"twitter_card":"summary_large_image","twitter_site":"@svetslik","twitter_misc":{"Disponibilit\u00e0":"Su ordinazione"},"schema":{"@context":"https:\/\/schema.org","@graph":[{"@type":["WebPage","ItemPage"],"@id":"https:\/\/svetslik.si\/it\/amedeo-modigliani\/nu-couche\/","url":"https:\/\/svetslik.si\/it\/amedeo-modigliani\/nu-couche\/","name":"Amedeo Modigliani - Nu Couche - SVETSLIK.SI - Dipinti a mano al 100%","isPartOf":{"@id":"https:\/\/svetslik.si\/it\/#website"},"primaryImageOfPage":{"@id":"https:\/\/svetslik.si\/it\/amedeo-modigliani\/nu-couche\/#primaryimage"},"image":{"@id":"https:\/\/svetslik.si\/it\/amedeo-modigliani\/nu-couche\/#primaryimage"},"thumbnailUrl":"https:\/\/svetslik.si\/wp-content\/uploads\/2021\/12\/Amedeo-Modigliani-\u2013-Nu-Couche-scaled.jpg","datePublished":"2021-12-20T13:58:03+00:00","dateModified":"2026-03-22T13:25:04+00:00","description":"Amedeo Modigliani - Nu Couche - Riproduzioni di quadri d'arte dipinte a mano al 100% su tela. Cornici per quadri, vendita e produzione di dimensioni su ordinazione.","breadcrumb":{"@id":"https:\/\/svetslik.si\/it\/amedeo-modigliani\/nu-couche\/#breadcrumb"},"inLanguage":"it-IT","potentialAction":[{"@type":"ReadAction","target":["https:\/\/svetslik.si\/it\/amedeo-modigliani\/nu-couche\/"]}]},{"@type":"ImageObject","inLanguage":"it-IT","@id":"https:\/\/svetslik.si\/it\/amedeo-modigliani\/nu-couche\/#primaryimage","url":"https:\/\/svetslik.si\/wp-content\/uploads\/2021\/12\/Amedeo-Modigliani-\u2013-Nu-Couche-scaled.jpg","contentUrl":"https:\/\/svetslik.si\/wp-content\/uploads\/2021\/12\/Amedeo-Modigliani-\u2013-Nu-Couche-scaled.jpg","width":2560,"height":1549,"caption":"Amedeo Modigliani \u2013 Nu Couche"},{"@type":"BreadcrumbList","@id":"https:\/\/svetslik.si\/it\/amedeo-modigliani\/nu-couche\/#breadcrumb","itemListElement":[{"@type":"ListItem","position":1,"name":"Fali m\u0171v\u00e9szet \u00e9s festm\u00e9nyek v\u00e1szonra","item":"https:\/\/svetslik.si\/it\/"},{"@type":"ListItem","position":2,"name":"Vendita di dipinti","item":"https:\/\/svetslik.si\/prodaja-slik\/"},{"@type":"ListItem","position":3,"name":"Amedeo Modigliani &#8211; Nu Couche"}]},{"@type":"WebSite","@id":"https:\/\/svetslik.si\/it\/#website","url":"https:\/\/svetslik.si\/it\/","name":"SVETSLIK.SI","description":"100% riproduzioni dipinte a mano di quadri di pittori famosi e dipinti su tela.","publisher":{"@id":"https:\/\/svetslik.si\/it\/#organization"},"potentialAction":[{"@type":"SearchAction","target":{"@type":"EntryPoint","urlTemplate":"https:\/\/svetslik.si\/it\/?s={search_term_string}"},"query-input":{"@type":"PropertyValueSpecification","valueRequired":true,"valueName":"search_term_string"}}],"inLanguage":"it-IT"},{"@type":"Organization","@id":"https:\/\/svetslik.si\/it\/#organization","name":"SvetSlik.si","url":"https:\/\/svetslik.si\/it\/","logo":{"@type":"ImageObject","inLanguage":"it-IT","@id":"https:\/\/svetslik.si\/it\/#\/schema\/logo\/image\/","url":"https:\/\/svetslik.si\/wp-content\/uploads\/2020\/12\/logo-512.png","contentUrl":"https:\/\/svetslik.si\/wp-content\/uploads\/2020\/12\/logo-512.png","width":512,"height":512,"caption":"SvetSlik.si"},"image":{"@id":"https:\/\/svetslik.si\/it\/#\/schema\/logo\/image\/"},"sameAs":["https:\/\/www.facebook.com\/svetslik.si","https:\/\/x.com\/svetslik","https:\/\/www.instagram.com\/svetslik.si\/","https:\/\/www.linkedin.com\/company\/svetslik-si"]}]},"og_availability":"backorder","product_availability":"available for order","product_retailer_item_id":"385__-1","product_condition":"new"},"jetpack_sharing_enabled":true,"_links":{"self":[{"href":"https:\/\/svetslik.si\/it\/wp-json\/wp\/v2\/product\/41176","targetHints":{"allow":["GET"]}}],"collection":[{"href":"https:\/\/svetslik.si\/it\/wp-json\/wp\/v2\/product"}],"about":[{"href":"https:\/\/svetslik.si\/it\/wp-json\/wp\/v2\/types\/product"}],"wp:featuredmedia":[{"embeddable":true,"href":"https:\/\/svetslik.si\/it\/wp-json\/wp\/v2\/media\/94401"}],"wp:attachment":[{"href":"https:\/\/svetslik.si\/it\/wp-json\/wp\/v2\/media?parent=41176"}],"wp:term":[{"taxonomy":"product_brand","embeddable":true,"href":"https:\/\/svetslik.si\/it\/wp-json\/wp\/v2\/product_brand?post=41176"},{"taxonomy":"product_cat","embeddable":true,"href":"https:\/\/svetslik.si\/it\/wp-json\/wp\/v2\/product_cat?post=41176"},{"taxonomy":"product_tag","embeddable":true,"href":"https:\/\/svetslik.si\/it\/wp-json\/wp\/v2\/product_tag?post=41176"}],"curies":[{"name":"wp","href":"https:\/\/api.w.org\/{rel}","templated":true}]}}