{"id":41194,"date":"2021-12-26T11:58:36","date_gmt":"2021-12-26T10:58:36","guid":{"rendered":"https:\/\/svetslik.si\/senza-categoria\/judith-ii-salome\/"},"modified":"2026-03-22T14:25:52","modified_gmt":"2026-03-22T13:25:52","slug":"judith-ii-salome","status":"publish","type":"product","link":"https:\/\/svetslik.si\/it\/gustav-klimt\/judith-ii-salome\/","title":{"rendered":"Gustav Klimt &#8211; Judith II Salom\u00e8"},"content":{"rendered":"<div class=\"wpb-content-wrapper\">[vc_row][vc_column][vc_column_text]\n<h1>Gustav Klimt &#8211; Giuditta II Salom\u00e8<\/h1>\n<p>&#8220;Giuditta II (Salome)&#8221;, dipinta nel 1909 dall&#8217;artista austriaco Gustav Klimt, \u00e8 considerata una delle opere pi\u00f9 controverse e provocatorie dell&#8217;artista. Il dipinto raffigura la figura biblica di Giuditta durante la decapitazione di Oloferne, scena che nella tradizione cristiana ed ebraica \u00e8 associata anche a Salomone, figlia di Erodiade.<\/p>\n<p>Il dipinto \u00e8 un eccellente esempio dello stile Art Nouveau di Klimt, caratterizzato dall&#8217;uso di motivi elaborati, colori vivaci e soggetti sensuali. Giuditta \u00e8 raffigurata in modo altamente stilizzato, con arti allungati e lineamenti del viso semplificati, che conferiscono all&#8217;immagine una qualit\u00e0 ultraterrena e onirica.<\/p>\n<p>Una delle caratteristiche pi\u00f9 sorprendenti di &#8220;Giuditta II (Salome)&#8221; \u00e8 l&#8217;uso di colori vivaci e motivi intricati. Il dipinto \u00e8 un tripudio di colori, con Giuditta, Oloferne e uno sfondo costituito da motivi vorticosi e ad incastro. L&#8217;uso del colore e del motivo crea un senso di movimento e fluidit\u00e0, il che \u00e8 appropriato dato il tema della violenza e della morte dell&#8217;immagine.<\/p>\n<p>Anche il simbolismo del dipinto \u00e8 ricco. Giuditta \u00e8 spesso vista come un simbolo di coraggio, forza e liberazione, mentre Oloferne \u00e8 visto come un simbolo di tirannia e oppressione. L&#8217;atto della decapitazione nel dipinto potrebbe rappresentare il trionfo del bene sul male e la vittoria degli oppressi sull&#8217;oppressore.<\/p>\n<p>Il quadro non fu ben accolto dalla critica quando fu esposto per la prima volta e, a causa della sua natura erotica e violenta, fu considerato troppo controverso. \u00c8 stato anche pesantemente criticato per aver ritratto una figura biblica in modo cos\u00ec sensuale e provocatorio. Nonostante le polemiche, il dipinto da allora \u00e8 diventato una delle opere pi\u00f9 riconoscibili e celebrate di Klimt. Attualmente \u00e8 ospitato nella \u00d6sterreichische Galerie Belvedere a Vienna, Austria.<\/p>\n<p>In breve, &#8220;Giuditta II (Salome)&#8221; \u00e8 un dipinto controverso e provocatorio che mostra i motivi elaborati, i colori vivaci e il tema sensuale che sono i tratti distintivi dello stile art nouveau di Gustav Klimt. L&#8217;uso del colore e del motivo nel dipinto crea un senso di movimento e fluidit\u00e0, mentre la scena della decapitazione simboleggia il trionfo del bene sul male e la vittoria degli oppressi sull&#8217;oppressore. Nonostante le polemiche, il dipinto da allora \u00e8 diventato una delle opere pi\u00f9 riconoscibili e celebrate di Klimt ed \u00e8 attualmente ospitato nella \u00d6sterreichische Galerie Belvedere a Vienna, in Austria.<\/p>\n[\/vc_column_text][\/vc_column][\/vc_row]\n<\/div>","protected":false},"excerpt":{"rendered":"<p>[vc_row][vc_column][vc_column_text] Gustav Klimt &#8211; Giuditta II Salom\u00e8 &#8220;Giuditta II (Salome)&#8221;, dipinta nel 1909 dall&#8217;artista austriaco Gustav Klimt, \u00e8 considerata una delle opere pi\u00f9 controverse e provocatorie dell&#8217;artista. Il dipinto raffigura la figura biblica di Giuditta durante la decapitazione di Oloferne, scena che nella tradizione cristiana ed ebraica \u00e8 associata anche [&hellip;]<\/p>\n","protected":false},"featured_media":35246,"template":"","meta":{"_acf_changed":false},"product_brand":[],"product_cat":[4182],"product_tag":[4220,4224,4245,4246,4253],"class_list":{"0":"post-41194","1":"product","2":"type-product","3":"status-publish","4":"has-post-thumbnail","6":"product_cat-gustav-klimt","7":"product_tag-gustav-klimt-it","8":"product_tag-klimt-it","9":"product_tag-riproduzione","10":"product_tag-riproduzione-it","11":"product_tag-un-pittore","12":"pa_dimenzija-100-x-270-cm-it","13":"pa_dimenzija-30-x-80-cm-it","14":"pa_dimenzija-40-x-110-cm-it","15":"pa_dimenzija-50-x-140-cm-it","16":"pa_dimenzija-60-x-165-cm-it","17":"pa_dimenzija-66-x-181-cm-it","18":"pa_dimenzija-80-x-220-cm-it","19":"pa_dimenzija-90-x-250-cm-it","20":"pa_oblika-verticale","21":"pa_okvir-sensa-cornice","22":"pa_podokvir-no","23":"pa_podokvir-si","25":"first","26":"instock","27":"purchasable","28":"product-type-variable","29":"has-default-attributes"},"acf":[],"yoast_head":"<!-- This site is optimized with the Yoast SEO Premium plugin v26.0 (Yoast SEO v27.2) - https:\/\/yoast.com\/product\/yoast-seo-premium-wordpress\/ -->\n<title>Gustav Klimt - Judith II Salom\u00e8 - SVETSLIK.SI - Dipinti a mano al 100%<\/title>\n<meta name=\"description\" content=\"Gustav Klimt - Judith II Salom\u00e8 - Riproduzioni di quadri d&#039;arte dipinte a mano al 100% su tela. Cornici per quadri, vendita e produzione di dimensioni su ordinazione.\" \/>\n<meta name=\"robots\" content=\"index, follow, max-snippet:-1, max-image-preview:large, max-video-preview:-1\" \/>\n<link rel=\"canonical\" href=\"https:\/\/svetslik.si\/it\/gustav-klimt\/judith-ii-salome\/\" \/>\n<meta property=\"og:locale\" content=\"it_IT\" \/>\n<meta property=\"og:type\" content=\"article\" \/>\n<meta property=\"og:title\" content=\"Gustav Klimt - Judith II Salom\u00e8\" \/>\n<meta property=\"og:description\" content=\"100% ro\u010dno naslikane slike na platnu, reprodukcije znanih slikarjev in umetni\u0161ke slike po naro\u010dilu.\" \/>\n<meta property=\"og:url\" content=\"https:\/\/svetslik.si\/it\/gustav-klimt\/judith-ii-salome\/\" \/>\n<meta property=\"og:site_name\" content=\"SVETSLIK.SI\" \/>\n<meta property=\"article:publisher\" content=\"https:\/\/www.facebook.com\/svetslik.si\" \/>\n<meta property=\"article:modified_time\" content=\"2026-03-22T13:25:52+00:00\" \/>\n<meta property=\"og:image\" content=\"https:\/\/svetslik.si\/wp-content\/uploads\/2021\/08\/image_Judith-II-Salome_680-e1640515975286.jpg\" \/>\n\t<meta property=\"og:image:width\" content=\"297\" \/>\n\t<meta property=\"og:image:height\" content=\"1143\" \/>\n\t<meta property=\"og:image:type\" content=\"image\/jpeg\" \/>\n<meta name=\"twitter:card\" content=\"summary_large_image\" \/>\n<meta name=\"twitter:site\" content=\"@svetslik\" \/>\n<meta name=\"twitter:label1\" content=\"Disponibilit\u00e0\" \/>\n\t<meta name=\"twitter:data1\" content=\"Disponibile\" \/>\n<script type=\"application\/ld+json\" class=\"yoast-schema-graph\">{\"@context\":\"https:\/\/schema.org\",\"@graph\":[{\"@type\":[\"WebPage\",\"ItemPage\"],\"@id\":\"https:\/\/svetslik.si\/it\/gustav-klimt\/judith-ii-salome\/\",\"url\":\"https:\/\/svetslik.si\/it\/gustav-klimt\/judith-ii-salome\/\",\"name\":\"Gustav Klimt - Judith II Salom\u00e8 - SVETSLIK.SI - Dipinti a mano al 100%\",\"isPartOf\":{\"@id\":\"https:\/\/svetslik.si\/it\/#website\"},\"primaryImageOfPage\":{\"@id\":\"https:\/\/svetslik.si\/it\/gustav-klimt\/judith-ii-salome\/#primaryimage\"},\"image\":{\"@id\":\"https:\/\/svetslik.si\/it\/gustav-klimt\/judith-ii-salome\/#primaryimage\"},\"thumbnailUrl\":\"https:\/\/svetslik.si\/wp-content\/uploads\/2021\/08\/image_Judith-II-Salome_680-e1640515975286.jpg\",\"datePublished\":\"2021-12-26T10:58:36+00:00\",\"dateModified\":\"2026-03-22T13:25:52+00:00\",\"description\":\"Gustav Klimt - Judith II Salom\u00e8 - Riproduzioni di quadri d'arte dipinte a mano al 100% su tela. Cornici per quadri, vendita e produzione di dimensioni su ordinazione.\",\"breadcrumb\":{\"@id\":\"https:\/\/svetslik.si\/it\/gustav-klimt\/judith-ii-salome\/#breadcrumb\"},\"inLanguage\":\"it-IT\",\"potentialAction\":[{\"@type\":\"ReadAction\",\"target\":[\"https:\/\/svetslik.si\/it\/gustav-klimt\/judith-ii-salome\/\"]}]},{\"@type\":\"ImageObject\",\"inLanguage\":\"it-IT\",\"@id\":\"https:\/\/svetslik.si\/it\/gustav-klimt\/judith-ii-salome\/#primaryimage\",\"url\":\"https:\/\/svetslik.si\/wp-content\/uploads\/2021\/08\/image_Judith-II-Salome_680-e1640515975286.jpg\",\"contentUrl\":\"https:\/\/svetslik.si\/wp-content\/uploads\/2021\/08\/image_Judith-II-Salome_680-e1640515975286.jpg\",\"width\":297,\"height\":1143,\"caption\":\"Quadri murali su tela - Gustav Klimt - Judith-II-Salome - Quadri dipinti a mano, riproduzioni di quadri di pittori famosi, olio su tela, quadri ad olio, quadri moderni, quadri murali, quadri ambient, astratti, decorativi\"},{\"@type\":\"BreadcrumbList\",\"@id\":\"https:\/\/svetslik.si\/it\/gustav-klimt\/judith-ii-salome\/#breadcrumb\",\"itemListElement\":[{\"@type\":\"ListItem\",\"position\":1,\"name\":\"Fali m\u0171v\u00e9szet \u00e9s festm\u00e9nyek v\u00e1szonra\",\"item\":\"https:\/\/svetslik.si\/it\/\"},{\"@type\":\"ListItem\",\"position\":2,\"name\":\"Vendita di dipinti\",\"item\":\"https:\/\/svetslik.si\/prodaja-slik\/\"},{\"@type\":\"ListItem\",\"position\":3,\"name\":\"Gustav Klimt &#8211; Judith II Salom\u00e8\"}]},{\"@type\":\"WebSite\",\"@id\":\"https:\/\/svetslik.si\/it\/#website\",\"url\":\"https:\/\/svetslik.si\/it\/\",\"name\":\"SVETSLIK.SI\",\"description\":\"100% riproduzioni dipinte a mano di quadri di pittori famosi e dipinti su tela.\",\"publisher\":{\"@id\":\"https:\/\/svetslik.si\/it\/#organization\"},\"potentialAction\":[{\"@type\":\"SearchAction\",\"target\":{\"@type\":\"EntryPoint\",\"urlTemplate\":\"https:\/\/svetslik.si\/it\/?s={search_term_string}\"},\"query-input\":{\"@type\":\"PropertyValueSpecification\",\"valueRequired\":true,\"valueName\":\"search_term_string\"}}],\"inLanguage\":\"it-IT\"},{\"@type\":\"Organization\",\"@id\":\"https:\/\/svetslik.si\/it\/#organization\",\"name\":\"SvetSlik.si\",\"url\":\"https:\/\/svetslik.si\/it\/\",\"logo\":{\"@type\":\"ImageObject\",\"inLanguage\":\"it-IT\",\"@id\":\"https:\/\/svetslik.si\/it\/#\/schema\/logo\/image\/\",\"url\":\"https:\/\/svetslik.si\/wp-content\/uploads\/2020\/12\/logo-512.png\",\"contentUrl\":\"https:\/\/svetslik.si\/wp-content\/uploads\/2020\/12\/logo-512.png\",\"width\":512,\"height\":512,\"caption\":\"SvetSlik.si\"},\"image\":{\"@id\":\"https:\/\/svetslik.si\/it\/#\/schema\/logo\/image\/\"},\"sameAs\":[\"https:\/\/www.facebook.com\/svetslik.si\",\"https:\/\/x.com\/svetslik\",\"https:\/\/www.instagram.com\/svetslik.si\/\",\"https:\/\/www.linkedin.com\/company\/svetslik-si\"]}]}<\/script>\n<meta property=\"og:availability\" content=\"instock\" \/>\n<meta property=\"product:availability\" content=\"instock\" \/>\n<meta property=\"product:retailer_item_id\" content=\"558__-1\" \/>\n<meta property=\"product:condition\" content=\"new\" \/>\n<!-- \/ Yoast SEO Premium plugin. -->","yoast_head_json":{"title":"Gustav Klimt - Judith II Salom\u00e8 - SVETSLIK.SI - Dipinti a mano al 100%","description":"Gustav Klimt - Judith II Salom\u00e8 - Riproduzioni di quadri d'arte dipinte a mano al 100% su tela. Cornici per quadri, vendita e produzione di dimensioni su ordinazione.","robots":{"index":"index","follow":"follow","max-snippet":"max-snippet:-1","max-image-preview":"max-image-preview:large","max-video-preview":"max-video-preview:-1"},"canonical":"https:\/\/svetslik.si\/it\/gustav-klimt\/judith-ii-salome\/","og_locale":"it_IT","og_type":"article","og_title":"Gustav Klimt - Judith II Salom\u00e8","og_description":"100% ro\u010dno naslikane slike na platnu, reprodukcije znanih slikarjev in umetni\u0161ke slike po naro\u010dilu.","og_url":"https:\/\/svetslik.si\/it\/gustav-klimt\/judith-ii-salome\/","og_site_name":"SVETSLIK.SI","article_publisher":"https:\/\/www.facebook.com\/svetslik.si","article_modified_time":"2026-03-22T13:25:52+00:00","og_image":[{"width":297,"height":1143,"url":"https:\/\/svetslik.si\/wp-content\/uploads\/2021\/08\/image_Judith-II-Salome_680-e1640515975286.jpg","type":"image\/jpeg"}],"twitter_card":"summary_large_image","twitter_site":"@svetslik","twitter_misc":{"Disponibilit\u00e0":"Disponibile"},"schema":{"@context":"https:\/\/schema.org","@graph":[{"@type":["WebPage","ItemPage"],"@id":"https:\/\/svetslik.si\/it\/gustav-klimt\/judith-ii-salome\/","url":"https:\/\/svetslik.si\/it\/gustav-klimt\/judith-ii-salome\/","name":"Gustav Klimt - Judith II Salom\u00e8 - SVETSLIK.SI - Dipinti a mano al 100%","isPartOf":{"@id":"https:\/\/svetslik.si\/it\/#website"},"primaryImageOfPage":{"@id":"https:\/\/svetslik.si\/it\/gustav-klimt\/judith-ii-salome\/#primaryimage"},"image":{"@id":"https:\/\/svetslik.si\/it\/gustav-klimt\/judith-ii-salome\/#primaryimage"},"thumbnailUrl":"https:\/\/svetslik.si\/wp-content\/uploads\/2021\/08\/image_Judith-II-Salome_680-e1640515975286.jpg","datePublished":"2021-12-26T10:58:36+00:00","dateModified":"2026-03-22T13:25:52+00:00","description":"Gustav Klimt - Judith II Salom\u00e8 - Riproduzioni di quadri d'arte dipinte a mano al 100% su tela. Cornici per quadri, vendita e produzione di dimensioni su ordinazione.","breadcrumb":{"@id":"https:\/\/svetslik.si\/it\/gustav-klimt\/judith-ii-salome\/#breadcrumb"},"inLanguage":"it-IT","potentialAction":[{"@type":"ReadAction","target":["https:\/\/svetslik.si\/it\/gustav-klimt\/judith-ii-salome\/"]}]},{"@type":"ImageObject","inLanguage":"it-IT","@id":"https:\/\/svetslik.si\/it\/gustav-klimt\/judith-ii-salome\/#primaryimage","url":"https:\/\/svetslik.si\/wp-content\/uploads\/2021\/08\/image_Judith-II-Salome_680-e1640515975286.jpg","contentUrl":"https:\/\/svetslik.si\/wp-content\/uploads\/2021\/08\/image_Judith-II-Salome_680-e1640515975286.jpg","width":297,"height":1143,"caption":"Quadri murali su tela - Gustav Klimt - Judith-II-Salome - Quadri dipinti a mano, riproduzioni di quadri di pittori famosi, olio su tela, quadri ad olio, quadri moderni, quadri murali, quadri ambient, astratti, decorativi"},{"@type":"BreadcrumbList","@id":"https:\/\/svetslik.si\/it\/gustav-klimt\/judith-ii-salome\/#breadcrumb","itemListElement":[{"@type":"ListItem","position":1,"name":"Fali m\u0171v\u00e9szet \u00e9s festm\u00e9nyek v\u00e1szonra","item":"https:\/\/svetslik.si\/it\/"},{"@type":"ListItem","position":2,"name":"Vendita di dipinti","item":"https:\/\/svetslik.si\/prodaja-slik\/"},{"@type":"ListItem","position":3,"name":"Gustav Klimt &#8211; Judith II Salom\u00e8"}]},{"@type":"WebSite","@id":"https:\/\/svetslik.si\/it\/#website","url":"https:\/\/svetslik.si\/it\/","name":"SVETSLIK.SI","description":"100% riproduzioni dipinte a mano di quadri di pittori famosi e dipinti su tela.","publisher":{"@id":"https:\/\/svetslik.si\/it\/#organization"},"potentialAction":[{"@type":"SearchAction","target":{"@type":"EntryPoint","urlTemplate":"https:\/\/svetslik.si\/it\/?s={search_term_string}"},"query-input":{"@type":"PropertyValueSpecification","valueRequired":true,"valueName":"search_term_string"}}],"inLanguage":"it-IT"},{"@type":"Organization","@id":"https:\/\/svetslik.si\/it\/#organization","name":"SvetSlik.si","url":"https:\/\/svetslik.si\/it\/","logo":{"@type":"ImageObject","inLanguage":"it-IT","@id":"https:\/\/svetslik.si\/it\/#\/schema\/logo\/image\/","url":"https:\/\/svetslik.si\/wp-content\/uploads\/2020\/12\/logo-512.png","contentUrl":"https:\/\/svetslik.si\/wp-content\/uploads\/2020\/12\/logo-512.png","width":512,"height":512,"caption":"SvetSlik.si"},"image":{"@id":"https:\/\/svetslik.si\/it\/#\/schema\/logo\/image\/"},"sameAs":["https:\/\/www.facebook.com\/svetslik.si","https:\/\/x.com\/svetslik","https:\/\/www.instagram.com\/svetslik.si\/","https:\/\/www.linkedin.com\/company\/svetslik-si"]}]},"og_availability":"instock","product_availability":"instock","product_retailer_item_id":"558__-1","product_condition":"new"},"jetpack_sharing_enabled":true,"_links":{"self":[{"href":"https:\/\/svetslik.si\/it\/wp-json\/wp\/v2\/product\/41194","targetHints":{"allow":["GET"]}}],"collection":[{"href":"https:\/\/svetslik.si\/it\/wp-json\/wp\/v2\/product"}],"about":[{"href":"https:\/\/svetslik.si\/it\/wp-json\/wp\/v2\/types\/product"}],"wp:featuredmedia":[{"embeddable":true,"href":"https:\/\/svetslik.si\/it\/wp-json\/wp\/v2\/media\/35246"}],"wp:attachment":[{"href":"https:\/\/svetslik.si\/it\/wp-json\/wp\/v2\/media?parent=41194"}],"wp:term":[{"taxonomy":"product_brand","embeddable":true,"href":"https:\/\/svetslik.si\/it\/wp-json\/wp\/v2\/product_brand?post=41194"},{"taxonomy":"product_cat","embeddable":true,"href":"https:\/\/svetslik.si\/it\/wp-json\/wp\/v2\/product_cat?post=41194"},{"taxonomy":"product_tag","embeddable":true,"href":"https:\/\/svetslik.si\/it\/wp-json\/wp\/v2\/product_tag?post=41194"}],"curies":[{"name":"wp","href":"https:\/\/api.w.org\/{rel}","templated":true}]}}