{"id":41250,"date":"2023-03-16T22:04:53","date_gmt":"2023-03-16T21:04:53","guid":{"rendered":"https:\/\/svetslik.si\/senza-categoria\/claude-monet-corner\/"},"modified":"2024-07-04T18:16:21","modified_gmt":"2024-07-04T16:16:21","slug":"claude-monet-corner","status":"publish","type":"product","link":"https:\/\/svetslik.si\/it\/claude-monet\/claude-monet-corner\/","title":{"rendered":"Claude Monet &#8211; Corner"},"content":{"rendered":"<div class=\"wpb-content-wrapper\">[vc_row][vc_column][vc_column_text]\n<h1>Claude Monet &#8211; The Corner<\/h1>\n[\/vc_column_text][\/vc_column][\/vc_row][vc_row css=&#8221;.vc_custom_1691332697892{margin-bottom: 10px !important;}&#8221;][vc_column]\t<div class=\"et-image-755 et-image     et_image_link\">\n\t\t<div class=\"et-image-inner \">\n\t\t\t\t\t\t\t<div class=\"et-image-thumb \">\n\t\t\t\t\t<img decoding=\"async\" width=\"1000\" height=\"1174\" src=\"https:\/\/svetslik.si\/wp-content\/uploads\/2023\/03\/Claude-Monet-\u2013-Corner-reprodukcija-slike-na-platnu.jpg\" class=\"attachment-full\" alt=\"Claude Monet - Corner\" title=\"Claude Monet - Corner\" srcset=\"https:\/\/svetslik.si\/wp-content\/uploads\/2023\/03\/Claude-Monet-\u2013-Corner-reprodukcija-slike-na-platnu.jpg 1000w, https:\/\/svetslik.si\/wp-content\/uploads\/2023\/03\/Claude-Monet-\u2013-Corner-reprodukcija-slike-na-platnu-600x704.jpg 600w, https:\/\/svetslik.si\/wp-content\/uploads\/2023\/03\/Claude-Monet-\u2013-Corner-reprodukcija-slike-na-platnu-256x300.jpg 256w, https:\/\/svetslik.si\/wp-content\/uploads\/2023\/03\/Claude-Monet-\u2013-Corner-reprodukcija-slike-na-platnu-872x1024.jpg 872w, https:\/\/svetslik.si\/wp-content\/uploads\/2023\/03\/Claude-Monet-\u2013-Corner-reprodukcija-slike-na-platnu-768x902.jpg 768w, https:\/\/svetslik.si\/wp-content\/uploads\/2023\/03\/Claude-Monet-\u2013-Corner-reprodukcija-slike-na-platnu-128x150.jpg 128w, https:\/\/svetslik.si\/wp-content\/uploads\/2023\/03\/Claude-Monet-\u2013-Corner-reprodukcija-slike-na-platnu-900x1057.jpg 900w\" sizes=\"(max-width: 1000px) 100vw, 1000px\" \/>\t\t\t\t<\/div>\n\t\t\t\t\t\t\t\t\t\t\t<\/div>\n\t<\/div>\n  [\/vc_column][\/vc_row][vc_row css=&#8221;.vc_custom_1691332697892{margin-bottom: 10px !important;}&#8221;][vc_column]\t<div class=\"et-image-963 et-image     et_image_link\">\n\t\t<div class=\"et-image-inner \">\n\t\t\t\t\t\t\t<div class=\"et-image-thumb \">\n\t\t\t\t\t<img decoding=\"async\" width=\"833\" height=\"1000\" src=\"https:\/\/svetslik.si\/wp-content\/uploads\/2023\/03\/Claude-Monet-\u2013-Corner.jpg\" class=\"attachment-full\" alt=\"Claude Monet \u2013 Corner\" title=\"Claude-Monet-\u2013-Corner\" srcset=\"https:\/\/svetslik.si\/wp-content\/uploads\/2023\/03\/Claude-Monet-\u2013-Corner.jpg 833w, https:\/\/svetslik.si\/wp-content\/uploads\/2023\/03\/Claude-Monet-\u2013-Corner-600x720.jpg 600w, https:\/\/svetslik.si\/wp-content\/uploads\/2023\/03\/Claude-Monet-\u2013-Corner-250x300.jpg 250w, https:\/\/svetslik.si\/wp-content\/uploads\/2023\/03\/Claude-Monet-\u2013-Corner-768x922.jpg 768w, https:\/\/svetslik.si\/wp-content\/uploads\/2023\/03\/Claude-Monet-\u2013-Corner-125x150.jpg 125w\" sizes=\"(max-width: 833px) 100vw, 833px\" \/>\t\t\t\t<\/div>\n\t\t\t\t\t\t\t\t\t\t\t<\/div>\n\t<\/div>\n  [\/vc_column][\/vc_row][vc_row css=&#8221;.vc_custom_1691332697892{margin-bottom: 10px !important;}&#8221;][vc_column]\t<div class=\"et-image-548 et-image     et_image_link\">\n\t\t<div class=\"et-image-inner \">\n\t\t\t\t\t\t\t<div class=\"et-image-thumb \">\n\t\t\t\t\t<img decoding=\"async\" width=\"1000\" height=\"563\" src=\"https:\/\/svetslik.si\/wp-content\/uploads\/2023\/03\/Claude-Monet-\u2013-Corner-1.jpg\" class=\"attachment-full\" alt=\"Claude Monet \u2013 Corner\" title=\"Claude-Monet-\u2013-Corner-1\" srcset=\"https:\/\/svetslik.si\/wp-content\/uploads\/2023\/03\/Claude-Monet-\u2013-Corner-1.jpg 1000w, https:\/\/svetslik.si\/wp-content\/uploads\/2023\/03\/Claude-Monet-\u2013-Corner-1-600x338.jpg 600w, https:\/\/svetslik.si\/wp-content\/uploads\/2023\/03\/Claude-Monet-\u2013-Corner-1-300x169.jpg 300w, https:\/\/svetslik.si\/wp-content\/uploads\/2023\/03\/Claude-Monet-\u2013-Corner-1-768x432.jpg 768w, https:\/\/svetslik.si\/wp-content\/uploads\/2023\/03\/Claude-Monet-\u2013-Corner-1-150x84.jpg 150w, https:\/\/svetslik.si\/wp-content\/uploads\/2023\/03\/Claude-Monet-\u2013-Corner-1-900x507.jpg 900w\" sizes=\"(max-width: 1000px) 100vw, 1000px\" \/>\t\t\t\t<\/div>\n\t\t\t\t\t\t\t\t\t\t\t<\/div>\n\t<\/div>\n  [\/vc_column][\/vc_row]\n<\/div>","protected":false},"excerpt":{"rendered":"<p>[vc_row][vc_column][vc_column_text] Claude Monet &#8211; The Corner [\/vc_column_text][\/vc_column][\/vc_row][vc_row css=&#8221;.vc_custom_1691332697892{margin-bottom: 10px !important;}&#8221;][vc_column][\/vc_column][\/vc_row][vc_row css=&#8221;.vc_custom_1691332697892{margin-bottom: 10px !important;}&#8221;][vc_column][\/vc_column][\/vc_row][vc_row css=&#8221;.vc_custom_1691332697892{margin-bottom: 10px !important;}&#8221;][vc_column][\/vc_column][\/vc_row]<\/p>\n","protected":false},"featured_media":37325,"template":"","meta":{"_acf_changed":false},"product_brand":[],"product_cat":[4176],"product_tag":[4232,4246,4245,4253],"class_list":{"0":"post-41250","1":"product","2":"type-product","3":"status-publish","4":"has-post-thumbnail","6":"product_cat-claude-monet","7":"product_tag-monet-it","8":"product_tag-riproduzione-it","9":"product_tag-riproduzione","10":"product_tag-un-pittore","11":"pa_dimenzija-100-x-100-cm-it","12":"pa_dimenzija-120-x-100-cm-it","13":"pa_dimenzija-120-x-120-cm-it","14":"pa_dimenzija-140-x-140-cm-it","15":"pa_dimenzija-160-x-160-cm-it","16":"pa_dimenzija-180-x-180-cm-it","17":"pa_dimenzija-200-x-200-cm-it","18":"pa_dimenzija-50-x-50-cm-it","19":"pa_dimenzija-60-x-60-cm-it","20":"pa_dimenzija-70-x-70-cm-it","21":"pa_dimenzija-80-x-80-cm-it","22":"pa_dimenzija-90-x-90-cm-it","23":"pa_oblika-orizzontale","24":"pa_okvir-sensa-cornice","25":"pa_podokvir-no","26":"pa_podokvir-si","28":"first","29":"onbackorder","30":"purchasable","31":"product-type-variable","32":"has-default-attributes"},"acf":[],"yoast_head":"<!-- This site is optimized with the Yoast SEO Premium plugin v26.0 (Yoast SEO v27.2) - https:\/\/yoast.com\/product\/yoast-seo-premium-wordpress\/ -->\n<title>Claude Monet - Corner - SVETSLIK.SI - Dipinto al 100% fatto a mano<\/title>\n<meta name=\"description\" content=\"Claude Monet - Corner - Riproduzioni di quadri d&#039;arte al 100% dipinti a mano su tela. Cornici per quadri, vendita e realizzazione di dimensioni su ordinazione.\" \/>\n<meta name=\"robots\" content=\"index, follow, max-snippet:-1, max-image-preview:large, max-video-preview:-1\" \/>\n<link rel=\"canonical\" href=\"https:\/\/svetslik.si\/it\/claude-monet\/claude-monet-corner\/\" \/>\n<meta property=\"og:locale\" content=\"it_IT\" \/>\n<meta property=\"og:type\" content=\"article\" \/>\n<meta property=\"og:title\" content=\"Claude Monet - Corner\" \/>\n<meta property=\"og:description\" content=\"100% ro\u010dno naslikane slike na platnu, reprodukcije znanih slikarjev in umetni\u0161ke slike po naro\u010dilu.\" \/>\n<meta property=\"og:url\" content=\"https:\/\/svetslik.si\/it\/claude-monet\/claude-monet-corner\/\" \/>\n<meta property=\"og:site_name\" content=\"SVETSLIK.SI\" \/>\n<meta property=\"article:publisher\" content=\"https:\/\/www.facebook.com\/svetslik.si\" \/>\n<meta property=\"article:modified_time\" content=\"2024-07-04T16:16:21+00:00\" \/>\n<meta property=\"og:image\" content=\"https:\/\/svetslik.si\/wp-content\/uploads\/2023\/03\/corner-1024x918.jpg\" \/>\n\t<meta property=\"og:image:width\" content=\"1024\" \/>\n\t<meta property=\"og:image:height\" content=\"918\" \/>\n\t<meta property=\"og:image:type\" content=\"image\/jpeg\" \/>\n<meta name=\"twitter:card\" content=\"summary_large_image\" \/>\n<meta name=\"twitter:site\" content=\"@svetslik\" \/>\n<meta name=\"twitter:label1\" content=\"Disponibilit\u00e0\" \/>\n\t<meta name=\"twitter:data1\" content=\"Su ordinazione\" \/>\n<script type=\"application\/ld+json\" class=\"yoast-schema-graph\">{\"@context\":\"https:\/\/schema.org\",\"@graph\":[{\"@type\":[\"WebPage\",\"ItemPage\"],\"@id\":\"https:\/\/svetslik.si\/it\/claude-monet\/claude-monet-corner\/\",\"url\":\"https:\/\/svetslik.si\/it\/claude-monet\/claude-monet-corner\/\",\"name\":\"Claude Monet - Corner - SVETSLIK.SI - Dipinto al 100% fatto a mano\",\"isPartOf\":{\"@id\":\"https:\/\/svetslik.si\/it\/#website\"},\"primaryImageOfPage\":{\"@id\":\"https:\/\/svetslik.si\/it\/claude-monet\/claude-monet-corner\/#primaryimage\"},\"image\":{\"@id\":\"https:\/\/svetslik.si\/it\/claude-monet\/claude-monet-corner\/#primaryimage\"},\"thumbnailUrl\":\"https:\/\/svetslik.si\/wp-content\/uploads\/2023\/03\/corner.jpg\",\"datePublished\":\"2023-03-16T21:04:53+00:00\",\"dateModified\":\"2024-07-04T16:16:21+00:00\",\"description\":\"Claude Monet - Corner - Riproduzioni di quadri d'arte al 100% dipinti a mano su tela. Cornici per quadri, vendita e realizzazione di dimensioni su ordinazione.\",\"breadcrumb\":{\"@id\":\"https:\/\/svetslik.si\/it\/claude-monet\/claude-monet-corner\/#breadcrumb\"},\"inLanguage\":\"it-IT\",\"potentialAction\":[{\"@type\":\"ReadAction\",\"target\":[\"https:\/\/svetslik.si\/it\/claude-monet\/claude-monet-corner\/\"]}]},{\"@type\":\"ImageObject\",\"inLanguage\":\"it-IT\",\"@id\":\"https:\/\/svetslik.si\/it\/claude-monet\/claude-monet-corner\/#primaryimage\",\"url\":\"https:\/\/svetslik.si\/wp-content\/uploads\/2023\/03\/corner.jpg\",\"contentUrl\":\"https:\/\/svetslik.si\/wp-content\/uploads\/2023\/03\/corner.jpg\",\"width\":1455,\"height\":1305,\"caption\":\"Claude Monet Corner - Angolo di Claude Monet\"},{\"@type\":\"BreadcrumbList\",\"@id\":\"https:\/\/svetslik.si\/it\/claude-monet\/claude-monet-corner\/#breadcrumb\",\"itemListElement\":[{\"@type\":\"ListItem\",\"position\":1,\"name\":\"Fali m\u0171v\u00e9szet \u00e9s festm\u00e9nyek v\u00e1szonra\",\"item\":\"https:\/\/svetslik.si\/it\/\"},{\"@type\":\"ListItem\",\"position\":2,\"name\":\"Vendita di dipinti\",\"item\":\"https:\/\/svetslik.si\/prodaja-slik\/\"},{\"@type\":\"ListItem\",\"position\":3,\"name\":\"Claude Monet &#8211; Corner\"}]},{\"@type\":\"WebSite\",\"@id\":\"https:\/\/svetslik.si\/it\/#website\",\"url\":\"https:\/\/svetslik.si\/it\/\",\"name\":\"SVETSLIK.SI\",\"description\":\"100% riproduzioni dipinte a mano di quadri di pittori famosi e dipinti su tela.\",\"publisher\":{\"@id\":\"https:\/\/svetslik.si\/it\/#organization\"},\"potentialAction\":[{\"@type\":\"SearchAction\",\"target\":{\"@type\":\"EntryPoint\",\"urlTemplate\":\"https:\/\/svetslik.si\/it\/?s={search_term_string}\"},\"query-input\":{\"@type\":\"PropertyValueSpecification\",\"valueRequired\":true,\"valueName\":\"search_term_string\"}}],\"inLanguage\":\"it-IT\"},{\"@type\":\"Organization\",\"@id\":\"https:\/\/svetslik.si\/it\/#organization\",\"name\":\"SvetSlik.si\",\"url\":\"https:\/\/svetslik.si\/it\/\",\"logo\":{\"@type\":\"ImageObject\",\"inLanguage\":\"it-IT\",\"@id\":\"https:\/\/svetslik.si\/it\/#\/schema\/logo\/image\/\",\"url\":\"https:\/\/svetslik.si\/wp-content\/uploads\/2020\/12\/logo-512.png\",\"contentUrl\":\"https:\/\/svetslik.si\/wp-content\/uploads\/2020\/12\/logo-512.png\",\"width\":512,\"height\":512,\"caption\":\"SvetSlik.si\"},\"image\":{\"@id\":\"https:\/\/svetslik.si\/it\/#\/schema\/logo\/image\/\"},\"sameAs\":[\"https:\/\/www.facebook.com\/svetslik.si\",\"https:\/\/x.com\/svetslik\",\"https:\/\/www.instagram.com\/svetslik.si\/\",\"https:\/\/www.linkedin.com\/company\/svetslik-si\"]}]}<\/script>\n<meta property=\"og:availability\" content=\"backorder\" \/>\n<meta property=\"product:availability\" content=\"available for order\" \/>\n<meta property=\"product:retailer_item_id\" content=\"545__-1\" \/>\n<meta property=\"product:condition\" content=\"new\" \/>\n<!-- \/ Yoast SEO Premium plugin. -->","yoast_head_json":{"title":"Claude Monet - Corner - SVETSLIK.SI - Dipinto al 100% fatto a mano","description":"Claude Monet - Corner - Riproduzioni di quadri d'arte al 100% dipinti a mano su tela. Cornici per quadri, vendita e realizzazione di dimensioni su ordinazione.","robots":{"index":"index","follow":"follow","max-snippet":"max-snippet:-1","max-image-preview":"max-image-preview:large","max-video-preview":"max-video-preview:-1"},"canonical":"https:\/\/svetslik.si\/it\/claude-monet\/claude-monet-corner\/","og_locale":"it_IT","og_type":"article","og_title":"Claude Monet - Corner","og_description":"100% ro\u010dno naslikane slike na platnu, reprodukcije znanih slikarjev in umetni\u0161ke slike po naro\u010dilu.","og_url":"https:\/\/svetslik.si\/it\/claude-monet\/claude-monet-corner\/","og_site_name":"SVETSLIK.SI","article_publisher":"https:\/\/www.facebook.com\/svetslik.si","article_modified_time":"2024-07-04T16:16:21+00:00","og_image":[{"width":1024,"height":918,"url":"https:\/\/svetslik.si\/wp-content\/uploads\/2023\/03\/corner-1024x918.jpg","type":"image\/jpeg"}],"twitter_card":"summary_large_image","twitter_site":"@svetslik","twitter_misc":{"Disponibilit\u00e0":"Su ordinazione"},"schema":{"@context":"https:\/\/schema.org","@graph":[{"@type":["WebPage","ItemPage"],"@id":"https:\/\/svetslik.si\/it\/claude-monet\/claude-monet-corner\/","url":"https:\/\/svetslik.si\/it\/claude-monet\/claude-monet-corner\/","name":"Claude Monet - Corner - SVETSLIK.SI - Dipinto al 100% fatto a mano","isPartOf":{"@id":"https:\/\/svetslik.si\/it\/#website"},"primaryImageOfPage":{"@id":"https:\/\/svetslik.si\/it\/claude-monet\/claude-monet-corner\/#primaryimage"},"image":{"@id":"https:\/\/svetslik.si\/it\/claude-monet\/claude-monet-corner\/#primaryimage"},"thumbnailUrl":"https:\/\/svetslik.si\/wp-content\/uploads\/2023\/03\/corner.jpg","datePublished":"2023-03-16T21:04:53+00:00","dateModified":"2024-07-04T16:16:21+00:00","description":"Claude Monet - Corner - Riproduzioni di quadri d'arte al 100% dipinti a mano su tela. Cornici per quadri, vendita e realizzazione di dimensioni su ordinazione.","breadcrumb":{"@id":"https:\/\/svetslik.si\/it\/claude-monet\/claude-monet-corner\/#breadcrumb"},"inLanguage":"it-IT","potentialAction":[{"@type":"ReadAction","target":["https:\/\/svetslik.si\/it\/claude-monet\/claude-monet-corner\/"]}]},{"@type":"ImageObject","inLanguage":"it-IT","@id":"https:\/\/svetslik.si\/it\/claude-monet\/claude-monet-corner\/#primaryimage","url":"https:\/\/svetslik.si\/wp-content\/uploads\/2023\/03\/corner.jpg","contentUrl":"https:\/\/svetslik.si\/wp-content\/uploads\/2023\/03\/corner.jpg","width":1455,"height":1305,"caption":"Claude Monet Corner - Angolo di Claude Monet"},{"@type":"BreadcrumbList","@id":"https:\/\/svetslik.si\/it\/claude-monet\/claude-monet-corner\/#breadcrumb","itemListElement":[{"@type":"ListItem","position":1,"name":"Fali m\u0171v\u00e9szet \u00e9s festm\u00e9nyek v\u00e1szonra","item":"https:\/\/svetslik.si\/it\/"},{"@type":"ListItem","position":2,"name":"Vendita di dipinti","item":"https:\/\/svetslik.si\/prodaja-slik\/"},{"@type":"ListItem","position":3,"name":"Claude Monet &#8211; Corner"}]},{"@type":"WebSite","@id":"https:\/\/svetslik.si\/it\/#website","url":"https:\/\/svetslik.si\/it\/","name":"SVETSLIK.SI","description":"100% riproduzioni dipinte a mano di quadri di pittori famosi e dipinti su tela.","publisher":{"@id":"https:\/\/svetslik.si\/it\/#organization"},"potentialAction":[{"@type":"SearchAction","target":{"@type":"EntryPoint","urlTemplate":"https:\/\/svetslik.si\/it\/?s={search_term_string}"},"query-input":{"@type":"PropertyValueSpecification","valueRequired":true,"valueName":"search_term_string"}}],"inLanguage":"it-IT"},{"@type":"Organization","@id":"https:\/\/svetslik.si\/it\/#organization","name":"SvetSlik.si","url":"https:\/\/svetslik.si\/it\/","logo":{"@type":"ImageObject","inLanguage":"it-IT","@id":"https:\/\/svetslik.si\/it\/#\/schema\/logo\/image\/","url":"https:\/\/svetslik.si\/wp-content\/uploads\/2020\/12\/logo-512.png","contentUrl":"https:\/\/svetslik.si\/wp-content\/uploads\/2020\/12\/logo-512.png","width":512,"height":512,"caption":"SvetSlik.si"},"image":{"@id":"https:\/\/svetslik.si\/it\/#\/schema\/logo\/image\/"},"sameAs":["https:\/\/www.facebook.com\/svetslik.si","https:\/\/x.com\/svetslik","https:\/\/www.instagram.com\/svetslik.si\/","https:\/\/www.linkedin.com\/company\/svetslik-si"]}]},"og_availability":"backorder","product_availability":"available for order","product_retailer_item_id":"545__-1","product_condition":"new"},"jetpack_sharing_enabled":true,"_links":{"self":[{"href":"https:\/\/svetslik.si\/it\/wp-json\/wp\/v2\/product\/41250","targetHints":{"allow":["GET"]}}],"collection":[{"href":"https:\/\/svetslik.si\/it\/wp-json\/wp\/v2\/product"}],"about":[{"href":"https:\/\/svetslik.si\/it\/wp-json\/wp\/v2\/types\/product"}],"wp:featuredmedia":[{"embeddable":true,"href":"https:\/\/svetslik.si\/it\/wp-json\/wp\/v2\/media\/37325"}],"wp:attachment":[{"href":"https:\/\/svetslik.si\/it\/wp-json\/wp\/v2\/media?parent=41250"}],"wp:term":[{"taxonomy":"product_brand","embeddable":true,"href":"https:\/\/svetslik.si\/it\/wp-json\/wp\/v2\/product_brand?post=41250"},{"taxonomy":"product_cat","embeddable":true,"href":"https:\/\/svetslik.si\/it\/wp-json\/wp\/v2\/product_cat?post=41250"},{"taxonomy":"product_tag","embeddable":true,"href":"https:\/\/svetslik.si\/it\/wp-json\/wp\/v2\/product_tag?post=41250"}],"curies":[{"name":"wp","href":"https:\/\/api.w.org\/{rel}","templated":true}]}}