{"id":41572,"date":"2021-09-02T17:45:32","date_gmt":"2021-09-02T15:45:32","guid":{"rendered":"https:\/\/svetslik.si\/senza-categoria\/temptation-of-st-anthony\/"},"modified":"2026-03-22T22:11:19","modified_gmt":"2026-03-22T21:11:19","slug":"temptation-of-st-anthony","status":"publish","type":"product","link":"https:\/\/svetslik.si\/it\/salvador-dali\/temptation-of-st-anthony\/","title":{"rendered":"Salvador Dali &#8211; Temptation of St.Anthony"},"content":{"rendered":"<h1>Salvador Dal\u00ec &#8211; Tentazione di S. Antonio<\/h1>\n<p>&nbsp;<\/p>\n<table border=\"0\" width=\"673\" cellspacing=\"0\" cellpadding=\"0\">\n<tr>\n<td height=\"21\">Anno di creazione:<\/td>\n<td style=\"width: 493px\">1946<\/td>\n<\/tr>\n<tr>\n<td height=\"21\">Dimensione originale:<\/td>\n<td style=\"width: 493px\">119,5 cm x 89,7 cm<\/td>\n<\/tr>\n<tr>\n<td height=\"21\">Stile colore:<\/td>\n<td>\n<div>\n<div>\n<div>\n<div>\n<div>\n<p>Surrealismo<\/p>\n<\/div>\n<\/div>\n<\/div>\n<\/div>\n<\/div>\n<\/td>\n<\/tr>\n<tr>\n<td height=\"21\">Tecnica originale:<\/td>\n<td>Olio su tela<\/td>\n<\/tr>\n<tr>\n<td height=\"21\">Situato:<\/td>\n<td>Mus\u00e9e Royaux des Beaux-Arts, Bruxelles<\/td>\n<\/tr>\n<\/tbody>\n<colgroup>\n<col \/>\n<col \/> <\/colgroup>\n<\/table>\n<p>&nbsp;<\/p>\n<p>La tentazione di Sant&#8217;Antonio di Salvador Dal\u00ec \u00e8 un capolavoro surrealista che mette in mostra lo stile unico e misterioso dell&#8217;artista. Il dipinto raffigura Sant&#8217;Antonio, asceta cristiano, in un ambiente desertico, circondato da vari elementi bizzarri e fantastici. Sia l&#8217;uso del simbolismo di Dal\u00ed che la sua esplorazione del subconscio possono essere visti in questo dipinto.<\/p>\n<p>Il dipinto raffigura una scena della vita di Sant&#8217;Antonio, che si dice sia tentato da vari demoni nel deserto. Dali usa questa narrazione come punto di partenza, quindi aggiunge la sua interpretazione unica della storia. Gli elementi nell&#8217;immagine non dovrebbero essere presi alla lettera, ma come simboli del subconscio.<\/p>\n<p>Uno degli elementi pi\u00f9 suggestivi del dipinto \u00e8 un elefante dalle lunghe zampe affusolate riflesso nell&#8217;acqua in primo piano. L&#8217;elefante \u00e8 un simbolo ricorrente nell&#8217;opera di Dal\u00ed, e in questo dipinto rappresenta il potere del subconscio. Il riflesso distorto dell&#8217;elefante nell&#8217;acqua simboleggia come la mente subconscia pu\u00f2 distorcere i nostri pensieri e ricordi.<\/p>\n<p>Anche altri elementi del dipinto, come il teschio, le formiche e il pesce, hanno un significato simbolico. Il teschio rappresenta la morte e la finalit\u00e0 della vita, mentre le formiche rappresentano l&#8217;insignificanza della vita di un individuo nel grande schema delle cose. Il pesce, d&#8217;altra parte, rappresenta la natura imprevedibile e caotica della mente subconscia.<\/p>\n<p>In generale, il dipinto di Salvador Dal\u00ec &#8220;La tentazione di Sant&#8217;Antonio&#8221; \u00e8 pieno di simbolismo e significato. Il dipinto mostra la maestria di Dal\u00ed nello stile surrealista ed \u00e8 ancora oggi fonte di ispirazione per molti artisti e amanti dell&#8217;arte. Per saperne di pi\u00f9 su questo dipinto, puoi visitare il Museo Salvador Dal\u00ec a San Pietroburgo, in Florida, che ha una delle pi\u00f9 grandi collezioni di opere di Dal\u00ec. Sono disponibili anche molti libri e risorse online che offrono un&#8217;analisi pi\u00f9 dettagliata dell&#8217;immagine e del suo simbolismo.<\/p>\n","protected":false},"excerpt":{"rendered":"<p>Salvador Dal\u00ec &#8211; Tentazione di S. Antonio &nbsp; Anno di creazione: 1946 Dimensione originale: 119,5 cm x 89,7 cm Stile colore: Surrealismo Tecnica originale: Olio su tela Situato: Mus\u00e9e Royaux des Beaux-Arts, Bruxelles &nbsp; La tentazione di Sant&#8217;Antonio di Salvador Dal\u00ec \u00e8 un capolavoro surrealista che mette in mostra lo [&hellip;]<\/p>\n","protected":false},"featured_media":35640,"template":"","meta":{"_acf_changed":false},"product_brand":[],"product_cat":[4205],"product_tag":[4213,4245,4246,4251,4253],"class_list":{"0":"post-41572","1":"product","2":"type-product","3":"status-publish","4":"has-post-thumbnail","6":"product_cat-salvador-dali","7":"product_tag-dali-it","8":"product_tag-riproduzione","9":"product_tag-riproduzione-it","10":"product_tag-salvador-dali-it","11":"product_tag-un-pittore","12":"pa_dimenzija-120-x-90-cm-it","13":"pa_dimenzija-40-x-30-cm-it","14":"pa_dimenzija-50-x-40-cm-it","15":"pa_dimenzija-60-x-50-cm-it","16":"pa_dimenzija-70-x-50-cm-it","17":"pa_dimenzija-80-x-60-cm-it","18":"pa_dimenzija-90-x-70-cm-it","19":"pa_oblika-orizzontale","20":"pa_okvir-sensa-cornice","21":"pa_podokvir-no","22":"pa_podokvir-si","24":"first","25":"onbackorder","26":"purchasable","27":"product-type-variable","28":"has-default-attributes"},"acf":[],"yoast_head":"<!-- This site is optimized with the Yoast SEO Premium plugin v26.0 (Yoast SEO v27.2) - https:\/\/yoast.com\/product\/yoast-seo-premium-wordpress\/ -->\n<title>Salvador Dali - Temptation of St.Anthony - SVETSLIK.SI - Dipinto al 100% fatto a mano<\/title>\n<meta name=\"description\" content=\"Salvador Dali - Temptation of St.Anthony - Riproduzioni di quadri d&#039;arte al 100% dipinti a mano su tela. Cornici per quadri, vendita e realizzazione di dimensioni su ordinazione.\" \/>\n<meta name=\"robots\" content=\"index, follow, max-snippet:-1, max-image-preview:large, max-video-preview:-1\" \/>\n<link rel=\"canonical\" href=\"https:\/\/svetslik.si\/it\/salvador-dali\/temptation-of-st-anthony\/\" \/>\n<meta property=\"og:locale\" content=\"it_IT\" \/>\n<meta property=\"og:type\" content=\"article\" \/>\n<meta property=\"og:title\" content=\"Salvador Dali - Temptation of St.Anthony\" \/>\n<meta property=\"og:description\" content=\"100% ro\u010dno naslikane slike na platnu, reprodukcije znanih slikarjev in umetni\u0161ke slike po naro\u010dilu.\" \/>\n<meta property=\"og:url\" content=\"https:\/\/svetslik.si\/it\/salvador-dali\/temptation-of-st-anthony\/\" \/>\n<meta property=\"og:site_name\" content=\"SVETSLIK.SI\" \/>\n<meta property=\"article:publisher\" content=\"https:\/\/www.facebook.com\/svetslik.si\" \/>\n<meta property=\"article:modified_time\" content=\"2026-03-22T21:11:19+00:00\" \/>\n<meta property=\"og:image\" content=\"https:\/\/svetslik.si\/wp-content\/uploads\/2021\/08\/image_Studija-slike-Salvador-Dali-Temptation-of-StAnthony_680.jpg\" \/>\n\t<meta property=\"og:image:width\" content=\"680\" \/>\n\t<meta property=\"og:image:height\" content=\"508\" \/>\n\t<meta property=\"og:image:type\" content=\"image\/jpeg\" \/>\n<meta name=\"twitter:card\" content=\"summary_large_image\" \/>\n<meta name=\"twitter:site\" content=\"@svetslik\" \/>\n<meta name=\"twitter:label1\" content=\"Disponibilit\u00e0\" \/>\n\t<meta name=\"twitter:data1\" content=\"Su ordinazione\" \/>\n<script type=\"application\/ld+json\" class=\"yoast-schema-graph\">{\"@context\":\"https:\/\/schema.org\",\"@graph\":[{\"@type\":[\"WebPage\",\"ItemPage\"],\"@id\":\"https:\/\/svetslik.si\/it\/salvador-dali\/temptation-of-st-anthony\/\",\"url\":\"https:\/\/svetslik.si\/it\/salvador-dali\/temptation-of-st-anthony\/\",\"name\":\"Salvador Dali - Temptation of St.Anthony - SVETSLIK.SI - Dipinto al 100% fatto a mano\",\"isPartOf\":{\"@id\":\"https:\/\/svetslik.si\/it\/#website\"},\"primaryImageOfPage\":{\"@id\":\"https:\/\/svetslik.si\/it\/salvador-dali\/temptation-of-st-anthony\/#primaryimage\"},\"image\":{\"@id\":\"https:\/\/svetslik.si\/it\/salvador-dali\/temptation-of-st-anthony\/#primaryimage\"},\"thumbnailUrl\":\"https:\/\/svetslik.si\/wp-content\/uploads\/2021\/08\/image_Studija-slike-Salvador-Dali-Temptation-of-StAnthony_680.jpg\",\"datePublished\":\"2021-09-02T15:45:32+00:00\",\"dateModified\":\"2026-03-22T21:11:19+00:00\",\"description\":\"Salvador Dali - Temptation of St.Anthony - Riproduzioni di quadri d'arte al 100% dipinti a mano su tela. Cornici per quadri, vendita e realizzazione di dimensioni su ordinazione.\",\"breadcrumb\":{\"@id\":\"https:\/\/svetslik.si\/it\/salvador-dali\/temptation-of-st-anthony\/#breadcrumb\"},\"inLanguage\":\"it-IT\",\"potentialAction\":[{\"@type\":\"ReadAction\",\"target\":[\"https:\/\/svetslik.si\/it\/salvador-dali\/temptation-of-st-anthony\/\"]}]},{\"@type\":\"ImageObject\",\"inLanguage\":\"it-IT\",\"@id\":\"https:\/\/svetslik.si\/it\/salvador-dali\/temptation-of-st-anthony\/#primaryimage\",\"url\":\"https:\/\/svetslik.si\/wp-content\/uploads\/2021\/08\/image_Studija-slike-Salvador-Dali-Temptation-of-StAnthony_680.jpg\",\"contentUrl\":\"https:\/\/svetslik.si\/wp-content\/uploads\/2021\/08\/image_Studija-slike-Salvador-Dali-Temptation-of-StAnthony_680.jpg\",\"width\":680,\"height\":508,\"caption\":\"Salvador Dal\u00ec - Sonno - Riproduzioni dipinte a mano di famosi pittori, quadri moderni, quadri d'arte per parete\"},{\"@type\":\"BreadcrumbList\",\"@id\":\"https:\/\/svetslik.si\/it\/salvador-dali\/temptation-of-st-anthony\/#breadcrumb\",\"itemListElement\":[{\"@type\":\"ListItem\",\"position\":1,\"name\":\"Fali m\u0171v\u00e9szet \u00e9s festm\u00e9nyek v\u00e1szonra\",\"item\":\"https:\/\/svetslik.si\/it\/\"},{\"@type\":\"ListItem\",\"position\":2,\"name\":\"Vendita di dipinti\",\"item\":\"https:\/\/svetslik.si\/prodaja-slik\/\"},{\"@type\":\"ListItem\",\"position\":3,\"name\":\"Salvador Dali &#8211; Temptation of St.Anthony\"}]},{\"@type\":\"WebSite\",\"@id\":\"https:\/\/svetslik.si\/it\/#website\",\"url\":\"https:\/\/svetslik.si\/it\/\",\"name\":\"SVETSLIK.SI\",\"description\":\"100% riproduzioni dipinte a mano di quadri di pittori famosi e dipinti su tela.\",\"publisher\":{\"@id\":\"https:\/\/svetslik.si\/it\/#organization\"},\"potentialAction\":[{\"@type\":\"SearchAction\",\"target\":{\"@type\":\"EntryPoint\",\"urlTemplate\":\"https:\/\/svetslik.si\/it\/?s={search_term_string}\"},\"query-input\":{\"@type\":\"PropertyValueSpecification\",\"valueRequired\":true,\"valueName\":\"search_term_string\"}}],\"inLanguage\":\"it-IT\"},{\"@type\":\"Organization\",\"@id\":\"https:\/\/svetslik.si\/it\/#organization\",\"name\":\"SvetSlik.si\",\"url\":\"https:\/\/svetslik.si\/it\/\",\"logo\":{\"@type\":\"ImageObject\",\"inLanguage\":\"it-IT\",\"@id\":\"https:\/\/svetslik.si\/it\/#\/schema\/logo\/image\/\",\"url\":\"https:\/\/svetslik.si\/wp-content\/uploads\/2020\/12\/logo-512.png\",\"contentUrl\":\"https:\/\/svetslik.si\/wp-content\/uploads\/2020\/12\/logo-512.png\",\"width\":512,\"height\":512,\"caption\":\"SvetSlik.si\"},\"image\":{\"@id\":\"https:\/\/svetslik.si\/it\/#\/schema\/logo\/image\/\"},\"sameAs\":[\"https:\/\/www.facebook.com\/svetslik.si\",\"https:\/\/x.com\/svetslik\",\"https:\/\/www.instagram.com\/svetslik.si\/\",\"https:\/\/www.linkedin.com\/company\/svetslik-si\"]}]}<\/script>\n<meta property=\"og:availability\" content=\"backorder\" \/>\n<meta property=\"product:availability\" content=\"available for order\" \/>\n<meta property=\"product:retailer_item_id\" content=\"127__\" \/>\n<meta property=\"product:condition\" content=\"new\" \/>\n<!-- \/ Yoast SEO Premium plugin. -->","yoast_head_json":{"title":"Salvador Dali - Temptation of St.Anthony - SVETSLIK.SI - Dipinto al 100% fatto a mano","description":"Salvador Dali - Temptation of St.Anthony - Riproduzioni di quadri d'arte al 100% dipinti a mano su tela. Cornici per quadri, vendita e realizzazione di dimensioni su ordinazione.","robots":{"index":"index","follow":"follow","max-snippet":"max-snippet:-1","max-image-preview":"max-image-preview:large","max-video-preview":"max-video-preview:-1"},"canonical":"https:\/\/svetslik.si\/it\/salvador-dali\/temptation-of-st-anthony\/","og_locale":"it_IT","og_type":"article","og_title":"Salvador Dali - Temptation of St.Anthony","og_description":"100% ro\u010dno naslikane slike na platnu, reprodukcije znanih slikarjev in umetni\u0161ke slike po naro\u010dilu.","og_url":"https:\/\/svetslik.si\/it\/salvador-dali\/temptation-of-st-anthony\/","og_site_name":"SVETSLIK.SI","article_publisher":"https:\/\/www.facebook.com\/svetslik.si","article_modified_time":"2026-03-22T21:11:19+00:00","og_image":[{"width":680,"height":508,"url":"https:\/\/svetslik.si\/wp-content\/uploads\/2021\/08\/image_Studija-slike-Salvador-Dali-Temptation-of-StAnthony_680.jpg","type":"image\/jpeg"}],"twitter_card":"summary_large_image","twitter_site":"@svetslik","twitter_misc":{"Disponibilit\u00e0":"Su ordinazione"},"schema":{"@context":"https:\/\/schema.org","@graph":[{"@type":["WebPage","ItemPage"],"@id":"https:\/\/svetslik.si\/it\/salvador-dali\/temptation-of-st-anthony\/","url":"https:\/\/svetslik.si\/it\/salvador-dali\/temptation-of-st-anthony\/","name":"Salvador Dali - Temptation of St.Anthony - SVETSLIK.SI - Dipinto al 100% fatto a mano","isPartOf":{"@id":"https:\/\/svetslik.si\/it\/#website"},"primaryImageOfPage":{"@id":"https:\/\/svetslik.si\/it\/salvador-dali\/temptation-of-st-anthony\/#primaryimage"},"image":{"@id":"https:\/\/svetslik.si\/it\/salvador-dali\/temptation-of-st-anthony\/#primaryimage"},"thumbnailUrl":"https:\/\/svetslik.si\/wp-content\/uploads\/2021\/08\/image_Studija-slike-Salvador-Dali-Temptation-of-StAnthony_680.jpg","datePublished":"2021-09-02T15:45:32+00:00","dateModified":"2026-03-22T21:11:19+00:00","description":"Salvador Dali - Temptation of St.Anthony - Riproduzioni di quadri d'arte al 100% dipinti a mano su tela. Cornici per quadri, vendita e realizzazione di dimensioni su ordinazione.","breadcrumb":{"@id":"https:\/\/svetslik.si\/it\/salvador-dali\/temptation-of-st-anthony\/#breadcrumb"},"inLanguage":"it-IT","potentialAction":[{"@type":"ReadAction","target":["https:\/\/svetslik.si\/it\/salvador-dali\/temptation-of-st-anthony\/"]}]},{"@type":"ImageObject","inLanguage":"it-IT","@id":"https:\/\/svetslik.si\/it\/salvador-dali\/temptation-of-st-anthony\/#primaryimage","url":"https:\/\/svetslik.si\/wp-content\/uploads\/2021\/08\/image_Studija-slike-Salvador-Dali-Temptation-of-StAnthony_680.jpg","contentUrl":"https:\/\/svetslik.si\/wp-content\/uploads\/2021\/08\/image_Studija-slike-Salvador-Dali-Temptation-of-StAnthony_680.jpg","width":680,"height":508,"caption":"Salvador Dal\u00ec - Sonno - Riproduzioni dipinte a mano di famosi pittori, quadri moderni, quadri d'arte per parete"},{"@type":"BreadcrumbList","@id":"https:\/\/svetslik.si\/it\/salvador-dali\/temptation-of-st-anthony\/#breadcrumb","itemListElement":[{"@type":"ListItem","position":1,"name":"Fali m\u0171v\u00e9szet \u00e9s festm\u00e9nyek v\u00e1szonra","item":"https:\/\/svetslik.si\/it\/"},{"@type":"ListItem","position":2,"name":"Vendita di dipinti","item":"https:\/\/svetslik.si\/prodaja-slik\/"},{"@type":"ListItem","position":3,"name":"Salvador Dali &#8211; Temptation of St.Anthony"}]},{"@type":"WebSite","@id":"https:\/\/svetslik.si\/it\/#website","url":"https:\/\/svetslik.si\/it\/","name":"SVETSLIK.SI","description":"100% riproduzioni dipinte a mano di quadri di pittori famosi e dipinti su tela.","publisher":{"@id":"https:\/\/svetslik.si\/it\/#organization"},"potentialAction":[{"@type":"SearchAction","target":{"@type":"EntryPoint","urlTemplate":"https:\/\/svetslik.si\/it\/?s={search_term_string}"},"query-input":{"@type":"PropertyValueSpecification","valueRequired":true,"valueName":"search_term_string"}}],"inLanguage":"it-IT"},{"@type":"Organization","@id":"https:\/\/svetslik.si\/it\/#organization","name":"SvetSlik.si","url":"https:\/\/svetslik.si\/it\/","logo":{"@type":"ImageObject","inLanguage":"it-IT","@id":"https:\/\/svetslik.si\/it\/#\/schema\/logo\/image\/","url":"https:\/\/svetslik.si\/wp-content\/uploads\/2020\/12\/logo-512.png","contentUrl":"https:\/\/svetslik.si\/wp-content\/uploads\/2020\/12\/logo-512.png","width":512,"height":512,"caption":"SvetSlik.si"},"image":{"@id":"https:\/\/svetslik.si\/it\/#\/schema\/logo\/image\/"},"sameAs":["https:\/\/www.facebook.com\/svetslik.si","https:\/\/x.com\/svetslik","https:\/\/www.instagram.com\/svetslik.si\/","https:\/\/www.linkedin.com\/company\/svetslik-si"]}]},"og_availability":"backorder","product_availability":"available for order","product_retailer_item_id":"127__","product_condition":"new"},"jetpack_sharing_enabled":true,"_links":{"self":[{"href":"https:\/\/svetslik.si\/it\/wp-json\/wp\/v2\/product\/41572","targetHints":{"allow":["GET"]}}],"collection":[{"href":"https:\/\/svetslik.si\/it\/wp-json\/wp\/v2\/product"}],"about":[{"href":"https:\/\/svetslik.si\/it\/wp-json\/wp\/v2\/types\/product"}],"wp:featuredmedia":[{"embeddable":true,"href":"https:\/\/svetslik.si\/it\/wp-json\/wp\/v2\/media\/35640"}],"wp:attachment":[{"href":"https:\/\/svetslik.si\/it\/wp-json\/wp\/v2\/media?parent=41572"}],"wp:term":[{"taxonomy":"product_brand","embeddable":true,"href":"https:\/\/svetslik.si\/it\/wp-json\/wp\/v2\/product_brand?post=41572"},{"taxonomy":"product_cat","embeddable":true,"href":"https:\/\/svetslik.si\/it\/wp-json\/wp\/v2\/product_cat?post=41572"},{"taxonomy":"product_tag","embeddable":true,"href":"https:\/\/svetslik.si\/it\/wp-json\/wp\/v2\/product_tag?post=41572"}],"curies":[{"name":"wp","href":"https:\/\/api.w.org\/{rel}","templated":true}]}}