{"id":41615,"date":"2021-09-02T17:45:53","date_gmt":"2021-09-02T15:45:53","guid":{"rendered":"https:\/\/svetslik.si\/senza-categoria\/soft-watch-at-the-moment-of-first-explosio\/"},"modified":"2026-03-22T22:12:05","modified_gmt":"2026-03-22T21:12:05","slug":"soft-watch-at-the-moment-of-first-explosio","status":"publish","type":"product","link":"https:\/\/svetslik.si\/it\/salvador-dali\/soft-watch-at-the-moment-of-first-explosio\/","title":{"rendered":"Salvador Dali &#8211; Soft Watch at the Moment of First Explosion"},"content":{"rendered":"<div class=\"wpb-content-wrapper\">[vc_row css=&#8221;.vc_custom_1705593083345{margin-bottom: 10px !important;}&#8221;][vc_column]\t<div class=\"et-image-492 et-image     et_image_link\">\n\t\t<div class=\"et-image-inner \">\n\t\t\t\t\t\t\t<div class=\"et-image-thumb \">\n\t\t\t\t\t<img decoding=\"async\" width=\"1000\" height=\"898\" src=\"https:\/\/svetslik.si\/wp-content\/uploads\/2021\/09\/Salvador-Dali-\u2013-Soft-Watch-at-the-Moment-of-First-Explosion-reprodukcija-slike-na-platnu.jpg\" class=\"attachment-full\" alt=\"Salvador Dali - Soft Watch at the Moment of First Explosion\" title=\"Salvador Dali - Soft Watch at the Moment of First Explosion\" srcset=\"https:\/\/svetslik.si\/wp-content\/uploads\/2021\/09\/Salvador-Dali-\u2013-Soft-Watch-at-the-Moment-of-First-Explosion-reprodukcija-slike-na-platnu.jpg 1000w, https:\/\/svetslik.si\/wp-content\/uploads\/2021\/09\/Salvador-Dali-\u2013-Soft-Watch-at-the-Moment-of-First-Explosion-reprodukcija-slike-na-platnu-600x539.jpg 600w, https:\/\/svetslik.si\/wp-content\/uploads\/2021\/09\/Salvador-Dali-\u2013-Soft-Watch-at-the-Moment-of-First-Explosion-reprodukcija-slike-na-platnu-300x269.jpg 300w, https:\/\/svetslik.si\/wp-content\/uploads\/2021\/09\/Salvador-Dali-\u2013-Soft-Watch-at-the-Moment-of-First-Explosion-reprodukcija-slike-na-platnu-768x690.jpg 768w, https:\/\/svetslik.si\/wp-content\/uploads\/2021\/09\/Salvador-Dali-\u2013-Soft-Watch-at-the-Moment-of-First-Explosion-reprodukcija-slike-na-platnu-150x135.jpg 150w, https:\/\/svetslik.si\/wp-content\/uploads\/2021\/09\/Salvador-Dali-\u2013-Soft-Watch-at-the-Moment-of-First-Explosion-reprodukcija-slike-na-platnu-900x808.jpg 900w\" sizes=\"(max-width: 1000px) 100vw, 1000px\" \/>\t\t\t\t<\/div>\n\t\t\t\t\t\t\t\t\t\t\t<\/div>\n\t<\/div>\n  [\/vc_column][\/vc_row][vc_row css=&#8221;.vc_custom_1705593083345{margin-bottom: 10px !important;}&#8221;][vc_column]\t<div class=\"et-image-992 et-image     et_image_link\">\n\t\t<div class=\"et-image-inner \">\n\t\t\t\t\t\t\t<div class=\"et-image-thumb \">\n\t\t\t\t\t<img decoding=\"async\" width=\"1000\" height=\"1060\" src=\"https:\/\/svetslik.si\/wp-content\/uploads\/2021\/09\/Salvador-Dali-\u2013-Soft-Watch-at-the-Moment-of-First-Explosion-reprodukcija-slike-na-platnu-2.jpg\" class=\"attachment-full\" alt=\"Salvador Dali - Soft Watch at the Moment of First Explosion\" title=\"Salvador Dali - Soft Watch at the Moment of First Explosion\" srcset=\"https:\/\/svetslik.si\/wp-content\/uploads\/2021\/09\/Salvador-Dali-\u2013-Soft-Watch-at-the-Moment-of-First-Explosion-reprodukcija-slike-na-platnu-2.jpg 1000w, https:\/\/svetslik.si\/wp-content\/uploads\/2021\/09\/Salvador-Dali-\u2013-Soft-Watch-at-the-Moment-of-First-Explosion-reprodukcija-slike-na-platnu-2-600x636.jpg 600w, https:\/\/svetslik.si\/wp-content\/uploads\/2021\/09\/Salvador-Dali-\u2013-Soft-Watch-at-the-Moment-of-First-Explosion-reprodukcija-slike-na-platnu-2-283x300.jpg 283w, https:\/\/svetslik.si\/wp-content\/uploads\/2021\/09\/Salvador-Dali-\u2013-Soft-Watch-at-the-Moment-of-First-Explosion-reprodukcija-slike-na-platnu-2-966x1024.jpg 966w, https:\/\/svetslik.si\/wp-content\/uploads\/2021\/09\/Salvador-Dali-\u2013-Soft-Watch-at-the-Moment-of-First-Explosion-reprodukcija-slike-na-platnu-2-768x814.jpg 768w, https:\/\/svetslik.si\/wp-content\/uploads\/2021\/09\/Salvador-Dali-\u2013-Soft-Watch-at-the-Moment-of-First-Explosion-reprodukcija-slike-na-platnu-2-142x150.jpg 142w, https:\/\/svetslik.si\/wp-content\/uploads\/2021\/09\/Salvador-Dali-\u2013-Soft-Watch-at-the-Moment-of-First-Explosion-reprodukcija-slike-na-platnu-2-900x954.jpg 900w\" sizes=\"(max-width: 1000px) 100vw, 1000px\" \/>\t\t\t\t<\/div>\n\t\t\t\t\t\t\t\t\t\t\t<\/div>\n\t<\/div>\n  [\/vc_column][\/vc_row][vc_row css=&#8221;.vc_custom_1705593083345{margin-bottom: 10px !important;}&#8221;][vc_column]\t<div class=\"et-image-71 et-image     et_image_link\">\n\t\t<div class=\"et-image-inner \">\n\t\t\t\t\t\t\t<div class=\"et-image-thumb \">\n\t\t\t\t\t<img decoding=\"async\" width=\"1000\" height=\"1143\" src=\"https:\/\/svetslik.si\/wp-content\/uploads\/2021\/09\/Salvador-Dali-\u2013-Soft-Watch-at-the-Moment-of-First-Explosion-reprodukcija-slike-na-platnu-3.jpg\" class=\"attachment-full\" alt=\"Salvador Dali - Soft Watch at the Moment of First Explosion\" title=\"Salvador Dali - Soft Watch at the Moment of First Explosion\" srcset=\"https:\/\/svetslik.si\/wp-content\/uploads\/2021\/09\/Salvador-Dali-\u2013-Soft-Watch-at-the-Moment-of-First-Explosion-reprodukcija-slike-na-platnu-3.jpg 1000w, https:\/\/svetslik.si\/wp-content\/uploads\/2021\/09\/Salvador-Dali-\u2013-Soft-Watch-at-the-Moment-of-First-Explosion-reprodukcija-slike-na-platnu-3-600x686.jpg 600w, https:\/\/svetslik.si\/wp-content\/uploads\/2021\/09\/Salvador-Dali-\u2013-Soft-Watch-at-the-Moment-of-First-Explosion-reprodukcija-slike-na-platnu-3-262x300.jpg 262w, https:\/\/svetslik.si\/wp-content\/uploads\/2021\/09\/Salvador-Dali-\u2013-Soft-Watch-at-the-Moment-of-First-Explosion-reprodukcija-slike-na-platnu-3-896x1024.jpg 896w, https:\/\/svetslik.si\/wp-content\/uploads\/2021\/09\/Salvador-Dali-\u2013-Soft-Watch-at-the-Moment-of-First-Explosion-reprodukcija-slike-na-platnu-3-768x878.jpg 768w, https:\/\/svetslik.si\/wp-content\/uploads\/2021\/09\/Salvador-Dali-\u2013-Soft-Watch-at-the-Moment-of-First-Explosion-reprodukcija-slike-na-platnu-3-131x150.jpg 131w, https:\/\/svetslik.si\/wp-content\/uploads\/2021\/09\/Salvador-Dali-\u2013-Soft-Watch-at-the-Moment-of-First-Explosion-reprodukcija-slike-na-platnu-3-900x1029.jpg 900w\" sizes=\"(max-width: 1000px) 100vw, 1000px\" \/>\t\t\t\t<\/div>\n\t\t\t\t\t\t\t\t\t\t\t<\/div>\n\t<\/div>\n  [\/vc_column][\/vc_row][vc_row css=&#8221;.vc_custom_1705593083345{margin-bottom: 10px !important;}&#8221;][vc_column]\t<div class=\"et-image-552 et-image     et_image_link\">\n\t\t<div class=\"et-image-inner \">\n\t\t\t\t\t\t\t<div class=\"et-image-thumb \">\n\t\t\t\t\t<img decoding=\"async\" width=\"1000\" height=\"828\" src=\"https:\/\/svetslik.si\/wp-content\/uploads\/2021\/09\/Salvador-Dali-\u2013-Soft-Watch-at-the-Moment-of-First-Explosion-reprodukcija-slike-na-platnu4.jpg\" class=\"attachment-full\" alt=\"Salvador Dali - Soft Watch at the Moment of First Explosion\" title=\"Salvador Dali - Soft Watch at the Moment of First Explosion\" srcset=\"https:\/\/svetslik.si\/wp-content\/uploads\/2021\/09\/Salvador-Dali-\u2013-Soft-Watch-at-the-Moment-of-First-Explosion-reprodukcija-slike-na-platnu4.jpg 1000w, https:\/\/svetslik.si\/wp-content\/uploads\/2021\/09\/Salvador-Dali-\u2013-Soft-Watch-at-the-Moment-of-First-Explosion-reprodukcija-slike-na-platnu4-600x497.jpg 600w, https:\/\/svetslik.si\/wp-content\/uploads\/2021\/09\/Salvador-Dali-\u2013-Soft-Watch-at-the-Moment-of-First-Explosion-reprodukcija-slike-na-platnu4-300x248.jpg 300w, https:\/\/svetslik.si\/wp-content\/uploads\/2021\/09\/Salvador-Dali-\u2013-Soft-Watch-at-the-Moment-of-First-Explosion-reprodukcija-slike-na-platnu4-768x636.jpg 768w, https:\/\/svetslik.si\/wp-content\/uploads\/2021\/09\/Salvador-Dali-\u2013-Soft-Watch-at-the-Moment-of-First-Explosion-reprodukcija-slike-na-platnu4-150x124.jpg 150w, https:\/\/svetslik.si\/wp-content\/uploads\/2021\/09\/Salvador-Dali-\u2013-Soft-Watch-at-the-Moment-of-First-Explosion-reprodukcija-slike-na-platnu4-900x745.jpg 900w\" sizes=\"(max-width: 1000px) 100vw, 1000px\" \/>\t\t\t\t<\/div>\n\t\t\t\t\t\t\t\t\t\t\t<\/div>\n\t<\/div>\n  [\/vc_column][\/vc_row][vc_row css=&#8221;.vc_custom_1705593083345{margin-bottom: 10px !important;}&#8221;][vc_column]\t<div class=\"et-image-175 et-image     et_image_link\">\n\t\t<div class=\"et-image-inner \">\n\t\t\t\t\t\t\t<div class=\"et-image-thumb \">\n\t\t\t\t\t<img decoding=\"async\" width=\"1000\" height=\"563\" src=\"https:\/\/svetslik.si\/wp-content\/uploads\/2021\/09\/Salvador-Dali-\u2013-Soft-Watch-at-the-Moment-of-First-Explosion-reprodukcija-slike-na-platnu-6.jpg\" class=\"attachment-full\" alt=\"Salvador Dali - Soft Watch at the Moment of First Explosion\" title=\"Salvador Dali - Soft Watch at the Moment of First Explosion\" srcset=\"https:\/\/svetslik.si\/wp-content\/uploads\/2021\/09\/Salvador-Dali-\u2013-Soft-Watch-at-the-Moment-of-First-Explosion-reprodukcija-slike-na-platnu-6.jpg 1000w, https:\/\/svetslik.si\/wp-content\/uploads\/2021\/09\/Salvador-Dali-\u2013-Soft-Watch-at-the-Moment-of-First-Explosion-reprodukcija-slike-na-platnu-6-600x338.jpg 600w, https:\/\/svetslik.si\/wp-content\/uploads\/2021\/09\/Salvador-Dali-\u2013-Soft-Watch-at-the-Moment-of-First-Explosion-reprodukcija-slike-na-platnu-6-300x169.jpg 300w, https:\/\/svetslik.si\/wp-content\/uploads\/2021\/09\/Salvador-Dali-\u2013-Soft-Watch-at-the-Moment-of-First-Explosion-reprodukcija-slike-na-platnu-6-768x432.jpg 768w, https:\/\/svetslik.si\/wp-content\/uploads\/2021\/09\/Salvador-Dali-\u2013-Soft-Watch-at-the-Moment-of-First-Explosion-reprodukcija-slike-na-platnu-6-150x84.jpg 150w, https:\/\/svetslik.si\/wp-content\/uploads\/2021\/09\/Salvador-Dali-\u2013-Soft-Watch-at-the-Moment-of-First-Explosion-reprodukcija-slike-na-platnu-6-900x507.jpg 900w\" sizes=\"(max-width: 1000px) 100vw, 1000px\" \/>\t\t\t\t<\/div>\n\t\t\t\t\t\t\t\t\t\t\t<\/div>\n\t<\/div>\n  [\/vc_column][\/vc_row][vc_row][vc_column][vc_column_text]\n<h1>Salvador Dali &#8211; Orologio morbido al momento della prima esplosione<\/h1>\n<p>&nbsp;<\/p>\n<table border=\"0\" width=\"673\" cellspacing=\"0\" cellpadding=\"0\">\n<tbody>\n<tr>\n<td height=\"21\">Anno di creazione:<\/td>\n<td style=\"width: 493px;\">1954<\/td>\n<\/tr>\n<tr>\n<td height=\"21\">Dimensione originale:<\/td>\n<td style=\"width: 493px;\">19,1 cm x 14 cm<\/td>\n<\/tr>\n<tr>\n<td height=\"21\">Stile colore:<\/td>\n<td>\n<div>\n<div>\n<div>\n<div>\n<div>Surrealismo<\/div>\n<\/div>\n<\/div>\n<\/div>\n<\/div>\n<\/td>\n<\/tr>\n<tr>\n<td height=\"21\">Tecnica originale:<\/td>\n<td>Olio su tela<\/td>\n<\/tr>\n<tr>\n<td height=\"21\">Situato:<\/td>\n<td>Collezione privata<\/td>\n<\/tr>\n<\/tbody>\n<colgroup>\n<col \/>\n<col \/> <\/colgroup>\n<\/table>\n<p>&#8220;The Soft Clock at the Moment of the First Explosion&#8221; di Salvador Dal\u00ed \u00e8 un dipinto surrealista raffigurante un orologio da tasca che si scioglie, un simbolo frequente nell&#8217;opera di Dal\u00ed. Il dipinto dovrebbe essere una rappresentazione visiva della fluidit\u00e0 del tempo e del crollo della concezione tradizionale del tempo. L&#8217;uso di orologi che si sciolgono nell&#8217;arte di Dal\u00ed pu\u00f2 anche essere inteso come una metafora del caos e della distruzione della guerra.<\/p>\n<p>Uno degli elementi pi\u00f9 sorprendenti del dipinto \u00e8 l&#8217;uso di colori vivaci e pennellate audaci che si aggiungono alla qualit\u00e0 onirica del dipinto. L&#8217;orologio \u00e8 raffigurato mentre si dissolve e scorre, e le sue lancette e numeri sono distorti e allungati. Lo sfondo \u00e8 un mix caotico di blu e verdi con motivi vorticosi che aumentano il senso di movimento e cambiamento.<\/p>\n<p>Si dice che l&#8217;interesse di Dal\u00ed per le teorie di Sigmund Freud sul subconscio abbia influenzato il dipinto. Lo scioglimento dell&#8217;orologio \u00e8 una rappresentazione visiva della disintegrazione dell&#8217;ego e del rilascio di desideri e ricordi repressi.<\/p>\n<p>Il dipinto \u00e8 attualmente conservato al Museum of Modern Art di New York. \u00c8 considerata una delle opere pi\u00f9 importanti di Dal\u00ed ed \u00e8 un eccellente esempio del suo stile e della sua tecnica unici.<\/p>\n<p>Come uno degli artisti pi\u00f9 riconoscibili e famosi del 20\u00b0 secolo, Salvador Dal\u00ec continua a deliziare il pubblico di tutto il mondo con le sue opere. I suoi dipinti sono considerati capolavori del surrealismo e hanno un impatto duraturo sul mondo dell&#8217;arte. &#8220;The Soft Clock at the Moment of the First Explosion&#8221; \u00e8 un perfetto esempio della capacit\u00e0 di Dal\u00ed di catturare il subconscio attraverso la sua arte, e rimane una tappa obbligata per chiunque sia interessato al Surrealismo e all&#8217;arte di Salvador Dal\u00ed.[\/vc_column_text][\/vc_column][\/vc_row]\n<\/div>","protected":false},"excerpt":{"rendered":"<p>[vc_row css=&#8221;.vc_custom_1705593083345{margin-bottom: 10px !important;}&#8221;][vc_column][\/vc_column][\/vc_row][vc_row css=&#8221;.vc_custom_1705593083345{margin-bottom: 10px !important;}&#8221;][vc_column][\/vc_column][\/vc_row][vc_row css=&#8221;.vc_custom_1705593083345{margin-bottom: 10px !important;}&#8221;][vc_column][\/vc_column][\/vc_row][vc_row css=&#8221;.vc_custom_1705593083345{margin-bottom: 10px !important;}&#8221;][vc_column][\/vc_column][\/vc_row][vc_row css=&#8221;.vc_custom_1705593083345{margin-bottom: 10px !important;}&#8221;][vc_column][\/vc_column][\/vc_row][vc_row][vc_column][vc_column_text] Salvador Dali &#8211; Orologio morbido al momento della prima esplosione &nbsp; Anno di creazione: 1954 Dimensione originale: 19,1 cm x 14 cm Stile colore: Surrealismo Tecnica originale: Olio su tela Situato: Collezione privata &#8220;The [&hellip;]<\/p>\n","protected":false},"featured_media":35606,"template":"","meta":{"_acf_changed":false},"product_brand":[],"product_cat":[4205],"product_tag":[4213,4245,4246,4251,4253],"class_list":{"0":"post-41615","1":"product","2":"type-product","3":"status-publish","4":"has-post-thumbnail","6":"product_cat-salvador-dali","7":"product_tag-dali-it","8":"product_tag-riproduzione","9":"product_tag-riproduzione-it","10":"product_tag-salvador-dali-it","11":"product_tag-un-pittore","12":"pa_dimenzija-120-x-100-cm-it","13":"pa_dimenzija-150-x-120-cm-it","14":"pa_dimenzija-40-x-30-cm-it","15":"pa_dimenzija-50-x-40-cm-it","16":"pa_dimenzija-60-x-50-cm-it","17":"pa_dimenzija-70-x-60-cm-it","18":"pa_dimenzija-80-x-60-cm-it","19":"pa_dimenzija-90-x-70-cm-it","20":"pa_oblika-orizzontale","21":"pa_okvir-sensa-cornice","22":"pa_podokvir-no","23":"pa_podokvir-si","25":"first","26":"onbackorder","27":"purchasable","28":"product-type-variable","29":"has-default-attributes"},"acf":[],"yoast_head":"<!-- This site is optimized with the Yoast SEO Premium plugin v26.0 (Yoast SEO v27.2) - https:\/\/yoast.com\/product\/yoast-seo-premium-wordpress\/ -->\n<title>Salvador Dali - Soft Watch at the Moment of First Explosion - SVETSLIK.SI - Dipinto al 100% fatto a mano<\/title>\n<meta name=\"description\" content=\"Salvador Dali - Soft Watch at the Moment of First Explosion - Riproduzioni di quadri d&#039;arte al 100% dipinti a mano su tela. Cornici per quadri, vendita e realizzazione di dimensioni su ordinazione.\" \/>\n<meta name=\"robots\" content=\"index, follow, max-snippet:-1, max-image-preview:large, max-video-preview:-1\" \/>\n<link rel=\"canonical\" href=\"https:\/\/svetslik.si\/it\/salvador-dali\/soft-watch-at-the-moment-of-first-explosio\/\" \/>\n<meta property=\"og:locale\" content=\"it_IT\" \/>\n<meta property=\"og:type\" content=\"article\" \/>\n<meta property=\"og:title\" content=\"Salvador Dali - Soft Watch at the Moment of First Explosion\" \/>\n<meta property=\"og:description\" content=\"100% ro\u010dno naslikane slike na platnu, reprodukcije znanih slikarjev in umetni\u0161ke slike po naro\u010dilu.\" \/>\n<meta property=\"og:url\" content=\"https:\/\/svetslik.si\/it\/salvador-dali\/soft-watch-at-the-moment-of-first-explosio\/\" \/>\n<meta property=\"og:site_name\" content=\"SVETSLIK.SI\" \/>\n<meta property=\"article:publisher\" content=\"https:\/\/www.facebook.com\/svetslik.si\" \/>\n<meta property=\"article:modified_time\" content=\"2026-03-22T21:12:05+00:00\" \/>\n<meta property=\"og:image\" content=\"https:\/\/svetslik.si\/wp-content\/uploads\/2021\/08\/image_Soft-Watch-at-the-Moment-of-First-Explosio_680.jpg\" \/>\n\t<meta property=\"og:image:width\" content=\"1200\" \/>\n\t<meta property=\"og:image:height\" content=\"868\" \/>\n\t<meta property=\"og:image:type\" content=\"image\/jpeg\" \/>\n<meta name=\"twitter:card\" content=\"summary_large_image\" \/>\n<meta name=\"twitter:site\" content=\"@svetslik\" \/>\n<meta name=\"twitter:label1\" content=\"Disponibilit\u00e0\" \/>\n\t<meta name=\"twitter:data1\" content=\"Su ordinazione\" \/>\n<script type=\"application\/ld+json\" class=\"yoast-schema-graph\">{\"@context\":\"https:\/\/schema.org\",\"@graph\":[{\"@type\":[\"WebPage\",\"ItemPage\"],\"@id\":\"https:\/\/svetslik.si\/it\/salvador-dali\/soft-watch-at-the-moment-of-first-explosio\/\",\"url\":\"https:\/\/svetslik.si\/it\/salvador-dali\/soft-watch-at-the-moment-of-first-explosio\/\",\"name\":\"Salvador Dali - Soft Watch at the Moment of First Explosion - SVETSLIK.SI - Dipinto al 100% fatto a mano\",\"isPartOf\":{\"@id\":\"https:\/\/svetslik.si\/it\/#website\"},\"primaryImageOfPage\":{\"@id\":\"https:\/\/svetslik.si\/it\/salvador-dali\/soft-watch-at-the-moment-of-first-explosio\/#primaryimage\"},\"image\":{\"@id\":\"https:\/\/svetslik.si\/it\/salvador-dali\/soft-watch-at-the-moment-of-first-explosio\/#primaryimage\"},\"thumbnailUrl\":\"https:\/\/svetslik.si\/wp-content\/uploads\/2021\/08\/image_Soft-Watch-at-the-Moment-of-First-Explosio_680.jpg\",\"datePublished\":\"2021-09-02T15:45:53+00:00\",\"dateModified\":\"2026-03-22T21:12:05+00:00\",\"description\":\"Salvador Dali - Soft Watch at the Moment of First Explosion - Riproduzioni di quadri d'arte al 100% dipinti a mano su tela. Cornici per quadri, vendita e realizzazione di dimensioni su ordinazione.\",\"breadcrumb\":{\"@id\":\"https:\/\/svetslik.si\/it\/salvador-dali\/soft-watch-at-the-moment-of-first-explosio\/#breadcrumb\"},\"inLanguage\":\"it-IT\",\"potentialAction\":[{\"@type\":\"ReadAction\",\"target\":[\"https:\/\/svetslik.si\/it\/salvador-dali\/soft-watch-at-the-moment-of-first-explosio\/\"]}]},{\"@type\":\"ImageObject\",\"inLanguage\":\"it-IT\",\"@id\":\"https:\/\/svetslik.si\/it\/salvador-dali\/soft-watch-at-the-moment-of-first-explosio\/#primaryimage\",\"url\":\"https:\/\/svetslik.si\/wp-content\/uploads\/2021\/08\/image_Soft-Watch-at-the-Moment-of-First-Explosio_680.jpg\",\"contentUrl\":\"https:\/\/svetslik.si\/wp-content\/uploads\/2021\/08\/image_Soft-Watch-at-the-Moment-of-First-Explosio_680.jpg\",\"width\":1200,\"height\":868,\"caption\":\"Soft-Watch-at-the-Moment-of-First-Explosion Reproduzioni dipinte a mano di famosi pittori, quadri moderni, quadri d'arte per parete\"},{\"@type\":\"BreadcrumbList\",\"@id\":\"https:\/\/svetslik.si\/it\/salvador-dali\/soft-watch-at-the-moment-of-first-explosio\/#breadcrumb\",\"itemListElement\":[{\"@type\":\"ListItem\",\"position\":1,\"name\":\"Fali m\u0171v\u00e9szet \u00e9s festm\u00e9nyek v\u00e1szonra\",\"item\":\"https:\/\/svetslik.si\/it\/\"},{\"@type\":\"ListItem\",\"position\":2,\"name\":\"Vendita di dipinti\",\"item\":\"https:\/\/svetslik.si\/prodaja-slik\/\"},{\"@type\":\"ListItem\",\"position\":3,\"name\":\"Salvador Dali &#8211; Soft Watch at the Moment of First Explosion\"}]},{\"@type\":\"WebSite\",\"@id\":\"https:\/\/svetslik.si\/it\/#website\",\"url\":\"https:\/\/svetslik.si\/it\/\",\"name\":\"SVETSLIK.SI\",\"description\":\"100% riproduzioni dipinte a mano di quadri di pittori famosi e dipinti su tela.\",\"publisher\":{\"@id\":\"https:\/\/svetslik.si\/it\/#organization\"},\"potentialAction\":[{\"@type\":\"SearchAction\",\"target\":{\"@type\":\"EntryPoint\",\"urlTemplate\":\"https:\/\/svetslik.si\/it\/?s={search_term_string}\"},\"query-input\":{\"@type\":\"PropertyValueSpecification\",\"valueRequired\":true,\"valueName\":\"search_term_string\"}}],\"inLanguage\":\"it-IT\"},{\"@type\":\"Organization\",\"@id\":\"https:\/\/svetslik.si\/it\/#organization\",\"name\":\"SvetSlik.si\",\"url\":\"https:\/\/svetslik.si\/it\/\",\"logo\":{\"@type\":\"ImageObject\",\"inLanguage\":\"it-IT\",\"@id\":\"https:\/\/svetslik.si\/it\/#\/schema\/logo\/image\/\",\"url\":\"https:\/\/svetslik.si\/wp-content\/uploads\/2020\/12\/logo-512.png\",\"contentUrl\":\"https:\/\/svetslik.si\/wp-content\/uploads\/2020\/12\/logo-512.png\",\"width\":512,\"height\":512,\"caption\":\"SvetSlik.si\"},\"image\":{\"@id\":\"https:\/\/svetslik.si\/it\/#\/schema\/logo\/image\/\"},\"sameAs\":[\"https:\/\/www.facebook.com\/svetslik.si\",\"https:\/\/x.com\/svetslik\",\"https:\/\/www.instagram.com\/svetslik.si\/\",\"https:\/\/www.linkedin.com\/company\/svetslik-si\"]}]}<\/script>\n<meta property=\"og:availability\" content=\"backorder\" \/>\n<meta property=\"product:availability\" content=\"available for order\" \/>\n<meta property=\"product:retailer_item_id\" content=\"132__\" \/>\n<meta property=\"product:condition\" content=\"new\" \/>\n<!-- \/ Yoast SEO Premium plugin. -->","yoast_head_json":{"title":"Salvador Dali - Soft Watch at the Moment of First Explosion - SVETSLIK.SI - Dipinto al 100% fatto a mano","description":"Salvador Dali - Soft Watch at the Moment of First Explosion - Riproduzioni di quadri d'arte al 100% dipinti a mano su tela. Cornici per quadri, vendita e realizzazione di dimensioni su ordinazione.","robots":{"index":"index","follow":"follow","max-snippet":"max-snippet:-1","max-image-preview":"max-image-preview:large","max-video-preview":"max-video-preview:-1"},"canonical":"https:\/\/svetslik.si\/it\/salvador-dali\/soft-watch-at-the-moment-of-first-explosio\/","og_locale":"it_IT","og_type":"article","og_title":"Salvador Dali - Soft Watch at the Moment of First Explosion","og_description":"100% ro\u010dno naslikane slike na platnu, reprodukcije znanih slikarjev in umetni\u0161ke slike po naro\u010dilu.","og_url":"https:\/\/svetslik.si\/it\/salvador-dali\/soft-watch-at-the-moment-of-first-explosio\/","og_site_name":"SVETSLIK.SI","article_publisher":"https:\/\/www.facebook.com\/svetslik.si","article_modified_time":"2026-03-22T21:12:05+00:00","og_image":[{"width":1200,"height":868,"url":"https:\/\/svetslik.si\/wp-content\/uploads\/2021\/08\/image_Soft-Watch-at-the-Moment-of-First-Explosio_680.jpg","type":"image\/jpeg"}],"twitter_card":"summary_large_image","twitter_site":"@svetslik","twitter_misc":{"Disponibilit\u00e0":"Su ordinazione"},"schema":{"@context":"https:\/\/schema.org","@graph":[{"@type":["WebPage","ItemPage"],"@id":"https:\/\/svetslik.si\/it\/salvador-dali\/soft-watch-at-the-moment-of-first-explosio\/","url":"https:\/\/svetslik.si\/it\/salvador-dali\/soft-watch-at-the-moment-of-first-explosio\/","name":"Salvador Dali - Soft Watch at the Moment of First Explosion - SVETSLIK.SI - Dipinto al 100% fatto a mano","isPartOf":{"@id":"https:\/\/svetslik.si\/it\/#website"},"primaryImageOfPage":{"@id":"https:\/\/svetslik.si\/it\/salvador-dali\/soft-watch-at-the-moment-of-first-explosio\/#primaryimage"},"image":{"@id":"https:\/\/svetslik.si\/it\/salvador-dali\/soft-watch-at-the-moment-of-first-explosio\/#primaryimage"},"thumbnailUrl":"https:\/\/svetslik.si\/wp-content\/uploads\/2021\/08\/image_Soft-Watch-at-the-Moment-of-First-Explosio_680.jpg","datePublished":"2021-09-02T15:45:53+00:00","dateModified":"2026-03-22T21:12:05+00:00","description":"Salvador Dali - Soft Watch at the Moment of First Explosion - Riproduzioni di quadri d'arte al 100% dipinti a mano su tela. Cornici per quadri, vendita e realizzazione di dimensioni su ordinazione.","breadcrumb":{"@id":"https:\/\/svetslik.si\/it\/salvador-dali\/soft-watch-at-the-moment-of-first-explosio\/#breadcrumb"},"inLanguage":"it-IT","potentialAction":[{"@type":"ReadAction","target":["https:\/\/svetslik.si\/it\/salvador-dali\/soft-watch-at-the-moment-of-first-explosio\/"]}]},{"@type":"ImageObject","inLanguage":"it-IT","@id":"https:\/\/svetslik.si\/it\/salvador-dali\/soft-watch-at-the-moment-of-first-explosio\/#primaryimage","url":"https:\/\/svetslik.si\/wp-content\/uploads\/2021\/08\/image_Soft-Watch-at-the-Moment-of-First-Explosio_680.jpg","contentUrl":"https:\/\/svetslik.si\/wp-content\/uploads\/2021\/08\/image_Soft-Watch-at-the-Moment-of-First-Explosio_680.jpg","width":1200,"height":868,"caption":"Soft-Watch-at-the-Moment-of-First-Explosion Reproduzioni dipinte a mano di famosi pittori, quadri moderni, quadri d'arte per parete"},{"@type":"BreadcrumbList","@id":"https:\/\/svetslik.si\/it\/salvador-dali\/soft-watch-at-the-moment-of-first-explosio\/#breadcrumb","itemListElement":[{"@type":"ListItem","position":1,"name":"Fali m\u0171v\u00e9szet \u00e9s festm\u00e9nyek v\u00e1szonra","item":"https:\/\/svetslik.si\/it\/"},{"@type":"ListItem","position":2,"name":"Vendita di dipinti","item":"https:\/\/svetslik.si\/prodaja-slik\/"},{"@type":"ListItem","position":3,"name":"Salvador Dali &#8211; Soft Watch at the Moment of First Explosion"}]},{"@type":"WebSite","@id":"https:\/\/svetslik.si\/it\/#website","url":"https:\/\/svetslik.si\/it\/","name":"SVETSLIK.SI","description":"100% riproduzioni dipinte a mano di quadri di pittori famosi e dipinti su tela.","publisher":{"@id":"https:\/\/svetslik.si\/it\/#organization"},"potentialAction":[{"@type":"SearchAction","target":{"@type":"EntryPoint","urlTemplate":"https:\/\/svetslik.si\/it\/?s={search_term_string}"},"query-input":{"@type":"PropertyValueSpecification","valueRequired":true,"valueName":"search_term_string"}}],"inLanguage":"it-IT"},{"@type":"Organization","@id":"https:\/\/svetslik.si\/it\/#organization","name":"SvetSlik.si","url":"https:\/\/svetslik.si\/it\/","logo":{"@type":"ImageObject","inLanguage":"it-IT","@id":"https:\/\/svetslik.si\/it\/#\/schema\/logo\/image\/","url":"https:\/\/svetslik.si\/wp-content\/uploads\/2020\/12\/logo-512.png","contentUrl":"https:\/\/svetslik.si\/wp-content\/uploads\/2020\/12\/logo-512.png","width":512,"height":512,"caption":"SvetSlik.si"},"image":{"@id":"https:\/\/svetslik.si\/it\/#\/schema\/logo\/image\/"},"sameAs":["https:\/\/www.facebook.com\/svetslik.si","https:\/\/x.com\/svetslik","https:\/\/www.instagram.com\/svetslik.si\/","https:\/\/www.linkedin.com\/company\/svetslik-si"]}]},"og_availability":"backorder","product_availability":"available for order","product_retailer_item_id":"132__","product_condition":"new"},"jetpack_sharing_enabled":true,"_links":{"self":[{"href":"https:\/\/svetslik.si\/it\/wp-json\/wp\/v2\/product\/41615","targetHints":{"allow":["GET"]}}],"collection":[{"href":"https:\/\/svetslik.si\/it\/wp-json\/wp\/v2\/product"}],"about":[{"href":"https:\/\/svetslik.si\/it\/wp-json\/wp\/v2\/types\/product"}],"wp:featuredmedia":[{"embeddable":true,"href":"https:\/\/svetslik.si\/it\/wp-json\/wp\/v2\/media\/35606"}],"wp:attachment":[{"href":"https:\/\/svetslik.si\/it\/wp-json\/wp\/v2\/media?parent=41615"}],"wp:term":[{"taxonomy":"product_brand","embeddable":true,"href":"https:\/\/svetslik.si\/it\/wp-json\/wp\/v2\/product_brand?post=41615"},{"taxonomy":"product_cat","embeddable":true,"href":"https:\/\/svetslik.si\/it\/wp-json\/wp\/v2\/product_cat?post=41615"},{"taxonomy":"product_tag","embeddable":true,"href":"https:\/\/svetslik.si\/it\/wp-json\/wp\/v2\/product_tag?post=41615"}],"curies":[{"name":"wp","href":"https:\/\/api.w.org\/{rel}","templated":true}]}}