{"id":41624,"date":"2021-09-02T17:45:53","date_gmt":"2021-09-02T15:45:53","guid":{"rendered":"https:\/\/svetslik.si\/senza-categoria\/atavistic-vestiges-after-the-rain\/"},"modified":"2026-03-22T22:12:05","modified_gmt":"2026-03-22T21:12:05","slug":"atavistic-vestiges-after-the-rain","status":"publish","type":"product","link":"https:\/\/svetslik.si\/it\/salvador-dali\/atavistic-vestiges-after-the-rain\/","title":{"rendered":"Salvador Dali &#8211; Atavistic Vestiges after the Rain"},"content":{"rendered":"<h1>Salvador Dali &#8211; Vestigia ataviche dopo la pioggia<\/h1>\n<p>&nbsp;<\/p>\n<table border=\"0\" width=\"673\" cellspacing=\"0\" cellpadding=\"0\">\n<tr>\n<td height=\"21\">Anno di creazione:<\/td>\n<td style=\"width: 493px\">1934<\/td>\n<\/tr>\n<tr>\n<td height=\"21\">Dimensione originale:<\/td>\n<td style=\"width: 493px\">54 cm x 65 cm<\/td>\n<\/tr>\n<tr>\n<td height=\"21\">Stile colore:<\/td>\n<td>\n<div>\n<div>\n<div>\n<div>\n<div>Surrealismo<\/div>\n<\/div>\n<\/div>\n<\/div>\n<\/div>\n<\/td>\n<\/tr>\n<tr>\n<td height=\"21\">Tecnica originale:<\/td>\n<td>Olio su tela<\/td>\n<\/tr>\n<tr>\n<td height=\"21\">Situato:<\/td>\n<td>Collezione privata<\/td>\n<\/tr>\n<\/tbody>\n<colgroup>\n<col \/>\n<col \/> <\/colgroup>\n<\/table>\n<p>&#8220;Resti atavici dopo la pioggia&#8221; di Salvador Dal\u00ed \u00e8 un capolavoro surrealista che mette in mostra lo stile e la visione unici dell&#8217;artista. Creato nel 1940, il dipinto raffigura un paesaggio arido con alberi piegati e contorti e una figura solitaria in piedi in primo piano. Il cielo \u00e8 scuro e tempestoso, aggiungendo alla sensazione di ansia e mistero.<\/p>\n<p>Uno degli elementi pi\u00f9 sorprendenti di questo dipinto \u00e8 l&#8217;uso di luci e ombre. Dali ha utilizzato una tavolozza limitata di colori scuri e tenui, con l&#8217;eccezione di un blu brillante, quasi neon, che crea una sensazione di ultraterreno e sogno. Anche la figura in primo piano \u00e8 distorta e allungata, aumentando il senso di ansia e disorientamento.<\/p>\n<p>L&#8217;uso del simbolismo da parte di Dal\u00ed \u00e8 evidente anche in questo dipinto. Gli alberi contorti e distorti possono essere intesi come una rappresentazione della mente subconscia, e la figura solitaria in primo piano come una rappresentazione della psiche umana. Il cielo tempestoso pu\u00f2 anche essere interpretato come una metafora della natura inquieta della mente umana.<\/p>\n<p>Il dipinto \u00e8 considerato una delle opere pi\u00f9 importanti di Dal\u00ed ed \u00e8 un capolavoro del surrealismo. Il dipinto \u00e8 attualmente in mostra al Salvador Dali Museum di San Pietroburgo, in Florida, ed \u00e8 considerato un must per i fan del lavoro di Dali e per coloro che sono interessati al Surrealismo.<\/p>\n<p>Nel complesso, &#8220;Atavistic Remains After the Rain&#8221; \u00e8 un dipinto sorprendente e potente che mette in mostra la visione e lo stile unici di Dal\u00ed. \u00c8 un&#8217;affascinante esplorazione della psiche umana e il suo uso del simbolismo e degli elementi surrealisti \u00e8 una tappa obbligata per tutti gli amanti dell&#8217;arte.<\/p>\n","protected":false},"excerpt":{"rendered":"<p>Salvador Dali &#8211; Vestigia ataviche dopo la pioggia &nbsp; Anno di creazione: 1934 Dimensione originale: 54 cm x 65 cm Stile colore: Surrealismo Tecnica originale: Olio su tela Situato: Collezione privata &#8220;Resti atavici dopo la pioggia&#8221; di Salvador Dal\u00ed \u00e8 un capolavoro surrealista che mette in mostra lo stile e [&hellip;]<\/p>\n","protected":false},"featured_media":34921,"template":"","meta":{"_acf_changed":false},"product_brand":[],"product_cat":[4205],"product_tag":[4213,4245,4246,4251,4253],"class_list":{"0":"post-41624","1":"product","2":"type-product","3":"status-publish","4":"has-post-thumbnail","6":"product_cat-salvador-dali","7":"product_tag-dali-it","8":"product_tag-riproduzione","9":"product_tag-riproduzione-it","10":"product_tag-salvador-dali-it","11":"product_tag-un-pittore","12":"pa_dimenzija-120-x-140-cm","13":"pa_dimenzija-150-x-180-cm","14":"pa_dimenzija-40-x-50-cm","15":"pa_dimenzija-54-x-65-cm","16":"pa_dimenzija-60-x-70-cm","17":"pa_dimenzija-70-x-80-cm","18":"pa_dimenzija-80-x-100-cm","19":"pa_dimenzija-90-x-110-cm","20":"pa_oblika-verticale","21":"pa_okvir-sensa-cornice","22":"pa_podokvir-no","23":"pa_podokvir-si","25":"first","26":"onbackorder","27":"purchasable","28":"product-type-variable","29":"has-default-attributes"},"acf":[],"yoast_head":"<!-- This site is optimized with the Yoast SEO Premium plugin v26.0 (Yoast SEO v27.2) - https:\/\/yoast.com\/product\/yoast-seo-premium-wordpress\/ -->\n<title>Salvador Dali - Atavistic Vestiges after the Rain - SVETSLIK.SI - Dipinto al 100% fatto a mano<\/title>\n<meta name=\"description\" content=\"Salvador Dali - Atavistic Vestiges after the Rain - Riproduzioni di quadri d&#039;arte al 100% dipinti a mano su tela. Cornici per quadri, vendita e realizzazione di dimensioni su ordinazione.\" \/>\n<meta name=\"robots\" content=\"index, follow, max-snippet:-1, max-image-preview:large, max-video-preview:-1\" \/>\n<link rel=\"canonical\" href=\"https:\/\/svetslik.si\/it\/salvador-dali\/atavistic-vestiges-after-the-rain\/\" \/>\n<meta property=\"og:locale\" content=\"it_IT\" \/>\n<meta property=\"og:type\" content=\"article\" \/>\n<meta property=\"og:title\" content=\"Salvador Dali - Atavistic Vestiges after the Rain\" \/>\n<meta property=\"og:description\" content=\"100% ro\u010dno naslikane slike na platnu, reprodukcije znanih slikarjev in umetni\u0161ke slike po naro\u010dilu.\" \/>\n<meta property=\"og:url\" content=\"https:\/\/svetslik.si\/it\/salvador-dali\/atavistic-vestiges-after-the-rain\/\" \/>\n<meta property=\"og:site_name\" content=\"SVETSLIK.SI\" \/>\n<meta property=\"article:publisher\" content=\"https:\/\/www.facebook.com\/svetslik.si\" \/>\n<meta property=\"article:modified_time\" content=\"2026-03-22T21:12:05+00:00\" \/>\n<meta property=\"og:image\" content=\"https:\/\/svetslik.si\/wp-content\/uploads\/2021\/08\/image_Atavistic-Vestiges-after-the-Rain_680.jpg\" \/>\n\t<meta property=\"og:image:width\" content=\"571\" \/>\n\t<meta property=\"og:image:height\" content=\"680\" \/>\n\t<meta property=\"og:image:type\" content=\"image\/jpeg\" \/>\n<meta name=\"twitter:card\" content=\"summary_large_image\" \/>\n<meta name=\"twitter:site\" content=\"@svetslik\" \/>\n<meta name=\"twitter:label1\" content=\"Disponibilit\u00e0\" \/>\n\t<meta name=\"twitter:data1\" content=\"Su ordinazione\" \/>\n<script type=\"application\/ld+json\" class=\"yoast-schema-graph\">{\"@context\":\"https:\/\/schema.org\",\"@graph\":[{\"@type\":[\"WebPage\",\"ItemPage\"],\"@id\":\"https:\/\/svetslik.si\/it\/salvador-dali\/atavistic-vestiges-after-the-rain\/\",\"url\":\"https:\/\/svetslik.si\/it\/salvador-dali\/atavistic-vestiges-after-the-rain\/\",\"name\":\"Salvador Dali - Atavistic Vestiges after the Rain - SVETSLIK.SI - Dipinto al 100% fatto a mano\",\"isPartOf\":{\"@id\":\"https:\/\/svetslik.si\/it\/#website\"},\"primaryImageOfPage\":{\"@id\":\"https:\/\/svetslik.si\/it\/salvador-dali\/atavistic-vestiges-after-the-rain\/#primaryimage\"},\"image\":{\"@id\":\"https:\/\/svetslik.si\/it\/salvador-dali\/atavistic-vestiges-after-the-rain\/#primaryimage\"},\"thumbnailUrl\":\"https:\/\/svetslik.si\/wp-content\/uploads\/2021\/08\/image_Atavistic-Vestiges-after-the-Rain_680.jpg\",\"datePublished\":\"2021-09-02T15:45:53+00:00\",\"dateModified\":\"2026-03-22T21:12:05+00:00\",\"description\":\"Salvador Dali - Atavistic Vestiges after the Rain - Riproduzioni di quadri d'arte al 100% dipinti a mano su tela. Cornici per quadri, vendita e realizzazione di dimensioni su ordinazione.\",\"breadcrumb\":{\"@id\":\"https:\/\/svetslik.si\/it\/salvador-dali\/atavistic-vestiges-after-the-rain\/#breadcrumb\"},\"inLanguage\":\"it-IT\",\"potentialAction\":[{\"@type\":\"ReadAction\",\"target\":[\"https:\/\/svetslik.si\/it\/salvador-dali\/atavistic-vestiges-after-the-rain\/\"]}]},{\"@type\":\"ImageObject\",\"inLanguage\":\"it-IT\",\"@id\":\"https:\/\/svetslik.si\/it\/salvador-dali\/atavistic-vestiges-after-the-rain\/#primaryimage\",\"url\":\"https:\/\/svetslik.si\/wp-content\/uploads\/2021\/08\/image_Atavistic-Vestiges-after-the-Rain_680.jpg\",\"contentUrl\":\"https:\/\/svetslik.si\/wp-content\/uploads\/2021\/08\/image_Atavistic-Vestiges-after-the-Rain_680.jpg\",\"width\":571,\"height\":680,\"caption\":\"Claude Monet - Una fila di pioppi - Riproduzioni di dipinti, quadri dipinti a mano, dipinti murali ad olio su tela, quadri ad olio, quadri d'arte, quadri moderni per pareti, quadri ambientali, quadri astratti, quadri decorativi\"},{\"@type\":\"BreadcrumbList\",\"@id\":\"https:\/\/svetslik.si\/it\/salvador-dali\/atavistic-vestiges-after-the-rain\/#breadcrumb\",\"itemListElement\":[{\"@type\":\"ListItem\",\"position\":1,\"name\":\"Fali m\u0171v\u00e9szet \u00e9s festm\u00e9nyek v\u00e1szonra\",\"item\":\"https:\/\/svetslik.si\/it\/\"},{\"@type\":\"ListItem\",\"position\":2,\"name\":\"Vendita di dipinti\",\"item\":\"https:\/\/svetslik.si\/prodaja-slik\/\"},{\"@type\":\"ListItem\",\"position\":3,\"name\":\"Salvador Dali &#8211; Atavistic Vestiges after the Rain\"}]},{\"@type\":\"WebSite\",\"@id\":\"https:\/\/svetslik.si\/it\/#website\",\"url\":\"https:\/\/svetslik.si\/it\/\",\"name\":\"SVETSLIK.SI\",\"description\":\"100% riproduzioni dipinte a mano di quadri di pittori famosi e dipinti su tela.\",\"publisher\":{\"@id\":\"https:\/\/svetslik.si\/it\/#organization\"},\"potentialAction\":[{\"@type\":\"SearchAction\",\"target\":{\"@type\":\"EntryPoint\",\"urlTemplate\":\"https:\/\/svetslik.si\/it\/?s={search_term_string}\"},\"query-input\":{\"@type\":\"PropertyValueSpecification\",\"valueRequired\":true,\"valueName\":\"search_term_string\"}}],\"inLanguage\":\"it-IT\"},{\"@type\":\"Organization\",\"@id\":\"https:\/\/svetslik.si\/it\/#organization\",\"name\":\"SvetSlik.si\",\"url\":\"https:\/\/svetslik.si\/it\/\",\"logo\":{\"@type\":\"ImageObject\",\"inLanguage\":\"it-IT\",\"@id\":\"https:\/\/svetslik.si\/it\/#\/schema\/logo\/image\/\",\"url\":\"https:\/\/svetslik.si\/wp-content\/uploads\/2020\/12\/logo-512.png\",\"contentUrl\":\"https:\/\/svetslik.si\/wp-content\/uploads\/2020\/12\/logo-512.png\",\"width\":512,\"height\":512,\"caption\":\"SvetSlik.si\"},\"image\":{\"@id\":\"https:\/\/svetslik.si\/it\/#\/schema\/logo\/image\/\"},\"sameAs\":[\"https:\/\/www.facebook.com\/svetslik.si\",\"https:\/\/x.com\/svetslik\",\"https:\/\/www.instagram.com\/svetslik.si\/\",\"https:\/\/www.linkedin.com\/company\/svetslik-si\"]}]}<\/script>\n<meta property=\"og:availability\" content=\"backorder\" \/>\n<meta property=\"product:availability\" content=\"available for order\" \/>\n<meta property=\"product:retailer_item_id\" content=\"133__\" \/>\n<meta property=\"product:condition\" content=\"new\" \/>\n<!-- \/ Yoast SEO Premium plugin. -->","yoast_head_json":{"title":"Salvador Dali - Atavistic Vestiges after the Rain - SVETSLIK.SI - Dipinto al 100% fatto a mano","description":"Salvador Dali - Atavistic Vestiges after the Rain - Riproduzioni di quadri d'arte al 100% dipinti a mano su tela. Cornici per quadri, vendita e realizzazione di dimensioni su ordinazione.","robots":{"index":"index","follow":"follow","max-snippet":"max-snippet:-1","max-image-preview":"max-image-preview:large","max-video-preview":"max-video-preview:-1"},"canonical":"https:\/\/svetslik.si\/it\/salvador-dali\/atavistic-vestiges-after-the-rain\/","og_locale":"it_IT","og_type":"article","og_title":"Salvador Dali - Atavistic Vestiges after the Rain","og_description":"100% ro\u010dno naslikane slike na platnu, reprodukcije znanih slikarjev in umetni\u0161ke slike po naro\u010dilu.","og_url":"https:\/\/svetslik.si\/it\/salvador-dali\/atavistic-vestiges-after-the-rain\/","og_site_name":"SVETSLIK.SI","article_publisher":"https:\/\/www.facebook.com\/svetslik.si","article_modified_time":"2026-03-22T21:12:05+00:00","og_image":[{"width":571,"height":680,"url":"https:\/\/svetslik.si\/wp-content\/uploads\/2021\/08\/image_Atavistic-Vestiges-after-the-Rain_680.jpg","type":"image\/jpeg"}],"twitter_card":"summary_large_image","twitter_site":"@svetslik","twitter_misc":{"Disponibilit\u00e0":"Su ordinazione"},"schema":{"@context":"https:\/\/schema.org","@graph":[{"@type":["WebPage","ItemPage"],"@id":"https:\/\/svetslik.si\/it\/salvador-dali\/atavistic-vestiges-after-the-rain\/","url":"https:\/\/svetslik.si\/it\/salvador-dali\/atavistic-vestiges-after-the-rain\/","name":"Salvador Dali - Atavistic Vestiges after the Rain - SVETSLIK.SI - Dipinto al 100% fatto a mano","isPartOf":{"@id":"https:\/\/svetslik.si\/it\/#website"},"primaryImageOfPage":{"@id":"https:\/\/svetslik.si\/it\/salvador-dali\/atavistic-vestiges-after-the-rain\/#primaryimage"},"image":{"@id":"https:\/\/svetslik.si\/it\/salvador-dali\/atavistic-vestiges-after-the-rain\/#primaryimage"},"thumbnailUrl":"https:\/\/svetslik.si\/wp-content\/uploads\/2021\/08\/image_Atavistic-Vestiges-after-the-Rain_680.jpg","datePublished":"2021-09-02T15:45:53+00:00","dateModified":"2026-03-22T21:12:05+00:00","description":"Salvador Dali - Atavistic Vestiges after the Rain - Riproduzioni di quadri d'arte al 100% dipinti a mano su tela. Cornici per quadri, vendita e realizzazione di dimensioni su ordinazione.","breadcrumb":{"@id":"https:\/\/svetslik.si\/it\/salvador-dali\/atavistic-vestiges-after-the-rain\/#breadcrumb"},"inLanguage":"it-IT","potentialAction":[{"@type":"ReadAction","target":["https:\/\/svetslik.si\/it\/salvador-dali\/atavistic-vestiges-after-the-rain\/"]}]},{"@type":"ImageObject","inLanguage":"it-IT","@id":"https:\/\/svetslik.si\/it\/salvador-dali\/atavistic-vestiges-after-the-rain\/#primaryimage","url":"https:\/\/svetslik.si\/wp-content\/uploads\/2021\/08\/image_Atavistic-Vestiges-after-the-Rain_680.jpg","contentUrl":"https:\/\/svetslik.si\/wp-content\/uploads\/2021\/08\/image_Atavistic-Vestiges-after-the-Rain_680.jpg","width":571,"height":680,"caption":"Claude Monet - Una fila di pioppi - Riproduzioni di dipinti, quadri dipinti a mano, dipinti murali ad olio su tela, quadri ad olio, quadri d'arte, quadri moderni per pareti, quadri ambientali, quadri astratti, quadri decorativi"},{"@type":"BreadcrumbList","@id":"https:\/\/svetslik.si\/it\/salvador-dali\/atavistic-vestiges-after-the-rain\/#breadcrumb","itemListElement":[{"@type":"ListItem","position":1,"name":"Fali m\u0171v\u00e9szet \u00e9s festm\u00e9nyek v\u00e1szonra","item":"https:\/\/svetslik.si\/it\/"},{"@type":"ListItem","position":2,"name":"Vendita di dipinti","item":"https:\/\/svetslik.si\/prodaja-slik\/"},{"@type":"ListItem","position":3,"name":"Salvador Dali &#8211; Atavistic Vestiges after the Rain"}]},{"@type":"WebSite","@id":"https:\/\/svetslik.si\/it\/#website","url":"https:\/\/svetslik.si\/it\/","name":"SVETSLIK.SI","description":"100% riproduzioni dipinte a mano di quadri di pittori famosi e dipinti su tela.","publisher":{"@id":"https:\/\/svetslik.si\/it\/#organization"},"potentialAction":[{"@type":"SearchAction","target":{"@type":"EntryPoint","urlTemplate":"https:\/\/svetslik.si\/it\/?s={search_term_string}"},"query-input":{"@type":"PropertyValueSpecification","valueRequired":true,"valueName":"search_term_string"}}],"inLanguage":"it-IT"},{"@type":"Organization","@id":"https:\/\/svetslik.si\/it\/#organization","name":"SvetSlik.si","url":"https:\/\/svetslik.si\/it\/","logo":{"@type":"ImageObject","inLanguage":"it-IT","@id":"https:\/\/svetslik.si\/it\/#\/schema\/logo\/image\/","url":"https:\/\/svetslik.si\/wp-content\/uploads\/2020\/12\/logo-512.png","contentUrl":"https:\/\/svetslik.si\/wp-content\/uploads\/2020\/12\/logo-512.png","width":512,"height":512,"caption":"SvetSlik.si"},"image":{"@id":"https:\/\/svetslik.si\/it\/#\/schema\/logo\/image\/"},"sameAs":["https:\/\/www.facebook.com\/svetslik.si","https:\/\/x.com\/svetslik","https:\/\/www.instagram.com\/svetslik.si\/","https:\/\/www.linkedin.com\/company\/svetslik-si"]}]},"og_availability":"backorder","product_availability":"available for order","product_retailer_item_id":"133__","product_condition":"new"},"jetpack_sharing_enabled":true,"_links":{"self":[{"href":"https:\/\/svetslik.si\/it\/wp-json\/wp\/v2\/product\/41624","targetHints":{"allow":["GET"]}}],"collection":[{"href":"https:\/\/svetslik.si\/it\/wp-json\/wp\/v2\/product"}],"about":[{"href":"https:\/\/svetslik.si\/it\/wp-json\/wp\/v2\/types\/product"}],"wp:featuredmedia":[{"embeddable":true,"href":"https:\/\/svetslik.si\/it\/wp-json\/wp\/v2\/media\/34921"}],"wp:attachment":[{"href":"https:\/\/svetslik.si\/it\/wp-json\/wp\/v2\/media?parent=41624"}],"wp:term":[{"taxonomy":"product_brand","embeddable":true,"href":"https:\/\/svetslik.si\/it\/wp-json\/wp\/v2\/product_brand?post=41624"},{"taxonomy":"product_cat","embeddable":true,"href":"https:\/\/svetslik.si\/it\/wp-json\/wp\/v2\/product_cat?post=41624"},{"taxonomy":"product_tag","embeddable":true,"href":"https:\/\/svetslik.si\/it\/wp-json\/wp\/v2\/product_tag?post=41624"}],"curies":[{"name":"wp","href":"https:\/\/api.w.org\/{rel}","templated":true}]}}