{"id":41651,"date":"2021-09-02T17:53:37","date_gmt":"2021-09-02T15:53:37","guid":{"rendered":"https:\/\/svetslik.si\/senza-categoria\/les-demoiselles-davignon\/"},"modified":"2026-03-22T22:12:45","modified_gmt":"2026-03-22T21:12:45","slug":"les-demoiselles-davignon","status":"publish","type":"product","link":"https:\/\/svetslik.si\/it\/pablo-picasso\/les-demoiselles-davignon\/","title":{"rendered":"Pablo Picasso &#8211; Les Demoiselles d&#8217;Avignon"},"content":{"rendered":"<div class=\"wpb-content-wrapper\">[vc_row][vc_column][vc_column_text css=&#8221;&#8221;]\n<p data-pm-slice=\"1 1 []\"><div class=\"yt-lazy-video ratio-square\" data-id=\"U7Sz3f_Px8Y\"><\/div>\n[\/vc_column][\/vc_row][vc_row][vc_column][vc_column_text]\n<h1>Pablo Picasso &#8211; Le demoiselles d&#8217;Avignon<\/h1>\n<p>&nbsp;<\/p>\n<table border=\"0\" width=\"673\" cellspacing=\"0\" cellpadding=\"0\">\n<colgroup>\n<col style=\"width: 135pt;\" \/>\n<col style=\"width: 370pt;\" width=\"493\" \/> <\/colgroup>\n<tbody>\n<tr>\n<td class=\"xl24\" height=\"21\">Anno di creazione:<\/td>\n<td class=\"xl25\">1907<\/td>\n<\/tr>\n<tr>\n<td class=\"xl24\" height=\"21\">Dimensioni originali:<\/td>\n<td class=\"xl24\">233,7 cm x 243,8 cm<\/td>\n<\/tr>\n<tr>\n<td class=\"xl24\" height=\"21\">Stile di pittura:<\/td>\n<td class=\"xl24\">Espressionismo<\/td>\n<\/tr>\n<tr>\n<td class=\"xl24\" height=\"21\">Tecnica originale:<\/td>\n<td>Olio su tela<\/td>\n<\/tr>\n<tr>\n<td class=\"xl24\" height=\"21\">Situato:<\/td>\n<td>Museo di Arte Moderna di New York<\/td>\n<\/tr>\n<\/tbody>\n<\/table>\n[\/vc_column_text][\/vc_column][\/vc_row][vc_row css=&#8221;.vc_custom_1705592361187{margin-bottom: 10px !important;}&#8221;][vc_column]\t<div class=\"et-image-281 et-image     et_image_link\">\n\t\t<div class=\"et-image-inner \">\n\t\t\t\t\t\t\t<div class=\"et-image-thumb \">\n\t\t\t\t\t<img decoding=\"async\" width=\"1000\" height=\"1068\" src=\"https:\/\/svetslik.si\/wp-content\/uploads\/2021\/09\/Pablo-Picasso-\u2013-Les-Demoiselles-dAvignon-5.jpg\" class=\"attachment-full\" alt=\"Pablo Picasso - Les Demoiselles d&#039;Avignon\" title=\"Pablo Picasso - Les Demoiselles d&#039;Avignon\" srcset=\"https:\/\/svetslik.si\/wp-content\/uploads\/2021\/09\/Pablo-Picasso-\u2013-Les-Demoiselles-dAvignon-5.jpg 1000w, https:\/\/svetslik.si\/wp-content\/uploads\/2021\/09\/Pablo-Picasso-\u2013-Les-Demoiselles-dAvignon-5-600x641.jpg 600w, https:\/\/svetslik.si\/wp-content\/uploads\/2021\/09\/Pablo-Picasso-\u2013-Les-Demoiselles-dAvignon-5-281x300.jpg 281w, https:\/\/svetslik.si\/wp-content\/uploads\/2021\/09\/Pablo-Picasso-\u2013-Les-Demoiselles-dAvignon-5-959x1024.jpg 959w, https:\/\/svetslik.si\/wp-content\/uploads\/2021\/09\/Pablo-Picasso-\u2013-Les-Demoiselles-dAvignon-5-768x820.jpg 768w, https:\/\/svetslik.si\/wp-content\/uploads\/2021\/09\/Pablo-Picasso-\u2013-Les-Demoiselles-dAvignon-5-140x150.jpg 140w, https:\/\/svetslik.si\/wp-content\/uploads\/2021\/09\/Pablo-Picasso-\u2013-Les-Demoiselles-dAvignon-5-900x961.jpg 900w\" sizes=\"(max-width: 1000px) 100vw, 1000px\" \/>\t\t\t\t<\/div>\n\t\t\t\t\t\t\t\t\t\t\t<\/div>\n\t<\/div>\n  [\/vc_column][\/vc_row][vc_row css=&#8221;.vc_custom_1705592361187{margin-bottom: 10px !important;}&#8221;][vc_column]\t<div class=\"et-image-337 et-image     et_image_link\">\n\t\t<div class=\"et-image-inner \">\n\t\t\t\t\t\t\t<div class=\"et-image-thumb \">\n\t\t\t\t\t<img decoding=\"async\" width=\"1000\" height=\"1318\" src=\"https:\/\/svetslik.si\/wp-content\/uploads\/2021\/09\/Pablo-Picasso-\u2013-Les-Demoiselles-dAvignon-4.jpg\" class=\"attachment-full\" alt=\"Pablo Picasso - Les Demoiselles d&#039;Avignon\" title=\"Pablo Picasso - Les Demoiselles d&#039;Avignon\" srcset=\"https:\/\/svetslik.si\/wp-content\/uploads\/2021\/09\/Pablo-Picasso-\u2013-Les-Demoiselles-dAvignon-4.jpg 1000w, https:\/\/svetslik.si\/wp-content\/uploads\/2021\/09\/Pablo-Picasso-\u2013-Les-Demoiselles-dAvignon-4-600x791.jpg 600w, https:\/\/svetslik.si\/wp-content\/uploads\/2021\/09\/Pablo-Picasso-\u2013-Les-Demoiselles-dAvignon-4-228x300.jpg 228w, https:\/\/svetslik.si\/wp-content\/uploads\/2021\/09\/Pablo-Picasso-\u2013-Les-Demoiselles-dAvignon-4-777x1024.jpg 777w, https:\/\/svetslik.si\/wp-content\/uploads\/2021\/09\/Pablo-Picasso-\u2013-Les-Demoiselles-dAvignon-4-768x1012.jpg 768w, https:\/\/svetslik.si\/wp-content\/uploads\/2021\/09\/Pablo-Picasso-\u2013-Les-Demoiselles-dAvignon-4-114x150.jpg 114w, https:\/\/svetslik.si\/wp-content\/uploads\/2021\/09\/Pablo-Picasso-\u2013-Les-Demoiselles-dAvignon-4-900x1186.jpg 900w\" sizes=\"(max-width: 1000px) 100vw, 1000px\" \/>\t\t\t\t<\/div>\n\t\t\t\t\t\t\t\t\t\t\t<\/div>\n\t<\/div>\n  [\/vc_column][\/vc_row][vc_row css=&#8221;.vc_custom_1705592361187{margin-bottom: 10px !important;}&#8221;][vc_column]\t<div class=\"et-image-220 et-image     et_image_link\">\n\t\t<div class=\"et-image-inner \">\n\t\t\t\t\t\t\t<div class=\"et-image-thumb \">\n\t\t\t\t\t<img decoding=\"async\" width=\"1000\" height=\"1231\" src=\"https:\/\/svetslik.si\/wp-content\/uploads\/2021\/09\/Pablo-Picasso-\u2013-Les-Demoiselles-dAvignon3.jpg\" class=\"attachment-full\" alt=\"Pablo Picasso - Les Demoiselles d&#039;Avignon\" title=\"Pablo Picasso - Les Demoiselles d&#039;Avignon\" srcset=\"https:\/\/svetslik.si\/wp-content\/uploads\/2021\/09\/Pablo-Picasso-\u2013-Les-Demoiselles-dAvignon3.jpg 1000w, https:\/\/svetslik.si\/wp-content\/uploads\/2021\/09\/Pablo-Picasso-\u2013-Les-Demoiselles-dAvignon3-600x739.jpg 600w, https:\/\/svetslik.si\/wp-content\/uploads\/2021\/09\/Pablo-Picasso-\u2013-Les-Demoiselles-dAvignon3-244x300.jpg 244w, https:\/\/svetslik.si\/wp-content\/uploads\/2021\/09\/Pablo-Picasso-\u2013-Les-Demoiselles-dAvignon3-832x1024.jpg 832w, https:\/\/svetslik.si\/wp-content\/uploads\/2021\/09\/Pablo-Picasso-\u2013-Les-Demoiselles-dAvignon3-768x945.jpg 768w, https:\/\/svetslik.si\/wp-content\/uploads\/2021\/09\/Pablo-Picasso-\u2013-Les-Demoiselles-dAvignon3-122x150.jpg 122w, https:\/\/svetslik.si\/wp-content\/uploads\/2021\/09\/Pablo-Picasso-\u2013-Les-Demoiselles-dAvignon3-900x1108.jpg 900w\" sizes=\"(max-width: 1000px) 100vw, 1000px\" \/>\t\t\t\t<\/div>\n\t\t\t\t\t\t\t\t\t\t\t<\/div>\n\t<\/div>\n  [\/vc_column][\/vc_row][vc_row css=&#8221;.vc_custom_1705592361187{margin-bottom: 10px !important;}&#8221;][vc_column]\t<div class=\"et-image-566 et-image     et_image_link\">\n\t\t<div class=\"et-image-inner \">\n\t\t\t\t\t\t\t<div class=\"et-image-thumb \">\n\t\t\t\t\t<img decoding=\"async\" width=\"1000\" height=\"686\" src=\"https:\/\/svetslik.si\/wp-content\/uploads\/2021\/09\/Pablo-Picasso-\u2013-Les-Demoiselles-dAvignon2.jpg\" class=\"attachment-full\" alt=\"Pablo Picasso - Les Demoiselles d&#039;Avignon\" title=\"Pablo Picasso - Les Demoiselles d&#039;Avignon\" srcset=\"https:\/\/svetslik.si\/wp-content\/uploads\/2021\/09\/Pablo-Picasso-\u2013-Les-Demoiselles-dAvignon2.jpg 1000w, https:\/\/svetslik.si\/wp-content\/uploads\/2021\/09\/Pablo-Picasso-\u2013-Les-Demoiselles-dAvignon2-600x412.jpg 600w, https:\/\/svetslik.si\/wp-content\/uploads\/2021\/09\/Pablo-Picasso-\u2013-Les-Demoiselles-dAvignon2-300x206.jpg 300w, https:\/\/svetslik.si\/wp-content\/uploads\/2021\/09\/Pablo-Picasso-\u2013-Les-Demoiselles-dAvignon2-768x527.jpg 768w, https:\/\/svetslik.si\/wp-content\/uploads\/2021\/09\/Pablo-Picasso-\u2013-Les-Demoiselles-dAvignon2-150x103.jpg 150w, https:\/\/svetslik.si\/wp-content\/uploads\/2021\/09\/Pablo-Picasso-\u2013-Les-Demoiselles-dAvignon2-900x617.jpg 900w\" sizes=\"(max-width: 1000px) 100vw, 1000px\" \/>\t\t\t\t<\/div>\n\t\t\t\t\t\t\t\t\t\t\t<\/div>\n\t<\/div>\n  [\/vc_column][\/vc_row]\n<\/div>","protected":false},"excerpt":{"rendered":"<p>[vc_row][vc_column][vc_column_text css=&#8221;&#8221;] [\/vc_column][\/vc_row][vc_row][vc_column][vc_column_text] Pablo Picasso &#8211; Le demoiselles d&#8217;Avignon &nbsp; Anno di creazione: 1907 Dimensioni originali: 233,7 cm x 243,8 cm Stile di pittura: Espressionismo Tecnica originale: Olio su tela Situato: Museo di Arte Moderna di New York [\/vc_column_text][\/vc_column][\/vc_row][vc_row css=&#8221;.vc_custom_1705592361187{margin-bottom: 10px !important;}&#8221;][vc_column][\/vc_column][\/vc_row][vc_row css=&#8221;.vc_custom_1705592361187{margin-bottom: 10px !important;}&#8221;][vc_column][\/vc_column][\/vc_row][vc_row css=&#8221;.vc_custom_1705592361187{margin-bottom: 10px !important;}&#8221;][vc_column][\/vc_column][\/vc_row][vc_row css=&#8221;.vc_custom_1705592361187{margin-bottom: 10px [&hellip;]<\/p>\n","protected":false},"featured_media":35283,"template":"","meta":{"_acf_changed":false},"product_brand":[],"product_cat":[4204],"product_tag":[4238,4246,4245,4253],"class_list":{"0":"post-41651","1":"product","2":"type-product","3":"status-publish","4":"has-post-thumbnail","6":"product_cat-pablo-picasso","7":"product_tag-picasso-it","8":"product_tag-riproduzione-it","9":"product_tag-riproduzione","10":"product_tag-un-pittore","11":"pa_dimenzija-110-x-120-cm-it","12":"pa_dimenzija-130-x-140-cm-it","13":"pa_dimenzija-150-x-160-cm-it","14":"pa_dimenzija-180-x-190-cm-it","15":"pa_dimenzija-200-x-210-cm-it","16":"pa_dimenzija-234-x-244-cm-it","17":"pa_dimenzija-70-x-70-cm-it","18":"pa_dimenzija-90-x-90-cm-it","19":"pa_oblika-verticale","20":"pa_okvir-sensa-cornice","21":"pa_podokvir-no","22":"pa_podokvir-si","24":"first","25":"onbackorder","26":"purchasable","27":"product-type-variable","28":"has-default-attributes"},"acf":[],"yoast_head":"<!-- This site is optimized with the Yoast SEO Premium plugin v26.0 (Yoast SEO v27.2) - https:\/\/yoast.com\/product\/yoast-seo-premium-wordpress\/ -->\n<title>Pablo Picasso - Les Demoiselles d&#039;Avignon - SVETSLIK.SI - Dipinto al 100% fatto a mano<\/title>\n<meta name=\"description\" content=\"Pablo Picasso - Les Demoiselles d&#039;Avignon - Riproduzioni di quadri d&#039;arte al 100% dipinti a mano su tela. Cornici per quadri, vendita e realizzazione di dimensioni su ordinazione.\" \/>\n<meta name=\"robots\" content=\"index, follow, max-snippet:-1, max-image-preview:large, max-video-preview:-1\" \/>\n<link rel=\"canonical\" href=\"https:\/\/svetslik.si\/it\/pablo-picasso\/les-demoiselles-davignon\/\" \/>\n<meta property=\"og:locale\" content=\"it_IT\" \/>\n<meta property=\"og:type\" content=\"article\" \/>\n<meta property=\"og:title\" content=\"Pablo Picasso - Les Demoiselles d&#039;Avignon\" \/>\n<meta property=\"og:description\" content=\"100% ro\u010dno naslikane slike na platnu, reprodukcije znanih slikarjev in umetni\u0161ke slike po naro\u010dilu.\" \/>\n<meta property=\"og:url\" content=\"https:\/\/svetslik.si\/it\/pablo-picasso\/les-demoiselles-davignon\/\" \/>\n<meta property=\"og:site_name\" content=\"SVETSLIK.SI\" \/>\n<meta property=\"article:publisher\" content=\"https:\/\/www.facebook.com\/svetslik.si\" \/>\n<meta property=\"article:modified_time\" content=\"2026-03-22T21:12:45+00:00\" \/>\n<meta property=\"og:image\" content=\"https:\/\/svetslik.si\/wp-content\/uploads\/2021\/08\/image_Les-Demoiselles-dAvignon_680.jpg\" \/>\n\t<meta property=\"og:image:width\" content=\"1112\" \/>\n\t<meta property=\"og:image:height\" content=\"1200\" \/>\n\t<meta property=\"og:image:type\" content=\"image\/jpeg\" \/>\n<meta name=\"twitter:card\" content=\"summary_large_image\" \/>\n<meta name=\"twitter:site\" content=\"@svetslik\" \/>\n<meta name=\"twitter:label1\" content=\"Disponibilit\u00e0\" \/>\n\t<meta name=\"twitter:data1\" content=\"Su ordinazione\" \/>\n<script type=\"application\/ld+json\" class=\"yoast-schema-graph\">{\"@context\":\"https:\/\/schema.org\",\"@graph\":[{\"@type\":[\"WebPage\",\"ItemPage\"],\"@id\":\"https:\/\/svetslik.si\/it\/pablo-picasso\/les-demoiselles-davignon\/\",\"url\":\"https:\/\/svetslik.si\/it\/pablo-picasso\/les-demoiselles-davignon\/\",\"name\":\"Pablo Picasso - Les Demoiselles d'Avignon - SVETSLIK.SI - Dipinto al 100% fatto a mano\",\"isPartOf\":{\"@id\":\"https:\/\/svetslik.si\/it\/#website\"},\"primaryImageOfPage\":{\"@id\":\"https:\/\/svetslik.si\/it\/pablo-picasso\/les-demoiselles-davignon\/#primaryimage\"},\"image\":{\"@id\":\"https:\/\/svetslik.si\/it\/pablo-picasso\/les-demoiselles-davignon\/#primaryimage\"},\"thumbnailUrl\":\"https:\/\/svetslik.si\/wp-content\/uploads\/2021\/08\/image_Les-Demoiselles-dAvignon_680.jpg\",\"datePublished\":\"2021-09-02T15:53:37+00:00\",\"dateModified\":\"2026-03-22T21:12:45+00:00\",\"description\":\"Pablo Picasso - Les Demoiselles d'Avignon - Riproduzioni di quadri d'arte al 100% dipinti a mano su tela. Cornici per quadri, vendita e realizzazione di dimensioni su ordinazione.\",\"breadcrumb\":{\"@id\":\"https:\/\/svetslik.si\/it\/pablo-picasso\/les-demoiselles-davignon\/#breadcrumb\"},\"inLanguage\":\"it-IT\",\"potentialAction\":[{\"@type\":\"ReadAction\",\"target\":[\"https:\/\/svetslik.si\/it\/pablo-picasso\/les-demoiselles-davignon\/\"]}]},{\"@type\":\"ImageObject\",\"inLanguage\":\"it-IT\",\"@id\":\"https:\/\/svetslik.si\/it\/pablo-picasso\/les-demoiselles-davignon\/#primaryimage\",\"url\":\"https:\/\/svetslik.si\/wp-content\/uploads\/2021\/08\/image_Les-Demoiselles-dAvignon_680.jpg\",\"contentUrl\":\"https:\/\/svetslik.si\/wp-content\/uploads\/2021\/08\/image_Les-Demoiselles-dAvignon_680.jpg\",\"width\":1112,\"height\":1200,\"caption\":\"Quadri su tela - Pablo Picasso - Les Demoiselles d'Avignon - Dipinti a mano, riproduzioni di famosi pittori, olio su tela, quadri ad olio, quadri moderni, quadri d'arte per le pareti, ambientali, astratti, quadri decorativi per le pareti.\"},{\"@type\":\"BreadcrumbList\",\"@id\":\"https:\/\/svetslik.si\/it\/pablo-picasso\/les-demoiselles-davignon\/#breadcrumb\",\"itemListElement\":[{\"@type\":\"ListItem\",\"position\":1,\"name\":\"Fali m\u0171v\u00e9szet \u00e9s festm\u00e9nyek v\u00e1szonra\",\"item\":\"https:\/\/svetslik.si\/it\/\"},{\"@type\":\"ListItem\",\"position\":2,\"name\":\"Vendita di dipinti\",\"item\":\"https:\/\/svetslik.si\/prodaja-slik\/\"},{\"@type\":\"ListItem\",\"position\":3,\"name\":\"Pablo Picasso &#8211; Les Demoiselles d&#8217;Avignon\"}]},{\"@type\":\"WebSite\",\"@id\":\"https:\/\/svetslik.si\/it\/#website\",\"url\":\"https:\/\/svetslik.si\/it\/\",\"name\":\"SVETSLIK.SI\",\"description\":\"100% riproduzioni dipinte a mano di quadri di pittori famosi e dipinti su tela.\",\"publisher\":{\"@id\":\"https:\/\/svetslik.si\/it\/#organization\"},\"potentialAction\":[{\"@type\":\"SearchAction\",\"target\":{\"@type\":\"EntryPoint\",\"urlTemplate\":\"https:\/\/svetslik.si\/it\/?s={search_term_string}\"},\"query-input\":{\"@type\":\"PropertyValueSpecification\",\"valueRequired\":true,\"valueName\":\"search_term_string\"}}],\"inLanguage\":\"it-IT\"},{\"@type\":\"Organization\",\"@id\":\"https:\/\/svetslik.si\/it\/#organization\",\"name\":\"SvetSlik.si\",\"url\":\"https:\/\/svetslik.si\/it\/\",\"logo\":{\"@type\":\"ImageObject\",\"inLanguage\":\"it-IT\",\"@id\":\"https:\/\/svetslik.si\/it\/#\/schema\/logo\/image\/\",\"url\":\"https:\/\/svetslik.si\/wp-content\/uploads\/2020\/12\/logo-512.png\",\"contentUrl\":\"https:\/\/svetslik.si\/wp-content\/uploads\/2020\/12\/logo-512.png\",\"width\":512,\"height\":512,\"caption\":\"SvetSlik.si\"},\"image\":{\"@id\":\"https:\/\/svetslik.si\/it\/#\/schema\/logo\/image\/\"},\"sameAs\":[\"https:\/\/www.facebook.com\/svetslik.si\",\"https:\/\/x.com\/svetslik\",\"https:\/\/www.instagram.com\/svetslik.si\/\",\"https:\/\/www.linkedin.com\/company\/svetslik-si\"]}]}<\/script>\n<meta property=\"og:availability\" content=\"backorder\" \/>\n<meta property=\"product:availability\" content=\"available for order\" \/>\n<meta property=\"product:retailer_item_id\" content=\"265__\" \/>\n<meta property=\"product:condition\" content=\"new\" \/>\n<!-- \/ Yoast SEO Premium plugin. -->","yoast_head_json":{"title":"Pablo Picasso - Les Demoiselles d'Avignon - SVETSLIK.SI - Dipinto al 100% fatto a mano","description":"Pablo Picasso - Les Demoiselles d'Avignon - Riproduzioni di quadri d'arte al 100% dipinti a mano su tela. Cornici per quadri, vendita e realizzazione di dimensioni su ordinazione.","robots":{"index":"index","follow":"follow","max-snippet":"max-snippet:-1","max-image-preview":"max-image-preview:large","max-video-preview":"max-video-preview:-1"},"canonical":"https:\/\/svetslik.si\/it\/pablo-picasso\/les-demoiselles-davignon\/","og_locale":"it_IT","og_type":"article","og_title":"Pablo Picasso - Les Demoiselles d'Avignon","og_description":"100% ro\u010dno naslikane slike na platnu, reprodukcije znanih slikarjev in umetni\u0161ke slike po naro\u010dilu.","og_url":"https:\/\/svetslik.si\/it\/pablo-picasso\/les-demoiselles-davignon\/","og_site_name":"SVETSLIK.SI","article_publisher":"https:\/\/www.facebook.com\/svetslik.si","article_modified_time":"2026-03-22T21:12:45+00:00","og_image":[{"width":1112,"height":1200,"url":"https:\/\/svetslik.si\/wp-content\/uploads\/2021\/08\/image_Les-Demoiselles-dAvignon_680.jpg","type":"image\/jpeg"}],"twitter_card":"summary_large_image","twitter_site":"@svetslik","twitter_misc":{"Disponibilit\u00e0":"Su ordinazione"},"schema":{"@context":"https:\/\/schema.org","@graph":[{"@type":["WebPage","ItemPage"],"@id":"https:\/\/svetslik.si\/it\/pablo-picasso\/les-demoiselles-davignon\/","url":"https:\/\/svetslik.si\/it\/pablo-picasso\/les-demoiselles-davignon\/","name":"Pablo Picasso - Les Demoiselles d'Avignon - SVETSLIK.SI - Dipinto al 100% fatto a mano","isPartOf":{"@id":"https:\/\/svetslik.si\/it\/#website"},"primaryImageOfPage":{"@id":"https:\/\/svetslik.si\/it\/pablo-picasso\/les-demoiselles-davignon\/#primaryimage"},"image":{"@id":"https:\/\/svetslik.si\/it\/pablo-picasso\/les-demoiselles-davignon\/#primaryimage"},"thumbnailUrl":"https:\/\/svetslik.si\/wp-content\/uploads\/2021\/08\/image_Les-Demoiselles-dAvignon_680.jpg","datePublished":"2021-09-02T15:53:37+00:00","dateModified":"2026-03-22T21:12:45+00:00","description":"Pablo Picasso - Les Demoiselles d'Avignon - Riproduzioni di quadri d'arte al 100% dipinti a mano su tela. Cornici per quadri, vendita e realizzazione di dimensioni su ordinazione.","breadcrumb":{"@id":"https:\/\/svetslik.si\/it\/pablo-picasso\/les-demoiselles-davignon\/#breadcrumb"},"inLanguage":"it-IT","potentialAction":[{"@type":"ReadAction","target":["https:\/\/svetslik.si\/it\/pablo-picasso\/les-demoiselles-davignon\/"]}]},{"@type":"ImageObject","inLanguage":"it-IT","@id":"https:\/\/svetslik.si\/it\/pablo-picasso\/les-demoiselles-davignon\/#primaryimage","url":"https:\/\/svetslik.si\/wp-content\/uploads\/2021\/08\/image_Les-Demoiselles-dAvignon_680.jpg","contentUrl":"https:\/\/svetslik.si\/wp-content\/uploads\/2021\/08\/image_Les-Demoiselles-dAvignon_680.jpg","width":1112,"height":1200,"caption":"Quadri su tela - Pablo Picasso - Les Demoiselles d'Avignon - Dipinti a mano, riproduzioni di famosi pittori, olio su tela, quadri ad olio, quadri moderni, quadri d'arte per le pareti, ambientali, astratti, quadri decorativi per le pareti."},{"@type":"BreadcrumbList","@id":"https:\/\/svetslik.si\/it\/pablo-picasso\/les-demoiselles-davignon\/#breadcrumb","itemListElement":[{"@type":"ListItem","position":1,"name":"Fali m\u0171v\u00e9szet \u00e9s festm\u00e9nyek v\u00e1szonra","item":"https:\/\/svetslik.si\/it\/"},{"@type":"ListItem","position":2,"name":"Vendita di dipinti","item":"https:\/\/svetslik.si\/prodaja-slik\/"},{"@type":"ListItem","position":3,"name":"Pablo Picasso &#8211; Les Demoiselles d&#8217;Avignon"}]},{"@type":"WebSite","@id":"https:\/\/svetslik.si\/it\/#website","url":"https:\/\/svetslik.si\/it\/","name":"SVETSLIK.SI","description":"100% riproduzioni dipinte a mano di quadri di pittori famosi e dipinti su tela.","publisher":{"@id":"https:\/\/svetslik.si\/it\/#organization"},"potentialAction":[{"@type":"SearchAction","target":{"@type":"EntryPoint","urlTemplate":"https:\/\/svetslik.si\/it\/?s={search_term_string}"},"query-input":{"@type":"PropertyValueSpecification","valueRequired":true,"valueName":"search_term_string"}}],"inLanguage":"it-IT"},{"@type":"Organization","@id":"https:\/\/svetslik.si\/it\/#organization","name":"SvetSlik.si","url":"https:\/\/svetslik.si\/it\/","logo":{"@type":"ImageObject","inLanguage":"it-IT","@id":"https:\/\/svetslik.si\/it\/#\/schema\/logo\/image\/","url":"https:\/\/svetslik.si\/wp-content\/uploads\/2020\/12\/logo-512.png","contentUrl":"https:\/\/svetslik.si\/wp-content\/uploads\/2020\/12\/logo-512.png","width":512,"height":512,"caption":"SvetSlik.si"},"image":{"@id":"https:\/\/svetslik.si\/it\/#\/schema\/logo\/image\/"},"sameAs":["https:\/\/www.facebook.com\/svetslik.si","https:\/\/x.com\/svetslik","https:\/\/www.instagram.com\/svetslik.si\/","https:\/\/www.linkedin.com\/company\/svetslik-si"]}]},"og_availability":"backorder","product_availability":"available for order","product_retailer_item_id":"265__","product_condition":"new"},"jetpack_sharing_enabled":true,"_links":{"self":[{"href":"https:\/\/svetslik.si\/it\/wp-json\/wp\/v2\/product\/41651","targetHints":{"allow":["GET"]}}],"collection":[{"href":"https:\/\/svetslik.si\/it\/wp-json\/wp\/v2\/product"}],"about":[{"href":"https:\/\/svetslik.si\/it\/wp-json\/wp\/v2\/types\/product"}],"wp:featuredmedia":[{"embeddable":true,"href":"https:\/\/svetslik.si\/it\/wp-json\/wp\/v2\/media\/35283"}],"wp:attachment":[{"href":"https:\/\/svetslik.si\/it\/wp-json\/wp\/v2\/media?parent=41651"}],"wp:term":[{"taxonomy":"product_brand","embeddable":true,"href":"https:\/\/svetslik.si\/it\/wp-json\/wp\/v2\/product_brand?post=41651"},{"taxonomy":"product_cat","embeddable":true,"href":"https:\/\/svetslik.si\/it\/wp-json\/wp\/v2\/product_cat?post=41651"},{"taxonomy":"product_tag","embeddable":true,"href":"https:\/\/svetslik.si\/it\/wp-json\/wp\/v2\/product_tag?post=41651"}],"curies":[{"name":"wp","href":"https:\/\/api.w.org\/{rel}","templated":true}]}}