{"id":41867,"date":"2021-09-02T18:00:30","date_gmt":"2021-09-02T16:00:30","guid":{"rendered":"https:\/\/svetslik.si\/senza-categoria\/moment-of-transition\/"},"modified":"2026-03-22T22:16:58","modified_gmt":"2026-03-22T21:16:58","slug":"moment-of-transition","status":"publish","type":"product","link":"https:\/\/svetslik.si\/it\/salvador-dali\/moment-of-transition\/","title":{"rendered":"Salvador Dali &#8211; Moment of Transition"},"content":{"rendered":"<h1>Salvador Dal\u00ec &#8211; Momento di transizione<\/h1>\n<p>&nbsp;<\/p>\n<table border=\"0\" width=\"673\" cellspacing=\"0\" cellpadding=\"0\">\n<tr>\n<td height=\"21\">Anno di creazione:<\/td>\n<td style=\"width: 493px\">1934<\/td>\n<\/tr>\n<tr>\n<td height=\"21\">Dimensione originale:<\/td>\n<td style=\"width: 493px\">65 cm x 54 cm<\/td>\n<\/tr>\n<tr>\n<td height=\"21\">Stile colore:<\/td>\n<td>\n<div>\n<div>\n<div>\n<div>\n<div>Surrealismo<\/div>\n<\/div>\n<\/div>\n<\/div>\n<\/div>\n<\/td>\n<\/tr>\n<tr>\n<td height=\"21\">Tecnica originale:<\/td>\n<td>Olio su tela<\/td>\n<\/tr>\n<tr>\n<td height=\"21\">Situato:<\/td>\n<td>Collezione Viktor e Marianne Langen<\/td>\n<\/tr>\n<\/tbody>\n<colgroup>\n<col \/>\n<col \/> <\/colgroup>\n<\/table>\n<p>Il dipinto &#8220;Moment of Transition&#8221; di Salvador Dal\u00ed \u00e8 un dipinto sorprendente e stimolante che catturer\u00e0 sicuramente l&#8217;attenzione di ogni spettatore. Il dipinto \u00e8 stato realizzato nel 1940, un periodo di grandi cambiamenti nella vita e nella carriera di Dal\u00ed. \u00c8 considerata una delle sue opere pi\u00f9 importanti di questo periodo.<\/p>\n<p>Uno degli elementi pi\u00f9 sorprendenti di questo dipinto \u00e8 l&#8217;uso del colore. Dali utilizza una calma tavolozza di blu, verdi e grigi che creano un senso di pace e tranquillit\u00e0. Ci\u00f2 \u00e8 in netto contrasto con le forme caotiche e frammentate che compongono la maggior parte del dipinto. Le forme nel dipinto sembrano essere in uno stato di transizione e movimento, che \u00e8 ci\u00f2 che ha dato il nome al dipinto.<\/p>\n<p>L&#8217;immagine contiene anche molti elementi simbolici. Ad esempio, si dice che l&#8217;immagine centrale di una mano che tiene una chiave rappresenti la chiave per sbloccare il subconscio, un tema che Dal\u00ed ha esplorato nel corso della sua carriera. Inoltre, il dipinto \u00e8 pieno di immagini di orologi, che Dal\u00ec usa spesso nelle sue opere per mostrare il passare del tempo e la caducit\u00e0 dell&#8217;esistenza.<\/p>\n<p>Nel complesso, &#8220;Moment of Transition&#8221; \u00e8 un dipinto potente e stimolante che mette in mostra la padronanza del colore, della forma e del simbolismo di Dal\u00ed. Questo dipinto \u00e8 considerato una delle sue opere pi\u00f9 importanti degli anni &#8217;40 ed \u00e8 una tappa obbligata per chiunque sia interessato all&#8217;arte di Salvador Dal\u00ec. Il dipinto \u00e8 attualmente nel Museo Salvador Dali a San Pietroburgo, Florida, USA, e pu\u00f2 essere visto in altri musei in tutto il mondo.<\/p>\n","protected":false},"excerpt":{"rendered":"<p>Salvador Dal\u00ec &#8211; Momento di transizione &nbsp; Anno di creazione: 1934 Dimensione originale: 65 cm x 54 cm Stile colore: Surrealismo Tecnica originale: Olio su tela Situato: Collezione Viktor e Marianne Langen Il dipinto &#8220;Moment of Transition&#8221; di Salvador Dal\u00ed \u00e8 un dipinto sorprendente e stimolante che catturer\u00e0 sicuramente l&#8217;attenzione [&hellip;]<\/p>\n","protected":false},"featured_media":35380,"template":"","meta":{"_acf_changed":false},"product_brand":[],"product_cat":[4205],"product_tag":[4213,4245,4246,4251,4253],"class_list":{"0":"post-41867","1":"product","2":"type-product","3":"status-publish","4":"has-post-thumbnail","6":"product_cat-salvador-dali","7":"product_tag-dali-it","8":"product_tag-riproduzione","9":"product_tag-riproduzione-it","10":"product_tag-salvador-dali-it","11":"product_tag-un-pittore","12":"pa_dimenzija-100-x-80-cm-it","13":"pa_dimenzija-120-x-100-cm-it","14":"pa_dimenzija-140-x-120-cm-it","15":"pa_dimenzija-160-x-130-cm-it","16":"pa_dimenzija-190-x-160-cm-it","17":"pa_dimenzija-50-x-40-cm-it","18":"pa_dimenzija-65-x-54-cm-it","19":"pa_dimenzija-80-x-65-cm-it","20":"pa_oblika-orizzontale","21":"pa_okvir-sensa-cornice","22":"pa_podokvir-no","23":"pa_podokvir-si","25":"first","26":"onbackorder","27":"purchasable","28":"product-type-variable","29":"has-default-attributes"},"acf":[],"yoast_head":"<!-- This site is optimized with the Yoast SEO Premium plugin v26.0 (Yoast SEO v27.2) - https:\/\/yoast.com\/product\/yoast-seo-premium-wordpress\/ -->\n<title>Salvador Dali - Moment of Transition - SVETSLIK.SI - Dipinto al 100% fatto a mano<\/title>\n<meta name=\"description\" content=\"Salvador Dali - Moment of Transition - Riproduzioni di quadri d&#039;arte al 100% dipinti a mano su tela. Cornici per quadri, vendita e realizzazione di dimensioni su ordinazione.\" \/>\n<meta name=\"robots\" content=\"index, follow, max-snippet:-1, max-image-preview:large, max-video-preview:-1\" \/>\n<link rel=\"canonical\" href=\"https:\/\/svetslik.si\/it\/salvador-dali\/moment-of-transition\/\" \/>\n<meta property=\"og:locale\" content=\"it_IT\" \/>\n<meta property=\"og:type\" content=\"article\" \/>\n<meta property=\"og:title\" content=\"Salvador Dali - Moment of Transition\" \/>\n<meta property=\"og:description\" content=\"100% ro\u010dno naslikane slike na platnu, reprodukcije znanih slikarjev in umetni\u0161ke slike po naro\u010dilu.\" \/>\n<meta property=\"og:url\" content=\"https:\/\/svetslik.si\/it\/salvador-dali\/moment-of-transition\/\" \/>\n<meta property=\"og:site_name\" content=\"SVETSLIK.SI\" \/>\n<meta property=\"article:publisher\" content=\"https:\/\/www.facebook.com\/svetslik.si\" \/>\n<meta property=\"article:modified_time\" content=\"2026-03-22T21:16:58+00:00\" \/>\n<meta property=\"og:image\" content=\"https:\/\/svetslik.si\/wp-content\/uploads\/2021\/08\/image_Moment-of-Transition_680-scaled.jpg\" \/>\n\t<meta property=\"og:image:width\" content=\"2560\" \/>\n\t<meta property=\"og:image:height\" content=\"2125\" \/>\n\t<meta property=\"og:image:type\" content=\"image\/jpeg\" \/>\n<meta name=\"twitter:card\" content=\"summary_large_image\" \/>\n<meta name=\"twitter:site\" content=\"@svetslik\" \/>\n<meta name=\"twitter:label1\" content=\"Disponibilit\u00e0\" \/>\n\t<meta name=\"twitter:data1\" content=\"Su ordinazione\" \/>\n<script type=\"application\/ld+json\" class=\"yoast-schema-graph\">{\"@context\":\"https:\/\/schema.org\",\"@graph\":[{\"@type\":[\"WebPage\",\"ItemPage\"],\"@id\":\"https:\/\/svetslik.si\/it\/salvador-dali\/moment-of-transition\/\",\"url\":\"https:\/\/svetslik.si\/it\/salvador-dali\/moment-of-transition\/\",\"name\":\"Salvador Dali - Moment of Transition - SVETSLIK.SI - Dipinto al 100% fatto a mano\",\"isPartOf\":{\"@id\":\"https:\/\/svetslik.si\/it\/#website\"},\"primaryImageOfPage\":{\"@id\":\"https:\/\/svetslik.si\/it\/salvador-dali\/moment-of-transition\/#primaryimage\"},\"image\":{\"@id\":\"https:\/\/svetslik.si\/it\/salvador-dali\/moment-of-transition\/#primaryimage\"},\"thumbnailUrl\":\"https:\/\/svetslik.si\/wp-content\/uploads\/2021\/08\/image_Moment-of-Transition_680-scaled.jpg\",\"datePublished\":\"2021-09-02T16:00:30+00:00\",\"dateModified\":\"2026-03-22T21:16:58+00:00\",\"description\":\"Salvador Dali - Moment of Transition - Riproduzioni di quadri d'arte al 100% dipinti a mano su tela. Cornici per quadri, vendita e realizzazione di dimensioni su ordinazione.\",\"breadcrumb\":{\"@id\":\"https:\/\/svetslik.si\/it\/salvador-dali\/moment-of-transition\/#breadcrumb\"},\"inLanguage\":\"it-IT\",\"potentialAction\":[{\"@type\":\"ReadAction\",\"target\":[\"https:\/\/svetslik.si\/it\/salvador-dali\/moment-of-transition\/\"]}]},{\"@type\":\"ImageObject\",\"inLanguage\":\"it-IT\",\"@id\":\"https:\/\/svetslik.si\/it\/salvador-dali\/moment-of-transition\/#primaryimage\",\"url\":\"https:\/\/svetslik.si\/wp-content\/uploads\/2021\/08\/image_Moment-of-Transition_680-scaled.jpg\",\"contentUrl\":\"https:\/\/svetslik.si\/wp-content\/uploads\/2021\/08\/image_Moment-of-Transition_680-scaled.jpg\",\"width\":2560,\"height\":2125,\"caption\":\"Salvador Dali - Momento di transizione - Dipinti dipinti a mano, riproduzioni di dipinti di pittori famosi, olio su tela, dipinti ad olio, pitture murali moderne, pitture murali, pitture murali ambientali, astratte, decorative\"},{\"@type\":\"BreadcrumbList\",\"@id\":\"https:\/\/svetslik.si\/it\/salvador-dali\/moment-of-transition\/#breadcrumb\",\"itemListElement\":[{\"@type\":\"ListItem\",\"position\":1,\"name\":\"Fali m\u0171v\u00e9szet \u00e9s festm\u00e9nyek v\u00e1szonra\",\"item\":\"https:\/\/svetslik.si\/it\/\"},{\"@type\":\"ListItem\",\"position\":2,\"name\":\"Vendita di dipinti\",\"item\":\"https:\/\/svetslik.si\/prodaja-slik\/\"},{\"@type\":\"ListItem\",\"position\":3,\"name\":\"Salvador Dali &#8211; Moment of Transition\"}]},{\"@type\":\"WebSite\",\"@id\":\"https:\/\/svetslik.si\/it\/#website\",\"url\":\"https:\/\/svetslik.si\/it\/\",\"name\":\"SVETSLIK.SI\",\"description\":\"100% riproduzioni dipinte a mano di quadri di pittori famosi e dipinti su tela.\",\"publisher\":{\"@id\":\"https:\/\/svetslik.si\/it\/#organization\"},\"potentialAction\":[{\"@type\":\"SearchAction\",\"target\":{\"@type\":\"EntryPoint\",\"urlTemplate\":\"https:\/\/svetslik.si\/it\/?s={search_term_string}\"},\"query-input\":{\"@type\":\"PropertyValueSpecification\",\"valueRequired\":true,\"valueName\":\"search_term_string\"}}],\"inLanguage\":\"it-IT\"},{\"@type\":\"Organization\",\"@id\":\"https:\/\/svetslik.si\/it\/#organization\",\"name\":\"SvetSlik.si\",\"url\":\"https:\/\/svetslik.si\/it\/\",\"logo\":{\"@type\":\"ImageObject\",\"inLanguage\":\"it-IT\",\"@id\":\"https:\/\/svetslik.si\/it\/#\/schema\/logo\/image\/\",\"url\":\"https:\/\/svetslik.si\/wp-content\/uploads\/2020\/12\/logo-512.png\",\"contentUrl\":\"https:\/\/svetslik.si\/wp-content\/uploads\/2020\/12\/logo-512.png\",\"width\":512,\"height\":512,\"caption\":\"SvetSlik.si\"},\"image\":{\"@id\":\"https:\/\/svetslik.si\/it\/#\/schema\/logo\/image\/\"},\"sameAs\":[\"https:\/\/www.facebook.com\/svetslik.si\",\"https:\/\/x.com\/svetslik\",\"https:\/\/www.instagram.com\/svetslik.si\/\",\"https:\/\/www.linkedin.com\/company\/svetslik-si\"]}]}<\/script>\n<meta property=\"og:availability\" content=\"backorder\" \/>\n<meta property=\"product:availability\" content=\"available for order\" \/>\n<meta property=\"product:retailer_item_id\" content=\"351__\" \/>\n<meta property=\"product:condition\" content=\"new\" \/>\n<!-- \/ Yoast SEO Premium plugin. -->","yoast_head_json":{"title":"Salvador Dali - Moment of Transition - SVETSLIK.SI - Dipinto al 100% fatto a mano","description":"Salvador Dali - Moment of Transition - Riproduzioni di quadri d'arte al 100% dipinti a mano su tela. Cornici per quadri, vendita e realizzazione di dimensioni su ordinazione.","robots":{"index":"index","follow":"follow","max-snippet":"max-snippet:-1","max-image-preview":"max-image-preview:large","max-video-preview":"max-video-preview:-1"},"canonical":"https:\/\/svetslik.si\/it\/salvador-dali\/moment-of-transition\/","og_locale":"it_IT","og_type":"article","og_title":"Salvador Dali - Moment of Transition","og_description":"100% ro\u010dno naslikane slike na platnu, reprodukcije znanih slikarjev in umetni\u0161ke slike po naro\u010dilu.","og_url":"https:\/\/svetslik.si\/it\/salvador-dali\/moment-of-transition\/","og_site_name":"SVETSLIK.SI","article_publisher":"https:\/\/www.facebook.com\/svetslik.si","article_modified_time":"2026-03-22T21:16:58+00:00","og_image":[{"width":2560,"height":2125,"url":"https:\/\/svetslik.si\/wp-content\/uploads\/2021\/08\/image_Moment-of-Transition_680-scaled.jpg","type":"image\/jpeg"}],"twitter_card":"summary_large_image","twitter_site":"@svetslik","twitter_misc":{"Disponibilit\u00e0":"Su ordinazione"},"schema":{"@context":"https:\/\/schema.org","@graph":[{"@type":["WebPage","ItemPage"],"@id":"https:\/\/svetslik.si\/it\/salvador-dali\/moment-of-transition\/","url":"https:\/\/svetslik.si\/it\/salvador-dali\/moment-of-transition\/","name":"Salvador Dali - Moment of Transition - SVETSLIK.SI - Dipinto al 100% fatto a mano","isPartOf":{"@id":"https:\/\/svetslik.si\/it\/#website"},"primaryImageOfPage":{"@id":"https:\/\/svetslik.si\/it\/salvador-dali\/moment-of-transition\/#primaryimage"},"image":{"@id":"https:\/\/svetslik.si\/it\/salvador-dali\/moment-of-transition\/#primaryimage"},"thumbnailUrl":"https:\/\/svetslik.si\/wp-content\/uploads\/2021\/08\/image_Moment-of-Transition_680-scaled.jpg","datePublished":"2021-09-02T16:00:30+00:00","dateModified":"2026-03-22T21:16:58+00:00","description":"Salvador Dali - Moment of Transition - Riproduzioni di quadri d'arte al 100% dipinti a mano su tela. Cornici per quadri, vendita e realizzazione di dimensioni su ordinazione.","breadcrumb":{"@id":"https:\/\/svetslik.si\/it\/salvador-dali\/moment-of-transition\/#breadcrumb"},"inLanguage":"it-IT","potentialAction":[{"@type":"ReadAction","target":["https:\/\/svetslik.si\/it\/salvador-dali\/moment-of-transition\/"]}]},{"@type":"ImageObject","inLanguage":"it-IT","@id":"https:\/\/svetslik.si\/it\/salvador-dali\/moment-of-transition\/#primaryimage","url":"https:\/\/svetslik.si\/wp-content\/uploads\/2021\/08\/image_Moment-of-Transition_680-scaled.jpg","contentUrl":"https:\/\/svetslik.si\/wp-content\/uploads\/2021\/08\/image_Moment-of-Transition_680-scaled.jpg","width":2560,"height":2125,"caption":"Salvador Dali - Momento di transizione - Dipinti dipinti a mano, riproduzioni di dipinti di pittori famosi, olio su tela, dipinti ad olio, pitture murali moderne, pitture murali, pitture murali ambientali, astratte, decorative"},{"@type":"BreadcrumbList","@id":"https:\/\/svetslik.si\/it\/salvador-dali\/moment-of-transition\/#breadcrumb","itemListElement":[{"@type":"ListItem","position":1,"name":"Fali m\u0171v\u00e9szet \u00e9s festm\u00e9nyek v\u00e1szonra","item":"https:\/\/svetslik.si\/it\/"},{"@type":"ListItem","position":2,"name":"Vendita di dipinti","item":"https:\/\/svetslik.si\/prodaja-slik\/"},{"@type":"ListItem","position":3,"name":"Salvador Dali &#8211; Moment of Transition"}]},{"@type":"WebSite","@id":"https:\/\/svetslik.si\/it\/#website","url":"https:\/\/svetslik.si\/it\/","name":"SVETSLIK.SI","description":"100% riproduzioni dipinte a mano di quadri di pittori famosi e dipinti su tela.","publisher":{"@id":"https:\/\/svetslik.si\/it\/#organization"},"potentialAction":[{"@type":"SearchAction","target":{"@type":"EntryPoint","urlTemplate":"https:\/\/svetslik.si\/it\/?s={search_term_string}"},"query-input":{"@type":"PropertyValueSpecification","valueRequired":true,"valueName":"search_term_string"}}],"inLanguage":"it-IT"},{"@type":"Organization","@id":"https:\/\/svetslik.si\/it\/#organization","name":"SvetSlik.si","url":"https:\/\/svetslik.si\/it\/","logo":{"@type":"ImageObject","inLanguage":"it-IT","@id":"https:\/\/svetslik.si\/it\/#\/schema\/logo\/image\/","url":"https:\/\/svetslik.si\/wp-content\/uploads\/2020\/12\/logo-512.png","contentUrl":"https:\/\/svetslik.si\/wp-content\/uploads\/2020\/12\/logo-512.png","width":512,"height":512,"caption":"SvetSlik.si"},"image":{"@id":"https:\/\/svetslik.si\/it\/#\/schema\/logo\/image\/"},"sameAs":["https:\/\/www.facebook.com\/svetslik.si","https:\/\/x.com\/svetslik","https:\/\/www.instagram.com\/svetslik.si\/","https:\/\/www.linkedin.com\/company\/svetslik-si"]}]},"og_availability":"backorder","product_availability":"available for order","product_retailer_item_id":"351__","product_condition":"new"},"jetpack_sharing_enabled":true,"_links":{"self":[{"href":"https:\/\/svetslik.si\/it\/wp-json\/wp\/v2\/product\/41867","targetHints":{"allow":["GET"]}}],"collection":[{"href":"https:\/\/svetslik.si\/it\/wp-json\/wp\/v2\/product"}],"about":[{"href":"https:\/\/svetslik.si\/it\/wp-json\/wp\/v2\/types\/product"}],"wp:featuredmedia":[{"embeddable":true,"href":"https:\/\/svetslik.si\/it\/wp-json\/wp\/v2\/media\/35380"}],"wp:attachment":[{"href":"https:\/\/svetslik.si\/it\/wp-json\/wp\/v2\/media?parent=41867"}],"wp:term":[{"taxonomy":"product_brand","embeddable":true,"href":"https:\/\/svetslik.si\/it\/wp-json\/wp\/v2\/product_brand?post=41867"},{"taxonomy":"product_cat","embeddable":true,"href":"https:\/\/svetslik.si\/it\/wp-json\/wp\/v2\/product_cat?post=41867"},{"taxonomy":"product_tag","embeddable":true,"href":"https:\/\/svetslik.si\/it\/wp-json\/wp\/v2\/product_tag?post=41867"}],"curies":[{"name":"wp","href":"https:\/\/api.w.org\/{rel}","templated":true}]}}