{"id":41894,"date":"2021-09-02T18:00:59","date_gmt":"2021-09-02T16:00:59","guid":{"rendered":"https:\/\/svetslik.si\/senza-categoria\/sentimental-colloquy\/"},"modified":"2026-03-22T22:17:49","modified_gmt":"2026-03-22T21:17:49","slug":"sentimental-colloquy","status":"publish","type":"product","link":"https:\/\/svetslik.si\/it\/salvador-dali\/sentimental-colloquy\/","title":{"rendered":"Salvador Dali &#8211; Sentimental Colloquy"},"content":{"rendered":"<h1>Salvador Dali &#8211; Colloquio sentimentale<\/h1>\n<p>&nbsp;<\/p>\n<table border=\"0\" width=\"673\" cellspacing=\"0\" cellpadding=\"0\">\n<tr>\n<td height=\"21\">Anno di creazione:<\/td>\n<td style=\"width: 493px\">1948<\/td>\n<\/tr>\n<tr>\n<td height=\"21\">Dimensione originale:<\/td>\n<td style=\"width: 493px\">47 cm x 26 cm<\/td>\n<\/tr>\n<tr>\n<td height=\"21\">Stile colore:<\/td>\n<td>\n<div>\n<div>\n<div>\n<div>\n<div>Surrealismo<\/div>\n<\/div>\n<\/div>\n<\/div>\n<\/div>\n<\/td>\n<\/tr>\n<tr>\n<td height=\"21\">Tecnica originale:<\/td>\n<td>Olio su tela<\/td>\n<\/tr>\n<tr>\n<td height=\"21\">Situato:<\/td>\n<td>Museo Salvador Dal\u00ed, S. San Pietroburgo, Florida<\/td>\n<\/tr>\n<\/tbody>\n<colgroup>\n<col \/>\n<col \/> <\/colgroup>\n<\/table>\n<p>La conversazione sentimentale di Salvador Dali \u00e8 un dipinto che mette in mostra lo stile e la tecnica unici dell&#8217;artista. Creato nel 1937, il dipinto \u00e8 un capolavoro surrealista caratterizzato da immagini sognanti e dall&#8217;uso del simbolismo.<\/p>\n<p>Il dipinto mostra un uomo e una donna in un romantico abbraccio, con l&#8217;uomo che tiene una rosa in una mano e un teschio nell&#8217;altra. Sullo sfondo del dipinto c&#8217;\u00e8 un ambiente arido con pochi alberelli e una lontana catena montuosa. I colori utilizzati nell&#8217;immagine sono tenui, dominati da grigi e marroni.<\/p>\n<p>Il dipinto \u00e8 considerato un capolavoro del surrealismo, poich\u00e9 esplora le emozioni e i desideri umani. L&#8217;uomo e la donna nella foto simboleggiano l&#8217;amore e il desiderio che le persone provano l&#8217;una per l&#8217;altra. Il fiore e il teschio sono anche simboli della caducit\u00e0 della vita e dell&#8217;amore. Il paesaggio brullo sullo sfondo \u00e8 una metafora della solitudine e dell&#8217;isolamento che spesso accompagnano queste emozioni.<\/p>\n<p>&#8220;La conversazione sentimentale \u00e8 considerata una delle opere pi\u00f9 importanti di Dal\u00ed, ed \u00e8 considerato da molti uno dei pi\u00f9 grandi dipinti del 20\u00b0 secolo. Il dipinto \u00e8 attualmente ospitato nel Museo Salvador Dal\u00ec a San Pietroburgo, in Florida, ed \u00e8 considerato un must per gli amanti dell&#8217;arte.<\/p>\n<p>Nel complesso, &#8220;Conversazione sentimentale&#8221; \u00e8 un dipinto che mette in mostra lo stile e la tecnica unici di Salvador Dal\u00ed e che continua a ispirare e deliziare gli amanti dell&#8217;arte di tutto il mondo. Il dipinto si trova in molti musei del mondo ed \u00e8 considerato un capolavoro del surrealismo. \u00c8 anche una grande fonte d&#8217;ispirazione per studenti e amanti dell&#8217;arte.<\/p>\n","protected":false},"excerpt":{"rendered":"<p>Salvador Dali &#8211; Colloquio sentimentale &nbsp; Anno di creazione: 1948 Dimensione originale: 47 cm x 26 cm Stile colore: Surrealismo Tecnica originale: Olio su tela Situato: Museo Salvador Dal\u00ed, S. San Pietroburgo, Florida La conversazione sentimentale di Salvador Dali \u00e8 un dipinto che mette in mostra lo stile e la [&hellip;]<\/p>\n","protected":false},"featured_media":35555,"template":"","meta":{"_acf_changed":false},"product_brand":[],"product_cat":[4205],"product_tag":[4213,4245,4246,4251,4253],"class_list":{"0":"post-41894","1":"product","2":"type-product","3":"status-publish","4":"has-post-thumbnail","6":"product_cat-salvador-dali","7":"product_tag-dali-it","8":"product_tag-riproduzione","9":"product_tag-riproduzione-it","10":"product_tag-salvador-dali-it","11":"product_tag-un-pittore","12":"pa_dimenzija-110-x-60-cm","13":"pa_dimenzija-130-x-70-cm","14":"pa_dimenzija-150-x-80-cm","15":"pa_dimenzija-180-x-100-cm","16":"pa_dimenzija-230-x-130-cm","17":"pa_dimenzija-47-x-26-cm","18":"pa_dimenzija-70-x-40-cm","19":"pa_dimenzija-90-x-50-cm","20":"pa_oblika-orizzontale","21":"pa_okvir-sensa-cornice","22":"pa_podokvir-no","23":"pa_podokvir-si","25":"first","26":"onbackorder","27":"purchasable","28":"product-type-variable","29":"has-default-attributes"},"acf":[],"yoast_head":"<!-- This site is optimized with the Yoast SEO Premium plugin v26.0 (Yoast SEO v27.2) - https:\/\/yoast.com\/product\/yoast-seo-premium-wordpress\/ -->\n<title>Salvador Dali - Sentimental Colloquy - SVETSLIK.SI - Dipinto al 100% fatto a mano<\/title>\n<meta name=\"description\" content=\"Salvador Dali - Sentimental Colloquy - Riproduzioni di quadri d&#039;arte al 100% dipinti a mano su tela. Cornici per quadri, vendita e realizzazione di dimensioni su ordinazione.\" \/>\n<meta name=\"robots\" content=\"index, follow, max-snippet:-1, max-image-preview:large, max-video-preview:-1\" \/>\n<link rel=\"canonical\" href=\"https:\/\/svetslik.si\/it\/salvador-dali\/sentimental-colloquy\/\" \/>\n<meta property=\"og:locale\" content=\"it_IT\" \/>\n<meta property=\"og:type\" content=\"article\" \/>\n<meta property=\"og:title\" content=\"Salvador Dali - Sentimental Colloquy\" \/>\n<meta property=\"og:description\" content=\"100% ro\u010dno naslikane slike na platnu, reprodukcije znanih slikarjev in umetni\u0161ke slike po naro\u010dilu.\" \/>\n<meta property=\"og:url\" content=\"https:\/\/svetslik.si\/it\/salvador-dali\/sentimental-colloquy\/\" \/>\n<meta property=\"og:site_name\" content=\"SVETSLIK.SI\" \/>\n<meta property=\"article:publisher\" content=\"https:\/\/www.facebook.com\/svetslik.si\" \/>\n<meta property=\"article:modified_time\" content=\"2026-03-22T21:17:49+00:00\" \/>\n<meta property=\"og:image\" content=\"https:\/\/svetslik.si\/wp-content\/uploads\/2021\/08\/image_Sentimental-Colloquy_680.jpg\" \/>\n\t<meta property=\"og:image:width\" content=\"1240\" \/>\n\t<meta property=\"og:image:height\" content=\"668\" \/>\n\t<meta property=\"og:image:type\" content=\"image\/jpeg\" \/>\n<meta name=\"twitter:card\" content=\"summary_large_image\" \/>\n<meta name=\"twitter:site\" content=\"@svetslik\" \/>\n<meta name=\"twitter:label1\" content=\"Disponibilit\u00e0\" \/>\n\t<meta name=\"twitter:data1\" content=\"Su ordinazione\" \/>\n<script type=\"application\/ld+json\" class=\"yoast-schema-graph\">{\"@context\":\"https:\/\/schema.org\",\"@graph\":[{\"@type\":[\"WebPage\",\"ItemPage\"],\"@id\":\"https:\/\/svetslik.si\/it\/salvador-dali\/sentimental-colloquy\/\",\"url\":\"https:\/\/svetslik.si\/it\/salvador-dali\/sentimental-colloquy\/\",\"name\":\"Salvador Dali - Sentimental Colloquy - SVETSLIK.SI - Dipinto al 100% fatto a mano\",\"isPartOf\":{\"@id\":\"https:\/\/svetslik.si\/it\/#website\"},\"primaryImageOfPage\":{\"@id\":\"https:\/\/svetslik.si\/it\/salvador-dali\/sentimental-colloquy\/#primaryimage\"},\"image\":{\"@id\":\"https:\/\/svetslik.si\/it\/salvador-dali\/sentimental-colloquy\/#primaryimage\"},\"thumbnailUrl\":\"https:\/\/svetslik.si\/wp-content\/uploads\/2021\/08\/image_Sentimental-Colloquy_680.jpg\",\"datePublished\":\"2021-09-02T16:00:59+00:00\",\"dateModified\":\"2026-03-22T21:17:49+00:00\",\"description\":\"Salvador Dali - Sentimental Colloquy - Riproduzioni di quadri d'arte al 100% dipinti a mano su tela. Cornici per quadri, vendita e realizzazione di dimensioni su ordinazione.\",\"breadcrumb\":{\"@id\":\"https:\/\/svetslik.si\/it\/salvador-dali\/sentimental-colloquy\/#breadcrumb\"},\"inLanguage\":\"it-IT\",\"potentialAction\":[{\"@type\":\"ReadAction\",\"target\":[\"https:\/\/svetslik.si\/it\/salvador-dali\/sentimental-colloquy\/\"]}]},{\"@type\":\"ImageObject\",\"inLanguage\":\"it-IT\",\"@id\":\"https:\/\/svetslik.si\/it\/salvador-dali\/sentimental-colloquy\/#primaryimage\",\"url\":\"https:\/\/svetslik.si\/wp-content\/uploads\/2021\/08\/image_Sentimental-Colloquy_680.jpg\",\"contentUrl\":\"https:\/\/svetslik.si\/wp-content\/uploads\/2021\/08\/image_Sentimental-Colloquy_680.jpg\",\"width\":1240,\"height\":668,\"caption\":\"Salvador Dali - Sentimental Colloquy - Reproduzioni dipinte a mano di famosi pittori, quadri moderni per pareti, quadri artistici per parete\"},{\"@type\":\"BreadcrumbList\",\"@id\":\"https:\/\/svetslik.si\/it\/salvador-dali\/sentimental-colloquy\/#breadcrumb\",\"itemListElement\":[{\"@type\":\"ListItem\",\"position\":1,\"name\":\"Fali m\u0171v\u00e9szet \u00e9s festm\u00e9nyek v\u00e1szonra\",\"item\":\"https:\/\/svetslik.si\/it\/\"},{\"@type\":\"ListItem\",\"position\":2,\"name\":\"Vendita di dipinti\",\"item\":\"https:\/\/svetslik.si\/prodaja-slik\/\"},{\"@type\":\"ListItem\",\"position\":3,\"name\":\"Salvador Dali &#8211; Sentimental Colloquy\"}]},{\"@type\":\"WebSite\",\"@id\":\"https:\/\/svetslik.si\/it\/#website\",\"url\":\"https:\/\/svetslik.si\/it\/\",\"name\":\"SVETSLIK.SI\",\"description\":\"100% riproduzioni dipinte a mano di quadri di pittori famosi e dipinti su tela.\",\"publisher\":{\"@id\":\"https:\/\/svetslik.si\/it\/#organization\"},\"potentialAction\":[{\"@type\":\"SearchAction\",\"target\":{\"@type\":\"EntryPoint\",\"urlTemplate\":\"https:\/\/svetslik.si\/it\/?s={search_term_string}\"},\"query-input\":{\"@type\":\"PropertyValueSpecification\",\"valueRequired\":true,\"valueName\":\"search_term_string\"}}],\"inLanguage\":\"it-IT\"},{\"@type\":\"Organization\",\"@id\":\"https:\/\/svetslik.si\/it\/#organization\",\"name\":\"SvetSlik.si\",\"url\":\"https:\/\/svetslik.si\/it\/\",\"logo\":{\"@type\":\"ImageObject\",\"inLanguage\":\"it-IT\",\"@id\":\"https:\/\/svetslik.si\/it\/#\/schema\/logo\/image\/\",\"url\":\"https:\/\/svetslik.si\/wp-content\/uploads\/2020\/12\/logo-512.png\",\"contentUrl\":\"https:\/\/svetslik.si\/wp-content\/uploads\/2020\/12\/logo-512.png\",\"width\":512,\"height\":512,\"caption\":\"SvetSlik.si\"},\"image\":{\"@id\":\"https:\/\/svetslik.si\/it\/#\/schema\/logo\/image\/\"},\"sameAs\":[\"https:\/\/www.facebook.com\/svetslik.si\",\"https:\/\/x.com\/svetslik\",\"https:\/\/www.instagram.com\/svetslik.si\/\",\"https:\/\/www.linkedin.com\/company\/svetslik-si\"]}]}<\/script>\n<meta property=\"og:availability\" content=\"backorder\" \/>\n<meta property=\"product:availability\" content=\"available for order\" \/>\n<meta property=\"product:retailer_item_id\" content=\"354__\" \/>\n<meta property=\"product:condition\" content=\"new\" \/>\n<!-- \/ Yoast SEO Premium plugin. -->","yoast_head_json":{"title":"Salvador Dali - Sentimental Colloquy - SVETSLIK.SI - Dipinto al 100% fatto a mano","description":"Salvador Dali - Sentimental Colloquy - Riproduzioni di quadri d'arte al 100% dipinti a mano su tela. Cornici per quadri, vendita e realizzazione di dimensioni su ordinazione.","robots":{"index":"index","follow":"follow","max-snippet":"max-snippet:-1","max-image-preview":"max-image-preview:large","max-video-preview":"max-video-preview:-1"},"canonical":"https:\/\/svetslik.si\/it\/salvador-dali\/sentimental-colloquy\/","og_locale":"it_IT","og_type":"article","og_title":"Salvador Dali - Sentimental Colloquy","og_description":"100% ro\u010dno naslikane slike na platnu, reprodukcije znanih slikarjev in umetni\u0161ke slike po naro\u010dilu.","og_url":"https:\/\/svetslik.si\/it\/salvador-dali\/sentimental-colloquy\/","og_site_name":"SVETSLIK.SI","article_publisher":"https:\/\/www.facebook.com\/svetslik.si","article_modified_time":"2026-03-22T21:17:49+00:00","og_image":[{"width":1240,"height":668,"url":"https:\/\/svetslik.si\/wp-content\/uploads\/2021\/08\/image_Sentimental-Colloquy_680.jpg","type":"image\/jpeg"}],"twitter_card":"summary_large_image","twitter_site":"@svetslik","twitter_misc":{"Disponibilit\u00e0":"Su ordinazione"},"schema":{"@context":"https:\/\/schema.org","@graph":[{"@type":["WebPage","ItemPage"],"@id":"https:\/\/svetslik.si\/it\/salvador-dali\/sentimental-colloquy\/","url":"https:\/\/svetslik.si\/it\/salvador-dali\/sentimental-colloquy\/","name":"Salvador Dali - Sentimental Colloquy - SVETSLIK.SI - Dipinto al 100% fatto a mano","isPartOf":{"@id":"https:\/\/svetslik.si\/it\/#website"},"primaryImageOfPage":{"@id":"https:\/\/svetslik.si\/it\/salvador-dali\/sentimental-colloquy\/#primaryimage"},"image":{"@id":"https:\/\/svetslik.si\/it\/salvador-dali\/sentimental-colloquy\/#primaryimage"},"thumbnailUrl":"https:\/\/svetslik.si\/wp-content\/uploads\/2021\/08\/image_Sentimental-Colloquy_680.jpg","datePublished":"2021-09-02T16:00:59+00:00","dateModified":"2026-03-22T21:17:49+00:00","description":"Salvador Dali - Sentimental Colloquy - Riproduzioni di quadri d'arte al 100% dipinti a mano su tela. Cornici per quadri, vendita e realizzazione di dimensioni su ordinazione.","breadcrumb":{"@id":"https:\/\/svetslik.si\/it\/salvador-dali\/sentimental-colloquy\/#breadcrumb"},"inLanguage":"it-IT","potentialAction":[{"@type":"ReadAction","target":["https:\/\/svetslik.si\/it\/salvador-dali\/sentimental-colloquy\/"]}]},{"@type":"ImageObject","inLanguage":"it-IT","@id":"https:\/\/svetslik.si\/it\/salvador-dali\/sentimental-colloquy\/#primaryimage","url":"https:\/\/svetslik.si\/wp-content\/uploads\/2021\/08\/image_Sentimental-Colloquy_680.jpg","contentUrl":"https:\/\/svetslik.si\/wp-content\/uploads\/2021\/08\/image_Sentimental-Colloquy_680.jpg","width":1240,"height":668,"caption":"Salvador Dali - Sentimental Colloquy - Reproduzioni dipinte a mano di famosi pittori, quadri moderni per pareti, quadri artistici per parete"},{"@type":"BreadcrumbList","@id":"https:\/\/svetslik.si\/it\/salvador-dali\/sentimental-colloquy\/#breadcrumb","itemListElement":[{"@type":"ListItem","position":1,"name":"Fali m\u0171v\u00e9szet \u00e9s festm\u00e9nyek v\u00e1szonra","item":"https:\/\/svetslik.si\/it\/"},{"@type":"ListItem","position":2,"name":"Vendita di dipinti","item":"https:\/\/svetslik.si\/prodaja-slik\/"},{"@type":"ListItem","position":3,"name":"Salvador Dali &#8211; Sentimental Colloquy"}]},{"@type":"WebSite","@id":"https:\/\/svetslik.si\/it\/#website","url":"https:\/\/svetslik.si\/it\/","name":"SVETSLIK.SI","description":"100% riproduzioni dipinte a mano di quadri di pittori famosi e dipinti su tela.","publisher":{"@id":"https:\/\/svetslik.si\/it\/#organization"},"potentialAction":[{"@type":"SearchAction","target":{"@type":"EntryPoint","urlTemplate":"https:\/\/svetslik.si\/it\/?s={search_term_string}"},"query-input":{"@type":"PropertyValueSpecification","valueRequired":true,"valueName":"search_term_string"}}],"inLanguage":"it-IT"},{"@type":"Organization","@id":"https:\/\/svetslik.si\/it\/#organization","name":"SvetSlik.si","url":"https:\/\/svetslik.si\/it\/","logo":{"@type":"ImageObject","inLanguage":"it-IT","@id":"https:\/\/svetslik.si\/it\/#\/schema\/logo\/image\/","url":"https:\/\/svetslik.si\/wp-content\/uploads\/2020\/12\/logo-512.png","contentUrl":"https:\/\/svetslik.si\/wp-content\/uploads\/2020\/12\/logo-512.png","width":512,"height":512,"caption":"SvetSlik.si"},"image":{"@id":"https:\/\/svetslik.si\/it\/#\/schema\/logo\/image\/"},"sameAs":["https:\/\/www.facebook.com\/svetslik.si","https:\/\/x.com\/svetslik","https:\/\/www.instagram.com\/svetslik.si\/","https:\/\/www.linkedin.com\/company\/svetslik-si"]}]},"og_availability":"backorder","product_availability":"available for order","product_retailer_item_id":"354__","product_condition":"new"},"jetpack_sharing_enabled":true,"_links":{"self":[{"href":"https:\/\/svetslik.si\/it\/wp-json\/wp\/v2\/product\/41894","targetHints":{"allow":["GET"]}}],"collection":[{"href":"https:\/\/svetslik.si\/it\/wp-json\/wp\/v2\/product"}],"about":[{"href":"https:\/\/svetslik.si\/it\/wp-json\/wp\/v2\/types\/product"}],"wp:featuredmedia":[{"embeddable":true,"href":"https:\/\/svetslik.si\/it\/wp-json\/wp\/v2\/media\/35555"}],"wp:attachment":[{"href":"https:\/\/svetslik.si\/it\/wp-json\/wp\/v2\/media?parent=41894"}],"wp:term":[{"taxonomy":"product_brand","embeddable":true,"href":"https:\/\/svetslik.si\/it\/wp-json\/wp\/v2\/product_brand?post=41894"},{"taxonomy":"product_cat","embeddable":true,"href":"https:\/\/svetslik.si\/it\/wp-json\/wp\/v2\/product_cat?post=41894"},{"taxonomy":"product_tag","embeddable":true,"href":"https:\/\/svetslik.si\/it\/wp-json\/wp\/v2\/product_tag?post=41894"}],"curies":[{"name":"wp","href":"https:\/\/api.w.org\/{rel}","templated":true}]}}