{"id":42083,"date":"2021-09-02T18:09:36","date_gmt":"2021-09-02T16:09:36","guid":{"rendered":"https:\/\/svetslik.si\/senza-categoria\/girl-of-ampurdan\/"},"modified":"2026-03-22T22:21:37","modified_gmt":"2026-03-22T21:21:37","slug":"girl-of-ampurdan","status":"publish","type":"product","link":"https:\/\/svetslik.si\/it\/salvador-dali\/girl-of-ampurdan\/","title":{"rendered":"Salvador Dali &#8211; Girl of Ampurdan"},"content":{"rendered":"<h1>Salvador Dali &#8211; Ragazza di Ampurdan<\/h1>\n<p>&nbsp;<\/p>\n<table border=\"0\" width=\"673\" cellspacing=\"0\" cellpadding=\"0\">\n<tr>\n<td height=\"21\">Anno di creazione:<\/td>\n<td style=\"width: 493px\">1926<\/td>\n<\/tr>\n<tr>\n<td height=\"21\">Dimensione originale:<\/td>\n<td style=\"width: 493px\">40 cm x 51 cm<\/td>\n<\/tr>\n<tr>\n<td height=\"21\">Stile colore:<\/td>\n<td style=\"width: 493px\">Realismo<\/td>\n<\/tr>\n<tr>\n<td height=\"21\">Tecnica originale:<\/td>\n<td>Olio su tela<\/td>\n<\/tr>\n<tr>\n<td height=\"21\">Situato:<\/td>\n<td>Museo Salvador Dal\u00ec, St. Petersburgh, Florida<\/td>\n<\/tr>\n<\/tbody>\n<colgroup>\n<col \/>\n<col \/> <\/colgroup>\n<\/table>\n<p>La ragazza di Ampurdan di Salvador Dali \u00e8 un dipinto straordinario e unico che mette in mostra lo stile caratteristico dell&#8217;artista e l&#8217;uso del surrealismo. Il dipinto mostra una giovane donna vestita con abiti tradizionali spagnoli seduta in un paesaggio surreale. Lo sfondo \u00e8 riempito con un mix di forme geometriche e colori audaci, mentre il viso e il corpo della ragazza sono resi in uno stile pi\u00f9 realistico.<\/p>\n<p>Uno degli elementi pi\u00f9 sorprendenti dell&#8217;immagine \u00e8 la posa della ragazza e il modo in cui sembra guardare fuori dall&#8217;immagine. Ci\u00f2 conferisce all&#8217;immagine un senso di movimento ed energia e crea un senso di connessione tra lo spettatore e il soggetto.<\/p>\n<p>L&#8217;uso di Dal\u00ed di colori audaci e forme geometriche sullo sfondo servono a creare un senso di profondit\u00e0 e movimento nel dipinto. Il contrasto tra lo stile realistico della figura della ragazza e lo sfondo pi\u00f9 astratto crea un senso di tensione e drammaticit\u00e0 nell&#8217;immagine.<\/p>\n<p>Il dipinto rappresenta l&#8217;esplorazione di Dal\u00ed della psiche umana e del subconscio. Le immagini nel dipinto sono simboliche, un tema comune nelle opere di Dal\u00ed; la ragazza rappresenta la purezza ei valori tradizionali, mentre lo sfondo rappresenta la modernit\u00e0 e il caos.<\/p>\n<p>&#8220;La ragazza di Ampurdan&#8221; \u00e8 considerata una delle opere pi\u00f9 importanti di Dal\u00ed ed \u00e8 considerata un capolavoro del Surrealismo. \u00c8 un&#8217;immagine che sicuramente affasciner\u00e0 e ispirer\u00e0 il pubblico con la sua miscela unica di realismo e surrealismo e l&#8217;esplorazione della psiche umana. Il dipinto \u00e8 attualmente in mostra al Museo Salvador Dali di San Pietroburgo, in Florida.<\/p>\n<p>In breve, &#8220;La ragazza di Ampurdan&#8221; di Salvador Dal\u00ed \u00e8 un dipinto che riflette l&#8217;essenza della visione e dello stile unici dell&#8217;artista. Le sue immagini potenti e l&#8217;uso di colori e forme audaci creano un senso di movimento e drammaticit\u00e0, e la sua esplorazione della psiche umana rende questa opera d&#8217;arte stimolante e stimolante. Se hai la possibilit\u00e0 di vederlo, vale sicuramente la pena visitarlo in quanto \u00e8 una delle opere pi\u00f9 importanti dell&#8217;artista e del movimento surrealista in generale.<\/p>\n","protected":false},"excerpt":{"rendered":"<p>Salvador Dali &#8211; Ragazza di Ampurdan &nbsp; Anno di creazione: 1926 Dimensione originale: 40 cm x 51 cm Stile colore: Realismo Tecnica originale: Olio su tela Situato: Museo Salvador Dal\u00ec, St. Petersburgh, Florida La ragazza di Ampurdan di Salvador Dali \u00e8 un dipinto straordinario e unico che mette in mostra [&hellip;]<\/p>\n","protected":false},"featured_media":35183,"template":"","meta":{"_acf_changed":false},"product_brand":[],"product_cat":[4205],"product_tag":[4213,4245,4246,4251,4253],"class_list":{"0":"post-42083","1":"product","2":"type-product","3":"status-publish","4":"has-post-thumbnail","6":"product_cat-salvador-dali","7":"product_tag-dali-it","8":"product_tag-riproduzione","9":"product_tag-riproduzione-it","10":"product_tag-salvador-dali-it","11":"product_tag-un-pittore","12":"pa_dimenzija-100-x-130-cm","13":"pa_dimenzija-120-x-150-cm","14":"pa_dimenzija-150-x-190-cm","15":"pa_dimenzija-40-x-51-cm","16":"pa_dimenzija-50-x-60-cm","17":"pa_dimenzija-60-x-80-cm","18":"pa_dimenzija-70-x-90-cm","19":"pa_dimenzija-80-x-100-cm","20":"pa_oblika-verticale","21":"pa_okvir-sensa-cornice","22":"pa_podokvir-no","23":"pa_podokvir-si","25":"first","26":"onbackorder","27":"purchasable","28":"product-type-variable","29":"has-default-attributes"},"acf":[],"yoast_head":"<!-- This site is optimized with the Yoast SEO Premium plugin v26.0 (Yoast SEO v27.2) - https:\/\/yoast.com\/product\/yoast-seo-premium-wordpress\/ -->\n<title>Salvador Dali - Girl of Ampurdan - SVETSLIK.SI - Dipinto al 100% fatto a mano<\/title>\n<meta name=\"description\" content=\"Salvador Dali - Girl of Ampurdan - Riproduzioni di quadri d&#039;arte al 100% dipinti a mano su tela. Cornici per quadri, vendita e realizzazione di dimensioni su ordinazione.\" \/>\n<meta name=\"robots\" content=\"index, follow, max-snippet:-1, max-image-preview:large, max-video-preview:-1\" \/>\n<link rel=\"canonical\" href=\"https:\/\/svetslik.si\/it\/salvador-dali\/girl-of-ampurdan\/\" \/>\n<meta property=\"og:locale\" content=\"it_IT\" \/>\n<meta property=\"og:type\" content=\"article\" \/>\n<meta property=\"og:title\" content=\"Salvador Dali - Girl of Ampurdan\" \/>\n<meta property=\"og:description\" content=\"100% ro\u010dno naslikane slike na platnu, reprodukcije znanih slikarjev in umetni\u0161ke slike po naro\u010dilu.\" \/>\n<meta property=\"og:url\" content=\"https:\/\/svetslik.si\/it\/salvador-dali\/girl-of-ampurdan\/\" \/>\n<meta property=\"og:site_name\" content=\"SVETSLIK.SI\" \/>\n<meta property=\"article:publisher\" content=\"https:\/\/www.facebook.com\/svetslik.si\" \/>\n<meta property=\"article:modified_time\" content=\"2026-03-22T21:21:37+00:00\" \/>\n<meta property=\"og:image\" content=\"https:\/\/svetslik.si\/wp-content\/uploads\/2021\/08\/image_Girl-of-Ampurdan_680.jpg\" \/>\n\t<meta property=\"og:image:width\" content=\"1595\" \/>\n\t<meta property=\"og:image:height\" content=\"2048\" \/>\n\t<meta property=\"og:image:type\" content=\"image\/jpeg\" \/>\n<meta name=\"twitter:card\" content=\"summary_large_image\" \/>\n<meta name=\"twitter:site\" content=\"@svetslik\" \/>\n<meta name=\"twitter:label1\" content=\"Disponibilit\u00e0\" \/>\n\t<meta name=\"twitter:data1\" content=\"Su ordinazione\" \/>\n<script type=\"application\/ld+json\" class=\"yoast-schema-graph\">{\"@context\":\"https:\/\/schema.org\",\"@graph\":[{\"@type\":[\"WebPage\",\"ItemPage\"],\"@id\":\"https:\/\/svetslik.si\/it\/salvador-dali\/girl-of-ampurdan\/\",\"url\":\"https:\/\/svetslik.si\/it\/salvador-dali\/girl-of-ampurdan\/\",\"name\":\"Salvador Dali - Girl of Ampurdan - SVETSLIK.SI - Dipinto al 100% fatto a mano\",\"isPartOf\":{\"@id\":\"https:\/\/svetslik.si\/it\/#website\"},\"primaryImageOfPage\":{\"@id\":\"https:\/\/svetslik.si\/it\/salvador-dali\/girl-of-ampurdan\/#primaryimage\"},\"image\":{\"@id\":\"https:\/\/svetslik.si\/it\/salvador-dali\/girl-of-ampurdan\/#primaryimage\"},\"thumbnailUrl\":\"https:\/\/svetslik.si\/wp-content\/uploads\/2021\/08\/image_Girl-of-Ampurdan_680.jpg\",\"datePublished\":\"2021-09-02T16:09:36+00:00\",\"dateModified\":\"2026-03-22T21:21:37+00:00\",\"description\":\"Salvador Dali - Girl of Ampurdan - Riproduzioni di quadri d'arte al 100% dipinti a mano su tela. Cornici per quadri, vendita e realizzazione di dimensioni su ordinazione.\",\"breadcrumb\":{\"@id\":\"https:\/\/svetslik.si\/it\/salvador-dali\/girl-of-ampurdan\/#breadcrumb\"},\"inLanguage\":\"it-IT\",\"potentialAction\":[{\"@type\":\"ReadAction\",\"target\":[\"https:\/\/svetslik.si\/it\/salvador-dali\/girl-of-ampurdan\/\"]}]},{\"@type\":\"ImageObject\",\"inLanguage\":\"it-IT\",\"@id\":\"https:\/\/svetslik.si\/it\/salvador-dali\/girl-of-ampurdan\/#primaryimage\",\"url\":\"https:\/\/svetslik.si\/wp-content\/uploads\/2021\/08\/image_Girl-of-Ampurdan_680.jpg\",\"contentUrl\":\"https:\/\/svetslik.si\/wp-content\/uploads\/2021\/08\/image_Girl-of-Ampurdan_680.jpg\",\"width\":1595,\"height\":2048,\"caption\":\"Quadri riproduzioni - Salvador Dali - Girl of Ampurdan - Dipinti a mano, riproduzioni di dipinti di artisti famosi, olio su tela, quadri ad olio, quadri moderni, quadri artistici da appendere, quadri ambientali, astratti, decorativi\"},{\"@type\":\"BreadcrumbList\",\"@id\":\"https:\/\/svetslik.si\/it\/salvador-dali\/girl-of-ampurdan\/#breadcrumb\",\"itemListElement\":[{\"@type\":\"ListItem\",\"position\":1,\"name\":\"Fali m\u0171v\u00e9szet \u00e9s festm\u00e9nyek v\u00e1szonra\",\"item\":\"https:\/\/svetslik.si\/it\/\"},{\"@type\":\"ListItem\",\"position\":2,\"name\":\"Vendita di dipinti\",\"item\":\"https:\/\/svetslik.si\/prodaja-slik\/\"},{\"@type\":\"ListItem\",\"position\":3,\"name\":\"Salvador Dali &#8211; Girl of Ampurdan\"}]},{\"@type\":\"WebSite\",\"@id\":\"https:\/\/svetslik.si\/it\/#website\",\"url\":\"https:\/\/svetslik.si\/it\/\",\"name\":\"SVETSLIK.SI\",\"description\":\"100% riproduzioni dipinte a mano di quadri di pittori famosi e dipinti su tela.\",\"publisher\":{\"@id\":\"https:\/\/svetslik.si\/it\/#organization\"},\"potentialAction\":[{\"@type\":\"SearchAction\",\"target\":{\"@type\":\"EntryPoint\",\"urlTemplate\":\"https:\/\/svetslik.si\/it\/?s={search_term_string}\"},\"query-input\":{\"@type\":\"PropertyValueSpecification\",\"valueRequired\":true,\"valueName\":\"search_term_string\"}}],\"inLanguage\":\"it-IT\"},{\"@type\":\"Organization\",\"@id\":\"https:\/\/svetslik.si\/it\/#organization\",\"name\":\"SvetSlik.si\",\"url\":\"https:\/\/svetslik.si\/it\/\",\"logo\":{\"@type\":\"ImageObject\",\"inLanguage\":\"it-IT\",\"@id\":\"https:\/\/svetslik.si\/it\/#\/schema\/logo\/image\/\",\"url\":\"https:\/\/svetslik.si\/wp-content\/uploads\/2020\/12\/logo-512.png\",\"contentUrl\":\"https:\/\/svetslik.si\/wp-content\/uploads\/2020\/12\/logo-512.png\",\"width\":512,\"height\":512,\"caption\":\"SvetSlik.si\"},\"image\":{\"@id\":\"https:\/\/svetslik.si\/it\/#\/schema\/logo\/image\/\"},\"sameAs\":[\"https:\/\/www.facebook.com\/svetslik.si\",\"https:\/\/x.com\/svetslik\",\"https:\/\/www.instagram.com\/svetslik.si\/\",\"https:\/\/www.linkedin.com\/company\/svetslik-si\"]}]}<\/script>\n<meta property=\"og:availability\" content=\"backorder\" \/>\n<meta property=\"product:availability\" content=\"available for order\" \/>\n<meta property=\"product:retailer_item_id\" content=\"439__\" \/>\n<meta property=\"product:condition\" content=\"new\" \/>\n<!-- \/ Yoast SEO Premium plugin. -->","yoast_head_json":{"title":"Salvador Dali - Girl of Ampurdan - SVETSLIK.SI - Dipinto al 100% fatto a mano","description":"Salvador Dali - Girl of Ampurdan - Riproduzioni di quadri d'arte al 100% dipinti a mano su tela. Cornici per quadri, vendita e realizzazione di dimensioni su ordinazione.","robots":{"index":"index","follow":"follow","max-snippet":"max-snippet:-1","max-image-preview":"max-image-preview:large","max-video-preview":"max-video-preview:-1"},"canonical":"https:\/\/svetslik.si\/it\/salvador-dali\/girl-of-ampurdan\/","og_locale":"it_IT","og_type":"article","og_title":"Salvador Dali - Girl of Ampurdan","og_description":"100% ro\u010dno naslikane slike na platnu, reprodukcije znanih slikarjev in umetni\u0161ke slike po naro\u010dilu.","og_url":"https:\/\/svetslik.si\/it\/salvador-dali\/girl-of-ampurdan\/","og_site_name":"SVETSLIK.SI","article_publisher":"https:\/\/www.facebook.com\/svetslik.si","article_modified_time":"2026-03-22T21:21:37+00:00","og_image":[{"width":1595,"height":2048,"url":"https:\/\/svetslik.si\/wp-content\/uploads\/2021\/08\/image_Girl-of-Ampurdan_680.jpg","type":"image\/jpeg"}],"twitter_card":"summary_large_image","twitter_site":"@svetslik","twitter_misc":{"Disponibilit\u00e0":"Su ordinazione"},"schema":{"@context":"https:\/\/schema.org","@graph":[{"@type":["WebPage","ItemPage"],"@id":"https:\/\/svetslik.si\/it\/salvador-dali\/girl-of-ampurdan\/","url":"https:\/\/svetslik.si\/it\/salvador-dali\/girl-of-ampurdan\/","name":"Salvador Dali - Girl of Ampurdan - SVETSLIK.SI - Dipinto al 100% fatto a mano","isPartOf":{"@id":"https:\/\/svetslik.si\/it\/#website"},"primaryImageOfPage":{"@id":"https:\/\/svetslik.si\/it\/salvador-dali\/girl-of-ampurdan\/#primaryimage"},"image":{"@id":"https:\/\/svetslik.si\/it\/salvador-dali\/girl-of-ampurdan\/#primaryimage"},"thumbnailUrl":"https:\/\/svetslik.si\/wp-content\/uploads\/2021\/08\/image_Girl-of-Ampurdan_680.jpg","datePublished":"2021-09-02T16:09:36+00:00","dateModified":"2026-03-22T21:21:37+00:00","description":"Salvador Dali - Girl of Ampurdan - Riproduzioni di quadri d'arte al 100% dipinti a mano su tela. Cornici per quadri, vendita e realizzazione di dimensioni su ordinazione.","breadcrumb":{"@id":"https:\/\/svetslik.si\/it\/salvador-dali\/girl-of-ampurdan\/#breadcrumb"},"inLanguage":"it-IT","potentialAction":[{"@type":"ReadAction","target":["https:\/\/svetslik.si\/it\/salvador-dali\/girl-of-ampurdan\/"]}]},{"@type":"ImageObject","inLanguage":"it-IT","@id":"https:\/\/svetslik.si\/it\/salvador-dali\/girl-of-ampurdan\/#primaryimage","url":"https:\/\/svetslik.si\/wp-content\/uploads\/2021\/08\/image_Girl-of-Ampurdan_680.jpg","contentUrl":"https:\/\/svetslik.si\/wp-content\/uploads\/2021\/08\/image_Girl-of-Ampurdan_680.jpg","width":1595,"height":2048,"caption":"Quadri riproduzioni - Salvador Dali - Girl of Ampurdan - Dipinti a mano, riproduzioni di dipinti di artisti famosi, olio su tela, quadri ad olio, quadri moderni, quadri artistici da appendere, quadri ambientali, astratti, decorativi"},{"@type":"BreadcrumbList","@id":"https:\/\/svetslik.si\/it\/salvador-dali\/girl-of-ampurdan\/#breadcrumb","itemListElement":[{"@type":"ListItem","position":1,"name":"Fali m\u0171v\u00e9szet \u00e9s festm\u00e9nyek v\u00e1szonra","item":"https:\/\/svetslik.si\/it\/"},{"@type":"ListItem","position":2,"name":"Vendita di dipinti","item":"https:\/\/svetslik.si\/prodaja-slik\/"},{"@type":"ListItem","position":3,"name":"Salvador Dali &#8211; Girl of Ampurdan"}]},{"@type":"WebSite","@id":"https:\/\/svetslik.si\/it\/#website","url":"https:\/\/svetslik.si\/it\/","name":"SVETSLIK.SI","description":"100% riproduzioni dipinte a mano di quadri di pittori famosi e dipinti su tela.","publisher":{"@id":"https:\/\/svetslik.si\/it\/#organization"},"potentialAction":[{"@type":"SearchAction","target":{"@type":"EntryPoint","urlTemplate":"https:\/\/svetslik.si\/it\/?s={search_term_string}"},"query-input":{"@type":"PropertyValueSpecification","valueRequired":true,"valueName":"search_term_string"}}],"inLanguage":"it-IT"},{"@type":"Organization","@id":"https:\/\/svetslik.si\/it\/#organization","name":"SvetSlik.si","url":"https:\/\/svetslik.si\/it\/","logo":{"@type":"ImageObject","inLanguage":"it-IT","@id":"https:\/\/svetslik.si\/it\/#\/schema\/logo\/image\/","url":"https:\/\/svetslik.si\/wp-content\/uploads\/2020\/12\/logo-512.png","contentUrl":"https:\/\/svetslik.si\/wp-content\/uploads\/2020\/12\/logo-512.png","width":512,"height":512,"caption":"SvetSlik.si"},"image":{"@id":"https:\/\/svetslik.si\/it\/#\/schema\/logo\/image\/"},"sameAs":["https:\/\/www.facebook.com\/svetslik.si","https:\/\/x.com\/svetslik","https:\/\/www.instagram.com\/svetslik.si\/","https:\/\/www.linkedin.com\/company\/svetslik-si"]}]},"og_availability":"backorder","product_availability":"available for order","product_retailer_item_id":"439__","product_condition":"new"},"jetpack_sharing_enabled":true,"_links":{"self":[{"href":"https:\/\/svetslik.si\/it\/wp-json\/wp\/v2\/product\/42083","targetHints":{"allow":["GET"]}}],"collection":[{"href":"https:\/\/svetslik.si\/it\/wp-json\/wp\/v2\/product"}],"about":[{"href":"https:\/\/svetslik.si\/it\/wp-json\/wp\/v2\/types\/product"}],"wp:featuredmedia":[{"embeddable":true,"href":"https:\/\/svetslik.si\/it\/wp-json\/wp\/v2\/media\/35183"}],"wp:attachment":[{"href":"https:\/\/svetslik.si\/it\/wp-json\/wp\/v2\/media?parent=42083"}],"wp:term":[{"taxonomy":"product_brand","embeddable":true,"href":"https:\/\/svetslik.si\/it\/wp-json\/wp\/v2\/product_brand?post=42083"},{"taxonomy":"product_cat","embeddable":true,"href":"https:\/\/svetslik.si\/it\/wp-json\/wp\/v2\/product_cat?post=42083"},{"taxonomy":"product_tag","embeddable":true,"href":"https:\/\/svetslik.si\/it\/wp-json\/wp\/v2\/product_tag?post=42083"}],"curies":[{"name":"wp","href":"https:\/\/api.w.org\/{rel}","templated":true}]}}