{"id":42119,"date":"2021-09-02T18:10:09","date_gmt":"2021-09-02T16:10:09","guid":{"rendered":"https:\/\/svetslik.si\/senza-categoria\/galatea-of-the-spheres\/"},"modified":"2026-03-22T22:22:21","modified_gmt":"2026-03-22T21:22:21","slug":"galatea-of-the-spheres","status":"publish","type":"product","link":"https:\/\/svetslik.si\/it\/salvador-dali\/galatea-of-the-spheres\/","title":{"rendered":"Salvador Dali &#8211; Galatea of the Spheres"},"content":{"rendered":"<div class=\"wpb-content-wrapper\">[vc_row css=&#8221;.vc_custom_1727347094302{margin-bottom: 5px !important;}&#8221;][vc_column]\t<div class=\"et-image-79 et-image     et_image_link\">\n\t\t<div class=\"et-image-inner \">\n\t\t\t\t\t\t\t<div class=\"et-image-thumb \">\n\t\t\t\t\t<img decoding=\"async\" width=\"1000\" height=\"1386\" src=\"https:\/\/svetslik.si\/wp-content\/uploads\/2021\/09\/Salvador-Dali-Galatea-of-the-Spheres-reprodukcija-umetniske-slike.jpg\" class=\"attachment-full\" alt=\"Salvador Dali - Galatea of the Spheres\" title=\"Salvador Dali - Galatea of the Spheres\" srcset=\"https:\/\/svetslik.si\/wp-content\/uploads\/2021\/09\/Salvador-Dali-Galatea-of-the-Spheres-reprodukcija-umetniske-slike.jpg 1000w, https:\/\/svetslik.si\/wp-content\/uploads\/2021\/09\/Salvador-Dali-Galatea-of-the-Spheres-reprodukcija-umetniske-slike-600x832.jpg 600w, https:\/\/svetslik.si\/wp-content\/uploads\/2021\/09\/Salvador-Dali-Galatea-of-the-Spheres-reprodukcija-umetniske-slike-216x300.jpg 216w, https:\/\/svetslik.si\/wp-content\/uploads\/2021\/09\/Salvador-Dali-Galatea-of-the-Spheres-reprodukcija-umetniske-slike-739x1024.jpg 739w, https:\/\/svetslik.si\/wp-content\/uploads\/2021\/09\/Salvador-Dali-Galatea-of-the-Spheres-reprodukcija-umetniske-slike-768x1064.jpg 768w, https:\/\/svetslik.si\/wp-content\/uploads\/2021\/09\/Salvador-Dali-Galatea-of-the-Spheres-reprodukcija-umetniske-slike-108x150.jpg 108w, https:\/\/svetslik.si\/wp-content\/uploads\/2021\/09\/Salvador-Dali-Galatea-of-the-Spheres-reprodukcija-umetniske-slike-900x1247.jpg 900w\" sizes=\"(max-width: 1000px) 100vw, 1000px\" \/>\t\t\t\t<\/div>\n\t\t\t\t\t\t\t\t\t\t\t<\/div>\n\t<\/div>\n  [\/vc_column][\/vc_row][vc_row css=&#8221;.vc_custom_1727347094302{margin-bottom: 5px !important;}&#8221;][vc_column]\t<div class=\"et-image-516 et-image     et_image_link\">\n\t\t<div class=\"et-image-inner \">\n\t\t\t\t\t\t\t<div class=\"et-image-thumb \">\n\t\t\t\t\t<img decoding=\"async\" width=\"1000\" height=\"1597\" src=\"https:\/\/svetslik.si\/wp-content\/uploads\/2021\/09\/Salvador-Dali-Galatea-of-the-Spheres-reprodukcija-umetniske-slike-2.jpg\" class=\"attachment-full\" alt=\"Salvador Dali - Galatea of the Spheres\" title=\"Salvador Dali - Galatea of the Spheres\" srcset=\"https:\/\/svetslik.si\/wp-content\/uploads\/2021\/09\/Salvador-Dali-Galatea-of-the-Spheres-reprodukcija-umetniske-slike-2.jpg 1000w, https:\/\/svetslik.si\/wp-content\/uploads\/2021\/09\/Salvador-Dali-Galatea-of-the-Spheres-reprodukcija-umetniske-slike-2-600x958.jpg 600w, https:\/\/svetslik.si\/wp-content\/uploads\/2021\/09\/Salvador-Dali-Galatea-of-the-Spheres-reprodukcija-umetniske-slike-2-188x300.jpg 188w, https:\/\/svetslik.si\/wp-content\/uploads\/2021\/09\/Salvador-Dali-Galatea-of-the-Spheres-reprodukcija-umetniske-slike-2-641x1024.jpg 641w, https:\/\/svetslik.si\/wp-content\/uploads\/2021\/09\/Salvador-Dali-Galatea-of-the-Spheres-reprodukcija-umetniske-slike-2-768x1226.jpg 768w, https:\/\/svetslik.si\/wp-content\/uploads\/2021\/09\/Salvador-Dali-Galatea-of-the-Spheres-reprodukcija-umetniske-slike-2-962x1536.jpg 962w, https:\/\/svetslik.si\/wp-content\/uploads\/2021\/09\/Salvador-Dali-Galatea-of-the-Spheres-reprodukcija-umetniske-slike-2-94x150.jpg 94w, https:\/\/svetslik.si\/wp-content\/uploads\/2021\/09\/Salvador-Dali-Galatea-of-the-Spheres-reprodukcija-umetniske-slike-2-900x1437.jpg 900w\" sizes=\"(max-width: 1000px) 100vw, 1000px\" \/>\t\t\t\t<\/div>\n\t\t\t\t\t\t\t\t\t\t\t<\/div>\n\t<\/div>\n  [\/vc_column][\/vc_row][vc_row css=&#8221;.vc_custom_1727347094302{margin-bottom: 5px !important;}&#8221;][vc_column]\t<div class=\"et-image-77 et-image     et_image_link\">\n\t\t<div class=\"et-image-inner \">\n\t\t\t\t\t\t\t<div class=\"et-image-thumb \">\n\t\t\t\t\t<img decoding=\"async\" width=\"1000\" height=\"1352\" src=\"https:\/\/svetslik.si\/wp-content\/uploads\/2021\/09\/Salvador-Dali-Galatea-of-the-Spheres-reprodukcija-umetniske-slike-3.jpg\" class=\"attachment-full\" alt=\"Salvador Dali - Galatea of the Spheres\" title=\"Salvador Dali - Galatea of the Spheres\" srcset=\"https:\/\/svetslik.si\/wp-content\/uploads\/2021\/09\/Salvador-Dali-Galatea-of-the-Spheres-reprodukcija-umetniske-slike-3.jpg 1000w, https:\/\/svetslik.si\/wp-content\/uploads\/2021\/09\/Salvador-Dali-Galatea-of-the-Spheres-reprodukcija-umetniske-slike-3-600x811.jpg 600w, https:\/\/svetslik.si\/wp-content\/uploads\/2021\/09\/Salvador-Dali-Galatea-of-the-Spheres-reprodukcija-umetniske-slike-3-222x300.jpg 222w, https:\/\/svetslik.si\/wp-content\/uploads\/2021\/09\/Salvador-Dali-Galatea-of-the-Spheres-reprodukcija-umetniske-slike-3-757x1024.jpg 757w, https:\/\/svetslik.si\/wp-content\/uploads\/2021\/09\/Salvador-Dali-Galatea-of-the-Spheres-reprodukcija-umetniske-slike-3-768x1038.jpg 768w, https:\/\/svetslik.si\/wp-content\/uploads\/2021\/09\/Salvador-Dali-Galatea-of-the-Spheres-reprodukcija-umetniske-slike-3-111x150.jpg 111w, https:\/\/svetslik.si\/wp-content\/uploads\/2021\/09\/Salvador-Dali-Galatea-of-the-Spheres-reprodukcija-umetniske-slike-3-900x1217.jpg 900w\" sizes=\"(max-width: 1000px) 100vw, 1000px\" \/>\t\t\t\t<\/div>\n\t\t\t\t\t\t\t\t\t\t\t<\/div>\n\t<\/div>\n  [\/vc_column][\/vc_row][vc_row css=&#8221;.vc_custom_1727347094302{margin-bottom: 5px !important;}&#8221;][vc_column]\t<div class=\"et-image-340 et-image     et_image_link\">\n\t\t<div class=\"et-image-inner \">\n\t\t\t\t\t\t\t<div class=\"et-image-thumb \">\n\t\t\t\t\t<img decoding=\"async\" width=\"1000\" height=\"722\" src=\"https:\/\/svetslik.si\/wp-content\/uploads\/2021\/09\/Salvador-Dali-Galatea-of-the-Spheres-reprodukcija-umetniske-slike-4.jpg\" class=\"attachment-full\" alt=\"Salvador Dali - Galatea of the Spheres\" title=\"Salvador Dali - Galatea of the Spheres\" srcset=\"https:\/\/svetslik.si\/wp-content\/uploads\/2021\/09\/Salvador-Dali-Galatea-of-the-Spheres-reprodukcija-umetniske-slike-4.jpg 1000w, https:\/\/svetslik.si\/wp-content\/uploads\/2021\/09\/Salvador-Dali-Galatea-of-the-Spheres-reprodukcija-umetniske-slike-4-600x433.jpg 600w, https:\/\/svetslik.si\/wp-content\/uploads\/2021\/09\/Salvador-Dali-Galatea-of-the-Spheres-reprodukcija-umetniske-slike-4-300x217.jpg 300w, https:\/\/svetslik.si\/wp-content\/uploads\/2021\/09\/Salvador-Dali-Galatea-of-the-Spheres-reprodukcija-umetniske-slike-4-768x554.jpg 768w, https:\/\/svetslik.si\/wp-content\/uploads\/2021\/09\/Salvador-Dali-Galatea-of-the-Spheres-reprodukcija-umetniske-slike-4-150x108.jpg 150w, https:\/\/svetslik.si\/wp-content\/uploads\/2021\/09\/Salvador-Dali-Galatea-of-the-Spheres-reprodukcija-umetniske-slike-4-900x650.jpg 900w\" sizes=\"(max-width: 1000px) 100vw, 1000px\" \/>\t\t\t\t<\/div>\n\t\t\t\t\t\t\t\t\t\t\t<\/div>\n\t<\/div>\n  [\/vc_column][\/vc_row][vc_row][vc_column][vc_column_text]\n<h1>Salvador Dal\u00ec &#8211; Galatea delle Sfere<\/h1>\n<p>&nbsp;<\/p>\n<table style=\"width: 673px;\" border=\"0\" width=\"673\" cellspacing=\"0\" cellpadding=\"0\">\n<tbody>\n<tr>\n<td style=\"width: 180px; height: 21px;\" height=\"21\">Anno di creazione:<\/td>\n<td style=\"width: 493px;\">1952<\/td>\n<\/tr>\n<tr>\n<td style=\"width: 180px; height: 21px;\" height=\"21\">Dimensioni originali:<\/td>\n<td style=\"width: 493px;\">45 cm x 65 cm<\/td>\n<\/tr>\n<tr>\n<td style=\"width: 180px; height: 21px;\" height=\"21\">Stile pittura:<\/td>\n<td>\n<div>\n<div>\n<div>\n<div>\n<div>Surrealismo<\/div>\n<\/div>\n<\/div>\n<\/div>\n<\/div>\n<\/td>\n<\/tr>\n<tr>\n<td style=\"width: 180px; height: 21px;\" height=\"21\">Tecnica originale:<\/td>\n<td>Olio su tela<\/td>\n<\/tr>\n<tr>\n<td style=\"width: 180px; height: 21px;\" height=\"21\">Situato:<\/td>\n<td>Figueras, Spagna<\/td>\n<\/tr>\n<\/tbody>\n<colgroup>\n<col \/>\n<col \/> <\/colgroup>\n<\/table>\n<p>Il dipinto di Salvador Dal\u00ed &#8220;Galatius with Spheres&#8221; \u00e8 un capolavoro che mette in mostra lo stile e la tecnica unici dell&#8217;artista. Il dipinto raffigura una scena surreale e onirica di una donna con una testa e un corpo sferici circondati da un paesaggio vorticoso di orologi che si sciolgono e altre forme astratte.<\/p>\n<p>Uno degli elementi pi\u00f9 sorprendenti di questo dipinto \u00e8 l&#8217;uso del simbolismo e della metafora da parte di Dal\u00ed. La testa sferica della donna conosciuta come Galatea si riferisce all&#8217;omonimo personaggio mitologico greco che si diceva fosse stato creato dalla schiuma del mare. Nella pittura di Dal\u00ed, la sfera rappresenta l&#8217;infinito e l&#8217;eternit\u00e0, mentre le ore che si sciolgono simboleggiano la fluidit\u00e0 del tempo e la caducit\u00e0 della vita.<\/p>\n<p>Un altro aspetto chiave di Galatea delle sfere \u00e8 l&#8217;uso del colore e della luce da parte di Dal\u00ed. Il dipinto \u00e8 caratterizzato da una tavolozza di colori vibranti e contrastanti con blu brillanti, gialli e rosa che flirtano con neri e grigi profondi. Anche l&#8217;uso della luce \u00e8 sorprendente, con il sole che splende sulla scena e proietta lunghe ombre sul paesaggio.<\/p>\n<p>Il dipinto \u00e8 considerato una delle opere pi\u00f9 iconiche di Dal\u00ed ed \u00e8 ampiamente riconosciuto come un capolavoro del Surrealismo. Attualmente \u00e8 in mostra al Museo Salvador Dali di San Pietroburgo, in Florida, dove continua ad affascinare e ispirare visitatori da tutto il mondo.<\/p>\n<p>Vale la pena notare che le opere di Dal\u00ed sono spesso riprodotte, ma possedere un originale avr\u00e0 molto pi\u00f9 valore di una riproduzione. Questo pu\u00f2 essere un investimento che aumenterebbe di valore nel tempo.<\/p>\n<p>In conclusione, &#8220;Galatea con sfere&#8221; di Salvador Dal\u00ec \u00e8 un dipinto che mostra la visione unica dell&#8217;artista e la padronanza dello stile surrealista. \u00c8 assolutamente da vedere per tutti gli amanti dell&#8217;arte e gli ammiratori dell&#8217;opera di Dal\u00ed per le sue straordinarie immagini, il simbolismo e l&#8217;uso del colore e della luce.<\/p>\n<\/div>","protected":false},"excerpt":{"rendered":"<p>[vc_row css=&#8221;.vc_custom_1727347094302{margin-bottom: 5px !important;}&#8221;][vc_column][\/vc_column][\/vc_row][vc_row css=&#8221;.vc_custom_1727347094302{margin-bottom: 5px !important;}&#8221;][vc_column][\/vc_column][\/vc_row][vc_row css=&#8221;.vc_custom_1727347094302{margin-bottom: 5px !important;}&#8221;][vc_column][\/vc_column][\/vc_row][vc_row css=&#8221;.vc_custom_1727347094302{margin-bottom: 5px !important;}&#8221;][vc_column][\/vc_column][\/vc_row][vc_row][vc_column][vc_column_text] Salvador Dal\u00ec &#8211; Galatea delle Sfere &nbsp; Anno di creazione: 1952 Dimensioni originali: 45 cm x 65 cm Stile pittura: Surrealismo Tecnica originale: Olio su tela Situato: Figueras, Spagna Il dipinto di Salvador Dal\u00ed &#8220;Galatius with Spheres&#8221; [&hellip;]<\/p>\n","protected":false},"featured_media":35175,"template":"","meta":{"_acf_changed":false},"product_brand":[],"product_cat":[4205],"product_tag":[4213,4245,4246,4251,4253],"class_list":{"0":"post-42119","1":"product","2":"type-product","3":"status-publish","4":"has-post-thumbnail","6":"product_cat-salvador-dali","7":"product_tag-dali-it","8":"product_tag-riproduzione","9":"product_tag-riproduzione-it","10":"product_tag-salvador-dali-it","11":"product_tag-un-pittore","12":"pa_dimenzija-110-x-160-cm","13":"pa_dimenzija-130-x-190-cm","14":"pa_dimenzija-150-x-220-cm","15":"pa_dimenzija-45-x-65-cm","16":"pa_dimenzija-60-x-90-cm","17":"pa_dimenzija-70-x-100-cm","18":"pa_dimenzija-80-x-120-cm","19":"pa_dimenzija-90-x-130-cm","20":"pa_oblika-verticale","21":"pa_okvir-sensa-cornice","22":"pa_podokvir-no","23":"pa_podokvir-si","25":"first","26":"onbackorder","27":"purchasable","28":"product-type-variable","29":"has-default-attributes"},"acf":[],"yoast_head":"<!-- This site is optimized with the Yoast SEO Premium plugin v26.0 (Yoast SEO v27.2) - https:\/\/yoast.com\/product\/yoast-seo-premium-wordpress\/ -->\n<title>Salvador Dali - Galatea of the Spheres - SVETSLIK.SI - Dipinto al 100% fatto a mano<\/title>\n<meta name=\"description\" content=\"Salvador Dali - Galatea of the Spheres - Riproduzioni di quadri d&#039;arte al 100% dipinti a mano su tela. Cornici per quadri, vendita e realizzazione di dimensioni su ordinazione.\" \/>\n<meta name=\"robots\" content=\"index, follow, max-snippet:-1, max-image-preview:large, max-video-preview:-1\" \/>\n<link rel=\"canonical\" href=\"https:\/\/svetslik.si\/it\/salvador-dali\/galatea-of-the-spheres\/\" \/>\n<meta property=\"og:locale\" content=\"it_IT\" \/>\n<meta property=\"og:type\" content=\"article\" \/>\n<meta property=\"og:title\" content=\"Salvador Dali - Galatea of the Spheres\" \/>\n<meta property=\"og:description\" content=\"100% ro\u010dno naslikane slike na platnu, reprodukcije znanih slikarjev in umetni\u0161ke slike po naro\u010dilu.\" \/>\n<meta property=\"og:url\" content=\"https:\/\/svetslik.si\/it\/salvador-dali\/galatea-of-the-spheres\/\" \/>\n<meta property=\"og:site_name\" content=\"SVETSLIK.SI\" \/>\n<meta property=\"article:publisher\" content=\"https:\/\/www.facebook.com\/svetslik.si\" \/>\n<meta property=\"article:modified_time\" content=\"2026-03-22T21:22:21+00:00\" \/>\n<meta property=\"og:image\" content=\"https:\/\/svetslik.si\/wp-content\/uploads\/2021\/08\/image_Galatea-of-the-Spheres_680.jpg\" \/>\n\t<meta property=\"og:image:width\" content=\"800\" \/>\n\t<meta property=\"og:image:height\" content=\"1047\" \/>\n\t<meta property=\"og:image:type\" content=\"image\/jpeg\" \/>\n<meta name=\"twitter:card\" content=\"summary_large_image\" \/>\n<meta name=\"twitter:site\" content=\"@svetslik\" \/>\n<meta name=\"twitter:label1\" content=\"Disponibilit\u00e0\" \/>\n\t<meta name=\"twitter:data1\" content=\"Su ordinazione\" \/>\n<script type=\"application\/ld+json\" class=\"yoast-schema-graph\">{\"@context\":\"https:\/\/schema.org\",\"@graph\":[{\"@type\":[\"WebPage\",\"ItemPage\"],\"@id\":\"https:\/\/svetslik.si\/it\/salvador-dali\/galatea-of-the-spheres\/\",\"url\":\"https:\/\/svetslik.si\/it\/salvador-dali\/galatea-of-the-spheres\/\",\"name\":\"Salvador Dali - Galatea of the Spheres - SVETSLIK.SI - Dipinto al 100% fatto a mano\",\"isPartOf\":{\"@id\":\"https:\/\/svetslik.si\/it\/#website\"},\"primaryImageOfPage\":{\"@id\":\"https:\/\/svetslik.si\/it\/salvador-dali\/galatea-of-the-spheres\/#primaryimage\"},\"image\":{\"@id\":\"https:\/\/svetslik.si\/it\/salvador-dali\/galatea-of-the-spheres\/#primaryimage\"},\"thumbnailUrl\":\"https:\/\/svetslik.si\/wp-content\/uploads\/2021\/08\/image_Galatea-of-the-Spheres_680.jpg\",\"datePublished\":\"2021-09-02T16:10:09+00:00\",\"dateModified\":\"2026-03-22T21:22:21+00:00\",\"description\":\"Salvador Dali - Galatea of the Spheres - Riproduzioni di quadri d'arte al 100% dipinti a mano su tela. Cornici per quadri, vendita e realizzazione di dimensioni su ordinazione.\",\"breadcrumb\":{\"@id\":\"https:\/\/svetslik.si\/it\/salvador-dali\/galatea-of-the-spheres\/#breadcrumb\"},\"inLanguage\":\"it-IT\",\"potentialAction\":[{\"@type\":\"ReadAction\",\"target\":[\"https:\/\/svetslik.si\/it\/salvador-dali\/galatea-of-the-spheres\/\"]}]},{\"@type\":\"ImageObject\",\"inLanguage\":\"it-IT\",\"@id\":\"https:\/\/svetslik.si\/it\/salvador-dali\/galatea-of-the-spheres\/#primaryimage\",\"url\":\"https:\/\/svetslik.si\/wp-content\/uploads\/2021\/08\/image_Galatea-of-the-Spheres_680.jpg\",\"contentUrl\":\"https:\/\/svetslik.si\/wp-content\/uploads\/2021\/08\/image_Galatea-of-the-Spheres_680.jpg\",\"width\":800,\"height\":1047,\"caption\":\"Quadri riproduzioni - Salvador Dali - Galatea delle sfere - Dipinti a mano, riproduzioni di dipinti di artisti famosi, olio su tela, dipinti ad olio, quadri moderni, quadri d'arte per pareti, ambientali, astratti, quadri decorativi per pareti\"},{\"@type\":\"BreadcrumbList\",\"@id\":\"https:\/\/svetslik.si\/it\/salvador-dali\/galatea-of-the-spheres\/#breadcrumb\",\"itemListElement\":[{\"@type\":\"ListItem\",\"position\":1,\"name\":\"Fali m\u0171v\u00e9szet \u00e9s festm\u00e9nyek v\u00e1szonra\",\"item\":\"https:\/\/svetslik.si\/it\/\"},{\"@type\":\"ListItem\",\"position\":2,\"name\":\"Vendita di dipinti\",\"item\":\"https:\/\/svetslik.si\/prodaja-slik\/\"},{\"@type\":\"ListItem\",\"position\":3,\"name\":\"Salvador Dali &#8211; Galatea of the Spheres\"}]},{\"@type\":\"WebSite\",\"@id\":\"https:\/\/svetslik.si\/it\/#website\",\"url\":\"https:\/\/svetslik.si\/it\/\",\"name\":\"SVETSLIK.SI\",\"description\":\"100% riproduzioni dipinte a mano di quadri di pittori famosi e dipinti su tela.\",\"publisher\":{\"@id\":\"https:\/\/svetslik.si\/it\/#organization\"},\"potentialAction\":[{\"@type\":\"SearchAction\",\"target\":{\"@type\":\"EntryPoint\",\"urlTemplate\":\"https:\/\/svetslik.si\/it\/?s={search_term_string}\"},\"query-input\":{\"@type\":\"PropertyValueSpecification\",\"valueRequired\":true,\"valueName\":\"search_term_string\"}}],\"inLanguage\":\"it-IT\"},{\"@type\":\"Organization\",\"@id\":\"https:\/\/svetslik.si\/it\/#organization\",\"name\":\"SvetSlik.si\",\"url\":\"https:\/\/svetslik.si\/it\/\",\"logo\":{\"@type\":\"ImageObject\",\"inLanguage\":\"it-IT\",\"@id\":\"https:\/\/svetslik.si\/it\/#\/schema\/logo\/image\/\",\"url\":\"https:\/\/svetslik.si\/wp-content\/uploads\/2020\/12\/logo-512.png\",\"contentUrl\":\"https:\/\/svetslik.si\/wp-content\/uploads\/2020\/12\/logo-512.png\",\"width\":512,\"height\":512,\"caption\":\"SvetSlik.si\"},\"image\":{\"@id\":\"https:\/\/svetslik.si\/it\/#\/schema\/logo\/image\/\"},\"sameAs\":[\"https:\/\/www.facebook.com\/svetslik.si\",\"https:\/\/x.com\/svetslik\",\"https:\/\/www.instagram.com\/svetslik.si\/\",\"https:\/\/www.linkedin.com\/company\/svetslik-si\"]}]}<\/script>\n<meta property=\"og:availability\" content=\"backorder\" \/>\n<meta property=\"product:availability\" content=\"available for order\" \/>\n<meta property=\"product:retailer_item_id\" content=\"443__\" \/>\n<meta property=\"product:condition\" content=\"new\" \/>\n<!-- \/ Yoast SEO Premium plugin. -->","yoast_head_json":{"title":"Salvador Dali - Galatea of the Spheres - SVETSLIK.SI - Dipinto al 100% fatto a mano","description":"Salvador Dali - Galatea of the Spheres - Riproduzioni di quadri d'arte al 100% dipinti a mano su tela. Cornici per quadri, vendita e realizzazione di dimensioni su ordinazione.","robots":{"index":"index","follow":"follow","max-snippet":"max-snippet:-1","max-image-preview":"max-image-preview:large","max-video-preview":"max-video-preview:-1"},"canonical":"https:\/\/svetslik.si\/it\/salvador-dali\/galatea-of-the-spheres\/","og_locale":"it_IT","og_type":"article","og_title":"Salvador Dali - Galatea of the Spheres","og_description":"100% ro\u010dno naslikane slike na platnu, reprodukcije znanih slikarjev in umetni\u0161ke slike po naro\u010dilu.","og_url":"https:\/\/svetslik.si\/it\/salvador-dali\/galatea-of-the-spheres\/","og_site_name":"SVETSLIK.SI","article_publisher":"https:\/\/www.facebook.com\/svetslik.si","article_modified_time":"2026-03-22T21:22:21+00:00","og_image":[{"width":800,"height":1047,"url":"https:\/\/svetslik.si\/wp-content\/uploads\/2021\/08\/image_Galatea-of-the-Spheres_680.jpg","type":"image\/jpeg"}],"twitter_card":"summary_large_image","twitter_site":"@svetslik","twitter_misc":{"Disponibilit\u00e0":"Su ordinazione"},"schema":{"@context":"https:\/\/schema.org","@graph":[{"@type":["WebPage","ItemPage"],"@id":"https:\/\/svetslik.si\/it\/salvador-dali\/galatea-of-the-spheres\/","url":"https:\/\/svetslik.si\/it\/salvador-dali\/galatea-of-the-spheres\/","name":"Salvador Dali - Galatea of the Spheres - SVETSLIK.SI - Dipinto al 100% fatto a mano","isPartOf":{"@id":"https:\/\/svetslik.si\/it\/#website"},"primaryImageOfPage":{"@id":"https:\/\/svetslik.si\/it\/salvador-dali\/galatea-of-the-spheres\/#primaryimage"},"image":{"@id":"https:\/\/svetslik.si\/it\/salvador-dali\/galatea-of-the-spheres\/#primaryimage"},"thumbnailUrl":"https:\/\/svetslik.si\/wp-content\/uploads\/2021\/08\/image_Galatea-of-the-Spheres_680.jpg","datePublished":"2021-09-02T16:10:09+00:00","dateModified":"2026-03-22T21:22:21+00:00","description":"Salvador Dali - Galatea of the Spheres - Riproduzioni di quadri d'arte al 100% dipinti a mano su tela. Cornici per quadri, vendita e realizzazione di dimensioni su ordinazione.","breadcrumb":{"@id":"https:\/\/svetslik.si\/it\/salvador-dali\/galatea-of-the-spheres\/#breadcrumb"},"inLanguage":"it-IT","potentialAction":[{"@type":"ReadAction","target":["https:\/\/svetslik.si\/it\/salvador-dali\/galatea-of-the-spheres\/"]}]},{"@type":"ImageObject","inLanguage":"it-IT","@id":"https:\/\/svetslik.si\/it\/salvador-dali\/galatea-of-the-spheres\/#primaryimage","url":"https:\/\/svetslik.si\/wp-content\/uploads\/2021\/08\/image_Galatea-of-the-Spheres_680.jpg","contentUrl":"https:\/\/svetslik.si\/wp-content\/uploads\/2021\/08\/image_Galatea-of-the-Spheres_680.jpg","width":800,"height":1047,"caption":"Quadri riproduzioni - Salvador Dali - Galatea delle sfere - Dipinti a mano, riproduzioni di dipinti di artisti famosi, olio su tela, dipinti ad olio, quadri moderni, quadri d'arte per pareti, ambientali, astratti, quadri decorativi per pareti"},{"@type":"BreadcrumbList","@id":"https:\/\/svetslik.si\/it\/salvador-dali\/galatea-of-the-spheres\/#breadcrumb","itemListElement":[{"@type":"ListItem","position":1,"name":"Fali m\u0171v\u00e9szet \u00e9s festm\u00e9nyek v\u00e1szonra","item":"https:\/\/svetslik.si\/it\/"},{"@type":"ListItem","position":2,"name":"Vendita di dipinti","item":"https:\/\/svetslik.si\/prodaja-slik\/"},{"@type":"ListItem","position":3,"name":"Salvador Dali &#8211; Galatea of the Spheres"}]},{"@type":"WebSite","@id":"https:\/\/svetslik.si\/it\/#website","url":"https:\/\/svetslik.si\/it\/","name":"SVETSLIK.SI","description":"100% riproduzioni dipinte a mano di quadri di pittori famosi e dipinti su tela.","publisher":{"@id":"https:\/\/svetslik.si\/it\/#organization"},"potentialAction":[{"@type":"SearchAction","target":{"@type":"EntryPoint","urlTemplate":"https:\/\/svetslik.si\/it\/?s={search_term_string}"},"query-input":{"@type":"PropertyValueSpecification","valueRequired":true,"valueName":"search_term_string"}}],"inLanguage":"it-IT"},{"@type":"Organization","@id":"https:\/\/svetslik.si\/it\/#organization","name":"SvetSlik.si","url":"https:\/\/svetslik.si\/it\/","logo":{"@type":"ImageObject","inLanguage":"it-IT","@id":"https:\/\/svetslik.si\/it\/#\/schema\/logo\/image\/","url":"https:\/\/svetslik.si\/wp-content\/uploads\/2020\/12\/logo-512.png","contentUrl":"https:\/\/svetslik.si\/wp-content\/uploads\/2020\/12\/logo-512.png","width":512,"height":512,"caption":"SvetSlik.si"},"image":{"@id":"https:\/\/svetslik.si\/it\/#\/schema\/logo\/image\/"},"sameAs":["https:\/\/www.facebook.com\/svetslik.si","https:\/\/x.com\/svetslik","https:\/\/www.instagram.com\/svetslik.si\/","https:\/\/www.linkedin.com\/company\/svetslik-si"]}]},"og_availability":"backorder","product_availability":"available for order","product_retailer_item_id":"443__","product_condition":"new"},"jetpack_sharing_enabled":true,"_links":{"self":[{"href":"https:\/\/svetslik.si\/it\/wp-json\/wp\/v2\/product\/42119","targetHints":{"allow":["GET"]}}],"collection":[{"href":"https:\/\/svetslik.si\/it\/wp-json\/wp\/v2\/product"}],"about":[{"href":"https:\/\/svetslik.si\/it\/wp-json\/wp\/v2\/types\/product"}],"wp:featuredmedia":[{"embeddable":true,"href":"https:\/\/svetslik.si\/it\/wp-json\/wp\/v2\/media\/35175"}],"wp:attachment":[{"href":"https:\/\/svetslik.si\/it\/wp-json\/wp\/v2\/media?parent=42119"}],"wp:term":[{"taxonomy":"product_brand","embeddable":true,"href":"https:\/\/svetslik.si\/it\/wp-json\/wp\/v2\/product_brand?post=42119"},{"taxonomy":"product_cat","embeddable":true,"href":"https:\/\/svetslik.si\/it\/wp-json\/wp\/v2\/product_cat?post=42119"},{"taxonomy":"product_tag","embeddable":true,"href":"https:\/\/svetslik.si\/it\/wp-json\/wp\/v2\/product_tag?post=42119"}],"curies":[{"name":"wp","href":"https:\/\/api.w.org\/{rel}","templated":true}]}}