{"id":42811,"date":"2021-09-02T18:43:37","date_gmt":"2021-09-02T16:43:37","guid":{"rendered":"https:\/\/svetslik.si\/senza-categoria\/eyes-in-the-heat-sounds-in-the-grass-series\/"},"modified":"2026-03-22T22:34:40","modified_gmt":"2026-03-22T21:34:40","slug":"eyes-in-the-heat-sounds-in-the-grass-series","status":"publish","type":"product","link":"https:\/\/svetslik.si\/it\/jackson-pollock\/eyes-in-the-heat-sounds-in-the-grass-series\/","title":{"rendered":"Jackson Pollock &#8211; Eyes in the Heat (Sounds in the Grass Series)"},"content":{"rendered":"<h1>Jackson Pollock &#8211; Eyes in the Heat (Serie Suoni nell&#8217;erba)<\/h1>\n<p>\n&nbsp;<\/p>\n<table border=\"0\" cellpadding=\"0\" cellspacing=\"0\" style=\"width: 673px\" width=\"673\">\n<tr>\n<td height=\"21\">\nAnno di creazione:<\/td>\n<td style=\"width: 493px\">\n1947<\/td>\n<\/tr>\n<tr>\n<td height=\"21\">\nDimensioni originali:<\/td>\n<td style=\"width: 493px\">\n109,2 cm x 137,2 cm<\/td>\n<\/tr>\n<tr>\n<td height=\"21\">\nStile di pittura:<\/td>\n<td style=\"width: 493px\">\nEspressionismo astratto<\/td>\n<\/tr>\n<tr>\n<td height=\"21\">\nTecnica originale:<\/td>\n<td>\nOlio su tela<\/td>\n<\/tr>\n<tr>\n<td height=\"21\">\nSituato:<\/td>\n<td>\nLa Collezione Peggy Guggenheim<\/td>\n<\/tr>\n<\/tbody>\n<colgroup>\n<\/colgroup>\n<\/table>\n","protected":false},"excerpt":{"rendered":"<p>Jackson Pollock &#8211; Eyes in the Heat (Serie Suoni nell&#8217;erba) &nbsp; Anno di creazione: 1947 Dimensioni originali: 109,2 cm x 137,2 cm Stile di pittura: Espressionismo astratto Tecnica originale: Olio su tela Situato: La Collezione Peggy Guggenheim<\/p>\n","protected":false},"featured_media":35151,"template":"","meta":{"_acf_changed":false},"product_brand":[],"product_cat":[4201],"product_tag":[4241,4245,4246,4253],"class_list":{"0":"post-42811","1":"product","2":"type-product","3":"status-publish","4":"has-post-thumbnail","6":"product_cat-jackson-pollock","7":"product_tag-pollock-it","8":"product_tag-riproduzione","9":"product_tag-riproduzione-it","10":"product_tag-un-pittore","11":"pa_dimenzija-109-x-137-cm-it","12":"pa_dimenzija-130-x-160-cm-it","13":"pa_dimenzija-150-x-190-cm-it","14":"pa_dimenzija-50-x-60-cm-it","15":"pa_dimenzija-60-x-75-cm-it","16":"pa_dimenzija-70-x-90-cm-it","17":"pa_dimenzija-80-x-100-cm-it","18":"pa_dimenzija-90-x-110-cm-it","19":"pa_oblika-verticale","20":"pa_okvir-sensa-cornice","21":"pa_podokvir-no","22":"pa_podokvir-si","24":"first","25":"onbackorder","26":"purchasable","27":"product-type-variable","28":"has-default-attributes"},"acf":[],"yoast_head":"<!-- This site is optimized with the Yoast SEO Premium plugin v26.0 (Yoast SEO v27.2) - https:\/\/yoast.com\/product\/yoast-seo-premium-wordpress\/ -->\n<title>Jackson Pollock - Eyes in the Heat (Sounds in the Grass Series) - SVETSLIK.SI - Dipinto al 100% fatto a mano<\/title>\n<meta name=\"description\" content=\"Jackson Pollock - Eyes in the Heat (Sounds in the Grass Series) - Riproduzioni di quadri d&#039;arte al 100% dipinti a mano su tela. Cornici per quadri, vendita e realizzazione di dimensioni su ordinazione.\" \/>\n<meta name=\"robots\" content=\"index, follow, max-snippet:-1, max-image-preview:large, max-video-preview:-1\" \/>\n<link rel=\"canonical\" href=\"https:\/\/svetslik.si\/it\/jackson-pollock\/eyes-in-the-heat-sounds-in-the-grass-series\/\" \/>\n<meta property=\"og:locale\" content=\"it_IT\" \/>\n<meta property=\"og:type\" content=\"article\" \/>\n<meta property=\"og:title\" content=\"Jackson Pollock - Eyes in the Heat (Sounds in the Grass Series)\" \/>\n<meta property=\"og:description\" content=\"100% ro\u010dno naslikane slike na platnu, reprodukcije znanih slikarjev in umetni\u0161ke slike po naro\u010dilu.\" \/>\n<meta property=\"og:url\" content=\"https:\/\/svetslik.si\/it\/jackson-pollock\/eyes-in-the-heat-sounds-in-the-grass-series\/\" \/>\n<meta property=\"og:site_name\" content=\"SVETSLIK.SI\" \/>\n<meta property=\"article:publisher\" content=\"https:\/\/www.facebook.com\/svetslik.si\" \/>\n<meta property=\"article:modified_time\" content=\"2026-03-22T21:34:40+00:00\" \/>\n<meta property=\"og:image\" content=\"https:\/\/svetslik.si\/wp-content\/uploads\/2021\/08\/image_Eyes-in-the-Heat-Sounds-in-the-Grass-Series_680.jpg\" \/>\n\t<meta property=\"og:image:width\" content=\"1017\" \/>\n\t<meta property=\"og:image:height\" content=\"1280\" \/>\n\t<meta property=\"og:image:type\" content=\"image\/jpeg\" \/>\n<meta name=\"twitter:card\" content=\"summary_large_image\" \/>\n<meta name=\"twitter:site\" content=\"@svetslik\" \/>\n<meta name=\"twitter:label1\" content=\"Disponibilit\u00e0\" \/>\n\t<meta name=\"twitter:data1\" content=\"Su ordinazione\" \/>\n<script type=\"application\/ld+json\" class=\"yoast-schema-graph\">{\"@context\":\"https:\/\/schema.org\",\"@graph\":[{\"@type\":[\"WebPage\",\"ItemPage\"],\"@id\":\"https:\/\/svetslik.si\/it\/jackson-pollock\/eyes-in-the-heat-sounds-in-the-grass-series\/\",\"url\":\"https:\/\/svetslik.si\/it\/jackson-pollock\/eyes-in-the-heat-sounds-in-the-grass-series\/\",\"name\":\"Jackson Pollock - Eyes in the Heat (Sounds in the Grass Series) - SVETSLIK.SI - Dipinto al 100% fatto a mano\",\"isPartOf\":{\"@id\":\"https:\/\/svetslik.si\/it\/#website\"},\"primaryImageOfPage\":{\"@id\":\"https:\/\/svetslik.si\/it\/jackson-pollock\/eyes-in-the-heat-sounds-in-the-grass-series\/#primaryimage\"},\"image\":{\"@id\":\"https:\/\/svetslik.si\/it\/jackson-pollock\/eyes-in-the-heat-sounds-in-the-grass-series\/#primaryimage\"},\"thumbnailUrl\":\"https:\/\/svetslik.si\/wp-content\/uploads\/2021\/08\/image_Eyes-in-the-Heat-Sounds-in-the-Grass-Series_680.jpg\",\"datePublished\":\"2021-09-02T16:43:37+00:00\",\"dateModified\":\"2026-03-22T21:34:40+00:00\",\"description\":\"Jackson Pollock - Eyes in the Heat (Sounds in the Grass Series) - Riproduzioni di quadri d'arte al 100% dipinti a mano su tela. Cornici per quadri, vendita e realizzazione di dimensioni su ordinazione.\",\"breadcrumb\":{\"@id\":\"https:\/\/svetslik.si\/it\/jackson-pollock\/eyes-in-the-heat-sounds-in-the-grass-series\/#breadcrumb\"},\"inLanguage\":\"it-IT\",\"potentialAction\":[{\"@type\":\"ReadAction\",\"target\":[\"https:\/\/svetslik.si\/it\/jackson-pollock\/eyes-in-the-heat-sounds-in-the-grass-series\/\"]}]},{\"@type\":\"ImageObject\",\"inLanguage\":\"it-IT\",\"@id\":\"https:\/\/svetslik.si\/it\/jackson-pollock\/eyes-in-the-heat-sounds-in-the-grass-series\/#primaryimage\",\"url\":\"https:\/\/svetslik.si\/wp-content\/uploads\/2021\/08\/image_Eyes-in-the-Heat-Sounds-in-the-Grass-Series_680.jpg\",\"contentUrl\":\"https:\/\/svetslik.si\/wp-content\/uploads\/2021\/08\/image_Eyes-in-the-Heat-Sounds-in-the-Grass-Series_680.jpg\",\"width\":1017,\"height\":1280,\"caption\":\"Reproduzioni quadri - Jackson Pollock - Occhi nel calore (Serie suoni nell'erba) - Quadri riproduzioni dipinti a mano, olio su tela, quadri ad olio, quadri moderni, quadri d'arte per pareti, ambientali, astratti, decorativi\"},{\"@type\":\"BreadcrumbList\",\"@id\":\"https:\/\/svetslik.si\/it\/jackson-pollock\/eyes-in-the-heat-sounds-in-the-grass-series\/#breadcrumb\",\"itemListElement\":[{\"@type\":\"ListItem\",\"position\":1,\"name\":\"Fali m\u0171v\u00e9szet \u00e9s festm\u00e9nyek v\u00e1szonra\",\"item\":\"https:\/\/svetslik.si\/it\/\"},{\"@type\":\"ListItem\",\"position\":2,\"name\":\"Vendita di dipinti\",\"item\":\"https:\/\/svetslik.si\/prodaja-slik\/\"},{\"@type\":\"ListItem\",\"position\":3,\"name\":\"Jackson Pollock &#8211; Eyes in the Heat (Sounds in the Grass Series)\"}]},{\"@type\":\"WebSite\",\"@id\":\"https:\/\/svetslik.si\/it\/#website\",\"url\":\"https:\/\/svetslik.si\/it\/\",\"name\":\"SVETSLIK.SI\",\"description\":\"100% riproduzioni dipinte a mano di quadri di pittori famosi e dipinti su tela.\",\"publisher\":{\"@id\":\"https:\/\/svetslik.si\/it\/#organization\"},\"potentialAction\":[{\"@type\":\"SearchAction\",\"target\":{\"@type\":\"EntryPoint\",\"urlTemplate\":\"https:\/\/svetslik.si\/it\/?s={search_term_string}\"},\"query-input\":{\"@type\":\"PropertyValueSpecification\",\"valueRequired\":true,\"valueName\":\"search_term_string\"}}],\"inLanguage\":\"it-IT\"},{\"@type\":\"Organization\",\"@id\":\"https:\/\/svetslik.si\/it\/#organization\",\"name\":\"SvetSlik.si\",\"url\":\"https:\/\/svetslik.si\/it\/\",\"logo\":{\"@type\":\"ImageObject\",\"inLanguage\":\"it-IT\",\"@id\":\"https:\/\/svetslik.si\/it\/#\/schema\/logo\/image\/\",\"url\":\"https:\/\/svetslik.si\/wp-content\/uploads\/2020\/12\/logo-512.png\",\"contentUrl\":\"https:\/\/svetslik.si\/wp-content\/uploads\/2020\/12\/logo-512.png\",\"width\":512,\"height\":512,\"caption\":\"SvetSlik.si\"},\"image\":{\"@id\":\"https:\/\/svetslik.si\/it\/#\/schema\/logo\/image\/\"},\"sameAs\":[\"https:\/\/www.facebook.com\/svetslik.si\",\"https:\/\/x.com\/svetslik\",\"https:\/\/www.instagram.com\/svetslik.si\/\",\"https:\/\/www.linkedin.com\/company\/svetslik-si\"]}]}<\/script>\n<meta property=\"og:availability\" content=\"backorder\" \/>\n<meta property=\"product:availability\" content=\"available for order\" \/>\n<meta property=\"product:retailer_item_id\" content=\"707__\" \/>\n<meta property=\"product:condition\" content=\"new\" \/>\n<!-- \/ Yoast SEO Premium plugin. -->","yoast_head_json":{"title":"Jackson Pollock - Eyes in the Heat (Sounds in the Grass Series) - SVETSLIK.SI - Dipinto al 100% fatto a mano","description":"Jackson Pollock - Eyes in the Heat (Sounds in the Grass Series) - Riproduzioni di quadri d'arte al 100% dipinti a mano su tela. Cornici per quadri, vendita e realizzazione di dimensioni su ordinazione.","robots":{"index":"index","follow":"follow","max-snippet":"max-snippet:-1","max-image-preview":"max-image-preview:large","max-video-preview":"max-video-preview:-1"},"canonical":"https:\/\/svetslik.si\/it\/jackson-pollock\/eyes-in-the-heat-sounds-in-the-grass-series\/","og_locale":"it_IT","og_type":"article","og_title":"Jackson Pollock - Eyes in the Heat (Sounds in the Grass Series)","og_description":"100% ro\u010dno naslikane slike na platnu, reprodukcije znanih slikarjev in umetni\u0161ke slike po naro\u010dilu.","og_url":"https:\/\/svetslik.si\/it\/jackson-pollock\/eyes-in-the-heat-sounds-in-the-grass-series\/","og_site_name":"SVETSLIK.SI","article_publisher":"https:\/\/www.facebook.com\/svetslik.si","article_modified_time":"2026-03-22T21:34:40+00:00","og_image":[{"width":1017,"height":1280,"url":"https:\/\/svetslik.si\/wp-content\/uploads\/2021\/08\/image_Eyes-in-the-Heat-Sounds-in-the-Grass-Series_680.jpg","type":"image\/jpeg"}],"twitter_card":"summary_large_image","twitter_site":"@svetslik","twitter_misc":{"Disponibilit\u00e0":"Su ordinazione"},"schema":{"@context":"https:\/\/schema.org","@graph":[{"@type":["WebPage","ItemPage"],"@id":"https:\/\/svetslik.si\/it\/jackson-pollock\/eyes-in-the-heat-sounds-in-the-grass-series\/","url":"https:\/\/svetslik.si\/it\/jackson-pollock\/eyes-in-the-heat-sounds-in-the-grass-series\/","name":"Jackson Pollock - Eyes in the Heat (Sounds in the Grass Series) - SVETSLIK.SI - Dipinto al 100% fatto a mano","isPartOf":{"@id":"https:\/\/svetslik.si\/it\/#website"},"primaryImageOfPage":{"@id":"https:\/\/svetslik.si\/it\/jackson-pollock\/eyes-in-the-heat-sounds-in-the-grass-series\/#primaryimage"},"image":{"@id":"https:\/\/svetslik.si\/it\/jackson-pollock\/eyes-in-the-heat-sounds-in-the-grass-series\/#primaryimage"},"thumbnailUrl":"https:\/\/svetslik.si\/wp-content\/uploads\/2021\/08\/image_Eyes-in-the-Heat-Sounds-in-the-Grass-Series_680.jpg","datePublished":"2021-09-02T16:43:37+00:00","dateModified":"2026-03-22T21:34:40+00:00","description":"Jackson Pollock - Eyes in the Heat (Sounds in the Grass Series) - Riproduzioni di quadri d'arte al 100% dipinti a mano su tela. Cornici per quadri, vendita e realizzazione di dimensioni su ordinazione.","breadcrumb":{"@id":"https:\/\/svetslik.si\/it\/jackson-pollock\/eyes-in-the-heat-sounds-in-the-grass-series\/#breadcrumb"},"inLanguage":"it-IT","potentialAction":[{"@type":"ReadAction","target":["https:\/\/svetslik.si\/it\/jackson-pollock\/eyes-in-the-heat-sounds-in-the-grass-series\/"]}]},{"@type":"ImageObject","inLanguage":"it-IT","@id":"https:\/\/svetslik.si\/it\/jackson-pollock\/eyes-in-the-heat-sounds-in-the-grass-series\/#primaryimage","url":"https:\/\/svetslik.si\/wp-content\/uploads\/2021\/08\/image_Eyes-in-the-Heat-Sounds-in-the-Grass-Series_680.jpg","contentUrl":"https:\/\/svetslik.si\/wp-content\/uploads\/2021\/08\/image_Eyes-in-the-Heat-Sounds-in-the-Grass-Series_680.jpg","width":1017,"height":1280,"caption":"Reproduzioni quadri - Jackson Pollock - Occhi nel calore (Serie suoni nell'erba) - Quadri riproduzioni dipinti a mano, olio su tela, quadri ad olio, quadri moderni, quadri d'arte per pareti, ambientali, astratti, decorativi"},{"@type":"BreadcrumbList","@id":"https:\/\/svetslik.si\/it\/jackson-pollock\/eyes-in-the-heat-sounds-in-the-grass-series\/#breadcrumb","itemListElement":[{"@type":"ListItem","position":1,"name":"Fali m\u0171v\u00e9szet \u00e9s festm\u00e9nyek v\u00e1szonra","item":"https:\/\/svetslik.si\/it\/"},{"@type":"ListItem","position":2,"name":"Vendita di dipinti","item":"https:\/\/svetslik.si\/prodaja-slik\/"},{"@type":"ListItem","position":3,"name":"Jackson Pollock &#8211; Eyes in the Heat (Sounds in the Grass Series)"}]},{"@type":"WebSite","@id":"https:\/\/svetslik.si\/it\/#website","url":"https:\/\/svetslik.si\/it\/","name":"SVETSLIK.SI","description":"100% riproduzioni dipinte a mano di quadri di pittori famosi e dipinti su tela.","publisher":{"@id":"https:\/\/svetslik.si\/it\/#organization"},"potentialAction":[{"@type":"SearchAction","target":{"@type":"EntryPoint","urlTemplate":"https:\/\/svetslik.si\/it\/?s={search_term_string}"},"query-input":{"@type":"PropertyValueSpecification","valueRequired":true,"valueName":"search_term_string"}}],"inLanguage":"it-IT"},{"@type":"Organization","@id":"https:\/\/svetslik.si\/it\/#organization","name":"SvetSlik.si","url":"https:\/\/svetslik.si\/it\/","logo":{"@type":"ImageObject","inLanguage":"it-IT","@id":"https:\/\/svetslik.si\/it\/#\/schema\/logo\/image\/","url":"https:\/\/svetslik.si\/wp-content\/uploads\/2020\/12\/logo-512.png","contentUrl":"https:\/\/svetslik.si\/wp-content\/uploads\/2020\/12\/logo-512.png","width":512,"height":512,"caption":"SvetSlik.si"},"image":{"@id":"https:\/\/svetslik.si\/it\/#\/schema\/logo\/image\/"},"sameAs":["https:\/\/www.facebook.com\/svetslik.si","https:\/\/x.com\/svetslik","https:\/\/www.instagram.com\/svetslik.si\/","https:\/\/www.linkedin.com\/company\/svetslik-si"]}]},"og_availability":"backorder","product_availability":"available for order","product_retailer_item_id":"707__","product_condition":"new"},"jetpack_sharing_enabled":true,"_links":{"self":[{"href":"https:\/\/svetslik.si\/it\/wp-json\/wp\/v2\/product\/42811","targetHints":{"allow":["GET"]}}],"collection":[{"href":"https:\/\/svetslik.si\/it\/wp-json\/wp\/v2\/product"}],"about":[{"href":"https:\/\/svetslik.si\/it\/wp-json\/wp\/v2\/types\/product"}],"wp:featuredmedia":[{"embeddable":true,"href":"https:\/\/svetslik.si\/it\/wp-json\/wp\/v2\/media\/35151"}],"wp:attachment":[{"href":"https:\/\/svetslik.si\/it\/wp-json\/wp\/v2\/media?parent=42811"}],"wp:term":[{"taxonomy":"product_brand","embeddable":true,"href":"https:\/\/svetslik.si\/it\/wp-json\/wp\/v2\/product_brand?post=42811"},{"taxonomy":"product_cat","embeddable":true,"href":"https:\/\/svetslik.si\/it\/wp-json\/wp\/v2\/product_cat?post=42811"},{"taxonomy":"product_tag","embeddable":true,"href":"https:\/\/svetslik.si\/it\/wp-json\/wp\/v2\/product_tag?post=42811"}],"curies":[{"name":"wp","href":"https:\/\/api.w.org\/{rel}","templated":true}]}}