{"id":42908,"date":"2021-09-02T18:45:36","date_gmt":"2021-09-02T16:45:36","guid":{"rendered":"https:\/\/svetslik.si\/senza-categoria\/reflection-of-the-big-dipper\/"},"modified":"2026-03-22T22:36:23","modified_gmt":"2026-03-22T21:36:23","slug":"reflection-of-the-big-dipper","status":"publish","type":"product","link":"https:\/\/svetslik.si\/it\/jackson-pollock\/reflection-of-the-big-dipper\/","title":{"rendered":"Jackson Pollock &#8211; Reflection of the Big Dipper"},"content":{"rendered":"<div class=\"wpb-content-wrapper\">[vc_row][vc_column][vc_column_text]\n<h1>Jackson Pollock &#8211; Il riflesso dell&#8217;Orsa Maggiore<\/h1>\n<p>&nbsp;<\/p>\n<table style=\"width: 673px;\" border=\"0\" width=\"673\" cellspacing=\"0\" cellpadding=\"0\">\n<tbody>\n<tr>\n<td height=\"21\">Anno di creazione:<\/td>\n<td style=\"width: 493px;\">1947<\/td>\n<\/tr>\n<tr>\n<td height=\"21\">Dimensioni originali:<\/td>\n<td style=\"width: 493px;\">92 cm x 111 cm<\/td>\n<\/tr>\n<tr>\n<td height=\"21\">Stile di pittura:<\/td>\n<td style=\"width: 493px;\">Espressionismo astratto<\/td>\n<\/tr>\n<tr>\n<td height=\"21\">Tecnica originale:<\/td>\n<td>Olio su tela<\/td>\n<\/tr>\n<tr>\n<td height=\"21\">Situato:<\/td>\n<td>Museo Stedelijk, Amsterdam<\/td>\n<\/tr>\n<\/tbody>\n<colgroup> <\/colgroup>\n<\/table>\n[\/vc_column_text][\/vc_column][\/vc_row][vc_row css=&#8221;.vc_custom_1699085698925{margin-bottom: 10px !important;}&#8221;][vc_column]\t<div class=\"et-image-995 et-image     et_image_link\">\n\t\t<div class=\"et-image-inner \">\n\t\t\t\t\t\t\t<div class=\"et-image-thumb \">\n\t\t\t\t\t<img decoding=\"async\" width=\"1000\" height=\"1111\" src=\"https:\/\/svetslik.si\/wp-content\/uploads\/2021\/09\/Jackson-Pollock-\u2013-Reflection-of-the-Big-Dipper-reprodukcija-slike.jpg\" class=\"attachment-full\" alt=\"Jackson Pollock - Riflessione della Grande Orsa - Riproduzione su tela\" title=\"Jackson Pollock - Riflessione della Grande Orsa - Riproduzione su tela\" srcset=\"https:\/\/svetslik.si\/wp-content\/uploads\/2021\/09\/Jackson-Pollock-\u2013-Reflection-of-the-Big-Dipper-reprodukcija-slike.jpg 1000w, https:\/\/svetslik.si\/wp-content\/uploads\/2021\/09\/Jackson-Pollock-\u2013-Reflection-of-the-Big-Dipper-reprodukcija-slike-600x667.jpg 600w, https:\/\/svetslik.si\/wp-content\/uploads\/2021\/09\/Jackson-Pollock-\u2013-Reflection-of-the-Big-Dipper-reprodukcija-slike-270x300.jpg 270w, https:\/\/svetslik.si\/wp-content\/uploads\/2021\/09\/Jackson-Pollock-\u2013-Reflection-of-the-Big-Dipper-reprodukcija-slike-922x1024.jpg 922w, https:\/\/svetslik.si\/wp-content\/uploads\/2021\/09\/Jackson-Pollock-\u2013-Reflection-of-the-Big-Dipper-reprodukcija-slike-768x853.jpg 768w, https:\/\/svetslik.si\/wp-content\/uploads\/2021\/09\/Jackson-Pollock-\u2013-Reflection-of-the-Big-Dipper-reprodukcija-slike-135x150.jpg 135w, https:\/\/svetslik.si\/wp-content\/uploads\/2021\/09\/Jackson-Pollock-\u2013-Reflection-of-the-Big-Dipper-reprodukcija-slike-900x1000.jpg 900w\" sizes=\"(max-width: 1000px) 100vw, 1000px\" \/>\t\t\t\t<\/div>\n\t\t\t\t\t\t\t\t\t\t\t<\/div>\n\t<\/div>\n  [\/vc_column][\/vc_row][vc_row css=&#8221;.vc_custom_1699085698925{margin-bottom: 10px !important;}&#8221;][vc_column]\t<div class=\"et-image-274 et-image     et_image_link\">\n\t\t<div class=\"et-image-inner \">\n\t\t\t\t\t\t\t<div class=\"et-image-thumb \">\n\t\t\t\t\t<img decoding=\"async\" width=\"1000\" height=\"1422\" src=\"https:\/\/svetslik.si\/wp-content\/uploads\/2021\/09\/Jackson-Pollock-\u2013-Reflection-of-the-Big-Dipper-reprodukcija-slike-2.jpg\" class=\"attachment-full\" alt=\"Jackson Pollock - Riflessione della Grande Orsa - Riproduzione su tela-2\" title=\"Jackson Pollock - Riflessione della Grande Orsa - Riproduzione su tela-2\" srcset=\"https:\/\/svetslik.si\/wp-content\/uploads\/2021\/09\/Jackson-Pollock-\u2013-Reflection-of-the-Big-Dipper-reprodukcija-slike-2.jpg 1000w, https:\/\/svetslik.si\/wp-content\/uploads\/2021\/09\/Jackson-Pollock-\u2013-Reflection-of-the-Big-Dipper-reprodukcija-slike-2-600x853.jpg 600w, https:\/\/svetslik.si\/wp-content\/uploads\/2021\/09\/Jackson-Pollock-\u2013-Reflection-of-the-Big-Dipper-reprodukcija-slike-2-211x300.jpg 211w, https:\/\/svetslik.si\/wp-content\/uploads\/2021\/09\/Jackson-Pollock-\u2013-Reflection-of-the-Big-Dipper-reprodukcija-slike-2-720x1024.jpg 720w, https:\/\/svetslik.si\/wp-content\/uploads\/2021\/09\/Jackson-Pollock-\u2013-Reflection-of-the-Big-Dipper-reprodukcija-slike-2-768x1092.jpg 768w, https:\/\/svetslik.si\/wp-content\/uploads\/2021\/09\/Jackson-Pollock-\u2013-Reflection-of-the-Big-Dipper-reprodukcija-slike-2-105x150.jpg 105w, https:\/\/svetslik.si\/wp-content\/uploads\/2021\/09\/Jackson-Pollock-\u2013-Reflection-of-the-Big-Dipper-reprodukcija-slike-2-900x1280.jpg 900w\" sizes=\"(max-width: 1000px) 100vw, 1000px\" \/>\t\t\t\t<\/div>\n\t\t\t\t\t\t\t\t\t\t\t<\/div>\n\t<\/div>\n  [\/vc_column][\/vc_row][vc_row css=&#8221;.vc_custom_1699085698925{margin-bottom: 10px !important;}&#8221;][vc_column]\t<div class=\"et-image-449 et-image     et_image_link\">\n\t\t<div class=\"et-image-inner \">\n\t\t\t\t\t\t\t<div class=\"et-image-thumb \">\n\t\t\t\t\t<img decoding=\"async\" width=\"1000\" height=\"837\" src=\"https:\/\/svetslik.si\/wp-content\/uploads\/2021\/09\/Jackson-Pollock-\u2013-Reflection-of-the-Big-Dipper-reprodukcija-slike-3.jpg\" class=\"attachment-full\" alt=\"Jackson Pollock - Riflessione della Grande Orsa - Riproduzione su tela-3\" title=\"Jackson Pollock - Riflessione della Grande Orsa - Riproduzione su tela-3\" srcset=\"https:\/\/svetslik.si\/wp-content\/uploads\/2021\/09\/Jackson-Pollock-\u2013-Reflection-of-the-Big-Dipper-reprodukcija-slike-3.jpg 1000w, https:\/\/svetslik.si\/wp-content\/uploads\/2021\/09\/Jackson-Pollock-\u2013-Reflection-of-the-Big-Dipper-reprodukcija-slike-3-600x502.jpg 600w, https:\/\/svetslik.si\/wp-content\/uploads\/2021\/09\/Jackson-Pollock-\u2013-Reflection-of-the-Big-Dipper-reprodukcija-slike-3-300x251.jpg 300w, https:\/\/svetslik.si\/wp-content\/uploads\/2021\/09\/Jackson-Pollock-\u2013-Reflection-of-the-Big-Dipper-reprodukcija-slike-3-768x643.jpg 768w, https:\/\/svetslik.si\/wp-content\/uploads\/2021\/09\/Jackson-Pollock-\u2013-Reflection-of-the-Big-Dipper-reprodukcija-slike-3-150x126.jpg 150w, https:\/\/svetslik.si\/wp-content\/uploads\/2021\/09\/Jackson-Pollock-\u2013-Reflection-of-the-Big-Dipper-reprodukcija-slike-3-900x753.jpg 900w\" sizes=\"(max-width: 1000px) 100vw, 1000px\" \/>\t\t\t\t<\/div>\n\t\t\t\t\t\t\t\t\t\t\t<\/div>\n\t<\/div>\n  [\/vc_column][\/vc_row][vc_row css=&#8221;.vc_custom_1699085698925{margin-bottom: 10px !important;}&#8221;][vc_column]\t<div class=\"et-image-864 et-image     et_image_link\">\n\t\t<div class=\"et-image-inner \">\n\t\t\t\t\t\t\t<div class=\"et-image-thumb \">\n\t\t\t\t\t<img decoding=\"async\" width=\"1500\" height=\"845\" src=\"https:\/\/svetslik.si\/wp-content\/uploads\/2021\/09\/Jackson-Pollock-\u2013-Reflection-of-the-Big-Dipper-reprodukcija-slike-34.jpg\" class=\"attachment-full\" alt=\"Jackson Pollock - Riflessione della Grande Orsa - Riproduzione su tela-34\" title=\"Jackson Pollock - Riflessione della Grande Orsa - Riproduzione su tela-34\" srcset=\"https:\/\/svetslik.si\/wp-content\/uploads\/2021\/09\/Jackson-Pollock-\u2013-Reflection-of-the-Big-Dipper-reprodukcija-slike-34.jpg 1500w, https:\/\/svetslik.si\/wp-content\/uploads\/2021\/09\/Jackson-Pollock-\u2013-Reflection-of-the-Big-Dipper-reprodukcija-slike-34-600x338.jpg 600w, https:\/\/svetslik.si\/wp-content\/uploads\/2021\/09\/Jackson-Pollock-\u2013-Reflection-of-the-Big-Dipper-reprodukcija-slike-34-1200x676.jpg 1200w, https:\/\/svetslik.si\/wp-content\/uploads\/2021\/09\/Jackson-Pollock-\u2013-Reflection-of-the-Big-Dipper-reprodukcija-slike-34-300x169.jpg 300w, https:\/\/svetslik.si\/wp-content\/uploads\/2021\/09\/Jackson-Pollock-\u2013-Reflection-of-the-Big-Dipper-reprodukcija-slike-34-1024x577.jpg 1024w, https:\/\/svetslik.si\/wp-content\/uploads\/2021\/09\/Jackson-Pollock-\u2013-Reflection-of-the-Big-Dipper-reprodukcija-slike-34-768x433.jpg 768w, https:\/\/svetslik.si\/wp-content\/uploads\/2021\/09\/Jackson-Pollock-\u2013-Reflection-of-the-Big-Dipper-reprodukcija-slike-34-150x85.jpg 150w\" sizes=\"(max-width: 1500px) 100vw, 1500px\" \/>\t\t\t\t<\/div>\n\t\t\t\t\t\t\t\t\t\t\t<\/div>\n\t<\/div>\n  [\/vc_column][\/vc_row]\n<\/div>","protected":false},"excerpt":{"rendered":"<p>[vc_row][vc_column][vc_column_text] Jackson Pollock &#8211; Il riflesso dell&#8217;Orsa Maggiore &nbsp; Anno di creazione: 1947 Dimensioni originali: 92 cm x 111 cm Stile di pittura: Espressionismo astratto Tecnica originale: Olio su tela Situato: Museo Stedelijk, Amsterdam [\/vc_column_text][\/vc_column][\/vc_row][vc_row css=&#8221;.vc_custom_1699085698925{margin-bottom: 10px !important;}&#8221;][vc_column][\/vc_column][\/vc_row][vc_row css=&#8221;.vc_custom_1699085698925{margin-bottom: 10px !important;}&#8221;][vc_column][\/vc_column][\/vc_row][vc_row css=&#8221;.vc_custom_1699085698925{margin-bottom: 10px !important;}&#8221;][vc_column][\/vc_column][\/vc_row][vc_row css=&#8221;.vc_custom_1699085698925{margin-bottom: 10px !important;}&#8221;][vc_column][\/vc_column][\/vc_row]<\/p>\n","protected":false},"featured_media":35514,"template":"","meta":{"_acf_changed":false},"product_brand":[],"product_cat":[4201],"product_tag":[4241,4245,4246,4253],"class_list":{"0":"post-42908","1":"product","2":"type-product","3":"status-publish","4":"has-post-thumbnail","6":"product_cat-jackson-pollock","7":"product_tag-pollock-it","8":"product_tag-riproduzione","9":"product_tag-riproduzione-it","10":"product_tag-un-pittore","11":"pa_dimenzija-110-x-130-cm-it","12":"pa_dimenzija-120-x-150-cm-it","13":"pa_dimenzija-150-x-180-cm-it","14":"pa_dimenzija-50-x-60-cm-it","15":"pa_dimenzija-60-x-70-cm-it","16":"pa_dimenzija-70-x-80-cm-it","17":"pa_dimenzija-80-x-100-cm-it","18":"pa_dimenzija-92-x-111-cm-it","19":"pa_oblika-verticale","20":"pa_okvir-sensa-cornice","21":"pa_podokvir-no","22":"pa_podokvir-si","24":"first","25":"onbackorder","26":"purchasable","27":"product-type-variable","28":"has-default-attributes"},"acf":[],"yoast_head":"<!-- This site is optimized with the Yoast SEO Premium plugin v26.0 (Yoast SEO v27.2) - https:\/\/yoast.com\/product\/yoast-seo-premium-wordpress\/ -->\n<title>Jackson Pollock - Reflection of the Big Dipper - SVETSLIK.SI - Dipinto al 100% fatto a mano<\/title>\n<meta name=\"description\" content=\"Jackson Pollock - Reflection of the Big Dipper - Riproduzioni di quadri d&#039;arte al 100% dipinti a mano su tela. Cornici per quadri, vendita e realizzazione di dimensioni su ordinazione.\" \/>\n<meta name=\"robots\" content=\"index, follow, max-snippet:-1, max-image-preview:large, max-video-preview:-1\" \/>\n<link rel=\"canonical\" href=\"https:\/\/svetslik.si\/it\/jackson-pollock\/reflection-of-the-big-dipper\/\" \/>\n<meta property=\"og:locale\" content=\"it_IT\" \/>\n<meta property=\"og:type\" content=\"article\" \/>\n<meta property=\"og:title\" content=\"Jackson Pollock - Reflection of the Big Dipper\" \/>\n<meta property=\"og:description\" content=\"100% ro\u010dno naslikane slike na platnu, reprodukcije znanih slikarjev in umetni\u0161ke slike po naro\u010dilu.\" \/>\n<meta property=\"og:url\" content=\"https:\/\/svetslik.si\/it\/jackson-pollock\/reflection-of-the-big-dipper\/\" \/>\n<meta property=\"og:site_name\" content=\"SVETSLIK.SI\" \/>\n<meta property=\"article:publisher\" content=\"https:\/\/www.facebook.com\/svetslik.si\" \/>\n<meta property=\"article:modified_time\" content=\"2026-03-22T21:36:23+00:00\" \/>\n<meta property=\"og:image\" content=\"https:\/\/svetslik.si\/wp-content\/uploads\/2021\/08\/image_Reflection-of-the-Big-Dipper_680.jpg\" \/>\n\t<meta property=\"og:image:width\" content=\"900\" \/>\n\t<meta property=\"og:image:height\" content=\"1097\" \/>\n\t<meta property=\"og:image:type\" content=\"image\/jpeg\" \/>\n<meta name=\"twitter:card\" content=\"summary_large_image\" \/>\n<meta name=\"twitter:site\" content=\"@svetslik\" \/>\n<meta name=\"twitter:label1\" content=\"Disponibilit\u00e0\" \/>\n\t<meta name=\"twitter:data1\" content=\"Su ordinazione\" \/>\n<script type=\"application\/ld+json\" class=\"yoast-schema-graph\">{\"@context\":\"https:\/\/schema.org\",\"@graph\":[{\"@type\":[\"WebPage\",\"ItemPage\"],\"@id\":\"https:\/\/svetslik.si\/it\/jackson-pollock\/reflection-of-the-big-dipper\/\",\"url\":\"https:\/\/svetslik.si\/it\/jackson-pollock\/reflection-of-the-big-dipper\/\",\"name\":\"Jackson Pollock - Reflection of the Big Dipper - SVETSLIK.SI - Dipinto al 100% fatto a mano\",\"isPartOf\":{\"@id\":\"https:\/\/svetslik.si\/it\/#website\"},\"primaryImageOfPage\":{\"@id\":\"https:\/\/svetslik.si\/it\/jackson-pollock\/reflection-of-the-big-dipper\/#primaryimage\"},\"image\":{\"@id\":\"https:\/\/svetslik.si\/it\/jackson-pollock\/reflection-of-the-big-dipper\/#primaryimage\"},\"thumbnailUrl\":\"https:\/\/svetslik.si\/wp-content\/uploads\/2021\/08\/image_Reflection-of-the-Big-Dipper_680.jpg\",\"datePublished\":\"2021-09-02T16:45:36+00:00\",\"dateModified\":\"2026-03-22T21:36:23+00:00\",\"description\":\"Jackson Pollock - Reflection of the Big Dipper - Riproduzioni di quadri d'arte al 100% dipinti a mano su tela. Cornici per quadri, vendita e realizzazione di dimensioni su ordinazione.\",\"breadcrumb\":{\"@id\":\"https:\/\/svetslik.si\/it\/jackson-pollock\/reflection-of-the-big-dipper\/#breadcrumb\"},\"inLanguage\":\"it-IT\",\"potentialAction\":[{\"@type\":\"ReadAction\",\"target\":[\"https:\/\/svetslik.si\/it\/jackson-pollock\/reflection-of-the-big-dipper\/\"]}]},{\"@type\":\"ImageObject\",\"inLanguage\":\"it-IT\",\"@id\":\"https:\/\/svetslik.si\/it\/jackson-pollock\/reflection-of-the-big-dipper\/#primaryimage\",\"url\":\"https:\/\/svetslik.si\/wp-content\/uploads\/2021\/08\/image_Reflection-of-the-Big-Dipper_680.jpg\",\"contentUrl\":\"https:\/\/svetslik.si\/wp-content\/uploads\/2021\/08\/image_Reflection-of-the-Big-Dipper_680.jpg\",\"width\":900,\"height\":1097,\"caption\":\"Jackson Pollock - Riflessione dell'Orsa Maggiore - Riproduzioni di pittori famosi, arte moderna della parete, arte della parete\"},{\"@type\":\"BreadcrumbList\",\"@id\":\"https:\/\/svetslik.si\/it\/jackson-pollock\/reflection-of-the-big-dipper\/#breadcrumb\",\"itemListElement\":[{\"@type\":\"ListItem\",\"position\":1,\"name\":\"Fali m\u0171v\u00e9szet \u00e9s festm\u00e9nyek v\u00e1szonra\",\"item\":\"https:\/\/svetslik.si\/it\/\"},{\"@type\":\"ListItem\",\"position\":2,\"name\":\"Vendita di dipinti\",\"item\":\"https:\/\/svetslik.si\/prodaja-slik\/\"},{\"@type\":\"ListItem\",\"position\":3,\"name\":\"Jackson Pollock &#8211; Reflection of the Big Dipper\"}]},{\"@type\":\"WebSite\",\"@id\":\"https:\/\/svetslik.si\/it\/#website\",\"url\":\"https:\/\/svetslik.si\/it\/\",\"name\":\"SVETSLIK.SI\",\"description\":\"100% riproduzioni dipinte a mano di quadri di pittori famosi e dipinti su tela.\",\"publisher\":{\"@id\":\"https:\/\/svetslik.si\/it\/#organization\"},\"potentialAction\":[{\"@type\":\"SearchAction\",\"target\":{\"@type\":\"EntryPoint\",\"urlTemplate\":\"https:\/\/svetslik.si\/it\/?s={search_term_string}\"},\"query-input\":{\"@type\":\"PropertyValueSpecification\",\"valueRequired\":true,\"valueName\":\"search_term_string\"}}],\"inLanguage\":\"it-IT\"},{\"@type\":\"Organization\",\"@id\":\"https:\/\/svetslik.si\/it\/#organization\",\"name\":\"SvetSlik.si\",\"url\":\"https:\/\/svetslik.si\/it\/\",\"logo\":{\"@type\":\"ImageObject\",\"inLanguage\":\"it-IT\",\"@id\":\"https:\/\/svetslik.si\/it\/#\/schema\/logo\/image\/\",\"url\":\"https:\/\/svetslik.si\/wp-content\/uploads\/2020\/12\/logo-512.png\",\"contentUrl\":\"https:\/\/svetslik.si\/wp-content\/uploads\/2020\/12\/logo-512.png\",\"width\":512,\"height\":512,\"caption\":\"SvetSlik.si\"},\"image\":{\"@id\":\"https:\/\/svetslik.si\/it\/#\/schema\/logo\/image\/\"},\"sameAs\":[\"https:\/\/www.facebook.com\/svetslik.si\",\"https:\/\/x.com\/svetslik\",\"https:\/\/www.instagram.com\/svetslik.si\/\",\"https:\/\/www.linkedin.com\/company\/svetslik-si\"]}]}<\/script>\n<meta property=\"og:availability\" content=\"backorder\" \/>\n<meta property=\"product:availability\" content=\"available for order\" \/>\n<meta property=\"product:retailer_item_id\" content=\"720__\" \/>\n<meta property=\"product:condition\" content=\"new\" \/>\n<!-- \/ Yoast SEO Premium plugin. -->","yoast_head_json":{"title":"Jackson Pollock - Reflection of the Big Dipper - SVETSLIK.SI - Dipinto al 100% fatto a mano","description":"Jackson Pollock - Reflection of the Big Dipper - Riproduzioni di quadri d'arte al 100% dipinti a mano su tela. Cornici per quadri, vendita e realizzazione di dimensioni su ordinazione.","robots":{"index":"index","follow":"follow","max-snippet":"max-snippet:-1","max-image-preview":"max-image-preview:large","max-video-preview":"max-video-preview:-1"},"canonical":"https:\/\/svetslik.si\/it\/jackson-pollock\/reflection-of-the-big-dipper\/","og_locale":"it_IT","og_type":"article","og_title":"Jackson Pollock - Reflection of the Big Dipper","og_description":"100% ro\u010dno naslikane slike na platnu, reprodukcije znanih slikarjev in umetni\u0161ke slike po naro\u010dilu.","og_url":"https:\/\/svetslik.si\/it\/jackson-pollock\/reflection-of-the-big-dipper\/","og_site_name":"SVETSLIK.SI","article_publisher":"https:\/\/www.facebook.com\/svetslik.si","article_modified_time":"2026-03-22T21:36:23+00:00","og_image":[{"width":900,"height":1097,"url":"https:\/\/svetslik.si\/wp-content\/uploads\/2021\/08\/image_Reflection-of-the-Big-Dipper_680.jpg","type":"image\/jpeg"}],"twitter_card":"summary_large_image","twitter_site":"@svetslik","twitter_misc":{"Disponibilit\u00e0":"Su ordinazione"},"schema":{"@context":"https:\/\/schema.org","@graph":[{"@type":["WebPage","ItemPage"],"@id":"https:\/\/svetslik.si\/it\/jackson-pollock\/reflection-of-the-big-dipper\/","url":"https:\/\/svetslik.si\/it\/jackson-pollock\/reflection-of-the-big-dipper\/","name":"Jackson Pollock - Reflection of the Big Dipper - SVETSLIK.SI - Dipinto al 100% fatto a mano","isPartOf":{"@id":"https:\/\/svetslik.si\/it\/#website"},"primaryImageOfPage":{"@id":"https:\/\/svetslik.si\/it\/jackson-pollock\/reflection-of-the-big-dipper\/#primaryimage"},"image":{"@id":"https:\/\/svetslik.si\/it\/jackson-pollock\/reflection-of-the-big-dipper\/#primaryimage"},"thumbnailUrl":"https:\/\/svetslik.si\/wp-content\/uploads\/2021\/08\/image_Reflection-of-the-Big-Dipper_680.jpg","datePublished":"2021-09-02T16:45:36+00:00","dateModified":"2026-03-22T21:36:23+00:00","description":"Jackson Pollock - Reflection of the Big Dipper - Riproduzioni di quadri d'arte al 100% dipinti a mano su tela. Cornici per quadri, vendita e realizzazione di dimensioni su ordinazione.","breadcrumb":{"@id":"https:\/\/svetslik.si\/it\/jackson-pollock\/reflection-of-the-big-dipper\/#breadcrumb"},"inLanguage":"it-IT","potentialAction":[{"@type":"ReadAction","target":["https:\/\/svetslik.si\/it\/jackson-pollock\/reflection-of-the-big-dipper\/"]}]},{"@type":"ImageObject","inLanguage":"it-IT","@id":"https:\/\/svetslik.si\/it\/jackson-pollock\/reflection-of-the-big-dipper\/#primaryimage","url":"https:\/\/svetslik.si\/wp-content\/uploads\/2021\/08\/image_Reflection-of-the-Big-Dipper_680.jpg","contentUrl":"https:\/\/svetslik.si\/wp-content\/uploads\/2021\/08\/image_Reflection-of-the-Big-Dipper_680.jpg","width":900,"height":1097,"caption":"Jackson Pollock - Riflessione dell'Orsa Maggiore - Riproduzioni di pittori famosi, arte moderna della parete, arte della parete"},{"@type":"BreadcrumbList","@id":"https:\/\/svetslik.si\/it\/jackson-pollock\/reflection-of-the-big-dipper\/#breadcrumb","itemListElement":[{"@type":"ListItem","position":1,"name":"Fali m\u0171v\u00e9szet \u00e9s festm\u00e9nyek v\u00e1szonra","item":"https:\/\/svetslik.si\/it\/"},{"@type":"ListItem","position":2,"name":"Vendita di dipinti","item":"https:\/\/svetslik.si\/prodaja-slik\/"},{"@type":"ListItem","position":3,"name":"Jackson Pollock &#8211; Reflection of the Big Dipper"}]},{"@type":"WebSite","@id":"https:\/\/svetslik.si\/it\/#website","url":"https:\/\/svetslik.si\/it\/","name":"SVETSLIK.SI","description":"100% riproduzioni dipinte a mano di quadri di pittori famosi e dipinti su tela.","publisher":{"@id":"https:\/\/svetslik.si\/it\/#organization"},"potentialAction":[{"@type":"SearchAction","target":{"@type":"EntryPoint","urlTemplate":"https:\/\/svetslik.si\/it\/?s={search_term_string}"},"query-input":{"@type":"PropertyValueSpecification","valueRequired":true,"valueName":"search_term_string"}}],"inLanguage":"it-IT"},{"@type":"Organization","@id":"https:\/\/svetslik.si\/it\/#organization","name":"SvetSlik.si","url":"https:\/\/svetslik.si\/it\/","logo":{"@type":"ImageObject","inLanguage":"it-IT","@id":"https:\/\/svetslik.si\/it\/#\/schema\/logo\/image\/","url":"https:\/\/svetslik.si\/wp-content\/uploads\/2020\/12\/logo-512.png","contentUrl":"https:\/\/svetslik.si\/wp-content\/uploads\/2020\/12\/logo-512.png","width":512,"height":512,"caption":"SvetSlik.si"},"image":{"@id":"https:\/\/svetslik.si\/it\/#\/schema\/logo\/image\/"},"sameAs":["https:\/\/www.facebook.com\/svetslik.si","https:\/\/x.com\/svetslik","https:\/\/www.instagram.com\/svetslik.si\/","https:\/\/www.linkedin.com\/company\/svetslik-si"]}]},"og_availability":"backorder","product_availability":"available for order","product_retailer_item_id":"720__","product_condition":"new"},"jetpack_sharing_enabled":true,"_links":{"self":[{"href":"https:\/\/svetslik.si\/it\/wp-json\/wp\/v2\/product\/42908","targetHints":{"allow":["GET"]}}],"collection":[{"href":"https:\/\/svetslik.si\/it\/wp-json\/wp\/v2\/product"}],"about":[{"href":"https:\/\/svetslik.si\/it\/wp-json\/wp\/v2\/types\/product"}],"wp:featuredmedia":[{"embeddable":true,"href":"https:\/\/svetslik.si\/it\/wp-json\/wp\/v2\/media\/35514"}],"wp:attachment":[{"href":"https:\/\/svetslik.si\/it\/wp-json\/wp\/v2\/media?parent=42908"}],"wp:term":[{"taxonomy":"product_brand","embeddable":true,"href":"https:\/\/svetslik.si\/it\/wp-json\/wp\/v2\/product_brand?post=42908"},{"taxonomy":"product_cat","embeddable":true,"href":"https:\/\/svetslik.si\/it\/wp-json\/wp\/v2\/product_cat?post=42908"},{"taxonomy":"product_tag","embeddable":true,"href":"https:\/\/svetslik.si\/it\/wp-json\/wp\/v2\/product_tag?post=42908"}],"curies":[{"name":"wp","href":"https:\/\/api.w.org\/{rel}","templated":true}]}}