{"id":42998,"date":"2021-09-02T19:13:35","date_gmt":"2021-09-02T17:13:35","guid":{"rendered":"https:\/\/svetslik.si\/senza-categoria\/the-elephants\/"},"modified":"2026-03-22T14:26:39","modified_gmt":"2026-03-22T13:26:39","slug":"the-elephants","status":"publish","type":"product","link":"https:\/\/svetslik.si\/it\/salvador-dali\/the-elephants\/","title":{"rendered":"Salvador Dali &#8211; The Elephants"},"content":{"rendered":"<div class=\"wpb-content-wrapper\">[vc_row css=&#8221;.vc_custom_1722501964272{margin-bottom: 10px !important;}&#8221;][vc_column]\t<div class=\"et-image-759 et-image     et_image_link\">\n\t\t<div class=\"et-image-inner \">\n\t\t\t\t\t\t\t<div class=\"et-image-thumb \">\n\t\t\t\t\t<img decoding=\"async\" width=\"1000\" height=\"879\" src=\"https:\/\/svetslik.si\/wp-content\/uploads\/2021\/09\/Salvador-Dali-The-Elephants-reprodukcija-slike-na-platnu-4.jpg\" class=\"attachment-full\" alt=\"Salvador Dali - The Elephants\" title=\"Salvador Dali - The Elephants\" srcset=\"https:\/\/svetslik.si\/wp-content\/uploads\/2021\/09\/Salvador-Dali-The-Elephants-reprodukcija-slike-na-platnu-4.jpg 1000w, https:\/\/svetslik.si\/wp-content\/uploads\/2021\/09\/Salvador-Dali-The-Elephants-reprodukcija-slike-na-platnu-4-600x527.jpg 600w, https:\/\/svetslik.si\/wp-content\/uploads\/2021\/09\/Salvador-Dali-The-Elephants-reprodukcija-slike-na-platnu-4-300x264.jpg 300w, https:\/\/svetslik.si\/wp-content\/uploads\/2021\/09\/Salvador-Dali-The-Elephants-reprodukcija-slike-na-platnu-4-768x675.jpg 768w, https:\/\/svetslik.si\/wp-content\/uploads\/2021\/09\/Salvador-Dali-The-Elephants-reprodukcija-slike-na-platnu-4-150x132.jpg 150w, https:\/\/svetslik.si\/wp-content\/uploads\/2021\/09\/Salvador-Dali-The-Elephants-reprodukcija-slike-na-platnu-4-900x791.jpg 900w\" sizes=\"(max-width: 1000px) 100vw, 1000px\" \/>\t\t\t\t<\/div>\n\t\t\t\t\t\t\t\t\t\t\t<\/div>\n\t<\/div>\n  [\/vc_column][\/vc_row][vc_row css=&#8221;.vc_custom_1722501964272{margin-bottom: 10px !important;}&#8221;][vc_column]\t<div class=\"et-image-248 et-image     et_image_link\">\n\t\t<div class=\"et-image-inner \">\n\t\t\t\t\t\t\t<div class=\"et-image-thumb \">\n\t\t\t\t\t<img decoding=\"async\" width=\"1000\" height=\"1065\" src=\"https:\/\/svetslik.si\/wp-content\/uploads\/2021\/09\/Salvador-Dali-The-Elephants-reprodukcija-slike-na-platnu-2.jpg\" class=\"attachment-full\" alt=\"Salvador Dali - The Elephants\" title=\"Salvador Dali - The Elephants\" srcset=\"https:\/\/svetslik.si\/wp-content\/uploads\/2021\/09\/Salvador-Dali-The-Elephants-reprodukcija-slike-na-platnu-2.jpg 1000w, https:\/\/svetslik.si\/wp-content\/uploads\/2021\/09\/Salvador-Dali-The-Elephants-reprodukcija-slike-na-platnu-2-600x639.jpg 600w, https:\/\/svetslik.si\/wp-content\/uploads\/2021\/09\/Salvador-Dali-The-Elephants-reprodukcija-slike-na-platnu-2-282x300.jpg 282w, https:\/\/svetslik.si\/wp-content\/uploads\/2021\/09\/Salvador-Dali-The-Elephants-reprodukcija-slike-na-platnu-2-962x1024.jpg 962w, https:\/\/svetslik.si\/wp-content\/uploads\/2021\/09\/Salvador-Dali-The-Elephants-reprodukcija-slike-na-platnu-2-768x818.jpg 768w, https:\/\/svetslik.si\/wp-content\/uploads\/2021\/09\/Salvador-Dali-The-Elephants-reprodukcija-slike-na-platnu-2-141x150.jpg 141w, https:\/\/svetslik.si\/wp-content\/uploads\/2021\/09\/Salvador-Dali-The-Elephants-reprodukcija-slike-na-platnu-2-900x959.jpg 900w\" sizes=\"(max-width: 1000px) 100vw, 1000px\" \/>\t\t\t\t<\/div>\n\t\t\t\t\t\t\t\t\t\t\t<\/div>\n\t<\/div>\n  [\/vc_column][\/vc_row][vc_row css=&#8221;.vc_custom_1722501964272{margin-bottom: 10px !important;}&#8221;][vc_column]\t<div class=\"et-image-501 et-image     et_image_link\">\n\t\t<div class=\"et-image-inner \">\n\t\t\t\t\t\t\t<div class=\"et-image-thumb \">\n\t\t\t\t\t<img decoding=\"async\" width=\"1000\" height=\"680\" src=\"https:\/\/svetslik.si\/wp-content\/uploads\/2021\/09\/Salvador-Dali-The-Elephants-reprodukcija-slike-na-platnu-3.jpg\" class=\"attachment-full\" alt=\"Salvador Dali - The Elephants\" title=\"Salvador Dali - The Elephants\" srcset=\"https:\/\/svetslik.si\/wp-content\/uploads\/2021\/09\/Salvador-Dali-The-Elephants-reprodukcija-slike-na-platnu-3.jpg 1000w, https:\/\/svetslik.si\/wp-content\/uploads\/2021\/09\/Salvador-Dali-The-Elephants-reprodukcija-slike-na-platnu-3-600x408.jpg 600w, https:\/\/svetslik.si\/wp-content\/uploads\/2021\/09\/Salvador-Dali-The-Elephants-reprodukcija-slike-na-platnu-3-300x204.jpg 300w, https:\/\/svetslik.si\/wp-content\/uploads\/2021\/09\/Salvador-Dali-The-Elephants-reprodukcija-slike-na-platnu-3-768x522.jpg 768w, https:\/\/svetslik.si\/wp-content\/uploads\/2021\/09\/Salvador-Dali-The-Elephants-reprodukcija-slike-na-platnu-3-150x102.jpg 150w, https:\/\/svetslik.si\/wp-content\/uploads\/2021\/09\/Salvador-Dali-The-Elephants-reprodukcija-slike-na-platnu-3-900x612.jpg 900w\" sizes=\"(max-width: 1000px) 100vw, 1000px\" \/>\t\t\t\t<\/div>\n\t\t\t\t\t\t\t\t\t\t\t<\/div>\n\t<\/div>\n  [\/vc_column][\/vc_row][vc_row css=&#8221;.vc_custom_1722501964272{margin-bottom: 10px !important;}&#8221;][vc_column]\t<div class=\"et-image-909 et-image     et_image_link\">\n\t\t<div class=\"et-image-inner \">\n\t\t\t\t\t\t\t<div class=\"et-image-thumb \">\n\t\t\t\t\t<img decoding=\"async\" width=\"1000\" height=\"563\" src=\"https:\/\/svetslik.si\/wp-content\/uploads\/2021\/09\/Salvador-Dali-The-Elephants-reprodukcija-slike-na-platnu.jpg\" class=\"attachment-full\" alt=\"Salvador Dali - The Elephants\" title=\"Salvador Dali - The Elephants\" srcset=\"https:\/\/svetslik.si\/wp-content\/uploads\/2021\/09\/Salvador-Dali-The-Elephants-reprodukcija-slike-na-platnu.jpg 1000w, https:\/\/svetslik.si\/wp-content\/uploads\/2021\/09\/Salvador-Dali-The-Elephants-reprodukcija-slike-na-platnu-600x338.jpg 600w, https:\/\/svetslik.si\/wp-content\/uploads\/2021\/09\/Salvador-Dali-The-Elephants-reprodukcija-slike-na-platnu-300x169.jpg 300w, https:\/\/svetslik.si\/wp-content\/uploads\/2021\/09\/Salvador-Dali-The-Elephants-reprodukcija-slike-na-platnu-768x432.jpg 768w, https:\/\/svetslik.si\/wp-content\/uploads\/2021\/09\/Salvador-Dali-The-Elephants-reprodukcija-slike-na-platnu-150x84.jpg 150w, https:\/\/svetslik.si\/wp-content\/uploads\/2021\/09\/Salvador-Dali-The-Elephants-reprodukcija-slike-na-platnu-900x507.jpg 900w\" sizes=\"(max-width: 1000px) 100vw, 1000px\" \/>\t\t\t\t<\/div>\n\t\t\t\t\t\t\t\t\t\t\t<\/div>\n\t<\/div>\n  [\/vc_column][\/vc_row][vc_row][vc_column][vc_column_text]\n<h1>Salvador Dali &#8211; Gli elefanti<\/h1>\n<div><\/div>\n<div>\n<table border=\"0\" width=\"673\" cellspacing=\"0\" cellpadding=\"0\">\n<tbody>\n<tr>\n<td height=\"21\">Anno di creazione:<\/td>\n<td style=\"width: 493px;\">1948<\/td>\n<\/tr>\n<tr>\n<td height=\"21\">Dimensione originale:<\/td>\n<td style=\"width: 493px;\"><\/td>\n<\/tr>\n<tr>\n<td height=\"21\">Stile colore:<\/td>\n<td>\n<div>\n<div>\n<div>\n<div>\n<div>Surrealismo<\/div>\n<\/div>\n<\/div>\n<\/div>\n<\/div>\n<\/td>\n<\/tr>\n<tr>\n<td height=\"21\">Tecnica originale:<\/td>\n<td>Olio su tela<\/td>\n<\/tr>\n<tr>\n<td height=\"21\">Situato:<\/td>\n<td>Museo Dali Spagna<\/td>\n<\/tr>\n<\/tbody>\n<colgroup>\n<col \/> <\/colgroup>\n<\/table>\n<\/div>\n<p>Gli elefanti di Salvador Dali \u00e8 un dipinto surrealista creato nel 1948. Il dipinto presenta tre elefanti dalle gambe lunghe che camminano in un arido ambiente desertico. Gli elefanti sembrano fluttuare sopra il terreno, aggiungendo alla natura onirica e surreale del dipinto.<\/p>\n<p>Uno degli elementi pi\u00f9 sorprendenti del dipinto Elefanti \u00e8 l&#8217;uso del colore. Dali utilizza una tavolozza di colori limitata, composta principalmente da sfumature di grigio e marrone. Questa combinazione di colori aggiunge la sensazione di un paesaggio desertico e desolato e contrasta con il candore luminoso, quasi luminoso degli elefanti.<\/p>\n<p>Gli elefanti nel dipinto sono stati anche interpretati come un simbolo della mente subconscia, poich\u00e9 le loro gambe estese rappresentano la connessione tra mente conscia e subconscia. L&#8217;uso di elefanti da parte di Dal\u00ed, solitamente associato alla memoria e al potere, aggiunge anche un significato pi\u00f9 profondo al dipinto.<\/p>\n<p>&#8220;Elephants&#8221; \u00e8 considerata una delle opere pi\u00f9 importanti di Dal\u00ed degli anni &#8217;40 ed \u00e8 un eccellente esempio del suo stile surrealista. Il dipinto \u00e8 stato presentato in numerose mostre ed \u00e8 nella collezione del Museum of Modern Art di New York.<\/p>\n<p>In conclusione, Gli elefanti di Salvador Dali \u00e8 un dipinto potente e sbalorditivo che mette in mostra lo stile unico dell&#8217;artista e la capacit\u00e0 di esprimere significati profondi attraverso immagini surreali. Il dipinto \u00e8 ancora un&#8217;opera d&#8217;arte popolare e apprezzata e una tappa obbligata per ogni fan del Surrealismo o dell&#8217;opera di Dal\u00ed.<\/p>\n<\/div>","protected":false},"excerpt":{"rendered":"<p>[vc_row css=&#8221;.vc_custom_1722501964272{margin-bottom: 10px !important;}&#8221;][vc_column][\/vc_column][\/vc_row][vc_row css=&#8221;.vc_custom_1722501964272{margin-bottom: 10px !important;}&#8221;][vc_column][\/vc_column][\/vc_row][vc_row css=&#8221;.vc_custom_1722501964272{margin-bottom: 10px !important;}&#8221;][vc_column][\/vc_column][\/vc_row][vc_row css=&#8221;.vc_custom_1722501964272{margin-bottom: 10px !important;}&#8221;][vc_column][\/vc_column][\/vc_row][vc_row][vc_column][vc_column_text] Salvador Dali &#8211; Gli elefanti Anno di creazione: 1948 Dimensione originale: Stile colore: Surrealismo Tecnica originale: Olio su tela Situato: Museo Dali Spagna Gli elefanti di Salvador Dali \u00e8 un dipinto surrealista creato nel 1948. Il dipinto [&hellip;]<\/p>\n","protected":false},"featured_media":35707,"template":"","meta":{"_acf_changed":false},"product_brand":[],"product_cat":[4205],"product_tag":[4213,4245,4246,4251,4253],"class_list":{"0":"post-42998","1":"product","2":"type-product","3":"status-publish","4":"has-post-thumbnail","6":"product_cat-salvador-dali","7":"product_tag-dali-it","8":"product_tag-riproduzione","9":"product_tag-riproduzione-it","10":"product_tag-salvador-dali-it","11":"product_tag-un-pittore","12":"pa_dimenzija-100-x-80-cm-it","13":"pa_dimenzija-120-x-100-cm-it","14":"pa_dimenzija-160-x-130-cm-it","15":"pa_dimenzija-50-x-40-cm-it","16":"pa_dimenzija-60-x-50-cm-it","17":"pa_dimenzija-70-x-50-cm-it","18":"pa_dimenzija-70-x-60-cm-it","19":"pa_dimenzija-80-x-65-cm-it","20":"pa_oblika-orizzontale","21":"pa_okvir-sensa-cornice","22":"pa_podokvir-no","23":"pa_podokvir-si","25":"first","26":"onbackorder","27":"purchasable","28":"product-type-variable","29":"has-default-attributes"},"acf":[],"yoast_head":"<!-- This site is optimized with the Yoast SEO Premium plugin v26.0 (Yoast SEO v27.2) - https:\/\/yoast.com\/product\/yoast-seo-premium-wordpress\/ -->\n<title>Salvador Dali - The Elephants - SVETSLIK.SI - Dipinto al 100% fatto a mano<\/title>\n<meta name=\"description\" content=\"Salvador Dali - The Elephants - Riproduzioni di quadri d&#039;arte al 100% dipinti a mano su tela. Cornici per quadri, vendita e realizzazione di dimensioni su ordinazione.\" \/>\n<meta name=\"robots\" content=\"index, follow, max-snippet:-1, max-image-preview:large, max-video-preview:-1\" \/>\n<link rel=\"canonical\" href=\"https:\/\/svetslik.si\/it\/salvador-dali\/the-elephants\/\" \/>\n<meta property=\"og:locale\" content=\"it_IT\" \/>\n<meta property=\"og:type\" content=\"article\" \/>\n<meta property=\"og:title\" content=\"Salvador Dali - The Elephants\" \/>\n<meta property=\"og:description\" content=\"100% ro\u010dno naslikane slike na platnu, reprodukcije znanih slikarjev in umetni\u0161ke slike po naro\u010dilu.\" \/>\n<meta property=\"og:url\" content=\"https:\/\/svetslik.si\/it\/salvador-dali\/the-elephants\/\" \/>\n<meta property=\"og:site_name\" content=\"SVETSLIK.SI\" \/>\n<meta property=\"article:publisher\" content=\"https:\/\/www.facebook.com\/svetslik.si\" \/>\n<meta property=\"article:modified_time\" content=\"2026-03-22T13:26:39+00:00\" \/>\n<meta property=\"og:image\" content=\"https:\/\/svetslik.si\/wp-content\/uploads\/2021\/08\/image_The-Elephants_680.jpg\" \/>\n\t<meta property=\"og:image:width\" content=\"1920\" \/>\n\t<meta property=\"og:image:height\" content=\"1603\" \/>\n\t<meta property=\"og:image:type\" content=\"image\/jpeg\" \/>\n<meta name=\"twitter:card\" content=\"summary_large_image\" \/>\n<meta name=\"twitter:site\" content=\"@svetslik\" \/>\n<meta name=\"twitter:label1\" content=\"Disponibilit\u00e0\" \/>\n\t<meta name=\"twitter:data1\" content=\"Su ordinazione\" \/>\n<script type=\"application\/ld+json\" class=\"yoast-schema-graph\">{\"@context\":\"https:\/\/schema.org\",\"@graph\":[{\"@type\":[\"WebPage\",\"ItemPage\"],\"@id\":\"https:\/\/svetslik.si\/it\/salvador-dali\/the-elephants\/\",\"url\":\"https:\/\/svetslik.si\/it\/salvador-dali\/the-elephants\/\",\"name\":\"Salvador Dali - The Elephants - SVETSLIK.SI - Dipinto al 100% fatto a mano\",\"isPartOf\":{\"@id\":\"https:\/\/svetslik.si\/it\/#website\"},\"primaryImageOfPage\":{\"@id\":\"https:\/\/svetslik.si\/it\/salvador-dali\/the-elephants\/#primaryimage\"},\"image\":{\"@id\":\"https:\/\/svetslik.si\/it\/salvador-dali\/the-elephants\/#primaryimage\"},\"thumbnailUrl\":\"https:\/\/svetslik.si\/wp-content\/uploads\/2021\/08\/image_The-Elephants_680.jpg\",\"datePublished\":\"2021-09-02T17:13:35+00:00\",\"dateModified\":\"2026-03-22T13:26:39+00:00\",\"description\":\"Salvador Dali - The Elephants - Riproduzioni di quadri d'arte al 100% dipinti a mano su tela. Cornici per quadri, vendita e realizzazione di dimensioni su ordinazione.\",\"breadcrumb\":{\"@id\":\"https:\/\/svetslik.si\/it\/salvador-dali\/the-elephants\/#breadcrumb\"},\"inLanguage\":\"it-IT\",\"potentialAction\":[{\"@type\":\"ReadAction\",\"target\":[\"https:\/\/svetslik.si\/it\/salvador-dali\/the-elephants\/\"]}]},{\"@type\":\"ImageObject\",\"inLanguage\":\"it-IT\",\"@id\":\"https:\/\/svetslik.si\/it\/salvador-dali\/the-elephants\/#primaryimage\",\"url\":\"https:\/\/svetslik.si\/wp-content\/uploads\/2021\/08\/image_The-Elephants_680.jpg\",\"contentUrl\":\"https:\/\/svetslik.si\/wp-content\/uploads\/2021\/08\/image_The-Elephants_680.jpg\",\"width\":1920,\"height\":1603,\"caption\":\"Salvador Dali - Gli Elefanti - Riproduzioni dipinte a mano di famosi pittori, quadri moderni, quadri d'arte per parete\"},{\"@type\":\"BreadcrumbList\",\"@id\":\"https:\/\/svetslik.si\/it\/salvador-dali\/the-elephants\/#breadcrumb\",\"itemListElement\":[{\"@type\":\"ListItem\",\"position\":1,\"name\":\"Fali m\u0171v\u00e9szet \u00e9s festm\u00e9nyek v\u00e1szonra\",\"item\":\"https:\/\/svetslik.si\/it\/\"},{\"@type\":\"ListItem\",\"position\":2,\"name\":\"Vendita di dipinti\",\"item\":\"https:\/\/svetslik.si\/prodaja-slik\/\"},{\"@type\":\"ListItem\",\"position\":3,\"name\":\"Salvador Dali &#8211; The Elephants\"}]},{\"@type\":\"WebSite\",\"@id\":\"https:\/\/svetslik.si\/it\/#website\",\"url\":\"https:\/\/svetslik.si\/it\/\",\"name\":\"SVETSLIK.SI\",\"description\":\"100% riproduzioni dipinte a mano di quadri di pittori famosi e dipinti su tela.\",\"publisher\":{\"@id\":\"https:\/\/svetslik.si\/it\/#organization\"},\"potentialAction\":[{\"@type\":\"SearchAction\",\"target\":{\"@type\":\"EntryPoint\",\"urlTemplate\":\"https:\/\/svetslik.si\/it\/?s={search_term_string}\"},\"query-input\":{\"@type\":\"PropertyValueSpecification\",\"valueRequired\":true,\"valueName\":\"search_term_string\"}}],\"inLanguage\":\"it-IT\"},{\"@type\":\"Organization\",\"@id\":\"https:\/\/svetslik.si\/it\/#organization\",\"name\":\"SvetSlik.si\",\"url\":\"https:\/\/svetslik.si\/it\/\",\"logo\":{\"@type\":\"ImageObject\",\"inLanguage\":\"it-IT\",\"@id\":\"https:\/\/svetslik.si\/it\/#\/schema\/logo\/image\/\",\"url\":\"https:\/\/svetslik.si\/wp-content\/uploads\/2020\/12\/logo-512.png\",\"contentUrl\":\"https:\/\/svetslik.si\/wp-content\/uploads\/2020\/12\/logo-512.png\",\"width\":512,\"height\":512,\"caption\":\"SvetSlik.si\"},\"image\":{\"@id\":\"https:\/\/svetslik.si\/it\/#\/schema\/logo\/image\/\"},\"sameAs\":[\"https:\/\/www.facebook.com\/svetslik.si\",\"https:\/\/x.com\/svetslik\",\"https:\/\/www.instagram.com\/svetslik.si\/\",\"https:\/\/www.linkedin.com\/company\/svetslik-si\"]}]}<\/script>\n<meta property=\"og:availability\" content=\"backorder\" \/>\n<meta property=\"product:availability\" content=\"available for order\" \/>\n<meta property=\"product:retailer_item_id\" content=\"1030__\" \/>\n<meta property=\"product:condition\" content=\"new\" \/>\n<!-- \/ Yoast SEO Premium plugin. -->","yoast_head_json":{"title":"Salvador Dali - The Elephants - SVETSLIK.SI - Dipinto al 100% fatto a mano","description":"Salvador Dali - The Elephants - Riproduzioni di quadri d'arte al 100% dipinti a mano su tela. Cornici per quadri, vendita e realizzazione di dimensioni su ordinazione.","robots":{"index":"index","follow":"follow","max-snippet":"max-snippet:-1","max-image-preview":"max-image-preview:large","max-video-preview":"max-video-preview:-1"},"canonical":"https:\/\/svetslik.si\/it\/salvador-dali\/the-elephants\/","og_locale":"it_IT","og_type":"article","og_title":"Salvador Dali - The Elephants","og_description":"100% ro\u010dno naslikane slike na platnu, reprodukcije znanih slikarjev in umetni\u0161ke slike po naro\u010dilu.","og_url":"https:\/\/svetslik.si\/it\/salvador-dali\/the-elephants\/","og_site_name":"SVETSLIK.SI","article_publisher":"https:\/\/www.facebook.com\/svetslik.si","article_modified_time":"2026-03-22T13:26:39+00:00","og_image":[{"width":1920,"height":1603,"url":"https:\/\/svetslik.si\/wp-content\/uploads\/2021\/08\/image_The-Elephants_680.jpg","type":"image\/jpeg"}],"twitter_card":"summary_large_image","twitter_site":"@svetslik","twitter_misc":{"Disponibilit\u00e0":"Su ordinazione"},"schema":{"@context":"https:\/\/schema.org","@graph":[{"@type":["WebPage","ItemPage"],"@id":"https:\/\/svetslik.si\/it\/salvador-dali\/the-elephants\/","url":"https:\/\/svetslik.si\/it\/salvador-dali\/the-elephants\/","name":"Salvador Dali - The Elephants - SVETSLIK.SI - Dipinto al 100% fatto a mano","isPartOf":{"@id":"https:\/\/svetslik.si\/it\/#website"},"primaryImageOfPage":{"@id":"https:\/\/svetslik.si\/it\/salvador-dali\/the-elephants\/#primaryimage"},"image":{"@id":"https:\/\/svetslik.si\/it\/salvador-dali\/the-elephants\/#primaryimage"},"thumbnailUrl":"https:\/\/svetslik.si\/wp-content\/uploads\/2021\/08\/image_The-Elephants_680.jpg","datePublished":"2021-09-02T17:13:35+00:00","dateModified":"2026-03-22T13:26:39+00:00","description":"Salvador Dali - The Elephants - Riproduzioni di quadri d'arte al 100% dipinti a mano su tela. Cornici per quadri, vendita e realizzazione di dimensioni su ordinazione.","breadcrumb":{"@id":"https:\/\/svetslik.si\/it\/salvador-dali\/the-elephants\/#breadcrumb"},"inLanguage":"it-IT","potentialAction":[{"@type":"ReadAction","target":["https:\/\/svetslik.si\/it\/salvador-dali\/the-elephants\/"]}]},{"@type":"ImageObject","inLanguage":"it-IT","@id":"https:\/\/svetslik.si\/it\/salvador-dali\/the-elephants\/#primaryimage","url":"https:\/\/svetslik.si\/wp-content\/uploads\/2021\/08\/image_The-Elephants_680.jpg","contentUrl":"https:\/\/svetslik.si\/wp-content\/uploads\/2021\/08\/image_The-Elephants_680.jpg","width":1920,"height":1603,"caption":"Salvador Dali - Gli Elefanti - Riproduzioni dipinte a mano di famosi pittori, quadri moderni, quadri d'arte per parete"},{"@type":"BreadcrumbList","@id":"https:\/\/svetslik.si\/it\/salvador-dali\/the-elephants\/#breadcrumb","itemListElement":[{"@type":"ListItem","position":1,"name":"Fali m\u0171v\u00e9szet \u00e9s festm\u00e9nyek v\u00e1szonra","item":"https:\/\/svetslik.si\/it\/"},{"@type":"ListItem","position":2,"name":"Vendita di dipinti","item":"https:\/\/svetslik.si\/prodaja-slik\/"},{"@type":"ListItem","position":3,"name":"Salvador Dali &#8211; The Elephants"}]},{"@type":"WebSite","@id":"https:\/\/svetslik.si\/it\/#website","url":"https:\/\/svetslik.si\/it\/","name":"SVETSLIK.SI","description":"100% riproduzioni dipinte a mano di quadri di pittori famosi e dipinti su tela.","publisher":{"@id":"https:\/\/svetslik.si\/it\/#organization"},"potentialAction":[{"@type":"SearchAction","target":{"@type":"EntryPoint","urlTemplate":"https:\/\/svetslik.si\/it\/?s={search_term_string}"},"query-input":{"@type":"PropertyValueSpecification","valueRequired":true,"valueName":"search_term_string"}}],"inLanguage":"it-IT"},{"@type":"Organization","@id":"https:\/\/svetslik.si\/it\/#organization","name":"SvetSlik.si","url":"https:\/\/svetslik.si\/it\/","logo":{"@type":"ImageObject","inLanguage":"it-IT","@id":"https:\/\/svetslik.si\/it\/#\/schema\/logo\/image\/","url":"https:\/\/svetslik.si\/wp-content\/uploads\/2020\/12\/logo-512.png","contentUrl":"https:\/\/svetslik.si\/wp-content\/uploads\/2020\/12\/logo-512.png","width":512,"height":512,"caption":"SvetSlik.si"},"image":{"@id":"https:\/\/svetslik.si\/it\/#\/schema\/logo\/image\/"},"sameAs":["https:\/\/www.facebook.com\/svetslik.si","https:\/\/x.com\/svetslik","https:\/\/www.instagram.com\/svetslik.si\/","https:\/\/www.linkedin.com\/company\/svetslik-si"]}]},"og_availability":"backorder","product_availability":"available for order","product_retailer_item_id":"1030__","product_condition":"new"},"jetpack_sharing_enabled":true,"_links":{"self":[{"href":"https:\/\/svetslik.si\/it\/wp-json\/wp\/v2\/product\/42998","targetHints":{"allow":["GET"]}}],"collection":[{"href":"https:\/\/svetslik.si\/it\/wp-json\/wp\/v2\/product"}],"about":[{"href":"https:\/\/svetslik.si\/it\/wp-json\/wp\/v2\/types\/product"}],"wp:featuredmedia":[{"embeddable":true,"href":"https:\/\/svetslik.si\/it\/wp-json\/wp\/v2\/media\/35707"}],"wp:attachment":[{"href":"https:\/\/svetslik.si\/it\/wp-json\/wp\/v2\/media?parent=42998"}],"wp:term":[{"taxonomy":"product_brand","embeddable":true,"href":"https:\/\/svetslik.si\/it\/wp-json\/wp\/v2\/product_brand?post=42998"},{"taxonomy":"product_cat","embeddable":true,"href":"https:\/\/svetslik.si\/it\/wp-json\/wp\/v2\/product_cat?post=42998"},{"taxonomy":"product_tag","embeddable":true,"href":"https:\/\/svetslik.si\/it\/wp-json\/wp\/v2\/product_tag?post=42998"}],"curies":[{"name":"wp","href":"https:\/\/api.w.org\/{rel}","templated":true}]}}