{"id":43201,"date":"2022-10-19T10:56:19","date_gmt":"2022-10-19T08:56:19","guid":{"rendered":"https:\/\/svetslik.si\/senza-categoria\/mark-rothko-no-9-dark-over-light-earth-violet-and-yellow-in-rose-2\/"},"modified":"2024-07-04T18:23:52","modified_gmt":"2024-07-04T16:23:52","slug":"mark-rothko-no-9-dark-over-light-earth-violet-and-yellow-in-rose-2","status":"publish","type":"product","link":"https:\/\/svetslik.si\/it\/mark-rothko\/mark-rothko-no-9-dark-over-light-earth-violet-and-yellow-in-rose-2\/","title":{"rendered":"Mark Rothko \u2013 No. 9 (Dark over Light Earth\/Violet and Yellow in Rose)"},"content":{"rendered":"<h1>Mark Rothko \u2013 n. 9 (Terra scura su terra chiara\/viola e giallo e rosa)<\/h1>\n<p>&nbsp;<\/p>\n<table border=\"0\" width=\"673\" cellspacing=\"0\" cellpadding=\"0\">\n<tr>\n<td height=\"21\">Anno di creazione:<\/td>\n<td style=\"width: 493px\">1954<\/td>\n<\/tr>\n<tr>\n<td height=\"21\">Dimensione originale:<\/td>\n<td style=\"width: 493px\">211,46 x 172,72 cm<\/td>\n<\/tr>\n<tr>\n<td height=\"21\">Stile colore:<\/td>\n<td>Astrazione<\/td>\n<\/tr>\n<tr>\n<td height=\"21\">Tecnica originale:<\/td>\n<td>Olio su tela<\/td>\n<\/tr>\n<tr>\n<td height=\"21\">Situato:<\/td>\n<td>New York<\/td>\n<\/tr>\n<\/tbody>\n<colgroup>\n<col \/>\n<col \/> <\/colgroup>\n<\/table>\n<p>&nbsp;<\/p>\n","protected":false},"excerpt":{"rendered":"<p>Mark Rothko \u2013 n. 9 (Terra scura su terra chiara\/viola e giallo e rosa) &nbsp; Anno di creazione: 1954 Dimensione originale: 211,46 x 172,72 cm Stile colore: Astrazione Tecnica originale: Olio su tela Situato: New York &nbsp;<\/p>\n","protected":false},"featured_media":36694,"template":"","meta":{"_acf_changed":false},"product_brand":[],"product_cat":[4203],"product_tag":[4245,4246,4248,4253],"class_list":{"0":"post-43201","1":"product","2":"type-product","3":"status-publish","4":"has-post-thumbnail","6":"product_cat-mark-rothko","7":"product_tag-riproduzione","8":"product_tag-riproduzione-it","9":"product_tag-rothko-it","10":"product_tag-un-pittore","11":"pa_dimenzija-100-cm-x-82-cm-it","12":"pa_dimenzija-110-cm-x-90-cm-it","13":"pa_dimenzija-120-cm-x-98-cm-it","14":"pa_dimenzija-130-cm-x-106-cm-it","15":"pa_dimenzija-150-cm-x-122-cm-it","16":"pa_dimenzija-175-cm-x-143-cm-it","17":"pa_dimenzija-200-cm-x-163-cm-it","18":"pa_dimenzija-211-cm-x-172-cm-it","19":"pa_dimenzija-250-cm-x-204-cm-it","20":"pa_dimenzija-40-cm-x-33-cm-it","21":"pa_dimenzija-50-cm-x-40-cm-it","22":"pa_dimenzija-60-cm-x-50-cm-it","23":"pa_dimenzija-70-cm-x-57-cm-it","24":"pa_dimenzija-80-cm-x-65-cm-it","25":"pa_dimenzija-90-cm-x-73-cm-it","26":"pa_oblika-verticale","27":"pa_okvir-sensa-cornice","28":"pa_podokvir-no","29":"pa_podokvir-si","31":"first","32":"onbackorder","33":"purchasable","34":"product-type-variable","35":"has-default-attributes"},"acf":[],"yoast_head":"<!-- This site is optimized with the Yoast SEO Premium plugin v26.0 (Yoast SEO v27.2) - https:\/\/yoast.com\/product\/yoast-seo-premium-wordpress\/ -->\n<title>Mark Rothko \u2013 No. 9 (Dark over Light Earth\/Violet and Yellow in Rose) - SVETSLIK.SI - Dipinto al 100% fatto a mano<\/title>\n<meta name=\"description\" content=\"Mark Rothko \u2013 No. 9 (Dark over Light Earth\/Violet and Yellow in Rose) - Riproduzioni di quadri d&#039;arte al 100% dipinti a mano su tela. Cornici per quadri, vendita e realizzazione di dimensioni su ordinazione.\" \/>\n<meta name=\"robots\" content=\"index, follow, max-snippet:-1, max-image-preview:large, max-video-preview:-1\" \/>\n<link rel=\"canonical\" href=\"https:\/\/svetslik.si\/it\/mark-rothko\/mark-rothko-no-9-dark-over-light-earth-violet-and-yellow-in-rose-2\/\" \/>\n<meta property=\"og:locale\" content=\"it_IT\" \/>\n<meta property=\"og:type\" content=\"article\" \/>\n<meta property=\"og:title\" content=\"Mark Rothko \u2013 No. 9 (Dark over Light Earth\/Violet and Yellow in Rose)\" \/>\n<meta property=\"og:description\" content=\"100% ro\u010dno naslikane slike na platnu, reprodukcije znanih slikarjev in umetni\u0161ke slike po naro\u010dilu.\" \/>\n<meta property=\"og:url\" content=\"https:\/\/svetslik.si\/it\/mark-rothko\/mark-rothko-no-9-dark-over-light-earth-violet-and-yellow-in-rose-2\/\" \/>\n<meta property=\"og:site_name\" content=\"SVETSLIK.SI\" \/>\n<meta property=\"article:publisher\" content=\"https:\/\/www.facebook.com\/svetslik.si\" \/>\n<meta property=\"article:modified_time\" content=\"2024-07-04T16:23:52+00:00\" \/>\n<meta property=\"og:image\" content=\"https:\/\/svetslik.si\/wp-content\/uploads\/2022\/10\/Mark-Rothko-No.-9-Dark-over-Light-Earth-Violet-and-Yellow-in-Rose.jpg\" \/>\n\t<meta property=\"og:image:width\" content=\"1222\" \/>\n\t<meta property=\"og:image:height\" content=\"1500\" \/>\n\t<meta property=\"og:image:type\" content=\"image\/jpeg\" \/>\n<meta name=\"twitter:card\" content=\"summary_large_image\" \/>\n<meta name=\"twitter:site\" content=\"@svetslik\" \/>\n<meta name=\"twitter:label1\" content=\"Disponibilit\u00e0\" \/>\n\t<meta name=\"twitter:data1\" content=\"Su ordinazione\" \/>\n<script type=\"application\/ld+json\" class=\"yoast-schema-graph\">{\"@context\":\"https:\/\/schema.org\",\"@graph\":[{\"@type\":[\"WebPage\",\"ItemPage\"],\"@id\":\"https:\/\/svetslik.si\/it\/mark-rothko\/mark-rothko-no-9-dark-over-light-earth-violet-and-yellow-in-rose-2\/\",\"url\":\"https:\/\/svetslik.si\/it\/mark-rothko\/mark-rothko-no-9-dark-over-light-earth-violet-and-yellow-in-rose-2\/\",\"name\":\"Mark Rothko \u2013 No. 9 (Dark over Light Earth\/Violet and Yellow in Rose) - SVETSLIK.SI - Dipinto al 100% fatto a mano\",\"isPartOf\":{\"@id\":\"https:\/\/svetslik.si\/it\/#website\"},\"primaryImageOfPage\":{\"@id\":\"https:\/\/svetslik.si\/it\/mark-rothko\/mark-rothko-no-9-dark-over-light-earth-violet-and-yellow-in-rose-2\/#primaryimage\"},\"image\":{\"@id\":\"https:\/\/svetslik.si\/it\/mark-rothko\/mark-rothko-no-9-dark-over-light-earth-violet-and-yellow-in-rose-2\/#primaryimage\"},\"thumbnailUrl\":\"https:\/\/svetslik.si\/wp-content\/uploads\/2022\/10\/Mark-Rothko-No.-9-Dark-over-Light-Earth-Violet-and-Yellow-in-Rose.jpg\",\"datePublished\":\"2022-10-19T08:56:19+00:00\",\"dateModified\":\"2024-07-04T16:23:52+00:00\",\"description\":\"Mark Rothko \u2013 No. 9 (Dark over Light Earth\/Violet and Yellow in Rose) - Riproduzioni di quadri d'arte al 100% dipinti a mano su tela. Cornici per quadri, vendita e realizzazione di dimensioni su ordinazione.\",\"breadcrumb\":{\"@id\":\"https:\/\/svetslik.si\/it\/mark-rothko\/mark-rothko-no-9-dark-over-light-earth-violet-and-yellow-in-rose-2\/#breadcrumb\"},\"inLanguage\":\"it-IT\",\"potentialAction\":[{\"@type\":\"ReadAction\",\"target\":[\"https:\/\/svetslik.si\/it\/mark-rothko\/mark-rothko-no-9-dark-over-light-earth-violet-and-yellow-in-rose-2\/\"]}]},{\"@type\":\"ImageObject\",\"inLanguage\":\"it-IT\",\"@id\":\"https:\/\/svetslik.si\/it\/mark-rothko\/mark-rothko-no-9-dark-over-light-earth-violet-and-yellow-in-rose-2\/#primaryimage\",\"url\":\"https:\/\/svetslik.si\/wp-content\/uploads\/2022\/10\/Mark-Rothko-No.-9-Dark-over-Light-Earth-Violet-and-Yellow-in-Rose.jpg\",\"contentUrl\":\"https:\/\/svetslik.si\/wp-content\/uploads\/2022\/10\/Mark-Rothko-No.-9-Dark-over-Light-Earth-Violet-and-Yellow-in-Rose.jpg\",\"width\":1222,\"height\":1500,\"caption\":\"Mark-Rothko-No.-9-Dark-over-Light-Earth---Violet-and-Yellow-in-Rose\"},{\"@type\":\"BreadcrumbList\",\"@id\":\"https:\/\/svetslik.si\/it\/mark-rothko\/mark-rothko-no-9-dark-over-light-earth-violet-and-yellow-in-rose-2\/#breadcrumb\",\"itemListElement\":[{\"@type\":\"ListItem\",\"position\":1,\"name\":\"Fali m\u0171v\u00e9szet \u00e9s festm\u00e9nyek v\u00e1szonra\",\"item\":\"https:\/\/svetslik.si\/it\/\"},{\"@type\":\"ListItem\",\"position\":2,\"name\":\"Vendita di dipinti\",\"item\":\"https:\/\/svetslik.si\/prodaja-slik\/\"},{\"@type\":\"ListItem\",\"position\":3,\"name\":\"Mark Rothko \u2013 No. 9 (Dark over Light Earth\/Violet and Yellow in Rose)\"}]},{\"@type\":\"WebSite\",\"@id\":\"https:\/\/svetslik.si\/it\/#website\",\"url\":\"https:\/\/svetslik.si\/it\/\",\"name\":\"SVETSLIK.SI\",\"description\":\"100% riproduzioni dipinte a mano di quadri di pittori famosi e dipinti su tela.\",\"publisher\":{\"@id\":\"https:\/\/svetslik.si\/it\/#organization\"},\"potentialAction\":[{\"@type\":\"SearchAction\",\"target\":{\"@type\":\"EntryPoint\",\"urlTemplate\":\"https:\/\/svetslik.si\/it\/?s={search_term_string}\"},\"query-input\":{\"@type\":\"PropertyValueSpecification\",\"valueRequired\":true,\"valueName\":\"search_term_string\"}}],\"inLanguage\":\"it-IT\"},{\"@type\":\"Organization\",\"@id\":\"https:\/\/svetslik.si\/it\/#organization\",\"name\":\"SvetSlik.si\",\"url\":\"https:\/\/svetslik.si\/it\/\",\"logo\":{\"@type\":\"ImageObject\",\"inLanguage\":\"it-IT\",\"@id\":\"https:\/\/svetslik.si\/it\/#\/schema\/logo\/image\/\",\"url\":\"https:\/\/svetslik.si\/wp-content\/uploads\/2020\/12\/logo-512.png\",\"contentUrl\":\"https:\/\/svetslik.si\/wp-content\/uploads\/2020\/12\/logo-512.png\",\"width\":512,\"height\":512,\"caption\":\"SvetSlik.si\"},\"image\":{\"@id\":\"https:\/\/svetslik.si\/it\/#\/schema\/logo\/image\/\"},\"sameAs\":[\"https:\/\/www.facebook.com\/svetslik.si\",\"https:\/\/x.com\/svetslik\",\"https:\/\/www.instagram.com\/svetslik.si\/\",\"https:\/\/www.linkedin.com\/company\/svetslik-si\"]}]}<\/script>\n<meta property=\"og:availability\" content=\"backorder\" \/>\n<meta property=\"product:availability\" content=\"available for order\" \/>\n<meta property=\"product:retailer_item_id\" content=\"441__Rothko\" \/>\n<meta property=\"product:condition\" content=\"new\" \/>\n<!-- \/ Yoast SEO Premium plugin. -->","yoast_head_json":{"title":"Mark Rothko \u2013 No. 9 (Dark over Light Earth\/Violet and Yellow in Rose) - SVETSLIK.SI - Dipinto al 100% fatto a mano","description":"Mark Rothko \u2013 No. 9 (Dark over Light Earth\/Violet and Yellow in Rose) - Riproduzioni di quadri d'arte al 100% dipinti a mano su tela. Cornici per quadri, vendita e realizzazione di dimensioni su ordinazione.","robots":{"index":"index","follow":"follow","max-snippet":"max-snippet:-1","max-image-preview":"max-image-preview:large","max-video-preview":"max-video-preview:-1"},"canonical":"https:\/\/svetslik.si\/it\/mark-rothko\/mark-rothko-no-9-dark-over-light-earth-violet-and-yellow-in-rose-2\/","og_locale":"it_IT","og_type":"article","og_title":"Mark Rothko \u2013 No. 9 (Dark over Light Earth\/Violet and Yellow in Rose)","og_description":"100% ro\u010dno naslikane slike na platnu, reprodukcije znanih slikarjev in umetni\u0161ke slike po naro\u010dilu.","og_url":"https:\/\/svetslik.si\/it\/mark-rothko\/mark-rothko-no-9-dark-over-light-earth-violet-and-yellow-in-rose-2\/","og_site_name":"SVETSLIK.SI","article_publisher":"https:\/\/www.facebook.com\/svetslik.si","article_modified_time":"2024-07-04T16:23:52+00:00","og_image":[{"width":1222,"height":1500,"url":"https:\/\/svetslik.si\/wp-content\/uploads\/2022\/10\/Mark-Rothko-No.-9-Dark-over-Light-Earth-Violet-and-Yellow-in-Rose.jpg","type":"image\/jpeg"}],"twitter_card":"summary_large_image","twitter_site":"@svetslik","twitter_misc":{"Disponibilit\u00e0":"Su ordinazione"},"schema":{"@context":"https:\/\/schema.org","@graph":[{"@type":["WebPage","ItemPage"],"@id":"https:\/\/svetslik.si\/it\/mark-rothko\/mark-rothko-no-9-dark-over-light-earth-violet-and-yellow-in-rose-2\/","url":"https:\/\/svetslik.si\/it\/mark-rothko\/mark-rothko-no-9-dark-over-light-earth-violet-and-yellow-in-rose-2\/","name":"Mark Rothko \u2013 No. 9 (Dark over Light Earth\/Violet and Yellow in Rose) - SVETSLIK.SI - Dipinto al 100% fatto a mano","isPartOf":{"@id":"https:\/\/svetslik.si\/it\/#website"},"primaryImageOfPage":{"@id":"https:\/\/svetslik.si\/it\/mark-rothko\/mark-rothko-no-9-dark-over-light-earth-violet-and-yellow-in-rose-2\/#primaryimage"},"image":{"@id":"https:\/\/svetslik.si\/it\/mark-rothko\/mark-rothko-no-9-dark-over-light-earth-violet-and-yellow-in-rose-2\/#primaryimage"},"thumbnailUrl":"https:\/\/svetslik.si\/wp-content\/uploads\/2022\/10\/Mark-Rothko-No.-9-Dark-over-Light-Earth-Violet-and-Yellow-in-Rose.jpg","datePublished":"2022-10-19T08:56:19+00:00","dateModified":"2024-07-04T16:23:52+00:00","description":"Mark Rothko \u2013 No. 9 (Dark over Light Earth\/Violet and Yellow in Rose) - Riproduzioni di quadri d'arte al 100% dipinti a mano su tela. Cornici per quadri, vendita e realizzazione di dimensioni su ordinazione.","breadcrumb":{"@id":"https:\/\/svetslik.si\/it\/mark-rothko\/mark-rothko-no-9-dark-over-light-earth-violet-and-yellow-in-rose-2\/#breadcrumb"},"inLanguage":"it-IT","potentialAction":[{"@type":"ReadAction","target":["https:\/\/svetslik.si\/it\/mark-rothko\/mark-rothko-no-9-dark-over-light-earth-violet-and-yellow-in-rose-2\/"]}]},{"@type":"ImageObject","inLanguage":"it-IT","@id":"https:\/\/svetslik.si\/it\/mark-rothko\/mark-rothko-no-9-dark-over-light-earth-violet-and-yellow-in-rose-2\/#primaryimage","url":"https:\/\/svetslik.si\/wp-content\/uploads\/2022\/10\/Mark-Rothko-No.-9-Dark-over-Light-Earth-Violet-and-Yellow-in-Rose.jpg","contentUrl":"https:\/\/svetslik.si\/wp-content\/uploads\/2022\/10\/Mark-Rothko-No.-9-Dark-over-Light-Earth-Violet-and-Yellow-in-Rose.jpg","width":1222,"height":1500,"caption":"Mark-Rothko-No.-9-Dark-over-Light-Earth---Violet-and-Yellow-in-Rose"},{"@type":"BreadcrumbList","@id":"https:\/\/svetslik.si\/it\/mark-rothko\/mark-rothko-no-9-dark-over-light-earth-violet-and-yellow-in-rose-2\/#breadcrumb","itemListElement":[{"@type":"ListItem","position":1,"name":"Fali m\u0171v\u00e9szet \u00e9s festm\u00e9nyek v\u00e1szonra","item":"https:\/\/svetslik.si\/it\/"},{"@type":"ListItem","position":2,"name":"Vendita di dipinti","item":"https:\/\/svetslik.si\/prodaja-slik\/"},{"@type":"ListItem","position":3,"name":"Mark Rothko \u2013 No. 9 (Dark over Light Earth\/Violet and Yellow in Rose)"}]},{"@type":"WebSite","@id":"https:\/\/svetslik.si\/it\/#website","url":"https:\/\/svetslik.si\/it\/","name":"SVETSLIK.SI","description":"100% riproduzioni dipinte a mano di quadri di pittori famosi e dipinti su tela.","publisher":{"@id":"https:\/\/svetslik.si\/it\/#organization"},"potentialAction":[{"@type":"SearchAction","target":{"@type":"EntryPoint","urlTemplate":"https:\/\/svetslik.si\/it\/?s={search_term_string}"},"query-input":{"@type":"PropertyValueSpecification","valueRequired":true,"valueName":"search_term_string"}}],"inLanguage":"it-IT"},{"@type":"Organization","@id":"https:\/\/svetslik.si\/it\/#organization","name":"SvetSlik.si","url":"https:\/\/svetslik.si\/it\/","logo":{"@type":"ImageObject","inLanguage":"it-IT","@id":"https:\/\/svetslik.si\/it\/#\/schema\/logo\/image\/","url":"https:\/\/svetslik.si\/wp-content\/uploads\/2020\/12\/logo-512.png","contentUrl":"https:\/\/svetslik.si\/wp-content\/uploads\/2020\/12\/logo-512.png","width":512,"height":512,"caption":"SvetSlik.si"},"image":{"@id":"https:\/\/svetslik.si\/it\/#\/schema\/logo\/image\/"},"sameAs":["https:\/\/www.facebook.com\/svetslik.si","https:\/\/x.com\/svetslik","https:\/\/www.instagram.com\/svetslik.si\/","https:\/\/www.linkedin.com\/company\/svetslik-si"]}]},"og_availability":"backorder","product_availability":"available for order","product_retailer_item_id":"441__Rothko","product_condition":"new"},"jetpack_sharing_enabled":true,"_links":{"self":[{"href":"https:\/\/svetslik.si\/it\/wp-json\/wp\/v2\/product\/43201","targetHints":{"allow":["GET"]}}],"collection":[{"href":"https:\/\/svetslik.si\/it\/wp-json\/wp\/v2\/product"}],"about":[{"href":"https:\/\/svetslik.si\/it\/wp-json\/wp\/v2\/types\/product"}],"wp:featuredmedia":[{"embeddable":true,"href":"https:\/\/svetslik.si\/it\/wp-json\/wp\/v2\/media\/36694"}],"wp:attachment":[{"href":"https:\/\/svetslik.si\/it\/wp-json\/wp\/v2\/media?parent=43201"}],"wp:term":[{"taxonomy":"product_brand","embeddable":true,"href":"https:\/\/svetslik.si\/it\/wp-json\/wp\/v2\/product_brand?post=43201"},{"taxonomy":"product_cat","embeddable":true,"href":"https:\/\/svetslik.si\/it\/wp-json\/wp\/v2\/product_cat?post=43201"},{"taxonomy":"product_tag","embeddable":true,"href":"https:\/\/svetslik.si\/it\/wp-json\/wp\/v2\/product_tag?post=43201"}],"curies":[{"name":"wp","href":"https:\/\/api.w.org\/{rel}","templated":true}]}}