{"id":43232,"date":"2022-10-20T09:41:23","date_gmt":"2022-10-20T07:41:23","guid":{"rendered":"https:\/\/svetslik.si\/senza-categoria\/mark-rothko-no-22\/"},"modified":"2025-12-19T17:45:33","modified_gmt":"2025-12-19T16:45:33","slug":"mark-rothko-no-22","status":"publish","type":"product","link":"https:\/\/svetslik.si\/it\/mark-rothko\/mark-rothko-no-22\/","title":{"rendered":"Mark Rothko No. 22"},"content":{"rendered":"<div class=\"wpb-content-wrapper\">[vc_row css=&#8221;.vc_custom_1766162420738{margin-bottom: 5px !important;}&#8221;][vc_column]\t<div class=\"et-image-278 et-image     et_image_link\">\n\t\t<div class=\"et-image-inner \">\n\t\t\t\t\t\t\t<div class=\"et-image-thumb \">\n\t\t\t\t\t<img decoding=\"async\" width=\"1500\" height=\"1619\" src=\"https:\/\/svetslik.si\/wp-content\/uploads\/2022\/10\/Mark-Rothko-No.-22-umetniska-slika-na-platnu.jpg\" class=\"attachment-full\" alt=\"Mark Rothko No. 22 umetni\u0161ka slika na platnu\" title=\"Mark-Rothko-No.-22-umetni\u0161ka-slika-na-platnu\" srcset=\"https:\/\/svetslik.si\/wp-content\/uploads\/2022\/10\/Mark-Rothko-No.-22-umetniska-slika-na-platnu.jpg 1500w, https:\/\/svetslik.si\/wp-content\/uploads\/2022\/10\/Mark-Rothko-No.-22-umetniska-slika-na-platnu-278x300.jpg 278w, https:\/\/svetslik.si\/wp-content\/uploads\/2022\/10\/Mark-Rothko-No.-22-umetniska-slika-na-platnu-949x1024.jpg 949w, https:\/\/svetslik.si\/wp-content\/uploads\/2022\/10\/Mark-Rothko-No.-22-umetniska-slika-na-platnu-768x829.jpg 768w, https:\/\/svetslik.si\/wp-content\/uploads\/2022\/10\/Mark-Rothko-No.-22-umetniska-slika-na-platnu-1423x1536.jpg 1423w, https:\/\/svetslik.si\/wp-content\/uploads\/2022\/10\/Mark-Rothko-No.-22-umetniska-slika-na-platnu-139x150.jpg 139w, https:\/\/svetslik.si\/wp-content\/uploads\/2022\/10\/Mark-Rothko-No.-22-umetniska-slika-na-platnu-600x648.jpg 600w, https:\/\/svetslik.si\/wp-content\/uploads\/2022\/10\/Mark-Rothko-No.-22-umetniska-slika-na-platnu-1200x1295.jpg 1200w\" sizes=\"(max-width: 1500px) 100vw, 1500px\" \/>\t\t\t\t<\/div>\n\t\t\t\t\t\t\t\t\t\t\t<\/div>\n\t<\/div>\n  [\/vc_column][\/vc_row][vc_row css=&#8221;.vc_custom_1766162475841{margin-bottom: 5px !important;}&#8221;][vc_column]\t<div class=\"et-image-883 et-image     et_image_link\">\n\t\t<div class=\"et-image-inner \">\n\t\t\t\t\t\t\t<div class=\"et-image-thumb \">\n\t\t\t\t\t<img decoding=\"async\" width=\"1500\" height=\"1815\" src=\"https:\/\/svetslik.si\/wp-content\/uploads\/2022\/10\/Mark-Rothko-No.-22-umetniska-slika-na-platnu.webp\" class=\"attachment-full\" alt=\"Mark Rothko No. 22 umetni\u0161ka slika na platnu\" title=\"Mark Rothko No. 22 umetni\u0161ka slika na platnu\" srcset=\"https:\/\/svetslik.si\/wp-content\/uploads\/2022\/10\/Mark-Rothko-No.-22-umetniska-slika-na-platnu.webp 1500w, https:\/\/svetslik.si\/wp-content\/uploads\/2022\/10\/Mark-Rothko-No.-22-umetniska-slika-na-platnu-248x300.webp 248w, https:\/\/svetslik.si\/wp-content\/uploads\/2022\/10\/Mark-Rothko-No.-22-umetniska-slika-na-platnu-846x1024.webp 846w, https:\/\/svetslik.si\/wp-content\/uploads\/2022\/10\/Mark-Rothko-No.-22-umetniska-slika-na-platnu-768x929.webp 768w, https:\/\/svetslik.si\/wp-content\/uploads\/2022\/10\/Mark-Rothko-No.-22-umetniska-slika-na-platnu-1269x1536.webp 1269w, https:\/\/svetslik.si\/wp-content\/uploads\/2022\/10\/Mark-Rothko-No.-22-umetniska-slika-na-platnu-124x150.webp 124w, https:\/\/svetslik.si\/wp-content\/uploads\/2022\/10\/Mark-Rothko-No.-22-umetniska-slika-na-platnu-600x726.webp 600w, https:\/\/svetslik.si\/wp-content\/uploads\/2022\/10\/Mark-Rothko-No.-22-umetniska-slika-na-platnu-1200x1452.webp 1200w\" sizes=\"(max-width: 1500px) 100vw, 1500px\" \/>\t\t\t\t<\/div>\n\t\t\t\t\t\t\t\t\t\t\t<\/div>\n\t<\/div>\n  [\/vc_column][\/vc_row][vc_row][vc_column][vc_column_text]\n<h1>Mark Rothko n. 22<\/h1>\n<p>&nbsp;<\/p>\n<table border=\"0\" width=\"673\" cellspacing=\"0\" cellpadding=\"0\">\n<tbody>\n<tr>\n<td height=\"21\">Anno di creazione:<\/td>\n<td style=\"width: 493px;\">1949<\/td>\n<\/tr>\n<tr>\n<td height=\"21\">Dimensione originale:<\/td>\n<td style=\"width: 493px;\">297 cm x 272 cm<\/td>\n<\/tr>\n<tr>\n<td height=\"21\">Stile colore:<\/td>\n<td style=\"width: 493px;\">Astrazione<\/td>\n<\/tr>\n<tr>\n<td height=\"21\">Tecnica originale:<\/td>\n<td>Olio su tela<\/td>\n<\/tr>\n<tr>\n<td height=\"21\">Situato:<\/td>\n<td><em>New York<\/em><\/td>\n<\/tr>\n<\/tbody>\n<colgroup>\n<col \/>\n<col \/> <\/colgroup>\n<\/table>\n<p>&nbsp;<\/p>\n<\/div>","protected":false},"excerpt":{"rendered":"<p>[vc_row css=&#8221;.vc_custom_1766162420738{margin-bottom: 5px !important;}&#8221;][vc_column][\/vc_column][\/vc_row][vc_row css=&#8221;.vc_custom_1766162475841{margin-bottom: 5px !important;}&#8221;][vc_column][\/vc_column][\/vc_row][vc_row][vc_column][vc_column_text] Mark Rothko n. 22 &nbsp; Anno di creazione: 1949 Dimensione originale: 297 cm x 272 cm Stile colore: Astrazione Tecnica originale: Olio su tela Situato: New York &nbsp;<\/p>\n","protected":false},"featured_media":36699,"template":"","meta":{"_acf_changed":false},"product_brand":[],"product_cat":[4203],"product_tag":[4245,4246,4248,4253],"class_list":{"0":"post-43232","1":"product","2":"type-product","3":"status-publish","4":"has-post-thumbnail","6":"product_cat-mark-rothko","7":"product_tag-riproduzione","8":"product_tag-riproduzione-it","9":"product_tag-rothko-it","10":"product_tag-un-pittore","11":"pa_dimenzija-100-cm-x-93-cm","12":"pa_dimenzija-110-cm-x-102-cm","13":"pa_dimenzija-120-cm-x-111-cm","14":"pa_dimenzija-130-cm-x-120-cm","15":"pa_dimenzija-150-cm-x-138-cm","16":"pa_dimenzija-175-cm-x-161-cm","17":"pa_dimenzija-200-cm-x-184-cm","18":"pa_dimenzija-250-cm-x-230-cm","19":"pa_dimenzija-297-cm-x-272-cm","20":"pa_dimenzija-40-cm-x-39-cm","21":"pa_dimenzija-50-cm-x-48-cm","22":"pa_dimenzija-60-cm-x-57-cm","23":"pa_dimenzija-70-cm-x-66-cm","24":"pa_dimenzija-80-cm-x-75-cm","25":"pa_dimenzija-90-cm-x-84-cm","26":"pa_oblika-quadrata","27":"pa_okvir-sensa-cornice","28":"pa_podokvir-no","29":"pa_podokvir-si","31":"first","32":"onbackorder","33":"purchasable","34":"product-type-variable","35":"has-default-attributes"},"acf":[],"yoast_head":"<!-- This site is optimized with the Yoast SEO Premium plugin v26.0 (Yoast SEO v27.2) - https:\/\/yoast.com\/product\/yoast-seo-premium-wordpress\/ -->\n<title>Mark Rothko No. 22 - SVETSLIK.SI - Dipinto al 100% fatto a mano<\/title>\n<meta name=\"description\" content=\"Mark Rothko No. 22 - Riproduzioni di quadri d&#039;arte al 100% dipinti a mano su tela. Cornici per quadri, vendita e realizzazione di dimensioni su ordinazione.\" \/>\n<meta name=\"robots\" content=\"index, follow, max-snippet:-1, max-image-preview:large, max-video-preview:-1\" \/>\n<link rel=\"canonical\" href=\"https:\/\/svetslik.si\/it\/mark-rothko\/mark-rothko-no-22\/\" \/>\n<meta property=\"og:locale\" content=\"it_IT\" \/>\n<meta property=\"og:type\" content=\"article\" \/>\n<meta property=\"og:title\" content=\"Mark Rothko No. 22\" \/>\n<meta property=\"og:description\" content=\"100% ro\u010dno naslikane slike na platnu, reprodukcije znanih slikarjev in umetni\u0161ke slike po naro\u010dilu.\" \/>\n<meta property=\"og:url\" content=\"https:\/\/svetslik.si\/it\/mark-rothko\/mark-rothko-no-22\/\" \/>\n<meta property=\"og:site_name\" content=\"SVETSLIK.SI\" \/>\n<meta property=\"article:publisher\" content=\"https:\/\/www.facebook.com\/svetslik.si\" \/>\n<meta property=\"article:modified_time\" content=\"2025-12-19T16:45:33+00:00\" \/>\n<meta property=\"og:image\" content=\"https:\/\/svetslik.si\/wp-content\/uploads\/2022\/10\/Mark-Rothko-No.-22.jpg\" \/>\n\t<meta property=\"og:image:width\" content=\"1369\" \/>\n\t<meta property=\"og:image:height\" content=\"1500\" \/>\n\t<meta property=\"og:image:type\" content=\"image\/jpeg\" \/>\n<meta name=\"twitter:card\" content=\"summary_large_image\" \/>\n<meta name=\"twitter:site\" content=\"@svetslik\" \/>\n<meta name=\"twitter:label1\" content=\"Disponibilit\u00e0\" \/>\n\t<meta name=\"twitter:data1\" content=\"Su ordinazione\" \/>\n<script type=\"application\/ld+json\" class=\"yoast-schema-graph\">{\"@context\":\"https:\/\/schema.org\",\"@graph\":[{\"@type\":[\"WebPage\",\"ItemPage\"],\"@id\":\"https:\/\/svetslik.si\/it\/mark-rothko\/mark-rothko-no-22\/\",\"url\":\"https:\/\/svetslik.si\/it\/mark-rothko\/mark-rothko-no-22\/\",\"name\":\"Mark Rothko No. 22 - SVETSLIK.SI - Dipinto al 100% fatto a mano\",\"isPartOf\":{\"@id\":\"https:\/\/svetslik.si\/it\/#website\"},\"primaryImageOfPage\":{\"@id\":\"https:\/\/svetslik.si\/it\/mark-rothko\/mark-rothko-no-22\/#primaryimage\"},\"image\":{\"@id\":\"https:\/\/svetslik.si\/it\/mark-rothko\/mark-rothko-no-22\/#primaryimage\"},\"thumbnailUrl\":\"https:\/\/svetslik.si\/wp-content\/uploads\/2022\/10\/Mark-Rothko-No.-22.jpg\",\"datePublished\":\"2022-10-20T07:41:23+00:00\",\"dateModified\":\"2025-12-19T16:45:33+00:00\",\"description\":\"Mark Rothko No. 22 - Riproduzioni di quadri d'arte al 100% dipinti a mano su tela. Cornici per quadri, vendita e realizzazione di dimensioni su ordinazione.\",\"breadcrumb\":{\"@id\":\"https:\/\/svetslik.si\/it\/mark-rothko\/mark-rothko-no-22\/#breadcrumb\"},\"inLanguage\":\"it-IT\",\"potentialAction\":[{\"@type\":\"ReadAction\",\"target\":[\"https:\/\/svetslik.si\/it\/mark-rothko\/mark-rothko-no-22\/\"]}]},{\"@type\":\"ImageObject\",\"inLanguage\":\"it-IT\",\"@id\":\"https:\/\/svetslik.si\/it\/mark-rothko\/mark-rothko-no-22\/#primaryimage\",\"url\":\"https:\/\/svetslik.si\/wp-content\/uploads\/2022\/10\/Mark-Rothko-No.-22.jpg\",\"contentUrl\":\"https:\/\/svetslik.si\/wp-content\/uploads\/2022\/10\/Mark-Rothko-No.-22.jpg\",\"width\":1369,\"height\":1500,\"caption\":\"Mark Rothko No. 22 - Mark Rothko N. 22\"},{\"@type\":\"BreadcrumbList\",\"@id\":\"https:\/\/svetslik.si\/it\/mark-rothko\/mark-rothko-no-22\/#breadcrumb\",\"itemListElement\":[{\"@type\":\"ListItem\",\"position\":1,\"name\":\"Fali m\u0171v\u00e9szet \u00e9s festm\u00e9nyek v\u00e1szonra\",\"item\":\"https:\/\/svetslik.si\/it\/\"},{\"@type\":\"ListItem\",\"position\":2,\"name\":\"Vendita di dipinti\",\"item\":\"https:\/\/svetslik.si\/prodaja-slik\/\"},{\"@type\":\"ListItem\",\"position\":3,\"name\":\"Mark Rothko No. 22\"}]},{\"@type\":\"WebSite\",\"@id\":\"https:\/\/svetslik.si\/it\/#website\",\"url\":\"https:\/\/svetslik.si\/it\/\",\"name\":\"SVETSLIK.SI\",\"description\":\"100% riproduzioni dipinte a mano di quadri di pittori famosi e dipinti su tela.\",\"publisher\":{\"@id\":\"https:\/\/svetslik.si\/it\/#organization\"},\"potentialAction\":[{\"@type\":\"SearchAction\",\"target\":{\"@type\":\"EntryPoint\",\"urlTemplate\":\"https:\/\/svetslik.si\/it\/?s={search_term_string}\"},\"query-input\":{\"@type\":\"PropertyValueSpecification\",\"valueRequired\":true,\"valueName\":\"search_term_string\"}}],\"inLanguage\":\"it-IT\"},{\"@type\":\"Organization\",\"@id\":\"https:\/\/svetslik.si\/it\/#organization\",\"name\":\"SvetSlik.si\",\"url\":\"https:\/\/svetslik.si\/it\/\",\"logo\":{\"@type\":\"ImageObject\",\"inLanguage\":\"it-IT\",\"@id\":\"https:\/\/svetslik.si\/it\/#\/schema\/logo\/image\/\",\"url\":\"https:\/\/svetslik.si\/wp-content\/uploads\/2020\/12\/logo-512.png\",\"contentUrl\":\"https:\/\/svetslik.si\/wp-content\/uploads\/2020\/12\/logo-512.png\",\"width\":512,\"height\":512,\"caption\":\"SvetSlik.si\"},\"image\":{\"@id\":\"https:\/\/svetslik.si\/it\/#\/schema\/logo\/image\/\"},\"sameAs\":[\"https:\/\/www.facebook.com\/svetslik.si\",\"https:\/\/x.com\/svetslik\",\"https:\/\/www.instagram.com\/svetslik.si\/\",\"https:\/\/www.linkedin.com\/company\/svetslik-si\"]}]}<\/script>\n<meta property=\"og:availability\" content=\"backorder\" \/>\n<meta property=\"product:availability\" content=\"available for order\" \/>\n<meta property=\"product:retailer_item_id\" content=\"405_1_-1\" \/>\n<meta property=\"product:condition\" content=\"new\" \/>\n<!-- \/ Yoast SEO Premium plugin. -->","yoast_head_json":{"title":"Mark Rothko No. 22 - SVETSLIK.SI - Dipinto al 100% fatto a mano","description":"Mark Rothko No. 22 - Riproduzioni di quadri d'arte al 100% dipinti a mano su tela. Cornici per quadri, vendita e realizzazione di dimensioni su ordinazione.","robots":{"index":"index","follow":"follow","max-snippet":"max-snippet:-1","max-image-preview":"max-image-preview:large","max-video-preview":"max-video-preview:-1"},"canonical":"https:\/\/svetslik.si\/it\/mark-rothko\/mark-rothko-no-22\/","og_locale":"it_IT","og_type":"article","og_title":"Mark Rothko No. 22","og_description":"100% ro\u010dno naslikane slike na platnu, reprodukcije znanih slikarjev in umetni\u0161ke slike po naro\u010dilu.","og_url":"https:\/\/svetslik.si\/it\/mark-rothko\/mark-rothko-no-22\/","og_site_name":"SVETSLIK.SI","article_publisher":"https:\/\/www.facebook.com\/svetslik.si","article_modified_time":"2025-12-19T16:45:33+00:00","og_image":[{"width":1369,"height":1500,"url":"https:\/\/svetslik.si\/wp-content\/uploads\/2022\/10\/Mark-Rothko-No.-22.jpg","type":"image\/jpeg"}],"twitter_card":"summary_large_image","twitter_site":"@svetslik","twitter_misc":{"Disponibilit\u00e0":"Su ordinazione"},"schema":{"@context":"https:\/\/schema.org","@graph":[{"@type":["WebPage","ItemPage"],"@id":"https:\/\/svetslik.si\/it\/mark-rothko\/mark-rothko-no-22\/","url":"https:\/\/svetslik.si\/it\/mark-rothko\/mark-rothko-no-22\/","name":"Mark Rothko No. 22 - SVETSLIK.SI - Dipinto al 100% fatto a mano","isPartOf":{"@id":"https:\/\/svetslik.si\/it\/#website"},"primaryImageOfPage":{"@id":"https:\/\/svetslik.si\/it\/mark-rothko\/mark-rothko-no-22\/#primaryimage"},"image":{"@id":"https:\/\/svetslik.si\/it\/mark-rothko\/mark-rothko-no-22\/#primaryimage"},"thumbnailUrl":"https:\/\/svetslik.si\/wp-content\/uploads\/2022\/10\/Mark-Rothko-No.-22.jpg","datePublished":"2022-10-20T07:41:23+00:00","dateModified":"2025-12-19T16:45:33+00:00","description":"Mark Rothko No. 22 - Riproduzioni di quadri d'arte al 100% dipinti a mano su tela. Cornici per quadri, vendita e realizzazione di dimensioni su ordinazione.","breadcrumb":{"@id":"https:\/\/svetslik.si\/it\/mark-rothko\/mark-rothko-no-22\/#breadcrumb"},"inLanguage":"it-IT","potentialAction":[{"@type":"ReadAction","target":["https:\/\/svetslik.si\/it\/mark-rothko\/mark-rothko-no-22\/"]}]},{"@type":"ImageObject","inLanguage":"it-IT","@id":"https:\/\/svetslik.si\/it\/mark-rothko\/mark-rothko-no-22\/#primaryimage","url":"https:\/\/svetslik.si\/wp-content\/uploads\/2022\/10\/Mark-Rothko-No.-22.jpg","contentUrl":"https:\/\/svetslik.si\/wp-content\/uploads\/2022\/10\/Mark-Rothko-No.-22.jpg","width":1369,"height":1500,"caption":"Mark Rothko No. 22 - Mark Rothko N. 22"},{"@type":"BreadcrumbList","@id":"https:\/\/svetslik.si\/it\/mark-rothko\/mark-rothko-no-22\/#breadcrumb","itemListElement":[{"@type":"ListItem","position":1,"name":"Fali m\u0171v\u00e9szet \u00e9s festm\u00e9nyek v\u00e1szonra","item":"https:\/\/svetslik.si\/it\/"},{"@type":"ListItem","position":2,"name":"Vendita di dipinti","item":"https:\/\/svetslik.si\/prodaja-slik\/"},{"@type":"ListItem","position":3,"name":"Mark Rothko No. 22"}]},{"@type":"WebSite","@id":"https:\/\/svetslik.si\/it\/#website","url":"https:\/\/svetslik.si\/it\/","name":"SVETSLIK.SI","description":"100% riproduzioni dipinte a mano di quadri di pittori famosi e dipinti su tela.","publisher":{"@id":"https:\/\/svetslik.si\/it\/#organization"},"potentialAction":[{"@type":"SearchAction","target":{"@type":"EntryPoint","urlTemplate":"https:\/\/svetslik.si\/it\/?s={search_term_string}"},"query-input":{"@type":"PropertyValueSpecification","valueRequired":true,"valueName":"search_term_string"}}],"inLanguage":"it-IT"},{"@type":"Organization","@id":"https:\/\/svetslik.si\/it\/#organization","name":"SvetSlik.si","url":"https:\/\/svetslik.si\/it\/","logo":{"@type":"ImageObject","inLanguage":"it-IT","@id":"https:\/\/svetslik.si\/it\/#\/schema\/logo\/image\/","url":"https:\/\/svetslik.si\/wp-content\/uploads\/2020\/12\/logo-512.png","contentUrl":"https:\/\/svetslik.si\/wp-content\/uploads\/2020\/12\/logo-512.png","width":512,"height":512,"caption":"SvetSlik.si"},"image":{"@id":"https:\/\/svetslik.si\/it\/#\/schema\/logo\/image\/"},"sameAs":["https:\/\/www.facebook.com\/svetslik.si","https:\/\/x.com\/svetslik","https:\/\/www.instagram.com\/svetslik.si\/","https:\/\/www.linkedin.com\/company\/svetslik-si"]}]},"og_availability":"backorder","product_availability":"available for order","product_retailer_item_id":"405_1_-1","product_condition":"new"},"jetpack_sharing_enabled":true,"_links":{"self":[{"href":"https:\/\/svetslik.si\/it\/wp-json\/wp\/v2\/product\/43232","targetHints":{"allow":["GET"]}}],"collection":[{"href":"https:\/\/svetslik.si\/it\/wp-json\/wp\/v2\/product"}],"about":[{"href":"https:\/\/svetslik.si\/it\/wp-json\/wp\/v2\/types\/product"}],"wp:featuredmedia":[{"embeddable":true,"href":"https:\/\/svetslik.si\/it\/wp-json\/wp\/v2\/media\/36699"}],"wp:attachment":[{"href":"https:\/\/svetslik.si\/it\/wp-json\/wp\/v2\/media?parent=43232"}],"wp:term":[{"taxonomy":"product_brand","embeddable":true,"href":"https:\/\/svetslik.si\/it\/wp-json\/wp\/v2\/product_brand?post=43232"},{"taxonomy":"product_cat","embeddable":true,"href":"https:\/\/svetslik.si\/it\/wp-json\/wp\/v2\/product_cat?post=43232"},{"taxonomy":"product_tag","embeddable":true,"href":"https:\/\/svetslik.si\/it\/wp-json\/wp\/v2\/product_tag?post=43232"}],"curies":[{"name":"wp","href":"https:\/\/api.w.org\/{rel}","templated":true}]}}