{"id":43278,"date":"2022-10-20T17:21:54","date_gmt":"2022-10-20T15:21:54","guid":{"rendered":"https:\/\/svetslik.si\/senza-categoria\/mark-ruthko-black-in-deep-red\/"},"modified":"2025-05-14T21:58:09","modified_gmt":"2025-05-14T19:58:09","slug":"mark-ruthko-black-in-deep-red","status":"publish","type":"product","link":"https:\/\/svetslik.si\/it\/mark-rothko\/mark-ruthko-black-in-deep-red\/","title":{"rendered":"Mark Rothko &#8211; Black in Deep Red"},"content":{"rendered":"<h1>Mark Rothko &#8211; Nero e rosso intenso<\/h1>\n<p>&nbsp;<\/p>\n<table border=\"0\" width=\"673\" cellspacing=\"0\" cellpadding=\"0\">\n<tr>\n<td height=\"21\">Anno di creazione:<\/td>\n<td style=\"width: 493px\">1958<\/td>\n<\/tr>\n<tr>\n<td height=\"21\">Dimensione originale:<\/td>\n<td style=\"width: 493px\">276 cm x 136 cm<\/td>\n<\/tr>\n<tr>\n<td height=\"21\">Stile colore:<\/td>\n<td style=\"width: 493px\">Astrazione<\/td>\n<\/tr>\n<tr>\n<td height=\"21\">Tecnica originale:<\/td>\n<td>Olio su tela<\/td>\n<\/tr>\n<tr>\n<td height=\"21\">Situato:<\/td>\n<td><em>Collezione privata<\/em><\/td>\n<\/tr>\n<\/tbody>\n<colgroup>\n<col \/>\n<col \/> <\/colgroup>\n<\/table>\n<p>&#8220;Black in Deep Red&#8221;, noto anche come n. 61.<\/p>\n<p>L&#8217;immagine &#8220;Black in Dark Red&#8221; \u00e8 un&#8217;immagine con un rettangolo centrale di colore rosso scuro circondato da un sottile bordo nero. Il colore rosso intenso domina la composizione e riempie la maggior parte della tela con la sua tonalit\u00e0 ricca e satura. Il bordo nero serve a incorniciare il rettangolo rosso e crea un senso di contrasto e tensione nell&#8217;immagine.<\/p>\n<p>Il dipinto \u00e8 stato creato nel 1958 ed \u00e8 considerato una delle opere pi\u00f9 potenti e sorprendenti di Rothko. \u00c8 un&#8217;opera sbalorditiva che dimostra la capacit\u00e0 di Rothko di usare il colore per creare un senso di profondit\u00e0 e movimento in un&#8217;immagine. L&#8217;uso del colore rosso scuro e del bordo nero crea un senso di drammaticit\u00e0 e intensit\u00e0 emotiva dell&#8217;immagine.<\/p>\n<p>Le opere di Rothko sono note per il loro impatto emotivo e la capacit\u00e0 di evocare un senso di contemplazione nello spettatore. Il dipinto &#8220;Nero in rosso intenso&#8221; non fa eccezione, per la semplicit\u00e0 della composizione e l&#8217;uso di due soli colori, rosso e nero, \u00e8 forte e suggestivo.<\/p>\n<p>Il dipinto &#8220;Black in Deep Red&#8221; \u00e8 attualmente nella collezione della National Gallery di Washington, USA, ed \u00e8 considerato una delle opere pi\u00f9 importanti della carriera di Rothko. \u00c8 ancora celebrata e ammirata da appassionati d&#8217;arte e critici.<\/p>\n<p>In sintesi, &#8220;Black in Deep Red&#8221; \u00e8 un dipinto di Mark Rothko, pittore americano che \u00e8 stato uno dei massimi esponenti del movimento Color Field. Questa \u00e8 una delle sue opere pi\u00f9 famose, nota per la sua composizione potente e suggestiva. Dimostrando la capacit\u00e0 di Rothko di usare il colore per creare un senso di profondit\u00e0 e movimento in un dipinto, \u00e8 ancora celebrato e ammirato sia dagli amanti dell&#8217;arte che dai critici. \u00c8 considerata una delle opere pi\u00f9 importanti della carriera di Rothko.<\/p>\n","protected":false},"excerpt":{"rendered":"<p>Mark Rothko &#8211; Nero e rosso intenso &nbsp; Anno di creazione: 1958 Dimensione originale: 276 cm x 136 cm Stile colore: Astrazione Tecnica originale: Olio su tela Situato: Collezione privata &#8220;Black in Deep Red&#8221;, noto anche come n. 61. L&#8217;immagine &#8220;Black in Dark Red&#8221; \u00e8 un&#8217;immagine con un rettangolo centrale [&hellip;]<\/p>\n","protected":false},"featured_media":36702,"template":"","meta":{"_acf_changed":false},"product_brand":[],"product_cat":[4203],"product_tag":[4245,4246,4248,4253],"class_list":{"0":"post-43278","1":"product","2":"type-product","3":"status-publish","4":"has-post-thumbnail","6":"product_cat-mark-rothko","7":"product_tag-riproduzione","8":"product_tag-riproduzione-it","9":"product_tag-rothko-it","10":"product_tag-un-pittore","11":"pa_dimenzija-100-cm-x-51-cm-it","12":"pa_dimenzija-110-cm-x-56-cm-it","13":"pa_dimenzija-120-cm-x-61-cm-it","14":"pa_dimenzija-130-cm-x-66-cm-it","15":"pa_dimenzija-150-cm-x-76-cm-it","16":"pa_dimenzija-175-cm-x-88-cm-it","17":"pa_dimenzija-200-cm-x-100-cm-it","18":"pa_dimenzija-250-cm-x-124-cm-it","19":"pa_dimenzija-276-cm-x-136-cm-it","20":"pa_dimenzija-40-cm-x-21-cm-it","21":"pa_dimenzija-50-cm-x-26-cm-it","22":"pa_dimenzija-60-cm-x-31-cm-it","23":"pa_dimenzija-70-cm-x-36-cm-it","24":"pa_dimenzija-80-cm-x-41-cm-it","25":"pa_dimenzija-90-cm-x-46-cm-it","26":"pa_oblika-verticale","27":"pa_okvir-sensa-cornice","28":"pa_podokvir-no","29":"pa_podokvir-si","31":"first","32":"onbackorder","33":"purchasable","34":"product-type-variable","35":"has-default-attributes"},"acf":[],"yoast_head":"<!-- This site is optimized with the Yoast SEO Premium plugin v26.0 (Yoast SEO v27.2) - https:\/\/yoast.com\/product\/yoast-seo-premium-wordpress\/ -->\n<title>Mark Rothko - Black in Deep Red - SVETSLIK.SI - Dipinto al 100% fatto a mano<\/title>\n<meta name=\"description\" content=\"Mark Rothko - Black in Deep Red - Riproduzioni di quadri d&#039;arte al 100% dipinti a mano su tela. Cornici per quadri, vendita e realizzazione di dimensioni su ordinazione.\" \/>\n<meta name=\"robots\" content=\"index, follow, max-snippet:-1, max-image-preview:large, max-video-preview:-1\" \/>\n<link rel=\"canonical\" href=\"https:\/\/svetslik.si\/it\/mark-rothko\/mark-ruthko-black-in-deep-red\/\" \/>\n<meta property=\"og:locale\" content=\"it_IT\" \/>\n<meta property=\"og:type\" content=\"article\" \/>\n<meta property=\"og:title\" content=\"Mark Rothko - Black in Deep Red\" \/>\n<meta property=\"og:description\" content=\"100% ro\u010dno naslikane slike na platnu, reprodukcije znanih slikarjev in umetni\u0161ke slike po naro\u010dilu.\" \/>\n<meta property=\"og:url\" content=\"https:\/\/svetslik.si\/it\/mark-rothko\/mark-ruthko-black-in-deep-red\/\" \/>\n<meta property=\"og:site_name\" content=\"SVETSLIK.SI\" \/>\n<meta property=\"article:publisher\" content=\"https:\/\/www.facebook.com\/svetslik.si\" \/>\n<meta property=\"article:modified_time\" content=\"2025-05-14T19:58:09+00:00\" \/>\n<meta property=\"og:image\" content=\"https:\/\/svetslik.si\/wp-content\/uploads\/2022\/10\/Black-in-Deep-Red.webp\" \/>\n\t<meta property=\"og:image:width\" content=\"1995\" \/>\n\t<meta property=\"og:image:height\" content=\"2560\" \/>\n\t<meta property=\"og:image:type\" content=\"image\/webp\" \/>\n<meta name=\"twitter:card\" content=\"summary_large_image\" \/>\n<meta name=\"twitter:site\" content=\"@svetslik\" \/>\n<meta name=\"twitter:label1\" content=\"Disponibilit\u00e0\" \/>\n\t<meta name=\"twitter:data1\" content=\"Su ordinazione\" \/>\n<script type=\"application\/ld+json\" class=\"yoast-schema-graph\">{\"@context\":\"https:\/\/schema.org\",\"@graph\":[{\"@type\":[\"WebPage\",\"ItemPage\"],\"@id\":\"https:\/\/svetslik.si\/it\/mark-rothko\/mark-ruthko-black-in-deep-red\/\",\"url\":\"https:\/\/svetslik.si\/it\/mark-rothko\/mark-ruthko-black-in-deep-red\/\",\"name\":\"Mark Rothko - Black in Deep Red - SVETSLIK.SI - Dipinto al 100% fatto a mano\",\"isPartOf\":{\"@id\":\"https:\/\/svetslik.si\/it\/#website\"},\"primaryImageOfPage\":{\"@id\":\"https:\/\/svetslik.si\/it\/mark-rothko\/mark-ruthko-black-in-deep-red\/#primaryimage\"},\"image\":{\"@id\":\"https:\/\/svetslik.si\/it\/mark-rothko\/mark-ruthko-black-in-deep-red\/#primaryimage\"},\"thumbnailUrl\":\"https:\/\/svetslik.si\/wp-content\/uploads\/2022\/10\/Black-in-Deep-Red.webp\",\"datePublished\":\"2022-10-20T15:21:54+00:00\",\"dateModified\":\"2025-05-14T19:58:09+00:00\",\"description\":\"Mark Rothko - Black in Deep Red - Riproduzioni di quadri d'arte al 100% dipinti a mano su tela. Cornici per quadri, vendita e realizzazione di dimensioni su ordinazione.\",\"breadcrumb\":{\"@id\":\"https:\/\/svetslik.si\/it\/mark-rothko\/mark-ruthko-black-in-deep-red\/#breadcrumb\"},\"inLanguage\":\"it-IT\",\"potentialAction\":[{\"@type\":\"ReadAction\",\"target\":[\"https:\/\/svetslik.si\/it\/mark-rothko\/mark-ruthko-black-in-deep-red\/\"]}]},{\"@type\":\"ImageObject\",\"inLanguage\":\"it-IT\",\"@id\":\"https:\/\/svetslik.si\/it\/mark-rothko\/mark-ruthko-black-in-deep-red\/#primaryimage\",\"url\":\"https:\/\/svetslik.si\/wp-content\/uploads\/2022\/10\/Black-in-Deep-Red.webp\",\"contentUrl\":\"https:\/\/svetslik.si\/wp-content\/uploads\/2022\/10\/Black-in-Deep-Red.webp\",\"width\":1995,\"height\":2560,\"caption\":\"Mark Rothko - Black in Deep Red - Mark Rothko - Nero in rosso profondo\"},{\"@type\":\"BreadcrumbList\",\"@id\":\"https:\/\/svetslik.si\/it\/mark-rothko\/mark-ruthko-black-in-deep-red\/#breadcrumb\",\"itemListElement\":[{\"@type\":\"ListItem\",\"position\":1,\"name\":\"Fali m\u0171v\u00e9szet \u00e9s festm\u00e9nyek v\u00e1szonra\",\"item\":\"https:\/\/svetslik.si\/it\/\"},{\"@type\":\"ListItem\",\"position\":2,\"name\":\"Vendita di dipinti\",\"item\":\"https:\/\/svetslik.si\/prodaja-slik\/\"},{\"@type\":\"ListItem\",\"position\":3,\"name\":\"Mark Rothko &#8211; Black in Deep Red\"}]},{\"@type\":\"WebSite\",\"@id\":\"https:\/\/svetslik.si\/it\/#website\",\"url\":\"https:\/\/svetslik.si\/it\/\",\"name\":\"SVETSLIK.SI\",\"description\":\"100% riproduzioni dipinte a mano di quadri di pittori famosi e dipinti su tela.\",\"publisher\":{\"@id\":\"https:\/\/svetslik.si\/it\/#organization\"},\"potentialAction\":[{\"@type\":\"SearchAction\",\"target\":{\"@type\":\"EntryPoint\",\"urlTemplate\":\"https:\/\/svetslik.si\/it\/?s={search_term_string}\"},\"query-input\":{\"@type\":\"PropertyValueSpecification\",\"valueRequired\":true,\"valueName\":\"search_term_string\"}}],\"inLanguage\":\"it-IT\"},{\"@type\":\"Organization\",\"@id\":\"https:\/\/svetslik.si\/it\/#organization\",\"name\":\"SvetSlik.si\",\"url\":\"https:\/\/svetslik.si\/it\/\",\"logo\":{\"@type\":\"ImageObject\",\"inLanguage\":\"it-IT\",\"@id\":\"https:\/\/svetslik.si\/it\/#\/schema\/logo\/image\/\",\"url\":\"https:\/\/svetslik.si\/wp-content\/uploads\/2020\/12\/logo-512.png\",\"contentUrl\":\"https:\/\/svetslik.si\/wp-content\/uploads\/2020\/12\/logo-512.png\",\"width\":512,\"height\":512,\"caption\":\"SvetSlik.si\"},\"image\":{\"@id\":\"https:\/\/svetslik.si\/it\/#\/schema\/logo\/image\/\"},\"sameAs\":[\"https:\/\/www.facebook.com\/svetslik.si\",\"https:\/\/x.com\/svetslik\",\"https:\/\/www.instagram.com\/svetslik.si\/\",\"https:\/\/www.linkedin.com\/company\/svetslik-si\"]}]}<\/script>\n<meta property=\"og:availability\" content=\"backorder\" \/>\n<meta property=\"product:availability\" content=\"available for order\" \/>\n<meta property=\"product:retailer_item_id\" content=\"405_1_-2\" \/>\n<meta property=\"product:condition\" content=\"new\" \/>\n<!-- \/ Yoast SEO Premium plugin. -->","yoast_head_json":{"title":"Mark Rothko - Black in Deep Red - SVETSLIK.SI - Dipinto al 100% fatto a mano","description":"Mark Rothko - Black in Deep Red - Riproduzioni di quadri d'arte al 100% dipinti a mano su tela. Cornici per quadri, vendita e realizzazione di dimensioni su ordinazione.","robots":{"index":"index","follow":"follow","max-snippet":"max-snippet:-1","max-image-preview":"max-image-preview:large","max-video-preview":"max-video-preview:-1"},"canonical":"https:\/\/svetslik.si\/it\/mark-rothko\/mark-ruthko-black-in-deep-red\/","og_locale":"it_IT","og_type":"article","og_title":"Mark Rothko - Black in Deep Red","og_description":"100% ro\u010dno naslikane slike na platnu, reprodukcije znanih slikarjev in umetni\u0161ke slike po naro\u010dilu.","og_url":"https:\/\/svetslik.si\/it\/mark-rothko\/mark-ruthko-black-in-deep-red\/","og_site_name":"SVETSLIK.SI","article_publisher":"https:\/\/www.facebook.com\/svetslik.si","article_modified_time":"2025-05-14T19:58:09+00:00","og_image":[{"width":1995,"height":2560,"url":"https:\/\/svetslik.si\/wp-content\/uploads\/2022\/10\/Black-in-Deep-Red.webp","type":"image\/webp"}],"twitter_card":"summary_large_image","twitter_site":"@svetslik","twitter_misc":{"Disponibilit\u00e0":"Su ordinazione"},"schema":{"@context":"https:\/\/schema.org","@graph":[{"@type":["WebPage","ItemPage"],"@id":"https:\/\/svetslik.si\/it\/mark-rothko\/mark-ruthko-black-in-deep-red\/","url":"https:\/\/svetslik.si\/it\/mark-rothko\/mark-ruthko-black-in-deep-red\/","name":"Mark Rothko - Black in Deep Red - SVETSLIK.SI - Dipinto al 100% fatto a mano","isPartOf":{"@id":"https:\/\/svetslik.si\/it\/#website"},"primaryImageOfPage":{"@id":"https:\/\/svetslik.si\/it\/mark-rothko\/mark-ruthko-black-in-deep-red\/#primaryimage"},"image":{"@id":"https:\/\/svetslik.si\/it\/mark-rothko\/mark-ruthko-black-in-deep-red\/#primaryimage"},"thumbnailUrl":"https:\/\/svetslik.si\/wp-content\/uploads\/2022\/10\/Black-in-Deep-Red.webp","datePublished":"2022-10-20T15:21:54+00:00","dateModified":"2025-05-14T19:58:09+00:00","description":"Mark Rothko - Black in Deep Red - Riproduzioni di quadri d'arte al 100% dipinti a mano su tela. Cornici per quadri, vendita e realizzazione di dimensioni su ordinazione.","breadcrumb":{"@id":"https:\/\/svetslik.si\/it\/mark-rothko\/mark-ruthko-black-in-deep-red\/#breadcrumb"},"inLanguage":"it-IT","potentialAction":[{"@type":"ReadAction","target":["https:\/\/svetslik.si\/it\/mark-rothko\/mark-ruthko-black-in-deep-red\/"]}]},{"@type":"ImageObject","inLanguage":"it-IT","@id":"https:\/\/svetslik.si\/it\/mark-rothko\/mark-ruthko-black-in-deep-red\/#primaryimage","url":"https:\/\/svetslik.si\/wp-content\/uploads\/2022\/10\/Black-in-Deep-Red.webp","contentUrl":"https:\/\/svetslik.si\/wp-content\/uploads\/2022\/10\/Black-in-Deep-Red.webp","width":1995,"height":2560,"caption":"Mark Rothko - Black in Deep Red - Mark Rothko - Nero in rosso profondo"},{"@type":"BreadcrumbList","@id":"https:\/\/svetslik.si\/it\/mark-rothko\/mark-ruthko-black-in-deep-red\/#breadcrumb","itemListElement":[{"@type":"ListItem","position":1,"name":"Fali m\u0171v\u00e9szet \u00e9s festm\u00e9nyek v\u00e1szonra","item":"https:\/\/svetslik.si\/it\/"},{"@type":"ListItem","position":2,"name":"Vendita di dipinti","item":"https:\/\/svetslik.si\/prodaja-slik\/"},{"@type":"ListItem","position":3,"name":"Mark Rothko &#8211; Black in Deep Red"}]},{"@type":"WebSite","@id":"https:\/\/svetslik.si\/it\/#website","url":"https:\/\/svetslik.si\/it\/","name":"SVETSLIK.SI","description":"100% riproduzioni dipinte a mano di quadri di pittori famosi e dipinti su tela.","publisher":{"@id":"https:\/\/svetslik.si\/it\/#organization"},"potentialAction":[{"@type":"SearchAction","target":{"@type":"EntryPoint","urlTemplate":"https:\/\/svetslik.si\/it\/?s={search_term_string}"},"query-input":{"@type":"PropertyValueSpecification","valueRequired":true,"valueName":"search_term_string"}}],"inLanguage":"it-IT"},{"@type":"Organization","@id":"https:\/\/svetslik.si\/it\/#organization","name":"SvetSlik.si","url":"https:\/\/svetslik.si\/it\/","logo":{"@type":"ImageObject","inLanguage":"it-IT","@id":"https:\/\/svetslik.si\/it\/#\/schema\/logo\/image\/","url":"https:\/\/svetslik.si\/wp-content\/uploads\/2020\/12\/logo-512.png","contentUrl":"https:\/\/svetslik.si\/wp-content\/uploads\/2020\/12\/logo-512.png","width":512,"height":512,"caption":"SvetSlik.si"},"image":{"@id":"https:\/\/svetslik.si\/it\/#\/schema\/logo\/image\/"},"sameAs":["https:\/\/www.facebook.com\/svetslik.si","https:\/\/x.com\/svetslik","https:\/\/www.instagram.com\/svetslik.si\/","https:\/\/www.linkedin.com\/company\/svetslik-si"]}]},"og_availability":"backorder","product_availability":"available for order","product_retailer_item_id":"405_1_-2","product_condition":"new"},"jetpack_sharing_enabled":true,"_links":{"self":[{"href":"https:\/\/svetslik.si\/it\/wp-json\/wp\/v2\/product\/43278","targetHints":{"allow":["GET"]}}],"collection":[{"href":"https:\/\/svetslik.si\/it\/wp-json\/wp\/v2\/product"}],"about":[{"href":"https:\/\/svetslik.si\/it\/wp-json\/wp\/v2\/types\/product"}],"wp:featuredmedia":[{"embeddable":true,"href":"https:\/\/svetslik.si\/it\/wp-json\/wp\/v2\/media\/36702"}],"wp:attachment":[{"href":"https:\/\/svetslik.si\/it\/wp-json\/wp\/v2\/media?parent=43278"}],"wp:term":[{"taxonomy":"product_brand","embeddable":true,"href":"https:\/\/svetslik.si\/it\/wp-json\/wp\/v2\/product_brand?post=43278"},{"taxonomy":"product_cat","embeddable":true,"href":"https:\/\/svetslik.si\/it\/wp-json\/wp\/v2\/product_cat?post=43278"},{"taxonomy":"product_tag","embeddable":true,"href":"https:\/\/svetslik.si\/it\/wp-json\/wp\/v2\/product_tag?post=43278"}],"curies":[{"name":"wp","href":"https:\/\/api.w.org\/{rel}","templated":true}]}}