{"id":43540,"date":"2021-09-02T18:36:06","date_gmt":"2021-09-02T16:36:06","guid":{"rendered":"https:\/\/svetslik.si\/senza-categoria\/energija-ociscenja-in-razstrupljanja\/"},"modified":"2026-03-22T22:38:45","modified_gmt":"2026-03-22T21:38:45","slug":"quadri-energetici-energia-di-purificazione-e-disintossicazione","status":"publish","type":"product","link":"https:\/\/svetslik.si\/it\/quadri-di-energia-1\/quadri-energetici-energia-di-purificazione-e-disintossicazione\/","title":{"rendered":"Quadri energetici &#8211; Energia di purificazione e disintossicazione"},"content":{"rendered":"<h1>Quadri energetici &#8211; Energia di purificazione e disintossicazione<\/h1>\n<p>Il quadro \u00e8 dedicato al potenziamento dello sviluppo di nuovi metodi per gestire lo stress e ridurre il rimpianto nel lasciare vecchi metodi. Rafforza le energie che riducono la necessit\u00e0 di determinate sostanze come lo zucchero, la nicotina, l&#8217;alcol, la caffeina e altre sostanze che influiscono negativamente sul corpo. Potenzia le idee di un ambiente sano e una vita sana.<\/p>\n<p>Il quadro che ti ispirer\u00e0 con l&#8217;energia di purificazione e disintossicazione \u00e8 creato con l&#8217;obiettivo di potenziare le energie che riducono la necessit\u00e0 di determinate sostanze come lo zucchero, la nicotina, l&#8217;alcol, la caffeina e altre sostanze dannose che influiscono negativamente sul nostro corpo. Quest&#8217;opera d&#8217;arte straordinaria \u00e8 stata creata con l&#8217;intento di potenziare le energie che riducono la necessit\u00e0 di determinate sostanze, come lo zucchero, la nicotina, l&#8217;alcol, la caffeina e altre sostanze dannose che influiscono negativamente sul nostro corpo.<\/p>\n<p>Il quadro porta potenti simboli ed elementi visivi che promuovono idee di un ambiente sano e una vita sana. La tavolozza di colori e le forme sulla tela si intrecciano in un insieme armonioso che invita all&#8217;equilibrio interiore e alla trasformazione positiva. Ogni pennellata \u00e8 selezionata attentamente ed eseguita con l&#8217;obiettivo di trasmettere le vibrazioni di energia pura che puliscono e rigenerano tutto il nostro essere.<\/p>\n<p>Con questo quadro energetico, potrai rafforzare la tua consapevolezza dell&#8217;importanza di uno stile di vita sano e stimolare i tuoi pensieri e azioni verso cambiamenti positivi. Puoi collocare il quadro in un luogo ben visibile nella tua casa, nell&#8217;ufficio o nello spazio dedicato alla meditazione, in modo che ogni volta che lo guardi ti ricordi del tuo impegno per lo sviluppo personale e il benessere.<\/p>\n<p>Ogni opera \u00e8 unica e realizzata a mano con passione e amore per l&#8217;arte. Materiali e tecniche accuratamente selezionati garantiscono alta qualit\u00e0 e durata del quadro. Abbandonati all&#8217;incanto di questo quadro energetico e permetti che ti conduca verso l&#8217;equilibrio interiore, la purificazione e la disintossicazione.<\/p>\n<p>Acquista questo straordinario quadro energetico e lascia che ti aiuti a mantenere uno stile di vita sano e ti ispiri cambiamenti positivi nella tua vita quotidiana. Esprimiti attraverso l&#8217;arte e goditi i benefici di questo meraviglioso quadro energetico &#8211; Energia di purificazione e disintossicazione.<\/p>\n","protected":false},"excerpt":{"rendered":"<p>Quadri energetici &#8211; Energia di purificazione e disintossicazione Il quadro \u00e8 dedicato al potenziamento dello sviluppo di nuovi metodi per gestire lo stress e ridurre il rimpianto nel lasciare vecchi metodi. Rafforza le energie che riducono la necessit\u00e0 di determinate sostanze come lo zucchero, la nicotina, l&#8217;alcol, la caffeina e [&hellip;]<\/p>\n","protected":false},"featured_media":35140,"template":"","meta":{"_acf_changed":false},"product_brand":[],"product_cat":[4169,4170],"product_tag":[4218],"class_list":{"0":"post-43540","1":"product","2":"type-product","3":"status-publish","4":"has-post-thumbnail","6":"product_cat-quadri-di-energia","7":"product_cat-quadri-di-energia-1","8":"product_tag-quadri-di-energia","9":"pa_dimenzija-100-x-100-cm","10":"pa_dimenzija-60-x-60-cm","11":"pa_dimenzija-80-x-80-cm","12":"pa_oblika-quadrata","13":"pa_okvir-sensa-cornice","14":"pa_podokvir-no","15":"pa_podokvir-si","17":"first","18":"onbackorder","19":"purchasable","20":"product-type-variable","21":"has-default-attributes"},"acf":[],"yoast_head":"<!-- This site is optimized with the Yoast SEO Premium plugin v26.0 (Yoast SEO v27.2) - https:\/\/yoast.com\/product\/yoast-seo-premium-wordpress\/ -->\n<title>Quadri energetici - Energia di purificazione e disintossicazione - SVETSLIK.SI - Dipinti a mano al 100%<\/title>\n<meta name=\"description\" content=\"Quadri energetici - Energia di purificazione e disintossicazione - Riproduzioni di quadri d&#039;arte dipinte a mano al 100% su tela. Cornici per quadri, vendita e produzione di dimensioni su ordinazione.\" \/>\n<meta name=\"robots\" content=\"index, follow, max-snippet:-1, max-image-preview:large, max-video-preview:-1\" \/>\n<link rel=\"canonical\" href=\"https:\/\/svetslik.si\/it\/quadri-di-energia-1\/quadri-energetici-energia-di-purificazione-e-disintossicazione\/\" \/>\n<meta property=\"og:locale\" content=\"it_IT\" \/>\n<meta property=\"og:type\" content=\"article\" \/>\n<meta property=\"og:title\" content=\"Quadri energetici - Energia di purificazione e disintossicazione\" \/>\n<meta property=\"og:description\" content=\"100% ro\u010dno naslikane slike na platnu, reprodukcije znanih slikarjev in umetni\u0161ke slike po naro\u010dilu.\" \/>\n<meta property=\"og:url\" content=\"https:\/\/svetslik.si\/it\/quadri-di-energia-1\/quadri-energetici-energia-di-purificazione-e-disintossicazione\/\" \/>\n<meta property=\"og:site_name\" content=\"SVETSLIK.SI\" \/>\n<meta property=\"article:publisher\" content=\"https:\/\/www.facebook.com\/svetslik.si\" \/>\n<meta property=\"article:modified_time\" content=\"2026-03-22T21:38:45+00:00\" \/>\n<meta property=\"og:image\" content=\"https:\/\/svetslik.si\/wp-content\/uploads\/2021\/08\/image_energija-ociscenja-in-razstrupljanja_680.jpg\" \/>\n\t<meta property=\"og:image:width\" content=\"680\" \/>\n\t<meta property=\"og:image:height\" content=\"680\" \/>\n\t<meta property=\"og:image:type\" content=\"image\/jpeg\" \/>\n<meta name=\"twitter:card\" content=\"summary_large_image\" \/>\n<meta name=\"twitter:site\" content=\"@svetslik\" \/>\n<meta name=\"twitter:label1\" content=\"Disponibilit\u00e0\" \/>\n\t<meta name=\"twitter:data1\" content=\"Su ordinazione\" \/>\n<script type=\"application\/ld+json\" class=\"yoast-schema-graph\">{\"@context\":\"https:\/\/schema.org\",\"@graph\":[{\"@type\":[\"WebPage\",\"ItemPage\"],\"@id\":\"https:\/\/svetslik.si\/it\/quadri-di-energia-1\/quadri-energetici-energia-di-purificazione-e-disintossicazione\/\",\"url\":\"https:\/\/svetslik.si\/it\/quadri-di-energia-1\/quadri-energetici-energia-di-purificazione-e-disintossicazione\/\",\"name\":\"Quadri energetici - Energia di purificazione e disintossicazione - SVETSLIK.SI - Dipinti a mano al 100%\",\"isPartOf\":{\"@id\":\"https:\/\/svetslik.si\/it\/#website\"},\"primaryImageOfPage\":{\"@id\":\"https:\/\/svetslik.si\/it\/quadri-di-energia-1\/quadri-energetici-energia-di-purificazione-e-disintossicazione\/#primaryimage\"},\"image\":{\"@id\":\"https:\/\/svetslik.si\/it\/quadri-di-energia-1\/quadri-energetici-energia-di-purificazione-e-disintossicazione\/#primaryimage\"},\"thumbnailUrl\":\"https:\/\/svetslik.si\/wp-content\/uploads\/2021\/08\/image_energija-ociscenja-in-razstrupljanja_680.jpg\",\"datePublished\":\"2021-09-02T16:36:06+00:00\",\"dateModified\":\"2026-03-22T21:38:45+00:00\",\"description\":\"Quadri energetici - Energia di purificazione e disintossicazione - Riproduzioni di quadri d'arte dipinte a mano al 100% su tela. Cornici per quadri, vendita e produzione di dimensioni su ordinazione.\",\"breadcrumb\":{\"@id\":\"https:\/\/svetslik.si\/it\/quadri-di-energia-1\/quadri-energetici-energia-di-purificazione-e-disintossicazione\/#breadcrumb\"},\"inLanguage\":\"it-IT\",\"potentialAction\":[{\"@type\":\"ReadAction\",\"target\":[\"https:\/\/svetslik.si\/it\/quadri-di-energia-1\/quadri-energetici-energia-di-purificazione-e-disintossicazione\/\"]}]},{\"@type\":\"ImageObject\",\"inLanguage\":\"it-IT\",\"@id\":\"https:\/\/svetslik.si\/it\/quadri-di-energia-1\/quadri-energetici-energia-di-purificazione-e-disintossicazione\/#primaryimage\",\"url\":\"https:\/\/svetslik.si\/wp-content\/uploads\/2021\/08\/image_energija-ociscenja-in-razstrupljanja_680.jpg\",\"contentUrl\":\"https:\/\/svetslik.si\/wp-content\/uploads\/2021\/08\/image_energija-ociscenja-in-razstrupljanja_680.jpg\",\"width\":680,\"height\":680,\"caption\":\"Quadri energetici su tela - Energia di purificazione e disintossicazione - Quadri riproduzioni dipinti a mano, quadri moderni, quadri ambientali per pareti, quadri astratti, quadri decorativi, acquisto e vendita quadri\"},{\"@type\":\"BreadcrumbList\",\"@id\":\"https:\/\/svetslik.si\/it\/quadri-di-energia-1\/quadri-energetici-energia-di-purificazione-e-disintossicazione\/#breadcrumb\",\"itemListElement\":[{\"@type\":\"ListItem\",\"position\":1,\"name\":\"Fali m\u0171v\u00e9szet \u00e9s festm\u00e9nyek v\u00e1szonra\",\"item\":\"https:\/\/svetslik.si\/it\/\"},{\"@type\":\"ListItem\",\"position\":2,\"name\":\"Vendita di dipinti\",\"item\":\"https:\/\/svetslik.si\/prodaja-slik\/\"},{\"@type\":\"ListItem\",\"position\":3,\"name\":\"Quadri energetici &#8211; Energia di purificazione e disintossicazione\"}]},{\"@type\":\"WebSite\",\"@id\":\"https:\/\/svetslik.si\/it\/#website\",\"url\":\"https:\/\/svetslik.si\/it\/\",\"name\":\"SVETSLIK.SI\",\"description\":\"100% riproduzioni dipinte a mano di quadri di pittori famosi e dipinti su tela.\",\"publisher\":{\"@id\":\"https:\/\/svetslik.si\/it\/#organization\"},\"potentialAction\":[{\"@type\":\"SearchAction\",\"target\":{\"@type\":\"EntryPoint\",\"urlTemplate\":\"https:\/\/svetslik.si\/it\/?s={search_term_string}\"},\"query-input\":{\"@type\":\"PropertyValueSpecification\",\"valueRequired\":true,\"valueName\":\"search_term_string\"}}],\"inLanguage\":\"it-IT\"},{\"@type\":\"Organization\",\"@id\":\"https:\/\/svetslik.si\/it\/#organization\",\"name\":\"SvetSlik.si\",\"url\":\"https:\/\/svetslik.si\/it\/\",\"logo\":{\"@type\":\"ImageObject\",\"inLanguage\":\"it-IT\",\"@id\":\"https:\/\/svetslik.si\/it\/#\/schema\/logo\/image\/\",\"url\":\"https:\/\/svetslik.si\/wp-content\/uploads\/2020\/12\/logo-512.png\",\"contentUrl\":\"https:\/\/svetslik.si\/wp-content\/uploads\/2020\/12\/logo-512.png\",\"width\":512,\"height\":512,\"caption\":\"SvetSlik.si\"},\"image\":{\"@id\":\"https:\/\/svetslik.si\/it\/#\/schema\/logo\/image\/\"},\"sameAs\":[\"https:\/\/www.facebook.com\/svetslik.si\",\"https:\/\/x.com\/svetslik\",\"https:\/\/www.instagram.com\/svetslik.si\/\",\"https:\/\/www.linkedin.com\/company\/svetslik-si\"]}]}<\/script>\n<meta property=\"og:availability\" content=\"backorder\" \/>\n<meta property=\"product:availability\" content=\"available for order\" \/>\n<meta property=\"product:retailer_item_id\" content=\"640__\" \/>\n<meta property=\"product:condition\" content=\"new\" \/>\n<!-- \/ Yoast SEO Premium plugin. -->","yoast_head_json":{"title":"Quadri energetici - Energia di purificazione e disintossicazione - SVETSLIK.SI - Dipinti a mano al 100%","description":"Quadri energetici - Energia di purificazione e disintossicazione - Riproduzioni di quadri d'arte dipinte a mano al 100% su tela. Cornici per quadri, vendita e produzione di dimensioni su ordinazione.","robots":{"index":"index","follow":"follow","max-snippet":"max-snippet:-1","max-image-preview":"max-image-preview:large","max-video-preview":"max-video-preview:-1"},"canonical":"https:\/\/svetslik.si\/it\/quadri-di-energia-1\/quadri-energetici-energia-di-purificazione-e-disintossicazione\/","og_locale":"it_IT","og_type":"article","og_title":"Quadri energetici - Energia di purificazione e disintossicazione","og_description":"100% ro\u010dno naslikane slike na platnu, reprodukcije znanih slikarjev in umetni\u0161ke slike po naro\u010dilu.","og_url":"https:\/\/svetslik.si\/it\/quadri-di-energia-1\/quadri-energetici-energia-di-purificazione-e-disintossicazione\/","og_site_name":"SVETSLIK.SI","article_publisher":"https:\/\/www.facebook.com\/svetslik.si","article_modified_time":"2026-03-22T21:38:45+00:00","og_image":[{"width":680,"height":680,"url":"https:\/\/svetslik.si\/wp-content\/uploads\/2021\/08\/image_energija-ociscenja-in-razstrupljanja_680.jpg","type":"image\/jpeg"}],"twitter_card":"summary_large_image","twitter_site":"@svetslik","twitter_misc":{"Disponibilit\u00e0":"Su ordinazione"},"schema":{"@context":"https:\/\/schema.org","@graph":[{"@type":["WebPage","ItemPage"],"@id":"https:\/\/svetslik.si\/it\/quadri-di-energia-1\/quadri-energetici-energia-di-purificazione-e-disintossicazione\/","url":"https:\/\/svetslik.si\/it\/quadri-di-energia-1\/quadri-energetici-energia-di-purificazione-e-disintossicazione\/","name":"Quadri energetici - Energia di purificazione e disintossicazione - SVETSLIK.SI - Dipinti a mano al 100%","isPartOf":{"@id":"https:\/\/svetslik.si\/it\/#website"},"primaryImageOfPage":{"@id":"https:\/\/svetslik.si\/it\/quadri-di-energia-1\/quadri-energetici-energia-di-purificazione-e-disintossicazione\/#primaryimage"},"image":{"@id":"https:\/\/svetslik.si\/it\/quadri-di-energia-1\/quadri-energetici-energia-di-purificazione-e-disintossicazione\/#primaryimage"},"thumbnailUrl":"https:\/\/svetslik.si\/wp-content\/uploads\/2021\/08\/image_energija-ociscenja-in-razstrupljanja_680.jpg","datePublished":"2021-09-02T16:36:06+00:00","dateModified":"2026-03-22T21:38:45+00:00","description":"Quadri energetici - Energia di purificazione e disintossicazione - Riproduzioni di quadri d'arte dipinte a mano al 100% su tela. Cornici per quadri, vendita e produzione di dimensioni su ordinazione.","breadcrumb":{"@id":"https:\/\/svetslik.si\/it\/quadri-di-energia-1\/quadri-energetici-energia-di-purificazione-e-disintossicazione\/#breadcrumb"},"inLanguage":"it-IT","potentialAction":[{"@type":"ReadAction","target":["https:\/\/svetslik.si\/it\/quadri-di-energia-1\/quadri-energetici-energia-di-purificazione-e-disintossicazione\/"]}]},{"@type":"ImageObject","inLanguage":"it-IT","@id":"https:\/\/svetslik.si\/it\/quadri-di-energia-1\/quadri-energetici-energia-di-purificazione-e-disintossicazione\/#primaryimage","url":"https:\/\/svetslik.si\/wp-content\/uploads\/2021\/08\/image_energija-ociscenja-in-razstrupljanja_680.jpg","contentUrl":"https:\/\/svetslik.si\/wp-content\/uploads\/2021\/08\/image_energija-ociscenja-in-razstrupljanja_680.jpg","width":680,"height":680,"caption":"Quadri energetici su tela - Energia di purificazione e disintossicazione - Quadri riproduzioni dipinti a mano, quadri moderni, quadri ambientali per pareti, quadri astratti, quadri decorativi, acquisto e vendita quadri"},{"@type":"BreadcrumbList","@id":"https:\/\/svetslik.si\/it\/quadri-di-energia-1\/quadri-energetici-energia-di-purificazione-e-disintossicazione\/#breadcrumb","itemListElement":[{"@type":"ListItem","position":1,"name":"Fali m\u0171v\u00e9szet \u00e9s festm\u00e9nyek v\u00e1szonra","item":"https:\/\/svetslik.si\/it\/"},{"@type":"ListItem","position":2,"name":"Vendita di dipinti","item":"https:\/\/svetslik.si\/prodaja-slik\/"},{"@type":"ListItem","position":3,"name":"Quadri energetici &#8211; Energia di purificazione e disintossicazione"}]},{"@type":"WebSite","@id":"https:\/\/svetslik.si\/it\/#website","url":"https:\/\/svetslik.si\/it\/","name":"SVETSLIK.SI","description":"100% riproduzioni dipinte a mano di quadri di pittori famosi e dipinti su tela.","publisher":{"@id":"https:\/\/svetslik.si\/it\/#organization"},"potentialAction":[{"@type":"SearchAction","target":{"@type":"EntryPoint","urlTemplate":"https:\/\/svetslik.si\/it\/?s={search_term_string}"},"query-input":{"@type":"PropertyValueSpecification","valueRequired":true,"valueName":"search_term_string"}}],"inLanguage":"it-IT"},{"@type":"Organization","@id":"https:\/\/svetslik.si\/it\/#organization","name":"SvetSlik.si","url":"https:\/\/svetslik.si\/it\/","logo":{"@type":"ImageObject","inLanguage":"it-IT","@id":"https:\/\/svetslik.si\/it\/#\/schema\/logo\/image\/","url":"https:\/\/svetslik.si\/wp-content\/uploads\/2020\/12\/logo-512.png","contentUrl":"https:\/\/svetslik.si\/wp-content\/uploads\/2020\/12\/logo-512.png","width":512,"height":512,"caption":"SvetSlik.si"},"image":{"@id":"https:\/\/svetslik.si\/it\/#\/schema\/logo\/image\/"},"sameAs":["https:\/\/www.facebook.com\/svetslik.si","https:\/\/x.com\/svetslik","https:\/\/www.instagram.com\/svetslik.si\/","https:\/\/www.linkedin.com\/company\/svetslik-si"]}]},"og_availability":"backorder","product_availability":"available for order","product_retailer_item_id":"640__","product_condition":"new"},"jetpack_sharing_enabled":true,"_links":{"self":[{"href":"https:\/\/svetslik.si\/it\/wp-json\/wp\/v2\/product\/43540","targetHints":{"allow":["GET"]}}],"collection":[{"href":"https:\/\/svetslik.si\/it\/wp-json\/wp\/v2\/product"}],"about":[{"href":"https:\/\/svetslik.si\/it\/wp-json\/wp\/v2\/types\/product"}],"wp:featuredmedia":[{"embeddable":true,"href":"https:\/\/svetslik.si\/it\/wp-json\/wp\/v2\/media\/35140"}],"wp:attachment":[{"href":"https:\/\/svetslik.si\/it\/wp-json\/wp\/v2\/media?parent=43540"}],"wp:term":[{"taxonomy":"product_brand","embeddable":true,"href":"https:\/\/svetslik.si\/it\/wp-json\/wp\/v2\/product_brand?post=43540"},{"taxonomy":"product_cat","embeddable":true,"href":"https:\/\/svetslik.si\/it\/wp-json\/wp\/v2\/product_cat?post=43540"},{"taxonomy":"product_tag","embeddable":true,"href":"https:\/\/svetslik.si\/it\/wp-json\/wp\/v2\/product_tag?post=43540"}],"curies":[{"name":"wp","href":"https:\/\/api.w.org\/{rel}","templated":true}]}}