{"id":43621,"date":"2021-09-02T18:37:31","date_gmt":"2021-09-02T16:37:31","guid":{"rendered":"https:\/\/svetslik.si\/senza-categoria\/energija-privlacnosti\/"},"modified":"2026-03-22T22:38:45","modified_gmt":"2026-03-22T21:38:45","slug":"quadri-energetici-energia-dellattrazione","status":"publish","type":"product","link":"https:\/\/svetslik.si\/it\/quadri-di-energia-1\/quadri-energetici-energia-dellattrazione\/","title":{"rendered":"Quadri energetici &#8211; Energia dell&#8217;attrazione"},"content":{"rendered":"<div class=\"wpb-content-wrapper\">[vc_row][vc_column][vc_column_text css=&#8221;&#8221;]\n<h1>Quadri energetici &#8211; Energia di attrazione<\/h1>\n<p data-start=\"6358\" data-end=\"6763\">Un dipinto energetico su tela rappresenta energie che possono reindirizzare eventi che potrebbero ridurre l\u2019amore e la felicit\u00e0 nella vostra vita. Questo quadro agisce a vostro favore e crea uno scudo invincibile contro ogni tipo di inganno. Possedere questo dipinto rafforza l\u2019energia che vi permette di emanare un magnetismo e un carisma speciali, attirando irresistibilmente le persone intorno a voi.<\/p>\n<p data-start=\"6765\" data-end=\"7076\">L\u2019energia \u00e8 fondamentale nella nostra vita quotidiana. Il dipinto \u201cEnergia dell\u2019attrazione\u201d \u00e8 progettato appositamente per creare energia positiva e potente nel vostro spazio. Ogni pennellata, ogni colore sulla tela porta vibrazioni e intenzione che aiutano a stabilire equilibrio e armonia nella vostra vita.<\/p>\n<p data-start=\"7078\" data-end=\"7436\">Quest\u2019opera d\u2019arte \u00e8 realizzata a mano con particolare cura e amore per i dettagli. Ogni tocco di pennello \u00e8 attentamente studiato per trasferire un\u2019energia forte e positiva sulla tela. Il dipinto \u201cEnergia dell\u2019attrazione\u201d \u00e8 un\u2019opera unica creata da un artista esperto con l\u2019obiettivo di aiutarvi ad attrarre amore, felicit\u00e0 e abbondanza nella vostra vita.<\/p>\n<p data-start=\"7438\" data-end=\"7802\">Questo dipinto agisce come uno stimolo per la vostra forza interiore e la vostra autostima. Quando lo avete nel vostro spazio, l\u2019energia dell\u2019ambiente si trasforma e si orienta a vostro favore. Il magnetismo e il carisma che emanerete attireranno l\u2019attenzione degli altri, rafforzando le vostre relazioni e permettendovi di connettervi a un livello pi\u00f9 profondo.<\/p>\n<p data-start=\"7804\" data-end=\"8120\">Oltre alla sua forte presenza energetica, il dipinto \u201cEnergia dell\u2019attrazione\u201d \u00e8 anche esteticamente affascinante. I colori e le forme selezionati sono combinati con cura per creare armonia visiva. Quest\u2019opera funger\u00e0 da elemento artistico unico nel vostro spazio, attirando sguardi e affascinando i vostri ospiti.<\/p>\n<p data-start=\"8122\" data-end=\"8502\">Che stiate cercando un\u2019opera d\u2019arte speciale per aggiungere energia e fascino alla vostra casa o al vostro ufficio, oppure vogliate fare un regalo significativo e unico a una persona cara, il dipinto \u201cEnergia dell\u2019attrazione\u201d \u00e8 la scelta perfetta. La sua energia potente e la sua estetica straordinaria vi ispireranno sicuramente e influenzeranno voi e le persone intorno a voi.<\/p>\n[\/vc_column_text][\/vc_column][\/vc_row][vc_row css=&#8221;.vc_custom_1773828988752{margin-bottom: 10px !important;}&#8221;][vc_column]\t<div class=\"et-image-333 et-image  full   et_image_link\">\n\t\t<div class=\"et-image-inner \">\n\t\t\t\t\t\t\t<div class=\"et-image-thumb \">\n\t\t\t\t\t<img decoding=\"async\" width=\"1354\" height=\"2560\" src=\"https:\/\/svetslik.si\/wp-content\/uploads\/2021\/09\/Energijske-slike-\u2013-Energija-privlacnosti-scaled.jpg\" class=\"attachment-full\" alt=\"Quadri energetici - Energia dell&#039;attrazione\" title=\"Quadri energetici - Energia dell&#039;attrazione\" srcset=\"https:\/\/svetslik.si\/wp-content\/uploads\/2021\/09\/Energijske-slike-\u2013-Energija-privlacnosti-scaled.jpg 1354w, https:\/\/svetslik.si\/wp-content\/uploads\/2021\/09\/Energijske-slike-\u2013-Energija-privlacnosti-159x300.jpg 159w, https:\/\/svetslik.si\/wp-content\/uploads\/2021\/09\/Energijske-slike-\u2013-Energija-privlacnosti-541x1024.jpg 541w, https:\/\/svetslik.si\/wp-content\/uploads\/2021\/09\/Energijske-slike-\u2013-Energija-privlacnosti-768x1453.jpg 768w, https:\/\/svetslik.si\/wp-content\/uploads\/2021\/09\/Energijske-slike-\u2013-Energija-privlacnosti-812x1536.jpg 812w, https:\/\/svetslik.si\/wp-content\/uploads\/2021\/09\/Energijske-slike-\u2013-Energija-privlacnosti-1083x2048.jpg 1083w, https:\/\/svetslik.si\/wp-content\/uploads\/2021\/09\/Energijske-slike-\u2013-Energija-privlacnosti-79x150.jpg 79w, https:\/\/svetslik.si\/wp-content\/uploads\/2021\/09\/Energijske-slike-\u2013-Energija-privlacnosti-600x1135.jpg 600w, https:\/\/svetslik.si\/wp-content\/uploads\/2021\/09\/Energijske-slike-\u2013-Energija-privlacnosti-scaled-1200x2269.jpg 1200w\" sizes=\"(max-width: 1354px) 100vw, 1354px\" \/>\t\t\t\t<\/div>\n\t\t\t\t\t\t\t\t\t\t\t<\/div>\n\t<\/div>\n  [\/vc_column][\/vc_row][vc_row css=&#8221;.vc_custom_1773828988752{margin-bottom: 10px !important;}&#8221;][vc_column]\t<div class=\"et-image-441 et-image  full   et_image_link\">\n\t\t<div class=\"et-image-inner \">\n\t\t\t\t\t\t\t<div class=\"et-image-thumb \">\n\t\t\t\t\t<img decoding=\"async\" width=\"1319\" height=\"2560\" src=\"https:\/\/svetslik.si\/wp-content\/uploads\/2021\/09\/Energijske-slike-\u2013-Energija-privlacnosti-2-scaled.webp\" class=\"attachment-full\" alt=\"Quadri energetici - Energia dell&#039;attrazione\" title=\"Quadri energetici - Energia dell&#039;attrazione\" srcset=\"https:\/\/svetslik.si\/wp-content\/uploads\/2021\/09\/Energijske-slike-\u2013-Energija-privlacnosti-2-scaled.webp 1319w, https:\/\/svetslik.si\/wp-content\/uploads\/2021\/09\/Energijske-slike-\u2013-Energija-privlacnosti-2-155x300.webp 155w, https:\/\/svetslik.si\/wp-content\/uploads\/2021\/09\/Energijske-slike-\u2013-Energija-privlacnosti-2-527x1024.webp 527w, https:\/\/svetslik.si\/wp-content\/uploads\/2021\/09\/Energijske-slike-\u2013-Energija-privlacnosti-2-768x1491.webp 768w, https:\/\/svetslik.si\/wp-content\/uploads\/2021\/09\/Energijske-slike-\u2013-Energija-privlacnosti-2-791x1536.webp 791w, https:\/\/svetslik.si\/wp-content\/uploads\/2021\/09\/Energijske-slike-\u2013-Energija-privlacnosti-2-1055x2048.webp 1055w, https:\/\/svetslik.si\/wp-content\/uploads\/2021\/09\/Energijske-slike-\u2013-Energija-privlacnosti-2-77x150.webp 77w, https:\/\/svetslik.si\/wp-content\/uploads\/2021\/09\/Energijske-slike-\u2013-Energija-privlacnosti-2-600x1165.webp 600w, https:\/\/svetslik.si\/wp-content\/uploads\/2021\/09\/Energijske-slike-\u2013-Energija-privlacnosti-2-1200x2330.webp 1200w\" sizes=\"(max-width: 1319px) 100vw, 1319px\" \/>\t\t\t\t<\/div>\n\t\t\t\t\t\t\t\t\t\t\t<\/div>\n\t<\/div>\n  [\/vc_column][\/vc_row][vc_row css=&#8221;.vc_custom_1773828988752{margin-bottom: 10px !important;}&#8221;][vc_column]\t<div class=\"et-image-309 et-image  full   et_image_link\">\n\t\t<div class=\"et-image-inner \">\n\t\t\t\t\t\t\t<div class=\"et-image-thumb \">\n\t\t\t\t\t<img decoding=\"async\" width=\"1500\" height=\"2000\" src=\"https:\/\/svetslik.si\/wp-content\/uploads\/2021\/09\/Energijske-slike-\u2013-Energija-privlacnosti.webp\" class=\"attachment-full\" alt=\"Quadri energetici - Energia dell&#039;attrazione\" title=\"Quadri energetici - Energia dell&#039;attrazione\" srcset=\"https:\/\/svetslik.si\/wp-content\/uploads\/2021\/09\/Energijske-slike-\u2013-Energija-privlacnosti.webp 1500w, https:\/\/svetslik.si\/wp-content\/uploads\/2021\/09\/Energijske-slike-\u2013-Energija-privlacnosti-225x300.webp 225w, https:\/\/svetslik.si\/wp-content\/uploads\/2021\/09\/Energijske-slike-\u2013-Energija-privlacnosti-768x1024.webp 768w, https:\/\/svetslik.si\/wp-content\/uploads\/2021\/09\/Energijske-slike-\u2013-Energija-privlacnosti-1152x1536.webp 1152w, https:\/\/svetslik.si\/wp-content\/uploads\/2021\/09\/Energijske-slike-\u2013-Energija-privlacnosti-113x150.webp 113w, https:\/\/svetslik.si\/wp-content\/uploads\/2021\/09\/Energijske-slike-\u2013-Energija-privlacnosti-600x800.webp 600w, https:\/\/svetslik.si\/wp-content\/uploads\/2021\/09\/Energijske-slike-\u2013-Energija-privlacnosti-1200x1600.webp 1200w\" sizes=\"(max-width: 1500px) 100vw, 1500px\" \/>\t\t\t\t<\/div>\n\t\t\t\t\t\t\t\t\t\t\t<\/div>\n\t<\/div>\n  [\/vc_column][\/vc_row]\n<\/div>","protected":false},"excerpt":{"rendered":"<p>[vc_row][vc_column][vc_column_text css=&#8221;&#8221;] Quadri energetici &#8211; Energia di attrazione Un dipinto energetico su tela rappresenta energie che possono reindirizzare eventi che potrebbero ridurre l\u2019amore e la felicit\u00e0 nella vostra vita. Questo quadro agisce a vostro favore e crea uno scudo invincibile contro ogni tipo di inganno. Possedere questo dipinto rafforza l\u2019energia [&hellip;]<\/p>\n","protected":false},"featured_media":35141,"template":"","meta":{"_acf_changed":false},"product_brand":[],"product_cat":[4169,4170],"product_tag":[4218],"class_list":{"0":"post-43621","1":"product","2":"type-product","3":"status-publish","4":"has-post-thumbnail","6":"product_cat-quadri-di-energia","7":"product_cat-quadri-di-energia-1","8":"product_tag-quadri-di-energia","9":"pa_dimenzija-40-x-80-cm-it","10":"pa_dimenzija-50-x-100-cm-it","11":"pa_dimenzija-75-x-150-cm-it","12":"pa_oblika-verticale","13":"pa_okvir-sensa-cornice","14":"pa_podokvir-no","15":"pa_podokvir-si","17":"first","18":"onbackorder","19":"purchasable","20":"product-type-variable","21":"has-default-attributes"},"acf":[],"yoast_head":"<!-- This site is optimized with the Yoast SEO Premium plugin v26.0 (Yoast SEO v27.2) - https:\/\/yoast.com\/product\/yoast-seo-premium-wordpress\/ -->\n<title>Quadri energetici - Energia dell&#039;attrazione - SVETSLIK.SI - Dipinti a mano al 100%<\/title>\n<meta name=\"description\" content=\"Quadri energetici - Energia dell&#039;attrazione - Riproduzioni di quadri d&#039;arte dipinte a mano al 100% su tela. Cornici per quadri, vendita e produzione di dimensioni su ordinazione.\" \/>\n<meta name=\"robots\" content=\"index, follow, max-snippet:-1, max-image-preview:large, max-video-preview:-1\" \/>\n<link rel=\"canonical\" href=\"https:\/\/svetslik.si\/it\/quadri-di-energia-1\/quadri-energetici-energia-dellattrazione\/\" \/>\n<meta property=\"og:locale\" content=\"it_IT\" \/>\n<meta property=\"og:type\" content=\"article\" \/>\n<meta property=\"og:title\" content=\"Quadri energetici - Energia dell&#039;attrazione\" \/>\n<meta property=\"og:description\" content=\"100% ro\u010dno naslikane slike na platnu, reprodukcije znanih slikarjev in umetni\u0161ke slike po naro\u010dilu.\" \/>\n<meta property=\"og:url\" content=\"https:\/\/svetslik.si\/it\/quadri-di-energia-1\/quadri-energetici-energia-dellattrazione\/\" \/>\n<meta property=\"og:site_name\" content=\"SVETSLIK.SI\" \/>\n<meta property=\"article:publisher\" content=\"https:\/\/www.facebook.com\/svetslik.si\" \/>\n<meta property=\"article:modified_time\" content=\"2026-03-22T21:38:45+00:00\" \/>\n<meta property=\"og:image\" content=\"https:\/\/svetslik.si\/wp-content\/uploads\/2021\/08\/image_energija-privlacnosti_680.jpg\" \/>\n\t<meta property=\"og:image:width\" content=\"345\" \/>\n\t<meta property=\"og:image:height\" content=\"680\" \/>\n\t<meta property=\"og:image:type\" content=\"image\/jpeg\" \/>\n<meta name=\"twitter:card\" content=\"summary_large_image\" \/>\n<meta name=\"twitter:site\" content=\"@svetslik\" \/>\n<meta name=\"twitter:label1\" content=\"Disponibilit\u00e0\" \/>\n\t<meta name=\"twitter:data1\" content=\"Su ordinazione\" \/>\n<script type=\"application\/ld+json\" class=\"yoast-schema-graph\">{\"@context\":\"https:\/\/schema.org\",\"@graph\":[{\"@type\":[\"WebPage\",\"ItemPage\"],\"@id\":\"https:\/\/svetslik.si\/it\/quadri-di-energia-1\/quadri-energetici-energia-dellattrazione\/\",\"url\":\"https:\/\/svetslik.si\/it\/quadri-di-energia-1\/quadri-energetici-energia-dellattrazione\/\",\"name\":\"Quadri energetici - Energia dell'attrazione - SVETSLIK.SI - Dipinti a mano al 100%\",\"isPartOf\":{\"@id\":\"https:\/\/svetslik.si\/it\/#website\"},\"primaryImageOfPage\":{\"@id\":\"https:\/\/svetslik.si\/it\/quadri-di-energia-1\/quadri-energetici-energia-dellattrazione\/#primaryimage\"},\"image\":{\"@id\":\"https:\/\/svetslik.si\/it\/quadri-di-energia-1\/quadri-energetici-energia-dellattrazione\/#primaryimage\"},\"thumbnailUrl\":\"https:\/\/svetslik.si\/wp-content\/uploads\/2021\/08\/image_energija-privlacnosti_680.jpg\",\"datePublished\":\"2021-09-02T16:37:31+00:00\",\"dateModified\":\"2026-03-22T21:38:45+00:00\",\"description\":\"Quadri energetici - Energia dell'attrazione - Riproduzioni di quadri d'arte dipinte a mano al 100% su tela. Cornici per quadri, vendita e produzione di dimensioni su ordinazione.\",\"breadcrumb\":{\"@id\":\"https:\/\/svetslik.si\/it\/quadri-di-energia-1\/quadri-energetici-energia-dellattrazione\/#breadcrumb\"},\"inLanguage\":\"it-IT\",\"potentialAction\":[{\"@type\":\"ReadAction\",\"target\":[\"https:\/\/svetslik.si\/it\/quadri-di-energia-1\/quadri-energetici-energia-dellattrazione\/\"]}]},{\"@type\":\"ImageObject\",\"inLanguage\":\"it-IT\",\"@id\":\"https:\/\/svetslik.si\/it\/quadri-di-energia-1\/quadri-energetici-energia-dellattrazione\/#primaryimage\",\"url\":\"https:\/\/svetslik.si\/wp-content\/uploads\/2021\/08\/image_energija-privlacnosti_680.jpg\",\"contentUrl\":\"https:\/\/svetslik.si\/wp-content\/uploads\/2021\/08\/image_energija-privlacnosti_680.jpg\",\"width\":345,\"height\":680,\"caption\":\"Quadri energetici su tela - Energia dell'attrazione - Quadri riproduzioni dipinti a mano, quadri moderni, quadri ambientali per pareti, quadri astratti, quadri decorativi, acquisto e vendita quadri\"},{\"@type\":\"BreadcrumbList\",\"@id\":\"https:\/\/svetslik.si\/it\/quadri-di-energia-1\/quadri-energetici-energia-dellattrazione\/#breadcrumb\",\"itemListElement\":[{\"@type\":\"ListItem\",\"position\":1,\"name\":\"Fali m\u0171v\u00e9szet \u00e9s festm\u00e9nyek v\u00e1szonra\",\"item\":\"https:\/\/svetslik.si\/it\/\"},{\"@type\":\"ListItem\",\"position\":2,\"name\":\"Vendita di dipinti\",\"item\":\"https:\/\/svetslik.si\/prodaja-slik\/\"},{\"@type\":\"ListItem\",\"position\":3,\"name\":\"Quadri energetici &#8211; Energia dell&#8217;attrazione\"}]},{\"@type\":\"WebSite\",\"@id\":\"https:\/\/svetslik.si\/it\/#website\",\"url\":\"https:\/\/svetslik.si\/it\/\",\"name\":\"SVETSLIK.SI\",\"description\":\"100% riproduzioni dipinte a mano di quadri di pittori famosi e dipinti su tela.\",\"publisher\":{\"@id\":\"https:\/\/svetslik.si\/it\/#organization\"},\"potentialAction\":[{\"@type\":\"SearchAction\",\"target\":{\"@type\":\"EntryPoint\",\"urlTemplate\":\"https:\/\/svetslik.si\/it\/?s={search_term_string}\"},\"query-input\":{\"@type\":\"PropertyValueSpecification\",\"valueRequired\":true,\"valueName\":\"search_term_string\"}}],\"inLanguage\":\"it-IT\"},{\"@type\":\"Organization\",\"@id\":\"https:\/\/svetslik.si\/it\/#organization\",\"name\":\"SvetSlik.si\",\"url\":\"https:\/\/svetslik.si\/it\/\",\"logo\":{\"@type\":\"ImageObject\",\"inLanguage\":\"it-IT\",\"@id\":\"https:\/\/svetslik.si\/it\/#\/schema\/logo\/image\/\",\"url\":\"https:\/\/svetslik.si\/wp-content\/uploads\/2020\/12\/logo-512.png\",\"contentUrl\":\"https:\/\/svetslik.si\/wp-content\/uploads\/2020\/12\/logo-512.png\",\"width\":512,\"height\":512,\"caption\":\"SvetSlik.si\"},\"image\":{\"@id\":\"https:\/\/svetslik.si\/it\/#\/schema\/logo\/image\/\"},\"sameAs\":[\"https:\/\/www.facebook.com\/svetslik.si\",\"https:\/\/x.com\/svetslik\",\"https:\/\/www.instagram.com\/svetslik.si\/\",\"https:\/\/www.linkedin.com\/company\/svetslik-si\"]}]}<\/script>\n<meta property=\"og:availability\" content=\"backorder\" \/>\n<meta property=\"product:availability\" content=\"available for order\" \/>\n<meta property=\"product:retailer_item_id\" content=\"662__\" \/>\n<meta property=\"product:condition\" content=\"new\" \/>\n<!-- \/ Yoast SEO Premium plugin. -->","yoast_head_json":{"title":"Quadri energetici - Energia dell'attrazione - SVETSLIK.SI - Dipinti a mano al 100%","description":"Quadri energetici - Energia dell'attrazione - Riproduzioni di quadri d'arte dipinte a mano al 100% su tela. Cornici per quadri, vendita e produzione di dimensioni su ordinazione.","robots":{"index":"index","follow":"follow","max-snippet":"max-snippet:-1","max-image-preview":"max-image-preview:large","max-video-preview":"max-video-preview:-1"},"canonical":"https:\/\/svetslik.si\/it\/quadri-di-energia-1\/quadri-energetici-energia-dellattrazione\/","og_locale":"it_IT","og_type":"article","og_title":"Quadri energetici - Energia dell'attrazione","og_description":"100% ro\u010dno naslikane slike na platnu, reprodukcije znanih slikarjev in umetni\u0161ke slike po naro\u010dilu.","og_url":"https:\/\/svetslik.si\/it\/quadri-di-energia-1\/quadri-energetici-energia-dellattrazione\/","og_site_name":"SVETSLIK.SI","article_publisher":"https:\/\/www.facebook.com\/svetslik.si","article_modified_time":"2026-03-22T21:38:45+00:00","og_image":[{"width":345,"height":680,"url":"https:\/\/svetslik.si\/wp-content\/uploads\/2021\/08\/image_energija-privlacnosti_680.jpg","type":"image\/jpeg"}],"twitter_card":"summary_large_image","twitter_site":"@svetslik","twitter_misc":{"Disponibilit\u00e0":"Su ordinazione"},"schema":{"@context":"https:\/\/schema.org","@graph":[{"@type":["WebPage","ItemPage"],"@id":"https:\/\/svetslik.si\/it\/quadri-di-energia-1\/quadri-energetici-energia-dellattrazione\/","url":"https:\/\/svetslik.si\/it\/quadri-di-energia-1\/quadri-energetici-energia-dellattrazione\/","name":"Quadri energetici - Energia dell'attrazione - SVETSLIK.SI - Dipinti a mano al 100%","isPartOf":{"@id":"https:\/\/svetslik.si\/it\/#website"},"primaryImageOfPage":{"@id":"https:\/\/svetslik.si\/it\/quadri-di-energia-1\/quadri-energetici-energia-dellattrazione\/#primaryimage"},"image":{"@id":"https:\/\/svetslik.si\/it\/quadri-di-energia-1\/quadri-energetici-energia-dellattrazione\/#primaryimage"},"thumbnailUrl":"https:\/\/svetslik.si\/wp-content\/uploads\/2021\/08\/image_energija-privlacnosti_680.jpg","datePublished":"2021-09-02T16:37:31+00:00","dateModified":"2026-03-22T21:38:45+00:00","description":"Quadri energetici - Energia dell'attrazione - Riproduzioni di quadri d'arte dipinte a mano al 100% su tela. Cornici per quadri, vendita e produzione di dimensioni su ordinazione.","breadcrumb":{"@id":"https:\/\/svetslik.si\/it\/quadri-di-energia-1\/quadri-energetici-energia-dellattrazione\/#breadcrumb"},"inLanguage":"it-IT","potentialAction":[{"@type":"ReadAction","target":["https:\/\/svetslik.si\/it\/quadri-di-energia-1\/quadri-energetici-energia-dellattrazione\/"]}]},{"@type":"ImageObject","inLanguage":"it-IT","@id":"https:\/\/svetslik.si\/it\/quadri-di-energia-1\/quadri-energetici-energia-dellattrazione\/#primaryimage","url":"https:\/\/svetslik.si\/wp-content\/uploads\/2021\/08\/image_energija-privlacnosti_680.jpg","contentUrl":"https:\/\/svetslik.si\/wp-content\/uploads\/2021\/08\/image_energija-privlacnosti_680.jpg","width":345,"height":680,"caption":"Quadri energetici su tela - Energia dell'attrazione - Quadri riproduzioni dipinti a mano, quadri moderni, quadri ambientali per pareti, quadri astratti, quadri decorativi, acquisto e vendita quadri"},{"@type":"BreadcrumbList","@id":"https:\/\/svetslik.si\/it\/quadri-di-energia-1\/quadri-energetici-energia-dellattrazione\/#breadcrumb","itemListElement":[{"@type":"ListItem","position":1,"name":"Fali m\u0171v\u00e9szet \u00e9s festm\u00e9nyek v\u00e1szonra","item":"https:\/\/svetslik.si\/it\/"},{"@type":"ListItem","position":2,"name":"Vendita di dipinti","item":"https:\/\/svetslik.si\/prodaja-slik\/"},{"@type":"ListItem","position":3,"name":"Quadri energetici &#8211; Energia dell&#8217;attrazione"}]},{"@type":"WebSite","@id":"https:\/\/svetslik.si\/it\/#website","url":"https:\/\/svetslik.si\/it\/","name":"SVETSLIK.SI","description":"100% riproduzioni dipinte a mano di quadri di pittori famosi e dipinti su tela.","publisher":{"@id":"https:\/\/svetslik.si\/it\/#organization"},"potentialAction":[{"@type":"SearchAction","target":{"@type":"EntryPoint","urlTemplate":"https:\/\/svetslik.si\/it\/?s={search_term_string}"},"query-input":{"@type":"PropertyValueSpecification","valueRequired":true,"valueName":"search_term_string"}}],"inLanguage":"it-IT"},{"@type":"Organization","@id":"https:\/\/svetslik.si\/it\/#organization","name":"SvetSlik.si","url":"https:\/\/svetslik.si\/it\/","logo":{"@type":"ImageObject","inLanguage":"it-IT","@id":"https:\/\/svetslik.si\/it\/#\/schema\/logo\/image\/","url":"https:\/\/svetslik.si\/wp-content\/uploads\/2020\/12\/logo-512.png","contentUrl":"https:\/\/svetslik.si\/wp-content\/uploads\/2020\/12\/logo-512.png","width":512,"height":512,"caption":"SvetSlik.si"},"image":{"@id":"https:\/\/svetslik.si\/it\/#\/schema\/logo\/image\/"},"sameAs":["https:\/\/www.facebook.com\/svetslik.si","https:\/\/x.com\/svetslik","https:\/\/www.instagram.com\/svetslik.si\/","https:\/\/www.linkedin.com\/company\/svetslik-si"]}]},"og_availability":"backorder","product_availability":"available for order","product_retailer_item_id":"662__","product_condition":"new"},"jetpack_sharing_enabled":true,"_links":{"self":[{"href":"https:\/\/svetslik.si\/it\/wp-json\/wp\/v2\/product\/43621","targetHints":{"allow":["GET"]}}],"collection":[{"href":"https:\/\/svetslik.si\/it\/wp-json\/wp\/v2\/product"}],"about":[{"href":"https:\/\/svetslik.si\/it\/wp-json\/wp\/v2\/types\/product"}],"wp:featuredmedia":[{"embeddable":true,"href":"https:\/\/svetslik.si\/it\/wp-json\/wp\/v2\/media\/35141"}],"wp:attachment":[{"href":"https:\/\/svetslik.si\/it\/wp-json\/wp\/v2\/media?parent=43621"}],"wp:term":[{"taxonomy":"product_brand","embeddable":true,"href":"https:\/\/svetslik.si\/it\/wp-json\/wp\/v2\/product_brand?post=43621"},{"taxonomy":"product_cat","embeddable":true,"href":"https:\/\/svetslik.si\/it\/wp-json\/wp\/v2\/product_cat?post=43621"},{"taxonomy":"product_tag","embeddable":true,"href":"https:\/\/svetslik.si\/it\/wp-json\/wp\/v2\/product_tag?post=43621"}],"curies":[{"name":"wp","href":"https:\/\/api.w.org\/{rel}","templated":true}]}}