{"id":43625,"date":"2021-09-02T18:37:31","date_gmt":"2021-09-02T16:37:31","guid":{"rendered":"https:\/\/svetslik.si\/senza-categoria\/tretje-oko\/"},"modified":"2026-03-22T22:39:24","modified_gmt":"2026-03-22T21:39:24","slug":"quadri-energetici-terzo-occhio","status":"publish","type":"product","link":"https:\/\/svetslik.si\/it\/quadri-di-energia-1\/quadri-energetici-terzo-occhio\/","title":{"rendered":"Quadri energetici &#8211; Terzo occhio"},"content":{"rendered":"<div class=\"wpb-content-wrapper\">[vc_row css=&#8221;.vc_custom_1699776122537{margin-bottom: 10px !important;}&#8221;][vc_column]\t<div class=\"et-image-554 et-image     et_image_link\">\n\t\t<div class=\"et-image-inner \">\n\t\t\t\t\t\t\t<div class=\"et-image-thumb \">\n\t\t\t\t\t<img decoding=\"async\" width=\"1000\" height=\"1706\" src=\"https:\/\/svetslik.si\/wp-content\/uploads\/2021\/09\/Energijske-slike-\u2013-Tretje-oko-3.jpg\" class=\"attachment-full\" alt=\"Espressionismo artistico - Portale dell&#039;anima (Quadri energetici)\" title=\"Quadri energetici \u2013 Terzo occhio\" srcset=\"https:\/\/svetslik.si\/wp-content\/uploads\/2021\/09\/Energijske-slike-\u2013-Tretje-oko-3.jpg 1000w, https:\/\/svetslik.si\/wp-content\/uploads\/2021\/09\/Energijske-slike-\u2013-Tretje-oko-3-600x1024.jpg 600w, https:\/\/svetslik.si\/wp-content\/uploads\/2021\/09\/Energijske-slike-\u2013-Tretje-oko-3-176x300.jpg 176w, https:\/\/svetslik.si\/wp-content\/uploads\/2021\/09\/Energijske-slike-\u2013-Tretje-oko-3-768x1310.jpg 768w, https:\/\/svetslik.si\/wp-content\/uploads\/2021\/09\/Energijske-slike-\u2013-Tretje-oko-3-900x1535.jpg 900w, https:\/\/svetslik.si\/wp-content\/uploads\/2021\/09\/Energijske-slike-\u2013-Tretje-oko-3-88x150.jpg 88w\" sizes=\"(max-width: 1000px) 100vw, 1000px\" \/>\t\t\t\t<\/div>\n\t\t\t\t\t\t\t\t\t\t\t<\/div>\n\t<\/div>\n  [\/vc_column][\/vc_row][vc_row css=&#8221;.vc_custom_1699776122537{margin-bottom: 10px !important;}&#8221;][vc_column]\t<div class=\"et-image-243 et-image     et_image_link\">\n\t\t<div class=\"et-image-inner \">\n\t\t\t\t\t\t\t<div class=\"et-image-thumb \">\n\t\t\t\t\t<img decoding=\"async\" width=\"1000\" height=\"563\" src=\"https:\/\/svetslik.si\/wp-content\/uploads\/2021\/09\/Energijske-slike-\u2013-Tretje-oko.jpg\" class=\"attachment-full\" alt=\"Arte astratta - Visione intuitiva (Quadri energetici)\" title=\"Quadri energetici \u2013 Terzo occhio\" srcset=\"https:\/\/svetslik.si\/wp-content\/uploads\/2021\/09\/Energijske-slike-\u2013-Tretje-oko.jpg 1000w, https:\/\/svetslik.si\/wp-content\/uploads\/2021\/09\/Energijske-slike-\u2013-Tretje-oko-600x338.jpg 600w, https:\/\/svetslik.si\/wp-content\/uploads\/2021\/09\/Energijske-slike-\u2013-Tretje-oko-300x169.jpg 300w, https:\/\/svetslik.si\/wp-content\/uploads\/2021\/09\/Energijske-slike-\u2013-Tretje-oko-768x432.jpg 768w, https:\/\/svetslik.si\/wp-content\/uploads\/2021\/09\/Energijske-slike-\u2013-Tretje-oko-150x84.jpg 150w, https:\/\/svetslik.si\/wp-content\/uploads\/2021\/09\/Energijske-slike-\u2013-Tretje-oko-900x507.jpg 900w\" sizes=\"(max-width: 1000px) 100vw, 1000px\" \/>\t\t\t\t<\/div>\n\t\t\t\t\t\t\t\t\t\t\t<\/div>\n\t<\/div>\n  [\/vc_column][\/vc_row][vc_row css=&#8221;.vc_custom_1699776122537{margin-bottom: 10px !important;}&#8221;][vc_column]\t<div class=\"et-image-912 et-image     et_image_link\">\n\t\t<div class=\"et-image-inner \">\n\t\t\t\t\t\t\t<div class=\"et-image-thumb \">\n\t\t\t\t\t<img decoding=\"async\" width=\"1000\" height=\"563\" src=\"https:\/\/svetslik.si\/wp-content\/uploads\/2021\/09\/Energijske-slike-\u2013-Tretje-oko-2.jpg\" class=\"attachment-full\" alt=\"Arte contemporanea - Illuminazione interiore (Quadri energetici)\" title=\"Quadri energetici \u2013 Terzo occhio\" srcset=\"https:\/\/svetslik.si\/wp-content\/uploads\/2021\/09\/Energijske-slike-\u2013-Tretje-oko-2.jpg 1000w, https:\/\/svetslik.si\/wp-content\/uploads\/2021\/09\/Energijske-slike-\u2013-Tretje-oko-2-600x338.jpg 600w, https:\/\/svetslik.si\/wp-content\/uploads\/2021\/09\/Energijske-slike-\u2013-Tretje-oko-2-300x169.jpg 300w, https:\/\/svetslik.si\/wp-content\/uploads\/2021\/09\/Energijske-slike-\u2013-Tretje-oko-2-768x432.jpg 768w, https:\/\/svetslik.si\/wp-content\/uploads\/2021\/09\/Energijske-slike-\u2013-Tretje-oko-2-150x84.jpg 150w, https:\/\/svetslik.si\/wp-content\/uploads\/2021\/09\/Energijske-slike-\u2013-Tretje-oko-2-900x507.jpg 900w\" sizes=\"(max-width: 1000px) 100vw, 1000px\" \/>\t\t\t\t<\/div>\n\t\t\t\t\t\t\t\t\t\t\t<\/div>\n\t<\/div>\n  [\/vc_column][\/vc_row][vc_row][vc_column][vc_column_text]\n<h1>Quadro energetico &#8211; Il Terzo Occhio: L&#8217;apertura di una nuova visione<\/h1>\n<p>Il Terzo Occhio \u00e8 noto come il centro della percezione intuitiva e della comprensione interiore. Rappresenta un profondo collegamento con le energie sottili e la capacit\u00e0 di vedere al di l\u00e0 dello spettro visibile comune. Uno dei miei unici quadri energetici, chiamato &#8220;Il Terzo Occhio&#8221;, \u00e8 stato creato con l&#8217;intento di aiutarti ad aprire una nuova prospettiva sul mondo che ti circonda.<\/p>\n<p>Il quadro &#8220;Il Terzo Occhio&#8221; \u00e8 stato realizzato con amore e attenzione per i dettagli, dipinto a mano con colori e tecniche selezionate che trasmettono un&#8217;energia speciale. Ogni pennellata \u00e8 stata dedicata a far fluire l&#8217;energia del terzo occhio sulla tela, stabilendo cos\u00ec una connessione tra il quadro e l&#8217;osservatore.<\/p>\n<p>Il Terzo Occhio ci consente di comprendere le cose a un livello pi\u00f9 profondo. Quando si apre il Terzo Occhio, si aprono nuove dimensioni di percezione. In questo modo percepiamo le sottili energie che ci circondano e possiamo entrare nel mondo interiore degli altri individui. Avendo il quadro &#8220;Il Terzo Occhio&#8221; nel tuo spazio, avrai un costante ricordo di questa importante capacit\u00e0.<\/p>\n<p>Quando il tuo Terzo Occhio si apre, inizierai a percepire cose che potrebbero essere inizialmente difficili da accettare mentalmente. Questo quadro energetico suggestivo pu\u00f2 servirti da ispirazione e incoraggiamento nella tua esplorazione della tua natura intuitiva. Con i suoi colori intensi ed elementi simbolici, il quadro invita a una profonda esplorazione della tua coscienza.<\/p>\n<p>Che il quadro &#8220;Il Terzo Occhio&#8221; sia una fonte di ispirazione e supporto nel tuo sviluppo spirituale. Posizionalo in un luogo visibile nel tuo spazio, dove avrai l&#8217;opportunit\u00e0 di calmarti, rilassarti e approfondire la tua comprensione della verit\u00e0 universale.<\/p>\n<p>Che questo quadro energetico sia la tua guida nel tuo percorso di espansione della coscienza e scoperta delle profondit\u00e0 nascoste dentro di te. Scopri il potere del Terzo Occhio e apriti a nuove conoscenze ed esperienze.<\/p>\n<p>Osserva il quadro &#8220;Il Terzo Occhio&#8221; e lasciati trasportare in un viaggio attraverso le dimensioni interiori. Sii pronto a scoprire nuove verit\u00e0 e a percepire il mondo in un modo completamente diverso.<\/p>\n<p>Ordina il quadro energetico &#8220;Il Terzo Occhio&#8221; e apri le porte alla tua crescita spirituale.[\/vc_column_text][\/vc_column][\/vc_row]\n<\/div>","protected":false},"excerpt":{"rendered":"<p>[vc_row css=&#8221;.vc_custom_1699776122537{margin-bottom: 10px !important;}&#8221;][vc_column][\/vc_column][\/vc_row][vc_row css=&#8221;.vc_custom_1699776122537{margin-bottom: 10px !important;}&#8221;][vc_column][\/vc_column][\/vc_row][vc_row css=&#8221;.vc_custom_1699776122537{margin-bottom: 10px !important;}&#8221;][vc_column][\/vc_column][\/vc_row][vc_row][vc_column][vc_column_text] Quadro energetico &#8211; Il Terzo Occhio: L&#8217;apertura di una nuova visione Il Terzo Occhio \u00e8 noto come il centro della percezione intuitiva e della comprensione interiore. Rappresenta un profondo collegamento con le energie sottili e la capacit\u00e0 di vedere al [&hellip;]<\/p>\n","protected":false},"featured_media":35782,"template":"","meta":{"_acf_changed":false},"product_brand":[],"product_cat":[4169,4170],"product_tag":[4218],"class_list":{"0":"post-43625","1":"product","2":"type-product","3":"status-publish","4":"has-post-thumbnail","6":"product_cat-quadri-di-energia","7":"product_cat-quadri-di-energia-1","8":"product_tag-quadri-di-energia","9":"pa_dimenzija-40-x-80-cm-it","10":"pa_dimenzija-50-x-100-cm-it","11":"pa_dimenzija-75-x-150-cm-it","12":"pa_oblika-verticale","13":"pa_okvir-sensa-cornice","14":"pa_podokvir-no","15":"pa_podokvir-si","17":"first","18":"onbackorder","19":"purchasable","20":"product-type-variable","21":"has-default-attributes"},"acf":[],"yoast_head":"<!-- This site is optimized with the Yoast SEO Premium plugin v26.0 (Yoast SEO v27.2) - https:\/\/yoast.com\/product\/yoast-seo-premium-wordpress\/ -->\n<title>Quadri energetici - Terzo occhio - SVETSLIK.SI - Dipinti a mano al 100%<\/title>\n<meta name=\"description\" content=\"Quadri energetici - Terzo occhio - Riproduzioni di quadri d&#039;arte dipinte a mano al 100% su tela. Cornici per quadri, vendita e produzione di dimensioni su ordinazione.\" \/>\n<meta name=\"robots\" content=\"index, follow, max-snippet:-1, max-image-preview:large, max-video-preview:-1\" \/>\n<link rel=\"canonical\" href=\"https:\/\/svetslik.si\/it\/quadri-di-energia-1\/quadri-energetici-terzo-occhio\/\" \/>\n<meta property=\"og:locale\" content=\"it_IT\" \/>\n<meta property=\"og:type\" content=\"article\" \/>\n<meta property=\"og:title\" content=\"Quadri energetici - Terzo occhio\" \/>\n<meta property=\"og:description\" content=\"100% ro\u010dno naslikane slike na platnu, reprodukcije znanih slikarjev in umetni\u0161ke slike po naro\u010dilu.\" \/>\n<meta property=\"og:url\" content=\"https:\/\/svetslik.si\/it\/quadri-di-energia-1\/quadri-energetici-terzo-occhio\/\" \/>\n<meta property=\"og:site_name\" content=\"SVETSLIK.SI\" \/>\n<meta property=\"article:publisher\" content=\"https:\/\/www.facebook.com\/svetslik.si\" \/>\n<meta property=\"article:modified_time\" content=\"2026-03-22T21:39:24+00:00\" \/>\n<meta property=\"og:image\" content=\"https:\/\/svetslik.si\/wp-content\/uploads\/2021\/08\/image_tretje-oko_680.jpg\" \/>\n\t<meta property=\"og:image:width\" content=\"346\" \/>\n\t<meta property=\"og:image:height\" content=\"680\" \/>\n\t<meta property=\"og:image:type\" content=\"image\/jpeg\" \/>\n<meta name=\"twitter:card\" content=\"summary_large_image\" \/>\n<meta name=\"twitter:site\" content=\"@svetslik\" \/>\n<meta name=\"twitter:label1\" content=\"Disponibilit\u00e0\" \/>\n\t<meta name=\"twitter:data1\" content=\"Su ordinazione\" \/>\n<script type=\"application\/ld+json\" class=\"yoast-schema-graph\">{\"@context\":\"https:\/\/schema.org\",\"@graph\":[{\"@type\":[\"WebPage\",\"ItemPage\"],\"@id\":\"https:\/\/svetslik.si\/it\/quadri-di-energia-1\/quadri-energetici-terzo-occhio\/\",\"url\":\"https:\/\/svetslik.si\/it\/quadri-di-energia-1\/quadri-energetici-terzo-occhio\/\",\"name\":\"Quadri energetici - Terzo occhio - SVETSLIK.SI - Dipinti a mano al 100%\",\"isPartOf\":{\"@id\":\"https:\/\/svetslik.si\/it\/#website\"},\"primaryImageOfPage\":{\"@id\":\"https:\/\/svetslik.si\/it\/quadri-di-energia-1\/quadri-energetici-terzo-occhio\/#primaryimage\"},\"image\":{\"@id\":\"https:\/\/svetslik.si\/it\/quadri-di-energia-1\/quadri-energetici-terzo-occhio\/#primaryimage\"},\"thumbnailUrl\":\"https:\/\/svetslik.si\/wp-content\/uploads\/2021\/08\/image_tretje-oko_680.jpg\",\"datePublished\":\"2021-09-02T16:37:31+00:00\",\"dateModified\":\"2026-03-22T21:39:24+00:00\",\"description\":\"Quadri energetici - Terzo occhio - Riproduzioni di quadri d'arte dipinte a mano al 100% su tela. Cornici per quadri, vendita e produzione di dimensioni su ordinazione.\",\"breadcrumb\":{\"@id\":\"https:\/\/svetslik.si\/it\/quadri-di-energia-1\/quadri-energetici-terzo-occhio\/#breadcrumb\"},\"inLanguage\":\"it-IT\",\"potentialAction\":[{\"@type\":\"ReadAction\",\"target\":[\"https:\/\/svetslik.si\/it\/quadri-di-energia-1\/quadri-energetici-terzo-occhio\/\"]}]},{\"@type\":\"ImageObject\",\"inLanguage\":\"it-IT\",\"@id\":\"https:\/\/svetslik.si\/it\/quadri-di-energia-1\/quadri-energetici-terzo-occhio\/#primaryimage\",\"url\":\"https:\/\/svetslik.si\/wp-content\/uploads\/2021\/08\/image_tretje-oko_680.jpg\",\"contentUrl\":\"https:\/\/svetslik.si\/wp-content\/uploads\/2021\/08\/image_tretje-oko_680.jpg\",\"width\":346,\"height\":680,\"caption\":\"tretje-oko - Quadri artistici, decorativi, ambientali, quadri astratti per la parete\"},{\"@type\":\"BreadcrumbList\",\"@id\":\"https:\/\/svetslik.si\/it\/quadri-di-energia-1\/quadri-energetici-terzo-occhio\/#breadcrumb\",\"itemListElement\":[{\"@type\":\"ListItem\",\"position\":1,\"name\":\"Fali m\u0171v\u00e9szet \u00e9s festm\u00e9nyek v\u00e1szonra\",\"item\":\"https:\/\/svetslik.si\/it\/\"},{\"@type\":\"ListItem\",\"position\":2,\"name\":\"Vendita di dipinti\",\"item\":\"https:\/\/svetslik.si\/prodaja-slik\/\"},{\"@type\":\"ListItem\",\"position\":3,\"name\":\"Quadri energetici &#8211; Terzo occhio\"}]},{\"@type\":\"WebSite\",\"@id\":\"https:\/\/svetslik.si\/it\/#website\",\"url\":\"https:\/\/svetslik.si\/it\/\",\"name\":\"SVETSLIK.SI\",\"description\":\"100% riproduzioni dipinte a mano di quadri di pittori famosi e dipinti su tela.\",\"publisher\":{\"@id\":\"https:\/\/svetslik.si\/it\/#organization\"},\"potentialAction\":[{\"@type\":\"SearchAction\",\"target\":{\"@type\":\"EntryPoint\",\"urlTemplate\":\"https:\/\/svetslik.si\/it\/?s={search_term_string}\"},\"query-input\":{\"@type\":\"PropertyValueSpecification\",\"valueRequired\":true,\"valueName\":\"search_term_string\"}}],\"inLanguage\":\"it-IT\"},{\"@type\":\"Organization\",\"@id\":\"https:\/\/svetslik.si\/it\/#organization\",\"name\":\"SvetSlik.si\",\"url\":\"https:\/\/svetslik.si\/it\/\",\"logo\":{\"@type\":\"ImageObject\",\"inLanguage\":\"it-IT\",\"@id\":\"https:\/\/svetslik.si\/it\/#\/schema\/logo\/image\/\",\"url\":\"https:\/\/svetslik.si\/wp-content\/uploads\/2020\/12\/logo-512.png\",\"contentUrl\":\"https:\/\/svetslik.si\/wp-content\/uploads\/2020\/12\/logo-512.png\",\"width\":512,\"height\":512,\"caption\":\"SvetSlik.si\"},\"image\":{\"@id\":\"https:\/\/svetslik.si\/it\/#\/schema\/logo\/image\/\"},\"sameAs\":[\"https:\/\/www.facebook.com\/svetslik.si\",\"https:\/\/x.com\/svetslik\",\"https:\/\/www.instagram.com\/svetslik.si\/\",\"https:\/\/www.linkedin.com\/company\/svetslik-si\"]}]}<\/script>\n<meta property=\"og:availability\" content=\"backorder\" \/>\n<meta property=\"product:availability\" content=\"available for order\" \/>\n<meta property=\"product:retailer_item_id\" content=\"663__\" \/>\n<meta property=\"product:condition\" content=\"new\" \/>\n<!-- \/ Yoast SEO Premium plugin. -->","yoast_head_json":{"title":"Quadri energetici - Terzo occhio - SVETSLIK.SI - Dipinti a mano al 100%","description":"Quadri energetici - Terzo occhio - Riproduzioni di quadri d'arte dipinte a mano al 100% su tela. Cornici per quadri, vendita e produzione di dimensioni su ordinazione.","robots":{"index":"index","follow":"follow","max-snippet":"max-snippet:-1","max-image-preview":"max-image-preview:large","max-video-preview":"max-video-preview:-1"},"canonical":"https:\/\/svetslik.si\/it\/quadri-di-energia-1\/quadri-energetici-terzo-occhio\/","og_locale":"it_IT","og_type":"article","og_title":"Quadri energetici - Terzo occhio","og_description":"100% ro\u010dno naslikane slike na platnu, reprodukcije znanih slikarjev in umetni\u0161ke slike po naro\u010dilu.","og_url":"https:\/\/svetslik.si\/it\/quadri-di-energia-1\/quadri-energetici-terzo-occhio\/","og_site_name":"SVETSLIK.SI","article_publisher":"https:\/\/www.facebook.com\/svetslik.si","article_modified_time":"2026-03-22T21:39:24+00:00","og_image":[{"width":346,"height":680,"url":"https:\/\/svetslik.si\/wp-content\/uploads\/2021\/08\/image_tretje-oko_680.jpg","type":"image\/jpeg"}],"twitter_card":"summary_large_image","twitter_site":"@svetslik","twitter_misc":{"Disponibilit\u00e0":"Su ordinazione"},"schema":{"@context":"https:\/\/schema.org","@graph":[{"@type":["WebPage","ItemPage"],"@id":"https:\/\/svetslik.si\/it\/quadri-di-energia-1\/quadri-energetici-terzo-occhio\/","url":"https:\/\/svetslik.si\/it\/quadri-di-energia-1\/quadri-energetici-terzo-occhio\/","name":"Quadri energetici - Terzo occhio - SVETSLIK.SI - Dipinti a mano al 100%","isPartOf":{"@id":"https:\/\/svetslik.si\/it\/#website"},"primaryImageOfPage":{"@id":"https:\/\/svetslik.si\/it\/quadri-di-energia-1\/quadri-energetici-terzo-occhio\/#primaryimage"},"image":{"@id":"https:\/\/svetslik.si\/it\/quadri-di-energia-1\/quadri-energetici-terzo-occhio\/#primaryimage"},"thumbnailUrl":"https:\/\/svetslik.si\/wp-content\/uploads\/2021\/08\/image_tretje-oko_680.jpg","datePublished":"2021-09-02T16:37:31+00:00","dateModified":"2026-03-22T21:39:24+00:00","description":"Quadri energetici - Terzo occhio - Riproduzioni di quadri d'arte dipinte a mano al 100% su tela. Cornici per quadri, vendita e produzione di dimensioni su ordinazione.","breadcrumb":{"@id":"https:\/\/svetslik.si\/it\/quadri-di-energia-1\/quadri-energetici-terzo-occhio\/#breadcrumb"},"inLanguage":"it-IT","potentialAction":[{"@type":"ReadAction","target":["https:\/\/svetslik.si\/it\/quadri-di-energia-1\/quadri-energetici-terzo-occhio\/"]}]},{"@type":"ImageObject","inLanguage":"it-IT","@id":"https:\/\/svetslik.si\/it\/quadri-di-energia-1\/quadri-energetici-terzo-occhio\/#primaryimage","url":"https:\/\/svetslik.si\/wp-content\/uploads\/2021\/08\/image_tretje-oko_680.jpg","contentUrl":"https:\/\/svetslik.si\/wp-content\/uploads\/2021\/08\/image_tretje-oko_680.jpg","width":346,"height":680,"caption":"tretje-oko - Quadri artistici, decorativi, ambientali, quadri astratti per la parete"},{"@type":"BreadcrumbList","@id":"https:\/\/svetslik.si\/it\/quadri-di-energia-1\/quadri-energetici-terzo-occhio\/#breadcrumb","itemListElement":[{"@type":"ListItem","position":1,"name":"Fali m\u0171v\u00e9szet \u00e9s festm\u00e9nyek v\u00e1szonra","item":"https:\/\/svetslik.si\/it\/"},{"@type":"ListItem","position":2,"name":"Vendita di dipinti","item":"https:\/\/svetslik.si\/prodaja-slik\/"},{"@type":"ListItem","position":3,"name":"Quadri energetici &#8211; Terzo occhio"}]},{"@type":"WebSite","@id":"https:\/\/svetslik.si\/it\/#website","url":"https:\/\/svetslik.si\/it\/","name":"SVETSLIK.SI","description":"100% riproduzioni dipinte a mano di quadri di pittori famosi e dipinti su tela.","publisher":{"@id":"https:\/\/svetslik.si\/it\/#organization"},"potentialAction":[{"@type":"SearchAction","target":{"@type":"EntryPoint","urlTemplate":"https:\/\/svetslik.si\/it\/?s={search_term_string}"},"query-input":{"@type":"PropertyValueSpecification","valueRequired":true,"valueName":"search_term_string"}}],"inLanguage":"it-IT"},{"@type":"Organization","@id":"https:\/\/svetslik.si\/it\/#organization","name":"SvetSlik.si","url":"https:\/\/svetslik.si\/it\/","logo":{"@type":"ImageObject","inLanguage":"it-IT","@id":"https:\/\/svetslik.si\/it\/#\/schema\/logo\/image\/","url":"https:\/\/svetslik.si\/wp-content\/uploads\/2020\/12\/logo-512.png","contentUrl":"https:\/\/svetslik.si\/wp-content\/uploads\/2020\/12\/logo-512.png","width":512,"height":512,"caption":"SvetSlik.si"},"image":{"@id":"https:\/\/svetslik.si\/it\/#\/schema\/logo\/image\/"},"sameAs":["https:\/\/www.facebook.com\/svetslik.si","https:\/\/x.com\/svetslik","https:\/\/www.instagram.com\/svetslik.si\/","https:\/\/www.linkedin.com\/company\/svetslik-si"]}]},"og_availability":"backorder","product_availability":"available for order","product_retailer_item_id":"663__","product_condition":"new"},"jetpack_sharing_enabled":true,"_links":{"self":[{"href":"https:\/\/svetslik.si\/it\/wp-json\/wp\/v2\/product\/43625","targetHints":{"allow":["GET"]}}],"collection":[{"href":"https:\/\/svetslik.si\/it\/wp-json\/wp\/v2\/product"}],"about":[{"href":"https:\/\/svetslik.si\/it\/wp-json\/wp\/v2\/types\/product"}],"wp:featuredmedia":[{"embeddable":true,"href":"https:\/\/svetslik.si\/it\/wp-json\/wp\/v2\/media\/35782"}],"wp:attachment":[{"href":"https:\/\/svetslik.si\/it\/wp-json\/wp\/v2\/media?parent=43625"}],"wp:term":[{"taxonomy":"product_brand","embeddable":true,"href":"https:\/\/svetslik.si\/it\/wp-json\/wp\/v2\/product_brand?post=43625"},{"taxonomy":"product_cat","embeddable":true,"href":"https:\/\/svetslik.si\/it\/wp-json\/wp\/v2\/product_cat?post=43625"},{"taxonomy":"product_tag","embeddable":true,"href":"https:\/\/svetslik.si\/it\/wp-json\/wp\/v2\/product_tag?post=43625"}],"curies":[{"name":"wp","href":"https:\/\/api.w.org\/{rel}","templated":true}]}}