{"id":43633,"date":"2021-09-02T18:37:52","date_gmt":"2021-09-02T16:37:52","guid":{"rendered":"https:\/\/svetslik.si\/senza-categoria\/uresnicevanje-ciljev\/"},"modified":"2026-03-22T22:39:24","modified_gmt":"2026-03-22T21:39:24","slug":"quadri-energetici-realizzazione-degli-obiettivi","status":"publish","type":"product","link":"https:\/\/svetslik.si\/it\/quadri-di-energia-1\/quadri-energetici-realizzazione-degli-obiettivi\/","title":{"rendered":"Quadri energetici &#8211; Realizzazione degli obiettivi"},"content":{"rendered":"<div class=\"wpb-content-wrapper\">[vc_row css=&#8221;.vc_custom_1742280109214{margin-bottom: 10px !important;}&#8221;][vc_column]\t<div class=\"et-image-791 et-image     et_image_link\">\n\t\t<div class=\"et-image-inner \">\n\t\t\t\t\t\t\t<div class=\"et-image-thumb \">\n\t\t\t\t\t<img decoding=\"async\" width=\"1500\" height=\"2530\" src=\"https:\/\/svetslik.si\/wp-content\/uploads\/2021\/09\/Energijske-slike-\u2013-Uresnicevanje-ciljev-.-energijske-slike.jpg\" class=\"attachment-full\" alt=\"Energijske slike \u2013 Uresni\u010devanje ciljev . energijske slike\" title=\"Quadri energetici - Realizzazione degli obiettivi\" srcset=\"https:\/\/svetslik.si\/wp-content\/uploads\/2021\/09\/Energijske-slike-\u2013-Uresnicevanje-ciljev-.-energijske-slike.jpg 1500w, https:\/\/svetslik.si\/wp-content\/uploads\/2021\/09\/Energijske-slike-\u2013-Uresnicevanje-ciljev-.-energijske-slike-600x1012.jpg 600w, https:\/\/svetslik.si\/wp-content\/uploads\/2021\/09\/Energijske-slike-\u2013-Uresnicevanje-ciljev-.-energijske-slike-1200x2024.jpg 1200w, https:\/\/svetslik.si\/wp-content\/uploads\/2021\/09\/Energijske-slike-\u2013-Uresnicevanje-ciljev-.-energijske-slike-178x300.jpg 178w, https:\/\/svetslik.si\/wp-content\/uploads\/2021\/09\/Energijske-slike-\u2013-Uresnicevanje-ciljev-.-energijske-slike-607x1024.jpg 607w, https:\/\/svetslik.si\/wp-content\/uploads\/2021\/09\/Energijske-slike-\u2013-Uresnicevanje-ciljev-.-energijske-slike-768x1295.jpg 768w, https:\/\/svetslik.si\/wp-content\/uploads\/2021\/09\/Energijske-slike-\u2013-Uresnicevanje-ciljev-.-energijske-slike-911x1536.jpg 911w, https:\/\/svetslik.si\/wp-content\/uploads\/2021\/09\/Energijske-slike-\u2013-Uresnicevanje-ciljev-.-energijske-slike-1214x2048.jpg 1214w, https:\/\/svetslik.si\/wp-content\/uploads\/2021\/09\/Energijske-slike-\u2013-Uresnicevanje-ciljev-.-energijske-slike-89x150.jpg 89w\" sizes=\"(max-width: 1500px) 100vw, 1500px\" \/>\t\t\t\t<\/div>\n\t\t\t\t\t\t\t\t\t\t\t<\/div>\n\t<\/div>\n  [\/vc_column][\/vc_row][vc_row css=&#8221;.vc_custom_1742280109214{margin-bottom: 10px !important;}&#8221;][vc_column]\t<div class=\"et-image-776 et-image     et_image_link\">\n\t\t<div class=\"et-image-inner \">\n\t\t\t\t\t\t\t<div class=\"et-image-thumb \">\n\t\t\t\t\t<img decoding=\"async\" width=\"1380\" height=\"2560\" src=\"https:\/\/svetslik.si\/wp-content\/uploads\/2021\/09\/Energijske-slike-\u2013-Uresnicevanje-ciljev-.-energijske-slike-3-scaled.jpg\" class=\"attachment-full\" alt=\"Quadri energetici - Realizzazione degli obiettivi\" title=\"Quadri energetici - Realizzazione degli obiettivi\" srcset=\"https:\/\/svetslik.si\/wp-content\/uploads\/2021\/09\/Energijske-slike-\u2013-Uresnicevanje-ciljev-.-energijske-slike-3-scaled.jpg 1380w, https:\/\/svetslik.si\/wp-content\/uploads\/2021\/09\/Energijske-slike-\u2013-Uresnicevanje-ciljev-.-energijske-slike-3-scaled-600x1113.jpg 600w, https:\/\/svetslik.si\/wp-content\/uploads\/2021\/09\/Energijske-slike-\u2013-Uresnicevanje-ciljev-.-energijske-slike-3-scaled-1200x2226.jpg 1200w, https:\/\/svetslik.si\/wp-content\/uploads\/2021\/09\/Energijske-slike-\u2013-Uresnicevanje-ciljev-.-energijske-slike-3-162x300.jpg 162w, https:\/\/svetslik.si\/wp-content\/uploads\/2021\/09\/Energijske-slike-\u2013-Uresnicevanje-ciljev-.-energijske-slike-3-552x1024.jpg 552w, https:\/\/svetslik.si\/wp-content\/uploads\/2021\/09\/Energijske-slike-\u2013-Uresnicevanje-ciljev-.-energijske-slike-3-768x1425.jpg 768w, https:\/\/svetslik.si\/wp-content\/uploads\/2021\/09\/Energijske-slike-\u2013-Uresnicevanje-ciljev-.-energijske-slike-3-828x1536.jpg 828w, https:\/\/svetslik.si\/wp-content\/uploads\/2021\/09\/Energijske-slike-\u2013-Uresnicevanje-ciljev-.-energijske-slike-3-1104x2048.jpg 1104w, https:\/\/svetslik.si\/wp-content\/uploads\/2021\/09\/Energijske-slike-\u2013-Uresnicevanje-ciljev-.-energijske-slike-3-81x150.jpg 81w\" sizes=\"(max-width: 1380px) 100vw, 1380px\" \/>\t\t\t\t<\/div>\n\t\t\t\t\t\t\t\t\t\t\t<\/div>\n\t<\/div>\n  [\/vc_column][\/vc_row][vc_row css=&#8221;.vc_custom_1742280109214{margin-bottom: 10px !important;}&#8221;][vc_column]\t<div class=\"et-image-841 et-image     et_image_link\">\n\t\t<div class=\"et-image-inner \">\n\t\t\t\t\t\t\t<div class=\"et-image-thumb \">\n\t\t\t\t\t<img decoding=\"async\" width=\"1393\" height=\"2560\" src=\"https:\/\/svetslik.si\/wp-content\/uploads\/2021\/09\/Energijske-slike-\u2013-Uresnicevanje-ciljev-.-energijske-slike-5-scaled.jpg\" class=\"attachment-full\" alt=\"Quadri energetici - Realizzazione degli obiettivi\" title=\"Quadri energetici - Realizzazione degli obiettivi\" srcset=\"https:\/\/svetslik.si\/wp-content\/uploads\/2021\/09\/Energijske-slike-\u2013-Uresnicevanje-ciljev-.-energijske-slike-5-scaled.jpg 1393w, https:\/\/svetslik.si\/wp-content\/uploads\/2021\/09\/Energijske-slike-\u2013-Uresnicevanje-ciljev-.-energijske-slike-5-scaled-600x1103.jpg 600w, https:\/\/svetslik.si\/wp-content\/uploads\/2021\/09\/Energijske-slike-\u2013-Uresnicevanje-ciljev-.-energijske-slike-5-scaled-1200x2205.jpg 1200w, https:\/\/svetslik.si\/wp-content\/uploads\/2021\/09\/Energijske-slike-\u2013-Uresnicevanje-ciljev-.-energijske-slike-5-163x300.jpg 163w, https:\/\/svetslik.si\/wp-content\/uploads\/2021\/09\/Energijske-slike-\u2013-Uresnicevanje-ciljev-.-energijske-slike-5-557x1024.jpg 557w, https:\/\/svetslik.si\/wp-content\/uploads\/2021\/09\/Energijske-slike-\u2013-Uresnicevanje-ciljev-.-energijske-slike-5-768x1412.jpg 768w, https:\/\/svetslik.si\/wp-content\/uploads\/2021\/09\/Energijske-slike-\u2013-Uresnicevanje-ciljev-.-energijske-slike-5-836x1536.jpg 836w, https:\/\/svetslik.si\/wp-content\/uploads\/2021\/09\/Energijske-slike-\u2013-Uresnicevanje-ciljev-.-energijske-slike-5-1114x2048.jpg 1114w, https:\/\/svetslik.si\/wp-content\/uploads\/2021\/09\/Energijske-slike-\u2013-Uresnicevanje-ciljev-.-energijske-slike-5-82x150.jpg 82w\" sizes=\"(max-width: 1393px) 100vw, 1393px\" \/>\t\t\t\t<\/div>\n\t\t\t\t\t\t\t\t\t\t\t<\/div>\n\t<\/div>\n  [\/vc_column][\/vc_row][vc_row css=&#8221;.vc_custom_1742280109214{margin-bottom: 10px !important;}&#8221;][vc_column]\t<div class=\"et-image-380 et-image     et_image_link\">\n\t\t<div class=\"et-image-inner \">\n\t\t\t\t\t\t\t<div class=\"et-image-thumb \">\n\t\t\t\t\t<img decoding=\"async\" width=\"1500\" height=\"1404\" src=\"https:\/\/svetslik.si\/wp-content\/uploads\/2021\/09\/Energijske-slike-\u2013-Uresnicevanje-ciljev-.-energijske-slike-4.jpg\" class=\"attachment-full\" alt=\"Quadri energetici - Realizzazione degli obiettivi\" title=\"Quadri energetici - Realizzazione degli obiettivi\" srcset=\"https:\/\/svetslik.si\/wp-content\/uploads\/2021\/09\/Energijske-slike-\u2013-Uresnicevanje-ciljev-.-energijske-slike-4.jpg 1500w, https:\/\/svetslik.si\/wp-content\/uploads\/2021\/09\/Energijske-slike-\u2013-Uresnicevanje-ciljev-.-energijske-slike-4-600x562.jpg 600w, https:\/\/svetslik.si\/wp-content\/uploads\/2021\/09\/Energijske-slike-\u2013-Uresnicevanje-ciljev-.-energijske-slike-4-1200x1123.jpg 1200w, https:\/\/svetslik.si\/wp-content\/uploads\/2021\/09\/Energijske-slike-\u2013-Uresnicevanje-ciljev-.-energijske-slike-4-300x281.jpg 300w, https:\/\/svetslik.si\/wp-content\/uploads\/2021\/09\/Energijske-slike-\u2013-Uresnicevanje-ciljev-.-energijske-slike-4-1024x958.jpg 1024w, https:\/\/svetslik.si\/wp-content\/uploads\/2021\/09\/Energijske-slike-\u2013-Uresnicevanje-ciljev-.-energijske-slike-4-768x719.jpg 768w, https:\/\/svetslik.si\/wp-content\/uploads\/2021\/09\/Energijske-slike-\u2013-Uresnicevanje-ciljev-.-energijske-slike-4-150x140.jpg 150w\" sizes=\"(max-width: 1500px) 100vw, 1500px\" \/>\t\t\t\t<\/div>\n\t\t\t\t\t\t\t\t\t\t\t<\/div>\n\t<\/div>\n  [\/vc_column][\/vc_row][vc_row css=&#8221;.vc_custom_1742280109214{margin-bottom: 10px !important;}&#8221;][vc_column]\t<div class=\"et-image-360 et-image     et_image_link\">\n\t\t<div class=\"et-image-inner \">\n\t\t\t\t\t\t\t<div class=\"et-image-thumb \">\n\t\t\t\t\t<img decoding=\"async\" width=\"1500\" height=\"1125\" src=\"https:\/\/svetslik.si\/wp-content\/uploads\/2021\/09\/Energijske-slike-\u2013-Uresnicevanje-ciljev-.-energijske-slike-2.jpg\" class=\"attachment-full\" alt=\"Energijske slike \u2013 Uresni\u010devanje ciljev . energijske slike\" title=\"Quadri energetici - Realizzazione degli obiettivi\" srcset=\"https:\/\/svetslik.si\/wp-content\/uploads\/2021\/09\/Energijske-slike-\u2013-Uresnicevanje-ciljev-.-energijske-slike-2.jpg 1500w, https:\/\/svetslik.si\/wp-content\/uploads\/2021\/09\/Energijske-slike-\u2013-Uresnicevanje-ciljev-.-energijske-slike-2-600x450.jpg 600w, https:\/\/svetslik.si\/wp-content\/uploads\/2021\/09\/Energijske-slike-\u2013-Uresnicevanje-ciljev-.-energijske-slike-2-1200x900.jpg 1200w, https:\/\/svetslik.si\/wp-content\/uploads\/2021\/09\/Energijske-slike-\u2013-Uresnicevanje-ciljev-.-energijske-slike-2-300x225.jpg 300w, https:\/\/svetslik.si\/wp-content\/uploads\/2021\/09\/Energijske-slike-\u2013-Uresnicevanje-ciljev-.-energijske-slike-2-1024x768.jpg 1024w, https:\/\/svetslik.si\/wp-content\/uploads\/2021\/09\/Energijske-slike-\u2013-Uresnicevanje-ciljev-.-energijske-slike-2-768x576.jpg 768w, https:\/\/svetslik.si\/wp-content\/uploads\/2021\/09\/Energijske-slike-\u2013-Uresnicevanje-ciljev-.-energijske-slike-2-150x113.jpg 150w\" sizes=\"(max-width: 1500px) 100vw, 1500px\" \/>\t\t\t\t<\/div>\n\t\t\t\t\t\t\t\t\t\t\t<\/div>\n\t<\/div>\n  [\/vc_column][\/vc_row][vc_row][vc_column][vc_column_text]\n<h1>Quadri energetici &#8211; Realizzazione degli obiettivi<\/h1>\n<p>Il quadro rappresenta l&#8217;energia per risolvere i problemi e promuovere un flusso positivo di eventi, incoraggiando momenti felici. Rappresenta lo stimolo energetico che ci aiuta a raggiungere pi\u00f9 facilmente gli obiettivi prefissati. \u00c8 destinato a favorire un progresso di successo in tutti gli ambiti della vita.<\/p>\n<p>Questo quadro energetico \u00e8 un&#8217;opera unica che rappresenta un&#8217;energia potente per risolvere i problemi e promuovere un flusso positivo di eventi nella vita. \u00c8 stato creato da un&#8217;artista esperta che ha trasmesso con dedizione la propria energia e intenzioni sulla tela.<\/p>\n<p>Questo quadro energetico \u00e8 appositamente progettato per stimolare l&#8217;energia e offrire supporto nel raggiungimento degli obiettivi stabiliti. \u00c8 intenzionalmente concepito per fungere da potente promemoria visivo e fattore motivazionale nella tua vita quotidiana. Quando ti volti a questo quadro, sentirai ispirazione e motivazione per superare gli ostacoli e raggiungere il successo.<\/p>\n<p>Una delle caratteristiche chiave di questo quadro \u00e8 la sua versatilit\u00e0. \u00c8 come una fonte di energia universale che pu\u00f2 sostenere un progresso di successo in qualsiasi ambito della tua vita, che si tratti di carriera, relazioni, salute o sviluppo personale. L&#8217;energia emessa dal quadro \u00e8 positiva, potente e stimolante.<\/p>\n<p>Ogni elemento nel quadro ha il suo significato e simbolismo che agiscono in armonia per creare un effetto complessivo. Colori, linee, forme e pattern sono accuratamente selezionati e posizionati con l&#8217;intento di rafforzare l&#8217;energia del quadro e guidarla verso il raggiungimento dei tuoi obiettivi. Questo quadro \u00e8 come una rappresentazione visiva del tuo desiderio di successo e crescita.<\/p>\n<p>Quando decidi di avere questo quadro energetico &#8220;Realizzazione degli obiettivi&#8221;, otterrai un elemento potente e di supporto nella tua casa o nel tuo ufficio. Posizionalo in un luogo visibile in cui potrai incontrare regolarmente la sua influenza. Ogni volta che avrai bisogno di ispirazione o incoraggiamento, ti rivolgerai a questo quadro e sentirai un&#8217;onda di energia che ti aiuter\u00e0 a superare gli ostacoli lungo il cammino verso i tuoi obiettivi.<\/p>\n<p>Approfitta della potenza del quadro energetico &#8220;Realizzazione degli obiettivi&#8221; e assicurati uno strumento per realizzare pi\u00f9 facilmente i tuoi sogni. Quest&#8217;opera d&#8217;arte ti ricorder\u00e0 costantemente che tutto ci\u00f2 che desideri \u00e8 possibile e che sei in grado di spostare le montagne. Diventa co-creatore del tuo destino con il quadro energetico che ti aiuter\u00e0 a realizzare i tuoi obiettivi.<\/p>\n<\/div>","protected":false},"excerpt":{"rendered":"<p>[vc_row css=&#8221;.vc_custom_1742280109214{margin-bottom: 10px !important;}&#8221;][vc_column][\/vc_column][\/vc_row][vc_row css=&#8221;.vc_custom_1742280109214{margin-bottom: 10px !important;}&#8221;][vc_column][\/vc_column][\/vc_row][vc_row css=&#8221;.vc_custom_1742280109214{margin-bottom: 10px !important;}&#8221;][vc_column][\/vc_column][\/vc_row][vc_row css=&#8221;.vc_custom_1742280109214{margin-bottom: 10px !important;}&#8221;][vc_column][\/vc_column][\/vc_row][vc_row css=&#8221;.vc_custom_1742280109214{margin-bottom: 10px !important;}&#8221;][vc_column][\/vc_column][\/vc_row][vc_row][vc_column][vc_column_text] Quadri energetici &#8211; Realizzazione degli obiettivi Il quadro rappresenta l&#8217;energia per risolvere i problemi e promuovere un flusso positivo di eventi, incoraggiando momenti felici. Rappresenta lo stimolo energetico che ci aiuta a raggiungere pi\u00f9 [&hellip;]<\/p>\n","protected":false},"featured_media":35834,"template":"","meta":{"_acf_changed":false},"product_brand":[],"product_cat":[4169,4170],"product_tag":[4218],"class_list":{"0":"post-43633","1":"product","2":"type-product","3":"status-publish","4":"has-post-thumbnail","6":"product_cat-quadri-di-energia","7":"product_cat-quadri-di-energia-1","8":"product_tag-quadri-di-energia","9":"pa_dimenzija-40-x-80-cm-it","10":"pa_dimenzija-50-x-100-cm-it","11":"pa_dimenzija-75-x-150-cm-it","12":"pa_oblika-verticale","13":"pa_okvir-sensa-cornice","14":"pa_podokvir-no","15":"pa_podokvir-si","17":"first","18":"onbackorder","19":"purchasable","20":"product-type-variable","21":"has-default-attributes"},"acf":[],"yoast_head":"<!-- This site is optimized with the Yoast SEO Premium plugin v26.0 (Yoast SEO v27.2) - https:\/\/yoast.com\/product\/yoast-seo-premium-wordpress\/ -->\n<title>Quadri energetici - Realizzazione degli obiettivi - SVETSLIK.SI - Dipinti a mano al 100%<\/title>\n<meta name=\"description\" content=\"Quadri energetici - Realizzazione degli obiettivi - Riproduzioni di quadri d&#039;arte dipinte a mano al 100% su tela. Cornici per quadri, vendita e produzione di dimensioni su ordinazione.\" \/>\n<meta name=\"robots\" content=\"index, follow, max-snippet:-1, max-image-preview:large, max-video-preview:-1\" \/>\n<link rel=\"canonical\" href=\"https:\/\/svetslik.si\/it\/quadri-di-energia-1\/quadri-energetici-realizzazione-degli-obiettivi\/\" \/>\n<meta property=\"og:locale\" content=\"it_IT\" \/>\n<meta property=\"og:type\" content=\"article\" \/>\n<meta property=\"og:title\" content=\"Quadri energetici - Realizzazione degli obiettivi\" \/>\n<meta property=\"og:description\" content=\"100% ro\u010dno naslikane slike na platnu, reprodukcije znanih slikarjev in umetni\u0161ke slike po naro\u010dilu.\" \/>\n<meta property=\"og:url\" content=\"https:\/\/svetslik.si\/it\/quadri-di-energia-1\/quadri-energetici-realizzazione-degli-obiettivi\/\" \/>\n<meta property=\"og:site_name\" content=\"SVETSLIK.SI\" \/>\n<meta property=\"article:publisher\" content=\"https:\/\/www.facebook.com\/svetslik.si\" \/>\n<meta property=\"article:modified_time\" content=\"2026-03-22T21:39:24+00:00\" \/>\n<meta property=\"og:image\" content=\"https:\/\/svetslik.si\/wp-content\/uploads\/2021\/08\/image_uresnicevanje-ciljev_680.jpg\" \/>\n\t<meta property=\"og:image:width\" content=\"348\" \/>\n\t<meta property=\"og:image:height\" content=\"680\" \/>\n\t<meta property=\"og:image:type\" content=\"image\/jpeg\" \/>\n<meta name=\"twitter:card\" content=\"summary_large_image\" \/>\n<meta name=\"twitter:site\" content=\"@svetslik\" \/>\n<meta name=\"twitter:label1\" content=\"Disponibilit\u00e0\" \/>\n\t<meta name=\"twitter:data1\" content=\"Su ordinazione\" \/>\n<script type=\"application\/ld+json\" class=\"yoast-schema-graph\">{\"@context\":\"https:\/\/schema.org\",\"@graph\":[{\"@type\":[\"WebPage\",\"ItemPage\"],\"@id\":\"https:\/\/svetslik.si\/it\/quadri-di-energia-1\/quadri-energetici-realizzazione-degli-obiettivi\/\",\"url\":\"https:\/\/svetslik.si\/it\/quadri-di-energia-1\/quadri-energetici-realizzazione-degli-obiettivi\/\",\"name\":\"Quadri energetici - Realizzazione degli obiettivi - SVETSLIK.SI - Dipinti a mano al 100%\",\"isPartOf\":{\"@id\":\"https:\/\/svetslik.si\/it\/#website\"},\"primaryImageOfPage\":{\"@id\":\"https:\/\/svetslik.si\/it\/quadri-di-energia-1\/quadri-energetici-realizzazione-degli-obiettivi\/#primaryimage\"},\"image\":{\"@id\":\"https:\/\/svetslik.si\/it\/quadri-di-energia-1\/quadri-energetici-realizzazione-degli-obiettivi\/#primaryimage\"},\"thumbnailUrl\":\"https:\/\/svetslik.si\/wp-content\/uploads\/2021\/08\/image_uresnicevanje-ciljev_680.jpg\",\"datePublished\":\"2021-09-02T16:37:52+00:00\",\"dateModified\":\"2026-03-22T21:39:24+00:00\",\"description\":\"Quadri energetici - Realizzazione degli obiettivi - Riproduzioni di quadri d'arte dipinte a mano al 100% su tela. Cornici per quadri, vendita e produzione di dimensioni su ordinazione.\",\"breadcrumb\":{\"@id\":\"https:\/\/svetslik.si\/it\/quadri-di-energia-1\/quadri-energetici-realizzazione-degli-obiettivi\/#breadcrumb\"},\"inLanguage\":\"it-IT\",\"potentialAction\":[{\"@type\":\"ReadAction\",\"target\":[\"https:\/\/svetslik.si\/it\/quadri-di-energia-1\/quadri-energetici-realizzazione-degli-obiettivi\/\"]}]},{\"@type\":\"ImageObject\",\"inLanguage\":\"it-IT\",\"@id\":\"https:\/\/svetslik.si\/it\/quadri-di-energia-1\/quadri-energetici-realizzazione-degli-obiettivi\/#primaryimage\",\"url\":\"https:\/\/svetslik.si\/wp-content\/uploads\/2021\/08\/image_uresnicevanje-ciljev_680.jpg\",\"contentUrl\":\"https:\/\/svetslik.si\/wp-content\/uploads\/2021\/08\/image_uresnicevanje-ciljev_680.jpg\",\"width\":348,\"height\":680,\"caption\":\"realizzazione-obiettivi Riproduzioni di famosi pittori, quadri moderni, quadri artistici per parete\"},{\"@type\":\"BreadcrumbList\",\"@id\":\"https:\/\/svetslik.si\/it\/quadri-di-energia-1\/quadri-energetici-realizzazione-degli-obiettivi\/#breadcrumb\",\"itemListElement\":[{\"@type\":\"ListItem\",\"position\":1,\"name\":\"Fali m\u0171v\u00e9szet \u00e9s festm\u00e9nyek v\u00e1szonra\",\"item\":\"https:\/\/svetslik.si\/it\/\"},{\"@type\":\"ListItem\",\"position\":2,\"name\":\"Vendita di dipinti\",\"item\":\"https:\/\/svetslik.si\/prodaja-slik\/\"},{\"@type\":\"ListItem\",\"position\":3,\"name\":\"Quadri energetici &#8211; Realizzazione degli obiettivi\"}]},{\"@type\":\"WebSite\",\"@id\":\"https:\/\/svetslik.si\/it\/#website\",\"url\":\"https:\/\/svetslik.si\/it\/\",\"name\":\"SVETSLIK.SI\",\"description\":\"100% riproduzioni dipinte a mano di quadri di pittori famosi e dipinti su tela.\",\"publisher\":{\"@id\":\"https:\/\/svetslik.si\/it\/#organization\"},\"potentialAction\":[{\"@type\":\"SearchAction\",\"target\":{\"@type\":\"EntryPoint\",\"urlTemplate\":\"https:\/\/svetslik.si\/it\/?s={search_term_string}\"},\"query-input\":{\"@type\":\"PropertyValueSpecification\",\"valueRequired\":true,\"valueName\":\"search_term_string\"}}],\"inLanguage\":\"it-IT\"},{\"@type\":\"Organization\",\"@id\":\"https:\/\/svetslik.si\/it\/#organization\",\"name\":\"SvetSlik.si\",\"url\":\"https:\/\/svetslik.si\/it\/\",\"logo\":{\"@type\":\"ImageObject\",\"inLanguage\":\"it-IT\",\"@id\":\"https:\/\/svetslik.si\/it\/#\/schema\/logo\/image\/\",\"url\":\"https:\/\/svetslik.si\/wp-content\/uploads\/2020\/12\/logo-512.png\",\"contentUrl\":\"https:\/\/svetslik.si\/wp-content\/uploads\/2020\/12\/logo-512.png\",\"width\":512,\"height\":512,\"caption\":\"SvetSlik.si\"},\"image\":{\"@id\":\"https:\/\/svetslik.si\/it\/#\/schema\/logo\/image\/\"},\"sameAs\":[\"https:\/\/www.facebook.com\/svetslik.si\",\"https:\/\/x.com\/svetslik\",\"https:\/\/www.instagram.com\/svetslik.si\/\",\"https:\/\/www.linkedin.com\/company\/svetslik-si\"]}]}<\/script>\n<meta property=\"og:availability\" content=\"backorder\" \/>\n<meta property=\"product:availability\" content=\"available for order\" \/>\n<meta property=\"product:retailer_item_id\" content=\"665__\" \/>\n<meta property=\"product:condition\" content=\"new\" \/>\n<!-- \/ Yoast SEO Premium plugin. -->","yoast_head_json":{"title":"Quadri energetici - Realizzazione degli obiettivi - SVETSLIK.SI - Dipinti a mano al 100%","description":"Quadri energetici - Realizzazione degli obiettivi - Riproduzioni di quadri d'arte dipinte a mano al 100% su tela. Cornici per quadri, vendita e produzione di dimensioni su ordinazione.","robots":{"index":"index","follow":"follow","max-snippet":"max-snippet:-1","max-image-preview":"max-image-preview:large","max-video-preview":"max-video-preview:-1"},"canonical":"https:\/\/svetslik.si\/it\/quadri-di-energia-1\/quadri-energetici-realizzazione-degli-obiettivi\/","og_locale":"it_IT","og_type":"article","og_title":"Quadri energetici - Realizzazione degli obiettivi","og_description":"100% ro\u010dno naslikane slike na platnu, reprodukcije znanih slikarjev in umetni\u0161ke slike po naro\u010dilu.","og_url":"https:\/\/svetslik.si\/it\/quadri-di-energia-1\/quadri-energetici-realizzazione-degli-obiettivi\/","og_site_name":"SVETSLIK.SI","article_publisher":"https:\/\/www.facebook.com\/svetslik.si","article_modified_time":"2026-03-22T21:39:24+00:00","og_image":[{"width":348,"height":680,"url":"https:\/\/svetslik.si\/wp-content\/uploads\/2021\/08\/image_uresnicevanje-ciljev_680.jpg","type":"image\/jpeg"}],"twitter_card":"summary_large_image","twitter_site":"@svetslik","twitter_misc":{"Disponibilit\u00e0":"Su ordinazione"},"schema":{"@context":"https:\/\/schema.org","@graph":[{"@type":["WebPage","ItemPage"],"@id":"https:\/\/svetslik.si\/it\/quadri-di-energia-1\/quadri-energetici-realizzazione-degli-obiettivi\/","url":"https:\/\/svetslik.si\/it\/quadri-di-energia-1\/quadri-energetici-realizzazione-degli-obiettivi\/","name":"Quadri energetici - Realizzazione degli obiettivi - SVETSLIK.SI - Dipinti a mano al 100%","isPartOf":{"@id":"https:\/\/svetslik.si\/it\/#website"},"primaryImageOfPage":{"@id":"https:\/\/svetslik.si\/it\/quadri-di-energia-1\/quadri-energetici-realizzazione-degli-obiettivi\/#primaryimage"},"image":{"@id":"https:\/\/svetslik.si\/it\/quadri-di-energia-1\/quadri-energetici-realizzazione-degli-obiettivi\/#primaryimage"},"thumbnailUrl":"https:\/\/svetslik.si\/wp-content\/uploads\/2021\/08\/image_uresnicevanje-ciljev_680.jpg","datePublished":"2021-09-02T16:37:52+00:00","dateModified":"2026-03-22T21:39:24+00:00","description":"Quadri energetici - Realizzazione degli obiettivi - Riproduzioni di quadri d'arte dipinte a mano al 100% su tela. Cornici per quadri, vendita e produzione di dimensioni su ordinazione.","breadcrumb":{"@id":"https:\/\/svetslik.si\/it\/quadri-di-energia-1\/quadri-energetici-realizzazione-degli-obiettivi\/#breadcrumb"},"inLanguage":"it-IT","potentialAction":[{"@type":"ReadAction","target":["https:\/\/svetslik.si\/it\/quadri-di-energia-1\/quadri-energetici-realizzazione-degli-obiettivi\/"]}]},{"@type":"ImageObject","inLanguage":"it-IT","@id":"https:\/\/svetslik.si\/it\/quadri-di-energia-1\/quadri-energetici-realizzazione-degli-obiettivi\/#primaryimage","url":"https:\/\/svetslik.si\/wp-content\/uploads\/2021\/08\/image_uresnicevanje-ciljev_680.jpg","contentUrl":"https:\/\/svetslik.si\/wp-content\/uploads\/2021\/08\/image_uresnicevanje-ciljev_680.jpg","width":348,"height":680,"caption":"realizzazione-obiettivi Riproduzioni di famosi pittori, quadri moderni, quadri artistici per parete"},{"@type":"BreadcrumbList","@id":"https:\/\/svetslik.si\/it\/quadri-di-energia-1\/quadri-energetici-realizzazione-degli-obiettivi\/#breadcrumb","itemListElement":[{"@type":"ListItem","position":1,"name":"Fali m\u0171v\u00e9szet \u00e9s festm\u00e9nyek v\u00e1szonra","item":"https:\/\/svetslik.si\/it\/"},{"@type":"ListItem","position":2,"name":"Vendita di dipinti","item":"https:\/\/svetslik.si\/prodaja-slik\/"},{"@type":"ListItem","position":3,"name":"Quadri energetici &#8211; Realizzazione degli obiettivi"}]},{"@type":"WebSite","@id":"https:\/\/svetslik.si\/it\/#website","url":"https:\/\/svetslik.si\/it\/","name":"SVETSLIK.SI","description":"100% riproduzioni dipinte a mano di quadri di pittori famosi e dipinti su tela.","publisher":{"@id":"https:\/\/svetslik.si\/it\/#organization"},"potentialAction":[{"@type":"SearchAction","target":{"@type":"EntryPoint","urlTemplate":"https:\/\/svetslik.si\/it\/?s={search_term_string}"},"query-input":{"@type":"PropertyValueSpecification","valueRequired":true,"valueName":"search_term_string"}}],"inLanguage":"it-IT"},{"@type":"Organization","@id":"https:\/\/svetslik.si\/it\/#organization","name":"SvetSlik.si","url":"https:\/\/svetslik.si\/it\/","logo":{"@type":"ImageObject","inLanguage":"it-IT","@id":"https:\/\/svetslik.si\/it\/#\/schema\/logo\/image\/","url":"https:\/\/svetslik.si\/wp-content\/uploads\/2020\/12\/logo-512.png","contentUrl":"https:\/\/svetslik.si\/wp-content\/uploads\/2020\/12\/logo-512.png","width":512,"height":512,"caption":"SvetSlik.si"},"image":{"@id":"https:\/\/svetslik.si\/it\/#\/schema\/logo\/image\/"},"sameAs":["https:\/\/www.facebook.com\/svetslik.si","https:\/\/x.com\/svetslik","https:\/\/www.instagram.com\/svetslik.si\/","https:\/\/www.linkedin.com\/company\/svetslik-si"]}]},"og_availability":"backorder","product_availability":"available for order","product_retailer_item_id":"665__","product_condition":"new"},"jetpack_sharing_enabled":true,"_links":{"self":[{"href":"https:\/\/svetslik.si\/it\/wp-json\/wp\/v2\/product\/43633","targetHints":{"allow":["GET"]}}],"collection":[{"href":"https:\/\/svetslik.si\/it\/wp-json\/wp\/v2\/product"}],"about":[{"href":"https:\/\/svetslik.si\/it\/wp-json\/wp\/v2\/types\/product"}],"wp:featuredmedia":[{"embeddable":true,"href":"https:\/\/svetslik.si\/it\/wp-json\/wp\/v2\/media\/35834"}],"wp:attachment":[{"href":"https:\/\/svetslik.si\/it\/wp-json\/wp\/v2\/media?parent=43633"}],"wp:term":[{"taxonomy":"product_brand","embeddable":true,"href":"https:\/\/svetslik.si\/it\/wp-json\/wp\/v2\/product_brand?post=43633"},{"taxonomy":"product_cat","embeddable":true,"href":"https:\/\/svetslik.si\/it\/wp-json\/wp\/v2\/product_cat?post=43633"},{"taxonomy":"product_tag","embeddable":true,"href":"https:\/\/svetslik.si\/it\/wp-json\/wp\/v2\/product_tag?post=43633"}],"curies":[{"name":"wp","href":"https:\/\/api.w.org\/{rel}","templated":true}]}}