{"id":43646,"date":"2021-09-02T18:37:52","date_gmt":"2021-09-02T16:37:52","guid":{"rendered":"https:\/\/svetslik.si\/senza-categoria\/druzinska-sreca\/"},"modified":"2026-03-22T22:40:05","modified_gmt":"2026-03-22T21:40:05","slug":"quadri-energetici-felicita-familiare","status":"publish","type":"product","link":"https:\/\/svetslik.si\/it\/quadri-di-energia-1\/quadri-energetici-felicita-familiare\/","title":{"rendered":"Quadri energetici &#8211; Felicit\u00e0 familiare"},"content":{"rendered":"<div class=\"wpb-content-wrapper\">[vc_row css=&#8221;.vc_custom_1742281807765{margin-bottom: 10px !important;}&#8221;][vc_column]\t<div class=\"et-image-651 et-image     et_image_link\">\n\t\t<div class=\"et-image-inner \">\n\t\t\t\t\t\t\t<div class=\"et-image-thumb \">\n\t\t\t\t\t<img decoding=\"async\" width=\"1488\" height=\"2520\" src=\"https:\/\/svetslik.si\/wp-content\/uploads\/2021\/09\/Energijske-slike-\u2013-Druzinska-sreca-2.jpg\" class=\"attachment-full\" alt=\"Energijske slike \u2013 Dru\u017einska sre\u010da\" title=\"Quadri energetici - Felicit\u00e0 familiare\" srcset=\"https:\/\/svetslik.si\/wp-content\/uploads\/2021\/09\/Energijske-slike-\u2013-Druzinska-sreca-2.jpg 1488w, https:\/\/svetslik.si\/wp-content\/uploads\/2021\/09\/Energijske-slike-\u2013-Druzinska-sreca-2-600x1016.jpg 600w, https:\/\/svetslik.si\/wp-content\/uploads\/2021\/09\/Energijske-slike-\u2013-Druzinska-sreca-2-1200x2032.jpg 1200w, https:\/\/svetslik.si\/wp-content\/uploads\/2021\/09\/Energijske-slike-\u2013-Druzinska-sreca-2-177x300.jpg 177w, https:\/\/svetslik.si\/wp-content\/uploads\/2021\/09\/Energijske-slike-\u2013-Druzinska-sreca-2-605x1024.jpg 605w, https:\/\/svetslik.si\/wp-content\/uploads\/2021\/09\/Energijske-slike-\u2013-Druzinska-sreca-2-768x1301.jpg 768w, https:\/\/svetslik.si\/wp-content\/uploads\/2021\/09\/Energijske-slike-\u2013-Druzinska-sreca-2-907x1536.jpg 907w, https:\/\/svetslik.si\/wp-content\/uploads\/2021\/09\/Energijske-slike-\u2013-Druzinska-sreca-2-1209x2048.jpg 1209w, https:\/\/svetslik.si\/wp-content\/uploads\/2021\/09\/Energijske-slike-\u2013-Druzinska-sreca-2-89x150.jpg 89w\" sizes=\"(max-width: 1488px) 100vw, 1488px\" \/>\t\t\t\t<\/div>\n\t\t\t\t\t\t\t\t\t\t\t<\/div>\n\t<\/div>\n  [\/vc_column][\/vc_row][vc_row css=&#8221;.vc_custom_1742281807765{margin-bottom: 10px !important;}&#8221;][vc_column]\t<div class=\"et-image-221 et-image     et_image_link\">\n\t\t<div class=\"et-image-inner \">\n\t\t\t\t\t\t\t<div class=\"et-image-thumb \">\n\t\t\t\t\t<img decoding=\"async\" width=\"1409\" height=\"2560\" src=\"https:\/\/svetslik.si\/wp-content\/uploads\/2021\/09\/Energijske-slike-\u2013-Druzinska-sreca-4-scaled.jpg\" class=\"attachment-full\" alt=\"Energijske slike \u2013 Dru\u017einska sre\u010da\" title=\"Quadri energetici - Felicit\u00e0 familiare\" srcset=\"https:\/\/svetslik.si\/wp-content\/uploads\/2021\/09\/Energijske-slike-\u2013-Druzinska-sreca-4-scaled.jpg 1409w, https:\/\/svetslik.si\/wp-content\/uploads\/2021\/09\/Energijske-slike-\u2013-Druzinska-sreca-4-scaled-600x1090.jpg 600w, https:\/\/svetslik.si\/wp-content\/uploads\/2021\/09\/Energijske-slike-\u2013-Druzinska-sreca-4-scaled-1200x2180.jpg 1200w, https:\/\/svetslik.si\/wp-content\/uploads\/2021\/09\/Energijske-slike-\u2013-Druzinska-sreca-4-165x300.jpg 165w, https:\/\/svetslik.si\/wp-content\/uploads\/2021\/09\/Energijske-slike-\u2013-Druzinska-sreca-4-564x1024.jpg 564w, https:\/\/svetslik.si\/wp-content\/uploads\/2021\/09\/Energijske-slike-\u2013-Druzinska-sreca-4-768x1395.jpg 768w, https:\/\/svetslik.si\/wp-content\/uploads\/2021\/09\/Energijske-slike-\u2013-Druzinska-sreca-4-846x1536.jpg 846w, https:\/\/svetslik.si\/wp-content\/uploads\/2021\/09\/Energijske-slike-\u2013-Druzinska-sreca-4-1127x2048.jpg 1127w, https:\/\/svetslik.si\/wp-content\/uploads\/2021\/09\/Energijske-slike-\u2013-Druzinska-sreca-4-83x150.jpg 83w\" sizes=\"(max-width: 1409px) 100vw, 1409px\" \/>\t\t\t\t<\/div>\n\t\t\t\t\t\t\t\t\t\t\t<\/div>\n\t<\/div>\n  [\/vc_column][\/vc_row][vc_row css=&#8221;.vc_custom_1742281807765{margin-bottom: 10px !important;}&#8221;][vc_column]\t<div class=\"et-image-60 et-image     et_image_link\">\n\t\t<div class=\"et-image-inner \">\n\t\t\t\t\t\t\t<div class=\"et-image-thumb \">\n\t\t\t\t\t<img decoding=\"async\" width=\"1335\" height=\"2560\" src=\"https:\/\/svetslik.si\/wp-content\/uploads\/2021\/09\/Energijske-slike-\u2013-Druzinska-sreca-3-scaled.jpg\" class=\"attachment-full\" alt=\"Energijske slike \u2013 Dru\u017einska sre\u010da\" title=\"Quadri energetici - Felicit\u00e0 familiare\" srcset=\"https:\/\/svetslik.si\/wp-content\/uploads\/2021\/09\/Energijske-slike-\u2013-Druzinska-sreca-3-scaled.jpg 1335w, https:\/\/svetslik.si\/wp-content\/uploads\/2021\/09\/Energijske-slike-\u2013-Druzinska-sreca-3-scaled-600x1151.jpg 600w, https:\/\/svetslik.si\/wp-content\/uploads\/2021\/09\/Energijske-slike-\u2013-Druzinska-sreca-3-scaled-1200x2301.jpg 1200w, https:\/\/svetslik.si\/wp-content\/uploads\/2021\/09\/Energijske-slike-\u2013-Druzinska-sreca-3-156x300.jpg 156w, https:\/\/svetslik.si\/wp-content\/uploads\/2021\/09\/Energijske-slike-\u2013-Druzinska-sreca-3-534x1024.jpg 534w, https:\/\/svetslik.si\/wp-content\/uploads\/2021\/09\/Energijske-slike-\u2013-Druzinska-sreca-3-768x1473.jpg 768w, https:\/\/svetslik.si\/wp-content\/uploads\/2021\/09\/Energijske-slike-\u2013-Druzinska-sreca-3-801x1536.jpg 801w, https:\/\/svetslik.si\/wp-content\/uploads\/2021\/09\/Energijske-slike-\u2013-Druzinska-sreca-3-1068x2048.jpg 1068w, https:\/\/svetslik.si\/wp-content\/uploads\/2021\/09\/Energijske-slike-\u2013-Druzinska-sreca-3-78x150.jpg 78w\" sizes=\"(max-width: 1335px) 100vw, 1335px\" \/>\t\t\t\t<\/div>\n\t\t\t\t\t\t\t\t\t\t\t<\/div>\n\t<\/div>\n  [\/vc_column][\/vc_row][vc_row css=&#8221;.vc_custom_1742281807765{margin-bottom: 10px !important;}&#8221;][vc_column]\t<div class=\"et-image-896 et-image     et_image_link\">\n\t\t<div class=\"et-image-inner \">\n\t\t\t\t\t\t\t<div class=\"et-image-thumb \">\n\t\t\t\t\t<img decoding=\"async\" width=\"1500\" height=\"1235\" src=\"https:\/\/svetslik.si\/wp-content\/uploads\/2021\/09\/Energijske-slike-\u2013-Druzinska-sreca.jpg\" class=\"attachment-full\" alt=\"Energijske slike \u2013 Dru\u017einska sre\u010da\" title=\"Quadri energetici - Felicit\u00e0 familiare\" srcset=\"https:\/\/svetslik.si\/wp-content\/uploads\/2021\/09\/Energijske-slike-\u2013-Druzinska-sreca.jpg 1500w, https:\/\/svetslik.si\/wp-content\/uploads\/2021\/09\/Energijske-slike-\u2013-Druzinska-sreca-600x494.jpg 600w, https:\/\/svetslik.si\/wp-content\/uploads\/2021\/09\/Energijske-slike-\u2013-Druzinska-sreca-1200x988.jpg 1200w, https:\/\/svetslik.si\/wp-content\/uploads\/2021\/09\/Energijske-slike-\u2013-Druzinska-sreca-300x247.jpg 300w, https:\/\/svetslik.si\/wp-content\/uploads\/2021\/09\/Energijske-slike-\u2013-Druzinska-sreca-1024x843.jpg 1024w, https:\/\/svetslik.si\/wp-content\/uploads\/2021\/09\/Energijske-slike-\u2013-Druzinska-sreca-768x632.jpg 768w, https:\/\/svetslik.si\/wp-content\/uploads\/2021\/09\/Energijske-slike-\u2013-Druzinska-sreca-150x124.jpg 150w\" sizes=\"(max-width: 1500px) 100vw, 1500px\" \/>\t\t\t\t<\/div>\n\t\t\t\t\t\t\t\t\t\t\t<\/div>\n\t<\/div>\n  [\/vc_column][\/vc_row][vc_row css=&#8221;.vc_custom_1742281807765{margin-bottom: 10px !important;}&#8221;][vc_column]\t<div class=\"et-image-490 et-image     et_image_link\">\n\t\t<div class=\"et-image-inner \">\n\t\t\t\t\t\t\t<div class=\"et-image-thumb \">\n\t\t\t\t\t<img decoding=\"async\" width=\"1500\" height=\"1125\" src=\"https:\/\/svetslik.si\/wp-content\/uploads\/2021\/09\/Energijske-slike-\u2013-Druzinska-sreca-5.jpg\" class=\"attachment-full\" alt=\"Quadri energetici - Felicit\u00e0 familiare\" title=\"Quadri energetici - Felicit\u00e0 familiare\" srcset=\"https:\/\/svetslik.si\/wp-content\/uploads\/2021\/09\/Energijske-slike-\u2013-Druzinska-sreca-5.jpg 1500w, https:\/\/svetslik.si\/wp-content\/uploads\/2021\/09\/Energijske-slike-\u2013-Druzinska-sreca-5-600x450.jpg 600w, https:\/\/svetslik.si\/wp-content\/uploads\/2021\/09\/Energijske-slike-\u2013-Druzinska-sreca-5-1200x900.jpg 1200w, https:\/\/svetslik.si\/wp-content\/uploads\/2021\/09\/Energijske-slike-\u2013-Druzinska-sreca-5-300x225.jpg 300w, https:\/\/svetslik.si\/wp-content\/uploads\/2021\/09\/Energijske-slike-\u2013-Druzinska-sreca-5-1024x768.jpg 1024w, https:\/\/svetslik.si\/wp-content\/uploads\/2021\/09\/Energijske-slike-\u2013-Druzinska-sreca-5-768x576.jpg 768w, https:\/\/svetslik.si\/wp-content\/uploads\/2021\/09\/Energijske-slike-\u2013-Druzinska-sreca-5-150x113.jpg 150w\" sizes=\"(max-width: 1500px) 100vw, 1500px\" \/>\t\t\t\t<\/div>\n\t\t\t\t\t\t\t\t\t\t\t<\/div>\n\t<\/div>\n  [\/vc_column][\/vc_row][vc_row][vc_column][vc_column_text]\n<h1>Quadri energetici &#8211; Felicit\u00e0 familiare<\/h1>\n<p>La felicit\u00e0 familiare \u00e8 una parte preziosa e importante della nostra vita. Il dipinto &#8220;Felicit\u00e0 familiare&#8221; rappresenta l&#8217;energia delle relazioni positive all&#8217;interno della famiglia e la protezione dalle influenze negative dell&#8217;ambiente circostante. Quest&#8217;opera d&#8217;arte \u00e8 concepita per promuovere l&#8217;armonia, l&#8217;amore e il rispetto reciproco all&#8217;interno della famiglia.<\/p>\n<p>La famiglia \u00e8 il luogo in cui nascono momenti ed emozioni preziose. \u00c8 uno spazio in cui sperimentiamo la massima gioia, ma allo stesso tempo pu\u00f2 essere anche fonte di sfide e difficolt\u00e0. Tuttavia, questo dipinto trasmette un messaggio potente: la felicit\u00e0 familiare \u00e8 possibile anche nei momenti difficili.<\/p>\n<p>Il dipinto &#8220;Felicit\u00e0 familiare&#8221; ci ricorda che \u00e8 necessario impegno e dedizione per preservare e coltivare relazioni felici all&#8217;interno della famiglia. Porta con s\u00e9 un&#8217;energia positiva che ci protegge dalle influenze negative dell&#8217;ambiente circostante e promuove la salute e il benessere nella nostra vita quotidiana.<\/p>\n<p>L&#8217;energia di questo dipinto ci avvolge con calore e amore, aiutandoci a creare armonia nelle nostre relazioni familiari. Rappresenta un simbolo di sicurezza, sostegno e amore che ci circonda all&#8217;interno della famiglia. Quando lo osserviamo, ci ricorda che la famiglia \u00e8 uno dei nostri valori pi\u00f9 preziosi, che va nutrito e apprezzato.<\/p>\n<p>&#8220;Felicit\u00e0 familiare&#8221; \u00e8 un&#8217;opera d&#8217;arte unica che vi porter\u00e0 energia positiva e ispirazione per mantenere relazioni felici all&#8217;interno della famiglia. La sua presenza arricchir\u00e0 lo spazio in cui verr\u00e0 collocata e vi regaler\u00e0 ogni giorno un senso di connessione, amore e felicit\u00e0.<\/p>\n<p>Investite nell&#8217;energia della felicit\u00e0 familiare ed esprimete il vostro amore per la famiglia con questo splendido dipinto. Vi aiuter\u00e0 a creare un&#8217;atmosfera positiva e amorevole nella vostra casa e vi ricorder\u00e0 che la felicit\u00e0 familiare \u00e8 possibile e vale la pena di essere coltivata.<\/p>\n<\/div>","protected":false},"excerpt":{"rendered":"<p>[vc_row css=&#8221;.vc_custom_1742281807765{margin-bottom: 10px !important;}&#8221;][vc_column][\/vc_column][\/vc_row][vc_row css=&#8221;.vc_custom_1742281807765{margin-bottom: 10px !important;}&#8221;][vc_column][\/vc_column][\/vc_row][vc_row css=&#8221;.vc_custom_1742281807765{margin-bottom: 10px !important;}&#8221;][vc_column][\/vc_column][\/vc_row][vc_row css=&#8221;.vc_custom_1742281807765{margin-bottom: 10px !important;}&#8221;][vc_column][\/vc_column][\/vc_row][vc_row css=&#8221;.vc_custom_1742281807765{margin-bottom: 10px !important;}&#8221;][vc_column][\/vc_column][\/vc_row][vc_row][vc_column][vc_column_text] Quadri energetici &#8211; Felicit\u00e0 familiare La felicit\u00e0 familiare \u00e8 una parte preziosa e importante della nostra vita. Il dipinto &#8220;Felicit\u00e0 familiare&#8221; rappresenta l&#8217;energia delle relazioni positive all&#8217;interno della famiglia e la protezione dalle influenze [&hellip;]<\/p>\n","protected":false},"featured_media":35661,"template":"","meta":{"_acf_changed":false},"product_brand":[],"product_cat":[4169,4170],"product_tag":[4218],"class_list":{"0":"post-43646","1":"product","2":"type-product","3":"status-publish","4":"has-post-thumbnail","6":"product_cat-quadri-di-energia","7":"product_cat-quadri-di-energia-1","8":"product_tag-quadri-di-energia","9":"pa_dimenzija-40-x-80-cm-it","10":"pa_dimenzija-50-x-100-cm-it","11":"pa_dimenzija-75-x-150-cm-it","12":"pa_oblika-verticale","13":"pa_okvir-sensa-cornice","14":"pa_podokvir-no","15":"pa_podokvir-si","17":"first","18":"onbackorder","19":"purchasable","20":"product-type-variable","21":"has-default-attributes"},"acf":[],"yoast_head":"<!-- This site is optimized with the Yoast SEO Premium plugin v26.0 (Yoast SEO v27.2) - https:\/\/yoast.com\/product\/yoast-seo-premium-wordpress\/ -->\n<title>Quadri energetici - Felicit\u00e0 familiare - SVETSLIK.SI - Dipinti a mano al 100%<\/title>\n<meta name=\"description\" content=\"Quadri energetici - Felicit\u00e0 familiare - Riproduzioni di quadri d&#039;arte dipinte a mano al 100% su tela. Cornici per quadri, vendita e produzione di dimensioni su ordinazione.\" \/>\n<meta name=\"robots\" content=\"index, follow, max-snippet:-1, max-image-preview:large, max-video-preview:-1\" \/>\n<link rel=\"canonical\" href=\"https:\/\/svetslik.si\/it\/quadri-di-energia-1\/quadri-energetici-felicita-familiare\/\" \/>\n<meta property=\"og:locale\" content=\"it_IT\" \/>\n<meta property=\"og:type\" content=\"article\" \/>\n<meta property=\"og:title\" content=\"Quadri energetici - Felicit\u00e0 familiare\" \/>\n<meta property=\"og:description\" content=\"100% ro\u010dno naslikane slike na platnu, reprodukcije znanih slikarjev in umetni\u0161ke slike po naro\u010dilu.\" \/>\n<meta property=\"og:url\" content=\"https:\/\/svetslik.si\/it\/quadri-di-energia-1\/quadri-energetici-felicita-familiare\/\" \/>\n<meta property=\"og:site_name\" content=\"SVETSLIK.SI\" \/>\n<meta property=\"article:publisher\" content=\"https:\/\/www.facebook.com\/svetslik.si\" \/>\n<meta property=\"article:modified_time\" content=\"2026-03-22T21:40:05+00:00\" \/>\n<meta property=\"og:image\" content=\"https:\/\/svetslik.si\/wp-content\/uploads\/2021\/08\/image_svetslik-36_680.jpg\" \/>\n\t<meta property=\"og:image:width\" content=\"349\" \/>\n\t<meta property=\"og:image:height\" content=\"680\" \/>\n\t<meta property=\"og:image:type\" content=\"image\/jpeg\" \/>\n<meta name=\"twitter:card\" content=\"summary_large_image\" \/>\n<meta name=\"twitter:site\" content=\"@svetslik\" \/>\n<meta name=\"twitter:label1\" content=\"Disponibilit\u00e0\" \/>\n\t<meta name=\"twitter:data1\" content=\"Su ordinazione\" \/>\n<script type=\"application\/ld+json\" class=\"yoast-schema-graph\">{\"@context\":\"https:\/\/schema.org\",\"@graph\":[{\"@type\":[\"WebPage\",\"ItemPage\"],\"@id\":\"https:\/\/svetslik.si\/it\/quadri-di-energia-1\/quadri-energetici-felicita-familiare\/\",\"url\":\"https:\/\/svetslik.si\/it\/quadri-di-energia-1\/quadri-energetici-felicita-familiare\/\",\"name\":\"Quadri energetici - Felicit\u00e0 familiare - SVETSLIK.SI - Dipinti a mano al 100%\",\"isPartOf\":{\"@id\":\"https:\/\/svetslik.si\/it\/#website\"},\"primaryImageOfPage\":{\"@id\":\"https:\/\/svetslik.si\/it\/quadri-di-energia-1\/quadri-energetici-felicita-familiare\/#primaryimage\"},\"image\":{\"@id\":\"https:\/\/svetslik.si\/it\/quadri-di-energia-1\/quadri-energetici-felicita-familiare\/#primaryimage\"},\"thumbnailUrl\":\"https:\/\/svetslik.si\/wp-content\/uploads\/2021\/08\/image_svetslik-36_680.jpg\",\"datePublished\":\"2021-09-02T16:37:52+00:00\",\"dateModified\":\"2026-03-22T21:40:05+00:00\",\"description\":\"Quadri energetici - Felicit\u00e0 familiare - Riproduzioni di quadri d'arte dipinte a mano al 100% su tela. Cornici per quadri, vendita e produzione di dimensioni su ordinazione.\",\"breadcrumb\":{\"@id\":\"https:\/\/svetslik.si\/it\/quadri-di-energia-1\/quadri-energetici-felicita-familiare\/#breadcrumb\"},\"inLanguage\":\"it-IT\",\"potentialAction\":[{\"@type\":\"ReadAction\",\"target\":[\"https:\/\/svetslik.si\/it\/quadri-di-energia-1\/quadri-energetici-felicita-familiare\/\"]}]},{\"@type\":\"ImageObject\",\"inLanguage\":\"it-IT\",\"@id\":\"https:\/\/svetslik.si\/it\/quadri-di-energia-1\/quadri-energetici-felicita-familiare\/#primaryimage\",\"url\":\"https:\/\/svetslik.si\/wp-content\/uploads\/2021\/08\/image_svetslik-36_680.jpg\",\"contentUrl\":\"https:\/\/svetslik.si\/wp-content\/uploads\/2021\/08\/image_svetslik-36_680.jpg\",\"width\":349,\"height\":680,\"caption\":\"Quadri energetici - Felicit\u00e0 familiare\"},{\"@type\":\"BreadcrumbList\",\"@id\":\"https:\/\/svetslik.si\/it\/quadri-di-energia-1\/quadri-energetici-felicita-familiare\/#breadcrumb\",\"itemListElement\":[{\"@type\":\"ListItem\",\"position\":1,\"name\":\"Fali m\u0171v\u00e9szet \u00e9s festm\u00e9nyek v\u00e1szonra\",\"item\":\"https:\/\/svetslik.si\/it\/\"},{\"@type\":\"ListItem\",\"position\":2,\"name\":\"Vendita di dipinti\",\"item\":\"https:\/\/svetslik.si\/prodaja-slik\/\"},{\"@type\":\"ListItem\",\"position\":3,\"name\":\"Quadri energetici &#8211; Felicit\u00e0 familiare\"}]},{\"@type\":\"WebSite\",\"@id\":\"https:\/\/svetslik.si\/it\/#website\",\"url\":\"https:\/\/svetslik.si\/it\/\",\"name\":\"SVETSLIK.SI\",\"description\":\"100% riproduzioni dipinte a mano di quadri di pittori famosi e dipinti su tela.\",\"publisher\":{\"@id\":\"https:\/\/svetslik.si\/it\/#organization\"},\"potentialAction\":[{\"@type\":\"SearchAction\",\"target\":{\"@type\":\"EntryPoint\",\"urlTemplate\":\"https:\/\/svetslik.si\/it\/?s={search_term_string}\"},\"query-input\":{\"@type\":\"PropertyValueSpecification\",\"valueRequired\":true,\"valueName\":\"search_term_string\"}}],\"inLanguage\":\"it-IT\"},{\"@type\":\"Organization\",\"@id\":\"https:\/\/svetslik.si\/it\/#organization\",\"name\":\"SvetSlik.si\",\"url\":\"https:\/\/svetslik.si\/it\/\",\"logo\":{\"@type\":\"ImageObject\",\"inLanguage\":\"it-IT\",\"@id\":\"https:\/\/svetslik.si\/it\/#\/schema\/logo\/image\/\",\"url\":\"https:\/\/svetslik.si\/wp-content\/uploads\/2020\/12\/logo-512.png\",\"contentUrl\":\"https:\/\/svetslik.si\/wp-content\/uploads\/2020\/12\/logo-512.png\",\"width\":512,\"height\":512,\"caption\":\"SvetSlik.si\"},\"image\":{\"@id\":\"https:\/\/svetslik.si\/it\/#\/schema\/logo\/image\/\"},\"sameAs\":[\"https:\/\/www.facebook.com\/svetslik.si\",\"https:\/\/x.com\/svetslik\",\"https:\/\/www.instagram.com\/svetslik.si\/\",\"https:\/\/www.linkedin.com\/company\/svetslik-si\"]}]}<\/script>\n<meta property=\"og:availability\" content=\"backorder\" \/>\n<meta property=\"product:availability\" content=\"available for order\" \/>\n<meta property=\"product:retailer_item_id\" content=\"668__\" \/>\n<meta property=\"product:condition\" content=\"new\" \/>\n<!-- \/ Yoast SEO Premium plugin. -->","yoast_head_json":{"title":"Quadri energetici - Felicit\u00e0 familiare - SVETSLIK.SI - Dipinti a mano al 100%","description":"Quadri energetici - Felicit\u00e0 familiare - Riproduzioni di quadri d'arte dipinte a mano al 100% su tela. Cornici per quadri, vendita e produzione di dimensioni su ordinazione.","robots":{"index":"index","follow":"follow","max-snippet":"max-snippet:-1","max-image-preview":"max-image-preview:large","max-video-preview":"max-video-preview:-1"},"canonical":"https:\/\/svetslik.si\/it\/quadri-di-energia-1\/quadri-energetici-felicita-familiare\/","og_locale":"it_IT","og_type":"article","og_title":"Quadri energetici - Felicit\u00e0 familiare","og_description":"100% ro\u010dno naslikane slike na platnu, reprodukcije znanih slikarjev in umetni\u0161ke slike po naro\u010dilu.","og_url":"https:\/\/svetslik.si\/it\/quadri-di-energia-1\/quadri-energetici-felicita-familiare\/","og_site_name":"SVETSLIK.SI","article_publisher":"https:\/\/www.facebook.com\/svetslik.si","article_modified_time":"2026-03-22T21:40:05+00:00","og_image":[{"width":349,"height":680,"url":"https:\/\/svetslik.si\/wp-content\/uploads\/2021\/08\/image_svetslik-36_680.jpg","type":"image\/jpeg"}],"twitter_card":"summary_large_image","twitter_site":"@svetslik","twitter_misc":{"Disponibilit\u00e0":"Su ordinazione"},"schema":{"@context":"https:\/\/schema.org","@graph":[{"@type":["WebPage","ItemPage"],"@id":"https:\/\/svetslik.si\/it\/quadri-di-energia-1\/quadri-energetici-felicita-familiare\/","url":"https:\/\/svetslik.si\/it\/quadri-di-energia-1\/quadri-energetici-felicita-familiare\/","name":"Quadri energetici - Felicit\u00e0 familiare - SVETSLIK.SI - Dipinti a mano al 100%","isPartOf":{"@id":"https:\/\/svetslik.si\/it\/#website"},"primaryImageOfPage":{"@id":"https:\/\/svetslik.si\/it\/quadri-di-energia-1\/quadri-energetici-felicita-familiare\/#primaryimage"},"image":{"@id":"https:\/\/svetslik.si\/it\/quadri-di-energia-1\/quadri-energetici-felicita-familiare\/#primaryimage"},"thumbnailUrl":"https:\/\/svetslik.si\/wp-content\/uploads\/2021\/08\/image_svetslik-36_680.jpg","datePublished":"2021-09-02T16:37:52+00:00","dateModified":"2026-03-22T21:40:05+00:00","description":"Quadri energetici - Felicit\u00e0 familiare - Riproduzioni di quadri d'arte dipinte a mano al 100% su tela. Cornici per quadri, vendita e produzione di dimensioni su ordinazione.","breadcrumb":{"@id":"https:\/\/svetslik.si\/it\/quadri-di-energia-1\/quadri-energetici-felicita-familiare\/#breadcrumb"},"inLanguage":"it-IT","potentialAction":[{"@type":"ReadAction","target":["https:\/\/svetslik.si\/it\/quadri-di-energia-1\/quadri-energetici-felicita-familiare\/"]}]},{"@type":"ImageObject","inLanguage":"it-IT","@id":"https:\/\/svetslik.si\/it\/quadri-di-energia-1\/quadri-energetici-felicita-familiare\/#primaryimage","url":"https:\/\/svetslik.si\/wp-content\/uploads\/2021\/08\/image_svetslik-36_680.jpg","contentUrl":"https:\/\/svetslik.si\/wp-content\/uploads\/2021\/08\/image_svetslik-36_680.jpg","width":349,"height":680,"caption":"Quadri energetici - Felicit\u00e0 familiare"},{"@type":"BreadcrumbList","@id":"https:\/\/svetslik.si\/it\/quadri-di-energia-1\/quadri-energetici-felicita-familiare\/#breadcrumb","itemListElement":[{"@type":"ListItem","position":1,"name":"Fali m\u0171v\u00e9szet \u00e9s festm\u00e9nyek v\u00e1szonra","item":"https:\/\/svetslik.si\/it\/"},{"@type":"ListItem","position":2,"name":"Vendita di dipinti","item":"https:\/\/svetslik.si\/prodaja-slik\/"},{"@type":"ListItem","position":3,"name":"Quadri energetici &#8211; Felicit\u00e0 familiare"}]},{"@type":"WebSite","@id":"https:\/\/svetslik.si\/it\/#website","url":"https:\/\/svetslik.si\/it\/","name":"SVETSLIK.SI","description":"100% riproduzioni dipinte a mano di quadri di pittori famosi e dipinti su tela.","publisher":{"@id":"https:\/\/svetslik.si\/it\/#organization"},"potentialAction":[{"@type":"SearchAction","target":{"@type":"EntryPoint","urlTemplate":"https:\/\/svetslik.si\/it\/?s={search_term_string}"},"query-input":{"@type":"PropertyValueSpecification","valueRequired":true,"valueName":"search_term_string"}}],"inLanguage":"it-IT"},{"@type":"Organization","@id":"https:\/\/svetslik.si\/it\/#organization","name":"SvetSlik.si","url":"https:\/\/svetslik.si\/it\/","logo":{"@type":"ImageObject","inLanguage":"it-IT","@id":"https:\/\/svetslik.si\/it\/#\/schema\/logo\/image\/","url":"https:\/\/svetslik.si\/wp-content\/uploads\/2020\/12\/logo-512.png","contentUrl":"https:\/\/svetslik.si\/wp-content\/uploads\/2020\/12\/logo-512.png","width":512,"height":512,"caption":"SvetSlik.si"},"image":{"@id":"https:\/\/svetslik.si\/it\/#\/schema\/logo\/image\/"},"sameAs":["https:\/\/www.facebook.com\/svetslik.si","https:\/\/x.com\/svetslik","https:\/\/www.instagram.com\/svetslik.si\/","https:\/\/www.linkedin.com\/company\/svetslik-si"]}]},"og_availability":"backorder","product_availability":"available for order","product_retailer_item_id":"668__","product_condition":"new"},"jetpack_sharing_enabled":true,"_links":{"self":[{"href":"https:\/\/svetslik.si\/it\/wp-json\/wp\/v2\/product\/43646","targetHints":{"allow":["GET"]}}],"collection":[{"href":"https:\/\/svetslik.si\/it\/wp-json\/wp\/v2\/product"}],"about":[{"href":"https:\/\/svetslik.si\/it\/wp-json\/wp\/v2\/types\/product"}],"wp:featuredmedia":[{"embeddable":true,"href":"https:\/\/svetslik.si\/it\/wp-json\/wp\/v2\/media\/35661"}],"wp:attachment":[{"href":"https:\/\/svetslik.si\/it\/wp-json\/wp\/v2\/media?parent=43646"}],"wp:term":[{"taxonomy":"product_brand","embeddable":true,"href":"https:\/\/svetslik.si\/it\/wp-json\/wp\/v2\/product_brand?post=43646"},{"taxonomy":"product_cat","embeddable":true,"href":"https:\/\/svetslik.si\/it\/wp-json\/wp\/v2\/product_cat?post=43646"},{"taxonomy":"product_tag","embeddable":true,"href":"https:\/\/svetslik.si\/it\/wp-json\/wp\/v2\/product_tag?post=43646"}],"curies":[{"name":"wp","href":"https:\/\/api.w.org\/{rel}","templated":true}]}}