{"id":43783,"date":"2021-09-02T18:49:19","date_gmt":"2021-09-02T16:49:19","guid":{"rendered":"https:\/\/svetslik.si\/senza-categoria\/dekorativna-slika-veselje-i\/"},"modified":"2026-03-22T14:29:52","modified_gmt":"2026-03-22T13:29:52","slug":"quadri-decorativi-gioia-i","status":"publish","type":"product","link":"https:\/\/svetslik.si\/it\/quadri-moderni-multiparti\/quadri-decorativi-gioia-i\/","title":{"rendered":"Quadri decorativi &#8211; Gioia I"},"content":{"rendered":"<div class=\"wpb-content-wrapper\">[vc_row][vc_column][vc_column_text]\nDimensione complessiva del quadro d&#8217;arte:<br \/>\n195 x 75 cm = 65 x 75 + 65 x 75 + 65 x 75<\/p>\n[\/vc_column_text][\/vc_column][\/vc_row][vc_row css=&#8221;.vc_custom_1641475438477{margin-bottom: 10px !important;}&#8221;][vc_column]\t<div class=\"et-image-282 et-image  full   et_image_link\">\n\t\t<div class=\"et-image-inner \">\n\t\t\t\t\t\t\t<a  class=\"mfp-image et-lightbox\" data-mfp-type=\"image\" data-mfp-src=\"https:\/\/svetslik.si\/wp-content\/uploads\/2021\/09\/moderna-vecdelna-umetniska-stenska-slika-na-platnu-sanje-scaled.jpg\"  title=\"Quadro moderno d&#8217;arte su tela a pi\u00f9 pannelli &#8211; Sogni\">\n\t\t\t\t\t\t\t<div class=\"et-image-thumb \">\n\t\t\t\t\t<img decoding=\"async\" width=\"2560\" height=\"1225\" src=\"https:\/\/svetslik.si\/wp-content\/uploads\/2021\/09\/moderna-vecdelna-umetniska-stenska-slika-na-platnu-sanje-scaled.jpg\" class=\"attachment-full\" alt=\"Quadro moderno d&#039;arte su tela a pi\u00f9 pannelli - Sogni\" title=\"Quadro moderno d&#039;arte su tela a pi\u00f9 pannelli - Sogni\" srcset=\"https:\/\/svetslik.si\/wp-content\/uploads\/2021\/09\/moderna-vecdelna-umetniska-stenska-slika-na-platnu-sanje-scaled.jpg 2560w, https:\/\/svetslik.si\/wp-content\/uploads\/2021\/09\/moderna-vecdelna-umetniska-stenska-slika-na-platnu-sanje-600x287.jpg 600w, https:\/\/svetslik.si\/wp-content\/uploads\/2021\/09\/moderna-vecdelna-umetniska-stenska-slika-na-platnu-sanje-scaled-1200x574.jpg 1200w, https:\/\/svetslik.si\/wp-content\/uploads\/2021\/09\/moderna-vecdelna-umetniska-stenska-slika-na-platnu-sanje-300x144.jpg 300w, https:\/\/svetslik.si\/wp-content\/uploads\/2021\/09\/moderna-vecdelna-umetniska-stenska-slika-na-platnu-sanje-1024x490.jpg 1024w, https:\/\/svetslik.si\/wp-content\/uploads\/2021\/09\/moderna-vecdelna-umetniska-stenska-slika-na-platnu-sanje-768x368.jpg 768w, https:\/\/svetslik.si\/wp-content\/uploads\/2021\/09\/moderna-vecdelna-umetniska-stenska-slika-na-platnu-sanje-1536x735.jpg 1536w, https:\/\/svetslik.si\/wp-content\/uploads\/2021\/09\/moderna-vecdelna-umetniska-stenska-slika-na-platnu-sanje-2048x980.jpg 2048w, https:\/\/svetslik.si\/wp-content\/uploads\/2021\/09\/moderna-vecdelna-umetniska-stenska-slika-na-platnu-sanje-150x72.jpg 150w, https:\/\/svetslik.si\/wp-content\/uploads\/2021\/09\/moderna-vecdelna-umetniska-stenska-slika-na-platnu-sanje-1320x632.jpg 1320w, https:\/\/svetslik.si\/wp-content\/uploads\/2021\/09\/moderna-vecdelna-umetniska-stenska-slika-na-platnu-sanje-900x431.jpg 900w\" sizes=\"(max-width: 2560px) 100vw, 2560px\" \/>\t\t\t\t<\/div>\n\t\t\t\t\t\t\t<\/a>\n\t\t\t\t\t\t\t\t\t\t\t<\/div>\n\t<\/div>\n  [\/vc_column][\/vc_row][vc_row css=&#8221;.vc_custom_1641475438477{margin-bottom: 10px !important;}&#8221;][vc_column]\t<div class=\"et-image-691 et-image  full   et_image_link\">\n\t\t<div class=\"et-image-inner \">\n\t\t\t\t\t\t\t<a  class=\"mfp-image et-lightbox\" data-mfp-type=\"image\" data-mfp-src=\"https:\/\/svetslik.si\/wp-content\/uploads\/2021\/09\/20220106_111056-scaled.jpg\"  title=\"Quadri decorativi &#8211; Gioia I\">\n\t\t\t\t\t\t\t<div class=\"et-image-thumb \">\n\t\t\t\t\t<img decoding=\"async\" width=\"2560\" height=\"1441\" src=\"https:\/\/svetslik.si\/wp-content\/uploads\/2021\/09\/20220106_111056-scaled.jpg\" class=\"attachment-full\" alt=\"Quadri decorativi - Gioia I\" title=\"Quadri decorativi - Gioia I\" srcset=\"https:\/\/svetslik.si\/wp-content\/uploads\/2021\/09\/20220106_111056-scaled.jpg 2560w, https:\/\/svetslik.si\/wp-content\/uploads\/2021\/09\/20220106_111056-600x338.jpg 600w, https:\/\/svetslik.si\/wp-content\/uploads\/2021\/09\/20220106_111056-scaled-1200x675.jpg 1200w, https:\/\/svetslik.si\/wp-content\/uploads\/2021\/09\/20220106_111056-300x169.jpg 300w, https:\/\/svetslik.si\/wp-content\/uploads\/2021\/09\/20220106_111056-1024x577.jpg 1024w, https:\/\/svetslik.si\/wp-content\/uploads\/2021\/09\/20220106_111056-768x432.jpg 768w, https:\/\/svetslik.si\/wp-content\/uploads\/2021\/09\/20220106_111056-1536x865.jpg 1536w, https:\/\/svetslik.si\/wp-content\/uploads\/2021\/09\/20220106_111056-2048x1153.jpg 2048w, https:\/\/svetslik.si\/wp-content\/uploads\/2021\/09\/20220106_111056-150x84.jpg 150w, https:\/\/svetslik.si\/wp-content\/uploads\/2021\/09\/20220106_111056-1320x743.jpg 1320w, https:\/\/svetslik.si\/wp-content\/uploads\/2021\/09\/20220106_111056-900x507.jpg 900w\" sizes=\"(max-width: 2560px) 100vw, 2560px\" \/>\t\t\t\t<\/div>\n\t\t\t\t\t\t\t<\/a>\n\t\t\t\t\t\t\t\t\t\t\t<\/div>\n\t<\/div>\n  [\/vc_column][\/vc_row][vc_row css=&#8221;.vc_custom_1641475438477{margin-bottom: 10px !important;}&#8221;][vc_column]\t<div class=\"et-image-277 et-image  full   et_image_link\">\n\t\t<div class=\"et-image-inner \">\n\t\t\t\t\t\t\t<a  class=\"mfp-image et-lightbox\" data-mfp-type=\"image\" data-mfp-src=\"https:\/\/svetslik.si\/wp-content\/uploads\/2021\/09\/20220106_111117-scaled.jpg\"  title=\"Quadri decorativi &#8211; Gioia I\">\n\t\t\t\t\t\t\t<div class=\"et-image-thumb \">\n\t\t\t\t\t<img decoding=\"async\" width=\"2560\" height=\"1441\" src=\"https:\/\/svetslik.si\/wp-content\/uploads\/2021\/09\/20220106_111117-scaled.jpg\" class=\"attachment-full\" alt=\"Quadri decorativi - Gioia I\" title=\"Quadri decorativi - Gioia I\" srcset=\"https:\/\/svetslik.si\/wp-content\/uploads\/2021\/09\/20220106_111117-scaled.jpg 2560w, https:\/\/svetslik.si\/wp-content\/uploads\/2021\/09\/20220106_111117-600x338.jpg 600w, https:\/\/svetslik.si\/wp-content\/uploads\/2021\/09\/20220106_111117-scaled-1200x675.jpg 1200w, https:\/\/svetslik.si\/wp-content\/uploads\/2021\/09\/20220106_111117-300x169.jpg 300w, https:\/\/svetslik.si\/wp-content\/uploads\/2021\/09\/20220106_111117-1024x577.jpg 1024w, https:\/\/svetslik.si\/wp-content\/uploads\/2021\/09\/20220106_111117-768x432.jpg 768w, https:\/\/svetslik.si\/wp-content\/uploads\/2021\/09\/20220106_111117-1536x865.jpg 1536w, https:\/\/svetslik.si\/wp-content\/uploads\/2021\/09\/20220106_111117-2048x1153.jpg 2048w, https:\/\/svetslik.si\/wp-content\/uploads\/2021\/09\/20220106_111117-150x84.jpg 150w, https:\/\/svetslik.si\/wp-content\/uploads\/2021\/09\/20220106_111117-1320x743.jpg 1320w, https:\/\/svetslik.si\/wp-content\/uploads\/2021\/09\/20220106_111117-900x507.jpg 900w\" sizes=\"(max-width: 2560px) 100vw, 2560px\" \/>\t\t\t\t<\/div>\n\t\t\t\t\t\t\t<\/a>\n\t\t\t\t\t\t\t\t\t\t\t<\/div>\n\t<\/div>\n  [\/vc_column][\/vc_row]\n<\/div>","protected":false},"excerpt":{"rendered":"<p>[vc_row][vc_column][vc_column_text] Dimensione complessiva del quadro d&#8217;arte: 195 x 75 cm = 65 x 75 + 65 x 75 + 65 x 75 [\/vc_column_text][\/vc_column][\/vc_row][vc_row css=&#8221;.vc_custom_1641475438477{margin-bottom: 10px !important;}&#8221;][vc_column][\/vc_column][\/vc_row][vc_row css=&#8221;.vc_custom_1641475438477{margin-bottom: 10px !important;}&#8221;][vc_column][\/vc_column][\/vc_row][vc_row css=&#8221;.vc_custom_1641475438477{margin-bottom: 10px !important;}&#8221;][vc_column][\/vc_column][\/vc_row]<\/p>\n","protected":false},"featured_media":35373,"template":"","meta":{"_acf_changed":false},"product_brand":[],"product_cat":[4193],"product_tag":[4208,4230,4254,4267,4262,4257,4255],"class_list":{"0":"post-43783","1":"product","2":"type-product","3":"status-publish","4":"has-post-thumbnail","6":"product_cat-quadri-moderni-multiparti","7":"product_tag-quadri-astratti-it","8":"product_tag-quadri-moderni","9":"product_tag-quadri-moderni-it","10":"product_tag-quadri-multiparte","11":"product_tag-quadri-murali","12":"product_tag-quadri-per-il-soggiorno","13":"product_tag-quadri-per-soggiorno","14":"pa_dimenzija-120-x-50-cm-it","15":"pa_dimenzija-150-x-60-cm-it","16":"pa_dimenzija-195-x-75-cm-it","17":"pa_oblika-orizzontale","18":"pa_pod-okvir-incluso-nel-prezzo","19":"pa_podokvir-no","20":"pa_podokvir-si","22":"first","23":"instock","24":"purchasable","25":"product-type-variable","26":"has-default-attributes"},"acf":[],"yoast_head":"<!-- This site is optimized with the Yoast SEO Premium plugin v26.0 (Yoast SEO v27.2) - https:\/\/yoast.com\/product\/yoast-seo-premium-wordpress\/ -->\n<title>Quadri decorativi - Gioia I - SVETSLIK.SI - Dipinto al 100% fatto a mano<\/title>\n<meta name=\"description\" content=\"Quadri decorativi - Gioia I - Riproduzioni di quadri d&#039;arte al 100% dipinti a mano su tela. Cornici per quadri, vendita e realizzazione di dimensioni su ordinazione.\" \/>\n<meta name=\"robots\" content=\"index, follow, max-snippet:-1, max-image-preview:large, max-video-preview:-1\" \/>\n<link rel=\"canonical\" href=\"https:\/\/svetslik.si\/it\/quadri-moderni-multiparti\/quadri-decorativi-gioia-i\/\" \/>\n<meta property=\"og:locale\" content=\"it_IT\" \/>\n<meta property=\"og:type\" content=\"article\" \/>\n<meta property=\"og:title\" content=\"Quadri decorativi - Gioia I\" \/>\n<meta property=\"og:description\" content=\"100% ro\u010dno naslikane slike na platnu, reprodukcije znanih slikarjev in umetni\u0161ke slike po naro\u010dilu.\" \/>\n<meta property=\"og:url\" content=\"https:\/\/svetslik.si\/it\/quadri-moderni-multiparti\/quadri-decorativi-gioia-i\/\" \/>\n<meta property=\"og:site_name\" content=\"SVETSLIK.SI\" \/>\n<meta property=\"article:publisher\" content=\"https:\/\/www.facebook.com\/svetslik.si\" \/>\n<meta property=\"article:modified_time\" content=\"2026-03-22T13:29:52+00:00\" \/>\n<meta property=\"og:image\" content=\"https:\/\/svetslik.si\/wp-content\/uploads\/2021\/08\/image_moderna-strenska-slika-ambientalna-vecdelna-Slika-Veselje-I_680.png\" \/>\n\t<meta property=\"og:image:width\" content=\"680\" \/>\n\t<meta property=\"og:image:height\" content=\"250\" \/>\n\t<meta property=\"og:image:type\" content=\"image\/png\" \/>\n<meta name=\"twitter:card\" content=\"summary_large_image\" \/>\n<meta name=\"twitter:site\" content=\"@svetslik\" \/>\n<meta name=\"twitter:label1\" content=\"Disponibilit\u00e0\" \/>\n\t<meta name=\"twitter:data1\" content=\"Disponibile\" \/>\n<script type=\"application\/ld+json\" class=\"yoast-schema-graph\">{\"@context\":\"https:\/\/schema.org\",\"@graph\":[{\"@type\":[\"WebPage\",\"ItemPage\"],\"@id\":\"https:\/\/svetslik.si\/it\/quadri-moderni-multiparti\/quadri-decorativi-gioia-i\/\",\"url\":\"https:\/\/svetslik.si\/it\/quadri-moderni-multiparti\/quadri-decorativi-gioia-i\/\",\"name\":\"Quadri decorativi - Gioia I - SVETSLIK.SI - Dipinto al 100% fatto a mano\",\"isPartOf\":{\"@id\":\"https:\/\/svetslik.si\/it\/#website\"},\"primaryImageOfPage\":{\"@id\":\"https:\/\/svetslik.si\/it\/quadri-moderni-multiparti\/quadri-decorativi-gioia-i\/#primaryimage\"},\"image\":{\"@id\":\"https:\/\/svetslik.si\/it\/quadri-moderni-multiparti\/quadri-decorativi-gioia-i\/#primaryimage\"},\"thumbnailUrl\":\"https:\/\/svetslik.si\/wp-content\/uploads\/2021\/08\/image_moderna-strenska-slika-ambientalna-vecdelna-Slika-Veselje-I_680.png\",\"datePublished\":\"2021-09-02T16:49:19+00:00\",\"dateModified\":\"2026-03-22T13:29:52+00:00\",\"description\":\"Quadri decorativi - Gioia I - Riproduzioni di quadri d'arte al 100% dipinti a mano su tela. Cornici per quadri, vendita e realizzazione di dimensioni su ordinazione.\",\"breadcrumb\":{\"@id\":\"https:\/\/svetslik.si\/it\/quadri-moderni-multiparti\/quadri-decorativi-gioia-i\/#breadcrumb\"},\"inLanguage\":\"it-IT\",\"potentialAction\":[{\"@type\":\"ReadAction\",\"target\":[\"https:\/\/svetslik.si\/it\/quadri-moderni-multiparti\/quadri-decorativi-gioia-i\/\"]}]},{\"@type\":\"ImageObject\",\"inLanguage\":\"it-IT\",\"@id\":\"https:\/\/svetslik.si\/it\/quadri-moderni-multiparti\/quadri-decorativi-gioia-i\/#primaryimage\",\"url\":\"https:\/\/svetslik.si\/wp-content\/uploads\/2021\/08\/image_moderna-strenska-slika-ambientalna-vecdelna-Slika-Veselje-I_680.png\",\"contentUrl\":\"https:\/\/svetslik.si\/wp-content\/uploads\/2021\/08\/image_moderna-strenska-slika-ambientalna-vecdelna-Slika-Veselje-I_680.png\",\"width\":680,\"height\":250,\"caption\":\"Quadri su tela - Quadro decorativo Gioia I - quadri moderni, quadri d'ambiente per parete, quadri astratti, quadri decorativi, compravendita quadri\"},{\"@type\":\"BreadcrumbList\",\"@id\":\"https:\/\/svetslik.si\/it\/quadri-moderni-multiparti\/quadri-decorativi-gioia-i\/#breadcrumb\",\"itemListElement\":[{\"@type\":\"ListItem\",\"position\":1,\"name\":\"Fali m\u0171v\u00e9szet \u00e9s festm\u00e9nyek v\u00e1szonra\",\"item\":\"https:\/\/svetslik.si\/it\/\"},{\"@type\":\"ListItem\",\"position\":2,\"name\":\"Vendita di dipinti\",\"item\":\"https:\/\/svetslik.si\/prodaja-slik\/\"},{\"@type\":\"ListItem\",\"position\":3,\"name\":\"Quadri decorativi &#8211; Gioia I\"}]},{\"@type\":\"WebSite\",\"@id\":\"https:\/\/svetslik.si\/it\/#website\",\"url\":\"https:\/\/svetslik.si\/it\/\",\"name\":\"SVETSLIK.SI\",\"description\":\"100% riproduzioni dipinte a mano di quadri di pittori famosi e dipinti su tela.\",\"publisher\":{\"@id\":\"https:\/\/svetslik.si\/it\/#organization\"},\"potentialAction\":[{\"@type\":\"SearchAction\",\"target\":{\"@type\":\"EntryPoint\",\"urlTemplate\":\"https:\/\/svetslik.si\/it\/?s={search_term_string}\"},\"query-input\":{\"@type\":\"PropertyValueSpecification\",\"valueRequired\":true,\"valueName\":\"search_term_string\"}}],\"inLanguage\":\"it-IT\"},{\"@type\":\"Organization\",\"@id\":\"https:\/\/svetslik.si\/it\/#organization\",\"name\":\"SvetSlik.si\",\"url\":\"https:\/\/svetslik.si\/it\/\",\"logo\":{\"@type\":\"ImageObject\",\"inLanguage\":\"it-IT\",\"@id\":\"https:\/\/svetslik.si\/it\/#\/schema\/logo\/image\/\",\"url\":\"https:\/\/svetslik.si\/wp-content\/uploads\/2020\/12\/logo-512.png\",\"contentUrl\":\"https:\/\/svetslik.si\/wp-content\/uploads\/2020\/12\/logo-512.png\",\"width\":512,\"height\":512,\"caption\":\"SvetSlik.si\"},\"image\":{\"@id\":\"https:\/\/svetslik.si\/it\/#\/schema\/logo\/image\/\"},\"sameAs\":[\"https:\/\/www.facebook.com\/svetslik.si\",\"https:\/\/x.com\/svetslik\",\"https:\/\/www.instagram.com\/svetslik.si\/\",\"https:\/\/www.linkedin.com\/company\/svetslik-si\"]}]}<\/script>\n<meta property=\"og:availability\" content=\"instock\" \/>\n<meta property=\"product:availability\" content=\"instock\" \/>\n<meta property=\"product:retailer_item_id\" content=\"758__\" \/>\n<meta property=\"product:condition\" content=\"new\" \/>\n<!-- \/ Yoast SEO Premium plugin. -->","yoast_head_json":{"title":"Quadri decorativi - Gioia I - SVETSLIK.SI - Dipinto al 100% fatto a mano","description":"Quadri decorativi - Gioia I - Riproduzioni di quadri d'arte al 100% dipinti a mano su tela. Cornici per quadri, vendita e realizzazione di dimensioni su ordinazione.","robots":{"index":"index","follow":"follow","max-snippet":"max-snippet:-1","max-image-preview":"max-image-preview:large","max-video-preview":"max-video-preview:-1"},"canonical":"https:\/\/svetslik.si\/it\/quadri-moderni-multiparti\/quadri-decorativi-gioia-i\/","og_locale":"it_IT","og_type":"article","og_title":"Quadri decorativi - Gioia I","og_description":"100% ro\u010dno naslikane slike na platnu, reprodukcije znanih slikarjev in umetni\u0161ke slike po naro\u010dilu.","og_url":"https:\/\/svetslik.si\/it\/quadri-moderni-multiparti\/quadri-decorativi-gioia-i\/","og_site_name":"SVETSLIK.SI","article_publisher":"https:\/\/www.facebook.com\/svetslik.si","article_modified_time":"2026-03-22T13:29:52+00:00","og_image":[{"width":680,"height":250,"url":"https:\/\/svetslik.si\/wp-content\/uploads\/2021\/08\/image_moderna-strenska-slika-ambientalna-vecdelna-Slika-Veselje-I_680.png","type":"image\/png"}],"twitter_card":"summary_large_image","twitter_site":"@svetslik","twitter_misc":{"Disponibilit\u00e0":"Disponibile"},"schema":{"@context":"https:\/\/schema.org","@graph":[{"@type":["WebPage","ItemPage"],"@id":"https:\/\/svetslik.si\/it\/quadri-moderni-multiparti\/quadri-decorativi-gioia-i\/","url":"https:\/\/svetslik.si\/it\/quadri-moderni-multiparti\/quadri-decorativi-gioia-i\/","name":"Quadri decorativi - Gioia I - SVETSLIK.SI - Dipinto al 100% fatto a mano","isPartOf":{"@id":"https:\/\/svetslik.si\/it\/#website"},"primaryImageOfPage":{"@id":"https:\/\/svetslik.si\/it\/quadri-moderni-multiparti\/quadri-decorativi-gioia-i\/#primaryimage"},"image":{"@id":"https:\/\/svetslik.si\/it\/quadri-moderni-multiparti\/quadri-decorativi-gioia-i\/#primaryimage"},"thumbnailUrl":"https:\/\/svetslik.si\/wp-content\/uploads\/2021\/08\/image_moderna-strenska-slika-ambientalna-vecdelna-Slika-Veselje-I_680.png","datePublished":"2021-09-02T16:49:19+00:00","dateModified":"2026-03-22T13:29:52+00:00","description":"Quadri decorativi - Gioia I - Riproduzioni di quadri d'arte al 100% dipinti a mano su tela. Cornici per quadri, vendita e realizzazione di dimensioni su ordinazione.","breadcrumb":{"@id":"https:\/\/svetslik.si\/it\/quadri-moderni-multiparti\/quadri-decorativi-gioia-i\/#breadcrumb"},"inLanguage":"it-IT","potentialAction":[{"@type":"ReadAction","target":["https:\/\/svetslik.si\/it\/quadri-moderni-multiparti\/quadri-decorativi-gioia-i\/"]}]},{"@type":"ImageObject","inLanguage":"it-IT","@id":"https:\/\/svetslik.si\/it\/quadri-moderni-multiparti\/quadri-decorativi-gioia-i\/#primaryimage","url":"https:\/\/svetslik.si\/wp-content\/uploads\/2021\/08\/image_moderna-strenska-slika-ambientalna-vecdelna-Slika-Veselje-I_680.png","contentUrl":"https:\/\/svetslik.si\/wp-content\/uploads\/2021\/08\/image_moderna-strenska-slika-ambientalna-vecdelna-Slika-Veselje-I_680.png","width":680,"height":250,"caption":"Quadri su tela - Quadro decorativo Gioia I - quadri moderni, quadri d'ambiente per parete, quadri astratti, quadri decorativi, compravendita quadri"},{"@type":"BreadcrumbList","@id":"https:\/\/svetslik.si\/it\/quadri-moderni-multiparti\/quadri-decorativi-gioia-i\/#breadcrumb","itemListElement":[{"@type":"ListItem","position":1,"name":"Fali m\u0171v\u00e9szet \u00e9s festm\u00e9nyek v\u00e1szonra","item":"https:\/\/svetslik.si\/it\/"},{"@type":"ListItem","position":2,"name":"Vendita di dipinti","item":"https:\/\/svetslik.si\/prodaja-slik\/"},{"@type":"ListItem","position":3,"name":"Quadri decorativi &#8211; Gioia I"}]},{"@type":"WebSite","@id":"https:\/\/svetslik.si\/it\/#website","url":"https:\/\/svetslik.si\/it\/","name":"SVETSLIK.SI","description":"100% riproduzioni dipinte a mano di quadri di pittori famosi e dipinti su tela.","publisher":{"@id":"https:\/\/svetslik.si\/it\/#organization"},"potentialAction":[{"@type":"SearchAction","target":{"@type":"EntryPoint","urlTemplate":"https:\/\/svetslik.si\/it\/?s={search_term_string}"},"query-input":{"@type":"PropertyValueSpecification","valueRequired":true,"valueName":"search_term_string"}}],"inLanguage":"it-IT"},{"@type":"Organization","@id":"https:\/\/svetslik.si\/it\/#organization","name":"SvetSlik.si","url":"https:\/\/svetslik.si\/it\/","logo":{"@type":"ImageObject","inLanguage":"it-IT","@id":"https:\/\/svetslik.si\/it\/#\/schema\/logo\/image\/","url":"https:\/\/svetslik.si\/wp-content\/uploads\/2020\/12\/logo-512.png","contentUrl":"https:\/\/svetslik.si\/wp-content\/uploads\/2020\/12\/logo-512.png","width":512,"height":512,"caption":"SvetSlik.si"},"image":{"@id":"https:\/\/svetslik.si\/it\/#\/schema\/logo\/image\/"},"sameAs":["https:\/\/www.facebook.com\/svetslik.si","https:\/\/x.com\/svetslik","https:\/\/www.instagram.com\/svetslik.si\/","https:\/\/www.linkedin.com\/company\/svetslik-si"]}]},"og_availability":"instock","product_availability":"instock","product_retailer_item_id":"758__","product_condition":"new"},"jetpack_sharing_enabled":true,"_links":{"self":[{"href":"https:\/\/svetslik.si\/it\/wp-json\/wp\/v2\/product\/43783","targetHints":{"allow":["GET"]}}],"collection":[{"href":"https:\/\/svetslik.si\/it\/wp-json\/wp\/v2\/product"}],"about":[{"href":"https:\/\/svetslik.si\/it\/wp-json\/wp\/v2\/types\/product"}],"wp:featuredmedia":[{"embeddable":true,"href":"https:\/\/svetslik.si\/it\/wp-json\/wp\/v2\/media\/35373"}],"wp:attachment":[{"href":"https:\/\/svetslik.si\/it\/wp-json\/wp\/v2\/media?parent=43783"}],"wp:term":[{"taxonomy":"product_brand","embeddable":true,"href":"https:\/\/svetslik.si\/it\/wp-json\/wp\/v2\/product_brand?post=43783"},{"taxonomy":"product_cat","embeddable":true,"href":"https:\/\/svetslik.si\/it\/wp-json\/wp\/v2\/product_cat?post=43783"},{"taxonomy":"product_tag","embeddable":true,"href":"https:\/\/svetslik.si\/it\/wp-json\/wp\/v2\/product_tag?post=43783"}],"curies":[{"name":"wp","href":"https:\/\/api.w.org\/{rel}","templated":true}]}}