{"id":43787,"date":"2021-09-02T18:50:30","date_gmt":"2021-09-02T16:50:30","guid":{"rendered":"https:\/\/svetslik.si\/senza-categoria\/moderna-slika-prestiz\/"},"modified":"2024-07-11T14:09:44","modified_gmt":"2024-07-11T12:09:44","slug":"quadro-moderno-prestigio","status":"publish","type":"product","link":"https:\/\/svetslik.si\/it\/quadri-moderni-un-pezzo\/quadro-moderno-prestigio\/","title":{"rendered":"Quadro moderno &#8211; Prestigio"},"content":{"rendered":"<div class=\"wpb-content-wrapper\">[vc_row][vc_column]\t<div class=\"et-image-258 et-image  full   et_image_link\">\n\t\t<div class=\"et-image-inner \">\n\t\t\t\t\t\t\t<a  class=\"mfp-image et-lightbox\" data-mfp-type=\"image\" data-mfp-src=\"https:\/\/svetslik.si\/wp-content\/uploads\/2021\/09\/Rocno-naslikane-umetniske-slike-na-platnu.-Moderne-abstraktne-dekorativne-slike-za-na-steno-6.jpg\"  title=\"Riproduzione dipinta a mano su tela &#8211; Quadri moderni astratti, decorativi per parete 6\">\n\t\t\t\t\t\t\t<div class=\"et-image-thumb \">\n\t\t\t\t\t<img decoding=\"async\" width=\"2458\" height=\"2250\" src=\"https:\/\/svetslik.si\/wp-content\/uploads\/2021\/09\/Rocno-naslikane-umetniske-slike-na-platnu.-Moderne-abstraktne-dekorativne-slike-za-na-steno-6.jpg\" class=\"attachment-full\" alt=\"Riproduzione dipinta a mano su tela - Quadri moderni astratti, decorativi per parete 6\" title=\"Riproduzione dipinta a mano su tela - Quadri moderni astratti, decorativi per parete 6\" srcset=\"https:\/\/svetslik.si\/wp-content\/uploads\/2021\/09\/Rocno-naslikane-umetniske-slike-na-platnu.-Moderne-abstraktne-dekorativne-slike-za-na-steno-6.jpg 2458w, https:\/\/svetslik.si\/wp-content\/uploads\/2021\/09\/Rocno-naslikane-umetniske-slike-na-platnu.-Moderne-abstraktne-dekorativne-slike-za-na-steno-6-600x549.jpg 600w, https:\/\/svetslik.si\/wp-content\/uploads\/2021\/09\/Rocno-naslikane-umetniske-slike-na-platnu.-Moderne-abstraktne-dekorativne-slike-za-na-steno-6-1200x1098.jpg 1200w, https:\/\/svetslik.si\/wp-content\/uploads\/2021\/09\/Rocno-naslikane-umetniske-slike-na-platnu.-Moderne-abstraktne-dekorativne-slike-za-na-steno-6-300x275.jpg 300w, https:\/\/svetslik.si\/wp-content\/uploads\/2021\/09\/Rocno-naslikane-umetniske-slike-na-platnu.-Moderne-abstraktne-dekorativne-slike-za-na-steno-6-1024x937.jpg 1024w, https:\/\/svetslik.si\/wp-content\/uploads\/2021\/09\/Rocno-naslikane-umetniske-slike-na-platnu.-Moderne-abstraktne-dekorativne-slike-za-na-steno-6-768x703.jpg 768w, https:\/\/svetslik.si\/wp-content\/uploads\/2021\/09\/Rocno-naslikane-umetniske-slike-na-platnu.-Moderne-abstraktne-dekorativne-slike-za-na-steno-6-1536x1406.jpg 1536w, https:\/\/svetslik.si\/wp-content\/uploads\/2021\/09\/Rocno-naslikane-umetniske-slike-na-platnu.-Moderne-abstraktne-dekorativne-slike-za-na-steno-6-2048x1875.jpg 2048w, https:\/\/svetslik.si\/wp-content\/uploads\/2021\/09\/Rocno-naslikane-umetniske-slike-na-platnu.-Moderne-abstraktne-dekorativne-slike-za-na-steno-6-150x137.jpg 150w, https:\/\/svetslik.si\/wp-content\/uploads\/2021\/09\/Rocno-naslikane-umetniske-slike-na-platnu.-Moderne-abstraktne-dekorativne-slike-za-na-steno-6-1320x1208.jpg 1320w, https:\/\/svetslik.si\/wp-content\/uploads\/2021\/09\/Rocno-naslikane-umetniske-slike-na-platnu.-Moderne-abstraktne-dekorativne-slike-za-na-steno-6-900x824.jpg 900w\" sizes=\"(max-width: 2458px) 100vw, 2458px\" \/>\t\t\t\t<\/div>\n\t\t\t\t\t\t\t<\/a>\n\t\t\t\t\t\t\t\t\t\t\t<\/div>\n\t<\/div>\n  [\/vc_column][\/vc_row]\n<\/div>","protected":false},"excerpt":{"rendered":"<p>[vc_row][vc_column][\/vc_column][\/vc_row]<\/p>\n","protected":false},"featured_media":35800,"template":"","meta":{"_acf_changed":false},"product_brand":[],"product_cat":[4192],"product_tag":[4261,4259,4264,4208,4216,4230,4254,4262,4257,4256,4255,4242],"class_list":{"0":"post-43787","1":"product","2":"type-product","3":"status-publish","4":"has-post-thumbnail","6":"product_cat-quadri-moderni-un-pezzo","7":"product_tag-decorazione-murale","8":"product_tag-galleria-online","9":"product_tag-quadri-artistici","10":"product_tag-quadri-astratti-it","11":"product_tag-quadri-decorative","12":"product_tag-quadri-moderni","13":"product_tag-quadri-moderni-it","14":"product_tag-quadri-murali","15":"product_tag-quadri-per-il-soggiorno","16":"product_tag-quadri-per-pareti","17":"product_tag-quadri-per-soggiorno","18":"product_tag-vendere-quadri","19":"pa_dimenzija-120-x-90-cm-it","20":"pa_dimenzija-165-x-130-cm-it","21":"pa_dimenzija-90-x-60-cm-it","22":"pa_oblika-orizzontale","23":"pa_okvir-sensa-cornice","24":"pa_podokvir-no","25":"pa_podokvir-si","27":"first","28":"onbackorder","29":"purchasable","30":"product-type-variable","31":"has-default-attributes"},"acf":[],"yoast_head":"<!-- This site is optimized with the Yoast SEO Premium plugin v26.0 (Yoast SEO v27.2) - https:\/\/yoast.com\/product\/yoast-seo-premium-wordpress\/ -->\n<title>Quadro moderno - Prestigio - SVETSLIK.SI - Dipinto al 100% fatto a mano<\/title>\n<meta name=\"description\" content=\"Quadro moderno - Prestigio - Riproduzioni di quadri d&#039;arte al 100% dipinti a mano su tela. Cornici per quadri, vendita e realizzazione di dimensioni su ordinazione.\" \/>\n<meta name=\"robots\" content=\"index, follow, max-snippet:-1, max-image-preview:large, max-video-preview:-1\" \/>\n<link rel=\"canonical\" href=\"https:\/\/svetslik.si\/it\/quadri-moderni-un-pezzo\/quadro-moderno-prestigio\/\" \/>\n<meta property=\"og:locale\" content=\"it_IT\" \/>\n<meta property=\"og:type\" content=\"article\" \/>\n<meta property=\"og:title\" content=\"Quadro moderno - Prestigio\" \/>\n<meta property=\"og:description\" content=\"100% ro\u010dno naslikane slike na platnu, reprodukcije znanih slikarjev in umetni\u0161ke slike po naro\u010dilu.\" \/>\n<meta property=\"og:url\" content=\"https:\/\/svetslik.si\/it\/quadri-moderni-un-pezzo\/quadro-moderno-prestigio\/\" \/>\n<meta property=\"og:site_name\" content=\"SVETSLIK.SI\" \/>\n<meta property=\"article:publisher\" content=\"https:\/\/www.facebook.com\/svetslik.si\" \/>\n<meta property=\"article:modified_time\" content=\"2024-07-11T12:09:44+00:00\" \/>\n<meta property=\"og:image\" content=\"https:\/\/svetslik.si\/wp-content\/uploads\/2021\/08\/image_Umetniska-dekorativna-ambientalna-slika-Prestiz-Moderna-slika_680.jpg\" \/>\n\t<meta property=\"og:image:width\" content=\"680\" \/>\n\t<meta property=\"og:image:height\" content=\"534\" \/>\n\t<meta property=\"og:image:type\" content=\"image\/jpeg\" \/>\n<meta name=\"twitter:card\" content=\"summary_large_image\" \/>\n<meta name=\"twitter:site\" content=\"@svetslik\" \/>\n<meta name=\"twitter:label1\" content=\"Disponibilit\u00e0\" \/>\n\t<meta name=\"twitter:data1\" content=\"Su ordinazione\" \/>\n<script type=\"application\/ld+json\" class=\"yoast-schema-graph\">{\"@context\":\"https:\/\/schema.org\",\"@graph\":[{\"@type\":[\"WebPage\",\"ItemPage\"],\"@id\":\"https:\/\/svetslik.si\/it\/quadri-moderni-un-pezzo\/quadro-moderno-prestigio\/\",\"url\":\"https:\/\/svetslik.si\/it\/quadri-moderni-un-pezzo\/quadro-moderno-prestigio\/\",\"name\":\"Quadro moderno - Prestigio - SVETSLIK.SI - Dipinto al 100% fatto a mano\",\"isPartOf\":{\"@id\":\"https:\/\/svetslik.si\/it\/#website\"},\"primaryImageOfPage\":{\"@id\":\"https:\/\/svetslik.si\/it\/quadri-moderni-un-pezzo\/quadro-moderno-prestigio\/#primaryimage\"},\"image\":{\"@id\":\"https:\/\/svetslik.si\/it\/quadri-moderni-un-pezzo\/quadro-moderno-prestigio\/#primaryimage\"},\"thumbnailUrl\":\"https:\/\/svetslik.si\/wp-content\/uploads\/2021\/08\/image_Umetniska-dekorativna-ambientalna-slika-Prestiz-Moderna-slika_680.jpg\",\"datePublished\":\"2021-09-02T16:50:30+00:00\",\"dateModified\":\"2024-07-11T12:09:44+00:00\",\"description\":\"Quadro moderno - Prestigio - Riproduzioni di quadri d'arte al 100% dipinti a mano su tela. Cornici per quadri, vendita e realizzazione di dimensioni su ordinazione.\",\"breadcrumb\":{\"@id\":\"https:\/\/svetslik.si\/it\/quadri-moderni-un-pezzo\/quadro-moderno-prestigio\/#breadcrumb\"},\"inLanguage\":\"it-IT\",\"potentialAction\":[{\"@type\":\"ReadAction\",\"target\":[\"https:\/\/svetslik.si\/it\/quadri-moderni-un-pezzo\/quadro-moderno-prestigio\/\"]}]},{\"@type\":\"ImageObject\",\"inLanguage\":\"it-IT\",\"@id\":\"https:\/\/svetslik.si\/it\/quadri-moderni-un-pezzo\/quadro-moderno-prestigio\/#primaryimage\",\"url\":\"https:\/\/svetslik.si\/wp-content\/uploads\/2021\/08\/image_Umetniska-dekorativna-ambientalna-slika-Prestiz-Moderna-slika_680.jpg\",\"contentUrl\":\"https:\/\/svetslik.si\/wp-content\/uploads\/2021\/08\/image_Umetniska-dekorativna-ambientalna-slika-Prestiz-Moderna-slika_680.jpg\",\"width\":680,\"height\":534,\"caption\":\"Quadro artistico Prestige, quadro moderno Reproduzioni dipinte a mano di famosi pittori, quadri moderni, quadri artistici per parete\"},{\"@type\":\"BreadcrumbList\",\"@id\":\"https:\/\/svetslik.si\/it\/quadri-moderni-un-pezzo\/quadro-moderno-prestigio\/#breadcrumb\",\"itemListElement\":[{\"@type\":\"ListItem\",\"position\":1,\"name\":\"Fali m\u0171v\u00e9szet \u00e9s festm\u00e9nyek v\u00e1szonra\",\"item\":\"https:\/\/svetslik.si\/it\/\"},{\"@type\":\"ListItem\",\"position\":2,\"name\":\"Vendita di dipinti\",\"item\":\"https:\/\/svetslik.si\/prodaja-slik\/\"},{\"@type\":\"ListItem\",\"position\":3,\"name\":\"Quadro moderno &#8211; Prestigio\"}]},{\"@type\":\"WebSite\",\"@id\":\"https:\/\/svetslik.si\/it\/#website\",\"url\":\"https:\/\/svetslik.si\/it\/\",\"name\":\"SVETSLIK.SI\",\"description\":\"100% riproduzioni dipinte a mano di quadri di pittori famosi e dipinti su tela.\",\"publisher\":{\"@id\":\"https:\/\/svetslik.si\/it\/#organization\"},\"potentialAction\":[{\"@type\":\"SearchAction\",\"target\":{\"@type\":\"EntryPoint\",\"urlTemplate\":\"https:\/\/svetslik.si\/it\/?s={search_term_string}\"},\"query-input\":{\"@type\":\"PropertyValueSpecification\",\"valueRequired\":true,\"valueName\":\"search_term_string\"}}],\"inLanguage\":\"it-IT\"},{\"@type\":\"Organization\",\"@id\":\"https:\/\/svetslik.si\/it\/#organization\",\"name\":\"SvetSlik.si\",\"url\":\"https:\/\/svetslik.si\/it\/\",\"logo\":{\"@type\":\"ImageObject\",\"inLanguage\":\"it-IT\",\"@id\":\"https:\/\/svetslik.si\/it\/#\/schema\/logo\/image\/\",\"url\":\"https:\/\/svetslik.si\/wp-content\/uploads\/2020\/12\/logo-512.png\",\"contentUrl\":\"https:\/\/svetslik.si\/wp-content\/uploads\/2020\/12\/logo-512.png\",\"width\":512,\"height\":512,\"caption\":\"SvetSlik.si\"},\"image\":{\"@id\":\"https:\/\/svetslik.si\/it\/#\/schema\/logo\/image\/\"},\"sameAs\":[\"https:\/\/www.facebook.com\/svetslik.si\",\"https:\/\/x.com\/svetslik\",\"https:\/\/www.instagram.com\/svetslik.si\/\",\"https:\/\/www.linkedin.com\/company\/svetslik-si\"]}]}<\/script>\n<meta property=\"og:availability\" content=\"backorder\" \/>\n<meta property=\"product:availability\" content=\"available for order\" \/>\n<meta property=\"product:retailer_item_id\" content=\"770__\" \/>\n<meta property=\"product:condition\" content=\"new\" \/>\n<!-- \/ Yoast SEO Premium plugin. -->","yoast_head_json":{"title":"Quadro moderno - Prestigio - SVETSLIK.SI - Dipinto al 100% fatto a mano","description":"Quadro moderno - Prestigio - Riproduzioni di quadri d'arte al 100% dipinti a mano su tela. Cornici per quadri, vendita e realizzazione di dimensioni su ordinazione.","robots":{"index":"index","follow":"follow","max-snippet":"max-snippet:-1","max-image-preview":"max-image-preview:large","max-video-preview":"max-video-preview:-1"},"canonical":"https:\/\/svetslik.si\/it\/quadri-moderni-un-pezzo\/quadro-moderno-prestigio\/","og_locale":"it_IT","og_type":"article","og_title":"Quadro moderno - Prestigio","og_description":"100% ro\u010dno naslikane slike na platnu, reprodukcije znanih slikarjev in umetni\u0161ke slike po naro\u010dilu.","og_url":"https:\/\/svetslik.si\/it\/quadri-moderni-un-pezzo\/quadro-moderno-prestigio\/","og_site_name":"SVETSLIK.SI","article_publisher":"https:\/\/www.facebook.com\/svetslik.si","article_modified_time":"2024-07-11T12:09:44+00:00","og_image":[{"width":680,"height":534,"url":"https:\/\/svetslik.si\/wp-content\/uploads\/2021\/08\/image_Umetniska-dekorativna-ambientalna-slika-Prestiz-Moderna-slika_680.jpg","type":"image\/jpeg"}],"twitter_card":"summary_large_image","twitter_site":"@svetslik","twitter_misc":{"Disponibilit\u00e0":"Su ordinazione"},"schema":{"@context":"https:\/\/schema.org","@graph":[{"@type":["WebPage","ItemPage"],"@id":"https:\/\/svetslik.si\/it\/quadri-moderni-un-pezzo\/quadro-moderno-prestigio\/","url":"https:\/\/svetslik.si\/it\/quadri-moderni-un-pezzo\/quadro-moderno-prestigio\/","name":"Quadro moderno - Prestigio - SVETSLIK.SI - Dipinto al 100% fatto a mano","isPartOf":{"@id":"https:\/\/svetslik.si\/it\/#website"},"primaryImageOfPage":{"@id":"https:\/\/svetslik.si\/it\/quadri-moderni-un-pezzo\/quadro-moderno-prestigio\/#primaryimage"},"image":{"@id":"https:\/\/svetslik.si\/it\/quadri-moderni-un-pezzo\/quadro-moderno-prestigio\/#primaryimage"},"thumbnailUrl":"https:\/\/svetslik.si\/wp-content\/uploads\/2021\/08\/image_Umetniska-dekorativna-ambientalna-slika-Prestiz-Moderna-slika_680.jpg","datePublished":"2021-09-02T16:50:30+00:00","dateModified":"2024-07-11T12:09:44+00:00","description":"Quadro moderno - Prestigio - Riproduzioni di quadri d'arte al 100% dipinti a mano su tela. Cornici per quadri, vendita e realizzazione di dimensioni su ordinazione.","breadcrumb":{"@id":"https:\/\/svetslik.si\/it\/quadri-moderni-un-pezzo\/quadro-moderno-prestigio\/#breadcrumb"},"inLanguage":"it-IT","potentialAction":[{"@type":"ReadAction","target":["https:\/\/svetslik.si\/it\/quadri-moderni-un-pezzo\/quadro-moderno-prestigio\/"]}]},{"@type":"ImageObject","inLanguage":"it-IT","@id":"https:\/\/svetslik.si\/it\/quadri-moderni-un-pezzo\/quadro-moderno-prestigio\/#primaryimage","url":"https:\/\/svetslik.si\/wp-content\/uploads\/2021\/08\/image_Umetniska-dekorativna-ambientalna-slika-Prestiz-Moderna-slika_680.jpg","contentUrl":"https:\/\/svetslik.si\/wp-content\/uploads\/2021\/08\/image_Umetniska-dekorativna-ambientalna-slika-Prestiz-Moderna-slika_680.jpg","width":680,"height":534,"caption":"Quadro artistico Prestige, quadro moderno Reproduzioni dipinte a mano di famosi pittori, quadri moderni, quadri artistici per parete"},{"@type":"BreadcrumbList","@id":"https:\/\/svetslik.si\/it\/quadri-moderni-un-pezzo\/quadro-moderno-prestigio\/#breadcrumb","itemListElement":[{"@type":"ListItem","position":1,"name":"Fali m\u0171v\u00e9szet \u00e9s festm\u00e9nyek v\u00e1szonra","item":"https:\/\/svetslik.si\/it\/"},{"@type":"ListItem","position":2,"name":"Vendita di dipinti","item":"https:\/\/svetslik.si\/prodaja-slik\/"},{"@type":"ListItem","position":3,"name":"Quadro moderno &#8211; Prestigio"}]},{"@type":"WebSite","@id":"https:\/\/svetslik.si\/it\/#website","url":"https:\/\/svetslik.si\/it\/","name":"SVETSLIK.SI","description":"100% riproduzioni dipinte a mano di quadri di pittori famosi e dipinti su tela.","publisher":{"@id":"https:\/\/svetslik.si\/it\/#organization"},"potentialAction":[{"@type":"SearchAction","target":{"@type":"EntryPoint","urlTemplate":"https:\/\/svetslik.si\/it\/?s={search_term_string}"},"query-input":{"@type":"PropertyValueSpecification","valueRequired":true,"valueName":"search_term_string"}}],"inLanguage":"it-IT"},{"@type":"Organization","@id":"https:\/\/svetslik.si\/it\/#organization","name":"SvetSlik.si","url":"https:\/\/svetslik.si\/it\/","logo":{"@type":"ImageObject","inLanguage":"it-IT","@id":"https:\/\/svetslik.si\/it\/#\/schema\/logo\/image\/","url":"https:\/\/svetslik.si\/wp-content\/uploads\/2020\/12\/logo-512.png","contentUrl":"https:\/\/svetslik.si\/wp-content\/uploads\/2020\/12\/logo-512.png","width":512,"height":512,"caption":"SvetSlik.si"},"image":{"@id":"https:\/\/svetslik.si\/it\/#\/schema\/logo\/image\/"},"sameAs":["https:\/\/www.facebook.com\/svetslik.si","https:\/\/x.com\/svetslik","https:\/\/www.instagram.com\/svetslik.si\/","https:\/\/www.linkedin.com\/company\/svetslik-si"]}]},"og_availability":"backorder","product_availability":"available for order","product_retailer_item_id":"770__","product_condition":"new"},"jetpack_sharing_enabled":true,"_links":{"self":[{"href":"https:\/\/svetslik.si\/it\/wp-json\/wp\/v2\/product\/43787","targetHints":{"allow":["GET"]}}],"collection":[{"href":"https:\/\/svetslik.si\/it\/wp-json\/wp\/v2\/product"}],"about":[{"href":"https:\/\/svetslik.si\/it\/wp-json\/wp\/v2\/types\/product"}],"wp:featuredmedia":[{"embeddable":true,"href":"https:\/\/svetslik.si\/it\/wp-json\/wp\/v2\/media\/35800"}],"wp:attachment":[{"href":"https:\/\/svetslik.si\/it\/wp-json\/wp\/v2\/media?parent=43787"}],"wp:term":[{"taxonomy":"product_brand","embeddable":true,"href":"https:\/\/svetslik.si\/it\/wp-json\/wp\/v2\/product_brand?post=43787"},{"taxonomy":"product_cat","embeddable":true,"href":"https:\/\/svetslik.si\/it\/wp-json\/wp\/v2\/product_cat?post=43787"},{"taxonomy":"product_tag","embeddable":true,"href":"https:\/\/svetslik.si\/it\/wp-json\/wp\/v2\/product_tag?post=43787"}],"curies":[{"name":"wp","href":"https:\/\/api.w.org\/{rel}","templated":true}]}}