{"id":43811,"date":"2021-09-02T18:52:08","date_gmt":"2021-09-02T16:52:08","guid":{"rendered":"https:\/\/svetslik.si\/senza-categoria\/energija-svobodne-volje-edinstvenost\/"},"modified":"2026-03-22T14:30:34","modified_gmt":"2026-03-22T13:30:34","slug":"quadri-energetici-energia-della-libera-volonta-unicita","status":"publish","type":"product","link":"https:\/\/svetslik.si\/it\/quadri-di-energia-1\/quadri-energetici-energia-della-libera-volonta-unicita\/","title":{"rendered":"Quadri energetici &#8211; Energia della libera volont\u00e0 (unicit\u00e0)"},"content":{"rendered":"<h1>Quadri energetici &#8211; Energia della libera volont\u00e0 (unicit\u00e0)<\/h1>\n<p>A volte \u00e8 liberatorio, altre volte pu\u00f2 essere molto spaventoso diventare consapevoli della stessa energia nel lavoro come nella propria vita, soprattutto nelle scelte personali. Quando abbiamo deciso di limitare la nostra capacit\u00e0 di scegliere liberamente a causa della paura di ci\u00f2 che gli altri diranno o penseranno?<\/p>\n<p>\u00c8 necessario avere molto coraggio per fare ci\u00f2 che veramente desideriamo. Un grande problema nella vita odierna \u00e8 che molte persone non sanno chi sono e cosa vogliono fare. Questa confusione crea lo spazio affinch\u00e9 molte persone si adattino alle norme sociali e finiscano per diventare adulti che vivono secondo le aspettative generali della societ\u00e0 in cui si trovano. Ma questo non \u00e8 necessariamente ci\u00f2 che ci rende felici. Nonostante ci\u00f2, ci sforziamo di adattarci e seguire ci\u00f2 che \u00e8 disponibile. Alla fine ci troviamo in una situazione in cui facciamo ci\u00f2 che \u00e8 &#8220;giusto&#8221; secondo gli standard sociali, ma ci\u00f2 non permette di mescolare la felicit\u00e0 con la crescita personale. Il quadro &#8220;Energia della libera volont\u00e0&#8221; rappresenta proprio questo: l&#8217;energia che ci d\u00e0 la forza di superare i dilemmi descritti.<\/p>\n<p>Questo quadro energetico esprime la potenza della libera volont\u00e0. Osservandolo, si pu\u00f2 sentire l&#8217;ispirazione per seguire i propri desideri autentici e liberarsi delle limitazioni imposte dalle influenze esterne. L&#8217;energia della libera volont\u00e0 \u00e8 molto personale e unica per ogni individuo. Il quadro invita a riflettere e ad approfondire se stessi, per scoprire la propria libert\u00e0 di scelta e seguire la propria voce interiore.<\/p>\n<p>Inoltre, il quadro energetico esprime anche potenza e vitalit\u00e0. I colori vivaci e i movimenti dinamici sulla tela riflettono l&#8217;energia vitale che scorre attraverso di voi quando decidete di seguire la vostra verit\u00e0. Questo quadro \u00e8 un promemoria che in ogni momento c&#8217;\u00e8 la possibilit\u00e0 di esprimere la propria libera volont\u00e0 e creare il proprio percorso.<\/p>\n<p>Prendetevi un momento per immergervi in questo quadro energetico. Lasciate che vi riempia di forza e incoraggiamento nel prendere decisioni autentiche e seguire il vostro vero cammino. L&#8217;energia della libera volont\u00e0 \u00e8 dentro di voi, dovete solo riconoscerla e permetterle di esprimersi.<\/p>\n","protected":false},"excerpt":{"rendered":"<p>Quadri energetici &#8211; Energia della libera volont\u00e0 (unicit\u00e0) A volte \u00e8 liberatorio, altre volte pu\u00f2 essere molto spaventoso diventare consapevoli della stessa energia nel lavoro come nella propria vita, soprattutto nelle scelte personali. Quando abbiamo deciso di limitare la nostra capacit\u00e0 di scegliere liberamente a causa della paura di ci\u00f2 [&hellip;]<\/p>\n","protected":false},"featured_media":35142,"template":"","meta":{"_acf_changed":false},"product_brand":[],"product_cat":[4169,4170],"product_tag":[4218],"class_list":{"0":"post-43811","1":"product","2":"type-product","3":"status-publish","4":"has-post-thumbnail","6":"product_cat-quadri-di-energia","7":"product_cat-quadri-di-energia-1","8":"product_tag-quadri-di-energia","9":"pa_dimenzija-100-x-100-cm-it","10":"pa_dimenzija-120-x-120-cm-it","11":"pa_dimenzija-50-x-50-cm-it","12":"pa_dimenzija-80-x-80-cm-it","13":"pa_oblika-quadrata","14":"pa_okvir-sensa-cornice","15":"pa_podokvir-no","16":"pa_podokvir-si","18":"first","19":"instock","20":"purchasable","21":"product-type-variable","22":"has-default-attributes"},"acf":[],"yoast_head":"<!-- This site is optimized with the Yoast SEO Premium plugin v26.0 (Yoast SEO v27.2) - https:\/\/yoast.com\/product\/yoast-seo-premium-wordpress\/ -->\n<title>Quadri energetici - Energia della libera volont\u00e0 (unicit\u00e0) - SVETSLIK.SI - Dipinto al 100% fatto a mano<\/title>\n<meta name=\"description\" content=\"Quadri energetici - Energia della libera volont\u00e0 (unicit\u00e0) - Riproduzioni di quadri d&#039;arte dipinte a mano al 100% su tela. Cornici per quadri, vendita e produzione di dimensioni su ordinazione.\" \/>\n<meta name=\"robots\" content=\"index, follow, max-snippet:-1, max-image-preview:large, max-video-preview:-1\" \/>\n<link rel=\"canonical\" href=\"https:\/\/svetslik.si\/it\/quadri-di-energia-1\/quadri-energetici-energia-della-libera-volonta-unicita\/\" \/>\n<meta property=\"og:locale\" content=\"it_IT\" \/>\n<meta property=\"og:type\" content=\"article\" \/>\n<meta property=\"og:title\" content=\"Quadri energetici - Energia della libera volont\u00e0 (unicit\u00e0)\" \/>\n<meta property=\"og:description\" content=\"100% ro\u010dno naslikane slike na platnu, reprodukcije znanih slikarjev in umetni\u0161ke slike po naro\u010dilu.\" \/>\n<meta property=\"og:url\" content=\"https:\/\/svetslik.si\/it\/quadri-di-energia-1\/quadri-energetici-energia-della-libera-volonta-unicita\/\" \/>\n<meta property=\"og:site_name\" content=\"SVETSLIK.SI\" \/>\n<meta property=\"article:publisher\" content=\"https:\/\/www.facebook.com\/svetslik.si\" \/>\n<meta property=\"article:modified_time\" content=\"2026-03-22T13:30:34+00:00\" \/>\n<meta property=\"og:image\" content=\"https:\/\/svetslik.si\/wp-content\/uploads\/2021\/08\/image_Energija-svobodne-volje-edinstvenost_680.jpg\" \/>\n\t<meta property=\"og:image:width\" content=\"680\" \/>\n\t<meta property=\"og:image:height\" content=\"680\" \/>\n\t<meta property=\"og:image:type\" content=\"image\/jpeg\" \/>\n<meta name=\"twitter:card\" content=\"summary_large_image\" \/>\n<meta name=\"twitter:site\" content=\"@svetslik\" \/>\n<meta name=\"twitter:label1\" content=\"Disponibilit\u00e0\" \/>\n\t<meta name=\"twitter:data1\" content=\"Disponibile\" \/>\n<script type=\"application\/ld+json\" class=\"yoast-schema-graph\">{\"@context\":\"https:\/\/schema.org\",\"@graph\":[{\"@type\":[\"WebPage\",\"ItemPage\"],\"@id\":\"https:\/\/svetslik.si\/it\/quadri-di-energia-1\/quadri-energetici-energia-della-libera-volonta-unicita\/\",\"url\":\"https:\/\/svetslik.si\/it\/quadri-di-energia-1\/quadri-energetici-energia-della-libera-volonta-unicita\/\",\"name\":\"Quadri energetici - Energia della libera volont\u00e0 (unicit\u00e0) - SVETSLIK.SI - Dipinto al 100% fatto a mano\",\"isPartOf\":{\"@id\":\"https:\/\/svetslik.si\/it\/#website\"},\"primaryImageOfPage\":{\"@id\":\"https:\/\/svetslik.si\/it\/quadri-di-energia-1\/quadri-energetici-energia-della-libera-volonta-unicita\/#primaryimage\"},\"image\":{\"@id\":\"https:\/\/svetslik.si\/it\/quadri-di-energia-1\/quadri-energetici-energia-della-libera-volonta-unicita\/#primaryimage\"},\"thumbnailUrl\":\"https:\/\/svetslik.si\/wp-content\/uploads\/2021\/08\/image_Energija-svobodne-volje-edinstvenost_680.jpg\",\"datePublished\":\"2021-09-02T16:52:08+00:00\",\"dateModified\":\"2026-03-22T13:30:34+00:00\",\"description\":\"Quadri energetici - Energia della libera volont\u00e0 (unicit\u00e0) - Riproduzioni di quadri d'arte dipinte a mano al 100% su tela. Cornici per quadri, vendita e produzione di dimensioni su ordinazione.\",\"breadcrumb\":{\"@id\":\"https:\/\/svetslik.si\/it\/quadri-di-energia-1\/quadri-energetici-energia-della-libera-volonta-unicita\/#breadcrumb\"},\"inLanguage\":\"it-IT\",\"potentialAction\":[{\"@type\":\"ReadAction\",\"target\":[\"https:\/\/svetslik.si\/it\/quadri-di-energia-1\/quadri-energetici-energia-della-libera-volonta-unicita\/\"]}]},{\"@type\":\"ImageObject\",\"inLanguage\":\"it-IT\",\"@id\":\"https:\/\/svetslik.si\/it\/quadri-di-energia-1\/quadri-energetici-energia-della-libera-volonta-unicita\/#primaryimage\",\"url\":\"https:\/\/svetslik.si\/wp-content\/uploads\/2021\/08\/image_Energija-svobodne-volje-edinstvenost_680.jpg\",\"contentUrl\":\"https:\/\/svetslik.si\/wp-content\/uploads\/2021\/08\/image_Energija-svobodne-volje-edinstvenost_680.jpg\",\"width\":680,\"height\":680,\"caption\":\"Quadri energetici su tela - Energia della libera volont\u00e0 (unicit\u00e0) - Quadri riproduzioni dipinti a mano, quadri moderni, quadri ambientali per pareti, quadri astratti, quadri decorativi, acquisto e vendita quadri\"},{\"@type\":\"BreadcrumbList\",\"@id\":\"https:\/\/svetslik.si\/it\/quadri-di-energia-1\/quadri-energetici-energia-della-libera-volonta-unicita\/#breadcrumb\",\"itemListElement\":[{\"@type\":\"ListItem\",\"position\":1,\"name\":\"Fali m\u0171v\u00e9szet \u00e9s festm\u00e9nyek v\u00e1szonra\",\"item\":\"https:\/\/svetslik.si\/it\/\"},{\"@type\":\"ListItem\",\"position\":2,\"name\":\"Vendita di dipinti\",\"item\":\"https:\/\/svetslik.si\/prodaja-slik\/\"},{\"@type\":\"ListItem\",\"position\":3,\"name\":\"Quadri energetici &#8211; Energia della libera volont\u00e0 (unicit\u00e0)\"}]},{\"@type\":\"WebSite\",\"@id\":\"https:\/\/svetslik.si\/it\/#website\",\"url\":\"https:\/\/svetslik.si\/it\/\",\"name\":\"SVETSLIK.SI\",\"description\":\"100% riproduzioni dipinte a mano di quadri di pittori famosi e dipinti su tela.\",\"publisher\":{\"@id\":\"https:\/\/svetslik.si\/it\/#organization\"},\"potentialAction\":[{\"@type\":\"SearchAction\",\"target\":{\"@type\":\"EntryPoint\",\"urlTemplate\":\"https:\/\/svetslik.si\/it\/?s={search_term_string}\"},\"query-input\":{\"@type\":\"PropertyValueSpecification\",\"valueRequired\":true,\"valueName\":\"search_term_string\"}}],\"inLanguage\":\"it-IT\"},{\"@type\":\"Organization\",\"@id\":\"https:\/\/svetslik.si\/it\/#organization\",\"name\":\"SvetSlik.si\",\"url\":\"https:\/\/svetslik.si\/it\/\",\"logo\":{\"@type\":\"ImageObject\",\"inLanguage\":\"it-IT\",\"@id\":\"https:\/\/svetslik.si\/it\/#\/schema\/logo\/image\/\",\"url\":\"https:\/\/svetslik.si\/wp-content\/uploads\/2020\/12\/logo-512.png\",\"contentUrl\":\"https:\/\/svetslik.si\/wp-content\/uploads\/2020\/12\/logo-512.png\",\"width\":512,\"height\":512,\"caption\":\"SvetSlik.si\"},\"image\":{\"@id\":\"https:\/\/svetslik.si\/it\/#\/schema\/logo\/image\/\"},\"sameAs\":[\"https:\/\/www.facebook.com\/svetslik.si\",\"https:\/\/x.com\/svetslik\",\"https:\/\/www.instagram.com\/svetslik.si\/\",\"https:\/\/www.linkedin.com\/company\/svetslik-si\"]}]}<\/script>\n<meta property=\"og:availability\" content=\"instock\" \/>\n<meta property=\"product:availability\" content=\"instock\" \/>\n<meta property=\"product:retailer_item_id\" content=\"789__\" \/>\n<meta property=\"product:condition\" content=\"new\" \/>\n<!-- \/ Yoast SEO Premium plugin. -->","yoast_head_json":{"title":"Quadri energetici - Energia della libera volont\u00e0 (unicit\u00e0) - SVETSLIK.SI - Dipinto al 100% fatto a mano","description":"Quadri energetici - Energia della libera volont\u00e0 (unicit\u00e0) - Riproduzioni di quadri d'arte dipinte a mano al 100% su tela. Cornici per quadri, vendita e produzione di dimensioni su ordinazione.","robots":{"index":"index","follow":"follow","max-snippet":"max-snippet:-1","max-image-preview":"max-image-preview:large","max-video-preview":"max-video-preview:-1"},"canonical":"https:\/\/svetslik.si\/it\/quadri-di-energia-1\/quadri-energetici-energia-della-libera-volonta-unicita\/","og_locale":"it_IT","og_type":"article","og_title":"Quadri energetici - Energia della libera volont\u00e0 (unicit\u00e0)","og_description":"100% ro\u010dno naslikane slike na platnu, reprodukcije znanih slikarjev in umetni\u0161ke slike po naro\u010dilu.","og_url":"https:\/\/svetslik.si\/it\/quadri-di-energia-1\/quadri-energetici-energia-della-libera-volonta-unicita\/","og_site_name":"SVETSLIK.SI","article_publisher":"https:\/\/www.facebook.com\/svetslik.si","article_modified_time":"2026-03-22T13:30:34+00:00","og_image":[{"width":680,"height":680,"url":"https:\/\/svetslik.si\/wp-content\/uploads\/2021\/08\/image_Energija-svobodne-volje-edinstvenost_680.jpg","type":"image\/jpeg"}],"twitter_card":"summary_large_image","twitter_site":"@svetslik","twitter_misc":{"Disponibilit\u00e0":"Disponibile"},"schema":{"@context":"https:\/\/schema.org","@graph":[{"@type":["WebPage","ItemPage"],"@id":"https:\/\/svetslik.si\/it\/quadri-di-energia-1\/quadri-energetici-energia-della-libera-volonta-unicita\/","url":"https:\/\/svetslik.si\/it\/quadri-di-energia-1\/quadri-energetici-energia-della-libera-volonta-unicita\/","name":"Quadri energetici - Energia della libera volont\u00e0 (unicit\u00e0) - SVETSLIK.SI - Dipinto al 100% fatto a mano","isPartOf":{"@id":"https:\/\/svetslik.si\/it\/#website"},"primaryImageOfPage":{"@id":"https:\/\/svetslik.si\/it\/quadri-di-energia-1\/quadri-energetici-energia-della-libera-volonta-unicita\/#primaryimage"},"image":{"@id":"https:\/\/svetslik.si\/it\/quadri-di-energia-1\/quadri-energetici-energia-della-libera-volonta-unicita\/#primaryimage"},"thumbnailUrl":"https:\/\/svetslik.si\/wp-content\/uploads\/2021\/08\/image_Energija-svobodne-volje-edinstvenost_680.jpg","datePublished":"2021-09-02T16:52:08+00:00","dateModified":"2026-03-22T13:30:34+00:00","description":"Quadri energetici - Energia della libera volont\u00e0 (unicit\u00e0) - Riproduzioni di quadri d'arte dipinte a mano al 100% su tela. Cornici per quadri, vendita e produzione di dimensioni su ordinazione.","breadcrumb":{"@id":"https:\/\/svetslik.si\/it\/quadri-di-energia-1\/quadri-energetici-energia-della-libera-volonta-unicita\/#breadcrumb"},"inLanguage":"it-IT","potentialAction":[{"@type":"ReadAction","target":["https:\/\/svetslik.si\/it\/quadri-di-energia-1\/quadri-energetici-energia-della-libera-volonta-unicita\/"]}]},{"@type":"ImageObject","inLanguage":"it-IT","@id":"https:\/\/svetslik.si\/it\/quadri-di-energia-1\/quadri-energetici-energia-della-libera-volonta-unicita\/#primaryimage","url":"https:\/\/svetslik.si\/wp-content\/uploads\/2021\/08\/image_Energija-svobodne-volje-edinstvenost_680.jpg","contentUrl":"https:\/\/svetslik.si\/wp-content\/uploads\/2021\/08\/image_Energija-svobodne-volje-edinstvenost_680.jpg","width":680,"height":680,"caption":"Quadri energetici su tela - Energia della libera volont\u00e0 (unicit\u00e0) - Quadri riproduzioni dipinti a mano, quadri moderni, quadri ambientali per pareti, quadri astratti, quadri decorativi, acquisto e vendita quadri"},{"@type":"BreadcrumbList","@id":"https:\/\/svetslik.si\/it\/quadri-di-energia-1\/quadri-energetici-energia-della-libera-volonta-unicita\/#breadcrumb","itemListElement":[{"@type":"ListItem","position":1,"name":"Fali m\u0171v\u00e9szet \u00e9s festm\u00e9nyek v\u00e1szonra","item":"https:\/\/svetslik.si\/it\/"},{"@type":"ListItem","position":2,"name":"Vendita di dipinti","item":"https:\/\/svetslik.si\/prodaja-slik\/"},{"@type":"ListItem","position":3,"name":"Quadri energetici &#8211; Energia della libera volont\u00e0 (unicit\u00e0)"}]},{"@type":"WebSite","@id":"https:\/\/svetslik.si\/it\/#website","url":"https:\/\/svetslik.si\/it\/","name":"SVETSLIK.SI","description":"100% riproduzioni dipinte a mano di quadri di pittori famosi e dipinti su tela.","publisher":{"@id":"https:\/\/svetslik.si\/it\/#organization"},"potentialAction":[{"@type":"SearchAction","target":{"@type":"EntryPoint","urlTemplate":"https:\/\/svetslik.si\/it\/?s={search_term_string}"},"query-input":{"@type":"PropertyValueSpecification","valueRequired":true,"valueName":"search_term_string"}}],"inLanguage":"it-IT"},{"@type":"Organization","@id":"https:\/\/svetslik.si\/it\/#organization","name":"SvetSlik.si","url":"https:\/\/svetslik.si\/it\/","logo":{"@type":"ImageObject","inLanguage":"it-IT","@id":"https:\/\/svetslik.si\/it\/#\/schema\/logo\/image\/","url":"https:\/\/svetslik.si\/wp-content\/uploads\/2020\/12\/logo-512.png","contentUrl":"https:\/\/svetslik.si\/wp-content\/uploads\/2020\/12\/logo-512.png","width":512,"height":512,"caption":"SvetSlik.si"},"image":{"@id":"https:\/\/svetslik.si\/it\/#\/schema\/logo\/image\/"},"sameAs":["https:\/\/www.facebook.com\/svetslik.si","https:\/\/x.com\/svetslik","https:\/\/www.instagram.com\/svetslik.si\/","https:\/\/www.linkedin.com\/company\/svetslik-si"]}]},"og_availability":"instock","product_availability":"instock","product_retailer_item_id":"789__","product_condition":"new"},"jetpack_sharing_enabled":true,"_links":{"self":[{"href":"https:\/\/svetslik.si\/it\/wp-json\/wp\/v2\/product\/43811","targetHints":{"allow":["GET"]}}],"collection":[{"href":"https:\/\/svetslik.si\/it\/wp-json\/wp\/v2\/product"}],"about":[{"href":"https:\/\/svetslik.si\/it\/wp-json\/wp\/v2\/types\/product"}],"wp:featuredmedia":[{"embeddable":true,"href":"https:\/\/svetslik.si\/it\/wp-json\/wp\/v2\/media\/35142"}],"wp:attachment":[{"href":"https:\/\/svetslik.si\/it\/wp-json\/wp\/v2\/media?parent=43811"}],"wp:term":[{"taxonomy":"product_brand","embeddable":true,"href":"https:\/\/svetslik.si\/it\/wp-json\/wp\/v2\/product_brand?post=43811"},{"taxonomy":"product_cat","embeddable":true,"href":"https:\/\/svetslik.si\/it\/wp-json\/wp\/v2\/product_cat?post=43811"},{"taxonomy":"product_tag","embeddable":true,"href":"https:\/\/svetslik.si\/it\/wp-json\/wp\/v2\/product_tag?post=43811"}],"curies":[{"name":"wp","href":"https:\/\/api.w.org\/{rel}","templated":true}]}}