{"id":43937,"date":"2021-09-02T18:55:07","date_gmt":"2021-09-02T16:55:07","guid":{"rendered":"https:\/\/svetslik.si\/senza-categoria\/nadangel-ariel\/"},"modified":"2026-03-22T14:35:32","modified_gmt":"2026-03-22T13:35:32","slug":"quadri-energetici-arcangelo-ariel","status":"publish","type":"product","link":"https:\/\/svetslik.si\/it\/quadri-spirituali\/quadri-energetici-arcangelo-ariel\/","title":{"rendered":"Quadri energetici &#8211; Arcangelo Ariel"},"content":{"rendered":"<p>Nadangel Ariel \u00e8 l&#8217;angelo del coraggio, della natura e delle fiere selvagge. Ci insegna a vivere una vita appagante e senza paura, a liberarci da tutto ci\u00f2 che ci ostacola e controlla. Ci assicura che non siamo mai soli, nemmeno nei momenti pi\u00f9 difficili. Ma soprattutto, ci consiglia di affrontare le nostre paure, poich\u00e9 ci\u00f2 ci liberer\u00e0 da tutti gli ostacoli che ci impediscono di realizzare il nostro destino.<\/p>\n<p>Ariel ci incoraggia ad essere coraggiosi e a difendere le nostre convinzioni. In determinate situazioni, dobbiamo agire in linea con le nostre convinzioni per il nostro bene, anche se possono essere in contrasto con le convinzioni degli altri. Prendete posizione per voi stessi, e Ariel vi sosterr\u00e0 in questo.<\/p>\n","protected":false},"excerpt":{"rendered":"<p>Nadangel Ariel \u00e8 l&#8217;angelo del coraggio, della natura e delle fiere selvagge. Ci insegna a vivere una vita appagante e senza paura, a liberarci da tutto ci\u00f2 che ci ostacola e controlla. Ci assicura che non siamo mai soli, nemmeno nei momenti pi\u00f9 difficili. Ma soprattutto, ci consiglia di affrontare [&hellip;]<\/p>\n","protected":false},"featured_media":34853,"template":"","meta":{"_acf_changed":false},"product_brand":[],"product_cat":[4169,4171],"product_tag":[4218],"class_list":{"0":"post-43937","1":"product","2":"type-product","3":"status-publish","4":"has-post-thumbnail","6":"product_cat-quadri-di-energia","7":"product_cat-quadri-spirituali","8":"product_tag-quadri-di-energia","9":"pa_dimenzija-20-x-25-cm-it","10":"pa_dimenzija-30-x-40-cm-it","11":"pa_dimenzija-40-x-60-cm-it","12":"pa_dimenzija-90-x-120-cm-it","13":"pa_oblika-verticale","14":"pa_okvir-sensa-cornice","15":"pa_podokvir-no","16":"pa_podokvir-si","18":"first","19":"instock","20":"purchasable","21":"product-type-variable","22":"has-default-attributes"},"acf":[],"yoast_head":"<!-- This site is optimized with the Yoast SEO Premium plugin v26.0 (Yoast SEO v27.2) - https:\/\/yoast.com\/product\/yoast-seo-premium-wordpress\/ -->\n<title>Quadri energetici - Arcangelo Ariel - SVETSLIK.SI - Dipinto al 100% fatto a mano<\/title>\n<meta name=\"description\" content=\"Quadri energetici - Arcangelo Ariel - Riproduzioni di quadri d&#039;arte dipinte a mano al 100% su tela. Cornici per quadri, vendita e produzione di dimensioni su ordinazione.\" \/>\n<meta name=\"robots\" content=\"index, follow, max-snippet:-1, max-image-preview:large, max-video-preview:-1\" \/>\n<link rel=\"canonical\" href=\"https:\/\/svetslik.si\/it\/quadri-spirituali\/quadri-energetici-arcangelo-ariel\/\" \/>\n<meta property=\"og:locale\" content=\"it_IT\" \/>\n<meta property=\"og:type\" content=\"article\" \/>\n<meta property=\"og:title\" content=\"Quadri energetici - Arcangelo Ariel\" \/>\n<meta property=\"og:description\" content=\"100% ro\u010dno naslikane slike na platnu, reprodukcije znanih slikarjev in umetni\u0161ke slike po naro\u010dilu.\" \/>\n<meta property=\"og:url\" content=\"https:\/\/svetslik.si\/it\/quadri-spirituali\/quadri-energetici-arcangelo-ariel\/\" \/>\n<meta property=\"og:site_name\" content=\"SVETSLIK.SI\" \/>\n<meta property=\"article:publisher\" content=\"https:\/\/www.facebook.com\/svetslik.si\" \/>\n<meta property=\"article:modified_time\" content=\"2026-03-22T13:35:32+00:00\" \/>\n<meta property=\"og:image\" content=\"https:\/\/svetslik.si\/wp-content\/uploads\/2021\/08\/image_3_680.jpg\" \/>\n\t<meta property=\"og:image:width\" content=\"537\" \/>\n\t<meta property=\"og:image:height\" content=\"680\" \/>\n\t<meta property=\"og:image:type\" content=\"image\/jpeg\" \/>\n<meta name=\"twitter:card\" content=\"summary_large_image\" \/>\n<meta name=\"twitter:site\" content=\"@svetslik\" \/>\n<meta name=\"twitter:label1\" content=\"Disponibilit\u00e0\" \/>\n\t<meta name=\"twitter:data1\" content=\"Disponibile\" \/>\n<script type=\"application\/ld+json\" class=\"yoast-schema-graph\">{\"@context\":\"https:\/\/schema.org\",\"@graph\":[{\"@type\":[\"WebPage\",\"ItemPage\"],\"@id\":\"https:\/\/svetslik.si\/it\/quadri-spirituali\/quadri-energetici-arcangelo-ariel\/\",\"url\":\"https:\/\/svetslik.si\/it\/quadri-spirituali\/quadri-energetici-arcangelo-ariel\/\",\"name\":\"Quadri energetici - Arcangelo Ariel - SVETSLIK.SI - Dipinto al 100% fatto a mano\",\"isPartOf\":{\"@id\":\"https:\/\/svetslik.si\/it\/#website\"},\"primaryImageOfPage\":{\"@id\":\"https:\/\/svetslik.si\/it\/quadri-spirituali\/quadri-energetici-arcangelo-ariel\/#primaryimage\"},\"image\":{\"@id\":\"https:\/\/svetslik.si\/it\/quadri-spirituali\/quadri-energetici-arcangelo-ariel\/#primaryimage\"},\"thumbnailUrl\":\"https:\/\/svetslik.si\/wp-content\/uploads\/2021\/08\/image_3_680.jpg\",\"datePublished\":\"2021-09-02T16:55:07+00:00\",\"dateModified\":\"2026-03-22T13:35:32+00:00\",\"description\":\"Quadri energetici - Arcangelo Ariel - Riproduzioni di quadri d'arte dipinte a mano al 100% su tela. Cornici per quadri, vendita e produzione di dimensioni su ordinazione.\",\"breadcrumb\":{\"@id\":\"https:\/\/svetslik.si\/it\/quadri-spirituali\/quadri-energetici-arcangelo-ariel\/#breadcrumb\"},\"inLanguage\":\"it-IT\",\"potentialAction\":[{\"@type\":\"ReadAction\",\"target\":[\"https:\/\/svetslik.si\/it\/quadri-spirituali\/quadri-energetici-arcangelo-ariel\/\"]}]},{\"@type\":\"ImageObject\",\"inLanguage\":\"it-IT\",\"@id\":\"https:\/\/svetslik.si\/it\/quadri-spirituali\/quadri-energetici-arcangelo-ariel\/#primaryimage\",\"url\":\"https:\/\/svetslik.si\/wp-content\/uploads\/2021\/08\/image_3_680.jpg\",\"contentUrl\":\"https:\/\/svetslik.si\/wp-content\/uploads\/2021\/08\/image_3_680.jpg\",\"width\":537,\"height\":680,\"caption\":\"Quadri moderni - Arcangelo Ariel\"},{\"@type\":\"BreadcrumbList\",\"@id\":\"https:\/\/svetslik.si\/it\/quadri-spirituali\/quadri-energetici-arcangelo-ariel\/#breadcrumb\",\"itemListElement\":[{\"@type\":\"ListItem\",\"position\":1,\"name\":\"Fali m\u0171v\u00e9szet \u00e9s festm\u00e9nyek v\u00e1szonra\",\"item\":\"https:\/\/svetslik.si\/it\/\"},{\"@type\":\"ListItem\",\"position\":2,\"name\":\"Vendita di dipinti\",\"item\":\"https:\/\/svetslik.si\/prodaja-slik\/\"},{\"@type\":\"ListItem\",\"position\":3,\"name\":\"Quadri energetici &#8211; Arcangelo Ariel\"}]},{\"@type\":\"WebSite\",\"@id\":\"https:\/\/svetslik.si\/it\/#website\",\"url\":\"https:\/\/svetslik.si\/it\/\",\"name\":\"SVETSLIK.SI\",\"description\":\"100% riproduzioni dipinte a mano di quadri di pittori famosi e dipinti su tela.\",\"publisher\":{\"@id\":\"https:\/\/svetslik.si\/it\/#organization\"},\"potentialAction\":[{\"@type\":\"SearchAction\",\"target\":{\"@type\":\"EntryPoint\",\"urlTemplate\":\"https:\/\/svetslik.si\/it\/?s={search_term_string}\"},\"query-input\":{\"@type\":\"PropertyValueSpecification\",\"valueRequired\":true,\"valueName\":\"search_term_string\"}}],\"inLanguage\":\"it-IT\"},{\"@type\":\"Organization\",\"@id\":\"https:\/\/svetslik.si\/it\/#organization\",\"name\":\"SvetSlik.si\",\"url\":\"https:\/\/svetslik.si\/it\/\",\"logo\":{\"@type\":\"ImageObject\",\"inLanguage\":\"it-IT\",\"@id\":\"https:\/\/svetslik.si\/it\/#\/schema\/logo\/image\/\",\"url\":\"https:\/\/svetslik.si\/wp-content\/uploads\/2020\/12\/logo-512.png\",\"contentUrl\":\"https:\/\/svetslik.si\/wp-content\/uploads\/2020\/12\/logo-512.png\",\"width\":512,\"height\":512,\"caption\":\"SvetSlik.si\"},\"image\":{\"@id\":\"https:\/\/svetslik.si\/it\/#\/schema\/logo\/image\/\"},\"sameAs\":[\"https:\/\/www.facebook.com\/svetslik.si\",\"https:\/\/x.com\/svetslik\",\"https:\/\/www.instagram.com\/svetslik.si\/\",\"https:\/\/www.linkedin.com\/company\/svetslik-si\"]}]}<\/script>\n<meta property=\"og:availability\" content=\"instock\" \/>\n<meta property=\"product:availability\" content=\"instock\" \/>\n<meta property=\"product:retailer_item_id\" content=\"824__\" \/>\n<meta property=\"product:condition\" content=\"new\" \/>\n<!-- \/ Yoast SEO Premium plugin. -->","yoast_head_json":{"title":"Quadri energetici - Arcangelo Ariel - SVETSLIK.SI - Dipinto al 100% fatto a mano","description":"Quadri energetici - Arcangelo Ariel - Riproduzioni di quadri d'arte dipinte a mano al 100% su tela. Cornici per quadri, vendita e produzione di dimensioni su ordinazione.","robots":{"index":"index","follow":"follow","max-snippet":"max-snippet:-1","max-image-preview":"max-image-preview:large","max-video-preview":"max-video-preview:-1"},"canonical":"https:\/\/svetslik.si\/it\/quadri-spirituali\/quadri-energetici-arcangelo-ariel\/","og_locale":"it_IT","og_type":"article","og_title":"Quadri energetici - Arcangelo Ariel","og_description":"100% ro\u010dno naslikane slike na platnu, reprodukcije znanih slikarjev in umetni\u0161ke slike po naro\u010dilu.","og_url":"https:\/\/svetslik.si\/it\/quadri-spirituali\/quadri-energetici-arcangelo-ariel\/","og_site_name":"SVETSLIK.SI","article_publisher":"https:\/\/www.facebook.com\/svetslik.si","article_modified_time":"2026-03-22T13:35:32+00:00","og_image":[{"width":537,"height":680,"url":"https:\/\/svetslik.si\/wp-content\/uploads\/2021\/08\/image_3_680.jpg","type":"image\/jpeg"}],"twitter_card":"summary_large_image","twitter_site":"@svetslik","twitter_misc":{"Disponibilit\u00e0":"Disponibile"},"schema":{"@context":"https:\/\/schema.org","@graph":[{"@type":["WebPage","ItemPage"],"@id":"https:\/\/svetslik.si\/it\/quadri-spirituali\/quadri-energetici-arcangelo-ariel\/","url":"https:\/\/svetslik.si\/it\/quadri-spirituali\/quadri-energetici-arcangelo-ariel\/","name":"Quadri energetici - Arcangelo Ariel - SVETSLIK.SI - Dipinto al 100% fatto a mano","isPartOf":{"@id":"https:\/\/svetslik.si\/it\/#website"},"primaryImageOfPage":{"@id":"https:\/\/svetslik.si\/it\/quadri-spirituali\/quadri-energetici-arcangelo-ariel\/#primaryimage"},"image":{"@id":"https:\/\/svetslik.si\/it\/quadri-spirituali\/quadri-energetici-arcangelo-ariel\/#primaryimage"},"thumbnailUrl":"https:\/\/svetslik.si\/wp-content\/uploads\/2021\/08\/image_3_680.jpg","datePublished":"2021-09-02T16:55:07+00:00","dateModified":"2026-03-22T13:35:32+00:00","description":"Quadri energetici - Arcangelo Ariel - Riproduzioni di quadri d'arte dipinte a mano al 100% su tela. Cornici per quadri, vendita e produzione di dimensioni su ordinazione.","breadcrumb":{"@id":"https:\/\/svetslik.si\/it\/quadri-spirituali\/quadri-energetici-arcangelo-ariel\/#breadcrumb"},"inLanguage":"it-IT","potentialAction":[{"@type":"ReadAction","target":["https:\/\/svetslik.si\/it\/quadri-spirituali\/quadri-energetici-arcangelo-ariel\/"]}]},{"@type":"ImageObject","inLanguage":"it-IT","@id":"https:\/\/svetslik.si\/it\/quadri-spirituali\/quadri-energetici-arcangelo-ariel\/#primaryimage","url":"https:\/\/svetslik.si\/wp-content\/uploads\/2021\/08\/image_3_680.jpg","contentUrl":"https:\/\/svetslik.si\/wp-content\/uploads\/2021\/08\/image_3_680.jpg","width":537,"height":680,"caption":"Quadri moderni - Arcangelo Ariel"},{"@type":"BreadcrumbList","@id":"https:\/\/svetslik.si\/it\/quadri-spirituali\/quadri-energetici-arcangelo-ariel\/#breadcrumb","itemListElement":[{"@type":"ListItem","position":1,"name":"Fali m\u0171v\u00e9szet \u00e9s festm\u00e9nyek v\u00e1szonra","item":"https:\/\/svetslik.si\/it\/"},{"@type":"ListItem","position":2,"name":"Vendita di dipinti","item":"https:\/\/svetslik.si\/prodaja-slik\/"},{"@type":"ListItem","position":3,"name":"Quadri energetici &#8211; Arcangelo Ariel"}]},{"@type":"WebSite","@id":"https:\/\/svetslik.si\/it\/#website","url":"https:\/\/svetslik.si\/it\/","name":"SVETSLIK.SI","description":"100% riproduzioni dipinte a mano di quadri di pittori famosi e dipinti su tela.","publisher":{"@id":"https:\/\/svetslik.si\/it\/#organization"},"potentialAction":[{"@type":"SearchAction","target":{"@type":"EntryPoint","urlTemplate":"https:\/\/svetslik.si\/it\/?s={search_term_string}"},"query-input":{"@type":"PropertyValueSpecification","valueRequired":true,"valueName":"search_term_string"}}],"inLanguage":"it-IT"},{"@type":"Organization","@id":"https:\/\/svetslik.si\/it\/#organization","name":"SvetSlik.si","url":"https:\/\/svetslik.si\/it\/","logo":{"@type":"ImageObject","inLanguage":"it-IT","@id":"https:\/\/svetslik.si\/it\/#\/schema\/logo\/image\/","url":"https:\/\/svetslik.si\/wp-content\/uploads\/2020\/12\/logo-512.png","contentUrl":"https:\/\/svetslik.si\/wp-content\/uploads\/2020\/12\/logo-512.png","width":512,"height":512,"caption":"SvetSlik.si"},"image":{"@id":"https:\/\/svetslik.si\/it\/#\/schema\/logo\/image\/"},"sameAs":["https:\/\/www.facebook.com\/svetslik.si","https:\/\/x.com\/svetslik","https:\/\/www.instagram.com\/svetslik.si\/","https:\/\/www.linkedin.com\/company\/svetslik-si"]}]},"og_availability":"instock","product_availability":"instock","product_retailer_item_id":"824__","product_condition":"new"},"jetpack_sharing_enabled":true,"_links":{"self":[{"href":"https:\/\/svetslik.si\/it\/wp-json\/wp\/v2\/product\/43937","targetHints":{"allow":["GET"]}}],"collection":[{"href":"https:\/\/svetslik.si\/it\/wp-json\/wp\/v2\/product"}],"about":[{"href":"https:\/\/svetslik.si\/it\/wp-json\/wp\/v2\/types\/product"}],"wp:featuredmedia":[{"embeddable":true,"href":"https:\/\/svetslik.si\/it\/wp-json\/wp\/v2\/media\/34853"}],"wp:attachment":[{"href":"https:\/\/svetslik.si\/it\/wp-json\/wp\/v2\/media?parent=43937"}],"wp:term":[{"taxonomy":"product_brand","embeddable":true,"href":"https:\/\/svetslik.si\/it\/wp-json\/wp\/v2\/product_brand?post=43937"},{"taxonomy":"product_cat","embeddable":true,"href":"https:\/\/svetslik.si\/it\/wp-json\/wp\/v2\/product_cat?post=43937"},{"taxonomy":"product_tag","embeddable":true,"href":"https:\/\/svetslik.si\/it\/wp-json\/wp\/v2\/product_tag?post=43937"}],"curies":[{"name":"wp","href":"https:\/\/api.w.org\/{rel}","templated":true}]}}