{"id":44397,"date":"2021-09-02T19:05:44","date_gmt":"2021-09-02T17:05:44","guid":{"rendered":"https:\/\/svetslik.si\/senza-categoria\/dekorativna-slika-harmonija\/"},"modified":"2026-03-22T14:47:43","modified_gmt":"2026-03-22T13:47:43","slug":"quadri-decorativi-armonia","status":"publish","type":"product","link":"https:\/\/svetslik.si\/it\/quadri-moderni-due-parti\/quadri-decorativi-armonia\/","title":{"rendered":"Quadri decorativi &#8211; Armonia"},"content":{"rendered":"<div class=\"wpb-content-wrapper\">[vc_row][vc_column][vc_column_text]\nDimensione complessiva del quadro d&#8217;arte:<br \/>\n60 cm x 40 cm (2 x 60 x 20)<br \/>\n80 cm x 60 cm (2 x 80 x 30)<br \/>\n120 cm x 80 cm (2 x 120 cm x 40 cm)<br \/>\n[\/vc_column_text][\/vc_column][\/vc_row][vc_row][vc_column]\t<div class=\"et-image-124 et-image  full   et_image_link\">\n\t\t<div class=\"et-image-inner \">\n\t\t\t\t\t\t\t<div class=\"et-image-thumb \">\n\t\t\t\t\t<img decoding=\"async\" width=\"1500\" height=\"2186\" src=\"https:\/\/svetslik.si\/wp-content\/uploads\/2021\/12\/vecdena-slika-na-platnu-9.jpg\" class=\"attachment-full\" alt=\"dipinti murali\" title=\"dipinti murali\" srcset=\"https:\/\/svetslik.si\/wp-content\/uploads\/2021\/12\/vecdena-slika-na-platnu-9.jpg 1500w, https:\/\/svetslik.si\/wp-content\/uploads\/2021\/12\/vecdena-slika-na-platnu-9-600x874.jpg 600w, https:\/\/svetslik.si\/wp-content\/uploads\/2021\/12\/vecdena-slika-na-platnu-9-1200x1749.jpg 1200w, https:\/\/svetslik.si\/wp-content\/uploads\/2021\/12\/vecdena-slika-na-platnu-9-206x300.jpg 206w, https:\/\/svetslik.si\/wp-content\/uploads\/2021\/12\/vecdena-slika-na-platnu-9-703x1024.jpg 703w, https:\/\/svetslik.si\/wp-content\/uploads\/2021\/12\/vecdena-slika-na-platnu-9-768x1119.jpg 768w, https:\/\/svetslik.si\/wp-content\/uploads\/2021\/12\/vecdena-slika-na-platnu-9-1054x1536.jpg 1054w, https:\/\/svetslik.si\/wp-content\/uploads\/2021\/12\/vecdena-slika-na-platnu-9-1405x2048.jpg 1405w, https:\/\/svetslik.si\/wp-content\/uploads\/2021\/12\/vecdena-slika-na-platnu-9-103x150.jpg 103w, https:\/\/svetslik.si\/wp-content\/uploads\/2021\/12\/vecdena-slika-na-platnu-9-1320x1924.jpg 1320w, https:\/\/svetslik.si\/wp-content\/uploads\/2021\/12\/vecdena-slika-na-platnu-9-900x1312.jpg 900w\" sizes=\"(max-width: 1500px) 100vw, 1500px\" \/>\t\t\t\t<\/div>\n\t\t\t\t\t\t\t\t\t\t\t<\/div>\n\t<\/div>\n  [\/vc_column][\/vc_row]\n<\/div>","protected":false},"excerpt":{"rendered":"<p>[vc_row][vc_column][vc_column_text] Dimensione complessiva del quadro d&#8217;arte: 60 cm x 40 cm (2 x 60 x 20) 80 cm x 60 cm (2 x 80 x 30) 120 cm x 80 cm (2 x 120 cm x 40 cm) [\/vc_column_text][\/vc_column][\/vc_row][vc_row][vc_column][\/vc_column][\/vc_row]<\/p>\n","protected":false},"featured_media":35814,"template":"","meta":{"_acf_changed":false},"product_brand":[],"product_cat":[4191],"product_tag":[4208,4217,4230,4254,4267,4262,4257,4255],"class_list":{"0":"post-44397","1":"product","2":"type-product","3":"status-publish","4":"has-post-thumbnail","6":"product_cat-quadri-moderni-due-parti","7":"product_tag-quadri-astratti-it","8":"product_tag-quadri-in-due-parti","9":"product_tag-quadri-moderni","10":"product_tag-quadri-moderni-it","11":"product_tag-quadri-multiparte","12":"product_tag-quadri-murali","13":"product_tag-quadri-per-il-soggiorno","14":"product_tag-quadri-per-soggiorno","15":"pa_dimenzija-120-x-80-cm","16":"pa_dimenzija-60-x-40-cm","17":"pa_dimenzija-80-x-60-cm","18":"pa_oblika-orizzontale","19":"pa_pod-okvir-incluso-nel-prezzo","20":"pa_podokvir-no","21":"pa_podokvir-si","23":"first","24":"onbackorder","25":"purchasable","26":"product-type-variable","27":"has-default-attributes"},"acf":[],"yoast_head":"<!-- This site is optimized with the Yoast SEO Premium plugin v26.0 (Yoast SEO v27.2) - https:\/\/yoast.com\/product\/yoast-seo-premium-wordpress\/ -->\n<title>Quadri decorativi - Armonia - SVETSLIK.SI - Dipinto al 100% fatto a mano<\/title>\n<meta name=\"description\" content=\"Quadri decorativi - Armonia - Riproduzioni di quadri d&#039;arte al 100% dipinti a mano su tela. Cornici per quadri, vendita e realizzazione di dimensioni su ordinazione.\" \/>\n<meta name=\"robots\" content=\"index, follow, max-snippet:-1, max-image-preview:large, max-video-preview:-1\" \/>\n<link rel=\"canonical\" href=\"https:\/\/svetslik.si\/it\/quadri-moderni-due-parti\/quadri-decorativi-armonia\/\" \/>\n<meta property=\"og:locale\" content=\"it_IT\" \/>\n<meta property=\"og:type\" content=\"article\" \/>\n<meta property=\"og:title\" content=\"Quadri decorativi - Armonia\" \/>\n<meta property=\"og:description\" content=\"100% ro\u010dno naslikane slike na platnu, reprodukcije znanih slikarjev in umetni\u0161ke slike po naro\u010dilu.\" \/>\n<meta property=\"og:url\" content=\"https:\/\/svetslik.si\/it\/quadri-moderni-due-parti\/quadri-decorativi-armonia\/\" \/>\n<meta property=\"og:site_name\" content=\"SVETSLIK.SI\" \/>\n<meta property=\"article:publisher\" content=\"https:\/\/www.facebook.com\/svetslik.si\" \/>\n<meta property=\"article:modified_time\" content=\"2026-03-22T13:47:43+00:00\" \/>\n<meta property=\"og:image\" content=\"https:\/\/svetslik.si\/wp-content\/uploads\/2021\/08\/image_Umetniska-slika-Harmonija-moderna-stenska-slika_680.png\" \/>\n\t<meta property=\"og:image:width\" content=\"680\" \/>\n\t<meta property=\"og:image:height\" content=\"476\" \/>\n\t<meta property=\"og:image:type\" content=\"image\/png\" \/>\n<meta name=\"twitter:card\" content=\"summary_large_image\" \/>\n<meta name=\"twitter:site\" content=\"@svetslik\" \/>\n<meta name=\"twitter:label1\" content=\"Disponibilit\u00e0\" \/>\n\t<meta name=\"twitter:data1\" content=\"Su ordinazione\" \/>\n<script type=\"application\/ld+json\" class=\"yoast-schema-graph\">{\"@context\":\"https:\/\/schema.org\",\"@graph\":[{\"@type\":[\"WebPage\",\"ItemPage\"],\"@id\":\"https:\/\/svetslik.si\/it\/quadri-moderni-due-parti\/quadri-decorativi-armonia\/\",\"url\":\"https:\/\/svetslik.si\/it\/quadri-moderni-due-parti\/quadri-decorativi-armonia\/\",\"name\":\"Quadri decorativi - Armonia - SVETSLIK.SI - Dipinto al 100% fatto a mano\",\"isPartOf\":{\"@id\":\"https:\/\/svetslik.si\/it\/#website\"},\"primaryImageOfPage\":{\"@id\":\"https:\/\/svetslik.si\/it\/quadri-moderni-due-parti\/quadri-decorativi-armonia\/#primaryimage\"},\"image\":{\"@id\":\"https:\/\/svetslik.si\/it\/quadri-moderni-due-parti\/quadri-decorativi-armonia\/#primaryimage\"},\"thumbnailUrl\":\"https:\/\/svetslik.si\/wp-content\/uploads\/2021\/08\/image_Umetniska-slika-Harmonija-moderna-stenska-slika_680.png\",\"datePublished\":\"2021-09-02T17:05:44+00:00\",\"dateModified\":\"2026-03-22T13:47:43+00:00\",\"description\":\"Quadri decorativi - Armonia - Riproduzioni di quadri d'arte al 100% dipinti a mano su tela. Cornici per quadri, vendita e realizzazione di dimensioni su ordinazione.\",\"breadcrumb\":{\"@id\":\"https:\/\/svetslik.si\/it\/quadri-moderni-due-parti\/quadri-decorativi-armonia\/#breadcrumb\"},\"inLanguage\":\"it-IT\",\"potentialAction\":[{\"@type\":\"ReadAction\",\"target\":[\"https:\/\/svetslik.si\/it\/quadri-moderni-due-parti\/quadri-decorativi-armonia\/\"]}]},{\"@type\":\"ImageObject\",\"inLanguage\":\"it-IT\",\"@id\":\"https:\/\/svetslik.si\/it\/quadri-moderni-due-parti\/quadri-decorativi-armonia\/#primaryimage\",\"url\":\"https:\/\/svetslik.si\/wp-content\/uploads\/2021\/08\/image_Umetniska-slika-Harmonija-moderna-stenska-slika_680.png\",\"contentUrl\":\"https:\/\/svetslik.si\/wp-content\/uploads\/2021\/08\/image_Umetniska-slika-Harmonija-moderna-stenska-slika_680.png\",\"width\":680,\"height\":476,\"caption\":\"Quadro artistico Armonia, moderna quadro per parete Riproduzioni dipinte a mano di famosi pittori, quadri moderni, quadri artistici per parete\"},{\"@type\":\"BreadcrumbList\",\"@id\":\"https:\/\/svetslik.si\/it\/quadri-moderni-due-parti\/quadri-decorativi-armonia\/#breadcrumb\",\"itemListElement\":[{\"@type\":\"ListItem\",\"position\":1,\"name\":\"Fali m\u0171v\u00e9szet \u00e9s festm\u00e9nyek v\u00e1szonra\",\"item\":\"https:\/\/svetslik.si\/it\/\"},{\"@type\":\"ListItem\",\"position\":2,\"name\":\"Vendita di dipinti\",\"item\":\"https:\/\/svetslik.si\/prodaja-slik\/\"},{\"@type\":\"ListItem\",\"position\":3,\"name\":\"Quadri decorativi &#8211; Armonia\"}]},{\"@type\":\"WebSite\",\"@id\":\"https:\/\/svetslik.si\/it\/#website\",\"url\":\"https:\/\/svetslik.si\/it\/\",\"name\":\"SVETSLIK.SI\",\"description\":\"100% riproduzioni dipinte a mano di quadri di pittori famosi e dipinti su tela.\",\"publisher\":{\"@id\":\"https:\/\/svetslik.si\/it\/#organization\"},\"potentialAction\":[{\"@type\":\"SearchAction\",\"target\":{\"@type\":\"EntryPoint\",\"urlTemplate\":\"https:\/\/svetslik.si\/it\/?s={search_term_string}\"},\"query-input\":{\"@type\":\"PropertyValueSpecification\",\"valueRequired\":true,\"valueName\":\"search_term_string\"}}],\"inLanguage\":\"it-IT\"},{\"@type\":\"Organization\",\"@id\":\"https:\/\/svetslik.si\/it\/#organization\",\"name\":\"SvetSlik.si\",\"url\":\"https:\/\/svetslik.si\/it\/\",\"logo\":{\"@type\":\"ImageObject\",\"inLanguage\":\"it-IT\",\"@id\":\"https:\/\/svetslik.si\/it\/#\/schema\/logo\/image\/\",\"url\":\"https:\/\/svetslik.si\/wp-content\/uploads\/2020\/12\/logo-512.png\",\"contentUrl\":\"https:\/\/svetslik.si\/wp-content\/uploads\/2020\/12\/logo-512.png\",\"width\":512,\"height\":512,\"caption\":\"SvetSlik.si\"},\"image\":{\"@id\":\"https:\/\/svetslik.si\/it\/#\/schema\/logo\/image\/\"},\"sameAs\":[\"https:\/\/www.facebook.com\/svetslik.si\",\"https:\/\/x.com\/svetslik\",\"https:\/\/www.instagram.com\/svetslik.si\/\",\"https:\/\/www.linkedin.com\/company\/svetslik-si\"]}]}<\/script>\n<meta property=\"og:availability\" content=\"backorder\" \/>\n<meta property=\"product:availability\" content=\"available for order\" \/>\n<meta property=\"product:retailer_item_id\" content=\"948__\" \/>\n<meta property=\"product:condition\" content=\"new\" \/>\n<!-- \/ Yoast SEO Premium plugin. -->","yoast_head_json":{"title":"Quadri decorativi - Armonia - SVETSLIK.SI - Dipinto al 100% fatto a mano","description":"Quadri decorativi - Armonia - Riproduzioni di quadri d'arte al 100% dipinti a mano su tela. Cornici per quadri, vendita e realizzazione di dimensioni su ordinazione.","robots":{"index":"index","follow":"follow","max-snippet":"max-snippet:-1","max-image-preview":"max-image-preview:large","max-video-preview":"max-video-preview:-1"},"canonical":"https:\/\/svetslik.si\/it\/quadri-moderni-due-parti\/quadri-decorativi-armonia\/","og_locale":"it_IT","og_type":"article","og_title":"Quadri decorativi - Armonia","og_description":"100% ro\u010dno naslikane slike na platnu, reprodukcije znanih slikarjev in umetni\u0161ke slike po naro\u010dilu.","og_url":"https:\/\/svetslik.si\/it\/quadri-moderni-due-parti\/quadri-decorativi-armonia\/","og_site_name":"SVETSLIK.SI","article_publisher":"https:\/\/www.facebook.com\/svetslik.si","article_modified_time":"2026-03-22T13:47:43+00:00","og_image":[{"width":680,"height":476,"url":"https:\/\/svetslik.si\/wp-content\/uploads\/2021\/08\/image_Umetniska-slika-Harmonija-moderna-stenska-slika_680.png","type":"image\/png"}],"twitter_card":"summary_large_image","twitter_site":"@svetslik","twitter_misc":{"Disponibilit\u00e0":"Su ordinazione"},"schema":{"@context":"https:\/\/schema.org","@graph":[{"@type":["WebPage","ItemPage"],"@id":"https:\/\/svetslik.si\/it\/quadri-moderni-due-parti\/quadri-decorativi-armonia\/","url":"https:\/\/svetslik.si\/it\/quadri-moderni-due-parti\/quadri-decorativi-armonia\/","name":"Quadri decorativi - Armonia - SVETSLIK.SI - Dipinto al 100% fatto a mano","isPartOf":{"@id":"https:\/\/svetslik.si\/it\/#website"},"primaryImageOfPage":{"@id":"https:\/\/svetslik.si\/it\/quadri-moderni-due-parti\/quadri-decorativi-armonia\/#primaryimage"},"image":{"@id":"https:\/\/svetslik.si\/it\/quadri-moderni-due-parti\/quadri-decorativi-armonia\/#primaryimage"},"thumbnailUrl":"https:\/\/svetslik.si\/wp-content\/uploads\/2021\/08\/image_Umetniska-slika-Harmonija-moderna-stenska-slika_680.png","datePublished":"2021-09-02T17:05:44+00:00","dateModified":"2026-03-22T13:47:43+00:00","description":"Quadri decorativi - Armonia - Riproduzioni di quadri d'arte al 100% dipinti a mano su tela. Cornici per quadri, vendita e realizzazione di dimensioni su ordinazione.","breadcrumb":{"@id":"https:\/\/svetslik.si\/it\/quadri-moderni-due-parti\/quadri-decorativi-armonia\/#breadcrumb"},"inLanguage":"it-IT","potentialAction":[{"@type":"ReadAction","target":["https:\/\/svetslik.si\/it\/quadri-moderni-due-parti\/quadri-decorativi-armonia\/"]}]},{"@type":"ImageObject","inLanguage":"it-IT","@id":"https:\/\/svetslik.si\/it\/quadri-moderni-due-parti\/quadri-decorativi-armonia\/#primaryimage","url":"https:\/\/svetslik.si\/wp-content\/uploads\/2021\/08\/image_Umetniska-slika-Harmonija-moderna-stenska-slika_680.png","contentUrl":"https:\/\/svetslik.si\/wp-content\/uploads\/2021\/08\/image_Umetniska-slika-Harmonija-moderna-stenska-slika_680.png","width":680,"height":476,"caption":"Quadro artistico Armonia, moderna quadro per parete Riproduzioni dipinte a mano di famosi pittori, quadri moderni, quadri artistici per parete"},{"@type":"BreadcrumbList","@id":"https:\/\/svetslik.si\/it\/quadri-moderni-due-parti\/quadri-decorativi-armonia\/#breadcrumb","itemListElement":[{"@type":"ListItem","position":1,"name":"Fali m\u0171v\u00e9szet \u00e9s festm\u00e9nyek v\u00e1szonra","item":"https:\/\/svetslik.si\/it\/"},{"@type":"ListItem","position":2,"name":"Vendita di dipinti","item":"https:\/\/svetslik.si\/prodaja-slik\/"},{"@type":"ListItem","position":3,"name":"Quadri decorativi &#8211; Armonia"}]},{"@type":"WebSite","@id":"https:\/\/svetslik.si\/it\/#website","url":"https:\/\/svetslik.si\/it\/","name":"SVETSLIK.SI","description":"100% riproduzioni dipinte a mano di quadri di pittori famosi e dipinti su tela.","publisher":{"@id":"https:\/\/svetslik.si\/it\/#organization"},"potentialAction":[{"@type":"SearchAction","target":{"@type":"EntryPoint","urlTemplate":"https:\/\/svetslik.si\/it\/?s={search_term_string}"},"query-input":{"@type":"PropertyValueSpecification","valueRequired":true,"valueName":"search_term_string"}}],"inLanguage":"it-IT"},{"@type":"Organization","@id":"https:\/\/svetslik.si\/it\/#organization","name":"SvetSlik.si","url":"https:\/\/svetslik.si\/it\/","logo":{"@type":"ImageObject","inLanguage":"it-IT","@id":"https:\/\/svetslik.si\/it\/#\/schema\/logo\/image\/","url":"https:\/\/svetslik.si\/wp-content\/uploads\/2020\/12\/logo-512.png","contentUrl":"https:\/\/svetslik.si\/wp-content\/uploads\/2020\/12\/logo-512.png","width":512,"height":512,"caption":"SvetSlik.si"},"image":{"@id":"https:\/\/svetslik.si\/it\/#\/schema\/logo\/image\/"},"sameAs":["https:\/\/www.facebook.com\/svetslik.si","https:\/\/x.com\/svetslik","https:\/\/www.instagram.com\/svetslik.si\/","https:\/\/www.linkedin.com\/company\/svetslik-si"]}]},"og_availability":"backorder","product_availability":"available for order","product_retailer_item_id":"948__","product_condition":"new"},"jetpack_sharing_enabled":true,"_links":{"self":[{"href":"https:\/\/svetslik.si\/it\/wp-json\/wp\/v2\/product\/44397","targetHints":{"allow":["GET"]}}],"collection":[{"href":"https:\/\/svetslik.si\/it\/wp-json\/wp\/v2\/product"}],"about":[{"href":"https:\/\/svetslik.si\/it\/wp-json\/wp\/v2\/types\/product"}],"wp:featuredmedia":[{"embeddable":true,"href":"https:\/\/svetslik.si\/it\/wp-json\/wp\/v2\/media\/35814"}],"wp:attachment":[{"href":"https:\/\/svetslik.si\/it\/wp-json\/wp\/v2\/media?parent=44397"}],"wp:term":[{"taxonomy":"product_brand","embeddable":true,"href":"https:\/\/svetslik.si\/it\/wp-json\/wp\/v2\/product_brand?post=44397"},{"taxonomy":"product_cat","embeddable":true,"href":"https:\/\/svetslik.si\/it\/wp-json\/wp\/v2\/product_cat?post=44397"},{"taxonomy":"product_tag","embeddable":true,"href":"https:\/\/svetslik.si\/it\/wp-json\/wp\/v2\/product_tag?post=44397"}],"curies":[{"name":"wp","href":"https:\/\/api.w.org\/{rel}","templated":true}]}}