{"id":44511,"date":"2021-09-02T19:08:53","date_gmt":"2021-09-02T17:08:53","guid":{"rendered":"https:\/\/svetslik.si\/senza-categoria\/dekorativna-slika-pozitiven-pogled-na-svet\/"},"modified":"2024-07-04T18:29:35","modified_gmt":"2024-07-04T16:29:35","slug":"quadri-decorativi-visione-positiva-del-mondo","status":"publish","type":"product","link":"https:\/\/svetslik.si\/it\/quadri-moderni-un-pezzo\/quadri-decorativi-visione-positiva-del-mondo\/","title":{"rendered":"Quadri decorativi &#8211; Visione positiva del mondo"},"content":{"rendered":"<div class=\"wpb-content-wrapper\">[vc_row css=&#8221;.vc_custom_1678997166208{margin-bottom: 10px !important;}&#8221;][vc_column]\t<div class=\"et-image-537 et-image  full   et_image_link\">\n\t\t<div class=\"et-image-inner \">\n\t\t\t\t\t\t\t<a  class=\"mfp-image et-lightbox\" data-mfp-type=\"image\" data-mfp-src=\"https:\/\/svetslik.si\/wp-content\/uploads\/2021\/09\/dekorativne-slike-a.jpg\"  title=\"Quadri decorativi &#8211; Visione positiva del mondo\">\n\t\t\t\t\t\t\t<div class=\"et-image-thumb \">\n\t\t\t\t\t<img decoding=\"async\" width=\"1000\" height=\"971\" src=\"https:\/\/svetslik.si\/wp-content\/uploads\/2021\/09\/dekorativne-slike-a.jpg\" class=\"attachment-full\" alt=\"Quadri decorativi - Visione positiva del mondo\" title=\"Quadri decorativi - Visione positiva del mondo\" srcset=\"https:\/\/svetslik.si\/wp-content\/uploads\/2021\/09\/dekorativne-slike-a.jpg 1000w, https:\/\/svetslik.si\/wp-content\/uploads\/2021\/09\/dekorativne-slike-a-600x583.jpg 600w, https:\/\/svetslik.si\/wp-content\/uploads\/2021\/09\/dekorativne-slike-a-300x291.jpg 300w, https:\/\/svetslik.si\/wp-content\/uploads\/2021\/09\/dekorativne-slike-a-768x746.jpg 768w, https:\/\/svetslik.si\/wp-content\/uploads\/2021\/09\/dekorativne-slike-a-12x12.jpg 12w, https:\/\/svetslik.si\/wp-content\/uploads\/2021\/09\/dekorativne-slike-a-150x146.jpg 150w, https:\/\/svetslik.si\/wp-content\/uploads\/2021\/09\/dekorativne-slike-a-900x874.jpg 900w\" sizes=\"(max-width: 1000px) 100vw, 1000px\" \/>\t\t\t\t<\/div>\n\t\t\t\t\t\t\t<\/a>\n\t\t\t\t\t\t\t\t\t\t\t<\/div>\n\t<\/div>\n  [\/vc_column][\/vc_row][vc_row css=&#8221;.vc_custom_1678997166208{margin-bottom: 10px !important;}&#8221;][vc_column]\t<div class=\"et-image-33 et-image  full   et_image_link\">\n\t\t<div class=\"et-image-inner \">\n\t\t\t\t\t\t\t<a  class=\"mfp-image et-lightbox\" data-mfp-type=\"image\" data-mfp-src=\"https:\/\/svetslik.si\/wp-content\/uploads\/2021\/09\/dekorativne-slike-2.jpg\"  title=\"Quadri decorativi &#8211; Visione positiva del mondo\">\n\t\t\t\t\t\t\t<div class=\"et-image-thumb \">\n\t\t\t\t\t<img decoding=\"async\" width=\"772\" height=\"1000\" src=\"https:\/\/svetslik.si\/wp-content\/uploads\/2021\/09\/dekorativne-slike-2.jpg\" class=\"attachment-full\" alt=\"Quadri decorativi - Visione positiva del mondo\" title=\"Quadri decorativi - Visione positiva del mondo\" srcset=\"https:\/\/svetslik.si\/wp-content\/uploads\/2021\/09\/dekorativne-slike-2.jpg 772w, https:\/\/svetslik.si\/wp-content\/uploads\/2021\/09\/dekorativne-slike-2-600x777.jpg 600w, https:\/\/svetslik.si\/wp-content\/uploads\/2021\/09\/dekorativne-slike-2-232x300.jpg 232w, https:\/\/svetslik.si\/wp-content\/uploads\/2021\/09\/dekorativne-slike-2-768x995.jpg 768w, https:\/\/svetslik.si\/wp-content\/uploads\/2021\/09\/dekorativne-slike-2-9x12.jpg 9w, https:\/\/svetslik.si\/wp-content\/uploads\/2021\/09\/dekorativne-slike-2-116x150.jpg 116w\" sizes=\"(max-width: 772px) 100vw, 772px\" \/>\t\t\t\t<\/div>\n\t\t\t\t\t\t\t<\/a>\n\t\t\t\t\t\t\t\t\t\t\t<\/div>\n\t<\/div>\n  [\/vc_column][\/vc_row][vc_row css=&#8221;.vc_custom_1678997166208{margin-bottom: 10px !important;}&#8221;][vc_column]\t<div class=\"et-image-383 et-image  full   et_image_link\">\n\t\t<div class=\"et-image-inner \">\n\t\t\t\t\t\t\t<a  class=\"mfp-image et-lightbox\" data-mfp-type=\"image\" data-mfp-src=\"https:\/\/svetslik.si\/wp-content\/uploads\/2021\/09\/dekorativne-slike.jpg\"  title=\"Quadri decorativi &#8211; Visione positiva del mondo\">\n\t\t\t\t\t\t\t<div class=\"et-image-thumb \">\n\t\t\t\t\t<img decoding=\"async\" width=\"1000\" height=\"563\" src=\"https:\/\/svetslik.si\/wp-content\/uploads\/2021\/09\/dekorativne-slike.jpg\" class=\"attachment-full\" alt=\"Quadri decorativi - Visione positiva del mondo\" title=\"Quadri decorativi - Visione positiva del mondo\" srcset=\"https:\/\/svetslik.si\/wp-content\/uploads\/2021\/09\/dekorativne-slike.jpg 1000w, https:\/\/svetslik.si\/wp-content\/uploads\/2021\/09\/dekorativne-slike-600x338.jpg 600w, https:\/\/svetslik.si\/wp-content\/uploads\/2021\/09\/dekorativne-slike-300x169.jpg 300w, https:\/\/svetslik.si\/wp-content\/uploads\/2021\/09\/dekorativne-slike-768x432.jpg 768w, https:\/\/svetslik.si\/wp-content\/uploads\/2021\/09\/dekorativne-slike-18x10.jpg 18w, https:\/\/svetslik.si\/wp-content\/uploads\/2021\/09\/dekorativne-slike-150x84.jpg 150w, https:\/\/svetslik.si\/wp-content\/uploads\/2021\/09\/dekorativne-slike-900x507.jpg 900w\" sizes=\"(max-width: 1000px) 100vw, 1000px\" \/>\t\t\t\t<\/div>\n\t\t\t\t\t\t\t<\/a>\n\t\t\t\t\t\t\t\t\t\t\t<\/div>\n\t<\/div>\n  [\/vc_column][\/vc_row]\n<\/div>","protected":false},"excerpt":{"rendered":"<p>[vc_row css=&#8221;.vc_custom_1678997166208{margin-bottom: 10px !important;}&#8221;][vc_column][\/vc_column][\/vc_row][vc_row css=&#8221;.vc_custom_1678997166208{margin-bottom: 10px !important;}&#8221;][vc_column][\/vc_column][\/vc_row][vc_row css=&#8221;.vc_custom_1678997166208{margin-bottom: 10px !important;}&#8221;][vc_column][\/vc_column][\/vc_row]<\/p>\n","protected":false},"featured_media":35077,"template":"","meta":{"_acf_changed":false},"product_brand":[],"product_cat":[4192],"product_tag":[4261,4259,4264,4208,4216,4254,4230,4262,4257,4256,4255,4242],"class_list":{"0":"post-44511","1":"product","2":"type-product","3":"status-publish","4":"has-post-thumbnail","6":"product_cat-quadri-moderni-un-pezzo","7":"product_tag-decorazione-murale","8":"product_tag-galleria-online","9":"product_tag-quadri-artistici","10":"product_tag-quadri-astratti-it","11":"product_tag-quadri-decorative","12":"product_tag-quadri-moderni-it","13":"product_tag-quadri-moderni","14":"product_tag-quadri-murali","15":"product_tag-quadri-per-il-soggiorno","16":"product_tag-quadri-per-pareti","17":"product_tag-quadri-per-soggiorno","18":"product_tag-vendere-quadri","19":"pa_dimenzija-100-x-100-cm-it","20":"pa_dimenzija-120-x-120-cm-it","21":"pa_dimenzija-160-x-160-cm-it","22":"pa_dimenzija-50-x-50-cm-it","23":"pa_dimenzija-60-x-60-cm-it","24":"pa_dimenzija-80-x-80-cm-it","25":"pa_oblika-quadrata","26":"pa_okvir-sensa-cornice","27":"pa_podokvir-no","28":"pa_podokvir-si","30":"first","31":"onbackorder","32":"purchasable","33":"product-type-variable","34":"has-default-attributes"},"acf":[],"yoast_head":"<!-- This site is optimized with the Yoast SEO Premium plugin v26.0 (Yoast SEO v27.2) - https:\/\/yoast.com\/product\/yoast-seo-premium-wordpress\/ -->\n<title>Quadri decorativi - Visione positiva del mondo - SVETSLIK.SI - Dipinto al 100% fatto a mano<\/title>\n<meta name=\"description\" content=\"Quadri decorativi - Visione positiva del mondo - Riproduzioni di quadri d&#039;arte al 100% dipinti a mano su tela. Cornici per quadri, vendita e realizzazione di dimensioni su ordinazione.\" \/>\n<meta name=\"robots\" content=\"index, follow, max-snippet:-1, max-image-preview:large, max-video-preview:-1\" \/>\n<link rel=\"canonical\" href=\"https:\/\/svetslik.si\/it\/quadri-moderni-un-pezzo\/quadri-decorativi-visione-positiva-del-mondo\/\" \/>\n<meta property=\"og:locale\" content=\"it_IT\" \/>\n<meta property=\"og:type\" content=\"article\" \/>\n<meta property=\"og:title\" content=\"Quadri decorativi - Visione positiva del mondo\" \/>\n<meta property=\"og:description\" content=\"100% ro\u010dno naslikane slike na platnu, reprodukcije znanih slikarjev in umetni\u0161ke slike po naro\u010dilu.\" \/>\n<meta property=\"og:url\" content=\"https:\/\/svetslik.si\/it\/quadri-moderni-un-pezzo\/quadri-decorativi-visione-positiva-del-mondo\/\" \/>\n<meta property=\"og:site_name\" content=\"SVETSLIK.SI\" \/>\n<meta property=\"article:publisher\" content=\"https:\/\/www.facebook.com\/svetslik.si\" \/>\n<meta property=\"article:modified_time\" content=\"2024-07-04T16:29:35+00:00\" \/>\n<meta property=\"og:image\" content=\"https:\/\/svetslik.si\/wp-content\/uploads\/2021\/08\/image_Dekorativna-slika-pozitiven-pogled-na-svet_680.jpg\" \/>\n\t<meta property=\"og:image:width\" content=\"680\" \/>\n\t<meta property=\"og:image:height\" content=\"680\" \/>\n\t<meta property=\"og:image:type\" content=\"image\/jpeg\" \/>\n<meta name=\"twitter:card\" content=\"summary_large_image\" \/>\n<meta name=\"twitter:site\" content=\"@svetslik\" \/>\n<meta name=\"twitter:label1\" content=\"Disponibilit\u00e0\" \/>\n\t<meta name=\"twitter:data1\" content=\"Su ordinazione\" \/>\n<script type=\"application\/ld+json\" class=\"yoast-schema-graph\">{\"@context\":\"https:\/\/schema.org\",\"@graph\":[{\"@type\":[\"WebPage\",\"ItemPage\"],\"@id\":\"https:\/\/svetslik.si\/it\/quadri-moderni-un-pezzo\/quadri-decorativi-visione-positiva-del-mondo\/\",\"url\":\"https:\/\/svetslik.si\/it\/quadri-moderni-un-pezzo\/quadri-decorativi-visione-positiva-del-mondo\/\",\"name\":\"Quadri decorativi - Visione positiva del mondo - SVETSLIK.SI - Dipinto al 100% fatto a mano\",\"isPartOf\":{\"@id\":\"https:\/\/svetslik.si\/it\/#website\"},\"primaryImageOfPage\":{\"@id\":\"https:\/\/svetslik.si\/it\/quadri-moderni-un-pezzo\/quadri-decorativi-visione-positiva-del-mondo\/#primaryimage\"},\"image\":{\"@id\":\"https:\/\/svetslik.si\/it\/quadri-moderni-un-pezzo\/quadri-decorativi-visione-positiva-del-mondo\/#primaryimage\"},\"thumbnailUrl\":\"https:\/\/svetslik.si\/wp-content\/uploads\/2021\/08\/image_Dekorativna-slika-pozitiven-pogled-na-svet_680.jpg\",\"datePublished\":\"2021-09-02T17:08:53+00:00\",\"dateModified\":\"2024-07-04T16:29:35+00:00\",\"description\":\"Quadri decorativi - Visione positiva del mondo - Riproduzioni di quadri d'arte al 100% dipinti a mano su tela. Cornici per quadri, vendita e realizzazione di dimensioni su ordinazione.\",\"breadcrumb\":{\"@id\":\"https:\/\/svetslik.si\/it\/quadri-moderni-un-pezzo\/quadri-decorativi-visione-positiva-del-mondo\/#breadcrumb\"},\"inLanguage\":\"it-IT\",\"potentialAction\":[{\"@type\":\"ReadAction\",\"target\":[\"https:\/\/svetslik.si\/it\/quadri-moderni-un-pezzo\/quadri-decorativi-visione-positiva-del-mondo\/\"]}]},{\"@type\":\"ImageObject\",\"inLanguage\":\"it-IT\",\"@id\":\"https:\/\/svetslik.si\/it\/quadri-moderni-un-pezzo\/quadri-decorativi-visione-positiva-del-mondo\/#primaryimage\",\"url\":\"https:\/\/svetslik.si\/wp-content\/uploads\/2021\/08\/image_Dekorativna-slika-pozitiven-pogled-na-svet_680.jpg\",\"contentUrl\":\"https:\/\/svetslik.si\/wp-content\/uploads\/2021\/08\/image_Dekorativna-slika-pozitiven-pogled-na-svet_680.jpg\",\"width\":680,\"height\":680,\"caption\":\"Quadri moderni - Quadro decorativo Visione positiva del mondo\"},{\"@type\":\"BreadcrumbList\",\"@id\":\"https:\/\/svetslik.si\/it\/quadri-moderni-un-pezzo\/quadri-decorativi-visione-positiva-del-mondo\/#breadcrumb\",\"itemListElement\":[{\"@type\":\"ListItem\",\"position\":1,\"name\":\"Fali m\u0171v\u00e9szet \u00e9s festm\u00e9nyek v\u00e1szonra\",\"item\":\"https:\/\/svetslik.si\/it\/\"},{\"@type\":\"ListItem\",\"position\":2,\"name\":\"Vendita di dipinti\",\"item\":\"https:\/\/svetslik.si\/prodaja-slik\/\"},{\"@type\":\"ListItem\",\"position\":3,\"name\":\"Quadri decorativi &#8211; Visione positiva del mondo\"}]},{\"@type\":\"WebSite\",\"@id\":\"https:\/\/svetslik.si\/it\/#website\",\"url\":\"https:\/\/svetslik.si\/it\/\",\"name\":\"SVETSLIK.SI\",\"description\":\"100% riproduzioni dipinte a mano di quadri di pittori famosi e dipinti su tela.\",\"publisher\":{\"@id\":\"https:\/\/svetslik.si\/it\/#organization\"},\"potentialAction\":[{\"@type\":\"SearchAction\",\"target\":{\"@type\":\"EntryPoint\",\"urlTemplate\":\"https:\/\/svetslik.si\/it\/?s={search_term_string}\"},\"query-input\":{\"@type\":\"PropertyValueSpecification\",\"valueRequired\":true,\"valueName\":\"search_term_string\"}}],\"inLanguage\":\"it-IT\"},{\"@type\":\"Organization\",\"@id\":\"https:\/\/svetslik.si\/it\/#organization\",\"name\":\"SvetSlik.si\",\"url\":\"https:\/\/svetslik.si\/it\/\",\"logo\":{\"@type\":\"ImageObject\",\"inLanguage\":\"it-IT\",\"@id\":\"https:\/\/svetslik.si\/it\/#\/schema\/logo\/image\/\",\"url\":\"https:\/\/svetslik.si\/wp-content\/uploads\/2020\/12\/logo-512.png\",\"contentUrl\":\"https:\/\/svetslik.si\/wp-content\/uploads\/2020\/12\/logo-512.png\",\"width\":512,\"height\":512,\"caption\":\"SvetSlik.si\"},\"image\":{\"@id\":\"https:\/\/svetslik.si\/it\/#\/schema\/logo\/image\/\"},\"sameAs\":[\"https:\/\/www.facebook.com\/svetslik.si\",\"https:\/\/x.com\/svetslik\",\"https:\/\/www.instagram.com\/svetslik.si\/\",\"https:\/\/www.linkedin.com\/company\/svetslik-si\"]}]}<\/script>\n<meta property=\"og:availability\" content=\"backorder\" \/>\n<meta property=\"product:availability\" content=\"available for order\" \/>\n<meta property=\"product:retailer_item_id\" content=\"977__\" \/>\n<meta property=\"product:condition\" content=\"new\" \/>\n<!-- \/ Yoast SEO Premium plugin. -->","yoast_head_json":{"title":"Quadri decorativi - Visione positiva del mondo - SVETSLIK.SI - Dipinto al 100% fatto a mano","description":"Quadri decorativi - Visione positiva del mondo - Riproduzioni di quadri d'arte al 100% dipinti a mano su tela. Cornici per quadri, vendita e realizzazione di dimensioni su ordinazione.","robots":{"index":"index","follow":"follow","max-snippet":"max-snippet:-1","max-image-preview":"max-image-preview:large","max-video-preview":"max-video-preview:-1"},"canonical":"https:\/\/svetslik.si\/it\/quadri-moderni-un-pezzo\/quadri-decorativi-visione-positiva-del-mondo\/","og_locale":"it_IT","og_type":"article","og_title":"Quadri decorativi - Visione positiva del mondo","og_description":"100% ro\u010dno naslikane slike na platnu, reprodukcije znanih slikarjev in umetni\u0161ke slike po naro\u010dilu.","og_url":"https:\/\/svetslik.si\/it\/quadri-moderni-un-pezzo\/quadri-decorativi-visione-positiva-del-mondo\/","og_site_name":"SVETSLIK.SI","article_publisher":"https:\/\/www.facebook.com\/svetslik.si","article_modified_time":"2024-07-04T16:29:35+00:00","og_image":[{"width":680,"height":680,"url":"https:\/\/svetslik.si\/wp-content\/uploads\/2021\/08\/image_Dekorativna-slika-pozitiven-pogled-na-svet_680.jpg","type":"image\/jpeg"}],"twitter_card":"summary_large_image","twitter_site":"@svetslik","twitter_misc":{"Disponibilit\u00e0":"Su ordinazione"},"schema":{"@context":"https:\/\/schema.org","@graph":[{"@type":["WebPage","ItemPage"],"@id":"https:\/\/svetslik.si\/it\/quadri-moderni-un-pezzo\/quadri-decorativi-visione-positiva-del-mondo\/","url":"https:\/\/svetslik.si\/it\/quadri-moderni-un-pezzo\/quadri-decorativi-visione-positiva-del-mondo\/","name":"Quadri decorativi - Visione positiva del mondo - SVETSLIK.SI - Dipinto al 100% fatto a mano","isPartOf":{"@id":"https:\/\/svetslik.si\/it\/#website"},"primaryImageOfPage":{"@id":"https:\/\/svetslik.si\/it\/quadri-moderni-un-pezzo\/quadri-decorativi-visione-positiva-del-mondo\/#primaryimage"},"image":{"@id":"https:\/\/svetslik.si\/it\/quadri-moderni-un-pezzo\/quadri-decorativi-visione-positiva-del-mondo\/#primaryimage"},"thumbnailUrl":"https:\/\/svetslik.si\/wp-content\/uploads\/2021\/08\/image_Dekorativna-slika-pozitiven-pogled-na-svet_680.jpg","datePublished":"2021-09-02T17:08:53+00:00","dateModified":"2024-07-04T16:29:35+00:00","description":"Quadri decorativi - Visione positiva del mondo - Riproduzioni di quadri d'arte al 100% dipinti a mano su tela. Cornici per quadri, vendita e realizzazione di dimensioni su ordinazione.","breadcrumb":{"@id":"https:\/\/svetslik.si\/it\/quadri-moderni-un-pezzo\/quadri-decorativi-visione-positiva-del-mondo\/#breadcrumb"},"inLanguage":"it-IT","potentialAction":[{"@type":"ReadAction","target":["https:\/\/svetslik.si\/it\/quadri-moderni-un-pezzo\/quadri-decorativi-visione-positiva-del-mondo\/"]}]},{"@type":"ImageObject","inLanguage":"it-IT","@id":"https:\/\/svetslik.si\/it\/quadri-moderni-un-pezzo\/quadri-decorativi-visione-positiva-del-mondo\/#primaryimage","url":"https:\/\/svetslik.si\/wp-content\/uploads\/2021\/08\/image_Dekorativna-slika-pozitiven-pogled-na-svet_680.jpg","contentUrl":"https:\/\/svetslik.si\/wp-content\/uploads\/2021\/08\/image_Dekorativna-slika-pozitiven-pogled-na-svet_680.jpg","width":680,"height":680,"caption":"Quadri moderni - Quadro decorativo Visione positiva del mondo"},{"@type":"BreadcrumbList","@id":"https:\/\/svetslik.si\/it\/quadri-moderni-un-pezzo\/quadri-decorativi-visione-positiva-del-mondo\/#breadcrumb","itemListElement":[{"@type":"ListItem","position":1,"name":"Fali m\u0171v\u00e9szet \u00e9s festm\u00e9nyek v\u00e1szonra","item":"https:\/\/svetslik.si\/it\/"},{"@type":"ListItem","position":2,"name":"Vendita di dipinti","item":"https:\/\/svetslik.si\/prodaja-slik\/"},{"@type":"ListItem","position":3,"name":"Quadri decorativi &#8211; Visione positiva del mondo"}]},{"@type":"WebSite","@id":"https:\/\/svetslik.si\/it\/#website","url":"https:\/\/svetslik.si\/it\/","name":"SVETSLIK.SI","description":"100% riproduzioni dipinte a mano di quadri di pittori famosi e dipinti su tela.","publisher":{"@id":"https:\/\/svetslik.si\/it\/#organization"},"potentialAction":[{"@type":"SearchAction","target":{"@type":"EntryPoint","urlTemplate":"https:\/\/svetslik.si\/it\/?s={search_term_string}"},"query-input":{"@type":"PropertyValueSpecification","valueRequired":true,"valueName":"search_term_string"}}],"inLanguage":"it-IT"},{"@type":"Organization","@id":"https:\/\/svetslik.si\/it\/#organization","name":"SvetSlik.si","url":"https:\/\/svetslik.si\/it\/","logo":{"@type":"ImageObject","inLanguage":"it-IT","@id":"https:\/\/svetslik.si\/it\/#\/schema\/logo\/image\/","url":"https:\/\/svetslik.si\/wp-content\/uploads\/2020\/12\/logo-512.png","contentUrl":"https:\/\/svetslik.si\/wp-content\/uploads\/2020\/12\/logo-512.png","width":512,"height":512,"caption":"SvetSlik.si"},"image":{"@id":"https:\/\/svetslik.si\/it\/#\/schema\/logo\/image\/"},"sameAs":["https:\/\/www.facebook.com\/svetslik.si","https:\/\/x.com\/svetslik","https:\/\/www.instagram.com\/svetslik.si\/","https:\/\/www.linkedin.com\/company\/svetslik-si"]}]},"og_availability":"backorder","product_availability":"available for order","product_retailer_item_id":"977__","product_condition":"new"},"jetpack_sharing_enabled":true,"_links":{"self":[{"href":"https:\/\/svetslik.si\/it\/wp-json\/wp\/v2\/product\/44511","targetHints":{"allow":["GET"]}}],"collection":[{"href":"https:\/\/svetslik.si\/it\/wp-json\/wp\/v2\/product"}],"about":[{"href":"https:\/\/svetslik.si\/it\/wp-json\/wp\/v2\/types\/product"}],"wp:featuredmedia":[{"embeddable":true,"href":"https:\/\/svetslik.si\/it\/wp-json\/wp\/v2\/media\/35077"}],"wp:attachment":[{"href":"https:\/\/svetslik.si\/it\/wp-json\/wp\/v2\/media?parent=44511"}],"wp:term":[{"taxonomy":"product_brand","embeddable":true,"href":"https:\/\/svetslik.si\/it\/wp-json\/wp\/v2\/product_brand?post=44511"},{"taxonomy":"product_cat","embeddable":true,"href":"https:\/\/svetslik.si\/it\/wp-json\/wp\/v2\/product_cat?post=44511"},{"taxonomy":"product_tag","embeddable":true,"href":"https:\/\/svetslik.si\/it\/wp-json\/wp\/v2\/product_tag?post=44511"}],"curies":[{"name":"wp","href":"https:\/\/api.w.org\/{rel}","templated":true}]}}