{"id":44539,"date":"2021-09-02T19:09:20","date_gmt":"2021-09-02T17:09:20","guid":{"rendered":"https:\/\/svetslik.si\/senza-categoria\/moderna-slika-zelen-in-zlat-list\/"},"modified":"2026-03-22T14:48:42","modified_gmt":"2026-03-22T13:48:42","slug":"quadri-moderni-foglia-verde-e-dorata","status":"publish","type":"product","link":"https:\/\/svetslik.si\/it\/quadri-moderni-due-parti\/quadri-moderni-foglia-verde-e-dorata\/","title":{"rendered":"Quadri moderni &#8211; Foglia verde e dorata"},"content":{"rendered":"<p>Dimensione complessiva del quadro d&#8217;arte:<br \/>\n60 cm x 70 cm (2 x 30 x 70)<br \/>\n80 cm x 90 cm (2 x 40 x 90)<br \/>\n100 cm x 110 cm (2 x 50 x 110)<br \/>\n120 cm x 140 cm (2 x 60 x 140)<\/p>\n","protected":false},"excerpt":{"rendered":"<p>Dimensione complessiva del quadro d&#8217;arte: 60 cm x 70 cm (2 x 30 x 70) 80 cm x 90 cm (2 x 40 x 90) 100 cm x 110 cm (2 x 50 x 110) 120 cm x 140 cm (2 x 60 x 140)<\/p>\n","protected":false},"featured_media":34906,"template":"","meta":{"_acf_changed":false},"product_brand":[],"product_cat":[4191],"product_tag":[4208,4217,4254,4230,4267,4262,4257,4255],"class_list":{"0":"post-44539","1":"product","2":"type-product","3":"status-publish","4":"has-post-thumbnail","6":"product_cat-quadri-moderni-due-parti","7":"product_tag-quadri-astratti-it","8":"product_tag-quadri-in-due-parti","9":"product_tag-quadri-moderni-it","10":"product_tag-quadri-moderni","11":"product_tag-quadri-multiparte","12":"product_tag-quadri-murali","13":"product_tag-quadri-per-il-soggiorno","14":"product_tag-quadri-per-soggiorno","15":"pa_dimenzija-100-x-110-cm","16":"pa_dimenzija-120-x-140-cm","17":"pa_dimenzija-60-x-70-cm","18":"pa_dimenzija-80-x-90-cm","19":"pa_oblika-verticale","20":"pa_pod-okvir-incluso-nel-prezzo","21":"pa_podokvir-no","22":"pa_podokvir-si","24":"first","25":"onbackorder","26":"purchasable","27":"product-type-variable","28":"has-default-attributes"},"acf":[],"yoast_head":"<!-- This site is optimized with the Yoast SEO Premium plugin v26.0 (Yoast SEO v27.2) - https:\/\/yoast.com\/product\/yoast-seo-premium-wordpress\/ -->\n<title>Quadri moderni - Foglia verde e dorata - SVETSLIK.SI - Dipinto al 100% fatto a mano<\/title>\n<meta name=\"description\" content=\"Quadri moderni - Foglia verde e dorata - Riproduzioni di quadri d&#039;arte al 100% dipinti a mano su tela. Cornici per quadri, vendita e realizzazione di dimensioni su ordinazione.\" \/>\n<meta name=\"robots\" content=\"index, follow, max-snippet:-1, max-image-preview:large, max-video-preview:-1\" \/>\n<link rel=\"canonical\" href=\"https:\/\/svetslik.si\/it\/quadri-moderni-due-parti\/quadri-moderni-foglia-verde-e-dorata\/\" \/>\n<meta property=\"og:locale\" content=\"it_IT\" \/>\n<meta property=\"og:type\" content=\"article\" \/>\n<meta property=\"og:title\" content=\"Quadri moderni - Foglia verde e dorata\" \/>\n<meta property=\"og:description\" content=\"100% ro\u010dno naslikane slike na platnu, reprodukcije znanih slikarjev in umetni\u0161ke slike po naro\u010dilu.\" \/>\n<meta property=\"og:url\" content=\"https:\/\/svetslik.si\/it\/quadri-moderni-due-parti\/quadri-moderni-foglia-verde-e-dorata\/\" \/>\n<meta property=\"og:site_name\" content=\"SVETSLIK.SI\" \/>\n<meta property=\"article:publisher\" content=\"https:\/\/www.facebook.com\/svetslik.si\" \/>\n<meta property=\"article:modified_time\" content=\"2026-03-22T13:48:42+00:00\" \/>\n<meta property=\"og:image\" content=\"https:\/\/svetslik.si\/wp-content\/uploads\/2021\/08\/image_Ambientalna-slika-zelen-in-zlat-list-moderna-stenska-slika_680.png\" \/>\n\t<meta property=\"og:image:width\" content=\"594\" \/>\n\t<meta property=\"og:image:height\" content=\"680\" \/>\n\t<meta property=\"og:image:type\" content=\"image\/png\" \/>\n<meta name=\"twitter:card\" content=\"summary_large_image\" \/>\n<meta name=\"twitter:site\" content=\"@svetslik\" \/>\n<meta name=\"twitter:label1\" content=\"Disponibilit\u00e0\" \/>\n\t<meta name=\"twitter:data1\" content=\"Su ordinazione\" \/>\n<script type=\"application\/ld+json\" class=\"yoast-schema-graph\">{\"@context\":\"https:\/\/schema.org\",\"@graph\":[{\"@type\":[\"WebPage\",\"ItemPage\"],\"@id\":\"https:\/\/svetslik.si\/it\/quadri-moderni-due-parti\/quadri-moderni-foglia-verde-e-dorata\/\",\"url\":\"https:\/\/svetslik.si\/it\/quadri-moderni-due-parti\/quadri-moderni-foglia-verde-e-dorata\/\",\"name\":\"Quadri moderni - Foglia verde e dorata - SVETSLIK.SI - Dipinto al 100% fatto a mano\",\"isPartOf\":{\"@id\":\"https:\/\/svetslik.si\/it\/#website\"},\"primaryImageOfPage\":{\"@id\":\"https:\/\/svetslik.si\/it\/quadri-moderni-due-parti\/quadri-moderni-foglia-verde-e-dorata\/#primaryimage\"},\"image\":{\"@id\":\"https:\/\/svetslik.si\/it\/quadri-moderni-due-parti\/quadri-moderni-foglia-verde-e-dorata\/#primaryimage\"},\"thumbnailUrl\":\"https:\/\/svetslik.si\/wp-content\/uploads\/2021\/08\/image_Ambientalna-slika-zelen-in-zlat-list-moderna-stenska-slika_680.png\",\"datePublished\":\"2021-09-02T17:09:20+00:00\",\"dateModified\":\"2026-03-22T13:48:42+00:00\",\"description\":\"Quadri moderni - Foglia verde e dorata - Riproduzioni di quadri d'arte al 100% dipinti a mano su tela. Cornici per quadri, vendita e realizzazione di dimensioni su ordinazione.\",\"breadcrumb\":{\"@id\":\"https:\/\/svetslik.si\/it\/quadri-moderni-due-parti\/quadri-moderni-foglia-verde-e-dorata\/#breadcrumb\"},\"inLanguage\":\"it-IT\",\"potentialAction\":[{\"@type\":\"ReadAction\",\"target\":[\"https:\/\/svetslik.si\/it\/quadri-moderni-due-parti\/quadri-moderni-foglia-verde-e-dorata\/\"]}]},{\"@type\":\"ImageObject\",\"inLanguage\":\"it-IT\",\"@id\":\"https:\/\/svetslik.si\/it\/quadri-moderni-due-parti\/quadri-moderni-foglia-verde-e-dorata\/#primaryimage\",\"url\":\"https:\/\/svetslik.si\/wp-content\/uploads\/2021\/08\/image_Ambientalna-slika-zelen-in-zlat-list-moderna-stenska-slika_680.png\",\"contentUrl\":\"https:\/\/svetslik.si\/wp-content\/uploads\/2021\/08\/image_Ambientalna-slika-zelen-in-zlat-list-moderna-stenska-slika_680.png\",\"width\":594,\"height\":680,\"caption\":\"Quadri moderni - Dipinto moderno Foglia verde e dorata\"},{\"@type\":\"BreadcrumbList\",\"@id\":\"https:\/\/svetslik.si\/it\/quadri-moderni-due-parti\/quadri-moderni-foglia-verde-e-dorata\/#breadcrumb\",\"itemListElement\":[{\"@type\":\"ListItem\",\"position\":1,\"name\":\"Fali m\u0171v\u00e9szet \u00e9s festm\u00e9nyek v\u00e1szonra\",\"item\":\"https:\/\/svetslik.si\/it\/\"},{\"@type\":\"ListItem\",\"position\":2,\"name\":\"Vendita di dipinti\",\"item\":\"https:\/\/svetslik.si\/prodaja-slik\/\"},{\"@type\":\"ListItem\",\"position\":3,\"name\":\"Quadri moderni &#8211; Foglia verde e dorata\"}]},{\"@type\":\"WebSite\",\"@id\":\"https:\/\/svetslik.si\/it\/#website\",\"url\":\"https:\/\/svetslik.si\/it\/\",\"name\":\"SVETSLIK.SI\",\"description\":\"100% riproduzioni dipinte a mano di quadri di pittori famosi e dipinti su tela.\",\"publisher\":{\"@id\":\"https:\/\/svetslik.si\/it\/#organization\"},\"potentialAction\":[{\"@type\":\"SearchAction\",\"target\":{\"@type\":\"EntryPoint\",\"urlTemplate\":\"https:\/\/svetslik.si\/it\/?s={search_term_string}\"},\"query-input\":{\"@type\":\"PropertyValueSpecification\",\"valueRequired\":true,\"valueName\":\"search_term_string\"}}],\"inLanguage\":\"it-IT\"},{\"@type\":\"Organization\",\"@id\":\"https:\/\/svetslik.si\/it\/#organization\",\"name\":\"SvetSlik.si\",\"url\":\"https:\/\/svetslik.si\/it\/\",\"logo\":{\"@type\":\"ImageObject\",\"inLanguage\":\"it-IT\",\"@id\":\"https:\/\/svetslik.si\/it\/#\/schema\/logo\/image\/\",\"url\":\"https:\/\/svetslik.si\/wp-content\/uploads\/2020\/12\/logo-512.png\",\"contentUrl\":\"https:\/\/svetslik.si\/wp-content\/uploads\/2020\/12\/logo-512.png\",\"width\":512,\"height\":512,\"caption\":\"SvetSlik.si\"},\"image\":{\"@id\":\"https:\/\/svetslik.si\/it\/#\/schema\/logo\/image\/\"},\"sameAs\":[\"https:\/\/www.facebook.com\/svetslik.si\",\"https:\/\/x.com\/svetslik\",\"https:\/\/www.instagram.com\/svetslik.si\/\",\"https:\/\/www.linkedin.com\/company\/svetslik-si\"]}]}<\/script>\n<meta property=\"og:availability\" content=\"backorder\" \/>\n<meta property=\"product:availability\" content=\"available for order\" \/>\n<meta property=\"product:retailer_item_id\" content=\"983__\" \/>\n<meta property=\"product:condition\" content=\"new\" \/>\n<!-- \/ Yoast SEO Premium plugin. -->","yoast_head_json":{"title":"Quadri moderni - Foglia verde e dorata - SVETSLIK.SI - Dipinto al 100% fatto a mano","description":"Quadri moderni - Foglia verde e dorata - Riproduzioni di quadri d'arte al 100% dipinti a mano su tela. Cornici per quadri, vendita e realizzazione di dimensioni su ordinazione.","robots":{"index":"index","follow":"follow","max-snippet":"max-snippet:-1","max-image-preview":"max-image-preview:large","max-video-preview":"max-video-preview:-1"},"canonical":"https:\/\/svetslik.si\/it\/quadri-moderni-due-parti\/quadri-moderni-foglia-verde-e-dorata\/","og_locale":"it_IT","og_type":"article","og_title":"Quadri moderni - Foglia verde e dorata","og_description":"100% ro\u010dno naslikane slike na platnu, reprodukcije znanih slikarjev in umetni\u0161ke slike po naro\u010dilu.","og_url":"https:\/\/svetslik.si\/it\/quadri-moderni-due-parti\/quadri-moderni-foglia-verde-e-dorata\/","og_site_name":"SVETSLIK.SI","article_publisher":"https:\/\/www.facebook.com\/svetslik.si","article_modified_time":"2026-03-22T13:48:42+00:00","og_image":[{"width":594,"height":680,"url":"https:\/\/svetslik.si\/wp-content\/uploads\/2021\/08\/image_Ambientalna-slika-zelen-in-zlat-list-moderna-stenska-slika_680.png","type":"image\/png"}],"twitter_card":"summary_large_image","twitter_site":"@svetslik","twitter_misc":{"Disponibilit\u00e0":"Su ordinazione"},"schema":{"@context":"https:\/\/schema.org","@graph":[{"@type":["WebPage","ItemPage"],"@id":"https:\/\/svetslik.si\/it\/quadri-moderni-due-parti\/quadri-moderni-foglia-verde-e-dorata\/","url":"https:\/\/svetslik.si\/it\/quadri-moderni-due-parti\/quadri-moderni-foglia-verde-e-dorata\/","name":"Quadri moderni - Foglia verde e dorata - SVETSLIK.SI - Dipinto al 100% fatto a mano","isPartOf":{"@id":"https:\/\/svetslik.si\/it\/#website"},"primaryImageOfPage":{"@id":"https:\/\/svetslik.si\/it\/quadri-moderni-due-parti\/quadri-moderni-foglia-verde-e-dorata\/#primaryimage"},"image":{"@id":"https:\/\/svetslik.si\/it\/quadri-moderni-due-parti\/quadri-moderni-foglia-verde-e-dorata\/#primaryimage"},"thumbnailUrl":"https:\/\/svetslik.si\/wp-content\/uploads\/2021\/08\/image_Ambientalna-slika-zelen-in-zlat-list-moderna-stenska-slika_680.png","datePublished":"2021-09-02T17:09:20+00:00","dateModified":"2026-03-22T13:48:42+00:00","description":"Quadri moderni - Foglia verde e dorata - Riproduzioni di quadri d'arte al 100% dipinti a mano su tela. Cornici per quadri, vendita e realizzazione di dimensioni su ordinazione.","breadcrumb":{"@id":"https:\/\/svetslik.si\/it\/quadri-moderni-due-parti\/quadri-moderni-foglia-verde-e-dorata\/#breadcrumb"},"inLanguage":"it-IT","potentialAction":[{"@type":"ReadAction","target":["https:\/\/svetslik.si\/it\/quadri-moderni-due-parti\/quadri-moderni-foglia-verde-e-dorata\/"]}]},{"@type":"ImageObject","inLanguage":"it-IT","@id":"https:\/\/svetslik.si\/it\/quadri-moderni-due-parti\/quadri-moderni-foglia-verde-e-dorata\/#primaryimage","url":"https:\/\/svetslik.si\/wp-content\/uploads\/2021\/08\/image_Ambientalna-slika-zelen-in-zlat-list-moderna-stenska-slika_680.png","contentUrl":"https:\/\/svetslik.si\/wp-content\/uploads\/2021\/08\/image_Ambientalna-slika-zelen-in-zlat-list-moderna-stenska-slika_680.png","width":594,"height":680,"caption":"Quadri moderni - Dipinto moderno Foglia verde e dorata"},{"@type":"BreadcrumbList","@id":"https:\/\/svetslik.si\/it\/quadri-moderni-due-parti\/quadri-moderni-foglia-verde-e-dorata\/#breadcrumb","itemListElement":[{"@type":"ListItem","position":1,"name":"Fali m\u0171v\u00e9szet \u00e9s festm\u00e9nyek v\u00e1szonra","item":"https:\/\/svetslik.si\/it\/"},{"@type":"ListItem","position":2,"name":"Vendita di dipinti","item":"https:\/\/svetslik.si\/prodaja-slik\/"},{"@type":"ListItem","position":3,"name":"Quadri moderni &#8211; Foglia verde e dorata"}]},{"@type":"WebSite","@id":"https:\/\/svetslik.si\/it\/#website","url":"https:\/\/svetslik.si\/it\/","name":"SVETSLIK.SI","description":"100% riproduzioni dipinte a mano di quadri di pittori famosi e dipinti su tela.","publisher":{"@id":"https:\/\/svetslik.si\/it\/#organization"},"potentialAction":[{"@type":"SearchAction","target":{"@type":"EntryPoint","urlTemplate":"https:\/\/svetslik.si\/it\/?s={search_term_string}"},"query-input":{"@type":"PropertyValueSpecification","valueRequired":true,"valueName":"search_term_string"}}],"inLanguage":"it-IT"},{"@type":"Organization","@id":"https:\/\/svetslik.si\/it\/#organization","name":"SvetSlik.si","url":"https:\/\/svetslik.si\/it\/","logo":{"@type":"ImageObject","inLanguage":"it-IT","@id":"https:\/\/svetslik.si\/it\/#\/schema\/logo\/image\/","url":"https:\/\/svetslik.si\/wp-content\/uploads\/2020\/12\/logo-512.png","contentUrl":"https:\/\/svetslik.si\/wp-content\/uploads\/2020\/12\/logo-512.png","width":512,"height":512,"caption":"SvetSlik.si"},"image":{"@id":"https:\/\/svetslik.si\/it\/#\/schema\/logo\/image\/"},"sameAs":["https:\/\/www.facebook.com\/svetslik.si","https:\/\/x.com\/svetslik","https:\/\/www.instagram.com\/svetslik.si\/","https:\/\/www.linkedin.com\/company\/svetslik-si"]}]},"og_availability":"backorder","product_availability":"available for order","product_retailer_item_id":"983__","product_condition":"new"},"jetpack_sharing_enabled":true,"_links":{"self":[{"href":"https:\/\/svetslik.si\/it\/wp-json\/wp\/v2\/product\/44539","targetHints":{"allow":["GET"]}}],"collection":[{"href":"https:\/\/svetslik.si\/it\/wp-json\/wp\/v2\/product"}],"about":[{"href":"https:\/\/svetslik.si\/it\/wp-json\/wp\/v2\/types\/product"}],"wp:featuredmedia":[{"embeddable":true,"href":"https:\/\/svetslik.si\/it\/wp-json\/wp\/v2\/media\/34906"}],"wp:attachment":[{"href":"https:\/\/svetslik.si\/it\/wp-json\/wp\/v2\/media?parent=44539"}],"wp:term":[{"taxonomy":"product_brand","embeddable":true,"href":"https:\/\/svetslik.si\/it\/wp-json\/wp\/v2\/product_brand?post=44539"},{"taxonomy":"product_cat","embeddable":true,"href":"https:\/\/svetslik.si\/it\/wp-json\/wp\/v2\/product_cat?post=44539"},{"taxonomy":"product_tag","embeddable":true,"href":"https:\/\/svetslik.si\/it\/wp-json\/wp\/v2\/product_tag?post=44539"}],"curies":[{"name":"wp","href":"https:\/\/api.w.org\/{rel}","templated":true}]}}