{"id":44788,"date":"2021-09-02T19:16:13","date_gmt":"2021-09-02T17:16:13","guid":{"rendered":"https:\/\/svetslik.si\/senza-categoria\/moderna-slika-valovi\/"},"modified":"2026-03-22T14:51:46","modified_gmt":"2026-03-22T13:51:46","slug":"quadri-moderni-onde","status":"publish","type":"product","link":"https:\/\/svetslik.si\/it\/quadri-moderni-multiparti\/quadri-moderni-onde\/","title":{"rendered":"Quadri moderni &#8211; Onde"},"content":{"rendered":"<div class=\"wpb-content-wrapper\">[vc_row][vc_column][vc_column_text]\nDimensione complessiva del quadro d&#8217;arte:<br \/>\n160 x 60 cm = 4 x 40 x 60 cm<\/p>\n[\/vc_column_text][\/vc_column][\/vc_row][vc_row css=&#8221;.vc_custom_1641474815896{margin-bottom: 10px !important;}&#8221;][vc_column]\t<div class=\"et-image-984 et-image  full   et_image_link\">\n\t\t<div class=\"et-image-inner \">\n\t\t\t\t\t\t\t<a  class=\"mfp-image et-lightbox\" data-mfp-type=\"image\" data-mfp-src=\"https:\/\/svetslik.si\/wp-content\/uploads\/2021\/09\/moderna-vecdelna-umetniska-stenska-slika-na-platnu-valovi-scaled.jpg\"  title=\"Quadro moderno d&#8217;arte su tela a pi\u00f9 pannelli &#8211; Onde\">\n\t\t\t\t\t\t\t<div class=\"et-image-thumb \">\n\t\t\t\t\t<img decoding=\"async\" width=\"2560\" height=\"1011\" src=\"https:\/\/svetslik.si\/wp-content\/uploads\/2021\/09\/moderna-vecdelna-umetniska-stenska-slika-na-platnu-valovi-scaled.jpg\" class=\"attachment-full\" alt=\"Quadro moderno d&#039;arte su tela a pi\u00f9 pannelli - Onde\" title=\"Quadro moderno d&#039;arte su tela a pi\u00f9 pannelli - Onde\" srcset=\"https:\/\/svetslik.si\/wp-content\/uploads\/2021\/09\/moderna-vecdelna-umetniska-stenska-slika-na-platnu-valovi-scaled.jpg 2560w, https:\/\/svetslik.si\/wp-content\/uploads\/2021\/09\/moderna-vecdelna-umetniska-stenska-slika-na-platnu-valovi-600x237.jpg 600w, https:\/\/svetslik.si\/wp-content\/uploads\/2021\/09\/moderna-vecdelna-umetniska-stenska-slika-na-platnu-valovi-scaled-1200x474.jpg 1200w, https:\/\/svetslik.si\/wp-content\/uploads\/2021\/09\/moderna-vecdelna-umetniska-stenska-slika-na-platnu-valovi-300x118.jpg 300w, https:\/\/svetslik.si\/wp-content\/uploads\/2021\/09\/moderna-vecdelna-umetniska-stenska-slika-na-platnu-valovi-1024x404.jpg 1024w, https:\/\/svetslik.si\/wp-content\/uploads\/2021\/09\/moderna-vecdelna-umetniska-stenska-slika-na-platnu-valovi-768x303.jpg 768w, https:\/\/svetslik.si\/wp-content\/uploads\/2021\/09\/moderna-vecdelna-umetniska-stenska-slika-na-platnu-valovi-1536x606.jpg 1536w, https:\/\/svetslik.si\/wp-content\/uploads\/2021\/09\/moderna-vecdelna-umetniska-stenska-slika-na-platnu-valovi-2048x808.jpg 2048w, https:\/\/svetslik.si\/wp-content\/uploads\/2021\/09\/moderna-vecdelna-umetniska-stenska-slika-na-platnu-valovi-150x59.jpg 150w, https:\/\/svetslik.si\/wp-content\/uploads\/2021\/09\/moderna-vecdelna-umetniska-stenska-slika-na-platnu-valovi-1320x521.jpg 1320w, https:\/\/svetslik.si\/wp-content\/uploads\/2021\/09\/moderna-vecdelna-umetniska-stenska-slika-na-platnu-valovi-900x355.jpg 900w\" sizes=\"(max-width: 2560px) 100vw, 2560px\" \/>\t\t\t\t<\/div>\n\t\t\t\t\t\t\t<\/a>\n\t\t\t\t\t\t\t\t\t\t\t<\/div>\n\t<\/div>\n  [\/vc_column][\/vc_row][vc_row css=&#8221;.vc_custom_1641474815896{margin-bottom: 10px !important;}&#8221;][vc_column]\t<div class=\"et-image-49 et-image  full   et_image_link\">\n\t\t<div class=\"et-image-inner \">\n\t\t\t\t\t\t\t<a  class=\"mfp-image et-lightbox\" data-mfp-type=\"image\" data-mfp-src=\"https:\/\/svetslik.si\/wp-content\/uploads\/2021\/09\/20220106_105855-scaled.jpg\"  title=\"Quadri moderni &#8211; Onde\">\n\t\t\t\t\t\t\t<div class=\"et-image-thumb \">\n\t\t\t\t\t<img decoding=\"async\" width=\"2560\" height=\"1441\" src=\"https:\/\/svetslik.si\/wp-content\/uploads\/2021\/09\/20220106_105855-scaled.jpg\" class=\"attachment-full\" alt=\"Quadri moderni - Onde\" title=\"Quadri moderni - Onde\" srcset=\"https:\/\/svetslik.si\/wp-content\/uploads\/2021\/09\/20220106_105855-scaled.jpg 2560w, https:\/\/svetslik.si\/wp-content\/uploads\/2021\/09\/20220106_105855-600x338.jpg 600w, https:\/\/svetslik.si\/wp-content\/uploads\/2021\/09\/20220106_105855-scaled-1200x675.jpg 1200w, https:\/\/svetslik.si\/wp-content\/uploads\/2021\/09\/20220106_105855-300x169.jpg 300w, https:\/\/svetslik.si\/wp-content\/uploads\/2021\/09\/20220106_105855-1024x577.jpg 1024w, https:\/\/svetslik.si\/wp-content\/uploads\/2021\/09\/20220106_105855-768x432.jpg 768w, https:\/\/svetslik.si\/wp-content\/uploads\/2021\/09\/20220106_105855-1536x865.jpg 1536w, https:\/\/svetslik.si\/wp-content\/uploads\/2021\/09\/20220106_105855-2048x1153.jpg 2048w, https:\/\/svetslik.si\/wp-content\/uploads\/2021\/09\/20220106_105855-150x84.jpg 150w, https:\/\/svetslik.si\/wp-content\/uploads\/2021\/09\/20220106_105855-1320x743.jpg 1320w, https:\/\/svetslik.si\/wp-content\/uploads\/2021\/09\/20220106_105855-900x507.jpg 900w\" sizes=\"(max-width: 2560px) 100vw, 2560px\" \/>\t\t\t\t<\/div>\n\t\t\t\t\t\t\t<\/a>\n\t\t\t\t\t\t\t\t\t\t\t<\/div>\n\t<\/div>\n  [\/vc_column][\/vc_row][vc_row css=&#8221;.vc_custom_1641474815896{margin-bottom: 10px !important;}&#8221;][vc_column]\t<div class=\"et-image-421 et-image  full   et_image_link\">\n\t\t<div class=\"et-image-inner \">\n\t\t\t\t\t\t\t<a  class=\"mfp-image et-lightbox\" data-mfp-type=\"image\" data-mfp-src=\"https:\/\/svetslik.si\/wp-content\/uploads\/2021\/09\/20220106_105918-scaled.jpg\"  title=\"Quadri moderni &#8211; Onde\">\n\t\t\t\t\t\t\t<div class=\"et-image-thumb \">\n\t\t\t\t\t<img decoding=\"async\" width=\"2560\" height=\"1441\" src=\"https:\/\/svetslik.si\/wp-content\/uploads\/2021\/09\/20220106_105918-scaled.jpg\" class=\"attachment-full\" alt=\"Quadri moderni - Onde\" title=\"Quadri moderni - Onde\" srcset=\"https:\/\/svetslik.si\/wp-content\/uploads\/2021\/09\/20220106_105918-scaled.jpg 2560w, https:\/\/svetslik.si\/wp-content\/uploads\/2021\/09\/20220106_105918-600x338.jpg 600w, https:\/\/svetslik.si\/wp-content\/uploads\/2021\/09\/20220106_105918-scaled-1200x675.jpg 1200w, https:\/\/svetslik.si\/wp-content\/uploads\/2021\/09\/20220106_105918-300x169.jpg 300w, https:\/\/svetslik.si\/wp-content\/uploads\/2021\/09\/20220106_105918-1024x577.jpg 1024w, https:\/\/svetslik.si\/wp-content\/uploads\/2021\/09\/20220106_105918-768x432.jpg 768w, https:\/\/svetslik.si\/wp-content\/uploads\/2021\/09\/20220106_105918-1536x865.jpg 1536w, https:\/\/svetslik.si\/wp-content\/uploads\/2021\/09\/20220106_105918-2048x1153.jpg 2048w, https:\/\/svetslik.si\/wp-content\/uploads\/2021\/09\/20220106_105918-150x84.jpg 150w, https:\/\/svetslik.si\/wp-content\/uploads\/2021\/09\/20220106_105918-1320x743.jpg 1320w, https:\/\/svetslik.si\/wp-content\/uploads\/2021\/09\/20220106_105918-900x507.jpg 900w\" sizes=\"(max-width: 2560px) 100vw, 2560px\" \/>\t\t\t\t<\/div>\n\t\t\t\t\t\t\t<\/a>\n\t\t\t\t\t\t\t\t\t\t\t<\/div>\n\t<\/div>\n  [\/vc_column][\/vc_row]\n<\/div>","protected":false},"excerpt":{"rendered":"<p>[vc_row][vc_column][vc_column_text] Dimensione complessiva del quadro d&#8217;arte: 160 x 60 cm = 4 x 40 x 60 cm [\/vc_column_text][\/vc_column][\/vc_row][vc_row css=&#8221;.vc_custom_1641474815896{margin-bottom: 10px !important;}&#8221;][vc_column][\/vc_column][\/vc_row][vc_row css=&#8221;.vc_custom_1641474815896{margin-bottom: 10px !important;}&#8221;][vc_column][\/vc_column][\/vc_row][vc_row css=&#8221;.vc_custom_1641474815896{margin-bottom: 10px !important;}&#8221;][vc_column][\/vc_column][\/vc_row]<\/p>\n","protected":false},"featured_media":35359,"template":"","meta":{"_acf_changed":false},"product_brand":[],"product_cat":[4193],"product_tag":[4264,4208,4230,4254,4267,4262,4257,4255,4242],"class_list":{"0":"post-44788","1":"product","2":"type-product","3":"status-publish","4":"has-post-thumbnail","6":"product_cat-quadri-moderni-multiparti","7":"product_tag-quadri-artistici","8":"product_tag-quadri-astratti-it","9":"product_tag-quadri-moderni","10":"product_tag-quadri-moderni-it","11":"product_tag-quadri-multiparte","12":"product_tag-quadri-murali","13":"product_tag-quadri-per-il-soggiorno","14":"product_tag-quadri-per-soggiorno","15":"product_tag-vendere-quadri","16":"pa_dimenzija-120-x-50-cm-it","17":"pa_dimenzija-140-x-55-cm-it","18":"pa_dimenzija-160-x-60-cm-it","19":"pa_dimenzija-180-x-65-cm-it","20":"pa_dimenzija-200-x-70-cm-it","21":"pa_dimenzija-240-x-80-cm-it","22":"pa_oblika-orizzontale","23":"pa_pod-okvir-incluso-nel-prezzo","24":"pa_podokvir-no","25":"pa_podokvir-si","27":"first","28":"onbackorder","29":"purchasable","30":"product-type-variable","31":"has-default-attributes"},"acf":[],"yoast_head":"<!-- This site is optimized with the Yoast SEO Premium plugin v26.0 (Yoast SEO v27.2) - https:\/\/yoast.com\/product\/yoast-seo-premium-wordpress\/ -->\n<title>Quadri moderni - Onde - SVETSLIK.SI - Dipinto al 100% fatto a mano<\/title>\n<meta name=\"description\" content=\"Quadri moderni - Onde - Riproduzioni di quadri d&#039;arte al 100% dipinti a mano su tela. Cornici per quadri, vendita e realizzazione di dimensioni su ordinazione.\" \/>\n<meta name=\"robots\" content=\"index, follow, max-snippet:-1, max-image-preview:large, max-video-preview:-1\" \/>\n<link rel=\"canonical\" href=\"https:\/\/svetslik.si\/it\/quadri-moderni-multiparti\/quadri-moderni-onde\/\" \/>\n<meta property=\"og:locale\" content=\"it_IT\" \/>\n<meta property=\"og:type\" content=\"article\" \/>\n<meta property=\"og:title\" content=\"Quadri moderni - Onde\" \/>\n<meta property=\"og:description\" content=\"100% ro\u010dno naslikane slike na platnu, reprodukcije znanih slikarjev in umetni\u0161ke slike po naro\u010dilu.\" \/>\n<meta property=\"og:url\" content=\"https:\/\/svetslik.si\/it\/quadri-moderni-multiparti\/quadri-moderni-onde\/\" \/>\n<meta property=\"og:site_name\" content=\"SVETSLIK.SI\" \/>\n<meta property=\"article:publisher\" content=\"https:\/\/www.facebook.com\/svetslik.si\" \/>\n<meta property=\"article:modified_time\" content=\"2026-03-22T13:51:46+00:00\" \/>\n<meta property=\"og:image\" content=\"https:\/\/svetslik.si\/wp-content\/uploads\/2021\/08\/image_Moderna-slika-Valovi_680.png\" \/>\n\t<meta property=\"og:image:width\" content=\"680\" \/>\n\t<meta property=\"og:image:height\" content=\"231\" \/>\n\t<meta property=\"og:image:type\" content=\"image\/png\" \/>\n<meta name=\"twitter:card\" content=\"summary_large_image\" \/>\n<meta name=\"twitter:site\" content=\"@svetslik\" \/>\n<meta name=\"twitter:label1\" content=\"Disponibilit\u00e0\" \/>\n\t<meta name=\"twitter:data1\" content=\"Su ordinazione\" \/>\n<script type=\"application\/ld+json\" class=\"yoast-schema-graph\">{\"@context\":\"https:\/\/schema.org\",\"@graph\":[{\"@type\":[\"WebPage\",\"ItemPage\"],\"@id\":\"https:\/\/svetslik.si\/it\/quadri-moderni-multiparti\/quadri-moderni-onde\/\",\"url\":\"https:\/\/svetslik.si\/it\/quadri-moderni-multiparti\/quadri-moderni-onde\/\",\"name\":\"Quadri moderni - Onde - SVETSLIK.SI - Dipinto al 100% fatto a mano\",\"isPartOf\":{\"@id\":\"https:\/\/svetslik.si\/it\/#website\"},\"primaryImageOfPage\":{\"@id\":\"https:\/\/svetslik.si\/it\/quadri-moderni-multiparti\/quadri-moderni-onde\/#primaryimage\"},\"image\":{\"@id\":\"https:\/\/svetslik.si\/it\/quadri-moderni-multiparti\/quadri-moderni-onde\/#primaryimage\"},\"thumbnailUrl\":\"https:\/\/svetslik.si\/wp-content\/uploads\/2021\/08\/image_Moderna-slika-Valovi_680.png\",\"datePublished\":\"2021-09-02T17:16:13+00:00\",\"dateModified\":\"2026-03-22T13:51:46+00:00\",\"description\":\"Quadri moderni - Onde - Riproduzioni di quadri d'arte al 100% dipinti a mano su tela. Cornici per quadri, vendita e realizzazione di dimensioni su ordinazione.\",\"breadcrumb\":{\"@id\":\"https:\/\/svetslik.si\/it\/quadri-moderni-multiparti\/quadri-moderni-onde\/#breadcrumb\"},\"inLanguage\":\"it-IT\",\"potentialAction\":[{\"@type\":\"ReadAction\",\"target\":[\"https:\/\/svetslik.si\/it\/quadri-moderni-multiparti\/quadri-moderni-onde\/\"]}]},{\"@type\":\"ImageObject\",\"inLanguage\":\"it-IT\",\"@id\":\"https:\/\/svetslik.si\/it\/quadri-moderni-multiparti\/quadri-moderni-onde\/#primaryimage\",\"url\":\"https:\/\/svetslik.si\/wp-content\/uploads\/2021\/08\/image_Moderna-slika-Valovi_680.png\",\"contentUrl\":\"https:\/\/svetslik.si\/wp-content\/uploads\/2021\/08\/image_Moderna-slika-Valovi_680.png\",\"width\":680,\"height\":231,\"caption\":\"Quadri su tela - Quadro moderno Onde - quadri moderni, quadri ambient per il muro, quadri astratti, quadri decorativi, compra e vendi quadri\"},{\"@type\":\"BreadcrumbList\",\"@id\":\"https:\/\/svetslik.si\/it\/quadri-moderni-multiparti\/quadri-moderni-onde\/#breadcrumb\",\"itemListElement\":[{\"@type\":\"ListItem\",\"position\":1,\"name\":\"Fali m\u0171v\u00e9szet \u00e9s festm\u00e9nyek v\u00e1szonra\",\"item\":\"https:\/\/svetslik.si\/it\/\"},{\"@type\":\"ListItem\",\"position\":2,\"name\":\"Vendita di dipinti\",\"item\":\"https:\/\/svetslik.si\/prodaja-slik\/\"},{\"@type\":\"ListItem\",\"position\":3,\"name\":\"Quadri moderni &#8211; Onde\"}]},{\"@type\":\"WebSite\",\"@id\":\"https:\/\/svetslik.si\/it\/#website\",\"url\":\"https:\/\/svetslik.si\/it\/\",\"name\":\"SVETSLIK.SI\",\"description\":\"100% riproduzioni dipinte a mano di quadri di pittori famosi e dipinti su tela.\",\"publisher\":{\"@id\":\"https:\/\/svetslik.si\/it\/#organization\"},\"potentialAction\":[{\"@type\":\"SearchAction\",\"target\":{\"@type\":\"EntryPoint\",\"urlTemplate\":\"https:\/\/svetslik.si\/it\/?s={search_term_string}\"},\"query-input\":{\"@type\":\"PropertyValueSpecification\",\"valueRequired\":true,\"valueName\":\"search_term_string\"}}],\"inLanguage\":\"it-IT\"},{\"@type\":\"Organization\",\"@id\":\"https:\/\/svetslik.si\/it\/#organization\",\"name\":\"SvetSlik.si\",\"url\":\"https:\/\/svetslik.si\/it\/\",\"logo\":{\"@type\":\"ImageObject\",\"inLanguage\":\"it-IT\",\"@id\":\"https:\/\/svetslik.si\/it\/#\/schema\/logo\/image\/\",\"url\":\"https:\/\/svetslik.si\/wp-content\/uploads\/2020\/12\/logo-512.png\",\"contentUrl\":\"https:\/\/svetslik.si\/wp-content\/uploads\/2020\/12\/logo-512.png\",\"width\":512,\"height\":512,\"caption\":\"SvetSlik.si\"},\"image\":{\"@id\":\"https:\/\/svetslik.si\/it\/#\/schema\/logo\/image\/\"},\"sameAs\":[\"https:\/\/www.facebook.com\/svetslik.si\",\"https:\/\/x.com\/svetslik\",\"https:\/\/www.instagram.com\/svetslik.si\/\",\"https:\/\/www.linkedin.com\/company\/svetslik-si\"]}]}<\/script>\n<meta property=\"og:availability\" content=\"backorder\" \/>\n<meta property=\"product:availability\" content=\"available for order\" \/>\n<meta property=\"product:retailer_item_id\" content=\"1044__\" \/>\n<meta property=\"product:condition\" content=\"new\" \/>\n<!-- \/ Yoast SEO Premium plugin. -->","yoast_head_json":{"title":"Quadri moderni - Onde - SVETSLIK.SI - Dipinto al 100% fatto a mano","description":"Quadri moderni - Onde - Riproduzioni di quadri d'arte al 100% dipinti a mano su tela. Cornici per quadri, vendita e realizzazione di dimensioni su ordinazione.","robots":{"index":"index","follow":"follow","max-snippet":"max-snippet:-1","max-image-preview":"max-image-preview:large","max-video-preview":"max-video-preview:-1"},"canonical":"https:\/\/svetslik.si\/it\/quadri-moderni-multiparti\/quadri-moderni-onde\/","og_locale":"it_IT","og_type":"article","og_title":"Quadri moderni - Onde","og_description":"100% ro\u010dno naslikane slike na platnu, reprodukcije znanih slikarjev in umetni\u0161ke slike po naro\u010dilu.","og_url":"https:\/\/svetslik.si\/it\/quadri-moderni-multiparti\/quadri-moderni-onde\/","og_site_name":"SVETSLIK.SI","article_publisher":"https:\/\/www.facebook.com\/svetslik.si","article_modified_time":"2026-03-22T13:51:46+00:00","og_image":[{"width":680,"height":231,"url":"https:\/\/svetslik.si\/wp-content\/uploads\/2021\/08\/image_Moderna-slika-Valovi_680.png","type":"image\/png"}],"twitter_card":"summary_large_image","twitter_site":"@svetslik","twitter_misc":{"Disponibilit\u00e0":"Su ordinazione"},"schema":{"@context":"https:\/\/schema.org","@graph":[{"@type":["WebPage","ItemPage"],"@id":"https:\/\/svetslik.si\/it\/quadri-moderni-multiparti\/quadri-moderni-onde\/","url":"https:\/\/svetslik.si\/it\/quadri-moderni-multiparti\/quadri-moderni-onde\/","name":"Quadri moderni - Onde - SVETSLIK.SI - Dipinto al 100% fatto a mano","isPartOf":{"@id":"https:\/\/svetslik.si\/it\/#website"},"primaryImageOfPage":{"@id":"https:\/\/svetslik.si\/it\/quadri-moderni-multiparti\/quadri-moderni-onde\/#primaryimage"},"image":{"@id":"https:\/\/svetslik.si\/it\/quadri-moderni-multiparti\/quadri-moderni-onde\/#primaryimage"},"thumbnailUrl":"https:\/\/svetslik.si\/wp-content\/uploads\/2021\/08\/image_Moderna-slika-Valovi_680.png","datePublished":"2021-09-02T17:16:13+00:00","dateModified":"2026-03-22T13:51:46+00:00","description":"Quadri moderni - Onde - Riproduzioni di quadri d'arte al 100% dipinti a mano su tela. Cornici per quadri, vendita e realizzazione di dimensioni su ordinazione.","breadcrumb":{"@id":"https:\/\/svetslik.si\/it\/quadri-moderni-multiparti\/quadri-moderni-onde\/#breadcrumb"},"inLanguage":"it-IT","potentialAction":[{"@type":"ReadAction","target":["https:\/\/svetslik.si\/it\/quadri-moderni-multiparti\/quadri-moderni-onde\/"]}]},{"@type":"ImageObject","inLanguage":"it-IT","@id":"https:\/\/svetslik.si\/it\/quadri-moderni-multiparti\/quadri-moderni-onde\/#primaryimage","url":"https:\/\/svetslik.si\/wp-content\/uploads\/2021\/08\/image_Moderna-slika-Valovi_680.png","contentUrl":"https:\/\/svetslik.si\/wp-content\/uploads\/2021\/08\/image_Moderna-slika-Valovi_680.png","width":680,"height":231,"caption":"Quadri su tela - Quadro moderno Onde - quadri moderni, quadri ambient per il muro, quadri astratti, quadri decorativi, compra e vendi quadri"},{"@type":"BreadcrumbList","@id":"https:\/\/svetslik.si\/it\/quadri-moderni-multiparti\/quadri-moderni-onde\/#breadcrumb","itemListElement":[{"@type":"ListItem","position":1,"name":"Fali m\u0171v\u00e9szet \u00e9s festm\u00e9nyek v\u00e1szonra","item":"https:\/\/svetslik.si\/it\/"},{"@type":"ListItem","position":2,"name":"Vendita di dipinti","item":"https:\/\/svetslik.si\/prodaja-slik\/"},{"@type":"ListItem","position":3,"name":"Quadri moderni &#8211; Onde"}]},{"@type":"WebSite","@id":"https:\/\/svetslik.si\/it\/#website","url":"https:\/\/svetslik.si\/it\/","name":"SVETSLIK.SI","description":"100% riproduzioni dipinte a mano di quadri di pittori famosi e dipinti su tela.","publisher":{"@id":"https:\/\/svetslik.si\/it\/#organization"},"potentialAction":[{"@type":"SearchAction","target":{"@type":"EntryPoint","urlTemplate":"https:\/\/svetslik.si\/it\/?s={search_term_string}"},"query-input":{"@type":"PropertyValueSpecification","valueRequired":true,"valueName":"search_term_string"}}],"inLanguage":"it-IT"},{"@type":"Organization","@id":"https:\/\/svetslik.si\/it\/#organization","name":"SvetSlik.si","url":"https:\/\/svetslik.si\/it\/","logo":{"@type":"ImageObject","inLanguage":"it-IT","@id":"https:\/\/svetslik.si\/it\/#\/schema\/logo\/image\/","url":"https:\/\/svetslik.si\/wp-content\/uploads\/2020\/12\/logo-512.png","contentUrl":"https:\/\/svetslik.si\/wp-content\/uploads\/2020\/12\/logo-512.png","width":512,"height":512,"caption":"SvetSlik.si"},"image":{"@id":"https:\/\/svetslik.si\/it\/#\/schema\/logo\/image\/"},"sameAs":["https:\/\/www.facebook.com\/svetslik.si","https:\/\/x.com\/svetslik","https:\/\/www.instagram.com\/svetslik.si\/","https:\/\/www.linkedin.com\/company\/svetslik-si"]}]},"og_availability":"backorder","product_availability":"available for order","product_retailer_item_id":"1044__","product_condition":"new"},"jetpack_sharing_enabled":true,"_links":{"self":[{"href":"https:\/\/svetslik.si\/it\/wp-json\/wp\/v2\/product\/44788","targetHints":{"allow":["GET"]}}],"collection":[{"href":"https:\/\/svetslik.si\/it\/wp-json\/wp\/v2\/product"}],"about":[{"href":"https:\/\/svetslik.si\/it\/wp-json\/wp\/v2\/types\/product"}],"wp:featuredmedia":[{"embeddable":true,"href":"https:\/\/svetslik.si\/it\/wp-json\/wp\/v2\/media\/35359"}],"wp:attachment":[{"href":"https:\/\/svetslik.si\/it\/wp-json\/wp\/v2\/media?parent=44788"}],"wp:term":[{"taxonomy":"product_brand","embeddable":true,"href":"https:\/\/svetslik.si\/it\/wp-json\/wp\/v2\/product_brand?post=44788"},{"taxonomy":"product_cat","embeddable":true,"href":"https:\/\/svetslik.si\/it\/wp-json\/wp\/v2\/product_cat?post=44788"},{"taxonomy":"product_tag","embeddable":true,"href":"https:\/\/svetslik.si\/it\/wp-json\/wp\/v2\/product_tag?post=44788"}],"curies":[{"name":"wp","href":"https:\/\/api.w.org\/{rel}","templated":true}]}}