{"id":45278,"date":"2021-09-02T19:29:11","date_gmt":"2021-09-02T17:29:11","guid":{"rendered":"https:\/\/svetslik.si\/senza-categoria\/vecdelna-slika-navdih\/"},"modified":"2026-03-22T14:59:08","modified_gmt":"2026-03-22T13:59:08","slug":"quadri-a-piu-pannelli-ispirazion","status":"publish","type":"product","link":"https:\/\/svetslik.si\/it\/quadri-moderni-multiparti\/quadri-a-piu-pannelli-ispirazion\/","title":{"rendered":"Quadri a pi\u00f9 pannelli &#8211; Ispirazion"},"content":{"rendered":"<div class=\"wpb-content-wrapper\">[vc_row css=&#8221;.vc_custom_1742283063460{margin-bottom: 10px !important;}&#8221;][vc_column]\t<div class=\"et-image-836 et-image     et_image_link\">\n\t\t<div class=\"et-image-inner \">\n\t\t\t\t\t\t\t<div class=\"et-image-thumb \">\n\t\t\t\t\t<img decoding=\"async\" width=\"1500\" height=\"1677\" src=\"https:\/\/svetslik.si\/wp-content\/uploads\/2021\/09\/Vecdelne-slike-\u2013-Navdih-slike-na-platnu-2.jpg\" class=\"attachment-full\" alt=\"Ve\u010ddelne slike \u2013 Navdih - slike na platnu\" title=\"Quadri a pi\u00f9 pannelli - Ispirazion\" srcset=\"https:\/\/svetslik.si\/wp-content\/uploads\/2021\/09\/Vecdelne-slike-\u2013-Navdih-slike-na-platnu-2.jpg 1500w, https:\/\/svetslik.si\/wp-content\/uploads\/2021\/09\/Vecdelne-slike-\u2013-Navdih-slike-na-platnu-2-600x671.jpg 600w, https:\/\/svetslik.si\/wp-content\/uploads\/2021\/09\/Vecdelne-slike-\u2013-Navdih-slike-na-platnu-2-1200x1342.jpg 1200w, https:\/\/svetslik.si\/wp-content\/uploads\/2021\/09\/Vecdelne-slike-\u2013-Navdih-slike-na-platnu-2-268x300.jpg 268w, https:\/\/svetslik.si\/wp-content\/uploads\/2021\/09\/Vecdelne-slike-\u2013-Navdih-slike-na-platnu-2-916x1024.jpg 916w, https:\/\/svetslik.si\/wp-content\/uploads\/2021\/09\/Vecdelne-slike-\u2013-Navdih-slike-na-platnu-2-768x859.jpg 768w, https:\/\/svetslik.si\/wp-content\/uploads\/2021\/09\/Vecdelne-slike-\u2013-Navdih-slike-na-platnu-2-1374x1536.jpg 1374w, https:\/\/svetslik.si\/wp-content\/uploads\/2021\/09\/Vecdelne-slike-\u2013-Navdih-slike-na-platnu-2-134x150.jpg 134w\" sizes=\"(max-width: 1500px) 100vw, 1500px\" \/>\t\t\t\t<\/div>\n\t\t\t\t\t\t\t\t\t\t\t<\/div>\n\t<\/div>\n  [\/vc_column][\/vc_row][vc_row css=&#8221;.vc_custom_1742283063460{margin-bottom: 10px !important;}&#8221;][vc_column]\t<div class=\"et-image-618 et-image     et_image_link\">\n\t\t<div class=\"et-image-inner \">\n\t\t\t\t\t\t\t<div class=\"et-image-thumb \">\n\t\t\t\t\t<img decoding=\"async\" width=\"1500\" height=\"1859\" src=\"https:\/\/svetslik.si\/wp-content\/uploads\/2021\/09\/Vecdelne-slike-\u2013-Navdih-slike-na-platnu.jpg\" class=\"attachment-full\" alt=\"Ve\u010ddelne slike \u2013 Navdih - slike na platnu\" title=\"Quadri a pi\u00f9 pannelli - Ispirazion\" srcset=\"https:\/\/svetslik.si\/wp-content\/uploads\/2021\/09\/Vecdelne-slike-\u2013-Navdih-slike-na-platnu.jpg 1500w, https:\/\/svetslik.si\/wp-content\/uploads\/2021\/09\/Vecdelne-slike-\u2013-Navdih-slike-na-platnu-600x744.jpg 600w, https:\/\/svetslik.si\/wp-content\/uploads\/2021\/09\/Vecdelne-slike-\u2013-Navdih-slike-na-platnu-1200x1487.jpg 1200w, https:\/\/svetslik.si\/wp-content\/uploads\/2021\/09\/Vecdelne-slike-\u2013-Navdih-slike-na-platnu-242x300.jpg 242w, https:\/\/svetslik.si\/wp-content\/uploads\/2021\/09\/Vecdelne-slike-\u2013-Navdih-slike-na-platnu-826x1024.jpg 826w, https:\/\/svetslik.si\/wp-content\/uploads\/2021\/09\/Vecdelne-slike-\u2013-Navdih-slike-na-platnu-768x952.jpg 768w, https:\/\/svetslik.si\/wp-content\/uploads\/2021\/09\/Vecdelne-slike-\u2013-Navdih-slike-na-platnu-1239x1536.jpg 1239w, https:\/\/svetslik.si\/wp-content\/uploads\/2021\/09\/Vecdelne-slike-\u2013-Navdih-slike-na-platnu-121x150.jpg 121w\" sizes=\"(max-width: 1500px) 100vw, 1500px\" \/>\t\t\t\t<\/div>\n\t\t\t\t\t\t\t\t\t\t\t<\/div>\n\t<\/div>\n  [\/vc_column][\/vc_row][vc_row css=&#8221;.vc_custom_1742283063460{margin-bottom: 10px !important;}&#8221;][vc_column]\t<div class=\"et-image-778 et-image     et_image_link\">\n\t\t<div class=\"et-image-inner \">\n\t\t\t\t\t\t\t<div class=\"et-image-thumb \">\n\t\t\t\t\t<img decoding=\"async\" width=\"1500\" height=\"1994\" src=\"https:\/\/svetslik.si\/wp-content\/uploads\/2021\/09\/Vecdelne-slike-\u2013-Navdih-slike-na-platnu-3.jpg\" class=\"attachment-full\" alt=\"Ve\u010ddelne slike \u2013 Navdih - slike na platnu\" title=\"Quadri a pi\u00f9 pannelli - Ispirazion\" srcset=\"https:\/\/svetslik.si\/wp-content\/uploads\/2021\/09\/Vecdelne-slike-\u2013-Navdih-slike-na-platnu-3.jpg 1500w, https:\/\/svetslik.si\/wp-content\/uploads\/2021\/09\/Vecdelne-slike-\u2013-Navdih-slike-na-platnu-3-600x798.jpg 600w, https:\/\/svetslik.si\/wp-content\/uploads\/2021\/09\/Vecdelne-slike-\u2013-Navdih-slike-na-platnu-3-1200x1595.jpg 1200w, https:\/\/svetslik.si\/wp-content\/uploads\/2021\/09\/Vecdelne-slike-\u2013-Navdih-slike-na-platnu-3-226x300.jpg 226w, https:\/\/svetslik.si\/wp-content\/uploads\/2021\/09\/Vecdelne-slike-\u2013-Navdih-slike-na-platnu-3-770x1024.jpg 770w, https:\/\/svetslik.si\/wp-content\/uploads\/2021\/09\/Vecdelne-slike-\u2013-Navdih-slike-na-platnu-3-768x1021.jpg 768w, https:\/\/svetslik.si\/wp-content\/uploads\/2021\/09\/Vecdelne-slike-\u2013-Navdih-slike-na-platnu-3-1155x1536.jpg 1155w, https:\/\/svetslik.si\/wp-content\/uploads\/2021\/09\/Vecdelne-slike-\u2013-Navdih-slike-na-platnu-3-113x150.jpg 113w\" sizes=\"(max-width: 1500px) 100vw, 1500px\" \/>\t\t\t\t<\/div>\n\t\t\t\t\t\t\t\t\t\t\t<\/div>\n\t<\/div>\n  [\/vc_column][\/vc_row][vc_row css=&#8221;.vc_custom_1742283063460{margin-bottom: 10px !important;}&#8221;][vc_column]\t<div class=\"et-image-24 et-image     et_image_link\">\n\t\t<div class=\"et-image-inner \">\n\t\t\t\t\t\t\t<div class=\"et-image-thumb \">\n\t\t\t\t\t<img decoding=\"async\" width=\"1500\" height=\"1125\" src=\"https:\/\/svetslik.si\/wp-content\/uploads\/2021\/09\/Vecdelne-slike-\u2013-Navdih-slike-na-platnu-4.jpg\" class=\"attachment-full\" alt=\"Quadri a pi\u00f9 pannelli - Ispirazion\" title=\"Quadri a pi\u00f9 pannelli - Ispirazion\" srcset=\"https:\/\/svetslik.si\/wp-content\/uploads\/2021\/09\/Vecdelne-slike-\u2013-Navdih-slike-na-platnu-4.jpg 1500w, https:\/\/svetslik.si\/wp-content\/uploads\/2021\/09\/Vecdelne-slike-\u2013-Navdih-slike-na-platnu-4-600x450.jpg 600w, https:\/\/svetslik.si\/wp-content\/uploads\/2021\/09\/Vecdelne-slike-\u2013-Navdih-slike-na-platnu-4-1200x900.jpg 1200w, https:\/\/svetslik.si\/wp-content\/uploads\/2021\/09\/Vecdelne-slike-\u2013-Navdih-slike-na-platnu-4-300x225.jpg 300w, https:\/\/svetslik.si\/wp-content\/uploads\/2021\/09\/Vecdelne-slike-\u2013-Navdih-slike-na-platnu-4-1024x768.jpg 1024w, https:\/\/svetslik.si\/wp-content\/uploads\/2021\/09\/Vecdelne-slike-\u2013-Navdih-slike-na-platnu-4-768x576.jpg 768w, https:\/\/svetslik.si\/wp-content\/uploads\/2021\/09\/Vecdelne-slike-\u2013-Navdih-slike-na-platnu-4-150x113.jpg 150w\" sizes=\"(max-width: 1500px) 100vw, 1500px\" \/>\t\t\t\t<\/div>\n\t\t\t\t\t\t\t\t\t\t\t<\/div>\n\t<\/div>\n  [\/vc_column][\/vc_row]\n<\/div>","protected":false},"excerpt":{"rendered":"<p>[vc_row css=&#8221;.vc_custom_1742283063460{margin-bottom: 10px !important;}&#8221;][vc_column][\/vc_column][\/vc_row][vc_row css=&#8221;.vc_custom_1742283063460{margin-bottom: 10px !important;}&#8221;][vc_column][\/vc_column][\/vc_row][vc_row css=&#8221;.vc_custom_1742283063460{margin-bottom: 10px !important;}&#8221;][vc_column][\/vc_column][\/vc_row][vc_row css=&#8221;.vc_custom_1742283063460{margin-bottom: 10px !important;}&#8221;][vc_column][\/vc_column][\/vc_row]<\/p>\n","protected":false},"featured_media":35857,"template":"","meta":{"_acf_changed":false},"product_brand":[],"product_cat":[4193],"product_tag":[4264,4208,4254,4230,4267,4262,4257,4255,4242],"class_list":{"0":"post-45278","1":"product","2":"type-product","3":"status-publish","4":"has-post-thumbnail","6":"product_cat-quadri-moderni-multiparti","7":"product_tag-quadri-artistici","8":"product_tag-quadri-astratti-it","9":"product_tag-quadri-moderni-it","10":"product_tag-quadri-moderni","11":"product_tag-quadri-multiparte","12":"product_tag-quadri-murali","13":"product_tag-quadri-per-il-soggiorno","14":"product_tag-quadri-per-soggiorno","15":"product_tag-vendere-quadri","16":"pa_dimenzija-120-x-150-cm-it","17":"pa_dimenzija-60-x-75-cm-it","18":"pa_dimenzija-90-x-110-cm-it","19":"pa_oblika-verticale","20":"pa_okvir-sensa-cornice","21":"pa_pod-okvir-incluso-nel-prezzo","22":"pa_podokvir-no","23":"pa_podokvir-si","25":"first","26":"onbackorder","27":"purchasable","28":"product-type-variable","29":"has-default-attributes"},"acf":[],"yoast_head":"<!-- This site is optimized with the Yoast SEO Premium plugin v26.0 (Yoast SEO v27.2) - https:\/\/yoast.com\/product\/yoast-seo-premium-wordpress\/ -->\n<title>Quadri a pi\u00f9 pannelli - Ispirazion - SVETSLIK.SI - Dipinto al 100% fatto a mano<\/title>\n<meta name=\"description\" content=\"Quadri a pi\u00f9 pannelli - Ispirazion - Riproduzioni di quadri d&#039;arte al 100% dipinti a mano su tela. Cornici per quadri, vendita e realizzazione di dimensioni su ordinazione.\" \/>\n<meta name=\"robots\" content=\"index, follow, max-snippet:-1, max-image-preview:large, max-video-preview:-1\" \/>\n<link rel=\"canonical\" href=\"https:\/\/svetslik.si\/it\/quadri-moderni-multiparti\/quadri-a-piu-pannelli-ispirazion\/\" \/>\n<meta property=\"og:locale\" content=\"it_IT\" \/>\n<meta property=\"og:type\" content=\"article\" \/>\n<meta property=\"og:title\" content=\"Quadri a pi\u00f9 pannelli - Ispirazion\" \/>\n<meta property=\"og:description\" content=\"100% ro\u010dno naslikane slike na platnu, reprodukcije znanih slikarjev in umetni\u0161ke slike po naro\u010dilu.\" \/>\n<meta property=\"og:url\" content=\"https:\/\/svetslik.si\/it\/quadri-moderni-multiparti\/quadri-a-piu-pannelli-ispirazion\/\" \/>\n<meta property=\"og:site_name\" content=\"SVETSLIK.SI\" \/>\n<meta property=\"article:publisher\" content=\"https:\/\/www.facebook.com\/svetslik.si\" \/>\n<meta property=\"article:modified_time\" content=\"2026-03-22T13:59:08+00:00\" \/>\n<meta property=\"og:image\" content=\"https:\/\/svetslik.si\/wp-content\/uploads\/2021\/08\/image_Vecdelna-slika-Navdih_680.png\" \/>\n\t<meta property=\"og:image:width\" content=\"680\" \/>\n\t<meta property=\"og:image:height\" content=\"607\" \/>\n\t<meta property=\"og:image:type\" content=\"image\/png\" \/>\n<meta name=\"twitter:card\" content=\"summary_large_image\" \/>\n<meta name=\"twitter:site\" content=\"@svetslik\" \/>\n<meta name=\"twitter:label1\" content=\"Disponibilit\u00e0\" \/>\n\t<meta name=\"twitter:data1\" content=\"Su ordinazione\" \/>\n<script type=\"application\/ld+json\" class=\"yoast-schema-graph\">{\"@context\":\"https:\/\/schema.org\",\"@graph\":[{\"@type\":[\"WebPage\",\"ItemPage\"],\"@id\":\"https:\/\/svetslik.si\/it\/quadri-moderni-multiparti\/quadri-a-piu-pannelli-ispirazion\/\",\"url\":\"https:\/\/svetslik.si\/it\/quadri-moderni-multiparti\/quadri-a-piu-pannelli-ispirazion\/\",\"name\":\"Quadri a pi\u00f9 pannelli - Ispirazion - SVETSLIK.SI - Dipinto al 100% fatto a mano\",\"isPartOf\":{\"@id\":\"https:\/\/svetslik.si\/it\/#website\"},\"primaryImageOfPage\":{\"@id\":\"https:\/\/svetslik.si\/it\/quadri-moderni-multiparti\/quadri-a-piu-pannelli-ispirazion\/#primaryimage\"},\"image\":{\"@id\":\"https:\/\/svetslik.si\/it\/quadri-moderni-multiparti\/quadri-a-piu-pannelli-ispirazion\/#primaryimage\"},\"thumbnailUrl\":\"https:\/\/svetslik.si\/wp-content\/uploads\/2021\/08\/image_Vecdelna-slika-Navdih_680.png\",\"datePublished\":\"2021-09-02T17:29:11+00:00\",\"dateModified\":\"2026-03-22T13:59:08+00:00\",\"description\":\"Quadri a pi\u00f9 pannelli - Ispirazion - Riproduzioni di quadri d'arte al 100% dipinti a mano su tela. Cornici per quadri, vendita e realizzazione di dimensioni su ordinazione.\",\"breadcrumb\":{\"@id\":\"https:\/\/svetslik.si\/it\/quadri-moderni-multiparti\/quadri-a-piu-pannelli-ispirazion\/#breadcrumb\"},\"inLanguage\":\"it-IT\",\"potentialAction\":[{\"@type\":\"ReadAction\",\"target\":[\"https:\/\/svetslik.si\/it\/quadri-moderni-multiparti\/quadri-a-piu-pannelli-ispirazion\/\"]}]},{\"@type\":\"ImageObject\",\"inLanguage\":\"it-IT\",\"@id\":\"https:\/\/svetslik.si\/it\/quadri-moderni-multiparti\/quadri-a-piu-pannelli-ispirazion\/#primaryimage\",\"url\":\"https:\/\/svetslik.si\/wp-content\/uploads\/2021\/08\/image_Vecdelna-slika-Navdih_680.png\",\"contentUrl\":\"https:\/\/svetslik.si\/wp-content\/uploads\/2021\/08\/image_Vecdelna-slika-Navdih_680.png\",\"width\":680,\"height\":607,\"caption\":\"quadri moderni\"},{\"@type\":\"BreadcrumbList\",\"@id\":\"https:\/\/svetslik.si\/it\/quadri-moderni-multiparti\/quadri-a-piu-pannelli-ispirazion\/#breadcrumb\",\"itemListElement\":[{\"@type\":\"ListItem\",\"position\":1,\"name\":\"Fali m\u0171v\u00e9szet \u00e9s festm\u00e9nyek v\u00e1szonra\",\"item\":\"https:\/\/svetslik.si\/it\/\"},{\"@type\":\"ListItem\",\"position\":2,\"name\":\"Vendita di dipinti\",\"item\":\"https:\/\/svetslik.si\/prodaja-slik\/\"},{\"@type\":\"ListItem\",\"position\":3,\"name\":\"Quadri a pi\u00f9 pannelli &#8211; Ispirazion\"}]},{\"@type\":\"WebSite\",\"@id\":\"https:\/\/svetslik.si\/it\/#website\",\"url\":\"https:\/\/svetslik.si\/it\/\",\"name\":\"SVETSLIK.SI\",\"description\":\"100% riproduzioni dipinte a mano di quadri di pittori famosi e dipinti su tela.\",\"publisher\":{\"@id\":\"https:\/\/svetslik.si\/it\/#organization\"},\"potentialAction\":[{\"@type\":\"SearchAction\",\"target\":{\"@type\":\"EntryPoint\",\"urlTemplate\":\"https:\/\/svetslik.si\/it\/?s={search_term_string}\"},\"query-input\":{\"@type\":\"PropertyValueSpecification\",\"valueRequired\":true,\"valueName\":\"search_term_string\"}}],\"inLanguage\":\"it-IT\"},{\"@type\":\"Organization\",\"@id\":\"https:\/\/svetslik.si\/it\/#organization\",\"name\":\"SvetSlik.si\",\"url\":\"https:\/\/svetslik.si\/it\/\",\"logo\":{\"@type\":\"ImageObject\",\"inLanguage\":\"it-IT\",\"@id\":\"https:\/\/svetslik.si\/it\/#\/schema\/logo\/image\/\",\"url\":\"https:\/\/svetslik.si\/wp-content\/uploads\/2020\/12\/logo-512.png\",\"contentUrl\":\"https:\/\/svetslik.si\/wp-content\/uploads\/2020\/12\/logo-512.png\",\"width\":512,\"height\":512,\"caption\":\"SvetSlik.si\"},\"image\":{\"@id\":\"https:\/\/svetslik.si\/it\/#\/schema\/logo\/image\/\"},\"sameAs\":[\"https:\/\/www.facebook.com\/svetslik.si\",\"https:\/\/x.com\/svetslik\",\"https:\/\/www.instagram.com\/svetslik.si\/\",\"https:\/\/www.linkedin.com\/company\/svetslik-si\"]}]}<\/script>\n<meta property=\"og:availability\" content=\"backorder\" \/>\n<meta property=\"product:availability\" content=\"available for order\" \/>\n<meta property=\"product:retailer_item_id\" content=\"1145__\" \/>\n<meta property=\"product:condition\" content=\"new\" \/>\n<!-- \/ Yoast SEO Premium plugin. -->","yoast_head_json":{"title":"Quadri a pi\u00f9 pannelli - Ispirazion - SVETSLIK.SI - Dipinto al 100% fatto a mano","description":"Quadri a pi\u00f9 pannelli - Ispirazion - Riproduzioni di quadri d'arte al 100% dipinti a mano su tela. Cornici per quadri, vendita e realizzazione di dimensioni su ordinazione.","robots":{"index":"index","follow":"follow","max-snippet":"max-snippet:-1","max-image-preview":"max-image-preview:large","max-video-preview":"max-video-preview:-1"},"canonical":"https:\/\/svetslik.si\/it\/quadri-moderni-multiparti\/quadri-a-piu-pannelli-ispirazion\/","og_locale":"it_IT","og_type":"article","og_title":"Quadri a pi\u00f9 pannelli - Ispirazion","og_description":"100% ro\u010dno naslikane slike na platnu, reprodukcije znanih slikarjev in umetni\u0161ke slike po naro\u010dilu.","og_url":"https:\/\/svetslik.si\/it\/quadri-moderni-multiparti\/quadri-a-piu-pannelli-ispirazion\/","og_site_name":"SVETSLIK.SI","article_publisher":"https:\/\/www.facebook.com\/svetslik.si","article_modified_time":"2026-03-22T13:59:08+00:00","og_image":[{"width":680,"height":607,"url":"https:\/\/svetslik.si\/wp-content\/uploads\/2021\/08\/image_Vecdelna-slika-Navdih_680.png","type":"image\/png"}],"twitter_card":"summary_large_image","twitter_site":"@svetslik","twitter_misc":{"Disponibilit\u00e0":"Su ordinazione"},"schema":{"@context":"https:\/\/schema.org","@graph":[{"@type":["WebPage","ItemPage"],"@id":"https:\/\/svetslik.si\/it\/quadri-moderni-multiparti\/quadri-a-piu-pannelli-ispirazion\/","url":"https:\/\/svetslik.si\/it\/quadri-moderni-multiparti\/quadri-a-piu-pannelli-ispirazion\/","name":"Quadri a pi\u00f9 pannelli - Ispirazion - SVETSLIK.SI - Dipinto al 100% fatto a mano","isPartOf":{"@id":"https:\/\/svetslik.si\/it\/#website"},"primaryImageOfPage":{"@id":"https:\/\/svetslik.si\/it\/quadri-moderni-multiparti\/quadri-a-piu-pannelli-ispirazion\/#primaryimage"},"image":{"@id":"https:\/\/svetslik.si\/it\/quadri-moderni-multiparti\/quadri-a-piu-pannelli-ispirazion\/#primaryimage"},"thumbnailUrl":"https:\/\/svetslik.si\/wp-content\/uploads\/2021\/08\/image_Vecdelna-slika-Navdih_680.png","datePublished":"2021-09-02T17:29:11+00:00","dateModified":"2026-03-22T13:59:08+00:00","description":"Quadri a pi\u00f9 pannelli - Ispirazion - Riproduzioni di quadri d'arte al 100% dipinti a mano su tela. Cornici per quadri, vendita e realizzazione di dimensioni su ordinazione.","breadcrumb":{"@id":"https:\/\/svetslik.si\/it\/quadri-moderni-multiparti\/quadri-a-piu-pannelli-ispirazion\/#breadcrumb"},"inLanguage":"it-IT","potentialAction":[{"@type":"ReadAction","target":["https:\/\/svetslik.si\/it\/quadri-moderni-multiparti\/quadri-a-piu-pannelli-ispirazion\/"]}]},{"@type":"ImageObject","inLanguage":"it-IT","@id":"https:\/\/svetslik.si\/it\/quadri-moderni-multiparti\/quadri-a-piu-pannelli-ispirazion\/#primaryimage","url":"https:\/\/svetslik.si\/wp-content\/uploads\/2021\/08\/image_Vecdelna-slika-Navdih_680.png","contentUrl":"https:\/\/svetslik.si\/wp-content\/uploads\/2021\/08\/image_Vecdelna-slika-Navdih_680.png","width":680,"height":607,"caption":"quadri moderni"},{"@type":"BreadcrumbList","@id":"https:\/\/svetslik.si\/it\/quadri-moderni-multiparti\/quadri-a-piu-pannelli-ispirazion\/#breadcrumb","itemListElement":[{"@type":"ListItem","position":1,"name":"Fali m\u0171v\u00e9szet \u00e9s festm\u00e9nyek v\u00e1szonra","item":"https:\/\/svetslik.si\/it\/"},{"@type":"ListItem","position":2,"name":"Vendita di dipinti","item":"https:\/\/svetslik.si\/prodaja-slik\/"},{"@type":"ListItem","position":3,"name":"Quadri a pi\u00f9 pannelli &#8211; Ispirazion"}]},{"@type":"WebSite","@id":"https:\/\/svetslik.si\/it\/#website","url":"https:\/\/svetslik.si\/it\/","name":"SVETSLIK.SI","description":"100% riproduzioni dipinte a mano di quadri di pittori famosi e dipinti su tela.","publisher":{"@id":"https:\/\/svetslik.si\/it\/#organization"},"potentialAction":[{"@type":"SearchAction","target":{"@type":"EntryPoint","urlTemplate":"https:\/\/svetslik.si\/it\/?s={search_term_string}"},"query-input":{"@type":"PropertyValueSpecification","valueRequired":true,"valueName":"search_term_string"}}],"inLanguage":"it-IT"},{"@type":"Organization","@id":"https:\/\/svetslik.si\/it\/#organization","name":"SvetSlik.si","url":"https:\/\/svetslik.si\/it\/","logo":{"@type":"ImageObject","inLanguage":"it-IT","@id":"https:\/\/svetslik.si\/it\/#\/schema\/logo\/image\/","url":"https:\/\/svetslik.si\/wp-content\/uploads\/2020\/12\/logo-512.png","contentUrl":"https:\/\/svetslik.si\/wp-content\/uploads\/2020\/12\/logo-512.png","width":512,"height":512,"caption":"SvetSlik.si"},"image":{"@id":"https:\/\/svetslik.si\/it\/#\/schema\/logo\/image\/"},"sameAs":["https:\/\/www.facebook.com\/svetslik.si","https:\/\/x.com\/svetslik","https:\/\/www.instagram.com\/svetslik.si\/","https:\/\/www.linkedin.com\/company\/svetslik-si"]}]},"og_availability":"backorder","product_availability":"available for order","product_retailer_item_id":"1145__","product_condition":"new"},"jetpack_sharing_enabled":true,"_links":{"self":[{"href":"https:\/\/svetslik.si\/it\/wp-json\/wp\/v2\/product\/45278","targetHints":{"allow":["GET"]}}],"collection":[{"href":"https:\/\/svetslik.si\/it\/wp-json\/wp\/v2\/product"}],"about":[{"href":"https:\/\/svetslik.si\/it\/wp-json\/wp\/v2\/types\/product"}],"wp:featuredmedia":[{"embeddable":true,"href":"https:\/\/svetslik.si\/it\/wp-json\/wp\/v2\/media\/35857"}],"wp:attachment":[{"href":"https:\/\/svetslik.si\/it\/wp-json\/wp\/v2\/media?parent=45278"}],"wp:term":[{"taxonomy":"product_brand","embeddable":true,"href":"https:\/\/svetslik.si\/it\/wp-json\/wp\/v2\/product_brand?post=45278"},{"taxonomy":"product_cat","embeddable":true,"href":"https:\/\/svetslik.si\/it\/wp-json\/wp\/v2\/product_cat?post=45278"},{"taxonomy":"product_tag","embeddable":true,"href":"https:\/\/svetslik.si\/it\/wp-json\/wp\/v2\/product_tag?post=45278"}],"curies":[{"name":"wp","href":"https:\/\/api.w.org\/{rel}","templated":true}]}}