{"id":45650,"date":"2022-08-23T12:09:25","date_gmt":"2022-08-23T10:09:25","guid":{"rendered":"https:\/\/svetslik.si\/senza-categoria\/darilni-bon\/"},"modified":"2026-03-22T15:05:18","modified_gmt":"2026-03-22T14:05:18","slug":"darilni-bon","status":"publish","type":"product","link":"https:\/\/svetslik.si\/it\/buono-regalo\/darilni-bon\/","title":{"rendered":"Buono regalo"},"content":{"rendered":"<div class=\"wpb-content-wrapper\">[vc_row][vc_column][vc_column_text]\n<h3>Buono regalo e buono valore<\/h3>\n<p>Offriamo la possibilit\u00e0 di creare DUE tipi di buoni:<\/p>\n<h4>Buono valore per l&#8217;acquisto di un dipinto d&#8217;arte<\/h4>\n<p>Se desideri lasciare la scelta del dipinto al destinatario, regala un <strong>buono valore per un dipinto<\/strong>, che includa l&#8217;<em><strong>importo desiderato<\/strong><\/em> e un <strong><em>codice del buono valore<\/em><\/strong>.<br \/>\nPuoi ordinare il buono valore su questo sito web. Seleziona l&#8217;importo del buono e completa l&#8217;ordine. Se desideri includere una dedica sul retro, inserisci il tuo messaggio nei commenti al momento dell&#8217;ordine. Riceverai il buono in una busta tramite posta.<\/p>\n<p>Il buono avr\u00e0 il seguente aspetto:[\/vc_column_text][\/vc_column][\/vc_row][vc_row][vc_column]\t<div id=\"et-image-slider-464\" class=\"et-image-slider slick slick-slider slick-dotted slick-dots-centered centered   \" data-adaptive-height=\"false\" variable-width=\"true\" data-pagination=\"true\" data-navigation=\"true\" data-center=\"\" data-fade=\"\" data-columns=\"1\" data-infinite=\"false\" data-autoplay=\"true\" data-autoplay-speed=\"\" data-pause=\"true\">\n\t\t\n\t\t\t\t\t<div class=\"gallery-item\">\n\t\t\t\t\t\t\t\t\t\t\t\t\t<div class=\"et-image-inner\">\n\t\t\t\t\t\t\t\t<div class=\"et_image_slider-wrapper\"><img decoding=\"async\" width=\"1240\" height=\"585\" src=\"https:\/\/svetslik.si\/wp-content\/uploads\/2023\/06\/BUONO-VALORE2.jpg\" class=\"et_image_slider-img attachment-full\" alt=\"BUONO VALORE\" title=\"BUONO VALORE\" srcset=\"https:\/\/svetslik.si\/wp-content\/uploads\/2023\/06\/BUONO-VALORE2.jpg 1240w, https:\/\/svetslik.si\/wp-content\/uploads\/2023\/06\/BUONO-VALORE2-600x283.jpg 600w, https:\/\/svetslik.si\/wp-content\/uploads\/2023\/06\/BUONO-VALORE2-1200x566.jpg 1200w, https:\/\/svetslik.si\/wp-content\/uploads\/2023\/06\/BUONO-VALORE2-300x142.jpg 300w, https:\/\/svetslik.si\/wp-content\/uploads\/2023\/06\/BUONO-VALORE2-1024x483.jpg 1024w, https:\/\/svetslik.si\/wp-content\/uploads\/2023\/06\/BUONO-VALORE2-768x362.jpg 768w, https:\/\/svetslik.si\/wp-content\/uploads\/2023\/06\/BUONO-VALORE2-150x71.jpg 150w\" sizes=\"(max-width: 1240px) 100vw, 1240px\" \/><\/div>\t\t\t\t\t\t\t\t\t\t\t\t\t\t\t\t\t\t\t\t\t\t\t<\/div>\n\t\t\t\t\t\t\t\t\t\t\t<\/div>\n\t\t\t\t\n\t\t\t\t\n\t\t\t\t\t<div class=\"gallery-item\">\n\t\t\t\t\t\t\t\t\t\t\t\t\t<div class=\"et-image-inner\">\n\t\t\t\t\t\t\t\t<div class=\"et_image_slider-wrapper\"><img decoding=\"async\" width=\"1240\" height=\"585\" src=\"https:\/\/svetslik.si\/wp-content\/uploads\/2023\/06\/BUONO-VALORE.jpg\" class=\"et_image_slider-img attachment-full\" alt=\"BUONO VALORE\" title=\"BUONO VALORE\" srcset=\"https:\/\/svetslik.si\/wp-content\/uploads\/2023\/06\/BUONO-VALORE.jpg 1240w, https:\/\/svetslik.si\/wp-content\/uploads\/2023\/06\/BUONO-VALORE-600x283.jpg 600w, https:\/\/svetslik.si\/wp-content\/uploads\/2023\/06\/BUONO-VALORE-1200x566.jpg 1200w, https:\/\/svetslik.si\/wp-content\/uploads\/2023\/06\/BUONO-VALORE-300x142.jpg 300w, https:\/\/svetslik.si\/wp-content\/uploads\/2023\/06\/BUONO-VALORE-1024x483.jpg 1024w, https:\/\/svetslik.si\/wp-content\/uploads\/2023\/06\/BUONO-VALORE-768x362.jpg 768w, https:\/\/svetslik.si\/wp-content\/uploads\/2023\/06\/BUONO-VALORE-150x71.jpg 150w\" sizes=\"(max-width: 1240px) 100vw, 1240px\" \/><\/div>\t\t\t\t\t\t\t\t\t\t\t\t\t\t\t\t\t\t\t\t\t\t\t<\/div>\n\t\t\t\t\t\t\t\t\t\t\t<\/div>\n\t\t\t\t\n\t\t\t\t\t<\/div>\n\t[\/vc_column][\/vc_row][vc_row][vc_column][vc_column_text]\n<h4>Buono regalo per un dipinto d&#8217;arte<\/h4>\n<p>Desideri regalare un dipinto, ma la consegna del dipinto non \u00e8 possibile entro la data di compleanno? Abbiamo la soluzione&#8230;<br \/>\nStampiamo e ti inviamo un <strong>buono regalo unico<\/strong>, che pu\u00f2 includere una <strong><em>dedica personale<\/em><\/strong> e una <strong><em>fotografia del dipinto ordinato<\/em><\/strong>.<\/p>\n<p><strong>Regala il buono regalo al destinatario, il dipinto verr\u00e0 consegnato quando sar\u00e0 completato.<\/strong><\/p>\n<p>Per creare questo buono, contattaci all&#8217;indirizzo info@svetslik.si o chiama il numero +386 51 675 637 e fornisci le seguenti informazioni:<\/p>\n<ol>\n<li>quale dipinto desideri regalare (possiamo dipingere anche quadri non presenti nella nostra offerta)<\/li>\n<li>dimensioni del dipinto ordinato<\/li>\n<li>eventuale cornice (il destinatario potr\u00e0 sceglierla successivamente, lo avviseremo quando il dipinto sar\u00e0 completato)<\/li>\n<li>testo della dedica<\/li>\n<li>indirizzo per la consegna del buono regalo<\/li>\n<li>indirizzo del destinatario per la consegna del dipinto<\/li>\n<li>contatto del destinatario per eventuali accordi sulla scelta della cornice<\/li>\n<\/ol>\n<p>Riceverai un&#8217;offerta per il dipinto come risposta. Riceverai il buono regalo personalizzato in una busta tramite posta, mentre il dipinto verr\u00e0 spedito al destinatario quando sar\u00e0 dipinto e incorniciato.<br \/>\nIl pagamento pu\u00f2 essere effettuato in anticipo tramite bonifico bancario o ti invieremo l&#8217;importo finale da pagare prima della consegna del dipinto.<\/p>\n<p>Il buono avr\u00e0 il seguente aspetto:[\/vc_column_text][\/vc_column][\/vc_row][vc_row][vc_column]\t<div id=\"et-image-slider-79\" class=\"et-image-slider slick slick-slider slick-dotted slick-dots-centered centered   \" data-adaptive-height=\"false\" variable-width=\"true\" data-pagination=\"true\" data-navigation=\"true\" data-center=\"\" data-fade=\"\" data-columns=\"1\" data-infinite=\"false\" data-autoplay=\"true\" data-autoplay-speed=\"\" data-pause=\"true\">\n\t\t\n\t\t\t\t\t<div class=\"gallery-item\">\n\t\t\t\t\t\t\t\t\t\t\t\t\t<div class=\"et-image-inner\">\n\t\t\t\t\t\t\t\t<div class=\"et_image_slider-wrapper\"><img decoding=\"async\" width=\"1240\" height=\"585\" src=\"https:\/\/svetslik.si\/wp-content\/uploads\/2023\/06\/BUONO-REGALO12.jpg\" class=\"et_image_slider-img attachment-full\" alt=\"Buono regalo\" title=\"Buono regalo\" srcset=\"https:\/\/svetslik.si\/wp-content\/uploads\/2023\/06\/BUONO-REGALO12.jpg 1240w, https:\/\/svetslik.si\/wp-content\/uploads\/2023\/06\/BUONO-REGALO12-600x283.jpg 600w, https:\/\/svetslik.si\/wp-content\/uploads\/2023\/06\/BUONO-REGALO12-1200x566.jpg 1200w, https:\/\/svetslik.si\/wp-content\/uploads\/2023\/06\/BUONO-REGALO12-300x142.jpg 300w, https:\/\/svetslik.si\/wp-content\/uploads\/2023\/06\/BUONO-REGALO12-1024x483.jpg 1024w, https:\/\/svetslik.si\/wp-content\/uploads\/2023\/06\/BUONO-REGALO12-768x362.jpg 768w, https:\/\/svetslik.si\/wp-content\/uploads\/2023\/06\/BUONO-REGALO12-150x71.jpg 150w\" sizes=\"(max-width: 1240px) 100vw, 1240px\" \/><\/div>\t\t\t\t\t\t\t\t\t\t\t\t\t\t\t\t\t\t\t\t\t\t\t<\/div>\n\t\t\t\t\t\t\t\t\t\t\t<\/div>\n\t\t\t\t\n\t\t\t\t\n\t\t\t\t\t<div class=\"gallery-item\">\n\t\t\t\t\t\t\t\t\t\t\t\t\t<div class=\"et-image-inner\">\n\t\t\t\t\t\t\t\t<div class=\"et_image_slider-wrapper\"><img decoding=\"async\" width=\"1240\" height=\"585\" src=\"https:\/\/svetslik.si\/wp-content\/uploads\/2023\/06\/BUONO-REGALO1.jpg\" class=\"et_image_slider-img attachment-full\" alt=\"Buono Regalo\" title=\"Buono Regalo\" srcset=\"https:\/\/svetslik.si\/wp-content\/uploads\/2023\/06\/BUONO-REGALO1.jpg 1240w, https:\/\/svetslik.si\/wp-content\/uploads\/2023\/06\/BUONO-REGALO1-600x283.jpg 600w, https:\/\/svetslik.si\/wp-content\/uploads\/2023\/06\/BUONO-REGALO1-1200x566.jpg 1200w, https:\/\/svetslik.si\/wp-content\/uploads\/2023\/06\/BUONO-REGALO1-300x142.jpg 300w, https:\/\/svetslik.si\/wp-content\/uploads\/2023\/06\/BUONO-REGALO1-1024x483.jpg 1024w, https:\/\/svetslik.si\/wp-content\/uploads\/2023\/06\/BUONO-REGALO1-768x362.jpg 768w, https:\/\/svetslik.si\/wp-content\/uploads\/2023\/06\/BUONO-REGALO1-150x71.jpg 150w\" sizes=\"(max-width: 1240px) 100vw, 1240px\" \/><\/div>\t\t\t\t\t\t\t\t\t\t\t\t\t\t\t\t\t\t\t\t\t\t\t<\/div>\n\t\t\t\t\t\t\t\t\t\t\t<\/div>\n\t\t\t\t\n\t\t\t\t\t<\/div>\n\t[\/vc_column][\/vc_row][vc_row][vc_column][\/vc_column][\/vc_row]\n<\/div>","protected":false},"excerpt":{"rendered":"<p>[vc_row][vc_column][vc_column_text] Buono regalo e buono valore Offriamo la possibilit\u00e0 di creare DUE tipi di buoni: Buono valore per l&#8217;acquisto di un dipinto d&#8217;arte Se desideri lasciare la scelta del dipinto al destinatario, regala un buono valore per un dipinto, che includa l&#8217;importo desiderato e un codice del buono valore. Puoi [&hellip;]<\/p>\n","protected":false},"featured_media":36477,"template":"","meta":{"_acf_changed":false},"product_brand":[],"product_cat":[4168],"product_tag":[],"class_list":{"0":"post-45650","1":"product","2":"type-product","3":"status-publish","4":"has-post-thumbnail","6":"product_cat-buono-regalo","7":"product_shipping_class-spedizione-per-un-buono-regalo","8":"pa_dimenzija-20-x-25-cm","9":"pa_dimenzija-30-x-40-cm","10":"pa_dimenzija-40-x-60-cm","11":"pa_dimenzija-90-x-120-cm","12":"pa_oblika-orizzontale","14":"first","15":"instock","16":"purchasable","17":"product-type-variable","18":"has-default-attributes"},"acf":[],"yoast_head":"<!-- This site is optimized with the Yoast SEO Premium plugin v26.0 (Yoast SEO v27.2) - https:\/\/yoast.com\/product\/yoast-seo-premium-wordpress\/ -->\n<title>Buono regalo - SVETSLIK.SI - Dipinto al 100% fatto a mano<\/title>\n<meta name=\"description\" content=\"Buono regalo - Riproduzioni di quadri d&#039;arte dipinte a mano al 100% su tela. Cornici per quadri, vendita e produzione di dimensioni su ordinazione.\" \/>\n<meta name=\"robots\" content=\"index, follow, max-snippet:-1, max-image-preview:large, max-video-preview:-1\" \/>\n<link rel=\"canonical\" href=\"https:\/\/svetslik.si\/it\/buono-regalo\/darilni-bon\/\" \/>\n<meta property=\"og:locale\" content=\"it_IT\" \/>\n<meta property=\"og:type\" content=\"article\" \/>\n<meta property=\"og:title\" content=\"Buono regalo\" \/>\n<meta property=\"og:description\" content=\"100% ro\u010dno naslikane slike na platnu, reprodukcije znanih slikarjev in umetni\u0161ke slike po naro\u010dilu.\" \/>\n<meta property=\"og:url\" content=\"https:\/\/svetslik.si\/it\/buono-regalo\/darilni-bon\/\" \/>\n<meta property=\"og:site_name\" content=\"SVETSLIK.SI\" \/>\n<meta property=\"article:publisher\" content=\"https:\/\/www.facebook.com\/svetslik.si\" \/>\n<meta property=\"article:modified_time\" content=\"2026-03-22T14:05:18+00:00\" \/>\n<meta property=\"og:image\" content=\"https:\/\/svetslik.si\/wp-content\/uploads\/2023\/06\/BUONO-VALORE2.jpg\" \/>\n\t<meta property=\"og:image:width\" content=\"1240\" \/>\n\t<meta property=\"og:image:height\" content=\"585\" \/>\n\t<meta property=\"og:image:type\" content=\"image\/jpeg\" \/>\n<meta name=\"twitter:card\" content=\"summary_large_image\" \/>\n<meta name=\"twitter:site\" content=\"@svetslik\" \/>\n<meta name=\"twitter:label1\" content=\"Disponibilit\u00e0\" \/>\n\t<meta name=\"twitter:data1\" content=\"Disponibile\" \/>\n<script type=\"application\/ld+json\" class=\"yoast-schema-graph\">{\"@context\":\"https:\/\/schema.org\",\"@graph\":[{\"@type\":[\"WebPage\",\"ItemPage\"],\"@id\":\"https:\/\/svetslik.si\/it\/buono-regalo\/darilni-bon\/\",\"url\":\"https:\/\/svetslik.si\/it\/buono-regalo\/darilni-bon\/\",\"name\":\"Buono regalo - SVETSLIK.SI - Dipinto al 100% fatto a mano\",\"isPartOf\":{\"@id\":\"https:\/\/svetslik.si\/it\/#website\"},\"primaryImageOfPage\":{\"@id\":\"https:\/\/svetslik.si\/it\/buono-regalo\/darilni-bon\/#primaryimage\"},\"image\":{\"@id\":\"https:\/\/svetslik.si\/it\/buono-regalo\/darilni-bon\/#primaryimage\"},\"thumbnailUrl\":\"https:\/\/svetslik.si\/wp-content\/uploads\/2023\/06\/BUONO-VALORE2.jpg\",\"datePublished\":\"2022-08-23T10:09:25+00:00\",\"dateModified\":\"2026-03-22T14:05:18+00:00\",\"description\":\"Buono regalo - Riproduzioni di quadri d'arte dipinte a mano al 100% su tela. Cornici per quadri, vendita e produzione di dimensioni su ordinazione.\",\"breadcrumb\":{\"@id\":\"https:\/\/svetslik.si\/it\/buono-regalo\/darilni-bon\/#breadcrumb\"},\"inLanguage\":\"it-IT\",\"potentialAction\":[{\"@type\":\"ReadAction\",\"target\":[\"https:\/\/svetslik.si\/it\/buono-regalo\/darilni-bon\/\"]}]},{\"@type\":\"ImageObject\",\"inLanguage\":\"it-IT\",\"@id\":\"https:\/\/svetslik.si\/it\/buono-regalo\/darilni-bon\/#primaryimage\",\"url\":\"https:\/\/svetslik.si\/wp-content\/uploads\/2023\/06\/BUONO-VALORE2.jpg\",\"contentUrl\":\"https:\/\/svetslik.si\/wp-content\/uploads\/2023\/06\/BUONO-VALORE2.jpg\",\"width\":1240,\"height\":585,\"caption\":\"BUONO VALORE\"},{\"@type\":\"BreadcrumbList\",\"@id\":\"https:\/\/svetslik.si\/it\/buono-regalo\/darilni-bon\/#breadcrumb\",\"itemListElement\":[{\"@type\":\"ListItem\",\"position\":1,\"name\":\"Fali m\u0171v\u00e9szet \u00e9s festm\u00e9nyek v\u00e1szonra\",\"item\":\"https:\/\/svetslik.si\/it\/\"},{\"@type\":\"ListItem\",\"position\":2,\"name\":\"Vendita di dipinti\",\"item\":\"https:\/\/svetslik.si\/prodaja-slik\/\"},{\"@type\":\"ListItem\",\"position\":3,\"name\":\"Buono regalo\"}]},{\"@type\":\"WebSite\",\"@id\":\"https:\/\/svetslik.si\/it\/#website\",\"url\":\"https:\/\/svetslik.si\/it\/\",\"name\":\"SVETSLIK.SI\",\"description\":\"100% riproduzioni dipinte a mano di quadri di pittori famosi e dipinti su tela.\",\"publisher\":{\"@id\":\"https:\/\/svetslik.si\/it\/#organization\"},\"potentialAction\":[{\"@type\":\"SearchAction\",\"target\":{\"@type\":\"EntryPoint\",\"urlTemplate\":\"https:\/\/svetslik.si\/it\/?s={search_term_string}\"},\"query-input\":{\"@type\":\"PropertyValueSpecification\",\"valueRequired\":true,\"valueName\":\"search_term_string\"}}],\"inLanguage\":\"it-IT\"},{\"@type\":\"Organization\",\"@id\":\"https:\/\/svetslik.si\/it\/#organization\",\"name\":\"SvetSlik.si\",\"url\":\"https:\/\/svetslik.si\/it\/\",\"logo\":{\"@type\":\"ImageObject\",\"inLanguage\":\"it-IT\",\"@id\":\"https:\/\/svetslik.si\/it\/#\/schema\/logo\/image\/\",\"url\":\"https:\/\/svetslik.si\/wp-content\/uploads\/2020\/12\/logo-512.png\",\"contentUrl\":\"https:\/\/svetslik.si\/wp-content\/uploads\/2020\/12\/logo-512.png\",\"width\":512,\"height\":512,\"caption\":\"SvetSlik.si\"},\"image\":{\"@id\":\"https:\/\/svetslik.si\/it\/#\/schema\/logo\/image\/\"},\"sameAs\":[\"https:\/\/www.facebook.com\/svetslik.si\",\"https:\/\/x.com\/svetslik\",\"https:\/\/www.instagram.com\/svetslik.si\/\",\"https:\/\/www.linkedin.com\/company\/svetslik-si\"]}]}<\/script>\n<meta property=\"og:availability\" content=\"instock\" \/>\n<meta property=\"product:availability\" content=\"instock\" \/>\n<meta property=\"product:retailer_item_id\" content=\"824__-1\" \/>\n<meta property=\"product:condition\" content=\"new\" \/>\n<!-- \/ Yoast SEO Premium plugin. -->","yoast_head_json":{"title":"Buono regalo - SVETSLIK.SI - Dipinto al 100% fatto a mano","description":"Buono regalo - Riproduzioni di quadri d'arte dipinte a mano al 100% su tela. Cornici per quadri, vendita e produzione di dimensioni su ordinazione.","robots":{"index":"index","follow":"follow","max-snippet":"max-snippet:-1","max-image-preview":"max-image-preview:large","max-video-preview":"max-video-preview:-1"},"canonical":"https:\/\/svetslik.si\/it\/buono-regalo\/darilni-bon\/","og_locale":"it_IT","og_type":"article","og_title":"Buono regalo","og_description":"100% ro\u010dno naslikane slike na platnu, reprodukcije znanih slikarjev in umetni\u0161ke slike po naro\u010dilu.","og_url":"https:\/\/svetslik.si\/it\/buono-regalo\/darilni-bon\/","og_site_name":"SVETSLIK.SI","article_publisher":"https:\/\/www.facebook.com\/svetslik.si","article_modified_time":"2026-03-22T14:05:18+00:00","og_image":[{"width":1240,"height":585,"url":"https:\/\/svetslik.si\/wp-content\/uploads\/2023\/06\/BUONO-VALORE2.jpg","type":"image\/jpeg"}],"twitter_card":"summary_large_image","twitter_site":"@svetslik","twitter_misc":{"Disponibilit\u00e0":"Disponibile"},"schema":{"@context":"https:\/\/schema.org","@graph":[{"@type":["WebPage","ItemPage"],"@id":"https:\/\/svetslik.si\/it\/buono-regalo\/darilni-bon\/","url":"https:\/\/svetslik.si\/it\/buono-regalo\/darilni-bon\/","name":"Buono regalo - SVETSLIK.SI - Dipinto al 100% fatto a mano","isPartOf":{"@id":"https:\/\/svetslik.si\/it\/#website"},"primaryImageOfPage":{"@id":"https:\/\/svetslik.si\/it\/buono-regalo\/darilni-bon\/#primaryimage"},"image":{"@id":"https:\/\/svetslik.si\/it\/buono-regalo\/darilni-bon\/#primaryimage"},"thumbnailUrl":"https:\/\/svetslik.si\/wp-content\/uploads\/2023\/06\/BUONO-VALORE2.jpg","datePublished":"2022-08-23T10:09:25+00:00","dateModified":"2026-03-22T14:05:18+00:00","description":"Buono regalo - Riproduzioni di quadri d'arte dipinte a mano al 100% su tela. Cornici per quadri, vendita e produzione di dimensioni su ordinazione.","breadcrumb":{"@id":"https:\/\/svetslik.si\/it\/buono-regalo\/darilni-bon\/#breadcrumb"},"inLanguage":"it-IT","potentialAction":[{"@type":"ReadAction","target":["https:\/\/svetslik.si\/it\/buono-regalo\/darilni-bon\/"]}]},{"@type":"ImageObject","inLanguage":"it-IT","@id":"https:\/\/svetslik.si\/it\/buono-regalo\/darilni-bon\/#primaryimage","url":"https:\/\/svetslik.si\/wp-content\/uploads\/2023\/06\/BUONO-VALORE2.jpg","contentUrl":"https:\/\/svetslik.si\/wp-content\/uploads\/2023\/06\/BUONO-VALORE2.jpg","width":1240,"height":585,"caption":"BUONO VALORE"},{"@type":"BreadcrumbList","@id":"https:\/\/svetslik.si\/it\/buono-regalo\/darilni-bon\/#breadcrumb","itemListElement":[{"@type":"ListItem","position":1,"name":"Fali m\u0171v\u00e9szet \u00e9s festm\u00e9nyek v\u00e1szonra","item":"https:\/\/svetslik.si\/it\/"},{"@type":"ListItem","position":2,"name":"Vendita di dipinti","item":"https:\/\/svetslik.si\/prodaja-slik\/"},{"@type":"ListItem","position":3,"name":"Buono regalo"}]},{"@type":"WebSite","@id":"https:\/\/svetslik.si\/it\/#website","url":"https:\/\/svetslik.si\/it\/","name":"SVETSLIK.SI","description":"100% riproduzioni dipinte a mano di quadri di pittori famosi e dipinti su tela.","publisher":{"@id":"https:\/\/svetslik.si\/it\/#organization"},"potentialAction":[{"@type":"SearchAction","target":{"@type":"EntryPoint","urlTemplate":"https:\/\/svetslik.si\/it\/?s={search_term_string}"},"query-input":{"@type":"PropertyValueSpecification","valueRequired":true,"valueName":"search_term_string"}}],"inLanguage":"it-IT"},{"@type":"Organization","@id":"https:\/\/svetslik.si\/it\/#organization","name":"SvetSlik.si","url":"https:\/\/svetslik.si\/it\/","logo":{"@type":"ImageObject","inLanguage":"it-IT","@id":"https:\/\/svetslik.si\/it\/#\/schema\/logo\/image\/","url":"https:\/\/svetslik.si\/wp-content\/uploads\/2020\/12\/logo-512.png","contentUrl":"https:\/\/svetslik.si\/wp-content\/uploads\/2020\/12\/logo-512.png","width":512,"height":512,"caption":"SvetSlik.si"},"image":{"@id":"https:\/\/svetslik.si\/it\/#\/schema\/logo\/image\/"},"sameAs":["https:\/\/www.facebook.com\/svetslik.si","https:\/\/x.com\/svetslik","https:\/\/www.instagram.com\/svetslik.si\/","https:\/\/www.linkedin.com\/company\/svetslik-si"]}]},"og_availability":"instock","product_availability":"instock","product_retailer_item_id":"824__-1","product_condition":"new"},"jetpack_sharing_enabled":true,"_links":{"self":[{"href":"https:\/\/svetslik.si\/it\/wp-json\/wp\/v2\/product\/45650","targetHints":{"allow":["GET"]}}],"collection":[{"href":"https:\/\/svetslik.si\/it\/wp-json\/wp\/v2\/product"}],"about":[{"href":"https:\/\/svetslik.si\/it\/wp-json\/wp\/v2\/types\/product"}],"wp:featuredmedia":[{"embeddable":true,"href":"https:\/\/svetslik.si\/it\/wp-json\/wp\/v2\/media\/36477"}],"wp:attachment":[{"href":"https:\/\/svetslik.si\/it\/wp-json\/wp\/v2\/media?parent=45650"}],"wp:term":[{"taxonomy":"product_brand","embeddable":true,"href":"https:\/\/svetslik.si\/it\/wp-json\/wp\/v2\/product_brand?post=45650"},{"taxonomy":"product_cat","embeddable":true,"href":"https:\/\/svetslik.si\/it\/wp-json\/wp\/v2\/product_cat?post=45650"},{"taxonomy":"product_tag","embeddable":true,"href":"https:\/\/svetslik.si\/it\/wp-json\/wp\/v2\/product_tag?post=45650"}],"curies":[{"name":"wp","href":"https:\/\/api.w.org\/{rel}","templated":true}]}}