{"id":46159,"date":"2022-10-28T20:24:44","date_gmt":"2022-10-28T18:24:44","guid":{"rendered":"https:\/\/svetslik.si\/senza-categoria\/dvodelne-slike-na-platnu-d129-1\/"},"modified":"2023-05-24T11:55:39","modified_gmt":"2023-05-24T09:55:39","slug":"dipinti-su-tela-d129-1","status":"publish","type":"product","link":"https:\/\/svetslik.si\/it\/quadri-moderni-due-parti\/dipinti-su-tela-d129-1\/","title":{"rendered":"Dipinti su tela &#8211; D129-1"},"content":{"rendered":"<div class=\"wpb-content-wrapper\">[vc_row css=&#8221;.vc_custom_1661420408540{margin-bottom: 10px !important;}&#8221;][vc_column]\t<div class=\"et-image-594 et-image     et_image_link\">\n\t\t<div class=\"et-image-inner \">\n\t\t\t\t\t\t\t<div class=\"et-image-thumb \">\n\t\t\t\t\t<img decoding=\"async\" width=\"800\" height=\"800\" src=\"https:\/\/svetslik.si\/wp-content\/uploads\/2022\/10\/slike-na-platnu-D129-2.jpg\" class=\"attachment-full\" alt=\"Dipinti su tela - D129-1\" title=\"Dipinti su tela - D129-1\" srcset=\"https:\/\/svetslik.si\/wp-content\/uploads\/2022\/10\/slike-na-platnu-D129-2.jpg 800w, https:\/\/svetslik.si\/wp-content\/uploads\/2022\/10\/slike-na-platnu-D129-2-600x600.jpg 600w, https:\/\/svetslik.si\/wp-content\/uploads\/2022\/10\/slike-na-platnu-D129-2-100x100.jpg 100w, https:\/\/svetslik.si\/wp-content\/uploads\/2022\/10\/slike-na-platnu-D129-2-300x300.jpg 300w, https:\/\/svetslik.si\/wp-content\/uploads\/2022\/10\/slike-na-platnu-D129-2-150x150.jpg 150w, https:\/\/svetslik.si\/wp-content\/uploads\/2022\/10\/slike-na-platnu-D129-2-768x768.jpg 768w, https:\/\/svetslik.si\/wp-content\/uploads\/2022\/10\/slike-na-platnu-D129-2-12x12.jpg 12w\" sizes=\"(max-width: 800px) 100vw, 800px\" \/>\t\t\t\t<\/div>\n\t\t\t\t\t\t\t\t\t\t\t<\/div>\n\t<\/div>\n  [\/vc_column][\/vc_row][vc_row css=&#8221;.vc_custom_1661420408540{margin-bottom: 10px !important;}&#8221;][vc_column]\t<div class=\"et-image-146 et-image     et_image_link\">\n\t\t<div class=\"et-image-inner \">\n\t\t\t\t\t\t\t<div class=\"et-image-thumb \">\n\t\t\t\t\t<img decoding=\"async\" width=\"800\" height=\"800\" src=\"https:\/\/svetslik.si\/wp-content\/uploads\/2022\/10\/slike-na-platnu-D129-3.png\" class=\"attachment-full\" alt=\"Dipinti su tela - D129-1\" title=\"Dipinti su tela - D129-1\" srcset=\"https:\/\/svetslik.si\/wp-content\/uploads\/2022\/10\/slike-na-platnu-D129-3.png 800w, https:\/\/svetslik.si\/wp-content\/uploads\/2022\/10\/slike-na-platnu-D129-3-600x600.png 600w, https:\/\/svetslik.si\/wp-content\/uploads\/2022\/10\/slike-na-platnu-D129-3-100x100.png 100w, https:\/\/svetslik.si\/wp-content\/uploads\/2022\/10\/slike-na-platnu-D129-3-300x300.png 300w, https:\/\/svetslik.si\/wp-content\/uploads\/2022\/10\/slike-na-platnu-D129-3-150x150.png 150w, https:\/\/svetslik.si\/wp-content\/uploads\/2022\/10\/slike-na-platnu-D129-3-768x768.png 768w, https:\/\/svetslik.si\/wp-content\/uploads\/2022\/10\/slike-na-platnu-D129-3-12x12.png 12w\" sizes=\"(max-width: 800px) 100vw, 800px\" \/>\t\t\t\t<\/div>\n\t\t\t\t\t\t\t\t\t\t\t<\/div>\n\t<\/div>\n  [\/vc_column][\/vc_row][vc_row css=&#8221;.vc_custom_1661420408540{margin-bottom: 10px !important;}&#8221;][vc_column]\t<div class=\"et-image-987 et-image     et_image_link\">\n\t\t<div class=\"et-image-inner \">\n\t\t\t\t\t\t\t<div class=\"et-image-thumb \">\n\t\t\t\t\t<img decoding=\"async\" width=\"800\" height=\"800\" src=\"https:\/\/svetslik.si\/wp-content\/uploads\/2022\/10\/slike-na-platnu-D129-3.png\" class=\"attachment-full\" alt=\"Dipinti su tela - D129-1\" title=\"Dipinti su tela - D129-1\" srcset=\"https:\/\/svetslik.si\/wp-content\/uploads\/2022\/10\/slike-na-platnu-D129-3.png 800w, https:\/\/svetslik.si\/wp-content\/uploads\/2022\/10\/slike-na-platnu-D129-3-600x600.png 600w, https:\/\/svetslik.si\/wp-content\/uploads\/2022\/10\/slike-na-platnu-D129-3-100x100.png 100w, https:\/\/svetslik.si\/wp-content\/uploads\/2022\/10\/slike-na-platnu-D129-3-300x300.png 300w, https:\/\/svetslik.si\/wp-content\/uploads\/2022\/10\/slike-na-platnu-D129-3-150x150.png 150w, https:\/\/svetslik.si\/wp-content\/uploads\/2022\/10\/slike-na-platnu-D129-3-768x768.png 768w, https:\/\/svetslik.si\/wp-content\/uploads\/2022\/10\/slike-na-platnu-D129-3-12x12.png 12w\" sizes=\"(max-width: 800px) 100vw, 800px\" \/>\t\t\t\t<\/div>\n\t\t\t\t\t\t\t\t\t\t\t<\/div>\n\t<\/div>\n  [\/vc_column][\/vc_row]\n<\/div>","protected":false},"excerpt":{"rendered":"<p>[vc_row css=&#8221;.vc_custom_1661420408540{margin-bottom: 10px !important;}&#8221;][vc_column][\/vc_column][\/vc_row][vc_row css=&#8221;.vc_custom_1661420408540{margin-bottom: 10px !important;}&#8221;][vc_column][\/vc_column][\/vc_row][vc_row css=&#8221;.vc_custom_1661420408540{margin-bottom: 10px !important;}&#8221;][vc_column][\/vc_column][\/vc_row]<\/p>\n","protected":false},"featured_media":36791,"template":"","meta":{"_acf_changed":false},"product_brand":[],"product_cat":[4191],"product_tag":[4208,4217,4254,4230,4267,4262,4257,4255],"class_list":{"0":"post-46159","1":"product","2":"type-product","3":"status-publish","4":"has-post-thumbnail","6":"product_cat-quadri-moderni-due-parti","7":"product_tag-quadri-astratti-it","8":"product_tag-quadri-in-due-parti","9":"product_tag-quadri-moderni-it","10":"product_tag-quadri-moderni","11":"product_tag-quadri-multiparte","12":"product_tag-quadri-murali","13":"product_tag-quadri-per-il-soggiorno","14":"product_tag-quadri-per-soggiorno","15":"pa_dimenzija-100-cm-x-140-cm-2-x-100-x-70","16":"pa_dimenzija-70-cm-x-100-cm-2-x-70-x-50","17":"pa_dimenzija-75-cm-x-110-cm-2-x-75-x-55","18":"pa_dimenzija-85-cm-x-120-cm-2-x-85-x-60","19":"pa_dimenzija-90-cm-x-130-cm-2-x-90-x-65","20":"pa_oblika-orizzontale","21":"pa_pod-okvir-incluso-nel-prezzo","22":"pa_podokvir-no","23":"pa_podokvir-si","25":"first","26":"onbackorder","27":"purchasable","28":"product-type-variable"},"acf":[],"yoast_head":"<!-- This site is optimized with the Yoast SEO Premium plugin v26.0 (Yoast SEO v27.2) - https:\/\/yoast.com\/product\/yoast-seo-premium-wordpress\/ -->\n<title>Dipinti su tela - D129-1 - SVETSLIK.SI - Dipinto al 100% fatto a mano<\/title>\n<meta name=\"description\" content=\"Dipinti su tela - D129-1 - Riproduzioni di quadri d&#039;arte al 100% dipinti a mano su tela. Cornici per quadri, vendita e realizzazione di dimensioni su ordinazione.\" \/>\n<meta name=\"robots\" content=\"index, follow, max-snippet:-1, max-image-preview:large, max-video-preview:-1\" \/>\n<link rel=\"canonical\" href=\"https:\/\/svetslik.si\/it\/quadri-moderni-due-parti\/dipinti-su-tela-d129-1\/\" \/>\n<meta property=\"og:locale\" content=\"it_IT\" \/>\n<meta property=\"og:type\" content=\"article\" \/>\n<meta property=\"og:title\" content=\"Dipinti su tela - D129-1\" \/>\n<meta property=\"og:description\" content=\"100% ro\u010dno naslikane slike na platnu, reprodukcije znanih slikarjev in umetni\u0161ke slike po naro\u010dilu.\" \/>\n<meta property=\"og:url\" content=\"https:\/\/svetslik.si\/it\/quadri-moderni-due-parti\/dipinti-su-tela-d129-1\/\" \/>\n<meta property=\"og:site_name\" content=\"SVETSLIK.SI\" \/>\n<meta property=\"article:publisher\" content=\"https:\/\/www.facebook.com\/svetslik.si\" \/>\n<meta property=\"article:modified_time\" content=\"2023-05-24T09:55:39+00:00\" \/>\n<meta property=\"og:image\" content=\"https:\/\/svetslik.si\/wp-content\/uploads\/2022\/10\/slike-na-platnu-D129.png\" \/>\n\t<meta property=\"og:image:width\" content=\"800\" \/>\n\t<meta property=\"og:image:height\" content=\"518\" \/>\n\t<meta property=\"og:image:type\" content=\"image\/png\" \/>\n<meta name=\"twitter:card\" content=\"summary_large_image\" \/>\n<meta name=\"twitter:site\" content=\"@svetslik\" \/>\n<meta name=\"twitter:label1\" content=\"Disponibilit\u00e0\" \/>\n\t<meta name=\"twitter:data1\" content=\"Su ordinazione\" \/>\n<script type=\"application\/ld+json\" class=\"yoast-schema-graph\">{\"@context\":\"https:\/\/schema.org\",\"@graph\":[{\"@type\":[\"WebPage\",\"ItemPage\"],\"@id\":\"https:\/\/svetslik.si\/it\/quadri-moderni-due-parti\/dipinti-su-tela-d129-1\/\",\"url\":\"https:\/\/svetslik.si\/it\/quadri-moderni-due-parti\/dipinti-su-tela-d129-1\/\",\"name\":\"Dipinti su tela - D129-1 - SVETSLIK.SI - Dipinto al 100% fatto a mano\",\"isPartOf\":{\"@id\":\"https:\/\/svetslik.si\/it\/#website\"},\"primaryImageOfPage\":{\"@id\":\"https:\/\/svetslik.si\/it\/quadri-moderni-due-parti\/dipinti-su-tela-d129-1\/#primaryimage\"},\"image\":{\"@id\":\"https:\/\/svetslik.si\/it\/quadri-moderni-due-parti\/dipinti-su-tela-d129-1\/#primaryimage\"},\"thumbnailUrl\":\"https:\/\/svetslik.si\/wp-content\/uploads\/2022\/10\/slike-na-platnu-D129.png\",\"datePublished\":\"2022-10-28T18:24:44+00:00\",\"dateModified\":\"2023-05-24T09:55:39+00:00\",\"description\":\"Dipinti su tela - D129-1 - Riproduzioni di quadri d'arte al 100% dipinti a mano su tela. Cornici per quadri, vendita e realizzazione di dimensioni su ordinazione.\",\"breadcrumb\":{\"@id\":\"https:\/\/svetslik.si\/it\/quadri-moderni-due-parti\/dipinti-su-tela-d129-1\/#breadcrumb\"},\"inLanguage\":\"it-IT\",\"potentialAction\":[{\"@type\":\"ReadAction\",\"target\":[\"https:\/\/svetslik.si\/it\/quadri-moderni-due-parti\/dipinti-su-tela-d129-1\/\"]}]},{\"@type\":\"ImageObject\",\"inLanguage\":\"it-IT\",\"@id\":\"https:\/\/svetslik.si\/it\/quadri-moderni-due-parti\/dipinti-su-tela-d129-1\/#primaryimage\",\"url\":\"https:\/\/svetslik.si\/wp-content\/uploads\/2022\/10\/slike-na-platnu-D129.png\",\"contentUrl\":\"https:\/\/svetslik.si\/wp-content\/uploads\/2022\/10\/slike-na-platnu-D129.png\",\"width\":800,\"height\":518,\"caption\":\"Dipinti su tela - D129-1\"},{\"@type\":\"BreadcrumbList\",\"@id\":\"https:\/\/svetslik.si\/it\/quadri-moderni-due-parti\/dipinti-su-tela-d129-1\/#breadcrumb\",\"itemListElement\":[{\"@type\":\"ListItem\",\"position\":1,\"name\":\"Fali m\u0171v\u00e9szet \u00e9s festm\u00e9nyek v\u00e1szonra\",\"item\":\"https:\/\/svetslik.si\/it\/\"},{\"@type\":\"ListItem\",\"position\":2,\"name\":\"Vendita di dipinti\",\"item\":\"https:\/\/svetslik.si\/prodaja-slik\/\"},{\"@type\":\"ListItem\",\"position\":3,\"name\":\"Dipinti su tela &#8211; D129-1\"}]},{\"@type\":\"WebSite\",\"@id\":\"https:\/\/svetslik.si\/it\/#website\",\"url\":\"https:\/\/svetslik.si\/it\/\",\"name\":\"SVETSLIK.SI\",\"description\":\"100% riproduzioni dipinte a mano di quadri di pittori famosi e dipinti su tela.\",\"publisher\":{\"@id\":\"https:\/\/svetslik.si\/it\/#organization\"},\"potentialAction\":[{\"@type\":\"SearchAction\",\"target\":{\"@type\":\"EntryPoint\",\"urlTemplate\":\"https:\/\/svetslik.si\/it\/?s={search_term_string}\"},\"query-input\":{\"@type\":\"PropertyValueSpecification\",\"valueRequired\":true,\"valueName\":\"search_term_string\"}}],\"inLanguage\":\"it-IT\"},{\"@type\":\"Organization\",\"@id\":\"https:\/\/svetslik.si\/it\/#organization\",\"name\":\"SvetSlik.si\",\"url\":\"https:\/\/svetslik.si\/it\/\",\"logo\":{\"@type\":\"ImageObject\",\"inLanguage\":\"it-IT\",\"@id\":\"https:\/\/svetslik.si\/it\/#\/schema\/logo\/image\/\",\"url\":\"https:\/\/svetslik.si\/wp-content\/uploads\/2020\/12\/logo-512.png\",\"contentUrl\":\"https:\/\/svetslik.si\/wp-content\/uploads\/2020\/12\/logo-512.png\",\"width\":512,\"height\":512,\"caption\":\"SvetSlik.si\"},\"image\":{\"@id\":\"https:\/\/svetslik.si\/it\/#\/schema\/logo\/image\/\"},\"sameAs\":[\"https:\/\/www.facebook.com\/svetslik.si\",\"https:\/\/x.com\/svetslik\",\"https:\/\/www.instagram.com\/svetslik.si\/\",\"https:\/\/www.linkedin.com\/company\/svetslik-si\"]}]}<\/script>\n<meta property=\"og:availability\" content=\"backorder\" \/>\n<meta property=\"product:availability\" content=\"available for order\" \/>\n<meta property=\"product:retailer_item_id\" content=\"979__-1-1-2\" \/>\n<meta property=\"product:condition\" content=\"new\" \/>\n<!-- \/ Yoast SEO Premium plugin. -->","yoast_head_json":{"title":"Dipinti su tela - D129-1 - SVETSLIK.SI - Dipinto al 100% fatto a mano","description":"Dipinti su tela - D129-1 - Riproduzioni di quadri d'arte al 100% dipinti a mano su tela. Cornici per quadri, vendita e realizzazione di dimensioni su ordinazione.","robots":{"index":"index","follow":"follow","max-snippet":"max-snippet:-1","max-image-preview":"max-image-preview:large","max-video-preview":"max-video-preview:-1"},"canonical":"https:\/\/svetslik.si\/it\/quadri-moderni-due-parti\/dipinti-su-tela-d129-1\/","og_locale":"it_IT","og_type":"article","og_title":"Dipinti su tela - D129-1","og_description":"100% ro\u010dno naslikane slike na platnu, reprodukcije znanih slikarjev in umetni\u0161ke slike po naro\u010dilu.","og_url":"https:\/\/svetslik.si\/it\/quadri-moderni-due-parti\/dipinti-su-tela-d129-1\/","og_site_name":"SVETSLIK.SI","article_publisher":"https:\/\/www.facebook.com\/svetslik.si","article_modified_time":"2023-05-24T09:55:39+00:00","og_image":[{"width":800,"height":518,"url":"https:\/\/svetslik.si\/wp-content\/uploads\/2022\/10\/slike-na-platnu-D129.png","type":"image\/png"}],"twitter_card":"summary_large_image","twitter_site":"@svetslik","twitter_misc":{"Disponibilit\u00e0":"Su ordinazione"},"schema":{"@context":"https:\/\/schema.org","@graph":[{"@type":["WebPage","ItemPage"],"@id":"https:\/\/svetslik.si\/it\/quadri-moderni-due-parti\/dipinti-su-tela-d129-1\/","url":"https:\/\/svetslik.si\/it\/quadri-moderni-due-parti\/dipinti-su-tela-d129-1\/","name":"Dipinti su tela - D129-1 - SVETSLIK.SI - Dipinto al 100% fatto a mano","isPartOf":{"@id":"https:\/\/svetslik.si\/it\/#website"},"primaryImageOfPage":{"@id":"https:\/\/svetslik.si\/it\/quadri-moderni-due-parti\/dipinti-su-tela-d129-1\/#primaryimage"},"image":{"@id":"https:\/\/svetslik.si\/it\/quadri-moderni-due-parti\/dipinti-su-tela-d129-1\/#primaryimage"},"thumbnailUrl":"https:\/\/svetslik.si\/wp-content\/uploads\/2022\/10\/slike-na-platnu-D129.png","datePublished":"2022-10-28T18:24:44+00:00","dateModified":"2023-05-24T09:55:39+00:00","description":"Dipinti su tela - D129-1 - Riproduzioni di quadri d'arte al 100% dipinti a mano su tela. Cornici per quadri, vendita e realizzazione di dimensioni su ordinazione.","breadcrumb":{"@id":"https:\/\/svetslik.si\/it\/quadri-moderni-due-parti\/dipinti-su-tela-d129-1\/#breadcrumb"},"inLanguage":"it-IT","potentialAction":[{"@type":"ReadAction","target":["https:\/\/svetslik.si\/it\/quadri-moderni-due-parti\/dipinti-su-tela-d129-1\/"]}]},{"@type":"ImageObject","inLanguage":"it-IT","@id":"https:\/\/svetslik.si\/it\/quadri-moderni-due-parti\/dipinti-su-tela-d129-1\/#primaryimage","url":"https:\/\/svetslik.si\/wp-content\/uploads\/2022\/10\/slike-na-platnu-D129.png","contentUrl":"https:\/\/svetslik.si\/wp-content\/uploads\/2022\/10\/slike-na-platnu-D129.png","width":800,"height":518,"caption":"Dipinti su tela - D129-1"},{"@type":"BreadcrumbList","@id":"https:\/\/svetslik.si\/it\/quadri-moderni-due-parti\/dipinti-su-tela-d129-1\/#breadcrumb","itemListElement":[{"@type":"ListItem","position":1,"name":"Fali m\u0171v\u00e9szet \u00e9s festm\u00e9nyek v\u00e1szonra","item":"https:\/\/svetslik.si\/it\/"},{"@type":"ListItem","position":2,"name":"Vendita di dipinti","item":"https:\/\/svetslik.si\/prodaja-slik\/"},{"@type":"ListItem","position":3,"name":"Dipinti su tela &#8211; D129-1"}]},{"@type":"WebSite","@id":"https:\/\/svetslik.si\/it\/#website","url":"https:\/\/svetslik.si\/it\/","name":"SVETSLIK.SI","description":"100% riproduzioni dipinte a mano di quadri di pittori famosi e dipinti su tela.","publisher":{"@id":"https:\/\/svetslik.si\/it\/#organization"},"potentialAction":[{"@type":"SearchAction","target":{"@type":"EntryPoint","urlTemplate":"https:\/\/svetslik.si\/it\/?s={search_term_string}"},"query-input":{"@type":"PropertyValueSpecification","valueRequired":true,"valueName":"search_term_string"}}],"inLanguage":"it-IT"},{"@type":"Organization","@id":"https:\/\/svetslik.si\/it\/#organization","name":"SvetSlik.si","url":"https:\/\/svetslik.si\/it\/","logo":{"@type":"ImageObject","inLanguage":"it-IT","@id":"https:\/\/svetslik.si\/it\/#\/schema\/logo\/image\/","url":"https:\/\/svetslik.si\/wp-content\/uploads\/2020\/12\/logo-512.png","contentUrl":"https:\/\/svetslik.si\/wp-content\/uploads\/2020\/12\/logo-512.png","width":512,"height":512,"caption":"SvetSlik.si"},"image":{"@id":"https:\/\/svetslik.si\/it\/#\/schema\/logo\/image\/"},"sameAs":["https:\/\/www.facebook.com\/svetslik.si","https:\/\/x.com\/svetslik","https:\/\/www.instagram.com\/svetslik.si\/","https:\/\/www.linkedin.com\/company\/svetslik-si"]}]},"og_availability":"backorder","product_availability":"available for order","product_retailer_item_id":"979__-1-1-2","product_condition":"new"},"jetpack_sharing_enabled":true,"_links":{"self":[{"href":"https:\/\/svetslik.si\/it\/wp-json\/wp\/v2\/product\/46159","targetHints":{"allow":["GET"]}}],"collection":[{"href":"https:\/\/svetslik.si\/it\/wp-json\/wp\/v2\/product"}],"about":[{"href":"https:\/\/svetslik.si\/it\/wp-json\/wp\/v2\/types\/product"}],"wp:featuredmedia":[{"embeddable":true,"href":"https:\/\/svetslik.si\/it\/wp-json\/wp\/v2\/media\/36791"}],"wp:attachment":[{"href":"https:\/\/svetslik.si\/it\/wp-json\/wp\/v2\/media?parent=46159"}],"wp:term":[{"taxonomy":"product_brand","embeddable":true,"href":"https:\/\/svetslik.si\/it\/wp-json\/wp\/v2\/product_brand?post=46159"},{"taxonomy":"product_cat","embeddable":true,"href":"https:\/\/svetslik.si\/it\/wp-json\/wp\/v2\/product_cat?post=46159"},{"taxonomy":"product_tag","embeddable":true,"href":"https:\/\/svetslik.si\/it\/wp-json\/wp\/v2\/product_tag?post=46159"}],"curies":[{"name":"wp","href":"https:\/\/api.w.org\/{rel}","templated":true}]}}