{"id":46317,"date":"2023-02-20T15:54:17","date_gmt":"2023-02-20T14:54:17","guid":{"rendered":"https:\/\/svetslik.si\/senza-categoria\/stenske-slike-d47-2\/"},"modified":"2024-07-11T14:19:32","modified_gmt":"2024-07-11T12:19:32","slug":"quadri-moderni-d47-2","status":"publish","type":"product","link":"https:\/\/svetslik.si\/it\/quadri-moderni-due-parti\/quadri-moderni-d47-2\/","title":{"rendered":"Quadri moderni &#8211; D47-2"},"content":{"rendered":"<div class=\"wpb-content-wrapper\">[vc_row css=&#8221;.vc_custom_1676892297018{margin-bottom: 10px !important;}&#8221;][vc_column]\t<div class=\"et-image-314 et-image     et_image_link\">\n\t\t<div class=\"et-image-inner \">\n\t\t\t\t\t\t\t<div class=\"et-image-thumb \">\n\t\t\t\t\t<img decoding=\"async\" width=\"898\" height=\"898\" src=\"https:\/\/svetslik.si\/wp-content\/uploads\/2023\/02\/stenske-slike-D47-12.jpg\" class=\"attachment-full\" alt=\"Quadri moderni - D47-2\" title=\"Quadri moderni - D47-2\" srcset=\"https:\/\/svetslik.si\/wp-content\/uploads\/2023\/02\/stenske-slike-D47-12.jpg 898w, https:\/\/svetslik.si\/wp-content\/uploads\/2023\/02\/stenske-slike-D47-12-600x600.jpg 600w, https:\/\/svetslik.si\/wp-content\/uploads\/2023\/02\/stenske-slike-D47-12-100x100.jpg 100w, https:\/\/svetslik.si\/wp-content\/uploads\/2023\/02\/stenske-slike-D47-12-300x300.jpg 300w, https:\/\/svetslik.si\/wp-content\/uploads\/2023\/02\/stenske-slike-D47-12-150x150.jpg 150w, https:\/\/svetslik.si\/wp-content\/uploads\/2023\/02\/stenske-slike-D47-12-768x768.jpg 768w, https:\/\/svetslik.si\/wp-content\/uploads\/2023\/02\/stenske-slike-D47-12-12x12.jpg 12w\" sizes=\"(max-width: 898px) 100vw, 898px\" \/>\t\t\t\t<\/div>\n\t\t\t\t\t\t\t\t\t\t\t<\/div>\n\t<\/div>\n  [\/vc_column][\/vc_row][vc_row css=&#8221;.vc_custom_1676892297018{margin-bottom: 10px !important;}&#8221;][vc_column]\t<div class=\"et-image-212 et-image     et_image_link\">\n\t\t<div class=\"et-image-inner \">\n\t\t\t\t\t\t\t<div class=\"et-image-thumb \">\n\t\t\t\t\t<img decoding=\"async\" width=\"1080\" height=\"1440\" src=\"https:\/\/svetslik.si\/wp-content\/uploads\/2023\/02\/stenske-slike-D47-1.webp\" class=\"attachment-full\" alt=\"Quadri moderni - D47-2\" title=\"Quadri moderni - D47-2\" srcset=\"https:\/\/svetslik.si\/wp-content\/uploads\/2023\/02\/stenske-slike-D47-1.webp 1080w, https:\/\/svetslik.si\/wp-content\/uploads\/2023\/02\/stenske-slike-D47-1-600x800.webp 600w, https:\/\/svetslik.si\/wp-content\/uploads\/2023\/02\/stenske-slike-D47-1-225x300.webp 225w, https:\/\/svetslik.si\/wp-content\/uploads\/2023\/02\/stenske-slike-D47-1-768x1024.webp 768w, https:\/\/svetslik.si\/wp-content\/uploads\/2023\/02\/stenske-slike-D47-1-9x12.webp 9w, https:\/\/svetslik.si\/wp-content\/uploads\/2023\/02\/stenske-slike-D47-1-113x150.webp 113w, https:\/\/svetslik.si\/wp-content\/uploads\/2023\/02\/stenske-slike-D47-1-900x1200.webp 900w\" sizes=\"(max-width: 1080px) 100vw, 1080px\" \/>\t\t\t\t<\/div>\n\t\t\t\t\t\t\t\t\t\t\t<\/div>\n\t<\/div>\n  [\/vc_column][\/vc_row][vc_row css=&#8221;.vc_custom_1676892297018{margin-bottom: 10px !important;}&#8221;][vc_column]\t<div class=\"et-image-635 et-image     et_image_link\">\n\t\t<div class=\"et-image-inner \">\n\t\t\t\t\t\t\t<div class=\"et-image-thumb \">\n\t\t\t\t\t<img decoding=\"async\" width=\"1080\" height=\"1440\" src=\"https:\/\/svetslik.si\/wp-content\/uploads\/2023\/02\/stenske-slike-D47-1x.webp\" class=\"attachment-full\" alt=\"Quadri moderni - D47-2\" title=\"Quadri moderni - D47-2\" srcset=\"https:\/\/svetslik.si\/wp-content\/uploads\/2023\/02\/stenske-slike-D47-1x.webp 1080w, https:\/\/svetslik.si\/wp-content\/uploads\/2023\/02\/stenske-slike-D47-1x-600x800.webp 600w, https:\/\/svetslik.si\/wp-content\/uploads\/2023\/02\/stenske-slike-D47-1x-225x300.webp 225w, https:\/\/svetslik.si\/wp-content\/uploads\/2023\/02\/stenske-slike-D47-1x-768x1024.webp 768w, https:\/\/svetslik.si\/wp-content\/uploads\/2023\/02\/stenske-slike-D47-1x-9x12.webp 9w, https:\/\/svetslik.si\/wp-content\/uploads\/2023\/02\/stenske-slike-D47-1x-113x150.webp 113w, https:\/\/svetslik.si\/wp-content\/uploads\/2023\/02\/stenske-slike-D47-1x-900x1200.webp 900w\" sizes=\"(max-width: 1080px) 100vw, 1080px\" \/>\t\t\t\t<\/div>\n\t\t\t\t\t\t\t\t\t\t\t<\/div>\n\t<\/div>\n  [\/vc_column][\/vc_row][vc_row]\n<\/div>","protected":false},"excerpt":{"rendered":"<p>[vc_row css=&#8221;.vc_custom_1676892297018{margin-bottom: 10px !important;}&#8221;][vc_column][\/vc_column][\/vc_row][vc_row css=&#8221;.vc_custom_1676892297018{margin-bottom: 10px !important;}&#8221;][vc_column][\/vc_column][\/vc_row][vc_row css=&#8221;.vc_custom_1676892297018{margin-bottom: 10px !important;}&#8221;][vc_column][\/vc_column][\/vc_row][vc_row]<\/p>\n","protected":false},"featured_media":36946,"template":"","meta":{"_acf_changed":false},"product_brand":[],"product_cat":[4191],"product_tag":[4208,4217,4230,4254,4267,4262,4257,4255],"class_list":{"0":"post-46317","1":"product","2":"type-product","3":"status-publish","4":"has-post-thumbnail","6":"product_cat-quadri-moderni-due-parti","7":"product_tag-quadri-astratti-it","8":"product_tag-quadri-in-due-parti","9":"product_tag-quadri-moderni","10":"product_tag-quadri-moderni-it","11":"product_tag-quadri-multiparte","12":"product_tag-quadri-murali","13":"product_tag-quadri-per-il-soggiorno","14":"product_tag-quadri-per-soggiorno","15":"pa_dimenzija-100-x-150-cm-it","16":"pa_dimenzija-110-x-160-cm-it","17":"pa_dimenzija-120-x-170-cm-it","18":"pa_dimenzija-130-x-190-cm-it","19":"pa_dimenzija-150-x-220-cm-it","20":"pa_dimenzija-175-x-250-cm-it","21":"pa_dimenzija-200-x-290-cm-it","22":"pa_dimenzija-50-x-75-cm-it","23":"pa_dimenzija-60-x-90-cm-it","24":"pa_dimenzija-70-x-100-cm-it","25":"pa_dimenzija-80-x-120-cm-it","26":"pa_dimenzija-90-x-130-cm-it","27":"pa_oblika-orizzontale","28":"pa_okvir-sensa-cornice","29":"pa_pod-okvir-incluso-nel-prezzo","30":"pa_podokvir-no","31":"pa_podokvir-si","33":"first","34":"onbackorder","35":"purchasable","36":"product-type-variable"},"acf":[],"yoast_head":"<!-- This site is optimized with the Yoast SEO Premium plugin v26.0 (Yoast SEO v27.2) - https:\/\/yoast.com\/product\/yoast-seo-premium-wordpress\/ -->\n<title>Quadri moderni - D47-2 - SVETSLIK.SI - Dipinto al 100% fatto a mano<\/title>\n<meta name=\"description\" content=\"Quadri moderni - D47-2 - Riproduzioni di quadri d&#039;arte al 100% dipinti a mano su tela. Cornici per quadri, vendita e realizzazione di dimensioni su ordinazione.\" \/>\n<meta name=\"robots\" content=\"index, follow, max-snippet:-1, max-image-preview:large, max-video-preview:-1\" \/>\n<link rel=\"canonical\" href=\"https:\/\/svetslik.si\/it\/quadri-moderni-due-parti\/quadri-moderni-d47-2\/\" \/>\n<meta property=\"og:locale\" content=\"it_IT\" \/>\n<meta property=\"og:type\" content=\"article\" \/>\n<meta property=\"og:title\" content=\"Quadri moderni - D47-2\" \/>\n<meta property=\"og:description\" content=\"100% ro\u010dno naslikane slike na platnu, reprodukcije znanih slikarjev in umetni\u0161ke slike po naro\u010dilu.\" \/>\n<meta property=\"og:url\" content=\"https:\/\/svetslik.si\/it\/quadri-moderni-due-parti\/quadri-moderni-d47-2\/\" \/>\n<meta property=\"og:site_name\" content=\"SVETSLIK.SI\" \/>\n<meta property=\"article:publisher\" content=\"https:\/\/www.facebook.com\/svetslik.si\" \/>\n<meta property=\"article:modified_time\" content=\"2024-07-11T12:19:32+00:00\" \/>\n<meta property=\"og:image\" content=\"https:\/\/svetslik.si\/wp-content\/uploads\/2023\/02\/stenske-slike-D-47-11.png\" \/>\n\t<meta property=\"og:image:width\" content=\"822\" \/>\n\t<meta property=\"og:image:height\" content=\"551\" \/>\n\t<meta property=\"og:image:type\" content=\"image\/png\" \/>\n<meta name=\"twitter:card\" content=\"summary_large_image\" \/>\n<meta name=\"twitter:site\" content=\"@svetslik\" \/>\n<meta name=\"twitter:label1\" content=\"Disponibilit\u00e0\" \/>\n\t<meta name=\"twitter:data1\" content=\"Su ordinazione\" \/>\n<script type=\"application\/ld+json\" class=\"yoast-schema-graph\">{\"@context\":\"https:\/\/schema.org\",\"@graph\":[{\"@type\":[\"WebPage\",\"ItemPage\"],\"@id\":\"https:\/\/svetslik.si\/it\/quadri-moderni-due-parti\/quadri-moderni-d47-2\/\",\"url\":\"https:\/\/svetslik.si\/it\/quadri-moderni-due-parti\/quadri-moderni-d47-2\/\",\"name\":\"Quadri moderni - D47-2 - SVETSLIK.SI - Dipinto al 100% fatto a mano\",\"isPartOf\":{\"@id\":\"https:\/\/svetslik.si\/it\/#website\"},\"primaryImageOfPage\":{\"@id\":\"https:\/\/svetslik.si\/it\/quadri-moderni-due-parti\/quadri-moderni-d47-2\/#primaryimage\"},\"image\":{\"@id\":\"https:\/\/svetslik.si\/it\/quadri-moderni-due-parti\/quadri-moderni-d47-2\/#primaryimage\"},\"thumbnailUrl\":\"https:\/\/svetslik.si\/wp-content\/uploads\/2023\/02\/stenske-slike-D-47-11.png\",\"datePublished\":\"2023-02-20T14:54:17+00:00\",\"dateModified\":\"2024-07-11T12:19:32+00:00\",\"description\":\"Quadri moderni - D47-2 - Riproduzioni di quadri d'arte al 100% dipinti a mano su tela. Cornici per quadri, vendita e realizzazione di dimensioni su ordinazione.\",\"breadcrumb\":{\"@id\":\"https:\/\/svetslik.si\/it\/quadri-moderni-due-parti\/quadri-moderni-d47-2\/#breadcrumb\"},\"inLanguage\":\"it-IT\",\"potentialAction\":[{\"@type\":\"ReadAction\",\"target\":[\"https:\/\/svetslik.si\/it\/quadri-moderni-due-parti\/quadri-moderni-d47-2\/\"]}]},{\"@type\":\"ImageObject\",\"inLanguage\":\"it-IT\",\"@id\":\"https:\/\/svetslik.si\/it\/quadri-moderni-due-parti\/quadri-moderni-d47-2\/#primaryimage\",\"url\":\"https:\/\/svetslik.si\/wp-content\/uploads\/2023\/02\/stenske-slike-D-47-11.png\",\"contentUrl\":\"https:\/\/svetslik.si\/wp-content\/uploads\/2023\/02\/stenske-slike-D-47-11.png\",\"width\":822,\"height\":551,\"caption\":\"Quadri moderni - D47-2\"},{\"@type\":\"BreadcrumbList\",\"@id\":\"https:\/\/svetslik.si\/it\/quadri-moderni-due-parti\/quadri-moderni-d47-2\/#breadcrumb\",\"itemListElement\":[{\"@type\":\"ListItem\",\"position\":1,\"name\":\"Fali m\u0171v\u00e9szet \u00e9s festm\u00e9nyek v\u00e1szonra\",\"item\":\"https:\/\/svetslik.si\/it\/\"},{\"@type\":\"ListItem\",\"position\":2,\"name\":\"Vendita di dipinti\",\"item\":\"https:\/\/svetslik.si\/prodaja-slik\/\"},{\"@type\":\"ListItem\",\"position\":3,\"name\":\"Quadri moderni &#8211; D47-2\"}]},{\"@type\":\"WebSite\",\"@id\":\"https:\/\/svetslik.si\/it\/#website\",\"url\":\"https:\/\/svetslik.si\/it\/\",\"name\":\"SVETSLIK.SI\",\"description\":\"100% riproduzioni dipinte a mano di quadri di pittori famosi e dipinti su tela.\",\"publisher\":{\"@id\":\"https:\/\/svetslik.si\/it\/#organization\"},\"potentialAction\":[{\"@type\":\"SearchAction\",\"target\":{\"@type\":\"EntryPoint\",\"urlTemplate\":\"https:\/\/svetslik.si\/it\/?s={search_term_string}\"},\"query-input\":{\"@type\":\"PropertyValueSpecification\",\"valueRequired\":true,\"valueName\":\"search_term_string\"}}],\"inLanguage\":\"it-IT\"},{\"@type\":\"Organization\",\"@id\":\"https:\/\/svetslik.si\/it\/#organization\",\"name\":\"SvetSlik.si\",\"url\":\"https:\/\/svetslik.si\/it\/\",\"logo\":{\"@type\":\"ImageObject\",\"inLanguage\":\"it-IT\",\"@id\":\"https:\/\/svetslik.si\/it\/#\/schema\/logo\/image\/\",\"url\":\"https:\/\/svetslik.si\/wp-content\/uploads\/2020\/12\/logo-512.png\",\"contentUrl\":\"https:\/\/svetslik.si\/wp-content\/uploads\/2020\/12\/logo-512.png\",\"width\":512,\"height\":512,\"caption\":\"SvetSlik.si\"},\"image\":{\"@id\":\"https:\/\/svetslik.si\/it\/#\/schema\/logo\/image\/\"},\"sameAs\":[\"https:\/\/www.facebook.com\/svetslik.si\",\"https:\/\/x.com\/svetslik\",\"https:\/\/www.instagram.com\/svetslik.si\/\",\"https:\/\/www.linkedin.com\/company\/svetslik-si\"]}]}<\/script>\n<meta property=\"og:availability\" content=\"backorder\" \/>\n<meta property=\"product:availability\" content=\"available for order\" \/>\n<meta property=\"product:retailer_item_id\" content=\"979d-1\" \/>\n<meta property=\"product:condition\" content=\"new\" \/>\n<!-- \/ Yoast SEO Premium plugin. -->","yoast_head_json":{"title":"Quadri moderni - D47-2 - SVETSLIK.SI - Dipinto al 100% fatto a mano","description":"Quadri moderni - D47-2 - Riproduzioni di quadri d'arte al 100% dipinti a mano su tela. Cornici per quadri, vendita e realizzazione di dimensioni su ordinazione.","robots":{"index":"index","follow":"follow","max-snippet":"max-snippet:-1","max-image-preview":"max-image-preview:large","max-video-preview":"max-video-preview:-1"},"canonical":"https:\/\/svetslik.si\/it\/quadri-moderni-due-parti\/quadri-moderni-d47-2\/","og_locale":"it_IT","og_type":"article","og_title":"Quadri moderni - D47-2","og_description":"100% ro\u010dno naslikane slike na platnu, reprodukcije znanih slikarjev in umetni\u0161ke slike po naro\u010dilu.","og_url":"https:\/\/svetslik.si\/it\/quadri-moderni-due-parti\/quadri-moderni-d47-2\/","og_site_name":"SVETSLIK.SI","article_publisher":"https:\/\/www.facebook.com\/svetslik.si","article_modified_time":"2024-07-11T12:19:32+00:00","og_image":[{"width":822,"height":551,"url":"https:\/\/svetslik.si\/wp-content\/uploads\/2023\/02\/stenske-slike-D-47-11.png","type":"image\/png"}],"twitter_card":"summary_large_image","twitter_site":"@svetslik","twitter_misc":{"Disponibilit\u00e0":"Su ordinazione"},"schema":{"@context":"https:\/\/schema.org","@graph":[{"@type":["WebPage","ItemPage"],"@id":"https:\/\/svetslik.si\/it\/quadri-moderni-due-parti\/quadri-moderni-d47-2\/","url":"https:\/\/svetslik.si\/it\/quadri-moderni-due-parti\/quadri-moderni-d47-2\/","name":"Quadri moderni - D47-2 - SVETSLIK.SI - Dipinto al 100% fatto a mano","isPartOf":{"@id":"https:\/\/svetslik.si\/it\/#website"},"primaryImageOfPage":{"@id":"https:\/\/svetslik.si\/it\/quadri-moderni-due-parti\/quadri-moderni-d47-2\/#primaryimage"},"image":{"@id":"https:\/\/svetslik.si\/it\/quadri-moderni-due-parti\/quadri-moderni-d47-2\/#primaryimage"},"thumbnailUrl":"https:\/\/svetslik.si\/wp-content\/uploads\/2023\/02\/stenske-slike-D-47-11.png","datePublished":"2023-02-20T14:54:17+00:00","dateModified":"2024-07-11T12:19:32+00:00","description":"Quadri moderni - D47-2 - Riproduzioni di quadri d'arte al 100% dipinti a mano su tela. Cornici per quadri, vendita e realizzazione di dimensioni su ordinazione.","breadcrumb":{"@id":"https:\/\/svetslik.si\/it\/quadri-moderni-due-parti\/quadri-moderni-d47-2\/#breadcrumb"},"inLanguage":"it-IT","potentialAction":[{"@type":"ReadAction","target":["https:\/\/svetslik.si\/it\/quadri-moderni-due-parti\/quadri-moderni-d47-2\/"]}]},{"@type":"ImageObject","inLanguage":"it-IT","@id":"https:\/\/svetslik.si\/it\/quadri-moderni-due-parti\/quadri-moderni-d47-2\/#primaryimage","url":"https:\/\/svetslik.si\/wp-content\/uploads\/2023\/02\/stenske-slike-D-47-11.png","contentUrl":"https:\/\/svetslik.si\/wp-content\/uploads\/2023\/02\/stenske-slike-D-47-11.png","width":822,"height":551,"caption":"Quadri moderni - D47-2"},{"@type":"BreadcrumbList","@id":"https:\/\/svetslik.si\/it\/quadri-moderni-due-parti\/quadri-moderni-d47-2\/#breadcrumb","itemListElement":[{"@type":"ListItem","position":1,"name":"Fali m\u0171v\u00e9szet \u00e9s festm\u00e9nyek v\u00e1szonra","item":"https:\/\/svetslik.si\/it\/"},{"@type":"ListItem","position":2,"name":"Vendita di dipinti","item":"https:\/\/svetslik.si\/prodaja-slik\/"},{"@type":"ListItem","position":3,"name":"Quadri moderni &#8211; D47-2"}]},{"@type":"WebSite","@id":"https:\/\/svetslik.si\/it\/#website","url":"https:\/\/svetslik.si\/it\/","name":"SVETSLIK.SI","description":"100% riproduzioni dipinte a mano di quadri di pittori famosi e dipinti su tela.","publisher":{"@id":"https:\/\/svetslik.si\/it\/#organization"},"potentialAction":[{"@type":"SearchAction","target":{"@type":"EntryPoint","urlTemplate":"https:\/\/svetslik.si\/it\/?s={search_term_string}"},"query-input":{"@type":"PropertyValueSpecification","valueRequired":true,"valueName":"search_term_string"}}],"inLanguage":"it-IT"},{"@type":"Organization","@id":"https:\/\/svetslik.si\/it\/#organization","name":"SvetSlik.si","url":"https:\/\/svetslik.si\/it\/","logo":{"@type":"ImageObject","inLanguage":"it-IT","@id":"https:\/\/svetslik.si\/it\/#\/schema\/logo\/image\/","url":"https:\/\/svetslik.si\/wp-content\/uploads\/2020\/12\/logo-512.png","contentUrl":"https:\/\/svetslik.si\/wp-content\/uploads\/2020\/12\/logo-512.png","width":512,"height":512,"caption":"SvetSlik.si"},"image":{"@id":"https:\/\/svetslik.si\/it\/#\/schema\/logo\/image\/"},"sameAs":["https:\/\/www.facebook.com\/svetslik.si","https:\/\/x.com\/svetslik","https:\/\/www.instagram.com\/svetslik.si\/","https:\/\/www.linkedin.com\/company\/svetslik-si"]}]},"og_availability":"backorder","product_availability":"available for order","product_retailer_item_id":"979d-1","product_condition":"new"},"jetpack_sharing_enabled":true,"_links":{"self":[{"href":"https:\/\/svetslik.si\/it\/wp-json\/wp\/v2\/product\/46317","targetHints":{"allow":["GET"]}}],"collection":[{"href":"https:\/\/svetslik.si\/it\/wp-json\/wp\/v2\/product"}],"about":[{"href":"https:\/\/svetslik.si\/it\/wp-json\/wp\/v2\/types\/product"}],"wp:featuredmedia":[{"embeddable":true,"href":"https:\/\/svetslik.si\/it\/wp-json\/wp\/v2\/media\/36946"}],"wp:attachment":[{"href":"https:\/\/svetslik.si\/it\/wp-json\/wp\/v2\/media?parent=46317"}],"wp:term":[{"taxonomy":"product_brand","embeddable":true,"href":"https:\/\/svetslik.si\/it\/wp-json\/wp\/v2\/product_brand?post=46317"},{"taxonomy":"product_cat","embeddable":true,"href":"https:\/\/svetslik.si\/it\/wp-json\/wp\/v2\/product_cat?post=46317"},{"taxonomy":"product_tag","embeddable":true,"href":"https:\/\/svetslik.si\/it\/wp-json\/wp\/v2\/product_tag?post=46317"}],"curies":[{"name":"wp","href":"https:\/\/api.w.org\/{rel}","templated":true}]}}