{"id":47085,"date":"2023-03-04T18:59:11","date_gmt":"2023-03-04T17:59:11","guid":{"rendered":"https:\/\/svetslik.si\/senza-categoria\/abstraktne-slike-e48\/"},"modified":"2024-07-04T18:37:56","modified_gmt":"2024-07-04T16:37:56","slug":"quadro-astratto-e48","status":"publish","type":"product","link":"https:\/\/svetslik.si\/it\/quadri-moderni-un-pezzo\/quadro-astratto-e48\/","title":{"rendered":"Quadro astratto &#8211; E48"},"content":{"rendered":"<div class=\"wpb-content-wrapper\">[vc_row css=&#8221;.vc_custom_1661405884285{margin-bottom: 10px !important;}&#8221;][vc_column]\t<div class=\"et-image-505 et-image     et_image_link\">\n\t\t<div class=\"et-image-inner \">\n\t\t\t\t\t\t\t<div class=\"et-image-thumb \">\n\t\t\t\t\t<img decoding=\"async\" width=\"718\" height=\"723\" src=\"https:\/\/svetslik.si\/wp-content\/uploads\/2023\/03\/abstraktne-slike-E48a.jpg\" class=\"attachment-full\" alt=\"Quadro astratto \u2013 E48\" title=\"Quadro astratto \u2013 E48\" srcset=\"https:\/\/svetslik.si\/wp-content\/uploads\/2023\/03\/abstraktne-slike-E48a.jpg 718w, https:\/\/svetslik.si\/wp-content\/uploads\/2023\/03\/abstraktne-slike-E48a-600x604.jpg 600w, https:\/\/svetslik.si\/wp-content\/uploads\/2023\/03\/abstraktne-slike-E48a-100x100.jpg 100w, https:\/\/svetslik.si\/wp-content\/uploads\/2023\/03\/abstraktne-slike-E48a-298x300.jpg 298w, https:\/\/svetslik.si\/wp-content\/uploads\/2023\/03\/abstraktne-slike-E48a-150x150.jpg 150w, https:\/\/svetslik.si\/wp-content\/uploads\/2023\/03\/abstraktne-slike-E48a-12x12.jpg 12w\" sizes=\"(max-width: 718px) 100vw, 718px\" \/>\t\t\t\t<\/div>\n\t\t\t\t\t\t\t\t\t\t\t<\/div>\n\t<\/div>\n  [\/vc_column][\/vc_row]\n<\/div>","protected":false},"excerpt":{"rendered":"<p>[vc_row css=&#8221;.vc_custom_1661405884285{margin-bottom: 10px !important;}&#8221;][vc_column][\/vc_column][\/vc_row]<\/p>\n","protected":false},"featured_media":37100,"template":"","meta":{"_acf_changed":false},"product_brand":[],"product_cat":[4192],"product_tag":[4261,4259,4264,4208,4216,4254,4230,4262,4257,4256,4255,4242],"class_list":{"0":"post-47085","1":"product","2":"type-product","3":"status-publish","4":"has-post-thumbnail","6":"product_cat-quadri-moderni-un-pezzo","7":"product_tag-decorazione-murale","8":"product_tag-galleria-online","9":"product_tag-quadri-artistici","10":"product_tag-quadri-astratti-it","11":"product_tag-quadri-decorative","12":"product_tag-quadri-moderni-it","13":"product_tag-quadri-moderni","14":"product_tag-quadri-murali","15":"product_tag-quadri-per-il-soggiorno","16":"product_tag-quadri-per-pareti","17":"product_tag-quadri-per-soggiorno","18":"product_tag-vendere-quadri","19":"pa_dimenzija-100-cm-x-159-cm","20":"pa_dimenzija-110-cm-x-175-cm","21":"pa_dimenzija-120-cm-x-191-cm","22":"pa_dimenzija-130-cm-x-207-cm","23":"pa_dimenzija-140-cm-x-223-cm","24":"pa_dimenzija-150-cm-x-239-cm","25":"pa_dimenzija-160-cm-x-255-cm","26":"pa_dimenzija-170-cm-x-271-cm","27":"pa_dimenzija-180-cm-x-287-cm","28":"pa_dimenzija-200-cm-x-319-cm","29":"pa_dimenzija-40-cm-x-63-cm","30":"pa_dimenzija-50-cm-x-79-cm","31":"pa_dimenzija-60-cm-x-95-cm","32":"pa_dimenzija-70-cm-x-111-cm","33":"pa_dimenzija-80-cm-x-127-cm","34":"pa_dimenzija-90-cm-x-143-cm","35":"pa_oblika-verticale","36":"pa_okvir-sensa-cornice","37":"pa_podokvir-no","38":"pa_podokvir-si","40":"first","41":"onbackorder","42":"purchasable","43":"product-type-variable","44":"has-default-attributes"},"acf":[],"yoast_head":"<!-- This site is optimized with the Yoast SEO Premium plugin v26.0 (Yoast SEO v27.2) - https:\/\/yoast.com\/product\/yoast-seo-premium-wordpress\/ -->\n<title>Quadro astratto - E48 - SVETSLIK.SI - Dipinto al 100% fatto a mano<\/title>\n<meta name=\"description\" content=\"Quadro astratto - E48 - Riproduzioni di quadri d&#039;arte al 100% dipinti a mano su tela. Cornici per quadri, vendita e realizzazione di dimensioni su ordinazione.\" \/>\n<meta name=\"robots\" content=\"index, follow, max-snippet:-1, max-image-preview:large, max-video-preview:-1\" \/>\n<link rel=\"canonical\" href=\"https:\/\/svetslik.si\/it\/quadri-moderni-un-pezzo\/quadro-astratto-e48\/\" \/>\n<meta property=\"og:locale\" content=\"it_IT\" \/>\n<meta property=\"og:type\" content=\"article\" \/>\n<meta property=\"og:title\" content=\"Quadro astratto - E48\" \/>\n<meta property=\"og:description\" content=\"100% ro\u010dno naslikane slike na platnu, reprodukcije znanih slikarjev in umetni\u0161ke slike po naro\u010dilu.\" \/>\n<meta property=\"og:url\" content=\"https:\/\/svetslik.si\/it\/quadri-moderni-un-pezzo\/quadro-astratto-e48\/\" \/>\n<meta property=\"og:site_name\" content=\"SVETSLIK.SI\" \/>\n<meta property=\"article:publisher\" content=\"https:\/\/www.facebook.com\/svetslik.si\" \/>\n<meta property=\"article:modified_time\" content=\"2024-07-04T16:37:56+00:00\" \/>\n<meta property=\"og:image\" content=\"https:\/\/svetslik.si\/wp-content\/uploads\/2023\/03\/abstraktne-slike-E48.jpg\" \/>\n\t<meta property=\"og:image:width\" content=\"593\" \/>\n\t<meta property=\"og:image:height\" content=\"889\" \/>\n\t<meta property=\"og:image:type\" content=\"image\/jpeg\" \/>\n<meta name=\"twitter:card\" content=\"summary_large_image\" \/>\n<meta name=\"twitter:site\" content=\"@svetslik\" \/>\n<meta name=\"twitter:label1\" content=\"Disponibilit\u00e0\" \/>\n\t<meta name=\"twitter:data1\" content=\"Su ordinazione\" \/>\n<script type=\"application\/ld+json\" class=\"yoast-schema-graph\">{\"@context\":\"https:\/\/schema.org\",\"@graph\":[{\"@type\":[\"WebPage\",\"ItemPage\"],\"@id\":\"https:\/\/svetslik.si\/it\/quadri-moderni-un-pezzo\/quadro-astratto-e48\/\",\"url\":\"https:\/\/svetslik.si\/it\/quadri-moderni-un-pezzo\/quadro-astratto-e48\/\",\"name\":\"Quadro astratto - E48 - SVETSLIK.SI - Dipinto al 100% fatto a mano\",\"isPartOf\":{\"@id\":\"https:\/\/svetslik.si\/it\/#website\"},\"primaryImageOfPage\":{\"@id\":\"https:\/\/svetslik.si\/it\/quadri-moderni-un-pezzo\/quadro-astratto-e48\/#primaryimage\"},\"image\":{\"@id\":\"https:\/\/svetslik.si\/it\/quadri-moderni-un-pezzo\/quadro-astratto-e48\/#primaryimage\"},\"thumbnailUrl\":\"https:\/\/svetslik.si\/wp-content\/uploads\/2023\/03\/abstraktne-slike-E48.jpg\",\"datePublished\":\"2023-03-04T17:59:11+00:00\",\"dateModified\":\"2024-07-04T16:37:56+00:00\",\"description\":\"Quadro astratto - E48 - Riproduzioni di quadri d'arte al 100% dipinti a mano su tela. Cornici per quadri, vendita e realizzazione di dimensioni su ordinazione.\",\"breadcrumb\":{\"@id\":\"https:\/\/svetslik.si\/it\/quadri-moderni-un-pezzo\/quadro-astratto-e48\/#breadcrumb\"},\"inLanguage\":\"it-IT\",\"potentialAction\":[{\"@type\":\"ReadAction\",\"target\":[\"https:\/\/svetslik.si\/it\/quadri-moderni-un-pezzo\/quadro-astratto-e48\/\"]}]},{\"@type\":\"ImageObject\",\"inLanguage\":\"it-IT\",\"@id\":\"https:\/\/svetslik.si\/it\/quadri-moderni-un-pezzo\/quadro-astratto-e48\/#primaryimage\",\"url\":\"https:\/\/svetslik.si\/wp-content\/uploads\/2023\/03\/abstraktne-slike-E48.jpg\",\"contentUrl\":\"https:\/\/svetslik.si\/wp-content\/uploads\/2023\/03\/abstraktne-slike-E48.jpg\",\"width\":593,\"height\":889,\"caption\":\"Quadro astratto \u2013 E48\"},{\"@type\":\"BreadcrumbList\",\"@id\":\"https:\/\/svetslik.si\/it\/quadri-moderni-un-pezzo\/quadro-astratto-e48\/#breadcrumb\",\"itemListElement\":[{\"@type\":\"ListItem\",\"position\":1,\"name\":\"Fali m\u0171v\u00e9szet \u00e9s festm\u00e9nyek v\u00e1szonra\",\"item\":\"https:\/\/svetslik.si\/it\/\"},{\"@type\":\"ListItem\",\"position\":2,\"name\":\"Vendita di dipinti\",\"item\":\"https:\/\/svetslik.si\/prodaja-slik\/\"},{\"@type\":\"ListItem\",\"position\":3,\"name\":\"Quadro astratto &#8211; E48\"}]},{\"@type\":\"WebSite\",\"@id\":\"https:\/\/svetslik.si\/it\/#website\",\"url\":\"https:\/\/svetslik.si\/it\/\",\"name\":\"SVETSLIK.SI\",\"description\":\"100% riproduzioni dipinte a mano di quadri di pittori famosi e dipinti su tela.\",\"publisher\":{\"@id\":\"https:\/\/svetslik.si\/it\/#organization\"},\"potentialAction\":[{\"@type\":\"SearchAction\",\"target\":{\"@type\":\"EntryPoint\",\"urlTemplate\":\"https:\/\/svetslik.si\/it\/?s={search_term_string}\"},\"query-input\":{\"@type\":\"PropertyValueSpecification\",\"valueRequired\":true,\"valueName\":\"search_term_string\"}}],\"inLanguage\":\"it-IT\"},{\"@type\":\"Organization\",\"@id\":\"https:\/\/svetslik.si\/it\/#organization\",\"name\":\"SvetSlik.si\",\"url\":\"https:\/\/svetslik.si\/it\/\",\"logo\":{\"@type\":\"ImageObject\",\"inLanguage\":\"it-IT\",\"@id\":\"https:\/\/svetslik.si\/it\/#\/schema\/logo\/image\/\",\"url\":\"https:\/\/svetslik.si\/wp-content\/uploads\/2020\/12\/logo-512.png\",\"contentUrl\":\"https:\/\/svetslik.si\/wp-content\/uploads\/2020\/12\/logo-512.png\",\"width\":512,\"height\":512,\"caption\":\"SvetSlik.si\"},\"image\":{\"@id\":\"https:\/\/svetslik.si\/it\/#\/schema\/logo\/image\/\"},\"sameAs\":[\"https:\/\/www.facebook.com\/svetslik.si\",\"https:\/\/x.com\/svetslik\",\"https:\/\/www.instagram.com\/svetslik.si\/\",\"https:\/\/www.linkedin.com\/company\/svetslik-si\"]}]}<\/script>\n<meta property=\"og:availability\" content=\"backorder\" \/>\n<meta property=\"product:availability\" content=\"available for order\" \/>\n<meta property=\"product:retailer_item_id\" content=\"1130_b-7\" \/>\n<meta property=\"product:condition\" content=\"new\" \/>\n<!-- \/ Yoast SEO Premium plugin. -->","yoast_head_json":{"title":"Quadro astratto - E48 - SVETSLIK.SI - Dipinto al 100% fatto a mano","description":"Quadro astratto - E48 - Riproduzioni di quadri d'arte al 100% dipinti a mano su tela. Cornici per quadri, vendita e realizzazione di dimensioni su ordinazione.","robots":{"index":"index","follow":"follow","max-snippet":"max-snippet:-1","max-image-preview":"max-image-preview:large","max-video-preview":"max-video-preview:-1"},"canonical":"https:\/\/svetslik.si\/it\/quadri-moderni-un-pezzo\/quadro-astratto-e48\/","og_locale":"it_IT","og_type":"article","og_title":"Quadro astratto - E48","og_description":"100% ro\u010dno naslikane slike na platnu, reprodukcije znanih slikarjev in umetni\u0161ke slike po naro\u010dilu.","og_url":"https:\/\/svetslik.si\/it\/quadri-moderni-un-pezzo\/quadro-astratto-e48\/","og_site_name":"SVETSLIK.SI","article_publisher":"https:\/\/www.facebook.com\/svetslik.si","article_modified_time":"2024-07-04T16:37:56+00:00","og_image":[{"width":593,"height":889,"url":"https:\/\/svetslik.si\/wp-content\/uploads\/2023\/03\/abstraktne-slike-E48.jpg","type":"image\/jpeg"}],"twitter_card":"summary_large_image","twitter_site":"@svetslik","twitter_misc":{"Disponibilit\u00e0":"Su ordinazione"},"schema":{"@context":"https:\/\/schema.org","@graph":[{"@type":["WebPage","ItemPage"],"@id":"https:\/\/svetslik.si\/it\/quadri-moderni-un-pezzo\/quadro-astratto-e48\/","url":"https:\/\/svetslik.si\/it\/quadri-moderni-un-pezzo\/quadro-astratto-e48\/","name":"Quadro astratto - E48 - SVETSLIK.SI - Dipinto al 100% fatto a mano","isPartOf":{"@id":"https:\/\/svetslik.si\/it\/#website"},"primaryImageOfPage":{"@id":"https:\/\/svetslik.si\/it\/quadri-moderni-un-pezzo\/quadro-astratto-e48\/#primaryimage"},"image":{"@id":"https:\/\/svetslik.si\/it\/quadri-moderni-un-pezzo\/quadro-astratto-e48\/#primaryimage"},"thumbnailUrl":"https:\/\/svetslik.si\/wp-content\/uploads\/2023\/03\/abstraktne-slike-E48.jpg","datePublished":"2023-03-04T17:59:11+00:00","dateModified":"2024-07-04T16:37:56+00:00","description":"Quadro astratto - E48 - Riproduzioni di quadri d'arte al 100% dipinti a mano su tela. Cornici per quadri, vendita e realizzazione di dimensioni su ordinazione.","breadcrumb":{"@id":"https:\/\/svetslik.si\/it\/quadri-moderni-un-pezzo\/quadro-astratto-e48\/#breadcrumb"},"inLanguage":"it-IT","potentialAction":[{"@type":"ReadAction","target":["https:\/\/svetslik.si\/it\/quadri-moderni-un-pezzo\/quadro-astratto-e48\/"]}]},{"@type":"ImageObject","inLanguage":"it-IT","@id":"https:\/\/svetslik.si\/it\/quadri-moderni-un-pezzo\/quadro-astratto-e48\/#primaryimage","url":"https:\/\/svetslik.si\/wp-content\/uploads\/2023\/03\/abstraktne-slike-E48.jpg","contentUrl":"https:\/\/svetslik.si\/wp-content\/uploads\/2023\/03\/abstraktne-slike-E48.jpg","width":593,"height":889,"caption":"Quadro astratto \u2013 E48"},{"@type":"BreadcrumbList","@id":"https:\/\/svetslik.si\/it\/quadri-moderni-un-pezzo\/quadro-astratto-e48\/#breadcrumb","itemListElement":[{"@type":"ListItem","position":1,"name":"Fali m\u0171v\u00e9szet \u00e9s festm\u00e9nyek v\u00e1szonra","item":"https:\/\/svetslik.si\/it\/"},{"@type":"ListItem","position":2,"name":"Vendita di dipinti","item":"https:\/\/svetslik.si\/prodaja-slik\/"},{"@type":"ListItem","position":3,"name":"Quadro astratto &#8211; E48"}]},{"@type":"WebSite","@id":"https:\/\/svetslik.si\/it\/#website","url":"https:\/\/svetslik.si\/it\/","name":"SVETSLIK.SI","description":"100% riproduzioni dipinte a mano di quadri di pittori famosi e dipinti su tela.","publisher":{"@id":"https:\/\/svetslik.si\/it\/#organization"},"potentialAction":[{"@type":"SearchAction","target":{"@type":"EntryPoint","urlTemplate":"https:\/\/svetslik.si\/it\/?s={search_term_string}"},"query-input":{"@type":"PropertyValueSpecification","valueRequired":true,"valueName":"search_term_string"}}],"inLanguage":"it-IT"},{"@type":"Organization","@id":"https:\/\/svetslik.si\/it\/#organization","name":"SvetSlik.si","url":"https:\/\/svetslik.si\/it\/","logo":{"@type":"ImageObject","inLanguage":"it-IT","@id":"https:\/\/svetslik.si\/it\/#\/schema\/logo\/image\/","url":"https:\/\/svetslik.si\/wp-content\/uploads\/2020\/12\/logo-512.png","contentUrl":"https:\/\/svetslik.si\/wp-content\/uploads\/2020\/12\/logo-512.png","width":512,"height":512,"caption":"SvetSlik.si"},"image":{"@id":"https:\/\/svetslik.si\/it\/#\/schema\/logo\/image\/"},"sameAs":["https:\/\/www.facebook.com\/svetslik.si","https:\/\/x.com\/svetslik","https:\/\/www.instagram.com\/svetslik.si\/","https:\/\/www.linkedin.com\/company\/svetslik-si"]}]},"og_availability":"backorder","product_availability":"available for order","product_retailer_item_id":"1130_b-7","product_condition":"new"},"jetpack_sharing_enabled":true,"_links":{"self":[{"href":"https:\/\/svetslik.si\/it\/wp-json\/wp\/v2\/product\/47085","targetHints":{"allow":["GET"]}}],"collection":[{"href":"https:\/\/svetslik.si\/it\/wp-json\/wp\/v2\/product"}],"about":[{"href":"https:\/\/svetslik.si\/it\/wp-json\/wp\/v2\/types\/product"}],"wp:featuredmedia":[{"embeddable":true,"href":"https:\/\/svetslik.si\/it\/wp-json\/wp\/v2\/media\/37100"}],"wp:attachment":[{"href":"https:\/\/svetslik.si\/it\/wp-json\/wp\/v2\/media?parent=47085"}],"wp:term":[{"taxonomy":"product_brand","embeddable":true,"href":"https:\/\/svetslik.si\/it\/wp-json\/wp\/v2\/product_brand?post=47085"},{"taxonomy":"product_cat","embeddable":true,"href":"https:\/\/svetslik.si\/it\/wp-json\/wp\/v2\/product_cat?post=47085"},{"taxonomy":"product_tag","embeddable":true,"href":"https:\/\/svetslik.si\/it\/wp-json\/wp\/v2\/product_tag?post=47085"}],"curies":[{"name":"wp","href":"https:\/\/api.w.org\/{rel}","templated":true}]}}