{"id":47909,"date":"2023-03-06T14:17:30","date_gmt":"2023-03-06T13:17:30","guid":{"rendered":"https:\/\/svetslik.si\/senza-categoria\/slike-na-platnu-e127\/"},"modified":"2024-07-11T14:22:53","modified_gmt":"2024-07-11T12:22:53","slug":"quadri-su-tela-e127","status":"publish","type":"product","link":"https:\/\/svetslik.si\/it\/quadri-moderni-un-pezzo\/quadri-su-tela-e127\/","title":{"rendered":"Quadri su tela &#8211; E127"},"content":{"rendered":"<div class=\"wpb-content-wrapper\">[vc_row css=&#8221;.vc_custom_1661936816449{margin-bottom: 10px !important;}&#8221;][vc_column]\t<div class=\"et-image-889 et-image     et_image_link\">\n\t\t<div class=\"et-image-inner \">\n\t\t\t\t\t\t\t<div class=\"et-image-thumb \">\n\t\t\t\t\t<img decoding=\"async\" width=\"1080\" height=\"1374\" src=\"https:\/\/svetslik.si\/wp-content\/uploads\/2023\/03\/il_1140xN.3201900729_cyj1_1080x.jpg\" class=\"attachment-full\" alt=\"Quadri su tela - E127\" title=\"Quadri su tela - E127\" srcset=\"https:\/\/svetslik.si\/wp-content\/uploads\/2023\/03\/il_1140xN.3201900729_cyj1_1080x.jpg 1080w, https:\/\/svetslik.si\/wp-content\/uploads\/2023\/03\/il_1140xN.3201900729_cyj1_1080x-600x763.jpg 600w, https:\/\/svetslik.si\/wp-content\/uploads\/2023\/03\/il_1140xN.3201900729_cyj1_1080x-236x300.jpg 236w, https:\/\/svetslik.si\/wp-content\/uploads\/2023\/03\/il_1140xN.3201900729_cyj1_1080x-805x1024.jpg 805w, https:\/\/svetslik.si\/wp-content\/uploads\/2023\/03\/il_1140xN.3201900729_cyj1_1080x-768x977.jpg 768w, https:\/\/svetslik.si\/wp-content\/uploads\/2023\/03\/il_1140xN.3201900729_cyj1_1080x-9x12.jpg 9w, https:\/\/svetslik.si\/wp-content\/uploads\/2023\/03\/il_1140xN.3201900729_cyj1_1080x-118x150.jpg 118w, https:\/\/svetslik.si\/wp-content\/uploads\/2023\/03\/il_1140xN.3201900729_cyj1_1080x-900x1145.jpg 900w\" sizes=\"(max-width: 1080px) 100vw, 1080px\" \/>\t\t\t\t<\/div>\n\t\t\t\t\t\t\t\t\t\t\t<\/div>\n\t<\/div>\n  [\/vc_column][\/vc_row][vc_row css=&#8221;.vc_custom_1661936829798{margin-bottom: 10px !important;}&#8221;][vc_column]\t<div class=\"et-image-487 et-image     et_image_link\">\n\t\t<div class=\"et-image-inner \">\n\t\t\t\t\t\t\t<div class=\"et-image-thumb \">\n\t\t\t\t\t<img decoding=\"async\" width=\"1080\" height=\"1440\" src=\"https:\/\/svetslik.si\/wp-content\/uploads\/2023\/03\/C1E9BFEA-F091-41AB-9DD5-CC8BCCF01454_2048x2048_a83ac3cc-be39-4a0a-8294-c14796e8ef9f_1080x.jpg\" class=\"attachment-full\" alt=\"Quadri su tela - E127\" title=\"Quadri su tela - E127\" srcset=\"https:\/\/svetslik.si\/wp-content\/uploads\/2023\/03\/C1E9BFEA-F091-41AB-9DD5-CC8BCCF01454_2048x2048_a83ac3cc-be39-4a0a-8294-c14796e8ef9f_1080x.jpg 1080w, https:\/\/svetslik.si\/wp-content\/uploads\/2023\/03\/C1E9BFEA-F091-41AB-9DD5-CC8BCCF01454_2048x2048_a83ac3cc-be39-4a0a-8294-c14796e8ef9f_1080x-600x800.jpg 600w, https:\/\/svetslik.si\/wp-content\/uploads\/2023\/03\/C1E9BFEA-F091-41AB-9DD5-CC8BCCF01454_2048x2048_a83ac3cc-be39-4a0a-8294-c14796e8ef9f_1080x-225x300.jpg 225w, https:\/\/svetslik.si\/wp-content\/uploads\/2023\/03\/C1E9BFEA-F091-41AB-9DD5-CC8BCCF01454_2048x2048_a83ac3cc-be39-4a0a-8294-c14796e8ef9f_1080x-768x1024.jpg 768w, https:\/\/svetslik.si\/wp-content\/uploads\/2023\/03\/C1E9BFEA-F091-41AB-9DD5-CC8BCCF01454_2048x2048_a83ac3cc-be39-4a0a-8294-c14796e8ef9f_1080x-9x12.jpg 9w, https:\/\/svetslik.si\/wp-content\/uploads\/2023\/03\/C1E9BFEA-F091-41AB-9DD5-CC8BCCF01454_2048x2048_a83ac3cc-be39-4a0a-8294-c14796e8ef9f_1080x-113x150.jpg 113w, https:\/\/svetslik.si\/wp-content\/uploads\/2023\/03\/C1E9BFEA-F091-41AB-9DD5-CC8BCCF01454_2048x2048_a83ac3cc-be39-4a0a-8294-c14796e8ef9f_1080x-900x1200.jpg 900w\" sizes=\"(max-width: 1080px) 100vw, 1080px\" \/>\t\t\t\t<\/div>\n\t\t\t\t\t\t\t\t\t\t\t<\/div>\n\t<\/div>\n  [\/vc_column][\/vc_row][vc_row][vc_column]\t<div class=\"et-image-313 et-image     et_image_link\">\n\t\t<div class=\"et-image-inner \">\n\t\t\t\t\t\t\t<div class=\"et-image-thumb \">\n\t\t\t\t\t<img decoding=\"async\" width=\"1080\" height=\"1440\" src=\"https:\/\/svetslik.si\/wp-content\/uploads\/2023\/03\/A15DDC32-D076-4EAB-9A0A-881A88B6D378_2048x2048_e776d7c9-09f2-490b-986b-8bd1e8618e62_1080x.jpg\" class=\"attachment-full\" alt=\"Quadri su tela - E127\" title=\"Quadri su tela - E127\" srcset=\"https:\/\/svetslik.si\/wp-content\/uploads\/2023\/03\/A15DDC32-D076-4EAB-9A0A-881A88B6D378_2048x2048_e776d7c9-09f2-490b-986b-8bd1e8618e62_1080x.jpg 1080w, https:\/\/svetslik.si\/wp-content\/uploads\/2023\/03\/A15DDC32-D076-4EAB-9A0A-881A88B6D378_2048x2048_e776d7c9-09f2-490b-986b-8bd1e8618e62_1080x-600x800.jpg 600w, https:\/\/svetslik.si\/wp-content\/uploads\/2023\/03\/A15DDC32-D076-4EAB-9A0A-881A88B6D378_2048x2048_e776d7c9-09f2-490b-986b-8bd1e8618e62_1080x-225x300.jpg 225w, https:\/\/svetslik.si\/wp-content\/uploads\/2023\/03\/A15DDC32-D076-4EAB-9A0A-881A88B6D378_2048x2048_e776d7c9-09f2-490b-986b-8bd1e8618e62_1080x-768x1024.jpg 768w, https:\/\/svetslik.si\/wp-content\/uploads\/2023\/03\/A15DDC32-D076-4EAB-9A0A-881A88B6D378_2048x2048_e776d7c9-09f2-490b-986b-8bd1e8618e62_1080x-9x12.jpg 9w, https:\/\/svetslik.si\/wp-content\/uploads\/2023\/03\/A15DDC32-D076-4EAB-9A0A-881A88B6D378_2048x2048_e776d7c9-09f2-490b-986b-8bd1e8618e62_1080x-113x150.jpg 113w, https:\/\/svetslik.si\/wp-content\/uploads\/2023\/03\/A15DDC32-D076-4EAB-9A0A-881A88B6D378_2048x2048_e776d7c9-09f2-490b-986b-8bd1e8618e62_1080x-900x1200.jpg 900w\" sizes=\"(max-width: 1080px) 100vw, 1080px\" \/>\t\t\t\t<\/div>\n\t\t\t\t\t\t\t\t\t\t\t<\/div>\n\t<\/div>\n  [\/vc_column][\/vc_row]\n<\/div>","protected":false},"excerpt":{"rendered":"<p>[vc_row css=&#8221;.vc_custom_1661936816449{margin-bottom: 10px !important;}&#8221;][vc_column][\/vc_column][\/vc_row][vc_row css=&#8221;.vc_custom_1661936829798{margin-bottom: 10px !important;}&#8221;][vc_column][\/vc_column][\/vc_row][vc_row][vc_column][\/vc_column][\/vc_row]<\/p>\n","protected":false},"featured_media":103328,"template":"","meta":{"_acf_changed":false},"product_brand":[],"product_cat":[4192],"product_tag":[4261,4259,4264,4208,4216,4230,4254,4262,4257,4256,4255,4242],"class_list":{"0":"post-47909","1":"product","2":"type-product","3":"status-publish","4":"has-post-thumbnail","6":"product_cat-quadri-moderni-un-pezzo","7":"product_tag-decorazione-murale","8":"product_tag-galleria-online","9":"product_tag-quadri-artistici","10":"product_tag-quadri-astratti-it","11":"product_tag-quadri-decorative","12":"product_tag-quadri-moderni","13":"product_tag-quadri-moderni-it","14":"product_tag-quadri-murali","15":"product_tag-quadri-per-il-soggiorno","16":"product_tag-quadri-per-pareti","17":"product_tag-quadri-per-soggiorno","18":"product_tag-vendere-quadri","19":"pa_dimenzija-100-x-200-cm-it","20":"pa_dimenzija-120-x-240-cm-it","21":"pa_dimenzija-150-x-300-cm-it","22":"pa_dimenzija-40-x-80-cm-it","23":"pa_dimenzija-50-x-100-cm-it","24":"pa_dimenzija-60-x-120-cm-it","25":"pa_dimenzija-80-x-160-cm-it","26":"pa_dimenzija-90-x-180-cm-it","27":"pa_oblika-orizzontale","28":"pa_okvir-sensa-cornice","29":"pa_podokvir-no","30":"pa_podokvir-si","32":"first","33":"onbackorder","34":"purchasable","35":"product-type-variable","36":"has-default-attributes"},"acf":[],"yoast_head":"<!-- This site is optimized with the Yoast SEO Premium plugin v26.0 (Yoast SEO v27.2) - https:\/\/yoast.com\/product\/yoast-seo-premium-wordpress\/ -->\n<title>Quadri su tela - E127 - SVETSLIK.SI - Dipinto al 100% fatto a mano<\/title>\n<meta name=\"description\" content=\"Quadri su tela - E127 - Riproduzioni di quadri d&#039;arte al 100% dipinti a mano su tela. Cornici per quadri, vendita e realizzazione di dimensioni su ordinazione.\" \/>\n<meta name=\"robots\" content=\"index, follow, max-snippet:-1, max-image-preview:large, max-video-preview:-1\" \/>\n<link rel=\"canonical\" href=\"https:\/\/svetslik.si\/it\/quadri-moderni-un-pezzo\/quadri-su-tela-e127\/\" \/>\n<meta property=\"og:locale\" content=\"it_IT\" \/>\n<meta property=\"og:type\" content=\"article\" \/>\n<meta property=\"og:title\" content=\"Quadri su tela - E127\" \/>\n<meta property=\"og:description\" content=\"100% ro\u010dno naslikane slike na platnu, reprodukcije znanih slikarjev in umetni\u0161ke slike po naro\u010dilu.\" \/>\n<meta property=\"og:url\" content=\"https:\/\/svetslik.si\/it\/quadri-moderni-un-pezzo\/quadri-su-tela-e127\/\" \/>\n<meta property=\"og:site_name\" content=\"SVETSLIK.SI\" \/>\n<meta property=\"article:publisher\" content=\"https:\/\/www.facebook.com\/svetslik.si\" \/>\n<meta property=\"article:modified_time\" content=\"2024-07-11T12:22:53+00:00\" \/>\n<meta property=\"og:image\" content=\"https:\/\/svetslik.si\/wp-content\/uploads\/2023\/03\/Slike-na-platnu-E127.jpg\" \/>\n\t<meta property=\"og:image:width\" content=\"1500\" \/>\n\t<meta property=\"og:image:height\" content=\"766\" \/>\n\t<meta property=\"og:image:type\" content=\"image\/jpeg\" \/>\n<meta name=\"twitter:card\" content=\"summary_large_image\" \/>\n<meta name=\"twitter:site\" content=\"@svetslik\" \/>\n<meta name=\"twitter:label1\" content=\"Disponibilit\u00e0\" \/>\n\t<meta name=\"twitter:data1\" content=\"Su ordinazione\" \/>\n<script type=\"application\/ld+json\" class=\"yoast-schema-graph\">{\"@context\":\"https:\/\/schema.org\",\"@graph\":[{\"@type\":[\"WebPage\",\"ItemPage\"],\"@id\":\"https:\/\/svetslik.si\/it\/quadri-moderni-un-pezzo\/quadri-su-tela-e127\/\",\"url\":\"https:\/\/svetslik.si\/it\/quadri-moderni-un-pezzo\/quadri-su-tela-e127\/\",\"name\":\"Quadri su tela - E127 - SVETSLIK.SI - Dipinto al 100% fatto a mano\",\"isPartOf\":{\"@id\":\"https:\/\/svetslik.si\/it\/#website\"},\"primaryImageOfPage\":{\"@id\":\"https:\/\/svetslik.si\/it\/quadri-moderni-un-pezzo\/quadri-su-tela-e127\/#primaryimage\"},\"image\":{\"@id\":\"https:\/\/svetslik.si\/it\/quadri-moderni-un-pezzo\/quadri-su-tela-e127\/#primaryimage\"},\"thumbnailUrl\":\"https:\/\/svetslik.si\/wp-content\/uploads\/2023\/03\/Slike-na-platnu-E127.jpg\",\"datePublished\":\"2023-03-06T13:17:30+00:00\",\"dateModified\":\"2024-07-11T12:22:53+00:00\",\"description\":\"Quadri su tela - E127 - Riproduzioni di quadri d'arte al 100% dipinti a mano su tela. Cornici per quadri, vendita e realizzazione di dimensioni su ordinazione.\",\"breadcrumb\":{\"@id\":\"https:\/\/svetslik.si\/it\/quadri-moderni-un-pezzo\/quadri-su-tela-e127\/#breadcrumb\"},\"inLanguage\":\"it-IT\",\"potentialAction\":[{\"@type\":\"ReadAction\",\"target\":[\"https:\/\/svetslik.si\/it\/quadri-moderni-un-pezzo\/quadri-su-tela-e127\/\"]}]},{\"@type\":\"ImageObject\",\"inLanguage\":\"it-IT\",\"@id\":\"https:\/\/svetslik.si\/it\/quadri-moderni-un-pezzo\/quadri-su-tela-e127\/#primaryimage\",\"url\":\"https:\/\/svetslik.si\/wp-content\/uploads\/2023\/03\/Slike-na-platnu-E127.jpg\",\"contentUrl\":\"https:\/\/svetslik.si\/wp-content\/uploads\/2023\/03\/Slike-na-platnu-E127.jpg\",\"width\":1500,\"height\":766,\"caption\":\"Quadri su tela - E127: Un'opera su tela che cattura l'essenza della creativit\u00e0.\"},{\"@type\":\"BreadcrumbList\",\"@id\":\"https:\/\/svetslik.si\/it\/quadri-moderni-un-pezzo\/quadri-su-tela-e127\/#breadcrumb\",\"itemListElement\":[{\"@type\":\"ListItem\",\"position\":1,\"name\":\"Fali m\u0171v\u00e9szet \u00e9s festm\u00e9nyek v\u00e1szonra\",\"item\":\"https:\/\/svetslik.si\/it\/\"},{\"@type\":\"ListItem\",\"position\":2,\"name\":\"Vendita di dipinti\",\"item\":\"https:\/\/svetslik.si\/prodaja-slik\/\"},{\"@type\":\"ListItem\",\"position\":3,\"name\":\"Quadri su tela &#8211; E127\"}]},{\"@type\":\"WebSite\",\"@id\":\"https:\/\/svetslik.si\/it\/#website\",\"url\":\"https:\/\/svetslik.si\/it\/\",\"name\":\"SVETSLIK.SI\",\"description\":\"100% riproduzioni dipinte a mano di quadri di pittori famosi e dipinti su tela.\",\"publisher\":{\"@id\":\"https:\/\/svetslik.si\/it\/#organization\"},\"potentialAction\":[{\"@type\":\"SearchAction\",\"target\":{\"@type\":\"EntryPoint\",\"urlTemplate\":\"https:\/\/svetslik.si\/it\/?s={search_term_string}\"},\"query-input\":{\"@type\":\"PropertyValueSpecification\",\"valueRequired\":true,\"valueName\":\"search_term_string\"}}],\"inLanguage\":\"it-IT\"},{\"@type\":\"Organization\",\"@id\":\"https:\/\/svetslik.si\/it\/#organization\",\"name\":\"SvetSlik.si\",\"url\":\"https:\/\/svetslik.si\/it\/\",\"logo\":{\"@type\":\"ImageObject\",\"inLanguage\":\"it-IT\",\"@id\":\"https:\/\/svetslik.si\/it\/#\/schema\/logo\/image\/\",\"url\":\"https:\/\/svetslik.si\/wp-content\/uploads\/2020\/12\/logo-512.png\",\"contentUrl\":\"https:\/\/svetslik.si\/wp-content\/uploads\/2020\/12\/logo-512.png\",\"width\":512,\"height\":512,\"caption\":\"SvetSlik.si\"},\"image\":{\"@id\":\"https:\/\/svetslik.si\/it\/#\/schema\/logo\/image\/\"},\"sameAs\":[\"https:\/\/www.facebook.com\/svetslik.si\",\"https:\/\/x.com\/svetslik\",\"https:\/\/www.instagram.com\/svetslik.si\/\",\"https:\/\/www.linkedin.com\/company\/svetslik-si\"]}]}<\/script>\n<meta property=\"og:availability\" content=\"backorder\" \/>\n<meta property=\"product:availability\" content=\"available for order\" \/>\n<meta property=\"product:retailer_item_id\" content=\"1109__-1-1-1-2-1\" \/>\n<meta property=\"product:condition\" content=\"new\" \/>\n<!-- \/ Yoast SEO Premium plugin. -->","yoast_head_json":{"title":"Quadri su tela - E127 - SVETSLIK.SI - Dipinto al 100% fatto a mano","description":"Quadri su tela - E127 - Riproduzioni di quadri d'arte al 100% dipinti a mano su tela. Cornici per quadri, vendita e realizzazione di dimensioni su ordinazione.","robots":{"index":"index","follow":"follow","max-snippet":"max-snippet:-1","max-image-preview":"max-image-preview:large","max-video-preview":"max-video-preview:-1"},"canonical":"https:\/\/svetslik.si\/it\/quadri-moderni-un-pezzo\/quadri-su-tela-e127\/","og_locale":"it_IT","og_type":"article","og_title":"Quadri su tela - E127","og_description":"100% ro\u010dno naslikane slike na platnu, reprodukcije znanih slikarjev in umetni\u0161ke slike po naro\u010dilu.","og_url":"https:\/\/svetslik.si\/it\/quadri-moderni-un-pezzo\/quadri-su-tela-e127\/","og_site_name":"SVETSLIK.SI","article_publisher":"https:\/\/www.facebook.com\/svetslik.si","article_modified_time":"2024-07-11T12:22:53+00:00","og_image":[{"width":1500,"height":766,"url":"https:\/\/svetslik.si\/wp-content\/uploads\/2023\/03\/Slike-na-platnu-E127.jpg","type":"image\/jpeg"}],"twitter_card":"summary_large_image","twitter_site":"@svetslik","twitter_misc":{"Disponibilit\u00e0":"Su ordinazione"},"schema":{"@context":"https:\/\/schema.org","@graph":[{"@type":["WebPage","ItemPage"],"@id":"https:\/\/svetslik.si\/it\/quadri-moderni-un-pezzo\/quadri-su-tela-e127\/","url":"https:\/\/svetslik.si\/it\/quadri-moderni-un-pezzo\/quadri-su-tela-e127\/","name":"Quadri su tela - E127 - SVETSLIK.SI - Dipinto al 100% fatto a mano","isPartOf":{"@id":"https:\/\/svetslik.si\/it\/#website"},"primaryImageOfPage":{"@id":"https:\/\/svetslik.si\/it\/quadri-moderni-un-pezzo\/quadri-su-tela-e127\/#primaryimage"},"image":{"@id":"https:\/\/svetslik.si\/it\/quadri-moderni-un-pezzo\/quadri-su-tela-e127\/#primaryimage"},"thumbnailUrl":"https:\/\/svetslik.si\/wp-content\/uploads\/2023\/03\/Slike-na-platnu-E127.jpg","datePublished":"2023-03-06T13:17:30+00:00","dateModified":"2024-07-11T12:22:53+00:00","description":"Quadri su tela - E127 - Riproduzioni di quadri d'arte al 100% dipinti a mano su tela. Cornici per quadri, vendita e realizzazione di dimensioni su ordinazione.","breadcrumb":{"@id":"https:\/\/svetslik.si\/it\/quadri-moderni-un-pezzo\/quadri-su-tela-e127\/#breadcrumb"},"inLanguage":"it-IT","potentialAction":[{"@type":"ReadAction","target":["https:\/\/svetslik.si\/it\/quadri-moderni-un-pezzo\/quadri-su-tela-e127\/"]}]},{"@type":"ImageObject","inLanguage":"it-IT","@id":"https:\/\/svetslik.si\/it\/quadri-moderni-un-pezzo\/quadri-su-tela-e127\/#primaryimage","url":"https:\/\/svetslik.si\/wp-content\/uploads\/2023\/03\/Slike-na-platnu-E127.jpg","contentUrl":"https:\/\/svetslik.si\/wp-content\/uploads\/2023\/03\/Slike-na-platnu-E127.jpg","width":1500,"height":766,"caption":"Quadri su tela - E127: Un'opera su tela che cattura l'essenza della creativit\u00e0."},{"@type":"BreadcrumbList","@id":"https:\/\/svetslik.si\/it\/quadri-moderni-un-pezzo\/quadri-su-tela-e127\/#breadcrumb","itemListElement":[{"@type":"ListItem","position":1,"name":"Fali m\u0171v\u00e9szet \u00e9s festm\u00e9nyek v\u00e1szonra","item":"https:\/\/svetslik.si\/it\/"},{"@type":"ListItem","position":2,"name":"Vendita di dipinti","item":"https:\/\/svetslik.si\/prodaja-slik\/"},{"@type":"ListItem","position":3,"name":"Quadri su tela &#8211; E127"}]},{"@type":"WebSite","@id":"https:\/\/svetslik.si\/it\/#website","url":"https:\/\/svetslik.si\/it\/","name":"SVETSLIK.SI","description":"100% riproduzioni dipinte a mano di quadri di pittori famosi e dipinti su tela.","publisher":{"@id":"https:\/\/svetslik.si\/it\/#organization"},"potentialAction":[{"@type":"SearchAction","target":{"@type":"EntryPoint","urlTemplate":"https:\/\/svetslik.si\/it\/?s={search_term_string}"},"query-input":{"@type":"PropertyValueSpecification","valueRequired":true,"valueName":"search_term_string"}}],"inLanguage":"it-IT"},{"@type":"Organization","@id":"https:\/\/svetslik.si\/it\/#organization","name":"SvetSlik.si","url":"https:\/\/svetslik.si\/it\/","logo":{"@type":"ImageObject","inLanguage":"it-IT","@id":"https:\/\/svetslik.si\/it\/#\/schema\/logo\/image\/","url":"https:\/\/svetslik.si\/wp-content\/uploads\/2020\/12\/logo-512.png","contentUrl":"https:\/\/svetslik.si\/wp-content\/uploads\/2020\/12\/logo-512.png","width":512,"height":512,"caption":"SvetSlik.si"},"image":{"@id":"https:\/\/svetslik.si\/it\/#\/schema\/logo\/image\/"},"sameAs":["https:\/\/www.facebook.com\/svetslik.si","https:\/\/x.com\/svetslik","https:\/\/www.instagram.com\/svetslik.si\/","https:\/\/www.linkedin.com\/company\/svetslik-si"]}]},"og_availability":"backorder","product_availability":"available for order","product_retailer_item_id":"1109__-1-1-1-2-1","product_condition":"new"},"jetpack_sharing_enabled":true,"_links":{"self":[{"href":"https:\/\/svetslik.si\/it\/wp-json\/wp\/v2\/product\/47909","targetHints":{"allow":["GET"]}}],"collection":[{"href":"https:\/\/svetslik.si\/it\/wp-json\/wp\/v2\/product"}],"about":[{"href":"https:\/\/svetslik.si\/it\/wp-json\/wp\/v2\/types\/product"}],"wp:featuredmedia":[{"embeddable":true,"href":"https:\/\/svetslik.si\/it\/wp-json\/wp\/v2\/media\/103328"}],"wp:attachment":[{"href":"https:\/\/svetslik.si\/it\/wp-json\/wp\/v2\/media?parent=47909"}],"wp:term":[{"taxonomy":"product_brand","embeddable":true,"href":"https:\/\/svetslik.si\/it\/wp-json\/wp\/v2\/product_brand?post=47909"},{"taxonomy":"product_cat","embeddable":true,"href":"https:\/\/svetslik.si\/it\/wp-json\/wp\/v2\/product_cat?post=47909"},{"taxonomy":"product_tag","embeddable":true,"href":"https:\/\/svetslik.si\/it\/wp-json\/wp\/v2\/product_tag?post=47909"}],"curies":[{"name":"wp","href":"https:\/\/api.w.org\/{rel}","templated":true}]}}