{"id":47941,"date":"2023-03-06T16:18:52","date_gmt":"2023-03-06T15:18:52","guid":{"rendered":"https:\/\/svetslik.si\/senza-categoria\/vecdelne-slike-w36\/"},"modified":"2026-03-22T15:14:18","modified_gmt":"2026-03-22T14:14:18","slug":"quadri-moderni-multipli-w36","status":"publish","type":"product","link":"https:\/\/svetslik.si\/it\/quadri-moderni-multiparti\/quadri-moderni-multipli-w36\/","title":{"rendered":"Quadri moderni multipli &#8211; W36"},"content":{"rendered":"<div class=\"wpb-content-wrapper\">[vc_row css=&#8221;.vc_custom_1668076307872{margin-bottom: 10px !important;padding-top: 5px !important;}&#8221;][vc_column]\t<div class=\"et-image-382 et-image     et_image_link\">\n\t\t<div class=\"et-image-inner \">\n\t\t\t\t\t\t\t<div class=\"et-image-thumb \">\n\t\t\t\t\t<img decoding=\"async\" width=\"614\" height=\"614\" src=\"https:\/\/svetslik.si\/wp-content\/uploads\/2023\/03\/slike-na-platnu-W36ab.jpg\" class=\"attachment-full\" alt=\"Quadri moderni multipli - W36\" title=\"Quadri moderni multipli - W36\" srcset=\"https:\/\/svetslik.si\/wp-content\/uploads\/2023\/03\/slike-na-platnu-W36ab.jpg 614w, https:\/\/svetslik.si\/wp-content\/uploads\/2023\/03\/slike-na-platnu-W36ab-600x600.jpg 600w, https:\/\/svetslik.si\/wp-content\/uploads\/2023\/03\/slike-na-platnu-W36ab-100x100.jpg 100w, https:\/\/svetslik.si\/wp-content\/uploads\/2023\/03\/slike-na-platnu-W36ab-300x300.jpg 300w, https:\/\/svetslik.si\/wp-content\/uploads\/2023\/03\/slike-na-platnu-W36ab-150x150.jpg 150w, https:\/\/svetslik.si\/wp-content\/uploads\/2023\/03\/slike-na-platnu-W36ab-12x12.jpg 12w\" sizes=\"(max-width: 614px) 100vw, 614px\" \/>\t\t\t\t<\/div>\n\t\t\t\t\t\t\t\t\t\t\t<\/div>\n\t<\/div>\n  [\/vc_column][\/vc_row][vc_row css=&#8221;.vc_custom_1668076307872{margin-bottom: 10px !important;padding-top: 5px !important;}&#8221;][vc_column]\t<div class=\"et-image-220 et-image     et_image_link\">\n\t\t<div class=\"et-image-inner \">\n\t\t\t\t\t\t\t<div class=\"et-image-thumb \">\n\t\t\t\t\t<img decoding=\"async\" width=\"794\" height=\"1059\" src=\"https:\/\/svetslik.si\/wp-content\/uploads\/2023\/03\/slike-na-platnu-W36.jpg\" class=\"attachment-full\" alt=\"Quadri moderni multipli - W36\" title=\"Quadri moderni multipli - W36\" srcset=\"https:\/\/svetslik.si\/wp-content\/uploads\/2023\/03\/slike-na-platnu-W36.jpg 794w, https:\/\/svetslik.si\/wp-content\/uploads\/2023\/03\/slike-na-platnu-W36-600x800.jpg 600w, https:\/\/svetslik.si\/wp-content\/uploads\/2023\/03\/slike-na-platnu-W36-225x300.jpg 225w, https:\/\/svetslik.si\/wp-content\/uploads\/2023\/03\/slike-na-platnu-W36-768x1024.jpg 768w, https:\/\/svetslik.si\/wp-content\/uploads\/2023\/03\/slike-na-platnu-W36-9x12.jpg 9w, https:\/\/svetslik.si\/wp-content\/uploads\/2023\/03\/slike-na-platnu-W36-112x150.jpg 112w\" sizes=\"(max-width: 794px) 100vw, 794px\" \/>\t\t\t\t<\/div>\n\t\t\t\t\t\t\t\t\t\t\t<\/div>\n\t<\/div>\n  [\/vc_column][\/vc_row][vc_row][vc_column][vc_column_text]\n<\/div>","protected":false},"excerpt":{"rendered":"<p>[vc_row css=&#8221;.vc_custom_1668076307872{margin-bottom: 10px !important;padding-top: 5px !important;}&#8221;][vc_column][\/vc_column][\/vc_row][vc_row css=&#8221;.vc_custom_1668076307872{margin-bottom: 10px !important;padding-top: 5px !important;}&#8221;][vc_column][\/vc_column][\/vc_row][vc_row][vc_column][vc_column_text]<\/p>\n","protected":false},"featured_media":37229,"template":"","meta":{"_acf_changed":false},"product_brand":[],"product_cat":[4193],"product_tag":[4264,4208,4230,4254,4267,4262,4257,4255,4242],"class_list":{"0":"post-47941","1":"product","2":"type-product","3":"status-publish","4":"has-post-thumbnail","6":"product_cat-quadri-moderni-multiparti","7":"product_tag-quadri-artistici","8":"product_tag-quadri-astratti-it","9":"product_tag-quadri-moderni","10":"product_tag-quadri-moderni-it","11":"product_tag-quadri-multiparte","12":"product_tag-quadri-murali","13":"product_tag-quadri-per-il-soggiorno","14":"product_tag-quadri-per-soggiorno","15":"product_tag-vendere-quadri","16":"pa_dimenzija-120-x-80-cm","17":"pa_dimenzija-150-x-100-cm","18":"pa_dimenzija-180-x-120-cm","19":"pa_dimenzija-210-x-140-cm","20":"pa_dimenzija-90-x-60-cm","21":"pa_oblika-orizzontale","22":"pa_okvir-sensa-cornice","23":"pa_pod-okvir-incluso-nel-prezzo","24":"pa_podokvir-no","25":"pa_podokvir-si","27":"first","28":"onbackorder","29":"purchasable","30":"product-type-variable","31":"has-default-attributes"},"acf":[],"yoast_head":"<!-- This site is optimized with the Yoast SEO Premium plugin v26.0 (Yoast SEO v27.2) - https:\/\/yoast.com\/product\/yoast-seo-premium-wordpress\/ -->\n<title>Quadri moderni multipli - W36 - SVETSLIK.SI - Dipinto al 100% fatto a mano<\/title>\n<meta name=\"description\" content=\"Quadri moderni multipli - W36 - Riproduzioni di quadri d&#039;arte al 100% dipinti a mano su tela. Cornici per quadri, vendita e realizzazione di dimensioni su ordinazione.\" \/>\n<meta name=\"robots\" content=\"index, follow, max-snippet:-1, max-image-preview:large, max-video-preview:-1\" \/>\n<link rel=\"canonical\" href=\"https:\/\/svetslik.si\/it\/quadri-moderni-multiparti\/quadri-moderni-multipli-w36\/\" \/>\n<meta property=\"og:locale\" content=\"it_IT\" \/>\n<meta property=\"og:type\" content=\"article\" \/>\n<meta property=\"og:title\" content=\"Quadri moderni multipli - W36\" \/>\n<meta property=\"og:description\" content=\"100% ro\u010dno naslikane slike na platnu, reprodukcije znanih slikarjev in umetni\u0161ke slike po naro\u010dilu.\" \/>\n<meta property=\"og:url\" content=\"https:\/\/svetslik.si\/it\/quadri-moderni-multiparti\/quadri-moderni-multipli-w36\/\" \/>\n<meta property=\"og:site_name\" content=\"SVETSLIK.SI\" \/>\n<meta property=\"article:publisher\" content=\"https:\/\/www.facebook.com\/svetslik.si\" \/>\n<meta property=\"article:modified_time\" content=\"2026-03-22T14:14:18+00:00\" \/>\n<meta property=\"og:image\" content=\"https:\/\/svetslik.si\/wp-content\/uploads\/2023\/03\/slike-na-platnu-W36.png\" \/>\n\t<meta property=\"og:image:width\" content=\"900\" \/>\n\t<meta property=\"og:image:height\" content=\"568\" \/>\n\t<meta property=\"og:image:type\" content=\"image\/png\" \/>\n<meta name=\"twitter:card\" content=\"summary_large_image\" \/>\n<meta name=\"twitter:site\" content=\"@svetslik\" \/>\n<meta name=\"twitter:label1\" content=\"Disponibilit\u00e0\" \/>\n\t<meta name=\"twitter:data1\" content=\"Su ordinazione\" \/>\n<script type=\"application\/ld+json\" class=\"yoast-schema-graph\">{\"@context\":\"https:\/\/schema.org\",\"@graph\":[{\"@type\":[\"WebPage\",\"ItemPage\"],\"@id\":\"https:\/\/svetslik.si\/it\/quadri-moderni-multiparti\/quadri-moderni-multipli-w36\/\",\"url\":\"https:\/\/svetslik.si\/it\/quadri-moderni-multiparti\/quadri-moderni-multipli-w36\/\",\"name\":\"Quadri moderni multipli - W36 - SVETSLIK.SI - Dipinto al 100% fatto a mano\",\"isPartOf\":{\"@id\":\"https:\/\/svetslik.si\/it\/#website\"},\"primaryImageOfPage\":{\"@id\":\"https:\/\/svetslik.si\/it\/quadri-moderni-multiparti\/quadri-moderni-multipli-w36\/#primaryimage\"},\"image\":{\"@id\":\"https:\/\/svetslik.si\/it\/quadri-moderni-multiparti\/quadri-moderni-multipli-w36\/#primaryimage\"},\"thumbnailUrl\":\"https:\/\/svetslik.si\/wp-content\/uploads\/2023\/03\/slike-na-platnu-W36.png\",\"datePublished\":\"2023-03-06T15:18:52+00:00\",\"dateModified\":\"2026-03-22T14:14:18+00:00\",\"description\":\"Quadri moderni multipli - W36 - Riproduzioni di quadri d'arte al 100% dipinti a mano su tela. Cornici per quadri, vendita e realizzazione di dimensioni su ordinazione.\",\"breadcrumb\":{\"@id\":\"https:\/\/svetslik.si\/it\/quadri-moderni-multiparti\/quadri-moderni-multipli-w36\/#breadcrumb\"},\"inLanguage\":\"it-IT\",\"potentialAction\":[{\"@type\":\"ReadAction\",\"target\":[\"https:\/\/svetslik.si\/it\/quadri-moderni-multiparti\/quadri-moderni-multipli-w36\/\"]}]},{\"@type\":\"ImageObject\",\"inLanguage\":\"it-IT\",\"@id\":\"https:\/\/svetslik.si\/it\/quadri-moderni-multiparti\/quadri-moderni-multipli-w36\/#primaryimage\",\"url\":\"https:\/\/svetslik.si\/wp-content\/uploads\/2023\/03\/slike-na-platnu-W36.png\",\"contentUrl\":\"https:\/\/svetslik.si\/wp-content\/uploads\/2023\/03\/slike-na-platnu-W36.png\",\"width\":900,\"height\":568,\"caption\":\"Quadri moderni multipli - W36\"},{\"@type\":\"BreadcrumbList\",\"@id\":\"https:\/\/svetslik.si\/it\/quadri-moderni-multiparti\/quadri-moderni-multipli-w36\/#breadcrumb\",\"itemListElement\":[{\"@type\":\"ListItem\",\"position\":1,\"name\":\"Fali m\u0171v\u00e9szet \u00e9s festm\u00e9nyek v\u00e1szonra\",\"item\":\"https:\/\/svetslik.si\/it\/\"},{\"@type\":\"ListItem\",\"position\":2,\"name\":\"Vendita di dipinti\",\"item\":\"https:\/\/svetslik.si\/prodaja-slik\/\"},{\"@type\":\"ListItem\",\"position\":3,\"name\":\"Quadri moderni multipli &#8211; W36\"}]},{\"@type\":\"WebSite\",\"@id\":\"https:\/\/svetslik.si\/it\/#website\",\"url\":\"https:\/\/svetslik.si\/it\/\",\"name\":\"SVETSLIK.SI\",\"description\":\"100% riproduzioni dipinte a mano di quadri di pittori famosi e dipinti su tela.\",\"publisher\":{\"@id\":\"https:\/\/svetslik.si\/it\/#organization\"},\"potentialAction\":[{\"@type\":\"SearchAction\",\"target\":{\"@type\":\"EntryPoint\",\"urlTemplate\":\"https:\/\/svetslik.si\/it\/?s={search_term_string}\"},\"query-input\":{\"@type\":\"PropertyValueSpecification\",\"valueRequired\":true,\"valueName\":\"search_term_string\"}}],\"inLanguage\":\"it-IT\"},{\"@type\":\"Organization\",\"@id\":\"https:\/\/svetslik.si\/it\/#organization\",\"name\":\"SvetSlik.si\",\"url\":\"https:\/\/svetslik.si\/it\/\",\"logo\":{\"@type\":\"ImageObject\",\"inLanguage\":\"it-IT\",\"@id\":\"https:\/\/svetslik.si\/it\/#\/schema\/logo\/image\/\",\"url\":\"https:\/\/svetslik.si\/wp-content\/uploads\/2020\/12\/logo-512.png\",\"contentUrl\":\"https:\/\/svetslik.si\/wp-content\/uploads\/2020\/12\/logo-512.png\",\"width\":512,\"height\":512,\"caption\":\"SvetSlik.si\"},\"image\":{\"@id\":\"https:\/\/svetslik.si\/it\/#\/schema\/logo\/image\/\"},\"sameAs\":[\"https:\/\/www.facebook.com\/svetslik.si\",\"https:\/\/x.com\/svetslik\",\"https:\/\/www.instagram.com\/svetslik.si\/\",\"https:\/\/www.linkedin.com\/company\/svetslik-si\"]}]}<\/script>\n<meta property=\"og:availability\" content=\"backorder\" \/>\n<meta property=\"product:availability\" content=\"available for order\" \/>\n<meta property=\"product:retailer_item_id\" content=\"1153__-1\" \/>\n<meta property=\"product:condition\" content=\"new\" \/>\n<!-- \/ Yoast SEO Premium plugin. -->","yoast_head_json":{"title":"Quadri moderni multipli - W36 - SVETSLIK.SI - Dipinto al 100% fatto a mano","description":"Quadri moderni multipli - W36 - Riproduzioni di quadri d'arte al 100% dipinti a mano su tela. Cornici per quadri, vendita e realizzazione di dimensioni su ordinazione.","robots":{"index":"index","follow":"follow","max-snippet":"max-snippet:-1","max-image-preview":"max-image-preview:large","max-video-preview":"max-video-preview:-1"},"canonical":"https:\/\/svetslik.si\/it\/quadri-moderni-multiparti\/quadri-moderni-multipli-w36\/","og_locale":"it_IT","og_type":"article","og_title":"Quadri moderni multipli - W36","og_description":"100% ro\u010dno naslikane slike na platnu, reprodukcije znanih slikarjev in umetni\u0161ke slike po naro\u010dilu.","og_url":"https:\/\/svetslik.si\/it\/quadri-moderni-multiparti\/quadri-moderni-multipli-w36\/","og_site_name":"SVETSLIK.SI","article_publisher":"https:\/\/www.facebook.com\/svetslik.si","article_modified_time":"2026-03-22T14:14:18+00:00","og_image":[{"width":900,"height":568,"url":"https:\/\/svetslik.si\/wp-content\/uploads\/2023\/03\/slike-na-platnu-W36.png","type":"image\/png"}],"twitter_card":"summary_large_image","twitter_site":"@svetslik","twitter_misc":{"Disponibilit\u00e0":"Su ordinazione"},"schema":{"@context":"https:\/\/schema.org","@graph":[{"@type":["WebPage","ItemPage"],"@id":"https:\/\/svetslik.si\/it\/quadri-moderni-multiparti\/quadri-moderni-multipli-w36\/","url":"https:\/\/svetslik.si\/it\/quadri-moderni-multiparti\/quadri-moderni-multipli-w36\/","name":"Quadri moderni multipli - W36 - SVETSLIK.SI - Dipinto al 100% fatto a mano","isPartOf":{"@id":"https:\/\/svetslik.si\/it\/#website"},"primaryImageOfPage":{"@id":"https:\/\/svetslik.si\/it\/quadri-moderni-multiparti\/quadri-moderni-multipli-w36\/#primaryimage"},"image":{"@id":"https:\/\/svetslik.si\/it\/quadri-moderni-multiparti\/quadri-moderni-multipli-w36\/#primaryimage"},"thumbnailUrl":"https:\/\/svetslik.si\/wp-content\/uploads\/2023\/03\/slike-na-platnu-W36.png","datePublished":"2023-03-06T15:18:52+00:00","dateModified":"2026-03-22T14:14:18+00:00","description":"Quadri moderni multipli - W36 - Riproduzioni di quadri d'arte al 100% dipinti a mano su tela. Cornici per quadri, vendita e realizzazione di dimensioni su ordinazione.","breadcrumb":{"@id":"https:\/\/svetslik.si\/it\/quadri-moderni-multiparti\/quadri-moderni-multipli-w36\/#breadcrumb"},"inLanguage":"it-IT","potentialAction":[{"@type":"ReadAction","target":["https:\/\/svetslik.si\/it\/quadri-moderni-multiparti\/quadri-moderni-multipli-w36\/"]}]},{"@type":"ImageObject","inLanguage":"it-IT","@id":"https:\/\/svetslik.si\/it\/quadri-moderni-multiparti\/quadri-moderni-multipli-w36\/#primaryimage","url":"https:\/\/svetslik.si\/wp-content\/uploads\/2023\/03\/slike-na-platnu-W36.png","contentUrl":"https:\/\/svetslik.si\/wp-content\/uploads\/2023\/03\/slike-na-platnu-W36.png","width":900,"height":568,"caption":"Quadri moderni multipli - W36"},{"@type":"BreadcrumbList","@id":"https:\/\/svetslik.si\/it\/quadri-moderni-multiparti\/quadri-moderni-multipli-w36\/#breadcrumb","itemListElement":[{"@type":"ListItem","position":1,"name":"Fali m\u0171v\u00e9szet \u00e9s festm\u00e9nyek v\u00e1szonra","item":"https:\/\/svetslik.si\/it\/"},{"@type":"ListItem","position":2,"name":"Vendita di dipinti","item":"https:\/\/svetslik.si\/prodaja-slik\/"},{"@type":"ListItem","position":3,"name":"Quadri moderni multipli &#8211; W36"}]},{"@type":"WebSite","@id":"https:\/\/svetslik.si\/it\/#website","url":"https:\/\/svetslik.si\/it\/","name":"SVETSLIK.SI","description":"100% riproduzioni dipinte a mano di quadri di pittori famosi e dipinti su tela.","publisher":{"@id":"https:\/\/svetslik.si\/it\/#organization"},"potentialAction":[{"@type":"SearchAction","target":{"@type":"EntryPoint","urlTemplate":"https:\/\/svetslik.si\/it\/?s={search_term_string}"},"query-input":{"@type":"PropertyValueSpecification","valueRequired":true,"valueName":"search_term_string"}}],"inLanguage":"it-IT"},{"@type":"Organization","@id":"https:\/\/svetslik.si\/it\/#organization","name":"SvetSlik.si","url":"https:\/\/svetslik.si\/it\/","logo":{"@type":"ImageObject","inLanguage":"it-IT","@id":"https:\/\/svetslik.si\/it\/#\/schema\/logo\/image\/","url":"https:\/\/svetslik.si\/wp-content\/uploads\/2020\/12\/logo-512.png","contentUrl":"https:\/\/svetslik.si\/wp-content\/uploads\/2020\/12\/logo-512.png","width":512,"height":512,"caption":"SvetSlik.si"},"image":{"@id":"https:\/\/svetslik.si\/it\/#\/schema\/logo\/image\/"},"sameAs":["https:\/\/www.facebook.com\/svetslik.si","https:\/\/x.com\/svetslik","https:\/\/www.instagram.com\/svetslik.si\/","https:\/\/www.linkedin.com\/company\/svetslik-si"]}]},"og_availability":"backorder","product_availability":"available for order","product_retailer_item_id":"1153__-1","product_condition":"new"},"jetpack_sharing_enabled":true,"_links":{"self":[{"href":"https:\/\/svetslik.si\/it\/wp-json\/wp\/v2\/product\/47941","targetHints":{"allow":["GET"]}}],"collection":[{"href":"https:\/\/svetslik.si\/it\/wp-json\/wp\/v2\/product"}],"about":[{"href":"https:\/\/svetslik.si\/it\/wp-json\/wp\/v2\/types\/product"}],"wp:featuredmedia":[{"embeddable":true,"href":"https:\/\/svetslik.si\/it\/wp-json\/wp\/v2\/media\/37229"}],"wp:attachment":[{"href":"https:\/\/svetslik.si\/it\/wp-json\/wp\/v2\/media?parent=47941"}],"wp:term":[{"taxonomy":"product_brand","embeddable":true,"href":"https:\/\/svetslik.si\/it\/wp-json\/wp\/v2\/product_brand?post=47941"},{"taxonomy":"product_cat","embeddable":true,"href":"https:\/\/svetslik.si\/it\/wp-json\/wp\/v2\/product_cat?post=47941"},{"taxonomy":"product_tag","embeddable":true,"href":"https:\/\/svetslik.si\/it\/wp-json\/wp\/v2\/product_tag?post=47941"}],"curies":[{"name":"wp","href":"https:\/\/api.w.org\/{rel}","templated":true}]}}