{"id":95188,"date":"2023-06-30T11:31:57","date_gmt":"2023-06-30T09:31:57","guid":{"rendered":"https:\/\/svetslik.si\/senza-categoria\/gustav-klimt-lady-with-a-fan\/"},"modified":"2026-03-22T15:15:49","modified_gmt":"2026-03-22T14:15:49","slug":"gustav-klimt-lady-with-a-fan","status":"publish","type":"product","link":"https:\/\/svetslik.si\/it\/gustav-klimt\/gustav-klimt-lady-with-a-fan\/","title":{"rendered":"Gustav Klimt &#8211; Lady With a Fan"},"content":{"rendered":"<div class=\"wpb-content-wrapper\">[vc_row][vc_column][vc_column_text css=\u201d\u201d]\n<p data-pm-slice=\"1 1 []\"><div class=\"yt-lazy-video ratio-square\" data-id=\"MAgKfJ81Gl4\"><\/div>\n[\/vc_column][\/vc_row][vc_row css=\u201d.vc_custom_1691766659237{margin-bottom: 10px !important;}\u201d][vc_column]\t<div class=\"et-image-198 et-image     et_image_link\">\n\t\t<div class=\"et-image-inner \">\n\t\t\t\t\t\t\t<div class=\"et-image-thumb \">\n\t\t\t\t\t<img decoding=\"async\" width=\"1000\" height=\"899\" src=\"https:\/\/svetslik.si\/wp-content\/uploads\/2023\/06\/Gustav-Klimt-\u2013-Lady-With-a-Fan1.jpg\" class=\"attachment-full\" alt=\"Gustav Klimt \u2013 Lady With a Fan\" title=\"Gustav-Klimt-\u2013-Lady-With-a-Fan1\" srcset=\"https:\/\/svetslik.si\/wp-content\/uploads\/2023\/06\/Gustav-Klimt-\u2013-Lady-With-a-Fan1.jpg 1000w, https:\/\/svetslik.si\/wp-content\/uploads\/2023\/06\/Gustav-Klimt-\u2013-Lady-With-a-Fan1-600x539.jpg 600w, https:\/\/svetslik.si\/wp-content\/uploads\/2023\/06\/Gustav-Klimt-\u2013-Lady-With-a-Fan1-300x270.jpg 300w, https:\/\/svetslik.si\/wp-content\/uploads\/2023\/06\/Gustav-Klimt-\u2013-Lady-With-a-Fan1-768x690.jpg 768w, https:\/\/svetslik.si\/wp-content\/uploads\/2023\/06\/Gustav-Klimt-\u2013-Lady-With-a-Fan1-150x135.jpg 150w, https:\/\/svetslik.si\/wp-content\/uploads\/2023\/06\/Gustav-Klimt-\u2013-Lady-With-a-Fan1-900x809.jpg 900w\" sizes=\"(max-width: 1000px) 100vw, 1000px\" \/>\t\t\t\t<\/div>\n\t\t\t\t\t\t\t\t\t\t\t<\/div>\n\t<\/div>\n  [\/vc_column][\/vc_row][vc_row css=\u201d.vc_custom_1691766659237{margin-bottom: 10px !important;}\u201d][vc_column]\t<div class=\"et-image-106 et-image     et_image_link\">\n\t\t<div class=\"et-image-inner \">\n\t\t\t\t\t\t\t<div class=\"et-image-thumb \">\n\t\t\t\t\t<img decoding=\"async\" width=\"837\" height=\"1000\" src=\"https:\/\/svetslik.si\/wp-content\/uploads\/2023\/06\/Gustav-Klimt-\u2013-Lady-With-a-Fan.jpg\" class=\"attachment-full\" alt=\"Gustav Klimt \u2013 Lady With a Fan\" title=\"Gustav-Klimt-\u2013-Lady-With-a-Fan\" srcset=\"https:\/\/svetslik.si\/wp-content\/uploads\/2023\/06\/Gustav-Klimt-\u2013-Lady-With-a-Fan.jpg 837w, https:\/\/svetslik.si\/wp-content\/uploads\/2023\/06\/Gustav-Klimt-\u2013-Lady-With-a-Fan-600x717.jpg 600w, https:\/\/svetslik.si\/wp-content\/uploads\/2023\/06\/Gustav-Klimt-\u2013-Lady-With-a-Fan-251x300.jpg 251w, https:\/\/svetslik.si\/wp-content\/uploads\/2023\/06\/Gustav-Klimt-\u2013-Lady-With-a-Fan-768x918.jpg 768w, https:\/\/svetslik.si\/wp-content\/uploads\/2023\/06\/Gustav-Klimt-\u2013-Lady-With-a-Fan-126x150.jpg 126w\" sizes=\"(max-width: 837px) 100vw, 837px\" \/>\t\t\t\t<\/div>\n\t\t\t\t\t\t\t\t\t\t\t<\/div>\n\t<\/div>\n  [\/vc_column][\/vc_row][vc_row][vc_column][vc_column_text]\n<h1>Gustav Klimt \u2013 Dama con ventaglio<\/h1>\n<p>\u201cLa signora con ventaglio\u201d di Gustav Klimt \u00e8 un capolavoro che incarna la straordinaria capacit\u00e0 dell\u2019artista di catturare con le sue pennellate l\u2019essenza della femminilit\u00e0. Dipinta durante la sua \u201cfase d\u2019oro\u201d nel 1917-1918, quest\u2019opera d\u2019arte rappresenta lo stile distintivo di Klimt, caratterizzato da intricati motivi, dettagli decorativi e un\u2019armoniosa miscela di colori. Con i suoi argomenti accattivanti e il simbolismo accattivante, \u201cLa signora con il ventaglio\u201d rimane una testimonianza duratura del genio artistico di Klimt.<\/p>\n<p>\u201cLa signora con il ventaglio\u201d raffigura una donna misteriosa che attira lo spettatore con uno sguardo diretto. Tiene in mano un ventaglio delicato ed emana un\u2019aria di mistero e intrighi. La rappresentazione di Klimt dei suoi lineamenti gentili e aggraziati evoca un senso di serenit\u00e0 e introspezione. Il volto parzialmente oscurato dietro il ventaglio aggiunge profondit\u00e0 alla sua personalit\u00e0 e invita lo spettatore a contemplare le emozioni e i pensieri nascosti dentro di lei.<\/p>\n<p>La meticolosa attenzione ai dettagli di Klimt e la sua propensione per i motivi decorativi sono evidenti in \u201cLady with a Fan\u201d. Il dipinto ha un ricco sfondo dorato decorato con intricati motivi geometrici che esaltano l\u2019opulenza e la grandiosit\u00e0 dell\u2019opera d\u2019arte. Questa meticolosa lavorazione artigianale attira lo spettatore in un mondo di bellezza decorativa e migliora il fascino senza tempo del dipinto.<\/p>\n<h2>Simbolismo e sensualit\u00e0<\/h2>\n<p>La sensualit\u00e0 \u00e8 un segno distintivo del lavoro di Klimt e \u201cLady with a Fan\u201d non fa eccezione. Il ventaglio stesso ha un significato simbolico, spesso associato a mistero, seduzione e attrazione. Agisce come una barriera visiva tra lo spettatore e la signora, invitandoci a esplorare le profondit\u00e0 nascoste della sua personalit\u00e0. La capacit\u00e0 di Klimt di evocare intense emozioni con le sue pennellate \u00e8 particolarmente sorprendente in questo dipinto, poich\u00e9 lo sguardo femminile e il volto velato aumentano l\u2019aria di mistero.<\/p>\n<h3>Colore e composizione<\/h3>\n<p>La tavolozza dei colori \u201cLady with a Fan\u201d \u00e8 un mix armonioso di toni caldi dominati dall\u2019oro, dall\u2019ocra e da varie sfumature di marrone. Questi colori creano un arazzo visivamente accattivante che avvolge il soggetto e richiama l\u2019attenzione sulla sua posizione centrale nella composizione. L\u2019uso di linee fluide e forme geometriche da parte di Klimt aggiunge movimento e ritmo al dipinto, migliorando ulteriormente il suo fascino visivo.<\/p>\n<h3>Eredit\u00e0 e influenza<\/h3>\n<p>La \u201cSignora con ventaglio\u201d di Gustav Klimt continua a ispirare e ad affascinare gli appassionati d\u2019arte di tutto il mondo. Il suo sfoggio di eleganza e sensualit\u00e0 trascende il tempo, rendendolo un simbolo di bellezza senza tempo. L\u2019influenza del dipinto \u00e8 evidente nell\u2019arte contemporanea, poich\u00e9 lo stile unico e l\u2019attenzione ai dettagli di Klimt continuano a ispirare e risuonare con artisti di tutto il mondo.<\/p>\n<p>\u00a0<\/p>\n<p>\u201cLady with a Fan\u201d di Gustav Klimt \u00e8 una testimonianza della capacit\u00e0 dell\u2019artista di catturare la complessit\u00e0 e il fascino della forma umana. Con motivi intricati, una ricca tavolozza di colori e rappresentazioni simboliche, Klimt invita gli spettatori a immergersi in un mondo di eleganza e sensualit\u00e0. Questo dipinto rimane un capolavoro duraturo, cementando l\u2019eredit\u00e0 di Klimt come artista visionario e lasciando un segno indelebile nel mondo dell\u2019arte.[\/vc_column_text][\/vc_column][\/vc_row]\n<\/div>","protected":false},"excerpt":{"rendered":"<p>[vc_row][vc_column][vc_column_text css=\u201d\u201d] [\/vc_column][\/vc_row][vc_row css=\u201d.vc_custom_1691766659237{margin-bottom: 10px !important;}\u201d][vc_column][\/vc_column][\/vc_row][vc_row css=\u201d.vc_custom_1691766659237{margin-bottom: 10px !important;}\u201d][vc_column][\/vc_column][\/vc_row][vc_row][vc_column][vc_column_text] Gustav Klimt \u2013 Dama con ventaglio \u201cLa signora con ventaglio\u201d di Gustav Klimt \u00e8 un capolavoro che incarna la straordinaria capacit\u00e0 dell\u2019artista di catturare con le sue pennellate l\u2019essenza della femminilit\u00e0. Dipinta durante la sua \u201cfase d\u2019oro\u201d nel 1917-1918, quest\u2019opera d\u2019arte [&hellip;]<\/p>\n","protected":false},"featured_media":92303,"template":"","meta":{"_acf_changed":false},"product_brand":[],"product_cat":[4182],"product_tag":[4220,4224,4245,4246,4253],"class_list":{"0":"post-95188","1":"product","2":"type-product","3":"status-publish","4":"has-post-thumbnail","6":"product_cat-gustav-klimt","7":"product_tag-gustav-klimt-it","8":"product_tag-klimt-it","9":"product_tag-riproduzione","10":"product_tag-riproduzione-it","11":"product_tag-un-pittore","12":"pa_dimenzija-100-x-100-cm","13":"pa_dimenzija-120-x-120-cm","14":"pa_dimenzija-138-x-138-cm","15":"pa_dimenzija-150-x-150-cm","16":"pa_dimenzija-50-x-50-cm","17":"pa_dimenzija-60-x-60-cm","18":"pa_dimenzija-80-x-80-cm","19":"pa_dimenzija-90-x-90-cm","20":"pa_oblika-quadrata","21":"pa_okvir-sensa-cornice","22":"pa_podokvir-no","23":"pa_podokvir-si","25":"first","26":"onbackorder","27":"purchasable","28":"product-type-variable","29":"has-default-attributes"},"acf":[],"yoast_head":"<!-- This site is optimized with the Yoast SEO Premium plugin v26.0 (Yoast SEO v27.2) - https:\/\/yoast.com\/product\/yoast-seo-premium-wordpress\/ -->\n<title>Gustav Klimt - Lady With a Fan - SVETSLIK.SI - Dipinto al 100% fatto a mano<\/title>\n<meta name=\"description\" content=\"Gustav Klimt - Lady With a Fan - Riproduzioni di quadri d&#039;arte al 100% dipinti a mano su tela. Cornici per quadri, vendita e realizzazione di dimensioni su ordinazione.\" \/>\n<meta name=\"robots\" content=\"index, follow, max-snippet:-1, max-image-preview:large, max-video-preview:-1\" \/>\n<link rel=\"canonical\" href=\"https:\/\/svetslik.si\/it\/gustav-klimt\/gustav-klimt-lady-with-a-fan\/\" \/>\n<meta property=\"og:locale\" content=\"it_IT\" \/>\n<meta property=\"og:type\" content=\"article\" \/>\n<meta property=\"og:title\" content=\"Gustav Klimt - Lady With a Fan\" \/>\n<meta property=\"og:description\" content=\"100% ro\u010dno naslikane slike na platnu, reprodukcije znanih slikarjev in umetni\u0161ke slike po naro\u010dilu.\" \/>\n<meta property=\"og:url\" content=\"https:\/\/svetslik.si\/it\/gustav-klimt\/gustav-klimt-lady-with-a-fan\/\" \/>\n<meta property=\"og:site_name\" content=\"SVETSLIK.SI\" \/>\n<meta property=\"article:publisher\" content=\"https:\/\/www.facebook.com\/svetslik.si\" \/>\n<meta property=\"article:modified_time\" content=\"2026-03-22T14:15:49+00:00\" \/>\n<meta property=\"og:image\" content=\"https:\/\/svetslik.si\/wp-content\/uploads\/2023\/06\/Lady-with-Fan-Gustav-Klimt-1024x1022.jpg\" \/>\n\t<meta property=\"og:image:width\" content=\"1024\" \/>\n\t<meta property=\"og:image:height\" content=\"1022\" \/>\n\t<meta property=\"og:image:type\" content=\"image\/jpeg\" \/>\n<meta name=\"twitter:card\" content=\"summary_large_image\" \/>\n<meta name=\"twitter:site\" content=\"@svetslik\" \/>\n<meta name=\"twitter:label1\" content=\"Disponibilit\u00e0\" \/>\n\t<meta name=\"twitter:data1\" content=\"Su ordinazione\" \/>\n<script type=\"application\/ld+json\" class=\"yoast-schema-graph\">{\"@context\":\"https:\/\/schema.org\",\"@graph\":[{\"@type\":[\"WebPage\",\"ItemPage\"],\"@id\":\"https:\/\/svetslik.si\/it\/gustav-klimt\/gustav-klimt-lady-with-a-fan\/\",\"url\":\"https:\/\/svetslik.si\/it\/gustav-klimt\/gustav-klimt-lady-with-a-fan\/\",\"name\":\"Gustav Klimt - Lady With a Fan - SVETSLIK.SI - Dipinto al 100% fatto a mano\",\"isPartOf\":{\"@id\":\"https:\/\/svetslik.si\/it\/#website\"},\"primaryImageOfPage\":{\"@id\":\"https:\/\/svetslik.si\/it\/gustav-klimt\/gustav-klimt-lady-with-a-fan\/#primaryimage\"},\"image\":{\"@id\":\"https:\/\/svetslik.si\/it\/gustav-klimt\/gustav-klimt-lady-with-a-fan\/#primaryimage\"},\"thumbnailUrl\":\"https:\/\/svetslik.si\/wp-content\/uploads\/2023\/06\/Lady-with-Fan-Gustav-Klimt.jpg\",\"datePublished\":\"2023-06-30T09:31:57+00:00\",\"dateModified\":\"2026-03-22T14:15:49+00:00\",\"description\":\"Gustav Klimt - Lady With a Fan - Riproduzioni di quadri d'arte al 100% dipinti a mano su tela. Cornici per quadri, vendita e realizzazione di dimensioni su ordinazione.\",\"breadcrumb\":{\"@id\":\"https:\/\/svetslik.si\/it\/gustav-klimt\/gustav-klimt-lady-with-a-fan\/#breadcrumb\"},\"inLanguage\":\"it-IT\",\"potentialAction\":[{\"@type\":\"ReadAction\",\"target\":[\"https:\/\/svetslik.si\/it\/gustav-klimt\/gustav-klimt-lady-with-a-fan\/\"]}]},{\"@type\":\"ImageObject\",\"inLanguage\":\"it-IT\",\"@id\":\"https:\/\/svetslik.si\/it\/gustav-klimt\/gustav-klimt-lady-with-a-fan\/#primaryimage\",\"url\":\"https:\/\/svetslik.si\/wp-content\/uploads\/2023\/06\/Lady-with-Fan-Gustav-Klimt.jpg\",\"contentUrl\":\"https:\/\/svetslik.si\/wp-content\/uploads\/2023\/06\/Lady-with-Fan-Gustav-Klimt.jpg\",\"width\":1500,\"height\":1497,\"caption\":\"Dama con ventaglio di Gustav Klimt\"},{\"@type\":\"BreadcrumbList\",\"@id\":\"https:\/\/svetslik.si\/it\/gustav-klimt\/gustav-klimt-lady-with-a-fan\/#breadcrumb\",\"itemListElement\":[{\"@type\":\"ListItem\",\"position\":1,\"name\":\"Fali m\u0171v\u00e9szet \u00e9s festm\u00e9nyek v\u00e1szonra\",\"item\":\"https:\/\/svetslik.si\/it\/\"},{\"@type\":\"ListItem\",\"position\":2,\"name\":\"Vendita di dipinti\",\"item\":\"https:\/\/svetslik.si\/prodaja-slik\/\"},{\"@type\":\"ListItem\",\"position\":3,\"name\":\"Gustav Klimt &#8211; Lady With a Fan\"}]},{\"@type\":\"WebSite\",\"@id\":\"https:\/\/svetslik.si\/it\/#website\",\"url\":\"https:\/\/svetslik.si\/it\/\",\"name\":\"SVETSLIK.SI\",\"description\":\"100% riproduzioni dipinte a mano di quadri di pittori famosi e dipinti su tela.\",\"publisher\":{\"@id\":\"https:\/\/svetslik.si\/it\/#organization\"},\"potentialAction\":[{\"@type\":\"SearchAction\",\"target\":{\"@type\":\"EntryPoint\",\"urlTemplate\":\"https:\/\/svetslik.si\/it\/?s={search_term_string}\"},\"query-input\":{\"@type\":\"PropertyValueSpecification\",\"valueRequired\":true,\"valueName\":\"search_term_string\"}}],\"inLanguage\":\"it-IT\"},{\"@type\":\"Organization\",\"@id\":\"https:\/\/svetslik.si\/it\/#organization\",\"name\":\"SvetSlik.si\",\"url\":\"https:\/\/svetslik.si\/it\/\",\"logo\":{\"@type\":\"ImageObject\",\"inLanguage\":\"it-IT\",\"@id\":\"https:\/\/svetslik.si\/it\/#\/schema\/logo\/image\/\",\"url\":\"https:\/\/svetslik.si\/wp-content\/uploads\/2020\/12\/logo-512.png\",\"contentUrl\":\"https:\/\/svetslik.si\/wp-content\/uploads\/2020\/12\/logo-512.png\",\"width\":512,\"height\":512,\"caption\":\"SvetSlik.si\"},\"image\":{\"@id\":\"https:\/\/svetslik.si\/it\/#\/schema\/logo\/image\/\"},\"sameAs\":[\"https:\/\/www.facebook.com\/svetslik.si\",\"https:\/\/x.com\/svetslik\",\"https:\/\/www.instagram.com\/svetslik.si\/\",\"https:\/\/www.linkedin.com\/company\/svetslik-si\"]}]}<\/script>\n<meta property=\"og:availability\" content=\"backorder\" \/>\n<meta property=\"product:availability\" content=\"available for order\" \/>\n<meta property=\"product:retailer_item_id\" content=\"22__-2\" \/>\n<meta property=\"product:condition\" content=\"new\" \/>\n<!-- \/ Yoast SEO Premium plugin. -->","yoast_head_json":{"title":"Gustav Klimt - Lady With a Fan - SVETSLIK.SI - Dipinto al 100% fatto a mano","description":"Gustav Klimt - Lady With a Fan - Riproduzioni di quadri d'arte al 100% dipinti a mano su tela. Cornici per quadri, vendita e realizzazione di dimensioni su ordinazione.","robots":{"index":"index","follow":"follow","max-snippet":"max-snippet:-1","max-image-preview":"max-image-preview:large","max-video-preview":"max-video-preview:-1"},"canonical":"https:\/\/svetslik.si\/it\/gustav-klimt\/gustav-klimt-lady-with-a-fan\/","og_locale":"it_IT","og_type":"article","og_title":"Gustav Klimt - Lady With a Fan","og_description":"100% ro\u010dno naslikane slike na platnu, reprodukcije znanih slikarjev in umetni\u0161ke slike po naro\u010dilu.","og_url":"https:\/\/svetslik.si\/it\/gustav-klimt\/gustav-klimt-lady-with-a-fan\/","og_site_name":"SVETSLIK.SI","article_publisher":"https:\/\/www.facebook.com\/svetslik.si","article_modified_time":"2026-03-22T14:15:49+00:00","og_image":[{"width":1024,"height":1022,"url":"https:\/\/svetslik.si\/wp-content\/uploads\/2023\/06\/Lady-with-Fan-Gustav-Klimt-1024x1022.jpg","type":"image\/jpeg"}],"twitter_card":"summary_large_image","twitter_site":"@svetslik","twitter_misc":{"Disponibilit\u00e0":"Su ordinazione"},"schema":{"@context":"https:\/\/schema.org","@graph":[{"@type":["WebPage","ItemPage"],"@id":"https:\/\/svetslik.si\/it\/gustav-klimt\/gustav-klimt-lady-with-a-fan\/","url":"https:\/\/svetslik.si\/it\/gustav-klimt\/gustav-klimt-lady-with-a-fan\/","name":"Gustav Klimt - Lady With a Fan - SVETSLIK.SI - Dipinto al 100% fatto a mano","isPartOf":{"@id":"https:\/\/svetslik.si\/it\/#website"},"primaryImageOfPage":{"@id":"https:\/\/svetslik.si\/it\/gustav-klimt\/gustav-klimt-lady-with-a-fan\/#primaryimage"},"image":{"@id":"https:\/\/svetslik.si\/it\/gustav-klimt\/gustav-klimt-lady-with-a-fan\/#primaryimage"},"thumbnailUrl":"https:\/\/svetslik.si\/wp-content\/uploads\/2023\/06\/Lady-with-Fan-Gustav-Klimt.jpg","datePublished":"2023-06-30T09:31:57+00:00","dateModified":"2026-03-22T14:15:49+00:00","description":"Gustav Klimt - Lady With a Fan - Riproduzioni di quadri d'arte al 100% dipinti a mano su tela. Cornici per quadri, vendita e realizzazione di dimensioni su ordinazione.","breadcrumb":{"@id":"https:\/\/svetslik.si\/it\/gustav-klimt\/gustav-klimt-lady-with-a-fan\/#breadcrumb"},"inLanguage":"it-IT","potentialAction":[{"@type":"ReadAction","target":["https:\/\/svetslik.si\/it\/gustav-klimt\/gustav-klimt-lady-with-a-fan\/"]}]},{"@type":"ImageObject","inLanguage":"it-IT","@id":"https:\/\/svetslik.si\/it\/gustav-klimt\/gustav-klimt-lady-with-a-fan\/#primaryimage","url":"https:\/\/svetslik.si\/wp-content\/uploads\/2023\/06\/Lady-with-Fan-Gustav-Klimt.jpg","contentUrl":"https:\/\/svetslik.si\/wp-content\/uploads\/2023\/06\/Lady-with-Fan-Gustav-Klimt.jpg","width":1500,"height":1497,"caption":"Dama con ventaglio di Gustav Klimt"},{"@type":"BreadcrumbList","@id":"https:\/\/svetslik.si\/it\/gustav-klimt\/gustav-klimt-lady-with-a-fan\/#breadcrumb","itemListElement":[{"@type":"ListItem","position":1,"name":"Fali m\u0171v\u00e9szet \u00e9s festm\u00e9nyek v\u00e1szonra","item":"https:\/\/svetslik.si\/it\/"},{"@type":"ListItem","position":2,"name":"Vendita di dipinti","item":"https:\/\/svetslik.si\/prodaja-slik\/"},{"@type":"ListItem","position":3,"name":"Gustav Klimt &#8211; Lady With a Fan"}]},{"@type":"WebSite","@id":"https:\/\/svetslik.si\/it\/#website","url":"https:\/\/svetslik.si\/it\/","name":"SVETSLIK.SI","description":"100% riproduzioni dipinte a mano di quadri di pittori famosi e dipinti su tela.","publisher":{"@id":"https:\/\/svetslik.si\/it\/#organization"},"potentialAction":[{"@type":"SearchAction","target":{"@type":"EntryPoint","urlTemplate":"https:\/\/svetslik.si\/it\/?s={search_term_string}"},"query-input":{"@type":"PropertyValueSpecification","valueRequired":true,"valueName":"search_term_string"}}],"inLanguage":"it-IT"},{"@type":"Organization","@id":"https:\/\/svetslik.si\/it\/#organization","name":"SvetSlik.si","url":"https:\/\/svetslik.si\/it\/","logo":{"@type":"ImageObject","inLanguage":"it-IT","@id":"https:\/\/svetslik.si\/it\/#\/schema\/logo\/image\/","url":"https:\/\/svetslik.si\/wp-content\/uploads\/2020\/12\/logo-512.png","contentUrl":"https:\/\/svetslik.si\/wp-content\/uploads\/2020\/12\/logo-512.png","width":512,"height":512,"caption":"SvetSlik.si"},"image":{"@id":"https:\/\/svetslik.si\/it\/#\/schema\/logo\/image\/"},"sameAs":["https:\/\/www.facebook.com\/svetslik.si","https:\/\/x.com\/svetslik","https:\/\/www.instagram.com\/svetslik.si\/","https:\/\/www.linkedin.com\/company\/svetslik-si"]}]},"og_availability":"backorder","product_availability":"available for order","product_retailer_item_id":"22__-2","product_condition":"new"},"jetpack_sharing_enabled":true,"_links":{"self":[{"href":"https:\/\/svetslik.si\/it\/wp-json\/wp\/v2\/product\/95188","targetHints":{"allow":["GET"]}}],"collection":[{"href":"https:\/\/svetslik.si\/it\/wp-json\/wp\/v2\/product"}],"about":[{"href":"https:\/\/svetslik.si\/it\/wp-json\/wp\/v2\/types\/product"}],"wp:featuredmedia":[{"embeddable":true,"href":"https:\/\/svetslik.si\/it\/wp-json\/wp\/v2\/media\/92303"}],"wp:attachment":[{"href":"https:\/\/svetslik.si\/it\/wp-json\/wp\/v2\/media?parent=95188"}],"wp:term":[{"taxonomy":"product_brand","embeddable":true,"href":"https:\/\/svetslik.si\/it\/wp-json\/wp\/v2\/product_brand?post=95188"},{"taxonomy":"product_cat","embeddable":true,"href":"https:\/\/svetslik.si\/it\/wp-json\/wp\/v2\/product_cat?post=95188"},{"taxonomy":"product_tag","embeddable":true,"href":"https:\/\/svetslik.si\/it\/wp-json\/wp\/v2\/product_tag?post=95188"}],"curies":[{"name":"wp","href":"https:\/\/api.w.org\/{rel}","templated":true}]}}